{"id":250,"date":"2020-10-30T17:59:53","date_gmt":"2020-10-30T17:59:53","guid":{"rendered":"https:\/\/darwinia.standardof.net\/?page_id=250"},"modified":"2020-10-30T19:29:18","modified_gmt":"2020-10-30T19:29:18","slug":"temple","status":"publish","type":"page","link":"https:\/\/darwinia.standardof.net\/pt\/guide\/passo-a-passo-de-nivel\/tempora\/","title":{"rendered":"t\u00eampora"},"content":{"rendered":"<div class=\"wp-block-group\"><div class=\"wp-block-group__inner-container is-layout-flow wp-block-group-is-layout-flow\">\n<div style=\"height:20px\" aria-hidden=\"true\" class=\"wp-block-spacer\"><\/div>\n<\/div><\/div>\n\n\n\n<div class=\"wp-block-columns is-layout-flex wp-container-core-columns-is-layout-1 wp-block-columns-is-layout-flex\">\n<div class=\"wp-block-column is-layout-flow wp-block-column-is-layout-flow\">\n<p>O Templo \u00e9 o n\u00edvel final na linha da hist\u00f3ria principal de <em>Darwinia. <\/em>\u00c9 aqui que a verdade por tr\u00e1s da infec\u00e7\u00e3o pelo v\u00edrus \u00e9 descoberta. Acontece que o <strong><a href=\"https:\/\/darwinia.standardof.net\/pt\/guide\/unidades\/darwinianos\/\" class=\"rank-math-link\">Darwinianos<\/a> <\/strong>conseguiram realinhar a Porta Tronco aqui com o que eles pensaram ser o para\u00edso, mas na verdade era o computador de trabalho do Dr. Sep\u00falveda. O que aconteceu a seguir impactou sua sociedade para sempre, tendo baixado os dados da pesquisa do m\u00e9dico que continham todas as informa\u00e7\u00f5es sobre a exist\u00eancia dos darwinistas e como eles foram criados. No processo, eles conseguiram baixar 3 e-mails de spam contendo v\u00edrus desagrad\u00e1veis, que se materializaram no mundo de <em>Darwinia<\/em> no v\u00edrus que voc\u00ea tem lutado o tempo todo.<\/p>\n<\/div>\n\n\n\n<div class=\"wp-block-column is-layout-flow wp-block-column-is-layout-flow\">\n<figure class=\"wp-block-image size-large\"><a href=\"https:\/\/darwinia.standardof.net\/pt\/guide\/passo-a-passo-de-nivel\/tempora\/darwinia-level-11-temple-1\/\"><img decoding=\"async\" width=\"470\" height=\"294\" src=\"https:\/\/darwinia.standardof.net\/wp-content\/uploads\/sites\/7\/2020\/10\/Darwinia-Level-11-Temple-1.jpg\" alt=\"\" class=\"wp-image-158\" srcset=\"https:\/\/darwinia.standardof.net\/wp-content\/uploads\/sites\/7\/2020\/10\/Darwinia-Level-11-Temple-1.jpg 470w, https:\/\/darwinia.standardof.net\/wp-content\/uploads\/sites\/7\/2020\/10\/Darwinia-Level-11-Temple-1-200x125.jpg 200w, https:\/\/darwinia.standardof.net\/wp-content\/uploads\/sites\/7\/2020\/10\/Darwinia-Level-11-Temple-1-16x10.jpg 16w\" sizes=\"(max-width: 470px) 100vw, 470px\" \/><\/a><\/figure>\n<\/div>\n<\/div>\n\n\n\n<div class=\"wp-block-columns is-layout-flex wp-container-core-columns-is-layout-2 wp-block-columns-is-layout-flex\">\n<div class=\"wp-block-column is-layout-flow wp-block-column-is-layout-flow\">\n<p>Estes 3 <strong><a href=\"https:\/\/darwinia.standardof.net\/pt\/guide\/inimigos\/\" class=\"rank-math-link\">v\u00edrus<\/a> <\/strong>e-mails infectados s\u00e3o o objetivo principal do n\u00edvel do Templo, e todos os 3 devem ser destru\u00eddos para finalmente se livrar <em>Darwinia<\/em> da infec\u00e7\u00e3o. Cada e-mail fica em uma ilha e libera um ataque de v\u00edrus de vez em quando que mata os darwinistas e seus programas, ao mesmo tempo que espalha v\u00edrus adicionais. N\u00e3o h\u00e1 como evitar isso, ent\u00e3o espere que aconte\u00e7a em uma taxa regular.<\/p>\n<\/div>\n\n\n\n<div class=\"wp-block-column is-layout-flow wp-block-column-is-layout-flow\">\n<figure class=\"wp-block-image size-large\"><a href=\"https:\/\/darwinia.standardof.net\/pt\/guide\/passo-a-passo-de-nivel\/tempora\/darwinia-level-11-temple-2\/\"><img decoding=\"async\" width=\"470\" height=\"294\" src=\"https:\/\/darwinia.standardof.net\/wp-content\/uploads\/sites\/7\/2020\/10\/Darwinia-Level-11-Temple-2.jpg\" alt=\"\" class=\"wp-image-159\" srcset=\"https:\/\/darwinia.standardof.net\/wp-content\/uploads\/sites\/7\/2020\/10\/Darwinia-Level-11-Temple-2.jpg 470w, https:\/\/darwinia.standardof.net\/wp-content\/uploads\/sites\/7\/2020\/10\/Darwinia-Level-11-Temple-2-200x125.jpg 200w, https:\/\/darwinia.standardof.net\/wp-content\/uploads\/sites\/7\/2020\/10\/Darwinia-Level-11-Temple-2-16x10.jpg 16w\" sizes=\"(max-width: 470px) 100vw, 470px\" \/><\/a><\/figure>\n<\/div>\n<\/div>\n\n\n\n<div class=\"wp-block-columns is-layout-flex wp-container-core-columns-is-layout-3 wp-block-columns-is-layout-flex\">\n<div class=\"wp-block-column is-layout-flow wp-block-column-is-layout-flow\">\n<p>Um benef\u00edcio do Templo em rela\u00e7\u00e3o aos outros n\u00edveis \u00e9 que voc\u00ea pode capturar quase todos os <a href=\"https:\/\/darwinia.standardof.net\/pt\/guide\/edificios\/\" class=\"rank-math-link\"><strong>Torres de controle<\/strong><\/a> aqui, incluindo muitos <a href=\"https:\/\/darwinia.standardof.net\/pt\/guide\/edificios\/\" class=\"rank-math-link\"><strong>Pratos Radar<\/strong> <\/a>e a <a href=\"https:\/\/darwinia.standardof.net\/pt\/guide\/edificios\/\" class=\"rank-math-link\"><strong>Incubadoras<\/strong><\/a>. Fa\u00e7a isso primeiro com os Engineers para ter v\u00e1rias op\u00e7\u00f5es de ataque. As torres de controle defendidas por <strong><a href=\"https:\/\/darwinia.standardof.net\/pt\/guide\/inimigos\/aranha\/\" class=\"rank-math-link\">Aranhas<\/a> <\/strong>s\u00e3o f\u00e1ceis de capturar se voc\u00ea tiver v\u00e1rios <strong><a href=\"https:\/\/darwinia.standardof.net\/pt\/guide\/unidades\/engenheiro\/\" class=\"rank-math-link\">Engenheiros<\/a> <\/strong>com um ou dois se movendo como distra\u00e7\u00f5es. Voc\u00ea pode retirar o e-mail lateral localizado na ilha praticamente \u00e1rida, protegendo furtivamente o prato do radar e fazendo com que os esquadr\u00f5es usem <strong><a href=\"https:\/\/darwinia.standardof.net\/pt\/guide\/armas\/\" class=\"rank-math-link\">Ataques a\u00e9reos<\/a> <\/strong>ou outros explosivos. Os outros dois e-mails de spam s\u00e3o o darwiniano na ilha com vermelhos e o e-mail do Templo onde est\u00e1 a porta do tronco realinhada.<\/p>\n<\/div>\n\n\n\n<div class=\"wp-block-column is-layout-flow wp-block-column-is-layout-flow\">\n<figure class=\"wp-block-image size-large\"><a href=\"https:\/\/darwinia.standardof.net\/pt\/guide\/passo-a-passo-de-nivel\/tempora\/darwinia-level-11-temple-3\/\"><img decoding=\"async\" width=\"470\" height=\"294\" src=\"https:\/\/darwinia.standardof.net\/wp-content\/uploads\/sites\/7\/2020\/10\/Darwinia-Level-11-Temple-3.jpg\" alt=\"\" class=\"wp-image-160\" srcset=\"https:\/\/darwinia.standardof.net\/wp-content\/uploads\/sites\/7\/2020\/10\/Darwinia-Level-11-Temple-3.jpg 470w, https:\/\/darwinia.standardof.net\/wp-content\/uploads\/sites\/7\/2020\/10\/Darwinia-Level-11-Temple-3-200x125.jpg 200w, https:\/\/darwinia.standardof.net\/wp-content\/uploads\/sites\/7\/2020\/10\/Darwinia-Level-11-Temple-3-16x10.jpg 16w\" sizes=\"(max-width: 470px) 100vw, 470px\" \/><\/a><\/figure>\n<\/div>\n<\/div>\n\n\n\n<p>Use as incubadoras para gerar verduras para equipar os Spawners na ilha inicial para formar seu ex\u00e9rcito. Crie um grupo de torres e posicione-as com os darwinianos nas bordas da ilha do Templo para controlar a infec\u00e7\u00e3o viral l\u00e1, depois fa\u00e7a o acompanhamento com esquadr\u00f5es para entrar e lan\u00e7ar sinalizadores de ataque a\u00e9reo no e-mail aqui para elimin\u00e1-los.<\/p>\n\n\n\n<div class=\"wp-block-columns is-layout-flex wp-container-core-columns-is-layout-4 wp-block-columns-is-layout-flex\">\n<div class=\"wp-block-column is-layout-flow wp-block-column-is-layout-flow\">\n<p>Finalmente, voc\u00ea vai querer mover-se contra a ilha vermelha de Darwin para retirar o \u00faltimo e-mail aqui. Voc\u00ea pode usar uma invas\u00e3o maci\u00e7a de greens para cobrir um grupo insurgente de esquadr\u00f5es para invadir e soltar sinalizadores de ataque a\u00e9reo no e-mail. Tente evitar ou derrubar a torre aqui ao fazer isso, pois ela destruir\u00e1 suas unidades se n\u00e3o for tratada rapidamente. Tente evitar o uso de torres nesta ilha, a menos que seu objetivo seja capturar os Spawners, pois os vermelhos podem peg\u00e1-las e us\u00e1-las contra voc\u00ea. Assim que todos os 3 e-mails forem enviados, voc\u00ea receber\u00e1 um R&amp;R por seus esfor\u00e7os em salvar o Darwin Simulated Life Research Project.<\/p>\n<\/div>\n\n\n\n<div class=\"wp-block-column is-layout-flow wp-block-column-is-layout-flow\">\n<figure class=\"wp-block-image size-large\"><a href=\"https:\/\/darwinia.standardof.net\/pt\/guide\/passo-a-passo-de-nivel\/tempora\/darwinia-level-11-temple-4\/\"><img decoding=\"async\" width=\"470\" height=\"294\" src=\"https:\/\/darwinia.standardof.net\/wp-content\/uploads\/sites\/7\/2020\/10\/Darwinia-Level-11-Temple-4.jpg\" alt=\"\" class=\"wp-image-161\" srcset=\"https:\/\/darwinia.standardof.net\/wp-content\/uploads\/sites\/7\/2020\/10\/Darwinia-Level-11-Temple-4.jpg 470w, https:\/\/darwinia.standardof.net\/wp-content\/uploads\/sites\/7\/2020\/10\/Darwinia-Level-11-Temple-4-200x125.jpg 200w, https:\/\/darwinia.standardof.net\/wp-content\/uploads\/sites\/7\/2020\/10\/Darwinia-Level-11-Temple-4-16x10.jpg 16w\" sizes=\"(max-width: 470px) 100vw, 470px\" \/><\/a><\/figure>\n<\/div>\n<\/div>\n\n\n\n<h3 class=\"wp-block-heading\">Temple - Darwinia Video Walkthrough<\/h3>\n\n\n\n<figure class=\"wp-block-embed-youtube wp-block-embed is-type-video is-provider-youtube wp-embed-aspect-16-9 wp-has-aspect-ratio\"><div class=\"wp-block-embed__wrapper\">\n<div class=\"ast-oembed-container\" style=\"height: 100%;\"><iframe title=\"Darwinia - Templo - Passo a passo de n\u00edvel completo\" width=\"500\" height=\"281\" src=\"https:\/\/www.youtube.com\/embed\/spLZMzykvWo?feature=oembed\" frameborder=\"0\" allow=\"accelerometer; autoplay; clipboard-write; encrypted-media; gyroscope; picture-in-picture; web-share\" referrerpolicy=\"strict-origin-when-cross-origin\" allowfullscreen><\/iframe><\/div>\n<\/div><\/figure>\n\n\n\n<div class=\"wp-block-buttons is-layout-flex wp-block-buttons-is-layout-flex\">\n<div class=\"wp-block-button is-style-outline\"><a class=\"wp-block-button__link\" href=\"https:\/\/darwinia.standardof.net\/pt\/guide\/passo-a-passo-de-nivel\/biosfera\/\">N\u00edvel Anterior: Biosfera<\/a><\/div>\n<\/div>","protected":false},"excerpt":{"rendered":"<p>The Temple is the final level in the main story line of Darwinia. It is here that the truth behind the virus infection is uncovered. As it turns out, the Darwinians managed to realign the Trunk Port here to what they thought was Heaven, but was actually Doctor Sepulveda&#8217;s work computer. What happened next impacted [&hellip;]<\/p>","protected":false},"author":1,"featured_media":159,"parent":229,"menu_order":11,"comment_status":"open","ping_status":"closed","template":"","meta":{"_uag_custom_page_level_css":"","site-sidebar-layout":"default","site-content-layout":"default","ast-site-content-layout":"","site-content-style":"default","site-sidebar-style":"default","ast-global-header-display":"","ast-banner-title-visibility":"","ast-main-header-display":"","ast-hfb-above-header-display":"","ast-hfb-below-header-display":"","ast-hfb-mobile-header-display":"","site-post-title":"","ast-breadcrumbs-content":"","ast-featured-img":"","footer-sml-layout":"","theme-transparent-header-meta":"default","adv-header-id-meta":"","stick-header-meta":"","header-above-stick-meta":"","header-main-stick-meta":"","header-below-stick-meta":"","astra-migrate-meta-layouts":"default","ast-page-background-enabled":"default","ast-page-background-meta":{"desktop":{"background-color":"","background-image":"","background-repeat":"repeat","background-position":"center center","background-size":"auto","background-attachment":"scroll","background-type":"","background-media":"","overlay-type":"","overlay-color":"","overlay-gradient":""},"tablet":{"background-color":"","background-image":"","background-repeat":"repeat","background-position":"center center","background-size":"auto","background-attachment":"scroll","background-type":"","background-media":"","overlay-type":"","overlay-color":"","overlay-gradient":""},"mobile":{"background-color":"","background-image":"","background-repeat":"repeat","background-position":"center center","background-size":"auto","background-attachment":"scroll","background-type":"","background-media":"","overlay-type":"","overlay-color":"","overlay-gradient":""}},"ast-content-background-meta":{"desktop":{"background-color":"var(--ast-global-color-5)","background-image":"","background-repeat":"repeat","background-position":"center center","background-size":"auto","background-attachment":"scroll","background-type":"","background-media":"","overlay-type":"","overlay-color":"","overlay-gradient":""},"tablet":{"background-color":"var(--ast-global-color-5)","background-image":"","background-repeat":"repeat","background-position":"center center","background-size":"auto","background-attachment":"scroll","background-type":"","background-media":"","overlay-type":"","overlay-color":"","overlay-gradient":""},"mobile":{"background-color":"var(--ast-global-color-5)","background-image":"","background-repeat":"repeat","background-position":"center center","background-size":"auto","background-attachment":"scroll","background-type":"","background-media":"","overlay-type":"","overlay-color":"","overlay-gradient":""}},"footnotes":""},"uagb_featured_image_src":{"full":["https:\/\/darwinia.standardof.net\/wp-content\/uploads\/sites\/7\/2020\/10\/Darwinia-Level-11-Temple-2.jpg",470,294,false],"thumbnail":["https:\/\/darwinia.standardof.net\/wp-content\/uploads\/sites\/7\/2020\/10\/Darwinia-Level-11-Temple-2-200x125.jpg",200,125,true],"medium":["https:\/\/darwinia.standardof.net\/wp-content\/uploads\/sites\/7\/2020\/10\/Darwinia-Level-11-Temple-2.jpg",470,294,false],"medium_large":["https:\/\/darwinia.standardof.net\/wp-content\/uploads\/sites\/7\/2020\/10\/Darwinia-Level-11-Temple-2.jpg",470,294,false],"large":["https:\/\/darwinia.standardof.net\/wp-content\/uploads\/sites\/7\/2020\/10\/Darwinia-Level-11-Temple-2.jpg",470,294,false],"1536x1536":["https:\/\/darwinia.standardof.net\/wp-content\/uploads\/sites\/7\/2020\/10\/Darwinia-Level-11-Temple-2.jpg",470,294,false],"2048x2048":["https:\/\/darwinia.standardof.net\/wp-content\/uploads\/sites\/7\/2020\/10\/Darwinia-Level-11-Temple-2.jpg",470,294,false],"trp-custom-language-flag":["https:\/\/darwinia.standardof.net\/wp-content\/uploads\/sites\/7\/2020\/10\/Darwinia-Level-11-Temple-2-16x10.jpg",16,10,true]},"uagb_author_info":{"display_name":"SOE","author_link":"https:\/\/darwinia.standardof.net\/pt\/author\/k-tastic\/"},"uagb_comment_info":0,"uagb_excerpt":"The Temple is the final level in the main story line of Darwinia. It is here that the truth behind the virus infection is uncovered. As it turns out, the Darwinians managed to realign the Trunk Port here to what they thought was Heaven, but was actually Doctor Sepulveda&#8217;s work computer. What happened next impacted&hellip;","_links":{"self":[{"href":"https:\/\/darwinia.standardof.net\/pt\/wp-json\/wp\/v2\/pages\/250"}],"collection":[{"href":"https:\/\/darwinia.standardof.net\/pt\/wp-json\/wp\/v2\/pages"}],"about":[{"href":"https:\/\/darwinia.standardof.net\/pt\/wp-json\/wp\/v2\/types\/page"}],"author":[{"embeddable":true,"href":"https:\/\/darwinia.standardof.net\/pt\/wp-json\/wp\/v2\/users\/1"}],"replies":[{"embeddable":true,"href":"https:\/\/darwinia.standardof.net\/pt\/wp-json\/wp\/v2\/comments?post=250"}],"version-history":[{"count":0,"href":"https:\/\/darwinia.standardof.net\/pt\/wp-json\/wp\/v2\/pages\/250\/revisions"}],"up":[{"embeddable":true,"href":"https:\/\/darwinia.standardof.net\/pt\/wp-json\/wp\/v2\/pages\/229"}],"wp:featuredmedia":[{"embeddable":true,"href":"https:\/\/darwinia.standardof.net\/pt\/wp-json\/wp\/v2\/media\/159"}],"wp:attachment":[{"href":"https:\/\/darwinia.standardof.net\/pt\/wp-json\/wp\/v2\/media?parent=250"}],"curies":[{"name":"wp","href":"https:\/\/api.w.org\/{rel}","templated":true}]}}