{"id":249,"date":"2020-10-30T17:59:35","date_gmt":"2020-10-30T17:59:35","guid":{"rendered":"https:\/\/darwinia.standardof.net\/?page_id=249"},"modified":"2020-10-30T19:07:57","modified_gmt":"2020-10-30T19:07:57","slug":"biosphere","status":"publish","type":"page","link":"https:\/\/darwinia.standardof.net\/pt\/guide\/passo-a-passo-de-nivel\/biosfera\/","title":{"rendered":"Biosfera"},"content":{"rendered":"<div class=\"wp-block-group\"><div class=\"wp-block-group__inner-container is-layout-flow wp-block-group-is-layout-flow\">\n<div style=\"height:20px\" aria-hidden=\"true\" class=\"wp-block-spacer\"><\/div>\n<\/div><\/div>\n\n\n\n<div class=\"wp-block-columns is-layout-flex wp-container-core-columns-is-layout-1 wp-block-columns-is-layout-flex\">\n<div class=\"wp-block-column is-layout-flow wp-block-column-is-layout-flow\">\n<p>O n\u00edvel da Biosfera \u00e9 o pen\u00faltimo n\u00edvel em <em>Darwinia<\/em>. Esta \u00e9 a instala\u00e7\u00e3o onde as almas do <strong><a href=\"https:\/\/darwinia.standardof.net\/pt\/guide\/passo-a-passo-de-nivel\/receptor\/\" class=\"rank-math-link\">Receptor<\/a> <\/strong>e os dados que governam a forma f\u00edsica b\u00e1sica dos darwinianos s\u00e3o combinados para gerar novos darwinianos nos v\u00e1rios pontos de desova localizados ao longo deste n\u00edvel. Esses edif\u00edcios substituem as Incubadoras, dando um fluxo constante de novas unidades sem a necessidade de Engenheiros para coletar as almas. Voc\u00eas s\u00e3o os \u00fanicos objetivos na Biosfera <em>Darwinia<\/em> n\u00edvel \u00e9 eliminar o ex\u00e9rcito vermelho e habilitar a porta de tronco para o <a href=\"https:\/\/darwinia.standardof.net\/pt\/guide\/passo-a-passo-de-nivel\/tempora\/\" class=\"rank-math-link\">t\u00eampora<\/a> n\u00edvel.<\/p>\n<\/div>\n\n\n\n<div class=\"wp-block-column is-layout-flow wp-block-column-is-layout-flow\">\n<figure class=\"wp-block-image size-large\"><a href=\"https:\/\/darwinia.standardof.net\/pt\/guide\/passo-a-passo-de-nivel\/biosfera\/darwinia-level-10-biosphere-1\/\"><img decoding=\"async\" width=\"470\" height=\"294\" src=\"https:\/\/darwinia.standardof.net\/wp-content\/uploads\/sites\/7\/2020\/10\/Darwinia-Level-10-Biosphere-1.jpg\" alt=\"\" class=\"wp-image-153\" srcset=\"https:\/\/darwinia.standardof.net\/wp-content\/uploads\/sites\/7\/2020\/10\/Darwinia-Level-10-Biosphere-1.jpg 470w, https:\/\/darwinia.standardof.net\/wp-content\/uploads\/sites\/7\/2020\/10\/Darwinia-Level-10-Biosphere-1-200x125.jpg 200w, https:\/\/darwinia.standardof.net\/wp-content\/uploads\/sites\/7\/2020\/10\/Darwinia-Level-10-Biosphere-1-16x10.jpg 16w\" sizes=\"(max-width: 470px) 100vw, 470px\" \/><\/a><\/figure>\n<\/div>\n<\/div>\n\n\n\n<div class=\"wp-block-columns is-layout-flex wp-container-core-columns-is-layout-2 wp-block-columns-is-layout-flex\">\n<div class=\"wp-block-column is-layout-flow wp-block-column-is-layout-flow\">\n<p>Voc\u00ea come\u00e7ar\u00e1 a Biosfera em <em>Darwinia <\/em>na ilha com o padr\u00e3o Buffer Trunk Port e um pequeno grupo de verdes <a href=\"https:\/\/darwinia.standardof.net\/pt\/guide\/unidades\/darwinianos\/\" class=\"rank-math-link\"><strong>Darwinianos<\/strong><\/a>. J\u00e1 que n\u00e3o h\u00e1 Incubadores aqui para coletar almas para renascimento, voc\u00ea deve manter esses caras seguros at\u00e9 que eles possam guarnecer um dos Spawners. Crie esquadr\u00f5es e use seus melhores explosivos para limpar os vermelhos de um dos criadores ou, se quiser, pode tentar limpar a ilha inteira primeiro. De qualquer forma, certifique-se de que n\u00e3o haja mais Darwinianos vermelhos ao lado do spawner e envie seus verdes para captur\u00e1-lo enquanto voc\u00ea tem um <strong><a href=\"https:\/\/darwinia.standardof.net\/pt\/guide\/unidades\/pelotao\/\" class=\"rank-math-link\">Pelot\u00e3o<\/a> <\/strong>mantenha todos os grupos de vermelhos em contra-ataque \u00e0 dist\u00e2ncia, pois eles tentar\u00e3o retomar o controle. Se voc\u00ea perder para muitos greens, ter\u00e1 que reiniciar este n\u00edvel.<\/p>\n<\/div>\n\n\n\n<div class=\"wp-block-column is-layout-flow wp-block-column-is-layout-flow\">\n<figure class=\"wp-block-image size-large\"><a href=\"https:\/\/darwinia.standardof.net\/pt\/guide\/passo-a-passo-de-nivel\/biosfera\/darwinia-level-10-biosphere-2\/\"><img decoding=\"async\" width=\"470\" height=\"294\" src=\"https:\/\/darwinia.standardof.net\/wp-content\/uploads\/sites\/7\/2020\/10\/Darwinia-Level-10-Biosphere-2.jpg\" alt=\"\" class=\"wp-image-154\" srcset=\"https:\/\/darwinia.standardof.net\/wp-content\/uploads\/sites\/7\/2020\/10\/Darwinia-Level-10-Biosphere-2.jpg 470w, https:\/\/darwinia.standardof.net\/wp-content\/uploads\/sites\/7\/2020\/10\/Darwinia-Level-10-Biosphere-2-200x125.jpg 200w, https:\/\/darwinia.standardof.net\/wp-content\/uploads\/sites\/7\/2020\/10\/Darwinia-Level-10-Biosphere-2-16x10.jpg 16w\" sizes=\"(max-width: 470px) 100vw, 470px\" \/><\/a><\/figure>\n<\/div>\n<\/div>\n\n\n\n<p>Depois de capturar um Spawner, monte seu ex\u00e9rcito verde enquanto elimina o resto dos spawners com seus esquadr\u00f5es. Continue com os verdes para cuidar das instala\u00e7\u00f5es enquanto os vermelhos s\u00e3o eliminados at\u00e9 que toda a ilha esteja sob seu controle. Depois de estabelecer esse ponto de apoio, o resto da Biosfera se torna muito mais f\u00e1cil.<\/p>\n\n\n\n<div class=\"wp-block-columns is-layout-flex wp-container-core-columns-is-layout-3 wp-block-columns-is-layout-flex\">\n<div class=\"wp-block-column is-layout-flow wp-block-column-is-layout-flow\">\n<p>Duas etapas principais para obter sucesso neste n\u00edvel permanecem. Primeiro, e o mais demorado, \u00e9 come\u00e7ar a enviar todos os seus greens, n\u00e3o tripulando os Spawners, por meio de uma antena de radar para atacar as ilhas vizinhas. Isso tamb\u00e9m permite que voc\u00ea desova mais verdes, j\u00e1 que o n\u00famero que voc\u00ea pode ter de uma vez \u00e9 ditado por quantos est\u00e3o em cada ilha, assim, mover verdes da primeira ilha permite que voc\u00ea desova mais verdes e inundar as ilhas inimigas.<\/p>\n<\/div>\n\n\n\n<div class=\"wp-block-column is-layout-flow wp-block-column-is-layout-flow\">\n<figure class=\"wp-block-image size-large\"><a href=\"https:\/\/darwinia.standardof.net\/pt\/guide\/passo-a-passo-de-nivel\/biosfera\/darwinia-level-10-biosphere-3\/\"><img decoding=\"async\" width=\"470\" height=\"294\" src=\"https:\/\/darwinia.standardof.net\/wp-content\/uploads\/sites\/7\/2020\/10\/Darwinia-Level-10-Biosphere-3.jpg\" alt=\"\" class=\"wp-image-155\" srcset=\"https:\/\/darwinia.standardof.net\/wp-content\/uploads\/sites\/7\/2020\/10\/Darwinia-Level-10-Biosphere-3.jpg 470w, https:\/\/darwinia.standardof.net\/wp-content\/uploads\/sites\/7\/2020\/10\/Darwinia-Level-10-Biosphere-3-200x125.jpg 200w, https:\/\/darwinia.standardof.net\/wp-content\/uploads\/sites\/7\/2020\/10\/Darwinia-Level-10-Biosphere-3-16x10.jpg 16w\" sizes=\"(max-width: 470px) 100vw, 470px\" \/><\/a><\/figure>\n<\/div>\n<\/div>\n\n\n\n<div class=\"wp-block-columns is-layout-flex wp-container-core-columns-is-layout-4 wp-block-columns-is-layout-flex\">\n<div class=\"wp-block-column is-layout-flow wp-block-column-is-layout-flow\">\n<p>Ataque cada spawner um por um com o apoio de seus esquadr\u00f5es e use implantado <strong><a href=\"https:\/\/darwinia.standardof.net\/pt\/guide\/unidades\/armaduras\/\" class=\"rank-math-link\">torres<\/a> <\/strong>para defender suas posi\u00e7\u00f5es. Evite posicionar torres muito perto de grandes grupos de vermelhos, pois eles podem invadir a torre e vir\u00e1-la contra voc\u00ea. Quando voc\u00ea vir grupos de vermelhos sendo enviados para refor\u00e7ar ou retomar uma posi\u00e7\u00e3o, envie alguns esquadr\u00f5es ou outro grupo de verdes para intercept\u00e1-los. Use movimentos de pin\u00e7a e <strong><a href=\"https:\/\/darwinia.standardof.net\/pt\/guide\/armas\/\" class=\"rank-math-link\">granadas<\/a> <\/strong>sempre que poss\u00edvel, para faz\u00ea-los se espalhar e quebrar suas forma\u00e7\u00f5es.<\/p>\n<\/div>\n\n\n\n<div class=\"wp-block-column is-layout-flow wp-block-column-is-layout-flow\">\n<figure class=\"wp-block-image size-large\"><a href=\"https:\/\/darwinia.standardof.net\/pt\/guide\/passo-a-passo-de-nivel\/biosfera\/darwinia-level-10-biosphere-4\/\"><img decoding=\"async\" width=\"470\" height=\"294\" src=\"https:\/\/darwinia.standardof.net\/wp-content\/uploads\/sites\/7\/2020\/10\/Darwinia-Level-10-Biosphere-4.jpg\" alt=\"\" class=\"wp-image-156\" srcset=\"https:\/\/darwinia.standardof.net\/wp-content\/uploads\/sites\/7\/2020\/10\/Darwinia-Level-10-Biosphere-4.jpg 470w, https:\/\/darwinia.standardof.net\/wp-content\/uploads\/sites\/7\/2020\/10\/Darwinia-Level-10-Biosphere-4-200x125.jpg 200w, https:\/\/darwinia.standardof.net\/wp-content\/uploads\/sites\/7\/2020\/10\/Darwinia-Level-10-Biosphere-4-16x10.jpg 16w\" sizes=\"(max-width: 470px) 100vw, 470px\" \/><\/a><\/figure>\n<\/div>\n<\/div>\n\n\n\n<div class=\"wp-block-columns is-layout-flex wp-container-core-columns-is-layout-5 wp-block-columns-is-layout-flex\">\n<div class=\"wp-block-column is-layout-flow wp-block-column-is-layout-flow\">\n<p>Depois de limpar os vermelhos, envie 2-3 torres cheias de darwinianos para a ilha central para eliminar os v\u00edrus de l\u00e1, especialmente os <a href=\"https:\/\/darwinia.standardof.net\/pt\/guide\/inimigos\/destruidor-de-almas\/\" class=\"rank-math-link\"><strong>Destruidor de almas<\/strong><\/a>. Acompanhe um Engineer para capturar o Temple Trunk Port e o n\u00edvel Biosphere \u00e9 um envolt\u00f3rio.<\/p>\n<\/div>\n\n\n\n<div class=\"wp-block-column is-layout-flow wp-block-column-is-layout-flow\">\n<figure class=\"wp-block-image size-large\"><a href=\"https:\/\/darwinia.standardof.net\/pt\/guide\/passo-a-passo-de-nivel\/biosfera\/darwinia-level-10-biosphere-5\/\"><img decoding=\"async\" width=\"470\" height=\"294\" src=\"https:\/\/darwinia.standardof.net\/wp-content\/uploads\/sites\/7\/2020\/10\/Darwinia-Level-10-Biosphere-5.jpg\" alt=\"\" class=\"wp-image-157\" srcset=\"https:\/\/darwinia.standardof.net\/wp-content\/uploads\/sites\/7\/2020\/10\/Darwinia-Level-10-Biosphere-5.jpg 470w, https:\/\/darwinia.standardof.net\/wp-content\/uploads\/sites\/7\/2020\/10\/Darwinia-Level-10-Biosphere-5-200x125.jpg 200w, https:\/\/darwinia.standardof.net\/wp-content\/uploads\/sites\/7\/2020\/10\/Darwinia-Level-10-Biosphere-5-16x10.jpg 16w\" sizes=\"(max-width: 470px) 100vw, 470px\" \/><\/a><\/figure>\n<\/div>\n<\/div>\n\n\n\n<h3 class=\"wp-block-heading\">Biosfera - Passo a passo em v\u00eddeo sobre Darwinia<\/h3>\n\n\n\n<figure class=\"wp-block-embed-youtube wp-block-embed is-type-video is-provider-youtube wp-embed-aspect-16-9 wp-has-aspect-ratio\"><div class=\"wp-block-embed__wrapper\">\n<div class=\"ast-oembed-container\" style=\"height: 100%;\"><iframe title=\"Darwinia - Biosfera - Passo a passo de n\u00edvel completo\" width=\"500\" height=\"281\" src=\"https:\/\/www.youtube.com\/embed\/MP97Y78oRi8?feature=oembed\" frameborder=\"0\" allow=\"accelerometer; autoplay; clipboard-write; encrypted-media; gyroscope; picture-in-picture; web-share\" referrerpolicy=\"strict-origin-when-cross-origin\" allowfullscreen><\/iframe><\/div>\n<\/div><\/figure>\n\n\n\n<div class=\"wp-block-buttons aligncenter is-layout-flex wp-block-buttons-is-layout-flex\">\n<div class=\"wp-block-button is-style-outline\"><a class=\"wp-block-button__link\" href=\"https:\/\/darwinia.standardof.net\/pt\/guide\/passo-a-passo-de-nivel\/buffer-padrao\/\">N\u00edvel anterior: buffer de padr\u00e3o<\/a><\/div>\n\n\n\n<div class=\"wp-block-button\"><a class=\"wp-block-button__link\" href=\"https:\/\/darwinia.standardof.net\/pt\/guide\/passo-a-passo-de-nivel\/tempora\/\">Pr\u00f3ximo n\u00edvel: Templo<\/a><\/div>\n<\/div>","protected":false},"excerpt":{"rendered":"<p>The Biosphere level is the second to last level in Darwinia. This is the facility where souls from the Receiver and the data governing the basic physical form of the Darwinians are combined to spawn new Darwinians at the various spawn points located throughout this level. These buildings replace the Incubators by giving a steady [&hellip;]<\/p>","protected":false},"author":1,"featured_media":156,"parent":229,"menu_order":10,"comment_status":"open","ping_status":"closed","template":"","meta":{"_uag_custom_page_level_css":"","site-sidebar-layout":"default","site-content-layout":"default","ast-site-content-layout":"","site-content-style":"default","site-sidebar-style":"default","ast-global-header-display":"","ast-banner-title-visibility":"","ast-main-header-display":"","ast-hfb-above-header-display":"","ast-hfb-below-header-display":"","ast-hfb-mobile-header-display":"","site-post-title":"","ast-breadcrumbs-content":"","ast-featured-img":"","footer-sml-layout":"","theme-transparent-header-meta":"default","adv-header-id-meta":"","stick-header-meta":"","header-above-stick-meta":"","header-main-stick-meta":"","header-below-stick-meta":"","astra-migrate-meta-layouts":"default","ast-page-background-enabled":"default","ast-page-background-meta":{"desktop":{"background-color":"","background-image":"","background-repeat":"repeat","background-position":"center center","background-size":"auto","background-attachment":"scroll","background-type":"","background-media":"","overlay-type":"","overlay-color":"","overlay-gradient":""},"tablet":{"background-color":"","background-image":"","background-repeat":"repeat","background-position":"center center","background-size":"auto","background-attachment":"scroll","background-type":"","background-media":"","overlay-type":"","overlay-color":"","overlay-gradient":""},"mobile":{"background-color":"","background-image":"","background-repeat":"repeat","background-position":"center center","background-size":"auto","background-attachment":"scroll","background-type":"","background-media":"","overlay-type":"","overlay-color":"","overlay-gradient":""}},"ast-content-background-meta":{"desktop":{"background-color":"var(--ast-global-color-5)","background-image":"","background-repeat":"repeat","background-position":"center center","background-size":"auto","background-attachment":"scroll","background-type":"","background-media":"","overlay-type":"","overlay-color":"","overlay-gradient":""},"tablet":{"background-color":"var(--ast-global-color-5)","background-image":"","background-repeat":"repeat","background-position":"center center","background-size":"auto","background-attachment":"scroll","background-type":"","background-media":"","overlay-type":"","overlay-color":"","overlay-gradient":""},"mobile":{"background-color":"var(--ast-global-color-5)","background-image":"","background-repeat":"repeat","background-position":"center center","background-size":"auto","background-attachment":"scroll","background-type":"","background-media":"","overlay-type":"","overlay-color":"","overlay-gradient":""}},"footnotes":""},"uagb_featured_image_src":{"full":["https:\/\/darwinia.standardof.net\/wp-content\/uploads\/sites\/7\/2020\/10\/Darwinia-Level-10-Biosphere-4.jpg",470,294,false],"thumbnail":["https:\/\/darwinia.standardof.net\/wp-content\/uploads\/sites\/7\/2020\/10\/Darwinia-Level-10-Biosphere-4-200x125.jpg",200,125,true],"medium":["https:\/\/darwinia.standardof.net\/wp-content\/uploads\/sites\/7\/2020\/10\/Darwinia-Level-10-Biosphere-4.jpg",470,294,false],"medium_large":["https:\/\/darwinia.standardof.net\/wp-content\/uploads\/sites\/7\/2020\/10\/Darwinia-Level-10-Biosphere-4.jpg",470,294,false],"large":["https:\/\/darwinia.standardof.net\/wp-content\/uploads\/sites\/7\/2020\/10\/Darwinia-Level-10-Biosphere-4.jpg",470,294,false],"1536x1536":["https:\/\/darwinia.standardof.net\/wp-content\/uploads\/sites\/7\/2020\/10\/Darwinia-Level-10-Biosphere-4.jpg",470,294,false],"2048x2048":["https:\/\/darwinia.standardof.net\/wp-content\/uploads\/sites\/7\/2020\/10\/Darwinia-Level-10-Biosphere-4.jpg",470,294,false],"trp-custom-language-flag":["https:\/\/darwinia.standardof.net\/wp-content\/uploads\/sites\/7\/2020\/10\/Darwinia-Level-10-Biosphere-4-16x10.jpg",16,10,true]},"uagb_author_info":{"display_name":"SOE","author_link":"https:\/\/darwinia.standardof.net\/pt\/author\/k-tastic\/"},"uagb_comment_info":0,"uagb_excerpt":"The Biosphere level is the second to last level in Darwinia. This is the facility where souls from the Receiver and the data governing the basic physical form of the Darwinians are combined to spawn new Darwinians at the various spawn points located throughout this level. These buildings replace the Incubators by giving a steady&hellip;","_links":{"self":[{"href":"https:\/\/darwinia.standardof.net\/pt\/wp-json\/wp\/v2\/pages\/249"}],"collection":[{"href":"https:\/\/darwinia.standardof.net\/pt\/wp-json\/wp\/v2\/pages"}],"about":[{"href":"https:\/\/darwinia.standardof.net\/pt\/wp-json\/wp\/v2\/types\/page"}],"author":[{"embeddable":true,"href":"https:\/\/darwinia.standardof.net\/pt\/wp-json\/wp\/v2\/users\/1"}],"replies":[{"embeddable":true,"href":"https:\/\/darwinia.standardof.net\/pt\/wp-json\/wp\/v2\/comments?post=249"}],"version-history":[{"count":0,"href":"https:\/\/darwinia.standardof.net\/pt\/wp-json\/wp\/v2\/pages\/249\/revisions"}],"up":[{"embeddable":true,"href":"https:\/\/darwinia.standardof.net\/pt\/wp-json\/wp\/v2\/pages\/229"}],"wp:featuredmedia":[{"embeddable":true,"href":"https:\/\/darwinia.standardof.net\/pt\/wp-json\/wp\/v2\/media\/156"}],"wp:attachment":[{"href":"https:\/\/darwinia.standardof.net\/pt\/wp-json\/wp\/v2\/media?parent=249"}],"curies":[{"name":"wp","href":"https:\/\/api.w.org\/{rel}","templated":true}]}}