{"id":246,"date":"2020-10-30T17:58:35","date_gmt":"2020-10-30T17:58:35","guid":{"rendered":"https:\/\/darwinia.standardof.net\/?page_id=246"},"modified":"2020-10-30T18:31:33","modified_gmt":"2020-10-30T18:31:33","slug":"yard","status":"publish","type":"page","link":"https:\/\/darwinia.standardof.net\/pt\/guide\/passo-a-passo-de-nivel\/jardim\/","title":{"rendered":"Jardim"},"content":{"rendered":"<div class=\"wp-block-group\"><div class=\"wp-block-group__inner-container is-layout-flow wp-block-group-is-layout-flow\">\n<div style=\"height:20px\" aria-hidden=\"true\" class=\"wp-block-spacer\"><\/div>\n<\/div><\/div>\n\n\n\n<div class=\"wp-block-columns is-layout-flex wp-container-core-columns-is-layout-1 wp-block-columns-is-layout-flex\">\n<div class=\"wp-block-column is-layout-flow wp-block-column-is-layout-flow\">\n<p>O n\u00edvel Yard \u00e9 a etapa final no processo de montagem do sistema de manufatura Darwiniano em <em>Darwinia<\/em>. \u00c9 aqui que os primitivos refinados da <a href=\"https:\/\/darwinia.standardof.net\/pt\/guide\/passo-a-passo-de-nivel\/meu\/\" class=\"rank-math-link\"><strong>Meu<\/strong><\/a>, e a energia do Gerador \u00e9 utilizada para criar o transportador de pessoal blindado e a torre. Seus objetivos neste <em>Darwinia <\/em>n\u00edvel \u00e9 primeiro, habilitar o <strong><a href=\"https:\/\/darwinia.standardof.net\/pt\/guide\/passo-a-passo-de-nivel\/gerador\/\" class=\"rank-math-link\">Gerador<\/a> <\/strong>Trunk Port, comece a produzir Armadura ocupando o p\u00e1tio de constru\u00e7\u00e3o com darwinianos, destrua a Ant Infection e capture os tr\u00eas Trunk Ports que est\u00e3o na mesma \u00e1rea que Ant Hills.<\/p>\n<\/div>\n\n\n\n<div class=\"wp-block-column is-layout-flow wp-block-column-is-layout-flow\">\n<figure class=\"wp-block-image size-large\"><a href=\"https:\/\/darwinia.standardof.net\/pt\/guide\/passo-a-passo-de-nivel\/jardim\/darwinia-level-07-yard-1\/\"><img decoding=\"async\" width=\"470\" height=\"294\" src=\"https:\/\/darwinia.standardof.net\/wp-content\/uploads\/sites\/7\/2020\/10\/Darwinia-Level-07-Yard-1.jpg\" alt=\"\" class=\"wp-image-138\" srcset=\"https:\/\/darwinia.standardof.net\/wp-content\/uploads\/sites\/7\/2020\/10\/Darwinia-Level-07-Yard-1.jpg 470w, https:\/\/darwinia.standardof.net\/wp-content\/uploads\/sites\/7\/2020\/10\/Darwinia-Level-07-Yard-1-200x125.jpg 200w, https:\/\/darwinia.standardof.net\/wp-content\/uploads\/sites\/7\/2020\/10\/Darwinia-Level-07-Yard-1-16x10.jpg 16w\" sizes=\"(max-width: 470px) 100vw, 470px\" \/><\/a><\/figure>\n<\/div>\n<\/div>\n\n\n\n<div class=\"wp-block-columns is-layout-flex wp-container-core-columns-is-layout-2 wp-block-columns-is-layout-flex\">\n<div class=\"wp-block-column is-layout-flow wp-block-column-is-layout-flow\">\n<p>Comece esta miss\u00e3o gerando alguns <strong><a href=\"https:\/\/darwinia.standardof.net\/pt\/guide\/unidades\/engenheiro\/\" class=\"rank-math-link\">Engenheiros<\/a> <\/strong>pelo <a href=\"https:\/\/darwinia.standardof.net\/pt\/guide\/passo-a-passo-de-nivel\/contencao\/\" class=\"rank-math-link\"><strong>Conten\u00e7\u00e3o <\/strong><\/a>Porta de tronco. Mova-os para fora da ilha e longe do v\u00edrus aqui para capturar a Torre de Controle que alimenta o Prato do Radar situado na ponta da ilha central que cont\u00e9m a instala\u00e7\u00e3o de manufatura. Esta \u00e9 uma t\u00e1tica sugerida, pois permite que voc\u00ea pule a elimina\u00e7\u00e3o do v\u00edrus nesta ilha, at\u00e9 que voc\u00ea tenha uma Incubadora capturada, e pode criar uma for\u00e7a com as almas jogadas aqui, em vez de deix\u00e1-las ir para o lixo.<\/p>\n<\/div>\n\n\n\n<div class=\"wp-block-column is-layout-flow wp-block-column-is-layout-flow\">\n<figure class=\"wp-block-image size-large\"><a href=\"https:\/\/darwinia.standardof.net\/pt\/guide\/passo-a-passo-de-nivel\/jardim\/darwinia-level-07-yard-2\/\"><img decoding=\"async\" width=\"470\" height=\"294\" src=\"https:\/\/darwinia.standardof.net\/wp-content\/uploads\/sites\/7\/2020\/10\/Darwinia-Level-07-Yard-2.jpg\" alt=\"\" class=\"wp-image-139\" srcset=\"https:\/\/darwinia.standardof.net\/wp-content\/uploads\/sites\/7\/2020\/10\/Darwinia-Level-07-Yard-2.jpg 470w, https:\/\/darwinia.standardof.net\/wp-content\/uploads\/sites\/7\/2020\/10\/Darwinia-Level-07-Yard-2-200x125.jpg 200w, https:\/\/darwinia.standardof.net\/wp-content\/uploads\/sites\/7\/2020\/10\/Darwinia-Level-07-Yard-2-16x10.jpg 16w\" sizes=\"(max-width: 470px) 100vw, 470px\" \/><\/a><\/figure>\n<\/div>\n<\/div>\n\n\n\n<p>Depois de realizar esta captura furtiva, fa\u00e7a <strong><a class=\"rank-math-link\" href=\"https:\/\/standardof.net\/games\/darwinia-guide\/units\/squad\/\" target=\"_blank\" rel=\"noopener\">esquadr\u00f5es<\/a> <\/strong>para limpar o caminho at\u00e9 o canteiro de obras e as Incubadoras que ficam pr\u00f3ximas a ele. Vaporize todos os <strong><a href=\"https:\/\/darwinia.standardof.net\/pt\/guide\/inimigos\/virii\/\" class=\"rank-math-link\">Virii<\/a> <\/strong>que atrapalham seu caminho, e certifique-se de trazer v\u00e1rios Squads de uma vez, j\u00e1 que perder um significa uma longa caminhada de volta para as Incubadoras. Assim que essas incubadoras forem suas, comece a coletar todas as almas pr\u00f3ximas que sobraram do caminho que voc\u00ea abriu em dire\u00e7\u00e3o a elas, ent\u00e3o volte para a ilha inicial para limp\u00e1-la, com os engenheiros pegando todas as lindas pequenas luzes que sobraram.<\/p>\n\n\n\n<p>Quando a ilha inicial for sua, v\u00e1 para a Ilha com a porta do Tronco do Gerador para limp\u00e1-la dos v\u00edrus sinuosos e das Triffids aqui. Novamente, colete todas as almas que puder para sua pr\u00f3xima luta. Uma vez que a porta do tronco do gerador \u00e9 sua, tanto a energia quanto os primitivos ser\u00e3o capazes de passar pelas portas do tronco assim que o p\u00e1tio estiver ocupado, o que voc\u00ea deve ter <strong><a href=\"https:\/\/darwinia.standardof.net\/pt\/guide\/unidades\/darwinianos\/\" class=\"rank-math-link\">Darwinianos<\/a> <\/strong>fa\u00e7a isso agora, se j\u00e1 n\u00e3o estiver.<\/p>\n\n\n\n<div class=\"wp-block-columns is-layout-flex wp-container-core-columns-is-layout-3 wp-block-columns-is-layout-flex\">\n<div class=\"wp-block-column is-layout-flow wp-block-column-is-layout-flow\">\n<p>S\u00e3o necess\u00e1rias aproximadamente 9 primitivas para criar uma \u00fanica unidade de Armadura no canteiro de obras, que voc\u00ea pode contar \u00e0 medida que s\u00e3o depositadas na instala\u00e7\u00e3o se estiver ansioso para usar a primeira. Depois que as 9 primitivas s\u00e3o entregues, h\u00e1 um atraso de 10 segundos antes que a armadura saia da linha e todo o processo seja iniciado novamente. Esta \u00e9 a \u00fanica miss\u00e3o em que voc\u00ea pode adquirir Armor sem usar um dos slots do Gerenciador de Tarefas.<\/p>\n<\/div>\n\n\n\n<div class=\"wp-block-column is-layout-flow wp-block-column-is-layout-flow\">\n<figure class=\"wp-block-image size-large\"><a href=\"https:\/\/darwinia.standardof.net\/pt\/guide\/passo-a-passo-de-nivel\/jardim\/darwinia-level-07-yard-3\/\"><img decoding=\"async\" width=\"470\" height=\"294\" src=\"https:\/\/darwinia.standardof.net\/wp-content\/uploads\/sites\/7\/2020\/10\/Darwinia-Level-07-Yard-3.jpg\" alt=\"\" class=\"wp-image-140\" srcset=\"https:\/\/darwinia.standardof.net\/wp-content\/uploads\/sites\/7\/2020\/10\/Darwinia-Level-07-Yard-3.jpg 470w, https:\/\/darwinia.standardof.net\/wp-content\/uploads\/sites\/7\/2020\/10\/Darwinia-Level-07-Yard-3-200x125.jpg 200w, https:\/\/darwinia.standardof.net\/wp-content\/uploads\/sites\/7\/2020\/10\/Darwinia-Level-07-Yard-3-16x10.jpg 16w\" sizes=\"(max-width: 470px) 100vw, 470px\" \/><\/a><\/figure>\n<\/div>\n<\/div>\n\n\n\n<div class=\"wp-block-columns is-layout-flex wp-container-core-columns-is-layout-4 wp-block-columns-is-layout-flex\">\n<div class=\"wp-block-column is-layout-flow wp-block-column-is-layout-flow\">\n<p>Envie algumas armaduras sem darwinianos dentro deles para montar torres dentro do <a href=\"https:\/\/darwinia.standardof.net\/pt\/guide\/inimigos\/formiga-militar\/\" class=\"rank-math-link\"><strong>Infec\u00e7\u00e3o de formiga<\/strong><\/a>. Exceto para os darwinianos vermelhos, o v\u00edrus n\u00e3o pode guarnecer as torres ou us\u00e1-las contra voc\u00ea, portanto, ao lutar contra qualquer inimigo al\u00e9m dos homenzinhos vermelhos, voc\u00ea pode posicionar torres bem no meio deles, para aguardar um ex\u00e9rcito darwiniano atacante. Muitas vezes, isso \u00e9 prefer\u00edvel a apenas carregar darwinianos no <strong><a href=\"https:\/\/darwinia.standardof.net\/pt\/guide\/unidades\/armaduras\/\" class=\"rank-math-link\">armaduras<\/a> <\/strong>para guarnecer a torre quando for implantada, pois o pequeno grupo de darwinianos pode ser massacrado sem uma grande for\u00e7a de apoio ou outras torres j\u00e1 tripuladas nas proximidades. Carregar os darwinianos dentro para equipar a torre quando ela chegar \u00e9 mais prefer\u00edvel em situa\u00e7\u00f5es em que a torre ser\u00e1 instalada mais longe de uma infec\u00e7\u00e3o viral.<\/p>\n<\/div>\n\n\n\n<div class=\"wp-block-column is-layout-flow wp-block-column-is-layout-flow\">\n<figure class=\"wp-block-image size-large\"><a href=\"https:\/\/darwinia.standardof.net\/pt\/guide\/passo-a-passo-de-nivel\/jardim\/darwinia-level-07-yard-4\/\"><img decoding=\"async\" width=\"470\" height=\"264\" src=\"https:\/\/darwinia.standardof.net\/wp-content\/uploads\/sites\/7\/2020\/10\/Darwinia-Level-07-Yard-4.jpg\" alt=\"\" class=\"wp-image-141\" srcset=\"https:\/\/darwinia.standardof.net\/wp-content\/uploads\/sites\/7\/2020\/10\/Darwinia-Level-07-Yard-4.jpg 470w, https:\/\/darwinia.standardof.net\/wp-content\/uploads\/sites\/7\/2020\/10\/Darwinia-Level-07-Yard-4-200x112.jpg 200w, https:\/\/darwinia.standardof.net\/wp-content\/uploads\/sites\/7\/2020\/10\/Darwinia-Level-07-Yard-4-16x9.jpg 16w\" sizes=\"(max-width: 470px) 100vw, 470px\" \/><\/a><\/figure>\n<\/div>\n<\/div>\n\n\n\n<div class=\"wp-block-columns is-layout-flex wp-container-core-columns-is-layout-5 wp-block-columns-is-layout-flex\">\n<div class=\"wp-block-column is-layout-flow wp-block-column-is-layout-flow\">\n<p>Implante uma grade de torres n\u00e3o tripuladas durante toda a infesta\u00e7\u00e3o, com elas espa\u00e7adas para que algumas sejam tripuladas quando voc\u00ea chegar perto da infec\u00e7\u00e3o, com mais torres dispon\u00edveis para o homem conforme os darwinianos avan\u00e7am. Se voc\u00ea ainda n\u00e3o pesquisou armas para eles, sugiro que encontre uma maneira de colocar lasers neles, j\u00e1 que n\u00e3o \u00e9 poss\u00edvel controlar esquadr\u00f5es suficientes de uma vez para conter a mar\u00e9 de formigas sem grande dificuldade. Ter os darwinianos apoiando faz uma grande diferen\u00e7a, j\u00e1 que eles podem arar as formigas muito bem, e as formigas geralmente est\u00e3o muito preocupadas em reunir as almas de seus ca\u00eddos para atacar. Assim que a infesta\u00e7\u00e3o for eliminada, v\u00e1 para as torres de controle que alimentam as portas do tronco para abrir o pr\u00f3ximo n\u00edvel <a href=\"https:\/\/darwinia.standardof.net\/pt\/guide\/passo-a-passo-de-nivel\/receptor\/\" class=\"rank-math-link\"><strong>Receptor<\/strong><\/a>.<\/p>\n<\/div>\n\n\n\n<div class=\"wp-block-column is-layout-flow wp-block-column-is-layout-flow\">\n<figure class=\"wp-block-image size-large\"><a href=\"https:\/\/darwinia.standardof.net\/pt\/guide\/passo-a-passo-de-nivel\/jardim\/darwinia-level-07-yard-5\/\"><img decoding=\"async\" width=\"470\" height=\"264\" src=\"https:\/\/darwinia.standardof.net\/wp-content\/uploads\/sites\/7\/2020\/10\/Darwinia-Level-07-Yard-5.jpg\" alt=\"\" class=\"wp-image-142\" srcset=\"https:\/\/darwinia.standardof.net\/wp-content\/uploads\/sites\/7\/2020\/10\/Darwinia-Level-07-Yard-5.jpg 470w, https:\/\/darwinia.standardof.net\/wp-content\/uploads\/sites\/7\/2020\/10\/Darwinia-Level-07-Yard-5-200x112.jpg 200w, https:\/\/darwinia.standardof.net\/wp-content\/uploads\/sites\/7\/2020\/10\/Darwinia-Level-07-Yard-5-16x9.jpg 16w\" sizes=\"(max-width: 470px) 100vw, 470px\" \/><\/a><\/figure>\n<\/div>\n<\/div>\n\n\n\n<h3 class=\"wp-block-heading\">Yard - Passo a passo em v\u00eddeo sobre Darwinia<\/h3>\n\n\n\n<figure class=\"wp-block-embed-youtube wp-block-embed is-type-video is-provider-youtube wp-embed-aspect-16-9 wp-has-aspect-ratio\"><div class=\"wp-block-embed__wrapper\">\n<div class=\"ast-oembed-container\" style=\"height: 100%;\"><iframe title=\"Darwinia - Yard - Passo a passo de n\u00edvel completo\" width=\"500\" height=\"281\" src=\"https:\/\/www.youtube.com\/embed\/JdwDqCGdYZI?feature=oembed\" frameborder=\"0\" allow=\"accelerometer; autoplay; clipboard-write; encrypted-media; gyroscope; picture-in-picture; web-share\" referrerpolicy=\"strict-origin-when-cross-origin\" allowfullscreen><\/iframe><\/div>\n<\/div><\/figure>\n\n\n\n<div class=\"wp-block-buttons aligncenter is-layout-flex wp-block-buttons-is-layout-flex\">\n<div class=\"wp-block-button is-style-outline\"><a class=\"wp-block-button__link\" href=\"https:\/\/darwinia.standardof.net\/pt\/guide\/passo-a-passo-de-nivel\/escolta\/\">N\u00edvel Anterior: Escolta<\/a><\/div>\n\n\n\n<div class=\"wp-block-button is-style-fill\"><a class=\"wp-block-button__link\" href=\"https:\/\/darwinia.standardof.net\/pt\/guide\/passo-a-passo-de-nivel\/receptor\/\">Pr\u00f3ximo n\u00edvel: receptor<\/a><\/div>\n<\/div>","protected":false},"excerpt":{"rendered":"<p>The Yard level is the final step in the assembly process of the Darwinians manufacturing system in Darwinia. It is here that the refined primitives from the Mine, and the power from the Generator is utilized to create the Armor personnel carrier and turret. Your objectives in this Darwinia level is to first, enable the [&hellip;]<\/p>","protected":false},"author":1,"featured_media":140,"parent":229,"menu_order":7,"comment_status":"open","ping_status":"closed","template":"","meta":{"_uag_custom_page_level_css":"","site-sidebar-layout":"default","site-content-layout":"default","ast-site-content-layout":"","site-content-style":"default","site-sidebar-style":"default","ast-global-header-display":"","ast-banner-title-visibility":"","ast-main-header-display":"","ast-hfb-above-header-display":"","ast-hfb-below-header-display":"","ast-hfb-mobile-header-display":"","site-post-title":"","ast-breadcrumbs-content":"","ast-featured-img":"","footer-sml-layout":"","theme-transparent-header-meta":"default","adv-header-id-meta":"","stick-header-meta":"","header-above-stick-meta":"","header-main-stick-meta":"","header-below-stick-meta":"","astra-migrate-meta-layouts":"default","ast-page-background-enabled":"default","ast-page-background-meta":{"desktop":{"background-color":"","background-image":"","background-repeat":"repeat","background-position":"center center","background-size":"auto","background-attachment":"scroll","background-type":"","background-media":"","overlay-type":"","overlay-color":"","overlay-gradient":""},"tablet":{"background-color":"","background-image":"","background-repeat":"repeat","background-position":"center center","background-size":"auto","background-attachment":"scroll","background-type":"","background-media":"","overlay-type":"","overlay-color":"","overlay-gradient":""},"mobile":{"background-color":"","background-image":"","background-repeat":"repeat","background-position":"center center","background-size":"auto","background-attachment":"scroll","background-type":"","background-media":"","overlay-type":"","overlay-color":"","overlay-gradient":""}},"ast-content-background-meta":{"desktop":{"background-color":"var(--ast-global-color-5)","background-image":"","background-repeat":"repeat","background-position":"center center","background-size":"auto","background-attachment":"scroll","background-type":"","background-media":"","overlay-type":"","overlay-color":"","overlay-gradient":""},"tablet":{"background-color":"var(--ast-global-color-5)","background-image":"","background-repeat":"repeat","background-position":"center center","background-size":"auto","background-attachment":"scroll","background-type":"","background-media":"","overlay-type":"","overlay-color":"","overlay-gradient":""},"mobile":{"background-color":"var(--ast-global-color-5)","background-image":"","background-repeat":"repeat","background-position":"center center","background-size":"auto","background-attachment":"scroll","background-type":"","background-media":"","overlay-type":"","overlay-color":"","overlay-gradient":""}},"footnotes":""},"uagb_featured_image_src":{"full":["https:\/\/darwinia.standardof.net\/wp-content\/uploads\/sites\/7\/2020\/10\/Darwinia-Level-07-Yard-3.jpg",470,294,false],"thumbnail":["https:\/\/darwinia.standardof.net\/wp-content\/uploads\/sites\/7\/2020\/10\/Darwinia-Level-07-Yard-3-200x125.jpg",200,125,true],"medium":["https:\/\/darwinia.standardof.net\/wp-content\/uploads\/sites\/7\/2020\/10\/Darwinia-Level-07-Yard-3.jpg",470,294,false],"medium_large":["https:\/\/darwinia.standardof.net\/wp-content\/uploads\/sites\/7\/2020\/10\/Darwinia-Level-07-Yard-3.jpg",470,294,false],"large":["https:\/\/darwinia.standardof.net\/wp-content\/uploads\/sites\/7\/2020\/10\/Darwinia-Level-07-Yard-3.jpg",470,294,false],"1536x1536":["https:\/\/darwinia.standardof.net\/wp-content\/uploads\/sites\/7\/2020\/10\/Darwinia-Level-07-Yard-3.jpg",470,294,false],"2048x2048":["https:\/\/darwinia.standardof.net\/wp-content\/uploads\/sites\/7\/2020\/10\/Darwinia-Level-07-Yard-3.jpg",470,294,false],"trp-custom-language-flag":["https:\/\/darwinia.standardof.net\/wp-content\/uploads\/sites\/7\/2020\/10\/Darwinia-Level-07-Yard-3-16x10.jpg",16,10,true]},"uagb_author_info":{"display_name":"SOE","author_link":"https:\/\/darwinia.standardof.net\/pt\/author\/k-tastic\/"},"uagb_comment_info":0,"uagb_excerpt":"The Yard level is the final step in the assembly process of the Darwinians manufacturing system in Darwinia. It is here that the refined primitives from the Mine, and the power from the Generator is utilized to create the Armor personnel carrier and turret. Your objectives in this Darwinia level is to first, enable the&hellip;","_links":{"self":[{"href":"https:\/\/darwinia.standardof.net\/pt\/wp-json\/wp\/v2\/pages\/246"}],"collection":[{"href":"https:\/\/darwinia.standardof.net\/pt\/wp-json\/wp\/v2\/pages"}],"about":[{"href":"https:\/\/darwinia.standardof.net\/pt\/wp-json\/wp\/v2\/types\/page"}],"author":[{"embeddable":true,"href":"https:\/\/darwinia.standardof.net\/pt\/wp-json\/wp\/v2\/users\/1"}],"replies":[{"embeddable":true,"href":"https:\/\/darwinia.standardof.net\/pt\/wp-json\/wp\/v2\/comments?post=246"}],"version-history":[{"count":0,"href":"https:\/\/darwinia.standardof.net\/pt\/wp-json\/wp\/v2\/pages\/246\/revisions"}],"up":[{"embeddable":true,"href":"https:\/\/darwinia.standardof.net\/pt\/wp-json\/wp\/v2\/pages\/229"}],"wp:featuredmedia":[{"embeddable":true,"href":"https:\/\/darwinia.standardof.net\/pt\/wp-json\/wp\/v2\/media\/140"}],"wp:attachment":[{"href":"https:\/\/darwinia.standardof.net\/pt\/wp-json\/wp\/v2\/media?parent=246"}],"curies":[{"name":"wp","href":"https:\/\/api.w.org\/{rel}","templated":true}]}}