{"id":236,"date":"2020-10-29T16:58:04","date_gmt":"2020-10-29T16:58:04","guid":{"rendered":"https:\/\/darwinia.standardof.net\/?page_id=236"},"modified":"2020-10-30T18:19:12","modified_gmt":"2020-10-30T18:19:12","slug":"mine","status":"publish","type":"page","link":"https:\/\/darwinia.standardof.net\/pt\/guide\/passo-a-passo-de-nivel\/meu\/","title":{"rendered":"Meu"},"content":{"rendered":"<div class=\"wp-block-group\"><div class=\"wp-block-group__inner-container is-layout-flow wp-block-group-is-layout-flow\">\n<div style=\"height:20px\" aria-hidden=\"true\" class=\"wp-block-spacer\"><\/div>\n<\/div><\/div>\n\n\n\n<div class=\"wp-block-columns is-layout-flex wp-container-core-columns-is-layout-1 wp-block-columns-is-layout-flex\">\n<div class=\"wp-block-column is-layout-flow wp-block-column-is-layout-flow\">\n<p>A mina \u00e9 a pr\u00f3xima etapa ap\u00f3s desbloquear as portas do tronco em <a href=\"https:\/\/darwinia.standardof.net\/pt\/guide\/passo-a-passo-de-nivel\/contencao\/\" class=\"rank-math-link\"><strong>Conten\u00e7\u00e3o<\/strong><\/a>. Este n\u00edvel em <em>Darwinia <\/em>ocorre na terra onde os darwinianos operam instala\u00e7\u00f5es que extraem pol\u00edgonos brutos das encostas das montanhas aqui. Os pol\u00edgonos brutos descem dessas instala\u00e7\u00f5es de minera\u00e7\u00e3o em carrinhos, para serem processados na instala\u00e7\u00e3o central em primitivos refinados. Posteriormente, os primitivos refinados s\u00e3o passados nos carrinhos atrav\u00e9s da Porta Tronco para o P\u00e1tio <em>Darwinia<\/em> n\u00edvel. \u00c9 l\u00e1 que eles ser\u00e3o montados em <a href=\"https:\/\/darwinia.standardof.net\/pt\/guide\/unidades\/armaduras\/\" class=\"rank-math-link\"><strong>armaduras<\/strong><\/a>.<\/p>\n<\/div>\n\n\n\n<div class=\"wp-block-column is-layout-flow wp-block-column-is-layout-flow\">\n<figure class=\"wp-block-image size-large\"><a href=\"https:\/\/darwinia.standardof.net\/pt\/guide\/passo-a-passo-de-nivel\/meu\/darwinia-level-04-mine-1\/\"><img decoding=\"async\" width=\"470\" height=\"294\" src=\"https:\/\/darwinia.standardof.net\/wp-content\/uploads\/sites\/7\/2020\/10\/Darwinia-Level-04-Mine-1.jpg\" alt=\"\" class=\"wp-image-123\" srcset=\"https:\/\/darwinia.standardof.net\/wp-content\/uploads\/sites\/7\/2020\/10\/Darwinia-Level-04-Mine-1.jpg 470w, https:\/\/darwinia.standardof.net\/wp-content\/uploads\/sites\/7\/2020\/10\/Darwinia-Level-04-Mine-1-200x125.jpg 200w, https:\/\/darwinia.standardof.net\/wp-content\/uploads\/sites\/7\/2020\/10\/Darwinia-Level-04-Mine-1-16x10.jpg 16w\" sizes=\"(max-width: 470px) 100vw, 470px\" \/><\/a><\/figure>\n<\/div>\n<\/div>\n\n\n\n<div class=\"wp-block-columns is-layout-flex wp-container-core-columns-is-layout-2 wp-block-columns-is-layout-flex\">\n<div class=\"wp-block-column is-layout-flow wp-block-column-is-layout-flow\">\n<p>Voc\u00ea tem 3 objetivos no n\u00edvel da mina em <em>Darwinia<\/em>. Seu primeiro objetivo \u00e9 obter <strong><a href=\"https:\/\/darwinia.standardof.net\/pt\/guide\/unidades\/darwinianos\/\" class=\"rank-math-link\">Darwinianos<\/a> <\/strong>para operar as instala\u00e7\u00f5es de minera\u00e7\u00e3o e para refinar 20 primitivas no total, criadas a partir dos pol\u00edgonos brutos que s\u00e3o produzidos nas instala\u00e7\u00f5es tripuladas. O pr\u00f3ximo objetivo \u00e9 habilitar a porta de tronco do p\u00e1tio para que as primitivas refinadas possam ser transferidas para aquele n\u00edvel de fabrica\u00e7\u00e3o. Seu terceiro objetivo \u00e9 coletar o <a href=\"https:\/\/darwinia.standardof.net\/pt\/guide\/armas\/\" class=\"rank-math-link\"><strong>Ataque a\u00e9reo<\/strong><\/a> projeto de pesquisa localizado neste n\u00edvel. O objetivo final \u00e9 habilitar a Porta do Tronco do Gerador.<\/p>\n<\/div>\n\n\n\n<div class=\"wp-block-column is-layout-flow wp-block-column-is-layout-flow\">\n<figure class=\"wp-block-image size-large\"><a href=\"https:\/\/darwinia.standardof.net\/pt\/guide\/passo-a-passo-de-nivel\/meu\/darwinia-level-04-mine-2\/\"><img decoding=\"async\" width=\"470\" height=\"294\" src=\"https:\/\/darwinia.standardof.net\/wp-content\/uploads\/sites\/7\/2020\/10\/Darwinia-Level-04-Mine-2.jpg\" alt=\"\" class=\"wp-image-124\" srcset=\"https:\/\/darwinia.standardof.net\/wp-content\/uploads\/sites\/7\/2020\/10\/Darwinia-Level-04-Mine-2.jpg 470w, https:\/\/darwinia.standardof.net\/wp-content\/uploads\/sites\/7\/2020\/10\/Darwinia-Level-04-Mine-2-200x125.jpg 200w, https:\/\/darwinia.standardof.net\/wp-content\/uploads\/sites\/7\/2020\/10\/Darwinia-Level-04-Mine-2-16x10.jpg 16w\" sizes=\"(max-width: 470px) 100vw, 470px\" \/><\/a><\/figure>\n<\/div>\n<\/div>\n\n\n\n<p>Esta miss\u00e3o \u00e9 um bom momento para treinar darwinianos para a vers\u00e3o 3.0, a fim de conceder lasers para usar como armas. Sugiro que o fa\u00e7a imediatamente, se ainda n\u00e3o o fez.<\/p>\n\n\n\n<div class=\"wp-block-columns is-layout-flex wp-container-core-columns-is-layout-3 wp-block-columns-is-layout-flex\">\n<div class=\"wp-block-column is-layout-flow wp-block-column-is-layout-flow\">\n<p>Comece na mina limpando a ilha principal com as instala\u00e7\u00f5es da refinaria. Capture as Incubadoras imediatamente para come\u00e7ar a estocar Darwinianos. Em seguida, pegue todas as torres de controle que alimentam o <a href=\"https:\/\/darwinia.standardof.net\/pt\/guide\/edificios\/\" class=\"rank-math-link\"><strong>Pratos Radar<\/strong><\/a> para adicionar alguns pontos de pesquisa \u00e0 sua piscina e abrir seus movimentos para as pr\u00f3ximas ilhas. Voc\u00ea pode come\u00e7ar a enviar darwinianos para cuidar da refinaria e, se eles tiverem armas, podem limpar a colina onde ela fica por conta pr\u00f3pria muito bem, embora seja uma boa ideia enviar um engenheiro atr\u00e1s deles para coletar quaisquer almas livres que possam resultar.<\/p>\n<\/div>\n\n\n\n<div class=\"wp-block-column is-layout-flow wp-block-column-is-layout-flow\">\n<figure class=\"wp-block-image size-large\"><a href=\"https:\/\/darwinia.standardof.net\/pt\/guide\/passo-a-passo-de-nivel\/meu\/darwinia-level-04-mine-3\/\"><img decoding=\"async\" width=\"470\" height=\"264\" src=\"https:\/\/darwinia.standardof.net\/wp-content\/uploads\/sites\/7\/2020\/10\/Darwinia-Level-04-Mine-3.jpg\" alt=\"\" class=\"wp-image-125\" srcset=\"https:\/\/darwinia.standardof.net\/wp-content\/uploads\/sites\/7\/2020\/10\/Darwinia-Level-04-Mine-3.jpg 470w, https:\/\/darwinia.standardof.net\/wp-content\/uploads\/sites\/7\/2020\/10\/Darwinia-Level-04-Mine-3-200x112.jpg 200w, https:\/\/darwinia.standardof.net\/wp-content\/uploads\/sites\/7\/2020\/10\/Darwinia-Level-04-Mine-3-16x9.jpg 16w\" sizes=\"(max-width: 470px) 100vw, 470px\" \/><\/a><\/figure>\n<\/div>\n<\/div>\n\n\n\n<p>Se seu <strong><a href=\"https:\/\/darwinia.standardof.net\/pt\/guide\/unidades\/darwinianos\/\" class=\"rank-math-link\">Darwinianos<\/a> <\/strong>n\u00e3o est\u00e3o armados, voc\u00ea pode querer se concentrar na ilha de minera\u00e7\u00e3o para destruir as Triffids, pois elas podem representar uma amea\u00e7a para homenzinhos verdes indefesos. Se eles estiverem armados, destrua a ilha com o Porto Tronco de P\u00e1tio e capture-a, com <strong><a href=\"https:\/\/darwinia.standardof.net\/pt\/guide\/unidades\/engenheiro\/\" class=\"rank-math-link\">Engenheiros<\/a> <\/strong>para colher algumas almas.<\/p>\n\n\n\n<div class=\"wp-block-columns is-layout-flex wp-container-core-columns-is-layout-4 wp-block-columns-is-layout-flex\">\n<div class=\"wp-block-column is-layout-flow wp-block-column-is-layout-flow\">\n<p>Ir para a ilha repleta de montanhas \u00e9 a tarefa final. Elimine a infec\u00e7\u00e3o de v\u00edrus com seus esquadr\u00f5es enquanto captura a Torre de Controle do lado oposto. Na verdade, \u00e9 f\u00e1cil enviar um engenheiro para os dados de pesquisa antes de limpar a infec\u00e7\u00e3o aqui, uma vez que est\u00e1 isolado do inimigo, e os engenheiros podem atravessar a \u00e1gua. Pegue isso agora, se ainda n\u00e3o o fez.<\/p>\n<\/div>\n\n\n\n<div class=\"wp-block-column is-layout-flow wp-block-column-is-layout-flow\">\n<figure class=\"wp-block-image size-large\"><a href=\"https:\/\/darwinia.standardof.net\/pt\/guide\/passo-a-passo-de-nivel\/meu\/darwinia-level-04-mine-4\/\"><img decoding=\"async\" width=\"470\" height=\"264\" src=\"https:\/\/darwinia.standardof.net\/wp-content\/uploads\/sites\/7\/2020\/10\/Darwinia-Level-04-Mine-4.jpg\" alt=\"\" class=\"wp-image-126\" srcset=\"https:\/\/darwinia.standardof.net\/wp-content\/uploads\/sites\/7\/2020\/10\/Darwinia-Level-04-Mine-4.jpg 470w, https:\/\/darwinia.standardof.net\/wp-content\/uploads\/sites\/7\/2020\/10\/Darwinia-Level-04-Mine-4-200x112.jpg 200w, https:\/\/darwinia.standardof.net\/wp-content\/uploads\/sites\/7\/2020\/10\/Darwinia-Level-04-Mine-4-16x9.jpg 16w\" sizes=\"(max-width: 470px) 100vw, 470px\" \/><\/a><\/figure>\n<\/div>\n<\/div>\n\n\n\n<p>Priorize a elimina\u00e7\u00e3o do <strong><a href=\"https:\/\/darwinia.standardof.net\/pt\/guide\/inimigos\/aranha\/\" class=\"rank-math-link\">Aranhas<\/a> <\/strong>e <strong><a href=\"https:\/\/darwinia.standardof.net\/pt\/guide\/inimigos\/trifide\/\" class=\"rank-math-link\">Triffids<\/a> <\/strong>inicialmente, antes de limpar os outros patches de geradores de v\u00edrus e esporos, j\u00e1 que os dois primeiros representam a maior amea\u00e7a aos darwinianos neste momento. Se voc\u00ea armou darwinianos, pode come\u00e7ar a envi\u00e1-los para a ilha e at\u00e9 as instala\u00e7\u00f5es de minera\u00e7\u00e3o enquanto seus esquadr\u00f5es continuam a limpar o <a href=\"https:\/\/darwinia.standardof.net\/pt\/guide\/inimigos\/virii\/\" class=\"rank-math-link\"><strong>Virii<\/strong><\/a>. Certifique-se de capturar a Incubadora na ilha de minera\u00e7\u00e3o tamb\u00e9m.<\/p>\n\n\n\n<div class=\"wp-block-columns is-layout-flex wp-container-core-columns-is-layout-5 wp-block-columns-is-layout-flex\">\n<div class=\"wp-block-column is-layout-flow wp-block-column-is-layout-flow\">\n<p>\u00c0 medida que as instala\u00e7\u00f5es de minera\u00e7\u00e3o forem operadas, elas come\u00e7ar\u00e3o a depositar pol\u00edgonos brutos dourados nos carrinhos de minera\u00e7\u00e3o que devem se mover com a ativa\u00e7\u00e3o das refinarias. Observe o n\u00famero na \u201ctela LCD\u201d fixada na lateral do pr\u00e9dio da refinaria. Ele contar\u00e1 at\u00e9 20 conforme esses pol\u00edgonos entram no edif\u00edcio e saem do outro lado como cubos de ouro. Depois de chegar aos 20, fazer o download dos dados e ativar as portas de tronco aqui, voc\u00ea est\u00e1 pronto para ir para o <strong><a href=\"https:\/\/darwinia.standardof.net\/pt\/guide\/passo-a-passo-de-nivel\/gerador\/\" class=\"rank-math-link\">Gerador<\/a> <\/strong>n\u00edvel.<\/p>\n<\/div>\n\n\n\n<div class=\"wp-block-column is-layout-flow wp-block-column-is-layout-flow\">\n<figure class=\"wp-block-image size-large\"><a href=\"https:\/\/darwinia.standardof.net\/pt\/guide\/passo-a-passo-de-nivel\/meu\/darwinia-level-04-mine-5\/\"><img decoding=\"async\" width=\"470\" height=\"264\" src=\"https:\/\/darwinia.standardof.net\/wp-content\/uploads\/sites\/7\/2020\/10\/Darwinia-Level-04-Mine-5.jpg\" alt=\"\" class=\"wp-image-127\" srcset=\"https:\/\/darwinia.standardof.net\/wp-content\/uploads\/sites\/7\/2020\/10\/Darwinia-Level-04-Mine-5.jpg 470w, https:\/\/darwinia.standardof.net\/wp-content\/uploads\/sites\/7\/2020\/10\/Darwinia-Level-04-Mine-5-200x112.jpg 200w, https:\/\/darwinia.standardof.net\/wp-content\/uploads\/sites\/7\/2020\/10\/Darwinia-Level-04-Mine-5-16x9.jpg 16w\" sizes=\"(max-width: 470px) 100vw, 470px\" \/><\/a><\/figure>\n<\/div>\n<\/div>\n\n\n\n<h3 class=\"wp-block-heading\">Mine - Darwinia Video Walkthrough<\/h3>\n\n\n\n<figure class=\"wp-block-embed-youtube wp-block-embed is-type-video is-provider-youtube wp-embed-aspect-16-9 wp-has-aspect-ratio\"><div class=\"wp-block-embed__wrapper\">\n<div class=\"ast-oembed-container\" style=\"height: 100%;\"><iframe title=\"Darwinia - Mine - Passo a passo de n\u00edvel completo\" width=\"500\" height=\"281\" src=\"https:\/\/www.youtube.com\/embed\/XoTfkiJm-io?feature=oembed\" frameborder=\"0\" allow=\"accelerometer; autoplay; clipboard-write; encrypted-media; gyroscope; picture-in-picture; web-share\" referrerpolicy=\"strict-origin-when-cross-origin\" allowfullscreen><\/iframe><\/div>\n<\/div><\/figure>\n\n\n\n<div class=\"wp-block-buttons aligncenter is-layout-flex wp-block-buttons-is-layout-flex\">\n<div class=\"wp-block-button is-style-outline\"><a class=\"wp-block-button__link\" href=\"https:\/\/darwinia.standardof.net\/pt\/guide\/passo-a-passo-de-nivel\/contencao\/\">N\u00edvel anterior: conten\u00e7\u00e3o<\/a><\/div>\n\n\n\n<div class=\"wp-block-button is-style-fill\"><a class=\"wp-block-button__link\" href=\"https:\/\/darwinia.standardof.net\/pt\/guide\/passo-a-passo-de-nivel\/gerador\/\">Pr\u00f3ximo n\u00edvel: gerador<\/a><\/div>\n<\/div>","protected":false},"excerpt":{"rendered":"<p>The Mine is the next step after unlocking the Trunk Ports in Containment. This level in Darwinia takes place in the land where the Darwinians operate facilities that mine raw polygons out of the mountainsides here. The raw polygons come down from these mining facilities in carts, to be processed at the central facility into [&hellip;]<\/p>","protected":false},"author":1,"featured_media":124,"parent":229,"menu_order":4,"comment_status":"open","ping_status":"closed","template":"","meta":{"_uag_custom_page_level_css":"","site-sidebar-layout":"default","site-content-layout":"default","ast-site-content-layout":"","site-content-style":"default","site-sidebar-style":"default","ast-global-header-display":"","ast-banner-title-visibility":"","ast-main-header-display":"","ast-hfb-above-header-display":"","ast-hfb-below-header-display":"","ast-hfb-mobile-header-display":"","site-post-title":"","ast-breadcrumbs-content":"","ast-featured-img":"","footer-sml-layout":"","theme-transparent-header-meta":"default","adv-header-id-meta":"","stick-header-meta":"","header-above-stick-meta":"","header-main-stick-meta":"","header-below-stick-meta":"","astra-migrate-meta-layouts":"default","ast-page-background-enabled":"default","ast-page-background-meta":{"desktop":{"background-color":"","background-image":"","background-repeat":"repeat","background-position":"center center","background-size":"auto","background-attachment":"scroll","background-type":"","background-media":"","overlay-type":"","overlay-color":"","overlay-gradient":""},"tablet":{"background-color":"","background-image":"","background-repeat":"repeat","background-position":"center center","background-size":"auto","background-attachment":"scroll","background-type":"","background-media":"","overlay-type":"","overlay-color":"","overlay-gradient":""},"mobile":{"background-color":"","background-image":"","background-repeat":"repeat","background-position":"center center","background-size":"auto","background-attachment":"scroll","background-type":"","background-media":"","overlay-type":"","overlay-color":"","overlay-gradient":""}},"ast-content-background-meta":{"desktop":{"background-color":"var(--ast-global-color-5)","background-image":"","background-repeat":"repeat","background-position":"center center","background-size":"auto","background-attachment":"scroll","background-type":"","background-media":"","overlay-type":"","overlay-color":"","overlay-gradient":""},"tablet":{"background-color":"var(--ast-global-color-5)","background-image":"","background-repeat":"repeat","background-position":"center center","background-size":"auto","background-attachment":"scroll","background-type":"","background-media":"","overlay-type":"","overlay-color":"","overlay-gradient":""},"mobile":{"background-color":"var(--ast-global-color-5)","background-image":"","background-repeat":"repeat","background-position":"center center","background-size":"auto","background-attachment":"scroll","background-type":"","background-media":"","overlay-type":"","overlay-color":"","overlay-gradient":""}},"footnotes":""},"uagb_featured_image_src":{"full":["https:\/\/darwinia.standardof.net\/wp-content\/uploads\/sites\/7\/2020\/10\/Darwinia-Level-04-Mine-2.jpg",470,294,false],"thumbnail":["https:\/\/darwinia.standardof.net\/wp-content\/uploads\/sites\/7\/2020\/10\/Darwinia-Level-04-Mine-2-200x125.jpg",200,125,true],"medium":["https:\/\/darwinia.standardof.net\/wp-content\/uploads\/sites\/7\/2020\/10\/Darwinia-Level-04-Mine-2.jpg",470,294,false],"medium_large":["https:\/\/darwinia.standardof.net\/wp-content\/uploads\/sites\/7\/2020\/10\/Darwinia-Level-04-Mine-2.jpg",470,294,false],"large":["https:\/\/darwinia.standardof.net\/wp-content\/uploads\/sites\/7\/2020\/10\/Darwinia-Level-04-Mine-2.jpg",470,294,false],"1536x1536":["https:\/\/darwinia.standardof.net\/wp-content\/uploads\/sites\/7\/2020\/10\/Darwinia-Level-04-Mine-2.jpg",470,294,false],"2048x2048":["https:\/\/darwinia.standardof.net\/wp-content\/uploads\/sites\/7\/2020\/10\/Darwinia-Level-04-Mine-2.jpg",470,294,false],"trp-custom-language-flag":["https:\/\/darwinia.standardof.net\/wp-content\/uploads\/sites\/7\/2020\/10\/Darwinia-Level-04-Mine-2-16x10.jpg",16,10,true]},"uagb_author_info":{"display_name":"SOE","author_link":"https:\/\/darwinia.standardof.net\/pt\/author\/k-tastic\/"},"uagb_comment_info":0,"uagb_excerpt":"The Mine is the next step after unlocking the Trunk Ports in Containment. This level in Darwinia takes place in the land where the Darwinians operate facilities that mine raw polygons out of the mountainsides here. The raw polygons come down from these mining facilities in carts, to be processed at the central facility into&hellip;","_links":{"self":[{"href":"https:\/\/darwinia.standardof.net\/pt\/wp-json\/wp\/v2\/pages\/236"}],"collection":[{"href":"https:\/\/darwinia.standardof.net\/pt\/wp-json\/wp\/v2\/pages"}],"about":[{"href":"https:\/\/darwinia.standardof.net\/pt\/wp-json\/wp\/v2\/types\/page"}],"author":[{"embeddable":true,"href":"https:\/\/darwinia.standardof.net\/pt\/wp-json\/wp\/v2\/users\/1"}],"replies":[{"embeddable":true,"href":"https:\/\/darwinia.standardof.net\/pt\/wp-json\/wp\/v2\/comments?post=236"}],"version-history":[{"count":0,"href":"https:\/\/darwinia.standardof.net\/pt\/wp-json\/wp\/v2\/pages\/236\/revisions"}],"up":[{"embeddable":true,"href":"https:\/\/darwinia.standardof.net\/pt\/wp-json\/wp\/v2\/pages\/229"}],"wp:featuredmedia":[{"embeddable":true,"href":"https:\/\/darwinia.standardof.net\/pt\/wp-json\/wp\/v2\/media\/124"}],"wp:attachment":[{"href":"https:\/\/darwinia.standardof.net\/pt\/wp-json\/wp\/v2\/media?parent=236"}],"curies":[{"name":"wp","href":"https:\/\/api.w.org\/{rel}","templated":true}]}}