{"id":235,"date":"2020-10-29T16:57:38","date_gmt":"2020-10-29T16:57:38","guid":{"rendered":"https:\/\/darwinia.standardof.net\/?page_id=235"},"modified":"2020-10-30T18:09:49","modified_gmt":"2020-10-30T18:09:49","slug":"containment","status":"publish","type":"page","link":"https:\/\/darwinia.standardof.net\/pt\/guide\/passo-a-passo-de-nivel\/contencao\/","title":{"rendered":"Conten\u00e7\u00e3o"},"content":{"rendered":"<div class=\"wp-block-group\"><div class=\"wp-block-group__inner-container is-layout-flow wp-block-group-is-layout-flow\">\n<div style=\"height:20px\" aria-hidden=\"true\" class=\"wp-block-spacer\"><\/div>\n<\/div><\/div>\n\n\n\n<div class=\"wp-block-columns is-layout-flex wp-container-core-columns-is-layout-1 wp-block-columns-is-layout-flex\">\n<div class=\"wp-block-column is-layout-flow wp-block-column-is-layout-flow\">\n<p>Conten\u00e7\u00e3o \u00e9 o n\u00edvel e a \u00e1rea do projeto onde o Doutor Sepulveda foi capaz de conter o v\u00edrus atrav\u00e9s do uso de campos de for\u00e7a gigantes que ele programou no terreno aqui. Voc\u00ea ter\u00e1 3 objetivos neste n\u00edvel, o primeiro \u00e9 resgatar 150 Darwinianos, trazendo-os para baixo da \u00e1rvore situada na parte contida do mapa. Em segundo lugar, voc\u00ea deve baixar os dados de pesquisa localizados neste mapa. Por \u00faltimo, voc\u00ea ter\u00e1 que habilitar as tr\u00eas portas de tronco localizadas em Conten\u00e7\u00e3o em <em>Darwinia.<\/em><\/p>\n<\/div>\n\n\n\n<div class=\"wp-block-column is-layout-flow wp-block-column-is-layout-flow\">\n<figure class=\"wp-block-image size-large\"><a href=\"https:\/\/darwinia.standardof.net\/pt\/guide\/passo-a-passo-de-nivel\/contencao\/darwinia-level-03-containment-1\/\"><img decoding=\"async\" width=\"470\" height=\"294\" src=\"https:\/\/darwinia.standardof.net\/wp-content\/uploads\/sites\/7\/2020\/10\/Darwinia-Level-03-Containment-1.jpg\" alt=\"\" class=\"wp-image-118\" srcset=\"https:\/\/darwinia.standardof.net\/wp-content\/uploads\/sites\/7\/2020\/10\/Darwinia-Level-03-Containment-1.jpg 470w, https:\/\/darwinia.standardof.net\/wp-content\/uploads\/sites\/7\/2020\/10\/Darwinia-Level-03-Containment-1-200x125.jpg 200w, https:\/\/darwinia.standardof.net\/wp-content\/uploads\/sites\/7\/2020\/10\/Darwinia-Level-03-Containment-1-16x10.jpg 16w\" sizes=\"(max-width: 470px) 100vw, 470px\" \/><\/a><\/figure>\n<\/div>\n<\/div>\n\n\n\n<div class=\"wp-block-columns is-layout-flex wp-container-core-columns-is-layout-2 wp-block-columns-is-layout-flex\">\n<div class=\"wp-block-column is-layout-flow wp-block-column-is-layout-flow\">\n<p>Comece a conten\u00e7\u00e3o em <em>Darwinia<\/em> gerando um esquadr\u00e3o dentro da por\u00e7\u00e3o contida do mapa, pelo porto do tronco do jardim. Voc\u00ea ter\u00e1 que limpar uma grande faixa de v\u00edrus usando seu <strong><a href=\"https:\/\/darwinia.standardof.net\/pt\/guide\/armas\/\" class=\"rank-math-link\">lasers<\/a> <\/strong>e granadas. Mais ou menos nessa \u00e9poca, voc\u00ea deve terminar a pesquisa sobre Squads v2.0, come\u00e7ar a trabalhar no Engineers v2.0 a seguir para aumentar as capacidades de coleta de almas dessas unidades quando isso acontecer.<\/p>\n<\/div>\n\n\n\n<div class=\"wp-block-column is-layout-flow wp-block-column-is-layout-flow\">\n<figure class=\"wp-block-image size-large\"><a href=\"https:\/\/darwinia.standardof.net\/pt\/guide\/passo-a-passo-de-nivel\/contencao\/darwinia-level-03-containment-2\/\"><img decoding=\"async\" width=\"470\" height=\"294\" src=\"https:\/\/darwinia.standardof.net\/wp-content\/uploads\/sites\/7\/2020\/10\/Darwinia-Level-03-Containment-2.jpg\" alt=\"\" class=\"wp-image-119\" srcset=\"https:\/\/darwinia.standardof.net\/wp-content\/uploads\/sites\/7\/2020\/10\/Darwinia-Level-03-Containment-2.jpg 470w, https:\/\/darwinia.standardof.net\/wp-content\/uploads\/sites\/7\/2020\/10\/Darwinia-Level-03-Containment-2-200x125.jpg 200w, https:\/\/darwinia.standardof.net\/wp-content\/uploads\/sites\/7\/2020\/10\/Darwinia-Level-03-Containment-2-16x10.jpg 16w\" sizes=\"(max-width: 470px) 100vw, 470px\" \/><\/a><\/figure>\n<\/div>\n<\/div>\n\n\n\n<div class=\"wp-block-columns is-layout-flex wp-container-core-columns-is-layout-3 wp-block-columns-is-layout-flex\">\n<div class=\"wp-block-column is-layout-flow wp-block-column-is-layout-flow\">\n<p>Continue para o <a href=\"https:\/\/darwinia.standardof.net\/pt\/guide\/edificios\/\" class=\"rank-math-link\"><strong>Incubadora<\/strong><\/a>, eliminando a forte infesta\u00e7\u00e3o de Virii e Centipede aqui. Assim que estiver sob seu controle, voc\u00ea pode gerar engenheiros para coletar almas para a Incubadora come\u00e7ar a gerar matan\u00e7as de darwinianos. Limpe o restante desta ilha de qualquer infesta\u00e7\u00e3o viral enquanto coleta o m\u00e1ximo de almas que puder, pois voc\u00ea deve se certificar de que n\u00e3o h\u00e1 mais nada para prejudicar os Darwinianos atualmente indefesos. Tamb\u00e9m \u00e9 uma boa ideia capturar os dois Radar Dish e Control Towers nesta ilha o mais r\u00e1pido poss\u00edvel para adicionar mais pontos ao seu pool de pesquisa.<\/p>\n<\/div>\n\n\n\n<div class=\"wp-block-column is-layout-flow wp-block-column-is-layout-flow\">\n<figure class=\"wp-block-image size-large\"><a href=\"https:\/\/darwinia.standardof.net\/pt\/guide\/passo-a-passo-de-nivel\/contencao\/darwinia-level-03-containment-3\/\"><img decoding=\"async\" width=\"470\" height=\"294\" src=\"https:\/\/darwinia.standardof.net\/wp-content\/uploads\/sites\/7\/2020\/10\/Darwinia-Level-03-Containment-3.jpg\" alt=\"\" class=\"wp-image-120\" srcset=\"https:\/\/darwinia.standardof.net\/wp-content\/uploads\/sites\/7\/2020\/10\/Darwinia-Level-03-Containment-3.jpg 470w, https:\/\/darwinia.standardof.net\/wp-content\/uploads\/sites\/7\/2020\/10\/Darwinia-Level-03-Containment-3-200x125.jpg 200w, https:\/\/darwinia.standardof.net\/wp-content\/uploads\/sites\/7\/2020\/10\/Darwinia-Level-03-Containment-3-16x10.jpg 16w\" sizes=\"(max-width: 470px) 100vw, 470px\" \/><\/a><\/figure>\n<\/div>\n<\/div>\n\n\n\n<div class=\"wp-block-columns is-layout-flex wp-container-core-columns-is-layout-4 wp-block-columns-is-layout-flex\">\n<div class=\"wp-block-column is-layout-flow wp-block-column-is-layout-flow\">\n<p>Em seguida, voc\u00ea pode come\u00e7ar a ir para a ilha com o Porto do tronco da mina. Envie seu esquadr\u00e3o e capture a Torre de Controle do outro lado com um Engenheiro e trabalhe no seu caminho atrav\u00e9s do <a href=\"https:\/\/darwinia.standardof.net\/pt\/guide\/inimigos\/centopeia\/\" class=\"rank-math-link\"><strong>Centop\u00e9ias<\/strong><\/a>, <strong><a class=\"rank-math-link\" href=\"https:\/\/standardof.net\/games\/darwinia-guide\/enemies\/spore-generator\/\" target=\"_blank\" rel=\"noopener\">Spore Generator<\/a> <\/strong>e <strong><a href=\"https:\/\/darwinia.standardof.net\/pt\/guide\/inimigos\/virii\/\" class=\"rank-math-link\">Virii<\/a> <\/strong>aqui. Depois de limpar a Incubadora de infesta\u00e7\u00e3o, fa\u00e7a o mesmo que voc\u00ea fez na primeira ilha, eliminando o resto do v\u00edrus enquanto seus Engenheiros coletam as almas. Certifique-se de capturar o porto de tronco para a mina aqui tamb\u00e9m.<\/p>\n<\/div>\n\n\n\n<div class=\"wp-block-column is-layout-flow wp-block-column-is-layout-flow\">\n<figure class=\"wp-block-image size-large\"><a href=\"https:\/\/darwinia.standardof.net\/pt\/guide\/passo-a-passo-de-nivel\/contencao\/darwinia-level-03-containment-4\/\"><img decoding=\"async\" width=\"470\" height=\"264\" src=\"https:\/\/darwinia.standardof.net\/wp-content\/uploads\/sites\/7\/2020\/10\/Darwinia-Level-03-Containment-4.jpg\" alt=\"\" class=\"wp-image-121\" srcset=\"https:\/\/darwinia.standardof.net\/wp-content\/uploads\/sites\/7\/2020\/10\/Darwinia-Level-03-Containment-4.jpg 470w, https:\/\/darwinia.standardof.net\/wp-content\/uploads\/sites\/7\/2020\/10\/Darwinia-Level-03-Containment-4-200x112.jpg 200w, https:\/\/darwinia.standardof.net\/wp-content\/uploads\/sites\/7\/2020\/10\/Darwinia-Level-03-Containment-4-16x9.jpg 16w\" sizes=\"(max-width: 470px) 100vw, 470px\" \/><\/a><\/figure>\n<\/div>\n<\/div>\n\n\n\n<div class=\"wp-block-columns is-layout-flex wp-container-core-columns-is-layout-5 wp-block-columns-is-layout-flex\">\n<div class=\"wp-block-column is-layout-flow wp-block-column-is-layout-flow\">\n<p>O pr\u00f3ximo passo \u00e9 buscar os dados da pesquisa do m\u00e9dico localizado na ilha com duas centop\u00e9ias e nenhum outro v\u00edrus. O download desses dados lhe dar\u00e1 acesso ao programa de oficial, que agora permite que voc\u00ea transforme darwinianos em unidades capazes de comandar outros <strong><a href=\"https:\/\/darwinia.standardof.net\/pt\/guide\/unidades\/darwinianos\/\" class=\"rank-math-link\">Darwinianos<\/a> <\/strong>para viajar por caminhos definidos. Crie alguns <strong><a href=\"https:\/\/darwinia.standardof.net\/pt\/guide\/unidades\/policial\/\" class=\"rank-math-link\">Oficiais<\/a> <\/strong>pr\u00f3ximo \u00e0s incubadoras capturadas e comece a configurar rotas para que eles sigam at\u00e9 o campo de conten\u00e7\u00e3o. Voc\u00ea ter\u00e1 que fazer v\u00e1rios oficiais para fazer uma rota do tipo conecte o ponto, j\u00e1 que cada um s\u00f3 pode dar um comando de deslocamento linear simples. Certifique-se de que o caminho para a \u00e1rea de conten\u00e7\u00e3o n\u00e3o cruze as bordas do campo de for\u00e7a, pois toc\u00e1-lo matar\u00e1 os darwinianos e eles poder\u00e3o se mover atrav\u00e9s dele.<\/p>\n<\/div>\n\n\n\n<div class=\"wp-block-column is-layout-flow wp-block-column-is-layout-flow\">\n<figure class=\"wp-block-image size-large\"><a href=\"https:\/\/darwinia.standardof.net\/pt\/guide\/passo-a-passo-de-nivel\/contencao\/darwinia-level-03-containment-5\/\"><img decoding=\"async\" width=\"470\" height=\"264\" src=\"https:\/\/darwinia.standardof.net\/wp-content\/uploads\/sites\/7\/2020\/10\/Darwinia-Level-03-Containment-5.jpg\" alt=\"\" class=\"wp-image-122\" srcset=\"https:\/\/darwinia.standardof.net\/wp-content\/uploads\/sites\/7\/2020\/10\/Darwinia-Level-03-Containment-5.jpg 470w, https:\/\/darwinia.standardof.net\/wp-content\/uploads\/sites\/7\/2020\/10\/Darwinia-Level-03-Containment-5-200x112.jpg 200w, https:\/\/darwinia.standardof.net\/wp-content\/uploads\/sites\/7\/2020\/10\/Darwinia-Level-03-Containment-5-16x9.jpg 16w\" sizes=\"(max-width: 470px) 100vw, 470px\" \/><\/a><\/figure>\n<\/div>\n<\/div>\n\n\n\n<p>Depois de baixar os dados, voc\u00ea pode limpar a Ilha final para mais almas se precisar gerar Darwinianos adicionais, mas principalmente voc\u00ea vai querer vir aqui para habilitar o Porto de Tronco para o <a href=\"https:\/\/darwinia.standardof.net\/pt\/guide\/passo-a-passo-de-nivel\/gerador\/\" class=\"rank-math-link\"><strong>Gerador<\/strong><\/a>. Depois de cumprir os objetivos, \u00e9 hora de ir para o <a href=\"https:\/\/darwinia.standardof.net\/pt\/guide\/passo-a-passo-de-nivel\/meu\/\" class=\"rank-math-link\"><strong>Meu<\/strong><\/a>.<\/p>\n\n\n\n<h3 class=\"wp-block-heading\">Conten\u00e7\u00e3o - V\u00eddeo passo a passo do n\u00edvel Darwinia<\/h3>\n\n\n\n<figure class=\"wp-block-embed-youtube wp-block-embed is-type-video is-provider-youtube wp-embed-aspect-16-9 wp-has-aspect-ratio\"><div class=\"wp-block-embed__wrapper\">\n<div class=\"ast-oembed-container\" style=\"height: 100%;\"><iframe title=\"Darwinia - Conten\u00e7\u00e3o - Passo a passo de n\u00edvel completo\" width=\"500\" height=\"281\" src=\"https:\/\/www.youtube.com\/embed\/0lJegklL2xU?feature=oembed\" frameborder=\"0\" allow=\"accelerometer; autoplay; clipboard-write; encrypted-media; gyroscope; picture-in-picture; web-share\" referrerpolicy=\"strict-origin-when-cross-origin\" allowfullscreen><\/iframe><\/div>\n<\/div><\/figure>\n\n\n\n<div class=\"wp-block-buttons aligncenter is-layout-flex wp-block-buttons-is-layout-flex\">\n<div class=\"wp-block-button is-style-outline\"><a class=\"wp-block-button__link\" href=\"https:\/\/darwinia.standardof.net\/pt\/guide\/passo-a-passo-de-nivel\/jardim-2\/\">N\u00edvel anterior: jardim<\/a><\/div>\n\n\n\n<div class=\"wp-block-button is-style-fill\"><a class=\"wp-block-button__link\" href=\"https:\/\/darwinia.standardof.net\/pt\/guide\/passo-a-passo-de-nivel\/meu\/\">Pr\u00f3ximo n\u00edvel: meu<\/a><\/div>\n<\/div>\n\n\n\n<p><\/p>","protected":false},"excerpt":{"rendered":"<p>Containment is the level and area of the project where Doctor Sepulveda was able to contain the virus through the use of giant force fields he programmed into the terrain here. You will have 3 objectives in this level, first is to rescue 150 Darwinians by bringing them underneath the tree sitting in the contained [&hellip;]<\/p>","protected":false},"author":1,"featured_media":122,"parent":229,"menu_order":3,"comment_status":"open","ping_status":"closed","template":"","meta":{"_uag_custom_page_level_css":"","site-sidebar-layout":"default","site-content-layout":"default","ast-site-content-layout":"","site-content-style":"default","site-sidebar-style":"default","ast-global-header-display":"","ast-banner-title-visibility":"","ast-main-header-display":"","ast-hfb-above-header-display":"","ast-hfb-below-header-display":"","ast-hfb-mobile-header-display":"","site-post-title":"","ast-breadcrumbs-content":"","ast-featured-img":"","footer-sml-layout":"","theme-transparent-header-meta":"default","adv-header-id-meta":"","stick-header-meta":"","header-above-stick-meta":"","header-main-stick-meta":"","header-below-stick-meta":"","astra-migrate-meta-layouts":"default","ast-page-background-enabled":"default","ast-page-background-meta":{"desktop":{"background-color":"","background-image":"","background-repeat":"repeat","background-position":"center center","background-size":"auto","background-attachment":"scroll","background-type":"","background-media":"","overlay-type":"","overlay-color":"","overlay-gradient":""},"tablet":{"background-color":"","background-image":"","background-repeat":"repeat","background-position":"center center","background-size":"auto","background-attachment":"scroll","background-type":"","background-media":"","overlay-type":"","overlay-color":"","overlay-gradient":""},"mobile":{"background-color":"","background-image":"","background-repeat":"repeat","background-position":"center center","background-size":"auto","background-attachment":"scroll","background-type":"","background-media":"","overlay-type":"","overlay-color":"","overlay-gradient":""}},"ast-content-background-meta":{"desktop":{"background-color":"var(--ast-global-color-5)","background-image":"","background-repeat":"repeat","background-position":"center center","background-size":"auto","background-attachment":"scroll","background-type":"","background-media":"","overlay-type":"","overlay-color":"","overlay-gradient":""},"tablet":{"background-color":"var(--ast-global-color-5)","background-image":"","background-repeat":"repeat","background-position":"center center","background-size":"auto","background-attachment":"scroll","background-type":"","background-media":"","overlay-type":"","overlay-color":"","overlay-gradient":""},"mobile":{"background-color":"var(--ast-global-color-5)","background-image":"","background-repeat":"repeat","background-position":"center center","background-size":"auto","background-attachment":"scroll","background-type":"","background-media":"","overlay-type":"","overlay-color":"","overlay-gradient":""}},"footnotes":""},"uagb_featured_image_src":{"full":["https:\/\/darwinia.standardof.net\/wp-content\/uploads\/sites\/7\/2020\/10\/Darwinia-Level-03-Containment-5.jpg",470,264,false],"thumbnail":["https:\/\/darwinia.standardof.net\/wp-content\/uploads\/sites\/7\/2020\/10\/Darwinia-Level-03-Containment-5-200x112.jpg",200,112,true],"medium":["https:\/\/darwinia.standardof.net\/wp-content\/uploads\/sites\/7\/2020\/10\/Darwinia-Level-03-Containment-5.jpg",470,264,false],"medium_large":["https:\/\/darwinia.standardof.net\/wp-content\/uploads\/sites\/7\/2020\/10\/Darwinia-Level-03-Containment-5.jpg",470,264,false],"large":["https:\/\/darwinia.standardof.net\/wp-content\/uploads\/sites\/7\/2020\/10\/Darwinia-Level-03-Containment-5.jpg",470,264,false],"1536x1536":["https:\/\/darwinia.standardof.net\/wp-content\/uploads\/sites\/7\/2020\/10\/Darwinia-Level-03-Containment-5.jpg",470,264,false],"2048x2048":["https:\/\/darwinia.standardof.net\/wp-content\/uploads\/sites\/7\/2020\/10\/Darwinia-Level-03-Containment-5.jpg",470,264,false],"trp-custom-language-flag":["https:\/\/darwinia.standardof.net\/wp-content\/uploads\/sites\/7\/2020\/10\/Darwinia-Level-03-Containment-5-16x9.jpg",16,9,true]},"uagb_author_info":{"display_name":"SOE","author_link":"https:\/\/darwinia.standardof.net\/pt\/author\/k-tastic\/"},"uagb_comment_info":3,"uagb_excerpt":"Containment is the level and area of the project where Doctor Sepulveda was able to contain the virus through the use of giant force fields he programmed into the terrain here. You will have 3 objectives in this level, first is to rescue 150 Darwinians by bringing them underneath the tree sitting in the contained&hellip;","_links":{"self":[{"href":"https:\/\/darwinia.standardof.net\/pt\/wp-json\/wp\/v2\/pages\/235"}],"collection":[{"href":"https:\/\/darwinia.standardof.net\/pt\/wp-json\/wp\/v2\/pages"}],"about":[{"href":"https:\/\/darwinia.standardof.net\/pt\/wp-json\/wp\/v2\/types\/page"}],"author":[{"embeddable":true,"href":"https:\/\/darwinia.standardof.net\/pt\/wp-json\/wp\/v2\/users\/1"}],"replies":[{"embeddable":true,"href":"https:\/\/darwinia.standardof.net\/pt\/wp-json\/wp\/v2\/comments?post=235"}],"version-history":[{"count":0,"href":"https:\/\/darwinia.standardof.net\/pt\/wp-json\/wp\/v2\/pages\/235\/revisions"}],"up":[{"embeddable":true,"href":"https:\/\/darwinia.standardof.net\/pt\/wp-json\/wp\/v2\/pages\/229"}],"wp:featuredmedia":[{"embeddable":true,"href":"https:\/\/darwinia.standardof.net\/pt\/wp-json\/wp\/v2\/media\/122"}],"wp:attachment":[{"href":"https:\/\/darwinia.standardof.net\/pt\/wp-json\/wp\/v2\/media?parent=235"}],"curies":[{"name":"wp","href":"https:\/\/api.w.org\/{rel}","templated":true}]}}