{"id":234,"date":"2020-10-29T16:57:14","date_gmt":"2020-10-29T16:57:14","guid":{"rendered":"https:\/\/darwinia.standardof.net\/?page_id=234"},"modified":"2020-10-29T17:06:36","modified_gmt":"2020-10-29T17:06:36","slug":"garden","status":"publish","type":"page","link":"https:\/\/darwinia.standardof.net\/pt\/guide\/passo-a-passo-de-nivel\/jardim-2\/","title":{"rendered":"Jardim"},"content":{"rendered":"<div style=\"height:20px\" aria-hidden=\"true\" class=\"wp-block-spacer\"><\/div>\n\n\n\n<div class=\"wp-block-columns is-layout-flex wp-container-core-columns-is-layout-1 wp-block-columns-is-layout-flex\">\n<div class=\"wp-block-column is-layout-flow wp-block-column-is-layout-flow\">\n<p>O Jardim \u00e9 o primeiro n\u00edvel dispon\u00edvel ap\u00f3s o in\u00edcio de um novo jogo em <em>Darwinia<\/em>. Voc\u00ea ser\u00e1 apresentado ao m\u00e9dico enquanto ele expressa perplexidade sobre como voc\u00ea foi capaz de se conectar ao mundo digital, j\u00e1 que ele bloqueou conex\u00f5es externas devido a uma infec\u00e7\u00e3o de v\u00edrus galopante que assola o projeto. Garden pretende ser uma introdu\u00e7\u00e3o sobre como iniciar e executar programas e controlar o Squad para combater a amea\u00e7a do v\u00edrus.<\/p>\n<\/div>\n\n\n\n<div class=\"wp-block-column is-layout-flow wp-block-column-is-layout-flow\">\n<figure class=\"wp-block-image size-large\"><a href=\"https:\/\/darwinia.standardof.net\/pt\/guide\/passo-a-passo-de-nivel\/jardim-2\/darwinia-level-02-garden-1\/\"><img decoding=\"async\" width=\"470\" height=\"264\" src=\"https:\/\/darwinia.standardof.net\/wp-content\/uploads\/sites\/7\/2020\/10\/Darwinia-Level-02-Garden-1.jpg\" alt=\"\" class=\"wp-image-114\" srcset=\"https:\/\/darwinia.standardof.net\/wp-content\/uploads\/sites\/7\/2020\/10\/Darwinia-Level-02-Garden-1.jpg 470w, https:\/\/darwinia.standardof.net\/wp-content\/uploads\/sites\/7\/2020\/10\/Darwinia-Level-02-Garden-1-200x112.jpg 200w, https:\/\/darwinia.standardof.net\/wp-content\/uploads\/sites\/7\/2020\/10\/Darwinia-Level-02-Garden-1-16x9.jpg 16w\" sizes=\"(max-width: 470px) 100vw, 470px\" \/><\/a><\/figure>\n<\/div>\n<\/div>\n\n\n\n<div class=\"wp-block-columns is-layout-flex wp-container-core-columns-is-layout-2 wp-block-columns-is-layout-flex\">\n<div class=\"wp-block-column is-layout-flow wp-block-column-is-layout-flow\">\n<p>Comece gerando um <strong><a href=\"https:\/\/darwinia.standardof.net\/pt\/guide\/unidades\/pelotao\/\" class=\"rank-math-link\">Pelot\u00e3o<\/a> <\/strong>ou dois e us\u00e1-los para limpar as manchas de Virii da ilha inicial com o pequeno grupo de darwinianos verdes. Assim que chegar ao final desta ilha em forma de S, haver\u00e1 uma caixa azul flutuante. Este \u00e9 um dos itens de pesquisa do Doutor Sepulveda, que voc\u00ea precisar\u00e1 para gerar um <strong><a href=\"https:\/\/darwinia.standardof.net\/pt\/guide\/unidades\/engenheiro\/\" class=\"rank-math-link\">Engenheiro<\/a> <\/strong>ao lado do seu time para baixar. Assim que os dados forem baixados, voc\u00ea ter\u00e1 acesso \u00e0 Grenade, que \u00e9 concedida aos seus Squads.<\/p>\n<\/div>\n\n\n\n<div class=\"wp-block-column is-layout-flow wp-block-column-is-layout-flow\">\n<figure class=\"wp-block-image size-large\"><a href=\"https:\/\/darwinia.standardof.net\/pt\/guide\/passo-a-passo-de-nivel\/jardim-2\/darwinia-level-02-garden-2\/\"><img decoding=\"async\" width=\"470\" height=\"264\" src=\"https:\/\/darwinia.standardof.net\/wp-content\/uploads\/sites\/7\/2020\/10\/Darwinia-Level-02-Garden-2.jpg\" alt=\"\" class=\"wp-image-115\" srcset=\"https:\/\/darwinia.standardof.net\/wp-content\/uploads\/sites\/7\/2020\/10\/Darwinia-Level-02-Garden-2.jpg 470w, https:\/\/darwinia.standardof.net\/wp-content\/uploads\/sites\/7\/2020\/10\/Darwinia-Level-02-Garden-2-200x112.jpg 200w, https:\/\/darwinia.standardof.net\/wp-content\/uploads\/sites\/7\/2020\/10\/Darwinia-Level-02-Garden-2-16x9.jpg 16w\" sizes=\"(max-width: 470px) 100vw, 470px\" \/><\/a><\/figure>\n<\/div>\n<\/div>\n\n\n\n<div class=\"wp-block-columns is-layout-flex wp-container-core-columns-is-layout-3 wp-block-columns-is-layout-flex\">\n<div class=\"wp-block-column is-layout-flow wp-block-column-is-layout-flow\">\n<p>Depois de baixar o <strong><a href=\"https:\/\/darwinia.standardof.net\/pt\/guide\/armas\/\" class=\"rank-math-link\">Grenade<\/a> <\/strong>dados de pesquisa em Garden, capture a torre de controle pr\u00f3xima para obter o controle do <a href=\"https:\/\/darwinia.standardof.net\/pt\/guide\/edificios\/\" class=\"rank-math-link\"><strong>Prato de radar<\/strong><\/a>. Usando isso, voc\u00ea pode apont\u00e1-lo para a antena parab\u00f3lica diretamente atrav\u00e9s da \u00e1gua, enviar seu esquadr\u00e3o e gerar um engenheiro ao lado deles quando sa\u00edrem para capturar o outro lado e come\u00e7ar a pesquisar alguns projetos com os pontos de pesquisa concedidos pela captura da Torre de Controle .<\/p>\n<\/div>\n\n\n\n<div class=\"wp-block-column is-layout-flow wp-block-column-is-layout-flow\">\n<figure class=\"wp-block-image size-large\"><a href=\"https:\/\/darwinia.standardof.net\/pt\/guide\/passo-a-passo-de-nivel\/jardim-2\/darwinia-level-02-garden-3\/\"><img decoding=\"async\" width=\"470\" height=\"264\" src=\"https:\/\/darwinia.standardof.net\/wp-content\/uploads\/sites\/7\/2020\/10\/Darwinia-Level-02-Garden-3.jpg\" alt=\"\" class=\"wp-image-116\" srcset=\"https:\/\/darwinia.standardof.net\/wp-content\/uploads\/sites\/7\/2020\/10\/Darwinia-Level-02-Garden-3.jpg 470w, https:\/\/darwinia.standardof.net\/wp-content\/uploads\/sites\/7\/2020\/10\/Darwinia-Level-02-Garden-3-200x112.jpg 200w, https:\/\/darwinia.standardof.net\/wp-content\/uploads\/sites\/7\/2020\/10\/Darwinia-Level-02-Garden-3-16x9.jpg 16w\" sizes=\"(max-width: 470px) 100vw, 470px\" \/><\/a><\/figure>\n<\/div>\n<\/div>\n\n\n\n<div class=\"wp-block-columns is-layout-flex wp-container-core-columns-is-layout-4 wp-block-columns-is-layout-flex\">\n<div class=\"wp-block-column is-layout-flow wp-block-column-is-layout-flow\">\n<p>H\u00e1 outro grande peda\u00e7o de <strong><a href=\"https:\/\/darwinia.standardof.net\/pt\/guide\/inimigos\/virii\/\" class=\"rank-math-link\">Virii<\/a> <\/strong>um pouco al\u00e9m deste prato lateral de sa\u00edda. Use suas novas granadas para elimin\u00e1-las rapidamente, antes de seguir para o outro lado da ilha, onde h\u00e1 um porto de tronco desativado. Gerar um engenheiro (voc\u00ea pode excluir um que esteja longe e execut\u00e1-lo novamente para reduzir o tempo de viagem) para capturar a torre de controle que alimenta a porta do tronco enquanto usa um esquadr\u00e3o para destruir o \u00faltimo peda\u00e7o de v\u00edrus para terminar o n\u00edvel do jardim e desbloquear <a href=\"https:\/\/darwinia.standardof.net\/pt\/guide\/passo-a-passo-de-nivel\/contencao\/\" class=\"rank-math-link\"><strong>Conten\u00e7\u00e3o<\/strong><\/a>.<\/p>\n<\/div>\n\n\n\n<div class=\"wp-block-column is-layout-flow wp-block-column-is-layout-flow\">\n<figure class=\"wp-block-image size-large\"><a href=\"https:\/\/darwinia.standardof.net\/pt\/guide\/passo-a-passo-de-nivel\/jardim-2\/darwinia-level-02-garden-4\/\"><img decoding=\"async\" width=\"470\" height=\"294\" src=\"https:\/\/darwinia.standardof.net\/wp-content\/uploads\/sites\/7\/2020\/10\/Darwinia-Level-02-Garden-4.jpg\" alt=\"\" class=\"wp-image-117\" srcset=\"https:\/\/darwinia.standardof.net\/wp-content\/uploads\/sites\/7\/2020\/10\/Darwinia-Level-02-Garden-4.jpg 470w, https:\/\/darwinia.standardof.net\/wp-content\/uploads\/sites\/7\/2020\/10\/Darwinia-Level-02-Garden-4-200x125.jpg 200w, https:\/\/darwinia.standardof.net\/wp-content\/uploads\/sites\/7\/2020\/10\/Darwinia-Level-02-Garden-4-16x10.jpg 16w\" sizes=\"(max-width: 470px) 100vw, 470px\" \/><\/a><\/figure>\n<\/div>\n<\/div>\n\n\n\n<h3 class=\"wp-block-heading\">Jardim - Passo a passo em v\u00eddeo sobre Darwinia<\/h3>\n\n\n\n<figure class=\"wp-block-embed-youtube wp-block-embed is-type-video is-provider-youtube wp-embed-aspect-16-9 wp-has-aspect-ratio\"><div class=\"wp-block-embed__wrapper\">\n<div class=\"ast-oembed-container\" style=\"height: 100%;\"><iframe title=\"Darwinia - Jardim - Passo a passo de n\u00edvel completo\" width=\"500\" height=\"281\" src=\"https:\/\/www.youtube.com\/embed\/vg1Qo-uF8U4?feature=oembed\" frameborder=\"0\" allow=\"accelerometer; autoplay; clipboard-write; encrypted-media; gyroscope; picture-in-picture; web-share\" referrerpolicy=\"strict-origin-when-cross-origin\" allowfullscreen><\/iframe><\/div>\n<\/div><\/figure>\n\n\n\n<div class=\"wp-block-buttons aligncenter is-layout-flex wp-block-buttons-is-layout-flex\">\n<div class=\"wp-block-button is-style-outline\"><a class=\"wp-block-button__link\" href=\"https:\/\/darwinia.standardof.net\/pt\/guide\/passo-a-passo-de-nivel\/launchpad-prologo\/\">N\u00edvel anterior: pr\u00f3logo<\/a><\/div>\n\n\n\n<div class=\"wp-block-button is-style-fill\"><a class=\"wp-block-button__link\" href=\"https:\/\/darwinia.standardof.net\/pt\/guide\/passo-a-passo-de-nivel\/contencao\/\">Pr\u00f3ximo n\u00edvel: conten\u00e7\u00e3o<\/a><\/div>\n<\/div>\n\n\n\n<p><\/p>","protected":false},"excerpt":{"rendered":"<p>The Garden is the first level available after beginning a new game in Darwinia. You will be introduced to the doctor as he expresses befuddlement as to how you were able to connect to the digital world, as he has locked down outside connections due to a rampant virus infection plaguing the project. Garden is [&hellip;]<\/p>","protected":false},"author":1,"featured_media":0,"parent":229,"menu_order":2,"comment_status":"open","ping_status":"closed","template":"","meta":{"_uag_custom_page_level_css":"","site-sidebar-layout":"default","site-content-layout":"default","ast-site-content-layout":"","site-content-style":"default","site-sidebar-style":"default","ast-global-header-display":"","ast-banner-title-visibility":"","ast-main-header-display":"","ast-hfb-above-header-display":"","ast-hfb-below-header-display":"","ast-hfb-mobile-header-display":"","site-post-title":"","ast-breadcrumbs-content":"","ast-featured-img":"","footer-sml-layout":"","theme-transparent-header-meta":"default","adv-header-id-meta":"","stick-header-meta":"","header-above-stick-meta":"","header-main-stick-meta":"","header-below-stick-meta":"","astra-migrate-meta-layouts":"default","ast-page-background-enabled":"default","ast-page-background-meta":{"desktop":{"background-color":"","background-image":"","background-repeat":"repeat","background-position":"center center","background-size":"auto","background-attachment":"scroll","background-type":"","background-media":"","overlay-type":"","overlay-color":"","overlay-gradient":""},"tablet":{"background-color":"","background-image":"","background-repeat":"repeat","background-position":"center center","background-size":"auto","background-attachment":"scroll","background-type":"","background-media":"","overlay-type":"","overlay-color":"","overlay-gradient":""},"mobile":{"background-color":"","background-image":"","background-repeat":"repeat","background-position":"center center","background-size":"auto","background-attachment":"scroll","background-type":"","background-media":"","overlay-type":"","overlay-color":"","overlay-gradient":""}},"ast-content-background-meta":{"desktop":{"background-color":"var(--ast-global-color-5)","background-image":"","background-repeat":"repeat","background-position":"center center","background-size":"auto","background-attachment":"scroll","background-type":"","background-media":"","overlay-type":"","overlay-color":"","overlay-gradient":""},"tablet":{"background-color":"var(--ast-global-color-5)","background-image":"","background-repeat":"repeat","background-position":"center center","background-size":"auto","background-attachment":"scroll","background-type":"","background-media":"","overlay-type":"","overlay-color":"","overlay-gradient":""},"mobile":{"background-color":"var(--ast-global-color-5)","background-image":"","background-repeat":"repeat","background-position":"center center","background-size":"auto","background-attachment":"scroll","background-type":"","background-media":"","overlay-type":"","overlay-color":"","overlay-gradient":""}},"footnotes":""},"uagb_featured_image_src":{"full":false,"thumbnail":false,"medium":false,"medium_large":false,"large":false,"1536x1536":false,"2048x2048":false,"trp-custom-language-flag":false},"uagb_author_info":{"display_name":"SOE","author_link":"https:\/\/darwinia.standardof.net\/pt\/author\/k-tastic\/"},"uagb_comment_info":0,"uagb_excerpt":"The Garden is the first level available after beginning a new game in Darwinia. You will be introduced to the doctor as he expresses befuddlement as to how you were able to connect to the digital world, as he has locked down outside connections due to a rampant virus infection plaguing the project. Garden is&hellip;","_links":{"self":[{"href":"https:\/\/darwinia.standardof.net\/pt\/wp-json\/wp\/v2\/pages\/234"}],"collection":[{"href":"https:\/\/darwinia.standardof.net\/pt\/wp-json\/wp\/v2\/pages"}],"about":[{"href":"https:\/\/darwinia.standardof.net\/pt\/wp-json\/wp\/v2\/types\/page"}],"author":[{"embeddable":true,"href":"https:\/\/darwinia.standardof.net\/pt\/wp-json\/wp\/v2\/users\/1"}],"replies":[{"embeddable":true,"href":"https:\/\/darwinia.standardof.net\/pt\/wp-json\/wp\/v2\/comments?post=234"}],"version-history":[{"count":0,"href":"https:\/\/darwinia.standardof.net\/pt\/wp-json\/wp\/v2\/pages\/234\/revisions"}],"up":[{"embeddable":true,"href":"https:\/\/darwinia.standardof.net\/pt\/wp-json\/wp\/v2\/pages\/229"}],"wp:attachment":[{"href":"https:\/\/darwinia.standardof.net\/pt\/wp-json\/wp\/v2\/media?parent=234"}],"curies":[{"name":"wp","href":"https:\/\/api.w.org\/{rel}","templated":true}]}}