{"id":229,"date":"2020-10-29T16:44:09","date_gmt":"2020-10-29T16:44:09","guid":{"rendered":"https:\/\/darwinia.standardof.net\/?page_id=229"},"modified":"2020-10-30T18:16:29","modified_gmt":"2020-10-30T18:16:29","slug":"level-walkthroughs","status":"publish","type":"page","link":"https:\/\/darwinia.standardof.net\/pt\/guide\/passo-a-passo-de-nivel\/","title":{"rendered":"Passo a passo de n\u00edvel"},"content":{"rendered":"<div style=\"height:20px\" aria-hidden=\"true\" class=\"wp-block-spacer\"><\/div>\n\n\n\n<div class=\"wp-block-group\"><div class=\"wp-block-group__inner-container is-layout-flow wp-block-group-is-layout-flow\">\n<div class=\"wp-block-cover alignwide has-background-dim\" style=\"background-image:url(https:\/\/www.standardof.net\/wp-content\/uploads\/2020\/08\/Darwinia-Level-01-Prologue-2.png);background-position:51% 11%;min-height:112px;aspect-ratio:unset;\"><div class=\"wp-block-cover__inner-container is-layout-flow wp-block-cover-is-layout-flow\">\n<h2 class=\"has-text-align-center has-huge-font-size wp-block-heading\"><a href=\"https:\/\/darwinia.standardof.net\/pt\/guide\/passo-a-passo-de-nivel\/launchpad-prologo\/\" class=\"rank-math-link\">01 - Pr\u00f3logo<\/a><\/h2>\n<\/div><\/div>\n\n\n\n<p>Na verdade, esse n\u00edvel ocorre ap\u00f3s os eventos apresentados na hist\u00f3ria principal. Originalmente o n\u00edvel de demonstra\u00e7\u00e3o, feito para servir como uma introdu\u00e7\u00e3o ao Darwin Simulated Life Research Project.<\/p>\n<\/div><\/div>\n\n\n\n<div class=\"wp-block-group\"><div class=\"wp-block-group__inner-container is-layout-flow wp-block-group-is-layout-flow\">\n<div class=\"wp-block-cover alignwide has-background-dim\" style=\"background-image:url(https:\/\/www.standardof.net\/wp-content\/uploads\/2020\/08\/Darwinia-Level-02-Garden-2.jpg);background-position:50% 41%;min-height:112px;aspect-ratio:unset;\"><div class=\"wp-block-cover__inner-container is-layout-flow wp-block-cover-is-layout-flow\">\n<h2 class=\"has-text-align-center has-huge-font-size wp-block-heading\"><a href=\"https:\/\/darwinia.standardof.net\/pt\/guide\/passo-a-passo-de-nivel\/jardim-2\/\" class=\"rank-math-link\">02 - Jardim<\/a><\/h2>\n<\/div><\/div>\n\n\n\n<p>O primeiro n\u00edvel da hist\u00f3ria principal. Aprenda a criar esquadr\u00f5es e os controles b\u00e1sicos do jogo, enquanto \u00e9 apresentado ao V\u00edrus que destr\u00f3i o projeto Darwin.<\/p>\n<\/div><\/div>\n\n\n\n<div class=\"wp-block-group\"><div class=\"wp-block-group__inner-container is-layout-flow wp-block-group-is-layout-flow\">\n<div class=\"wp-block-cover alignwide has-background-dim\" style=\"background-image:url(https:\/\/www.standardof.net\/wp-content\/uploads\/2020\/08\/Darwinia-Level-03-Containment-2.jpg);background-position:39% 44%;min-height:112px;aspect-ratio:unset;\"><div class=\"wp-block-cover__inner-container is-layout-flow wp-block-cover-is-layout-flow\">\n<h2 class=\"has-text-align-center has-huge-font-size wp-block-heading\"><a href=\"https:\/\/darwinia.standardof.net\/pt\/guide\/passo-a-passo-de-nivel\/contencao\/\" class=\"rank-math-link\">03 - Conten\u00e7\u00e3o<\/a><\/h2>\n<\/div><\/div>\n\n\n\n<p>Salve os Dawinianos na \u00fanica \u00e1rea em que o Doutor foi capaz de conter o v\u00edrus.<\/p>\n<\/div><\/div>\n\n\n\n<div class=\"wp-block-group\"><div class=\"wp-block-group__inner-container is-layout-flow wp-block-group-is-layout-flow\">\n<div class=\"wp-block-cover alignwide has-background-dim\" style=\"background-image:url(https:\/\/www.standardof.net\/wp-content\/uploads\/2020\/08\/Darwinia-Level-04-Mine-2.jpg);background-position:52% 24%;min-height:112px;aspect-ratio:unset;\"><div class=\"wp-block-cover__inner-container is-layout-flow wp-block-cover-is-layout-flow\">\n<h2 class=\"has-text-align-center has-huge-font-size wp-block-heading\"><a href=\"https:\/\/darwinia.standardof.net\/pt\/guide\/passo-a-passo-de-nivel\/meu\/\" class=\"rank-math-link\">04 - meu<\/a><\/h2>\n<\/div><\/div>\n\n\n\n<p>Libere a instala\u00e7\u00e3o usada pelos Dawinianos para extrair componentes brutos para a constru\u00e7\u00e3o de estruturas.<\/p>\n<\/div><\/div>\n\n\n\n<div class=\"wp-block-group\"><div class=\"wp-block-group__inner-container is-layout-flow wp-block-group-is-layout-flow\">\n<div class=\"wp-block-cover alignwide has-background-dim\" style=\"background-image:url(https:\/\/www.standardof.net\/wp-content\/uploads\/2020\/08\/Darwinia-Level-05-Generator-2.jpg);background-position:50% 60%;min-height:112px;aspect-ratio:unset;\"><div class=\"wp-block-cover__inner-container is-layout-flow wp-block-cover-is-layout-flow\">\n<h2 class=\"has-text-align-center has-huge-font-size wp-block-heading\"><a href=\"https:\/\/darwinia.standardof.net\/pt\/guide\/passo-a-passo-de-nivel\/gerador\/\" class=\"rank-math-link\">05 - Gerador<\/a><\/h2>\n<\/div><\/div>\n\n\n\n<p>Esta instala\u00e7\u00e3o alimenta o estaleiro de constru\u00e7\u00e3o. Voc\u00ea ter\u00e1 que restabelecer o controle aqui.<\/p>\n<\/div><\/div>\n\n\n\n<div class=\"wp-block-group\"><div class=\"wp-block-group__inner-container is-layout-flow wp-block-group-is-layout-flow\">\n<div class=\"wp-block-cover alignwide has-background-dim\" style=\"background-image:url(https:\/\/www.standardof.net\/wp-content\/uploads\/2020\/08\/Darwinia-Level-06-Escort-1.jpg);background-position:54% 73%;min-height:112px;aspect-ratio:unset;\"><div class=\"wp-block-cover__inner-container is-layout-flow wp-block-cover-is-layout-flow\">\n<h2 class=\"has-text-align-center has-huge-font-size wp-block-heading\"><a href=\"https:\/\/darwinia.standardof.net\/pt\/guide\/passo-a-passo-de-nivel\/escolta\/\" class=\"rank-math-link\">06 - Escolta<\/a><\/h2>\n<\/div><\/div>\n\n\n\n<p>Darwinianos isolados precisam de sua ajuda para chegar \u00e0 \u00e1rea segura do outro lado de uma forte infesta\u00e7\u00e3o viral.<\/p>\n<\/div><\/div>\n\n\n\n<div class=\"wp-block-group\"><div class=\"wp-block-group__inner-container is-layout-flow wp-block-group-is-layout-flow\">\n<div class=\"wp-block-cover alignwide has-background-dim\" style=\"background-image:url(https:\/\/www.standardof.net\/wp-content\/uploads\/2020\/08\/Darwinia-Level-07-Yard-3.jpg);min-height:112px;aspect-ratio:unset;\"><div class=\"wp-block-cover__inner-container is-layout-flow wp-block-cover-is-layout-flow\">\n<h2 class=\"has-text-align-center has-huge-font-size wp-block-heading\"><a href=\"https:\/\/darwinia.standardof.net\/pt\/guide\/passo-a-passo-de-nivel\/jardim\/\" class=\"rank-math-link\">07 - Quintal<\/a><\/h2>\n<\/div><\/div>\n\n\n\n<p>Com o Gerador e a Mina sob controle, \u00e9 hora de alimentar o Yard para come\u00e7ar a produzir armamentos para os darwinianos.<\/p>\n<\/div><\/div>\n\n\n\n<div class=\"wp-block-group\"><div class=\"wp-block-group__inner-container is-layout-flow wp-block-group-is-layout-flow\">\n<div class=\"wp-block-cover alignwide has-background-dim\" style=\"background-image:url(https:\/\/www.standardof.net\/wp-content\/uploads\/2020\/08\/Darwinia-Level-08-Receiver-4.jpg);background-position:49% 9%;min-height:112px;aspect-ratio:unset;\"><div class=\"wp-block-cover__inner-container is-layout-flow wp-block-cover-is-layout-flow\">\n<h2 class=\"has-text-align-center has-huge-font-size wp-block-heading\"><a href=\"https:\/\/darwinia.standardof.net\/pt\/guide\/passo-a-passo-de-nivel\/receptor\/\" class=\"rank-math-link\">08 - Receptor<\/a><\/h2>\n<\/div><\/div>\n\n\n\n<p>O solo sagrado de Darwinia, onde as almas dos darwinianos caem para serem coletadas para renascer no mundo digital.<\/p>\n<\/div><\/div>\n\n\n\n<div class=\"wp-block-group\"><div class=\"wp-block-group__inner-container is-layout-flow wp-block-group-is-layout-flow\">\n<div class=\"wp-block-cover alignwide has-background-dim\" style=\"background-image:url(https:\/\/www.standardof.net\/wp-content\/uploads\/2020\/08\/Darwinia-Level-09-Pattern-Buffer-1.jpg);background-position:46% 33%;min-height:112px;aspect-ratio:unset;\"><div class=\"wp-block-cover__inner-container is-layout-flow wp-block-cover-is-layout-flow\">\n<h2 class=\"has-text-align-center has-huge-font-size wp-block-heading\"><a href=\"https:\/\/darwinia.standardof.net\/pt\/guide\/passo-a-passo-de-nivel\/buffer-padrao\/\" class=\"rank-math-link\">09 - Buffer de Padr\u00e3o<\/a><\/h2>\n<\/div><\/div>\n\n\n\n<p>Esta facilidade fornece a pr\u00f3xima etapa essencial do processo de renascimento darwiniano, fornecendo o padr\u00e3o corporal para as almas coletadas no Receptor.<\/p>\n<\/div><\/div>\n\n\n\n<div class=\"wp-block-group\"><div class=\"wp-block-group__inner-container is-layout-flow wp-block-group-is-layout-flow\">\n<div class=\"wp-block-cover alignwide has-background-dim\" style=\"background-image:url(https:\/\/www.standardof.net\/wp-content\/uploads\/2020\/08\/Darwinia-Level-10-Biosphere-4.jpg);background-position:66% 20%;min-height:112px;aspect-ratio:unset;\"><div class=\"wp-block-cover__inner-container is-layout-flow wp-block-cover-is-layout-flow\">\n<h2 class=\"has-text-align-center has-huge-font-size wp-block-heading\"><a href=\"https:\/\/darwinia.standardof.net\/pt\/guide\/passo-a-passo-de-nivel\/biosfera\/\" class=\"rank-math-link\">10 - Biosfera<\/a><\/h2>\n<\/div><\/div>\n\n\n\n<p>O local de nascimento de todos os darwinianos. As almas dos dados do receptor e do buffer de padr\u00e3o se combinam para criar novos habitantes da paisagem digital dos sonhos.<\/p>\n<\/div><\/div>\n\n\n\n<div class=\"wp-block-group\"><div class=\"wp-block-group__inner-container is-layout-flow wp-block-group-is-layout-flow\">\n<div class=\"wp-block-cover alignwide has-background-dim\" style=\"background-image:url(https:\/\/www.standardof.net\/wp-content\/uploads\/2020\/08\/Darwinia-Level-11-Temple-1.jpg);background-position:47% 56%;min-height:112px;aspect-ratio:unset;\"><div class=\"wp-block-cover__inner-container is-layout-flow wp-block-cover-is-layout-flow\">\n<h2 class=\"has-text-align-center has-huge-font-size wp-block-heading\"><a href=\"https:\/\/darwinia.standardof.net\/pt\/guide\/passo-a-passo-de-nivel\/tempora\/\" class=\"rank-math-link\">11 - Templo<\/a><\/h2>\n<\/div><\/div>\n\n\n\n<p>O desafio final espera por voc\u00ea e a verdade por tr\u00e1s da infec\u00e7\u00e3o \u00e9 descoberta.<\/p>\n<\/div><\/div>","protected":false},"excerpt":{"rendered":"<p>This level actually takes place after the events set forth in the main story. Originally the demo level, made to serve as an introduction to the Darwin Simulated Life Research Project. The first level of the main storyline. Learn to create squads and the basic controls of the game, while being introduced to the Virus [&hellip;]<\/p>","protected":false},"author":1,"featured_media":13,"parent":168,"menu_order":1,"comment_status":"open","ping_status":"closed","template":"","meta":{"_uag_custom_page_level_css":"","site-sidebar-layout":"default","site-content-layout":"default","ast-site-content-layout":"","site-content-style":"default","site-sidebar-style":"default","ast-global-header-display":"","ast-banner-title-visibility":"","ast-main-header-display":"","ast-hfb-above-header-display":"","ast-hfb-below-header-display":"","ast-hfb-mobile-header-display":"","site-post-title":"","ast-breadcrumbs-content":"","ast-featured-img":"","footer-sml-layout":"","theme-transparent-header-meta":"default","adv-header-id-meta":"","stick-header-meta":"","header-above-stick-meta":"","header-main-stick-meta":"","header-below-stick-meta":"","astra-migrate-meta-layouts":"default","ast-page-background-enabled":"default","ast-page-background-meta":{"desktop":{"background-color":"","background-image":"","background-repeat":"repeat","background-position":"center center","background-size":"auto","background-attachment":"scroll","background-type":"","background-media":"","overlay-type":"","overlay-color":"","overlay-gradient":""},"tablet":{"background-color":"","background-image":"","background-repeat":"repeat","background-position":"center center","background-size":"auto","background-attachment":"scroll","background-type":"","background-media":"","overlay-type":"","overlay-color":"","overlay-gradient":""},"mobile":{"background-color":"","background-image":"","background-repeat":"repeat","background-position":"center center","background-size":"auto","background-attachment":"scroll","background-type":"","background-media":"","overlay-type":"","overlay-color":"","overlay-gradient":""}},"ast-content-background-meta":{"desktop":{"background-color":"var(--ast-global-color-5)","background-image":"","background-repeat":"repeat","background-position":"center center","background-size":"auto","background-attachment":"scroll","background-type":"","background-media":"","overlay-type":"","overlay-color":"","overlay-gradient":""},"tablet":{"background-color":"var(--ast-global-color-5)","background-image":"","background-repeat":"repeat","background-position":"center center","background-size":"auto","background-attachment":"scroll","background-type":"","background-media":"","overlay-type":"","overlay-color":"","overlay-gradient":""},"mobile":{"background-color":"var(--ast-global-color-5)","background-image":"","background-repeat":"repeat","background-position":"center center","background-size":"auto","background-attachment":"scroll","background-type":"","background-media":"","overlay-type":"","overlay-color":"","overlay-gradient":""}},"footnotes":""},"uagb_featured_image_src":{"full":["https:\/\/darwinia.standardof.net\/wp-content\/uploads\/sites\/7\/2020\/10\/darwinia1.jpg",1100,369,false],"thumbnail":["https:\/\/darwinia.standardof.net\/wp-content\/uploads\/sites\/7\/2020\/10\/darwinia1-200x67.jpg",200,67,true],"medium":["https:\/\/darwinia.standardof.net\/wp-content\/uploads\/sites\/7\/2020\/10\/darwinia1-512x172.jpg",512,172,true],"medium_large":["https:\/\/darwinia.standardof.net\/wp-content\/uploads\/sites\/7\/2020\/10\/darwinia1-768x258.jpg",768,258,true],"large":["https:\/\/darwinia.standardof.net\/wp-content\/uploads\/sites\/7\/2020\/10\/darwinia1-800x268.jpg",800,268,true],"1536x1536":["https:\/\/darwinia.standardof.net\/wp-content\/uploads\/sites\/7\/2020\/10\/darwinia1.jpg",1100,369,false],"2048x2048":["https:\/\/darwinia.standardof.net\/wp-content\/uploads\/sites\/7\/2020\/10\/darwinia1.jpg",1100,369,false],"trp-custom-language-flag":["https:\/\/darwinia.standardof.net\/wp-content\/uploads\/sites\/7\/2020\/10\/darwinia1-16x5.jpg",16,5,true]},"uagb_author_info":{"display_name":"SOE","author_link":"https:\/\/darwinia.standardof.net\/pt\/author\/k-tastic\/"},"uagb_comment_info":0,"uagb_excerpt":"This level actually takes place after the events set forth in the main story. Originally the demo level, made to serve as an introduction to the Darwin Simulated Life Research Project. The first level of the main storyline. Learn to create squads and the basic controls of the game, while being introduced to the Virus&hellip;","_links":{"self":[{"href":"https:\/\/darwinia.standardof.net\/pt\/wp-json\/wp\/v2\/pages\/229"}],"collection":[{"href":"https:\/\/darwinia.standardof.net\/pt\/wp-json\/wp\/v2\/pages"}],"about":[{"href":"https:\/\/darwinia.standardof.net\/pt\/wp-json\/wp\/v2\/types\/page"}],"author":[{"embeddable":true,"href":"https:\/\/darwinia.standardof.net\/pt\/wp-json\/wp\/v2\/users\/1"}],"replies":[{"embeddable":true,"href":"https:\/\/darwinia.standardof.net\/pt\/wp-json\/wp\/v2\/comments?post=229"}],"version-history":[{"count":0,"href":"https:\/\/darwinia.standardof.net\/pt\/wp-json\/wp\/v2\/pages\/229\/revisions"}],"up":[{"embeddable":true,"href":"https:\/\/darwinia.standardof.net\/pt\/wp-json\/wp\/v2\/pages\/168"}],"wp:featuredmedia":[{"embeddable":true,"href":"https:\/\/darwinia.standardof.net\/pt\/wp-json\/wp\/v2\/media\/13"}],"wp:attachment":[{"href":"https:\/\/darwinia.standardof.net\/pt\/wp-json\/wp\/v2\/media?parent=229"}],"curies":[{"name":"wp","href":"https:\/\/api.w.org\/{rel}","templated":true}]}}