{"id":217,"date":"2020-10-29T16:28:35","date_gmt":"2020-10-29T16:28:35","guid":{"rendered":"https:\/\/darwinia.standardof.net\/?page_id=217"},"modified":"2020-10-29T16:42:08","modified_gmt":"2020-10-29T16:42:08","slug":"squad","status":"publish","type":"page","link":"https:\/\/darwinia.standardof.net\/pt\/guide\/unidades\/pelotao\/","title":{"rendered":"Pelot\u00e3o"},"content":{"rendered":"<figure class=\"wp-block-gallery columns-3 is-cropped wp-block-gallery-1 is-layout-flex wp-block-gallery-is-layout-flex\"><ul class=\"blocks-gallery-grid\"><li class=\"blocks-gallery-item\"><figure><a href=\"https:\/\/darwinia.standardof.net\/pt\/guide\/unidades\/pelotao\/darwinia-units-squad-5\/\"><img decoding=\"async\" width=\"470\" height=\"294\" src=\"https:\/\/darwinia.standardof.net\/wp-content\/uploads\/sites\/7\/2020\/10\/Darwinia-Units-Squad-5.jpg\" alt=\"\" data-id=\"109\" data-full-url=\"https:\/\/darwinia.standardof.net\/wp-content\/uploads\/sites\/7\/2020\/10\/Darwinia-Units-Squad-5.jpg\" data-link=\"https:\/\/darwinia.standardof.net\/guide\/units\/squad\/darwinia-units-squad-5\/\" class=\"wp-image-109\" srcset=\"https:\/\/darwinia.standardof.net\/wp-content\/uploads\/sites\/7\/2020\/10\/Darwinia-Units-Squad-5.jpg 470w, https:\/\/darwinia.standardof.net\/wp-content\/uploads\/sites\/7\/2020\/10\/Darwinia-Units-Squad-5-200x125.jpg 200w, https:\/\/darwinia.standardof.net\/wp-content\/uploads\/sites\/7\/2020\/10\/Darwinia-Units-Squad-5-16x10.jpg 16w\" sizes=\"(max-width: 470px) 100vw, 470px\" \/><\/a><\/figure><\/li><li class=\"blocks-gallery-item\"><figure><a href=\"https:\/\/darwinia.standardof.net\/pt\/guide\/unidades\/pelotao\/darwinia-units-squad-4\/\"><img decoding=\"async\" width=\"470\" height=\"294\" src=\"https:\/\/darwinia.standardof.net\/wp-content\/uploads\/sites\/7\/2020\/10\/Darwinia-Units-Squad-4.jpg\" alt=\"\" data-id=\"108\" data-full-url=\"https:\/\/darwinia.standardof.net\/wp-content\/uploads\/sites\/7\/2020\/10\/Darwinia-Units-Squad-4.jpg\" data-link=\"https:\/\/darwinia.standardof.net\/guide\/units\/squad\/darwinia-units-squad-4\/\" class=\"wp-image-108\" srcset=\"https:\/\/darwinia.standardof.net\/wp-content\/uploads\/sites\/7\/2020\/10\/Darwinia-Units-Squad-4.jpg 470w, https:\/\/darwinia.standardof.net\/wp-content\/uploads\/sites\/7\/2020\/10\/Darwinia-Units-Squad-4-200x125.jpg 200w, https:\/\/darwinia.standardof.net\/wp-content\/uploads\/sites\/7\/2020\/10\/Darwinia-Units-Squad-4-16x10.jpg 16w\" sizes=\"(max-width: 470px) 100vw, 470px\" \/><\/a><\/figure><\/li><li class=\"blocks-gallery-item\"><figure><a href=\"https:\/\/darwinia.standardof.net\/pt\/guide\/unidades\/pelotao\/darwinia-units-squad-3\/\"><img decoding=\"async\" width=\"470\" height=\"294\" src=\"https:\/\/darwinia.standardof.net\/wp-content\/uploads\/sites\/7\/2020\/10\/Darwinia-Units-Squad-3.jpg\" alt=\"\" data-id=\"107\" data-full-url=\"https:\/\/darwinia.standardof.net\/wp-content\/uploads\/sites\/7\/2020\/10\/Darwinia-Units-Squad-3.jpg\" data-link=\"https:\/\/darwinia.standardof.net\/guide\/units\/squad\/darwinia-units-squad-3\/\" class=\"wp-image-107\" srcset=\"https:\/\/darwinia.standardof.net\/wp-content\/uploads\/sites\/7\/2020\/10\/Darwinia-Units-Squad-3.jpg 470w, https:\/\/darwinia.standardof.net\/wp-content\/uploads\/sites\/7\/2020\/10\/Darwinia-Units-Squad-3-200x125.jpg 200w, https:\/\/darwinia.standardof.net\/wp-content\/uploads\/sites\/7\/2020\/10\/Darwinia-Units-Squad-3-16x10.jpg 16w\" sizes=\"(max-width: 470px) 100vw, 470px\" \/><\/a><\/figure><\/li><li class=\"blocks-gallery-item\"><figure><a href=\"https:\/\/darwinia.standardof.net\/pt\/guide\/unidades\/pelotao\/darwinia-units-squad-2\/\"><img decoding=\"async\" width=\"470\" height=\"294\" src=\"https:\/\/darwinia.standardof.net\/wp-content\/uploads\/sites\/7\/2020\/10\/Darwinia-Units-Squad-2.jpg\" alt=\"\" data-id=\"106\" data-full-url=\"https:\/\/darwinia.standardof.net\/wp-content\/uploads\/sites\/7\/2020\/10\/Darwinia-Units-Squad-2.jpg\" data-link=\"https:\/\/darwinia.standardof.net\/guide\/units\/squad\/darwinia-units-squad-2\/\" class=\"wp-image-106\" srcset=\"https:\/\/darwinia.standardof.net\/wp-content\/uploads\/sites\/7\/2020\/10\/Darwinia-Units-Squad-2.jpg 470w, https:\/\/darwinia.standardof.net\/wp-content\/uploads\/sites\/7\/2020\/10\/Darwinia-Units-Squad-2-200x125.jpg 200w, https:\/\/darwinia.standardof.net\/wp-content\/uploads\/sites\/7\/2020\/10\/Darwinia-Units-Squad-2-16x10.jpg 16w\" sizes=\"(max-width: 470px) 100vw, 470px\" \/><\/a><\/figure><\/li><li class=\"blocks-gallery-item\"><figure><a href=\"https:\/\/darwinia.standardof.net\/pt\/guide\/unidades\/pelotao\/darwinia-units-squad-1\/\"><img decoding=\"async\" width=\"470\" height=\"294\" src=\"https:\/\/darwinia.standardof.net\/wp-content\/uploads\/sites\/7\/2020\/10\/Darwinia-Units-Squad-1.jpg\" alt=\"\" data-id=\"105\" data-full-url=\"https:\/\/darwinia.standardof.net\/wp-content\/uploads\/sites\/7\/2020\/10\/Darwinia-Units-Squad-1.jpg\" data-link=\"https:\/\/darwinia.standardof.net\/guide\/units\/squad\/darwinia-units-squad-1\/\" class=\"wp-image-105\" srcset=\"https:\/\/darwinia.standardof.net\/wp-content\/uploads\/sites\/7\/2020\/10\/Darwinia-Units-Squad-1.jpg 470w, https:\/\/darwinia.standardof.net\/wp-content\/uploads\/sites\/7\/2020\/10\/Darwinia-Units-Squad-1-200x125.jpg 200w, https:\/\/darwinia.standardof.net\/wp-content\/uploads\/sites\/7\/2020\/10\/Darwinia-Units-Squad-1-16x10.jpg 16w\" sizes=\"(max-width: 470px) 100vw, 470px\" \/><\/a><\/figure><\/li><\/ul><\/figure>\n\n\n\n<p>Esta \u00e9 a unidade que voc\u00ea mais controlar\u00e1, especialmente na metade inicial do jogo. Este \u00e9 o seu programa criado para combater diretamente o <a href=\"https:\/\/darwinia.standardof.net\/pt\/guide\/inimigos\/\" class=\"rank-math-link\"><strong>amea\u00e7a de v\u00edrus<\/strong><\/a>, equipado inicialmente com o Laser, mas pode posteriormente utilizar v\u00e1rias armas secund\u00e1rias.<\/p>\n\n\n\n<p>O Esquadr\u00e3o \u00e9 um tipo de unidade de programa que voc\u00ea, como jogador, pode executar a qualquer momento perto de uma Torre de controle controlada. Este \u00e9 o programa usado com mais frequ\u00eancia em todo o jogo e tamb\u00e9m aquele que voc\u00ea controla mais diretamente. Usar o bot\u00e3o direito ou o bot\u00e3o de a\u00e7\u00e3o da unidade faz com que o Esquadr\u00e3o dispare lasers em um fluxo constante, enquanto segurar os dois bot\u00f5es do mouse ir\u00e1 disparar qualquer arma secund\u00e1ria atualmente selecionada. Voc\u00ea ter\u00e1 que encontrar os itens de pesquisa antes de desbloquear as armas secund\u00e1rias correspondentes.<\/p>\n\n\n\n<p>O Squad \u00e9 usado pela primeira vez no primeiro n\u00edvel <strong>Jardim<\/strong>, e pode ser usado em todas as miss\u00f5es. Enquanto estiverem sob seu controle, eles n\u00e3o realizar\u00e3o nenhuma a\u00e7\u00e3o que voc\u00ea n\u00e3o os comande diretamente, no entanto, se voc\u00ea desmarcar um esquadr\u00e3o, ele ir\u00e1 disparar automaticamente seus lasers contra v\u00edrus pr\u00f3ximos, embora em uma taxa mais lenta do que se voc\u00ea os estivesse controlando diretamente.<\/p>\n\n\n\n<p>Uma t\u00e1tica que achei \u00fatil \u00e9 comandar um esquadr\u00e3o para atacar um grupo de inimigos para atrair seu fogo e aten\u00e7\u00e3o, deixando-os desmarcados para fazer com que disparem contra esses agressores. Siga este primeiro esquadr\u00e3o de perto com um segundo esquadr\u00e3o e dispare seus lasers constantemente diretamente sobre o time da frente. Isso funciona como um m\u00e9todo de isca, permitindo que voc\u00ea agrupe os inimigos no esquadr\u00e3o avan\u00e7ado enquanto elimina muitos com tiros \u00fanicos. Isso funciona especialmente bem no <a href=\"https:\/\/darwinia.standardof.net\/pt\/guide\/inimigos\/virii\/\" class=\"rank-math-link\"><strong>Virii<\/strong><\/a>.<\/p>\n\n\n\n<p>Uma habilidade importante do Squad \u00e9 servir como um local de spawn m\u00f3vel para <a href=\"https:\/\/darwinia.standardof.net\/pt\/guide\/unidades\/engenheiro\/\" class=\"rank-math-link\"><strong>Engenheiros<\/strong><\/a>, pois fornecem a capacidade de faz\u00ea-lo dentro de um raio de sua localiza\u00e7\u00e3o. Isso serve a muitos usos, por exemplo, permitindo a coleta r\u00e1pida de almas e a captura de estruturas recentemente liberadas do controle de infec\u00e7\u00e3o. Eles tamb\u00e9m parecem ser capazes de sofrer danos moderados antes de morrer.<\/p>\n\n\n\n<h3 class=\"wp-block-heading\"><strong>Squad Research<\/strong><\/h3>\n\n\n\n<p>O esquadr\u00e3o come\u00e7a na vers\u00e3o 1.0, e cada vers\u00e3o subsequente pesquisada at\u00e9 a 4.0 concede um membro extra do esquadr\u00e3o para um esquadr\u00e3o gerado. A vers\u00e3o 1.0 concede 3 membros, 2.0 tem 4 membros, 3.0 tem 5 membros e a vers\u00e3o final 4.0 limita-se a esquadr\u00f5es de 6 membros. N\u00e3o h\u00e1 benef\u00edcios adicionais, e essa pesquisa \u00e9 menos \u00fatil no final do jogo, quando os Darwinianos assumem o controle como a principal for\u00e7a de combate.<\/p>","protected":false},"excerpt":{"rendered":"<p>This is the unit you will find yourself controlling the most, especially in the beginning half of the game. This is your program created to directly battle the virus threat, outfitted initially with the Laser but can later utilize various secondary weapons. The Squad is one of the Program type of units that you as [&hellip;]<\/p>","protected":false},"author":1,"featured_media":105,"parent":210,"menu_order":5,"comment_status":"open","ping_status":"closed","template":"","meta":{"_uag_custom_page_level_css":"","site-sidebar-layout":"default","site-content-layout":"default","ast-site-content-layout":"","site-content-style":"default","site-sidebar-style":"default","ast-global-header-display":"","ast-banner-title-visibility":"","ast-main-header-display":"","ast-hfb-above-header-display":"","ast-hfb-below-header-display":"","ast-hfb-mobile-header-display":"","site-post-title":"","ast-breadcrumbs-content":"","ast-featured-img":"","footer-sml-layout":"","theme-transparent-header-meta":"default","adv-header-id-meta":"","stick-header-meta":"","header-above-stick-meta":"","header-main-stick-meta":"","header-below-stick-meta":"","astra-migrate-meta-layouts":"default","ast-page-background-enabled":"default","ast-page-background-meta":{"desktop":{"background-color":"","background-image":"","background-repeat":"repeat","background-position":"center center","background-size":"auto","background-attachment":"scroll","background-type":"","background-media":"","overlay-type":"","overlay-color":"","overlay-gradient":""},"tablet":{"background-color":"","background-image":"","background-repeat":"repeat","background-position":"center center","background-size":"auto","background-attachment":"scroll","background-type":"","background-media":"","overlay-type":"","overlay-color":"","overlay-gradient":""},"mobile":{"background-color":"","background-image":"","background-repeat":"repeat","background-position":"center center","background-size":"auto","background-attachment":"scroll","background-type":"","background-media":"","overlay-type":"","overlay-color":"","overlay-gradient":""}},"ast-content-background-meta":{"desktop":{"background-color":"var(--ast-global-color-5)","background-image":"","background-repeat":"repeat","background-position":"center center","background-size":"auto","background-attachment":"scroll","background-type":"","background-media":"","overlay-type":"","overlay-color":"","overlay-gradient":""},"tablet":{"background-color":"var(--ast-global-color-5)","background-image":"","background-repeat":"repeat","background-position":"center center","background-size":"auto","background-attachment":"scroll","background-type":"","background-media":"","overlay-type":"","overlay-color":"","overlay-gradient":""},"mobile":{"background-color":"var(--ast-global-color-5)","background-image":"","background-repeat":"repeat","background-position":"center center","background-size":"auto","background-attachment":"scroll","background-type":"","background-media":"","overlay-type":"","overlay-color":"","overlay-gradient":""}},"footnotes":""},"uagb_featured_image_src":{"full":["https:\/\/darwinia.standardof.net\/wp-content\/uploads\/sites\/7\/2020\/10\/Darwinia-Units-Squad-1.jpg",470,294,false],"thumbnail":["https:\/\/darwinia.standardof.net\/wp-content\/uploads\/sites\/7\/2020\/10\/Darwinia-Units-Squad-1-200x125.jpg",200,125,true],"medium":["https:\/\/darwinia.standardof.net\/wp-content\/uploads\/sites\/7\/2020\/10\/Darwinia-Units-Squad-1.jpg",470,294,false],"medium_large":["https:\/\/darwinia.standardof.net\/wp-content\/uploads\/sites\/7\/2020\/10\/Darwinia-Units-Squad-1.jpg",470,294,false],"large":["https:\/\/darwinia.standardof.net\/wp-content\/uploads\/sites\/7\/2020\/10\/Darwinia-Units-Squad-1.jpg",470,294,false],"1536x1536":["https:\/\/darwinia.standardof.net\/wp-content\/uploads\/sites\/7\/2020\/10\/Darwinia-Units-Squad-1.jpg",470,294,false],"2048x2048":["https:\/\/darwinia.standardof.net\/wp-content\/uploads\/sites\/7\/2020\/10\/Darwinia-Units-Squad-1.jpg",470,294,false],"trp-custom-language-flag":["https:\/\/darwinia.standardof.net\/wp-content\/uploads\/sites\/7\/2020\/10\/Darwinia-Units-Squad-1-16x10.jpg",16,10,true]},"uagb_author_info":{"display_name":"SOE","author_link":"https:\/\/darwinia.standardof.net\/pt\/author\/k-tastic\/"},"uagb_comment_info":0,"uagb_excerpt":"This is the unit you will find yourself controlling the most, especially in the beginning half of the game. This is your program created to directly battle the virus threat, outfitted initially with the Laser but can later utilize various secondary weapons. The Squad is one of the Program type of units that you as&hellip;","_links":{"self":[{"href":"https:\/\/darwinia.standardof.net\/pt\/wp-json\/wp\/v2\/pages\/217"}],"collection":[{"href":"https:\/\/darwinia.standardof.net\/pt\/wp-json\/wp\/v2\/pages"}],"about":[{"href":"https:\/\/darwinia.standardof.net\/pt\/wp-json\/wp\/v2\/types\/page"}],"author":[{"embeddable":true,"href":"https:\/\/darwinia.standardof.net\/pt\/wp-json\/wp\/v2\/users\/1"}],"replies":[{"embeddable":true,"href":"https:\/\/darwinia.standardof.net\/pt\/wp-json\/wp\/v2\/comments?post=217"}],"version-history":[{"count":0,"href":"https:\/\/darwinia.standardof.net\/pt\/wp-json\/wp\/v2\/pages\/217\/revisions"}],"up":[{"embeddable":true,"href":"https:\/\/darwinia.standardof.net\/pt\/wp-json\/wp\/v2\/pages\/210"}],"wp:featuredmedia":[{"embeddable":true,"href":"https:\/\/darwinia.standardof.net\/pt\/wp-json\/wp\/v2\/media\/105"}],"wp:attachment":[{"href":"https:\/\/darwinia.standardof.net\/pt\/wp-json\/wp\/v2\/media?parent=217"}],"curies":[{"name":"wp","href":"https:\/\/api.w.org\/{rel}","templated":true}]}}