{"id":216,"date":"2020-10-29T16:28:20","date_gmt":"2020-10-29T16:28:20","guid":{"rendered":"https:\/\/darwinia.standardof.net\/?page_id=216"},"modified":"2020-10-29T16:40:17","modified_gmt":"2020-10-29T16:40:17","slug":"officer","status":"publish","type":"page","link":"https:\/\/darwinia.standardof.net\/pt\/guide\/unidades\/policial\/","title":{"rendered":"Policial"},"content":{"rendered":"<figure class=\"wp-block-gallery columns-3 is-cropped wp-block-gallery-1 is-layout-flex wp-block-gallery-is-layout-flex\"><ul class=\"blocks-gallery-grid\"><li class=\"blocks-gallery-item\"><figure><a href=\"https:\/\/darwinia.standardof.net\/pt\/guide\/unidades\/policial\/darwinia-units-officer-5\/\"><img decoding=\"async\" width=\"470\" height=\"294\" src=\"https:\/\/darwinia.standardof.net\/wp-content\/uploads\/sites\/7\/2020\/10\/Darwinia-Units-Officer-5.jpg\" alt=\"\" data-id=\"104\" data-full-url=\"https:\/\/darwinia.standardof.net\/wp-content\/uploads\/sites\/7\/2020\/10\/Darwinia-Units-Officer-5.jpg\" data-link=\"https:\/\/darwinia.standardof.net\/guide\/units\/officer\/darwinia-units-officer-5\/\" class=\"wp-image-104\" srcset=\"https:\/\/darwinia.standardof.net\/wp-content\/uploads\/sites\/7\/2020\/10\/Darwinia-Units-Officer-5.jpg 470w, https:\/\/darwinia.standardof.net\/wp-content\/uploads\/sites\/7\/2020\/10\/Darwinia-Units-Officer-5-200x125.jpg 200w, https:\/\/darwinia.standardof.net\/wp-content\/uploads\/sites\/7\/2020\/10\/Darwinia-Units-Officer-5-16x10.jpg 16w\" sizes=\"(max-width: 470px) 100vw, 470px\" \/><\/a><\/figure><\/li><li class=\"blocks-gallery-item\"><figure><a href=\"https:\/\/darwinia.standardof.net\/pt\/guide\/unidades\/policial\/darwinia-units-officer-4\/\"><img decoding=\"async\" width=\"470\" height=\"294\" src=\"https:\/\/darwinia.standardof.net\/wp-content\/uploads\/sites\/7\/2020\/10\/Darwinia-Units-Officer-4.jpg\" alt=\"\" data-id=\"103\" data-full-url=\"https:\/\/darwinia.standardof.net\/wp-content\/uploads\/sites\/7\/2020\/10\/Darwinia-Units-Officer-4.jpg\" data-link=\"https:\/\/darwinia.standardof.net\/guide\/units\/officer\/darwinia-units-officer-4\/\" class=\"wp-image-103\" srcset=\"https:\/\/darwinia.standardof.net\/wp-content\/uploads\/sites\/7\/2020\/10\/Darwinia-Units-Officer-4.jpg 470w, https:\/\/darwinia.standardof.net\/wp-content\/uploads\/sites\/7\/2020\/10\/Darwinia-Units-Officer-4-200x125.jpg 200w, https:\/\/darwinia.standardof.net\/wp-content\/uploads\/sites\/7\/2020\/10\/Darwinia-Units-Officer-4-16x10.jpg 16w\" sizes=\"(max-width: 470px) 100vw, 470px\" \/><\/a><\/figure><\/li><li class=\"blocks-gallery-item\"><figure><a href=\"https:\/\/darwinia.standardof.net\/pt\/guide\/unidades\/policial\/darwinia-units-officer-3\/\"><img decoding=\"async\" width=\"470\" height=\"294\" src=\"https:\/\/darwinia.standardof.net\/wp-content\/uploads\/sites\/7\/2020\/10\/Darwinia-Units-Officer-3.jpg\" alt=\"\" data-id=\"102\" data-full-url=\"https:\/\/darwinia.standardof.net\/wp-content\/uploads\/sites\/7\/2020\/10\/Darwinia-Units-Officer-3.jpg\" data-link=\"https:\/\/darwinia.standardof.net\/guide\/units\/officer\/darwinia-units-officer-3\/\" class=\"wp-image-102\" srcset=\"https:\/\/darwinia.standardof.net\/wp-content\/uploads\/sites\/7\/2020\/10\/Darwinia-Units-Officer-3.jpg 470w, https:\/\/darwinia.standardof.net\/wp-content\/uploads\/sites\/7\/2020\/10\/Darwinia-Units-Officer-3-200x125.jpg 200w, https:\/\/darwinia.standardof.net\/wp-content\/uploads\/sites\/7\/2020\/10\/Darwinia-Units-Officer-3-16x10.jpg 16w\" sizes=\"(max-width: 470px) 100vw, 470px\" \/><\/a><\/figure><\/li><li class=\"blocks-gallery-item\"><figure><a href=\"https:\/\/darwinia.standardof.net\/pt\/guide\/unidades\/policial\/darwinia-units-officer-2\/\"><img decoding=\"async\" width=\"470\" height=\"294\" src=\"https:\/\/darwinia.standardof.net\/wp-content\/uploads\/sites\/7\/2020\/10\/Darwinia-Units-Officer-2.jpg\" alt=\"\" data-id=\"101\" data-full-url=\"https:\/\/darwinia.standardof.net\/wp-content\/uploads\/sites\/7\/2020\/10\/Darwinia-Units-Officer-2.jpg\" data-link=\"https:\/\/darwinia.standardof.net\/guide\/units\/officer\/darwinia-units-officer-2\/\" class=\"wp-image-101\" srcset=\"https:\/\/darwinia.standardof.net\/wp-content\/uploads\/sites\/7\/2020\/10\/Darwinia-Units-Officer-2.jpg 470w, https:\/\/darwinia.standardof.net\/wp-content\/uploads\/sites\/7\/2020\/10\/Darwinia-Units-Officer-2-200x125.jpg 200w, https:\/\/darwinia.standardof.net\/wp-content\/uploads\/sites\/7\/2020\/10\/Darwinia-Units-Officer-2-16x10.jpg 16w\" sizes=\"(max-width: 470px) 100vw, 470px\" \/><\/a><\/figure><\/li><li class=\"blocks-gallery-item\"><figure><a href=\"https:\/\/darwinia.standardof.net\/pt\/guide\/unidades\/policial\/darwinia-units-officer-1\/\"><img decoding=\"async\" width=\"470\" height=\"294\" src=\"https:\/\/darwinia.standardof.net\/wp-content\/uploads\/sites\/7\/2020\/10\/Darwinia-Units-Officer-1.jpg\" alt=\"\" data-id=\"100\" data-full-url=\"https:\/\/darwinia.standardof.net\/wp-content\/uploads\/sites\/7\/2020\/10\/Darwinia-Units-Officer-1.jpg\" data-link=\"https:\/\/darwinia.standardof.net\/guide\/units\/officer\/darwinia-units-officer-1\/\" class=\"wp-image-100\" srcset=\"https:\/\/darwinia.standardof.net\/wp-content\/uploads\/sites\/7\/2020\/10\/Darwinia-Units-Officer-1.jpg 470w, https:\/\/darwinia.standardof.net\/wp-content\/uploads\/sites\/7\/2020\/10\/Darwinia-Units-Officer-1-200x125.jpg 200w, https:\/\/darwinia.standardof.net\/wp-content\/uploads\/sites\/7\/2020\/10\/Darwinia-Units-Officer-1-16x10.jpg 16w\" sizes=\"(max-width: 470px) 100vw, 470px\" \/><\/a><\/figure><\/li><\/ul><\/figure>\n\n\n\n<p>Esta unidade pode ser criada executando o programa Oficial em um dos darwinianos verdes em um n\u00edvel. O oficial \u00e9 usado para dar comandos ao <a class=\"rank-math-link\" href=\"https:\/\/www.standardof.net\/games\/darwinia-guide\/units\/darwinians\/\" target=\"_blank\" rel=\"noopener\"><strong>Darwinianos<\/strong><\/a>, que voc\u00ea n\u00e3o pode controlar diretamente.<\/p>\n\n\n\n<p>O programa Officer \u00e9 outro execut\u00e1vel dispon\u00edvel para o jogador, primeiro encontrado como um item de pesquisa que deve ser baixado no n\u00edvel <strong>Conten\u00e7\u00e3o<\/strong>. O oficial tem como objetivo servir ao prop\u00f3sito de ser a sua liga\u00e7\u00e3o entre voc\u00ea e os darwinianos, dando-lhe um meio de influenciar suas a\u00e7\u00f5es e mov\u00ea-los pelos mapas.<\/p>\n\n\n\n<p>O programa \u00e9 executado transformando qualquer Darwiniano em qualquer lugar do mapa em um Oficial. Assim que se transformar no Oficial, a unidade se tornar\u00e1 totalmente control\u00e1vel como os outros programas, por\u00e9m perde as armas a laser e granadas darwinianas. Al\u00e9m disso, os Oficiais n\u00e3o podem ser usados para operar as v\u00e1rias estruturas destinadas ao uso dos darwinistas.<\/p>\n\n\n\n<p>O oficial come\u00e7a com a ordem de movimento que comanda os darwinianos pr\u00f3ximos a viajar para um ponto espec\u00edfico em linha reta do oficial. Cada oficial \u00e9 limitado \u00e0 complexidade de sua ordem de movimento individual, o que significa que voc\u00ea ter\u00e1 que usar v\u00e1rios para fazer os darwinianos se moverem por grandes dist\u00e2ncias.<\/p>\n\n\n\n<h3 class=\"wp-block-heading\"><strong>Officer Research<\/strong><\/h3>\n\n\n\n<p>O oficial come\u00e7a na vers\u00e3o 2.0 com a ordem de movimenta\u00e7\u00e3o, e cada vers\u00e3o subsequente pesquisada concede ordens adicionais que o oficial pode usar para influenciar os darwinianos. Na vers\u00e3o 3.0, o comando a seguir \u00e9 desbloqueado, o que permite que um oficial agrupe Darwinianos em torno dele e os leve a um ponto espec\u00edfico movendo o pr\u00f3prio oficial. Esta ordem tamb\u00e9m pode ser usada para evitar que eles se espalhem muito durante sua moagem normal. Antes de enfrentar o inimigo, voc\u00ea deve desligar essa ordem ou dar uma ordem de movimento no caminho do inimigo para enviar os darwinianos para a batalha, pois eles t\u00eam uma tend\u00eancia a n\u00e3o lutar sob a influ\u00eancia do comando a seguir.<\/p>\n\n\n\n<p>A vers\u00e3o 4.0 \u00e9 a atualiza\u00e7\u00e3o final que pode ser pesquisada e concede a capacidade de absor\u00e7\u00e3o. Este comando faz com que o oficial prenda darwinianos pr\u00f3ximos a ele como escudo pessoal. Isso faz com que as unidades atacantes recebam danos, mas tamb\u00e9m pode ser um grande desperd\u00edcio de unidades. Parece ter um uso pr\u00e1tico limitado e s\u00f3 vale a pena nas miss\u00f5es posteriores, onde voc\u00ea obt\u00e9m desova Darwiniana perp\u00e9tua.<\/p>","protected":false},"excerpt":{"rendered":"<p>This unit can be created by running the Officer program on one of the green Darwinians in a level. The Officer is used to give commands to the Darwinians, which you cannot directly control yourself. The Officer program is another executable available to the player, first found as a research item that must be downloaded [&hellip;]<\/p>","protected":false},"author":1,"featured_media":100,"parent":210,"menu_order":4,"comment_status":"open","ping_status":"closed","template":"","meta":{"_uag_custom_page_level_css":"","site-sidebar-layout":"default","site-content-layout":"default","ast-site-content-layout":"","site-content-style":"default","site-sidebar-style":"default","ast-global-header-display":"","ast-banner-title-visibility":"","ast-main-header-display":"","ast-hfb-above-header-display":"","ast-hfb-below-header-display":"","ast-hfb-mobile-header-display":"","site-post-title":"","ast-breadcrumbs-content":"","ast-featured-img":"","footer-sml-layout":"","theme-transparent-header-meta":"default","adv-header-id-meta":"","stick-header-meta":"","header-above-stick-meta":"","header-main-stick-meta":"","header-below-stick-meta":"","astra-migrate-meta-layouts":"default","ast-page-background-enabled":"default","ast-page-background-meta":{"desktop":{"background-color":"","background-image":"","background-repeat":"repeat","background-position":"center center","background-size":"auto","background-attachment":"scroll","background-type":"","background-media":"","overlay-type":"","overlay-color":"","overlay-gradient":""},"tablet":{"background-color":"","background-image":"","background-repeat":"repeat","background-position":"center center","background-size":"auto","background-attachment":"scroll","background-type":"","background-media":"","overlay-type":"","overlay-color":"","overlay-gradient":""},"mobile":{"background-color":"","background-image":"","background-repeat":"repeat","background-position":"center center","background-size":"auto","background-attachment":"scroll","background-type":"","background-media":"","overlay-type":"","overlay-color":"","overlay-gradient":""}},"ast-content-background-meta":{"desktop":{"background-color":"var(--ast-global-color-5)","background-image":"","background-repeat":"repeat","background-position":"center center","background-size":"auto","background-attachment":"scroll","background-type":"","background-media":"","overlay-type":"","overlay-color":"","overlay-gradient":""},"tablet":{"background-color":"var(--ast-global-color-5)","background-image":"","background-repeat":"repeat","background-position":"center center","background-size":"auto","background-attachment":"scroll","background-type":"","background-media":"","overlay-type":"","overlay-color":"","overlay-gradient":""},"mobile":{"background-color":"var(--ast-global-color-5)","background-image":"","background-repeat":"repeat","background-position":"center center","background-size":"auto","background-attachment":"scroll","background-type":"","background-media":"","overlay-type":"","overlay-color":"","overlay-gradient":""}},"footnotes":""},"uagb_featured_image_src":{"full":["https:\/\/darwinia.standardof.net\/wp-content\/uploads\/sites\/7\/2020\/10\/Darwinia-Units-Officer-1.jpg",470,294,false],"thumbnail":["https:\/\/darwinia.standardof.net\/wp-content\/uploads\/sites\/7\/2020\/10\/Darwinia-Units-Officer-1-200x125.jpg",200,125,true],"medium":["https:\/\/darwinia.standardof.net\/wp-content\/uploads\/sites\/7\/2020\/10\/Darwinia-Units-Officer-1.jpg",470,294,false],"medium_large":["https:\/\/darwinia.standardof.net\/wp-content\/uploads\/sites\/7\/2020\/10\/Darwinia-Units-Officer-1.jpg",470,294,false],"large":["https:\/\/darwinia.standardof.net\/wp-content\/uploads\/sites\/7\/2020\/10\/Darwinia-Units-Officer-1.jpg",470,294,false],"1536x1536":["https:\/\/darwinia.standardof.net\/wp-content\/uploads\/sites\/7\/2020\/10\/Darwinia-Units-Officer-1.jpg",470,294,false],"2048x2048":["https:\/\/darwinia.standardof.net\/wp-content\/uploads\/sites\/7\/2020\/10\/Darwinia-Units-Officer-1.jpg",470,294,false],"trp-custom-language-flag":["https:\/\/darwinia.standardof.net\/wp-content\/uploads\/sites\/7\/2020\/10\/Darwinia-Units-Officer-1-16x10.jpg",16,10,true]},"uagb_author_info":{"display_name":"SOE","author_link":"https:\/\/darwinia.standardof.net\/pt\/author\/k-tastic\/"},"uagb_comment_info":0,"uagb_excerpt":"This unit can be created by running the Officer program on one of the green Darwinians in a level. The Officer is used to give commands to the Darwinians, which you cannot directly control yourself. The Officer program is another executable available to the player, first found as a research item that must be downloaded&hellip;","_links":{"self":[{"href":"https:\/\/darwinia.standardof.net\/pt\/wp-json\/wp\/v2\/pages\/216"}],"collection":[{"href":"https:\/\/darwinia.standardof.net\/pt\/wp-json\/wp\/v2\/pages"}],"about":[{"href":"https:\/\/darwinia.standardof.net\/pt\/wp-json\/wp\/v2\/types\/page"}],"author":[{"embeddable":true,"href":"https:\/\/darwinia.standardof.net\/pt\/wp-json\/wp\/v2\/users\/1"}],"replies":[{"embeddable":true,"href":"https:\/\/darwinia.standardof.net\/pt\/wp-json\/wp\/v2\/comments?post=216"}],"version-history":[{"count":0,"href":"https:\/\/darwinia.standardof.net\/pt\/wp-json\/wp\/v2\/pages\/216\/revisions"}],"up":[{"embeddable":true,"href":"https:\/\/darwinia.standardof.net\/pt\/wp-json\/wp\/v2\/pages\/210"}],"wp:featuredmedia":[{"embeddable":true,"href":"https:\/\/darwinia.standardof.net\/pt\/wp-json\/wp\/v2\/media\/100"}],"wp:attachment":[{"href":"https:\/\/darwinia.standardof.net\/pt\/wp-json\/wp\/v2\/media?parent=216"}],"curies":[{"name":"wp","href":"https:\/\/api.w.org\/{rel}","templated":true}]}}