{"id":215,"date":"2020-10-29T16:27:54","date_gmt":"2020-10-29T16:27:54","guid":{"rendered":"https:\/\/darwinia.standardof.net\/?page_id=215"},"modified":"2020-10-29T16:33:03","modified_gmt":"2020-10-29T16:33:03","slug":"armor","status":"publish","type":"page","link":"https:\/\/darwinia.standardof.net\/pt\/guide\/unidades\/armaduras\/","title":{"rendered":"armaduras"},"content":{"rendered":"<figure class=\"wp-block-gallery columns-3 is-cropped wp-block-gallery-1 is-layout-flex wp-block-gallery-is-layout-flex\"><ul class=\"blocks-gallery-grid\"><li class=\"blocks-gallery-item\"><figure><a href=\"https:\/\/darwinia.standardof.net\/pt\/guide\/unidades\/armaduras\/darwinia-units-armor-5\/\"><img decoding=\"async\" width=\"470\" height=\"294\" src=\"https:\/\/darwinia.standardof.net\/wp-content\/uploads\/sites\/7\/2020\/10\/Darwinia-Units-Armor-5.jpg\" alt=\"\" data-id=\"89\" data-full-url=\"https:\/\/darwinia.standardof.net\/wp-content\/uploads\/sites\/7\/2020\/10\/Darwinia-Units-Armor-5.jpg\" data-link=\"https:\/\/darwinia.standardof.net\/guide\/units\/armor\/darwinia-units-armor-5\/\" class=\"wp-image-89\" srcset=\"https:\/\/darwinia.standardof.net\/wp-content\/uploads\/sites\/7\/2020\/10\/Darwinia-Units-Armor-5.jpg 470w, https:\/\/darwinia.standardof.net\/wp-content\/uploads\/sites\/7\/2020\/10\/Darwinia-Units-Armor-5-200x125.jpg 200w, https:\/\/darwinia.standardof.net\/wp-content\/uploads\/sites\/7\/2020\/10\/Darwinia-Units-Armor-5-16x10.jpg 16w\" sizes=\"(max-width: 470px) 100vw, 470px\" \/><\/a><\/figure><\/li><li class=\"blocks-gallery-item\"><figure><a href=\"https:\/\/darwinia.standardof.net\/pt\/guide\/unidades\/armaduras\/darwinia-units-armor-4\/\"><img decoding=\"async\" width=\"470\" height=\"294\" src=\"https:\/\/darwinia.standardof.net\/wp-content\/uploads\/sites\/7\/2020\/10\/Darwinia-Units-Armor-4.jpg\" alt=\"\" data-id=\"88\" data-full-url=\"https:\/\/darwinia.standardof.net\/wp-content\/uploads\/sites\/7\/2020\/10\/Darwinia-Units-Armor-4.jpg\" data-link=\"https:\/\/darwinia.standardof.net\/guide\/units\/armor\/darwinia-units-armor-4\/\" class=\"wp-image-88\" srcset=\"https:\/\/darwinia.standardof.net\/wp-content\/uploads\/sites\/7\/2020\/10\/Darwinia-Units-Armor-4.jpg 470w, https:\/\/darwinia.standardof.net\/wp-content\/uploads\/sites\/7\/2020\/10\/Darwinia-Units-Armor-4-200x125.jpg 200w, https:\/\/darwinia.standardof.net\/wp-content\/uploads\/sites\/7\/2020\/10\/Darwinia-Units-Armor-4-16x10.jpg 16w\" sizes=\"(max-width: 470px) 100vw, 470px\" \/><\/a><\/figure><\/li><li class=\"blocks-gallery-item\"><figure><a href=\"https:\/\/darwinia.standardof.net\/pt\/guide\/unidades\/armaduras\/darwinia-units-armor-3\/\"><img decoding=\"async\" width=\"470\" height=\"294\" src=\"https:\/\/darwinia.standardof.net\/wp-content\/uploads\/sites\/7\/2020\/10\/Darwinia-Units-Armor-3.jpg\" alt=\"\" data-id=\"87\" data-full-url=\"https:\/\/darwinia.standardof.net\/wp-content\/uploads\/sites\/7\/2020\/10\/Darwinia-Units-Armor-3.jpg\" data-link=\"https:\/\/darwinia.standardof.net\/guide\/units\/armor\/darwinia-units-armor-3\/\" class=\"wp-image-87\" srcset=\"https:\/\/darwinia.standardof.net\/wp-content\/uploads\/sites\/7\/2020\/10\/Darwinia-Units-Armor-3.jpg 470w, https:\/\/darwinia.standardof.net\/wp-content\/uploads\/sites\/7\/2020\/10\/Darwinia-Units-Armor-3-200x125.jpg 200w, https:\/\/darwinia.standardof.net\/wp-content\/uploads\/sites\/7\/2020\/10\/Darwinia-Units-Armor-3-16x10.jpg 16w\" sizes=\"(max-width: 470px) 100vw, 470px\" \/><\/a><\/figure><\/li><li class=\"blocks-gallery-item\"><figure><a href=\"https:\/\/darwinia.standardof.net\/pt\/guide\/unidades\/armaduras\/darwinia-units-armor-2\/\"><img decoding=\"async\" width=\"470\" height=\"294\" src=\"https:\/\/darwinia.standardof.net\/wp-content\/uploads\/sites\/7\/2020\/10\/Darwinia-Units-Armor-2.jpg\" alt=\"\" data-id=\"86\" data-full-url=\"https:\/\/darwinia.standardof.net\/wp-content\/uploads\/sites\/7\/2020\/10\/Darwinia-Units-Armor-2.jpg\" data-link=\"https:\/\/darwinia.standardof.net\/guide\/units\/armor\/darwinia-units-armor-2\/\" class=\"wp-image-86\" srcset=\"https:\/\/darwinia.standardof.net\/wp-content\/uploads\/sites\/7\/2020\/10\/Darwinia-Units-Armor-2.jpg 470w, https:\/\/darwinia.standardof.net\/wp-content\/uploads\/sites\/7\/2020\/10\/Darwinia-Units-Armor-2-200x125.jpg 200w, https:\/\/darwinia.standardof.net\/wp-content\/uploads\/sites\/7\/2020\/10\/Darwinia-Units-Armor-2-16x10.jpg 16w\" sizes=\"(max-width: 470px) 100vw, 470px\" \/><\/a><\/figure><\/li><li class=\"blocks-gallery-item\"><figure><a href=\"https:\/\/darwinia.standardof.net\/pt\/guide\/unidades\/armaduras\/darwinia-units-armor-1\/\"><img decoding=\"async\" width=\"470\" height=\"294\" src=\"https:\/\/darwinia.standardof.net\/wp-content\/uploads\/sites\/7\/2020\/10\/Darwinia-Units-Armor-1.jpg\" alt=\"\" data-id=\"85\" data-full-url=\"https:\/\/darwinia.standardof.net\/wp-content\/uploads\/sites\/7\/2020\/10\/Darwinia-Units-Armor-1.jpg\" data-link=\"https:\/\/darwinia.standardof.net\/guide\/units\/armor\/darwinia-units-armor-1\/\" class=\"wp-image-85\" srcset=\"https:\/\/darwinia.standardof.net\/wp-content\/uploads\/sites\/7\/2020\/10\/Darwinia-Units-Armor-1.jpg 470w, https:\/\/darwinia.standardof.net\/wp-content\/uploads\/sites\/7\/2020\/10\/Darwinia-Units-Armor-1-200x125.jpg 200w, https:\/\/darwinia.standardof.net\/wp-content\/uploads\/sites\/7\/2020\/10\/Darwinia-Units-Armor-1-16x10.jpg 16w\" sizes=\"(max-width: 470px) 100vw, 470px\" \/><\/a><\/figure><\/li><\/ul><\/figure>\n\n\n\n<p>A unidade de armadura em <em>Darwinia <\/em>\u00e9 disponibilizado pela primeira vez ap\u00f3s ativar o <strong>Quintal de constru\u00e7\u00e3o<\/strong>, depois de alimentar os <strong>Meu <\/strong>e a <strong>Gerador<\/strong>. Juntas, essas 3 instala\u00e7\u00f5es fornecem as mat\u00e9rias-primas, energia e capacidade de fabrica\u00e7\u00e3o para produzir a unidade Armor para uso do ex\u00e9rcito darwiniano. Durante o n\u00edvel, voc\u00ea ficar\u00e1 limitado \u00e0s unidades de armadura que saem das linhas de produ\u00e7\u00e3o. Depois de terminar o n\u00edvel de quintal, voc\u00ea poder\u00e1 gerar Armor como um programa execut\u00e1vel, no entanto, apenas nas proximidades de um <strong>Porta Tronco<\/strong>.<\/p>\n\n\n\n<p>A armadura tem um duplo prop\u00f3sito, primeiro sendo um transporte blindado para os darwinianos, que pode carregar at\u00e9 10 <a href=\"https:\/\/darwinia.standardof.net\/pt\/guide\/unidades\/darwinianos\/\" class=\"rank-math-link\"><strong>Darwinianos<\/strong> <\/a>e implant\u00e1-los em um local diferente. A capacidade das unidades de atravessar qualquer terreno, semelhante ao engenheiro, embora em velocidades muito mais r\u00e1pidas, permite que voc\u00ea coloque darwinianos em qualquer lugar. Clique com o bot\u00e3o direito na pr\u00f3pria armadura para acionar o comando de carregamento e os darwinianos pr\u00f3ximos entrar\u00e3o automaticamente a bordo at\u00e9 que ela seja preenchida.<\/p>\n\n\n\n<p>Em segundo lugar, e mais \u00fatil, a armadura pode ser implantada em uma torre estacion\u00e1ria capaz de ser tripulada por at\u00e9 4 darwinianos, em praticamente qualquer pequeno peda\u00e7o de terra plana. Clique com o bot\u00e3o direito na \u00e1rea em que voc\u00ea deseja que a armadura seja instalada e ela ir\u00e1 acelerar e desdobrar instantaneamente. Al\u00e9m disso, voc\u00ea pode trazer darwinianos para guarnecer a torre quando ela for implantada, e ela os lan\u00e7ar\u00e1 no ar por suas costas antes de se virar e lan\u00e7ar, neste caso. Assim que a torre for levantada, os darwinianos pr\u00f3ximos correr\u00e3o e manobr\u00e1-la-\u00e3o. A velocidade da armadura permite que ela acelere facilmente atrav\u00e9s de grandes <a href=\"https:\/\/darwinia.standardof.net\/pt\/guide\/inimigos\/\" class=\"rank-math-link\">v\u00edrus <\/a>infesta\u00e7\u00f5es ilesas. Opcionalmente, voc\u00ea pode comandar uma torre tripulada para direcionar seu fogo se encontrar alvos mais urgentes para focar.<\/p>\n\n\n\n<p>Voc\u00ea n\u00e3o est\u00e1 limitado a quantas Armaduras voc\u00ea pode criar, embora apenas algumas torres possam ser implantadas em uma determinada \u00e1rea, e enquanto elas ainda s\u00e3o Armaduras, elas ocupar\u00e3o um slot de programa. A torre tamb\u00e9m \u00e9 a arma mais poderosa dispon\u00edvel para suas for\u00e7as, especialmente ap\u00f3s atualizar seu alcance por meio de pesquisas, uma vez que permite aos darwinianos atacar e matar com sucesso todos os tipos de v\u00edrus, embora uma \u00fanica torre possa ser invadida por uma grande for\u00e7a, e eles podem ser destru\u00eddo por granadas inimigas ou amigas.<\/p>\n\n\n\n<p>Por \u00faltimo, \u00e9 extremamente importante perceber que, embora seus darwinianos verdes possam guarnecer essas torres, o mesmo pode acontecer com os darwinianos vermelhos inimigos, caso alcancem uma que n\u00e3o esteja tripulada ou invadam uma das suas. Se isso acontecer, a torre ser\u00e1 acionada contra suas for\u00e7as e pode realmente destruir grandes grupos rapidamente. Se isso acontecer, uma de suas melhores apostas \u00e9 enviar v\u00e1rios esquadr\u00f5es de isca para puxar o fogo, e seguir com um sob seu controle, e dar uma granada ou um ataque a\u00e9reo para elimin\u00e1-lo.<\/p>\n\n\n\n<p><strong>Pesquisa<br><\/strong>A armadura come\u00e7a na v1.0, permitindo que 10 darwinianos embarquem na unidade at\u00e9 que ela atinja sua capacidade total. Pesquisando para a v2.0 concede alcance adicional e uma capacidade m\u00e1xima de transporte de 20, a v3.0 permite 30 darwinianos e um alcance muito longo, enquanto finalmente a v4.0 concede uma capacidade de 40 e alcance suficiente para eliminar os v\u00edrus de alcance extremo, que se combinado com um grande ponto de vista, significa que nenhum v\u00edrus est\u00e1 chegando perto dessa torre.<\/p>","protected":false},"excerpt":{"rendered":"<p>The Armor unit in Darwinia is first made available after activating the Construction Yard, after powering both the Mine and the Generator. These 3 facilities together provide the raw materials, power, and manufacturing capability to produce the Armor unit for use by the Darwinian army. During the level you will be limited to the Armor [&hellip;]<\/p>","protected":false},"author":1,"featured_media":88,"parent":210,"menu_order":3,"comment_status":"open","ping_status":"closed","template":"","meta":{"_uag_custom_page_level_css":"","site-sidebar-layout":"default","site-content-layout":"default","ast-site-content-layout":"","site-content-style":"default","site-sidebar-style":"default","ast-global-header-display":"","ast-banner-title-visibility":"","ast-main-header-display":"","ast-hfb-above-header-display":"","ast-hfb-below-header-display":"","ast-hfb-mobile-header-display":"","site-post-title":"","ast-breadcrumbs-content":"","ast-featured-img":"","footer-sml-layout":"","theme-transparent-header-meta":"default","adv-header-id-meta":"","stick-header-meta":"","header-above-stick-meta":"","header-main-stick-meta":"","header-below-stick-meta":"","astra-migrate-meta-layouts":"default","ast-page-background-enabled":"default","ast-page-background-meta":{"desktop":{"background-color":"","background-image":"","background-repeat":"repeat","background-position":"center center","background-size":"auto","background-attachment":"scroll","background-type":"","background-media":"","overlay-type":"","overlay-color":"","overlay-gradient":""},"tablet":{"background-color":"","background-image":"","background-repeat":"repeat","background-position":"center center","background-size":"auto","background-attachment":"scroll","background-type":"","background-media":"","overlay-type":"","overlay-color":"","overlay-gradient":""},"mobile":{"background-color":"","background-image":"","background-repeat":"repeat","background-position":"center center","background-size":"auto","background-attachment":"scroll","background-type":"","background-media":"","overlay-type":"","overlay-color":"","overlay-gradient":""}},"ast-content-background-meta":{"desktop":{"background-color":"var(--ast-global-color-5)","background-image":"","background-repeat":"repeat","background-position":"center center","background-size":"auto","background-attachment":"scroll","background-type":"","background-media":"","overlay-type":"","overlay-color":"","overlay-gradient":""},"tablet":{"background-color":"var(--ast-global-color-5)","background-image":"","background-repeat":"repeat","background-position":"center center","background-size":"auto","background-attachment":"scroll","background-type":"","background-media":"","overlay-type":"","overlay-color":"","overlay-gradient":""},"mobile":{"background-color":"var(--ast-global-color-5)","background-image":"","background-repeat":"repeat","background-position":"center center","background-size":"auto","background-attachment":"scroll","background-type":"","background-media":"","overlay-type":"","overlay-color":"","overlay-gradient":""}},"footnotes":""},"uagb_featured_image_src":{"full":["https:\/\/darwinia.standardof.net\/wp-content\/uploads\/sites\/7\/2020\/10\/Darwinia-Units-Armor-4.jpg",470,294,false],"thumbnail":["https:\/\/darwinia.standardof.net\/wp-content\/uploads\/sites\/7\/2020\/10\/Darwinia-Units-Armor-4-200x125.jpg",200,125,true],"medium":["https:\/\/darwinia.standardof.net\/wp-content\/uploads\/sites\/7\/2020\/10\/Darwinia-Units-Armor-4.jpg",470,294,false],"medium_large":["https:\/\/darwinia.standardof.net\/wp-content\/uploads\/sites\/7\/2020\/10\/Darwinia-Units-Armor-4.jpg",470,294,false],"large":["https:\/\/darwinia.standardof.net\/wp-content\/uploads\/sites\/7\/2020\/10\/Darwinia-Units-Armor-4.jpg",470,294,false],"1536x1536":["https:\/\/darwinia.standardof.net\/wp-content\/uploads\/sites\/7\/2020\/10\/Darwinia-Units-Armor-4.jpg",470,294,false],"2048x2048":["https:\/\/darwinia.standardof.net\/wp-content\/uploads\/sites\/7\/2020\/10\/Darwinia-Units-Armor-4.jpg",470,294,false],"trp-custom-language-flag":["https:\/\/darwinia.standardof.net\/wp-content\/uploads\/sites\/7\/2020\/10\/Darwinia-Units-Armor-4-16x10.jpg",16,10,true]},"uagb_author_info":{"display_name":"SOE","author_link":"https:\/\/darwinia.standardof.net\/pt\/author\/k-tastic\/"},"uagb_comment_info":0,"uagb_excerpt":"The Armor unit in Darwinia is first made available after activating the Construction Yard, after powering both the Mine and the Generator. These 3 facilities together provide the raw materials, power, and manufacturing capability to produce the Armor unit for use by the Darwinian army. During the level you will be limited to the Armor&hellip;","_links":{"self":[{"href":"https:\/\/darwinia.standardof.net\/pt\/wp-json\/wp\/v2\/pages\/215"}],"collection":[{"href":"https:\/\/darwinia.standardof.net\/pt\/wp-json\/wp\/v2\/pages"}],"about":[{"href":"https:\/\/darwinia.standardof.net\/pt\/wp-json\/wp\/v2\/types\/page"}],"author":[{"embeddable":true,"href":"https:\/\/darwinia.standardof.net\/pt\/wp-json\/wp\/v2\/users\/1"}],"replies":[{"embeddable":true,"href":"https:\/\/darwinia.standardof.net\/pt\/wp-json\/wp\/v2\/comments?post=215"}],"version-history":[{"count":0,"href":"https:\/\/darwinia.standardof.net\/pt\/wp-json\/wp\/v2\/pages\/215\/revisions"}],"up":[{"embeddable":true,"href":"https:\/\/darwinia.standardof.net\/pt\/wp-json\/wp\/v2\/pages\/210"}],"wp:featuredmedia":[{"embeddable":true,"href":"https:\/\/darwinia.standardof.net\/pt\/wp-json\/wp\/v2\/media\/88"}],"wp:attachment":[{"href":"https:\/\/darwinia.standardof.net\/pt\/wp-json\/wp\/v2\/media?parent=215"}],"curies":[{"name":"wp","href":"https:\/\/api.w.org\/{rel}","templated":true}]}}