{"id":214,"date":"2020-10-29T16:27:37","date_gmt":"2020-10-29T16:27:37","guid":{"rendered":"https:\/\/darwinia.standardof.net\/?page_id=214"},"modified":"2020-10-29T16:37:57","modified_gmt":"2020-10-29T16:37:57","slug":"engineer","status":"publish","type":"page","link":"https:\/\/darwinia.standardof.net\/pt\/guide\/unidades\/engenheiro\/","title":{"rendered":"Engenheiro"},"content":{"rendered":"<figure class=\"wp-block-gallery columns-3 is-cropped wp-block-gallery-1 is-layout-flex wp-block-gallery-is-layout-flex\"><ul class=\"blocks-gallery-grid\"><li class=\"blocks-gallery-item\"><figure><a href=\"https:\/\/darwinia.standardof.net\/pt\/guide\/unidades\/engenheiro\/darwinia-units-engineer-4\/\"><img decoding=\"async\" width=\"470\" height=\"294\" src=\"https:\/\/darwinia.standardof.net\/wp-content\/uploads\/sites\/7\/2020\/10\/Darwinia-Units-Engineer-4.jpg\" alt=\"\" data-id=\"98\" data-full-url=\"https:\/\/darwinia.standardof.net\/wp-content\/uploads\/sites\/7\/2020\/10\/Darwinia-Units-Engineer-4.jpg\" data-link=\"https:\/\/darwinia.standardof.net\/guide\/units\/engineer\/darwinia-units-engineer-4\/\" class=\"wp-image-98\" srcset=\"https:\/\/darwinia.standardof.net\/wp-content\/uploads\/sites\/7\/2020\/10\/Darwinia-Units-Engineer-4.jpg 470w, https:\/\/darwinia.standardof.net\/wp-content\/uploads\/sites\/7\/2020\/10\/Darwinia-Units-Engineer-4-200x125.jpg 200w, https:\/\/darwinia.standardof.net\/wp-content\/uploads\/sites\/7\/2020\/10\/Darwinia-Units-Engineer-4-16x10.jpg 16w\" sizes=\"(max-width: 470px) 100vw, 470px\" \/><\/a><\/figure><\/li><li class=\"blocks-gallery-item\"><figure><a href=\"https:\/\/darwinia.standardof.net\/pt\/guide\/unidades\/engenheiro\/darwinia-units-engineer-5\/\"><img decoding=\"async\" width=\"470\" height=\"264\" src=\"https:\/\/darwinia.standardof.net\/wp-content\/uploads\/sites\/7\/2020\/10\/Darwinia-Units-Engineer-5.jpg\" alt=\"\" data-id=\"99\" data-full-url=\"https:\/\/darwinia.standardof.net\/wp-content\/uploads\/sites\/7\/2020\/10\/Darwinia-Units-Engineer-5.jpg\" data-link=\"https:\/\/darwinia.standardof.net\/guide\/units\/engineer\/darwinia-units-engineer-5\/\" class=\"wp-image-99\" srcset=\"https:\/\/darwinia.standardof.net\/wp-content\/uploads\/sites\/7\/2020\/10\/Darwinia-Units-Engineer-5.jpg 470w, https:\/\/darwinia.standardof.net\/wp-content\/uploads\/sites\/7\/2020\/10\/Darwinia-Units-Engineer-5-200x112.jpg 200w, https:\/\/darwinia.standardof.net\/wp-content\/uploads\/sites\/7\/2020\/10\/Darwinia-Units-Engineer-5-16x9.jpg 16w\" sizes=\"(max-width: 470px) 100vw, 470px\" \/><\/a><\/figure><\/li><li class=\"blocks-gallery-item\"><figure><a href=\"https:\/\/darwinia.standardof.net\/pt\/guide\/unidades\/engenheiro\/darwinia-units-engineer-3\/\"><img decoding=\"async\" width=\"470\" height=\"294\" src=\"https:\/\/darwinia.standardof.net\/wp-content\/uploads\/sites\/7\/2020\/10\/Darwinia-Units-Engineer-3.jpg\" alt=\"\" data-id=\"97\" data-full-url=\"https:\/\/darwinia.standardof.net\/wp-content\/uploads\/sites\/7\/2020\/10\/Darwinia-Units-Engineer-3.jpg\" data-link=\"https:\/\/darwinia.standardof.net\/guide\/units\/engineer\/darwinia-units-engineer-3\/\" class=\"wp-image-97\" srcset=\"https:\/\/darwinia.standardof.net\/wp-content\/uploads\/sites\/7\/2020\/10\/Darwinia-Units-Engineer-3.jpg 470w, https:\/\/darwinia.standardof.net\/wp-content\/uploads\/sites\/7\/2020\/10\/Darwinia-Units-Engineer-3-200x125.jpg 200w, https:\/\/darwinia.standardof.net\/wp-content\/uploads\/sites\/7\/2020\/10\/Darwinia-Units-Engineer-3-16x10.jpg 16w\" sizes=\"(max-width: 470px) 100vw, 470px\" \/><\/a><\/figure><\/li><li class=\"blocks-gallery-item\"><figure><a href=\"https:\/\/darwinia.standardof.net\/pt\/guide\/unidades\/engenheiro\/darwinia-units-engineer-2\/\"><img decoding=\"async\" width=\"470\" height=\"294\" src=\"https:\/\/darwinia.standardof.net\/wp-content\/uploads\/sites\/7\/2020\/10\/Darwinia-Units-Engineer-2.jpg\" alt=\"\" data-id=\"96\" data-full-url=\"https:\/\/darwinia.standardof.net\/wp-content\/uploads\/sites\/7\/2020\/10\/Darwinia-Units-Engineer-2.jpg\" data-link=\"https:\/\/darwinia.standardof.net\/guide\/units\/engineer\/darwinia-units-engineer-2\/\" class=\"wp-image-96\" srcset=\"https:\/\/darwinia.standardof.net\/wp-content\/uploads\/sites\/7\/2020\/10\/Darwinia-Units-Engineer-2.jpg 470w, https:\/\/darwinia.standardof.net\/wp-content\/uploads\/sites\/7\/2020\/10\/Darwinia-Units-Engineer-2-200x125.jpg 200w, https:\/\/darwinia.standardof.net\/wp-content\/uploads\/sites\/7\/2020\/10\/Darwinia-Units-Engineer-2-16x10.jpg 16w\" sizes=\"(max-width: 470px) 100vw, 470px\" \/><\/a><\/figure><\/li><li class=\"blocks-gallery-item\"><figure><a href=\"https:\/\/darwinia.standardof.net\/pt\/guide\/unidades\/engenheiro\/darwinia-units-engineer-1\/\"><img decoding=\"async\" width=\"470\" height=\"294\" src=\"https:\/\/darwinia.standardof.net\/wp-content\/uploads\/sites\/7\/2020\/10\/Darwinia-Units-Engineer-1.jpg\" alt=\"\" data-id=\"95\" data-full-url=\"https:\/\/darwinia.standardof.net\/wp-content\/uploads\/sites\/7\/2020\/10\/Darwinia-Units-Engineer-1.jpg\" data-link=\"https:\/\/darwinia.standardof.net\/guide\/units\/engineer\/darwinia-units-engineer-1\/\" class=\"wp-image-95\" srcset=\"https:\/\/darwinia.standardof.net\/wp-content\/uploads\/sites\/7\/2020\/10\/Darwinia-Units-Engineer-1.jpg 470w, https:\/\/darwinia.standardof.net\/wp-content\/uploads\/sites\/7\/2020\/10\/Darwinia-Units-Engineer-1-200x125.jpg 200w, https:\/\/darwinia.standardof.net\/wp-content\/uploads\/sites\/7\/2020\/10\/Darwinia-Units-Engineer-1-16x10.jpg 16w\" sizes=\"(max-width: 470px) 100vw, 470px\" \/><\/a><\/figure><\/li><\/ul><\/figure>\n\n\n\n<p>Esta unidade \u00e9 criada executando o programa Engineer perto de um de seus <a href=\"https:\/\/darwinia.standardof.net\/pt\/guide\/unidades\/pelotao\/\" class=\"rank-math-link\"><strong>Esquadr\u00f5es<\/strong> <\/a>ou capturado <strong>Torres de controle<\/strong>. O Engineer \u00e9 usado para coletar almas para gerar mais Darwinianos, reprogramar e capturar edif\u00edcios e, finalmente, baixar dados de pesquisa.<\/p>\n\n\n\n<p>O engenheiro \u00e9 apropriadamente nomeado considerando seu prop\u00f3sito principal. Esta unidade \u00e9 um programa execut\u00e1vel dispon\u00edvel desde o in\u00edcio da primeira miss\u00e3o \u201c<strong>Jardim<\/strong>\u201dE assim por diante durante todo o jogo de <em>Darwinia<\/em>. O Engenheiro serve como uma unidade de m\u00e3o de obra, coletando almas para gerar mais darwinianos verdes, baixando novos itens de pesquisa que voc\u00ea encontrou nas miss\u00f5es ou reprogramando estruturas infectadas para devolv\u00ea-las ao seu controle e aos darwinianos.<\/p>\n\n\n\n<p>O Engineer \u00e9 capaz de receber algum dano leve, mas geralmente precisa ser protegido durante o processo de coleta de almas e \u00e0s vezes reprograma\u00e7\u00e3o se inimigos estiverem pr\u00f3ximos. Eles n\u00e3o experimentam qualquer tipo de hesita\u00e7\u00e3o em pairar direto no caminho de uma s\u00e9rie de <strong><a href=\"https:\/\/darwinia.standardof.net\/pt\/guide\/inimigos\/\" class=\"rank-math-link\">v\u00edrus<\/a><\/strong>, apenas para pegar uma \u00fanica alma pr\u00f3xima. Esteja avisado de que voc\u00ea deve ficar de olho neles durante esta tarefa, especialmente se precisar desesperadamente de alguns amiguinhos verdes para uma tarefa espec\u00edfica.<\/p>\n\n\n\n<p>Ao contr\u00e1rio do Squad, os Engineers s\u00e3o capazes de pairar sobre a \u00e1gua, permitindo que voc\u00ea os use como insurgentes, cruzando as \u00e1guas e evitando infesta\u00e7\u00f5es pesadas para reprogramar estruturas atr\u00e1s das linhas inimigas. Eles s\u00e3o limitados \u00e0 inclina\u00e7\u00e3o \u00edngreme que podem subir. Um \u00faltimo ponto a ser observado \u00e9 a capacidade de gerar Engineers a uma pequena dist\u00e2ncia dos Squads.<\/p>\n\n\n\n<h3 class=\"wp-block-heading\"><strong>Engenheiro de Pesquisa<\/strong><\/h3>\n\n\n\n<p>O Engenheiro come\u00e7a na Vers\u00e3o 1.0, e cada vers\u00e3o subsequente pesquisada at\u00e9 a 4.0 concede ao Engenheiro a capacidade de carregar mais almas antes de ter que retornar e deix\u00e1-las em uma incubadora.<\/p>\n\n\n\n<p>Lembre-se de que esta pesquisa apresenta altos e baixos. Mais almas carregadas significam que voc\u00ea ser\u00e1 capaz de gerar mais Darwinianos, mas tamb\u00e9m significa mais tempo antes que o Engenheiro retorne para entregar sua cole\u00e7\u00e3o, e considerando sua gan\u00e2ncia desimpedida na coleta de almas, muitas vezes pode acabar sendo golpeado com um grande carga de almas a reboque. Os engenheiros da vers\u00e3o 1.0 podem transportar 10 almas, 2.0 pode conter 15 almas, 3.0 pode conter 25 almas e 4.0 pode conter 30.<\/p>","protected":false},"excerpt":{"rendered":"<p>This unit is created by running the Engineer program near one of your Squads or captured Control Towers. The Engineer is used to collect souls for spawning more Darwinians, reprogramming and capturing buildings and finally to download research data. The Engineer is aptly named considering its primary purpose. This unit is an executable program available [&hellip;]<\/p>","protected":false},"author":1,"featured_media":98,"parent":210,"menu_order":2,"comment_status":"open","ping_status":"closed","template":"","meta":{"_uag_custom_page_level_css":"","site-sidebar-layout":"default","site-content-layout":"default","ast-site-content-layout":"","site-content-style":"default","site-sidebar-style":"default","ast-global-header-display":"","ast-banner-title-visibility":"","ast-main-header-display":"","ast-hfb-above-header-display":"","ast-hfb-below-header-display":"","ast-hfb-mobile-header-display":"","site-post-title":"","ast-breadcrumbs-content":"","ast-featured-img":"","footer-sml-layout":"","theme-transparent-header-meta":"default","adv-header-id-meta":"","stick-header-meta":"","header-above-stick-meta":"","header-main-stick-meta":"","header-below-stick-meta":"","astra-migrate-meta-layouts":"default","ast-page-background-enabled":"default","ast-page-background-meta":{"desktop":{"background-color":"","background-image":"","background-repeat":"repeat","background-position":"center center","background-size":"auto","background-attachment":"scroll","background-type":"","background-media":"","overlay-type":"","overlay-color":"","overlay-gradient":""},"tablet":{"background-color":"","background-image":"","background-repeat":"repeat","background-position":"center center","background-size":"auto","background-attachment":"scroll","background-type":"","background-media":"","overlay-type":"","overlay-color":"","overlay-gradient":""},"mobile":{"background-color":"","background-image":"","background-repeat":"repeat","background-position":"center center","background-size":"auto","background-attachment":"scroll","background-type":"","background-media":"","overlay-type":"","overlay-color":"","overlay-gradient":""}},"ast-content-background-meta":{"desktop":{"background-color":"var(--ast-global-color-5)","background-image":"","background-repeat":"repeat","background-position":"center center","background-size":"auto","background-attachment":"scroll","background-type":"","background-media":"","overlay-type":"","overlay-color":"","overlay-gradient":""},"tablet":{"background-color":"var(--ast-global-color-5)","background-image":"","background-repeat":"repeat","background-position":"center center","background-size":"auto","background-attachment":"scroll","background-type":"","background-media":"","overlay-type":"","overlay-color":"","overlay-gradient":""},"mobile":{"background-color":"var(--ast-global-color-5)","background-image":"","background-repeat":"repeat","background-position":"center center","background-size":"auto","background-attachment":"scroll","background-type":"","background-media":"","overlay-type":"","overlay-color":"","overlay-gradient":""}},"footnotes":""},"uagb_featured_image_src":{"full":["https:\/\/darwinia.standardof.net\/wp-content\/uploads\/sites\/7\/2020\/10\/Darwinia-Units-Engineer-4.jpg",470,294,false],"thumbnail":["https:\/\/darwinia.standardof.net\/wp-content\/uploads\/sites\/7\/2020\/10\/Darwinia-Units-Engineer-4-200x125.jpg",200,125,true],"medium":["https:\/\/darwinia.standardof.net\/wp-content\/uploads\/sites\/7\/2020\/10\/Darwinia-Units-Engineer-4.jpg",470,294,false],"medium_large":["https:\/\/darwinia.standardof.net\/wp-content\/uploads\/sites\/7\/2020\/10\/Darwinia-Units-Engineer-4.jpg",470,294,false],"large":["https:\/\/darwinia.standardof.net\/wp-content\/uploads\/sites\/7\/2020\/10\/Darwinia-Units-Engineer-4.jpg",470,294,false],"1536x1536":["https:\/\/darwinia.standardof.net\/wp-content\/uploads\/sites\/7\/2020\/10\/Darwinia-Units-Engineer-4.jpg",470,294,false],"2048x2048":["https:\/\/darwinia.standardof.net\/wp-content\/uploads\/sites\/7\/2020\/10\/Darwinia-Units-Engineer-4.jpg",470,294,false],"trp-custom-language-flag":["https:\/\/darwinia.standardof.net\/wp-content\/uploads\/sites\/7\/2020\/10\/Darwinia-Units-Engineer-4-16x10.jpg",16,10,true]},"uagb_author_info":{"display_name":"SOE","author_link":"https:\/\/darwinia.standardof.net\/pt\/author\/k-tastic\/"},"uagb_comment_info":0,"uagb_excerpt":"This unit is created by running the Engineer program near one of your Squads or captured Control Towers. The Engineer is used to collect souls for spawning more Darwinians, reprogramming and capturing buildings and finally to download research data. The Engineer is aptly named considering its primary purpose. This unit is an executable program available&hellip;","_links":{"self":[{"href":"https:\/\/darwinia.standardof.net\/pt\/wp-json\/wp\/v2\/pages\/214"}],"collection":[{"href":"https:\/\/darwinia.standardof.net\/pt\/wp-json\/wp\/v2\/pages"}],"about":[{"href":"https:\/\/darwinia.standardof.net\/pt\/wp-json\/wp\/v2\/types\/page"}],"author":[{"embeddable":true,"href":"https:\/\/darwinia.standardof.net\/pt\/wp-json\/wp\/v2\/users\/1"}],"replies":[{"embeddable":true,"href":"https:\/\/darwinia.standardof.net\/pt\/wp-json\/wp\/v2\/comments?post=214"}],"version-history":[{"count":0,"href":"https:\/\/darwinia.standardof.net\/pt\/wp-json\/wp\/v2\/pages\/214\/revisions"}],"up":[{"embeddable":true,"href":"https:\/\/darwinia.standardof.net\/pt\/wp-json\/wp\/v2\/pages\/210"}],"wp:featuredmedia":[{"embeddable":true,"href":"https:\/\/darwinia.standardof.net\/pt\/wp-json\/wp\/v2\/media\/98"}],"wp:attachment":[{"href":"https:\/\/darwinia.standardof.net\/pt\/wp-json\/wp\/v2\/media?parent=214"}],"curies":[{"name":"wp","href":"https:\/\/api.w.org\/{rel}","templated":true}]}}