{"id":213,"date":"2020-10-29T16:27:14","date_gmt":"2020-10-29T16:27:14","guid":{"rendered":"https:\/\/darwinia.standardof.net\/?page_id=213"},"modified":"2020-10-29T16:36:12","modified_gmt":"2020-10-29T16:36:12","slug":"darwinians","status":"publish","type":"page","link":"https:\/\/darwinia.standardof.net\/pt\/guide\/unidades\/darwinianos\/","title":{"rendered":"Darwinianos"},"content":{"rendered":"<figure class=\"wp-block-gallery columns-3 is-cropped wp-block-gallery-1 is-layout-flex wp-block-gallery-is-layout-flex\"><ul class=\"blocks-gallery-grid\"><li class=\"blocks-gallery-item\"><figure><a href=\"https:\/\/darwinia.standardof.net\/pt\/guide\/unidades\/darwinianos\/darwinia-units-darwinians-5\/\"><img decoding=\"async\" width=\"470\" height=\"278\" src=\"https:\/\/darwinia.standardof.net\/wp-content\/uploads\/sites\/7\/2020\/10\/Darwinia-Units-Darwinians-5.jpg\" alt=\"\" data-id=\"94\" data-full-url=\"https:\/\/darwinia.standardof.net\/wp-content\/uploads\/sites\/7\/2020\/10\/Darwinia-Units-Darwinians-5.jpg\" data-link=\"https:\/\/darwinia.standardof.net\/guide\/units\/darwinians\/darwinia-units-darwinians-5\/\" class=\"wp-image-94\" srcset=\"https:\/\/darwinia.standardof.net\/wp-content\/uploads\/sites\/7\/2020\/10\/Darwinia-Units-Darwinians-5.jpg 470w, https:\/\/darwinia.standardof.net\/wp-content\/uploads\/sites\/7\/2020\/10\/Darwinia-Units-Darwinians-5-200x118.jpg 200w, https:\/\/darwinia.standardof.net\/wp-content\/uploads\/sites\/7\/2020\/10\/Darwinia-Units-Darwinians-5-16x9.jpg 16w\" sizes=\"(max-width: 470px) 100vw, 470px\" \/><\/a><\/figure><\/li><li class=\"blocks-gallery-item\"><figure><a href=\"https:\/\/darwinia.standardof.net\/pt\/guide\/unidades\/darwinianos\/darwinia-units-darwinians-4\/\"><img decoding=\"async\" width=\"470\" height=\"294\" src=\"https:\/\/darwinia.standardof.net\/wp-content\/uploads\/sites\/7\/2020\/10\/Darwinia-Units-Darwinians-4.jpg\" alt=\"\" data-id=\"93\" data-full-url=\"https:\/\/darwinia.standardof.net\/wp-content\/uploads\/sites\/7\/2020\/10\/Darwinia-Units-Darwinians-4.jpg\" data-link=\"https:\/\/darwinia.standardof.net\/guide\/units\/darwinians\/darwinia-units-darwinians-4\/\" class=\"wp-image-93\" srcset=\"https:\/\/darwinia.standardof.net\/wp-content\/uploads\/sites\/7\/2020\/10\/Darwinia-Units-Darwinians-4.jpg 470w, https:\/\/darwinia.standardof.net\/wp-content\/uploads\/sites\/7\/2020\/10\/Darwinia-Units-Darwinians-4-200x125.jpg 200w, https:\/\/darwinia.standardof.net\/wp-content\/uploads\/sites\/7\/2020\/10\/Darwinia-Units-Darwinians-4-16x10.jpg 16w\" sizes=\"(max-width: 470px) 100vw, 470px\" \/><\/a><\/figure><\/li><li class=\"blocks-gallery-item\"><figure><a href=\"https:\/\/darwinia.standardof.net\/pt\/guide\/unidades\/darwinianos\/darwinia-units-darwinians-3\/\"><img decoding=\"async\" width=\"470\" height=\"400\" src=\"https:\/\/darwinia.standardof.net\/wp-content\/uploads\/sites\/7\/2020\/10\/Darwinia-Units-Darwinians-3.jpg\" alt=\"\" data-id=\"92\" data-full-url=\"https:\/\/darwinia.standardof.net\/wp-content\/uploads\/sites\/7\/2020\/10\/Darwinia-Units-Darwinians-3.jpg\" data-link=\"https:\/\/darwinia.standardof.net\/guide\/units\/darwinians\/darwinia-units-darwinians-3\/\" class=\"wp-image-92\" srcset=\"https:\/\/darwinia.standardof.net\/wp-content\/uploads\/sites\/7\/2020\/10\/Darwinia-Units-Darwinians-3.jpg 470w, https:\/\/darwinia.standardof.net\/wp-content\/uploads\/sites\/7\/2020\/10\/Darwinia-Units-Darwinians-3-200x170.jpg 200w, https:\/\/darwinia.standardof.net\/wp-content\/uploads\/sites\/7\/2020\/10\/Darwinia-Units-Darwinians-3-14x12.jpg 14w\" sizes=\"(max-width: 470px) 100vw, 470px\" \/><\/a><\/figure><\/li><li class=\"blocks-gallery-item\"><figure><a href=\"https:\/\/darwinia.standardof.net\/pt\/guide\/unidades\/darwinianos\/darwinia-units-darwinians-2\/\"><img decoding=\"async\" width=\"470\" height=\"294\" src=\"https:\/\/darwinia.standardof.net\/wp-content\/uploads\/sites\/7\/2020\/10\/Darwinia-Units-Darwinians-2.jpg\" alt=\"\" data-id=\"91\" data-full-url=\"https:\/\/darwinia.standardof.net\/wp-content\/uploads\/sites\/7\/2020\/10\/Darwinia-Units-Darwinians-2.jpg\" data-link=\"https:\/\/darwinia.standardof.net\/guide\/units\/darwinians\/darwinia-units-darwinians-2\/\" class=\"wp-image-91\" srcset=\"https:\/\/darwinia.standardof.net\/wp-content\/uploads\/sites\/7\/2020\/10\/Darwinia-Units-Darwinians-2.jpg 470w, https:\/\/darwinia.standardof.net\/wp-content\/uploads\/sites\/7\/2020\/10\/Darwinia-Units-Darwinians-2-200x125.jpg 200w, https:\/\/darwinia.standardof.net\/wp-content\/uploads\/sites\/7\/2020\/10\/Darwinia-Units-Darwinians-2-16x10.jpg 16w\" sizes=\"(max-width: 470px) 100vw, 470px\" \/><\/a><\/figure><\/li><li class=\"blocks-gallery-item\"><figure><a href=\"https:\/\/darwinia.standardof.net\/pt\/guide\/unidades\/darwinianos\/darwinia-units-darwinians-1\/\"><img decoding=\"async\" width=\"470\" height=\"351\" src=\"https:\/\/darwinia.standardof.net\/wp-content\/uploads\/sites\/7\/2020\/10\/Darwinia-Units-Darwinians-1.jpg\" alt=\"\" data-id=\"90\" data-full-url=\"https:\/\/darwinia.standardof.net\/wp-content\/uploads\/sites\/7\/2020\/10\/Darwinia-Units-Darwinians-1.jpg\" data-link=\"https:\/\/darwinia.standardof.net\/guide\/units\/darwinians\/darwinia-units-darwinians-1\/\" class=\"wp-image-90\" srcset=\"https:\/\/darwinia.standardof.net\/wp-content\/uploads\/sites\/7\/2020\/10\/Darwinia-Units-Darwinians-1.jpg 470w, https:\/\/darwinia.standardof.net\/wp-content\/uploads\/sites\/7\/2020\/10\/Darwinia-Units-Darwinians-1-200x149.jpg 200w, https:\/\/darwinia.standardof.net\/wp-content\/uploads\/sites\/7\/2020\/10\/Darwinia-Units-Darwinians-1-16x12.jpg 16w\" sizes=\"(max-width: 470px) 100vw, 470px\" \/><\/a><\/figure><\/li><\/ul><\/figure>\n\n\n\n<p>Essas pequenas criaturas verdes pixeladas s\u00e3o a figura central no enredo do jogo. Esses s\u00e3o os habitantes naturais do mundo digital que existe como o Darwin Simulated Life Research Project. Estes n\u00e3o s\u00e3o diretamente control\u00e1veis e devem ser influenciados pelo <strong><a href=\"https:\/\/darwinia.standardof.net\/pt\/guide\/unidades\/policial\/\" class=\"rank-math-link\">Policial<\/a><\/strong>.<\/p>\n\n\n\n<p><strong>Darwinianos <\/strong>s\u00e3o os pequenos habitantes verdes deste projeto digital conhecido como Darwin Simulated Life Research Project. Eles s\u00e3o fruto dos esfor\u00e7os do Doutor Sep\u00falveda na \u00faltima d\u00e9cada, pois ele trabalhou isoladamente, alimentando-os de uma sociedade de Intelig\u00eancia Artificial primitiva para uma cultura pr\u00f3spera e criativa. Antes da invas\u00e3o do <strong><a href=\"https:\/\/darwinia.standardof.net\/pt\/guide\/inimigos\/\" class=\"rank-math-link\">v\u00edrus<\/a><\/strong>, eles eram inocente e felizmente ignorantes de sua verdadeira exist\u00eancia ou dos horrores da viol\u00eancia. Essas revela\u00e7\u00f5es impactam para sempre a sociedade darwiniana, trazendo conflito e turbul\u00eancia ao seu mundo.<\/p>\n\n\n\n<p>Os darwinianos n\u00e3o s\u00e3o diretamente control\u00e1veis pelo jogador dentro do jogo, no entanto, eles podem ser significativamente influenciados em fazer suas licita\u00e7\u00f5es por meio de v\u00e1rios m\u00e9todos. Primeiramente, eles podem ser direcionados atrav\u00e9s do uso do programa Officer, com comandos como follow, que \u00e9 usado para criar caminhos para enviar os darwinianos atrav\u00e9s dos v\u00e1rios mapas, ou envi\u00e1-los atrav\u00e9s de antenas de radar. Al\u00e9m disso, eles se mover\u00e3o automaticamente em dire\u00e7\u00e3o a e utilizar\u00e3o itens que eles t\u00eam a capacidade de funcionar, como as instala\u00e7\u00f5es de minera\u00e7\u00e3o no n\u00edvel da Mina. Por \u00faltimo, a armadura pode ser usada para carregar darwinianos no transporte e mov\u00ea-los pelo mapa, ou implantar e equipar a torre estacion\u00e1ria.<\/p>\n\n\n\n<p>Os darwinianos t\u00eam intelig\u00eancia para fugir de granadas, atirar nos inimigos automaticamente com lasers ou granadas (uma vez pesquisados) e tendem a se unir ou trabalhar em grupos. Eles fugir\u00e3o sob pesadas perdas e emitir\u00e3o gritos digitalizados quando sob ataque. Ao completar todos os objetivos de uma miss\u00e3o, voc\u00ea frequentemente encontrar\u00e1 os darwinianos dan\u00e7ando ou pulando no ar, ou balan\u00e7ando de um lado para o outro quando s\u00e3o hipnotizados por um objeto. Ocasionalmente, voc\u00ea pode ver caixas amarelas brilhantes flutuando no ar entre as almas vermelhas e, na maioria das vezes, verdes, essas s\u00e3o \u201cpipas memoriais\u201d lan\u00e7adas pelos darwinianos sobreviventes para lamentar a perda de seus companheiros ap\u00f3s uma queda em batalha.<\/p>\n\n\n\n<h3 class=\"wp-block-heading\"><strong>Itens de pesquisa darwiniana<\/strong><\/h3>\n\n\n\n<p>Os darwinistas come\u00e7am na vers\u00e3o 2.0 em seu progresso de pesquisa, e voc\u00ea pode come\u00e7ar a pesquisar o pr\u00f3ximo n\u00edvel imediatamente ap\u00f3s iniciar o jogo. Na vers\u00e3o 3.0, os darwinianos est\u00e3o primeiro armados com lasers, o que lhes d\u00e1 capacidade de combate. Este \u00e9 um dos itens de pesquisa mais imperativos, j\u00e1 que a habilidade de se defender d\u00e1 a eles uma chance muito maior de sobreviv\u00eancia, enquanto permite que funcionem como uma for\u00e7a de combate que \u00e9 mais necess\u00e1ria em miss\u00f5es posteriores.<\/p>\n\n\n\n<p>A vers\u00e3o 4.0 desbloqueia a capacidade de usar granadas. Essa habilidade infelizmente est\u00e1 um pouco amaldi\u00e7oada, j\u00e1 que o uso de granadas permitir\u00e1 que os darwinianos danifiquem todos os tipos de v\u00edrus de forma eficaz, seu alcance \u00e9 limitado. Mesmo que os darwinianos fujam de suas granadas lan\u00e7adas, eles freq\u00fcentemente ser\u00e3o pegos nas rajadas de fogo amigo, resultando em perdas maiores em grupos bem agrupados de darwinianos.<\/p>","protected":false},"excerpt":{"rendered":"<p>These little green pixelated creatures are the central figure in the story-line of the game. These are the natural inhabitants of the digital world that exists as the Darwin Simulated Life Research Project. These are not directly controllable, and must be influenced by the Officer. Darwinians are the small green inhabitants of this digital known [&hellip;]<\/p>","protected":false},"author":1,"featured_media":90,"parent":210,"menu_order":1,"comment_status":"open","ping_status":"closed","template":"","meta":{"_uag_custom_page_level_css":"","site-sidebar-layout":"default","site-content-layout":"default","ast-site-content-layout":"","site-content-style":"default","site-sidebar-style":"default","ast-global-header-display":"","ast-banner-title-visibility":"","ast-main-header-display":"","ast-hfb-above-header-display":"","ast-hfb-below-header-display":"","ast-hfb-mobile-header-display":"","site-post-title":"","ast-breadcrumbs-content":"","ast-featured-img":"","footer-sml-layout":"","theme-transparent-header-meta":"default","adv-header-id-meta":"","stick-header-meta":"","header-above-stick-meta":"","header-main-stick-meta":"","header-below-stick-meta":"","astra-migrate-meta-layouts":"default","ast-page-background-enabled":"default","ast-page-background-meta":{"desktop":{"background-color":"","background-image":"","background-repeat":"repeat","background-position":"center center","background-size":"auto","background-attachment":"scroll","background-type":"","background-media":"","overlay-type":"","overlay-color":"","overlay-gradient":""},"tablet":{"background-color":"","background-image":"","background-repeat":"repeat","background-position":"center center","background-size":"auto","background-attachment":"scroll","background-type":"","background-media":"","overlay-type":"","overlay-color":"","overlay-gradient":""},"mobile":{"background-color":"","background-image":"","background-repeat":"repeat","background-position":"center center","background-size":"auto","background-attachment":"scroll","background-type":"","background-media":"","overlay-type":"","overlay-color":"","overlay-gradient":""}},"ast-content-background-meta":{"desktop":{"background-color":"var(--ast-global-color-5)","background-image":"","background-repeat":"repeat","background-position":"center center","background-size":"auto","background-attachment":"scroll","background-type":"","background-media":"","overlay-type":"","overlay-color":"","overlay-gradient":""},"tablet":{"background-color":"var(--ast-global-color-5)","background-image":"","background-repeat":"repeat","background-position":"center center","background-size":"auto","background-attachment":"scroll","background-type":"","background-media":"","overlay-type":"","overlay-color":"","overlay-gradient":""},"mobile":{"background-color":"var(--ast-global-color-5)","background-image":"","background-repeat":"repeat","background-position":"center center","background-size":"auto","background-attachment":"scroll","background-type":"","background-media":"","overlay-type":"","overlay-color":"","overlay-gradient":""}},"footnotes":""},"uagb_featured_image_src":{"full":["https:\/\/darwinia.standardof.net\/wp-content\/uploads\/sites\/7\/2020\/10\/Darwinia-Units-Darwinians-1.jpg",470,351,false],"thumbnail":["https:\/\/darwinia.standardof.net\/wp-content\/uploads\/sites\/7\/2020\/10\/Darwinia-Units-Darwinians-1-200x149.jpg",200,149,true],"medium":["https:\/\/darwinia.standardof.net\/wp-content\/uploads\/sites\/7\/2020\/10\/Darwinia-Units-Darwinians-1.jpg",470,351,false],"medium_large":["https:\/\/darwinia.standardof.net\/wp-content\/uploads\/sites\/7\/2020\/10\/Darwinia-Units-Darwinians-1.jpg",470,351,false],"large":["https:\/\/darwinia.standardof.net\/wp-content\/uploads\/sites\/7\/2020\/10\/Darwinia-Units-Darwinians-1.jpg",470,351,false],"1536x1536":["https:\/\/darwinia.standardof.net\/wp-content\/uploads\/sites\/7\/2020\/10\/Darwinia-Units-Darwinians-1.jpg",470,351,false],"2048x2048":["https:\/\/darwinia.standardof.net\/wp-content\/uploads\/sites\/7\/2020\/10\/Darwinia-Units-Darwinians-1.jpg",470,351,false],"trp-custom-language-flag":["https:\/\/darwinia.standardof.net\/wp-content\/uploads\/sites\/7\/2020\/10\/Darwinia-Units-Darwinians-1-16x12.jpg",16,12,true]},"uagb_author_info":{"display_name":"SOE","author_link":"https:\/\/darwinia.standardof.net\/pt\/author\/k-tastic\/"},"uagb_comment_info":0,"uagb_excerpt":"These little green pixelated creatures are the central figure in the story-line of the game. These are the natural inhabitants of the digital world that exists as the Darwin Simulated Life Research Project. These are not directly controllable, and must be influenced by the Officer. Darwinians are the small green inhabitants of this digital known&hellip;","_links":{"self":[{"href":"https:\/\/darwinia.standardof.net\/pt\/wp-json\/wp\/v2\/pages\/213"}],"collection":[{"href":"https:\/\/darwinia.standardof.net\/pt\/wp-json\/wp\/v2\/pages"}],"about":[{"href":"https:\/\/darwinia.standardof.net\/pt\/wp-json\/wp\/v2\/types\/page"}],"author":[{"embeddable":true,"href":"https:\/\/darwinia.standardof.net\/pt\/wp-json\/wp\/v2\/users\/1"}],"replies":[{"embeddable":true,"href":"https:\/\/darwinia.standardof.net\/pt\/wp-json\/wp\/v2\/comments?post=213"}],"version-history":[{"count":0,"href":"https:\/\/darwinia.standardof.net\/pt\/wp-json\/wp\/v2\/pages\/213\/revisions"}],"up":[{"embeddable":true,"href":"https:\/\/darwinia.standardof.net\/pt\/wp-json\/wp\/v2\/pages\/210"}],"wp:featuredmedia":[{"embeddable":true,"href":"https:\/\/darwinia.standardof.net\/pt\/wp-json\/wp\/v2\/media\/90"}],"wp:attachment":[{"href":"https:\/\/darwinia.standardof.net\/pt\/wp-json\/wp\/v2\/media?parent=213"}],"curies":[{"name":"wp","href":"https:\/\/api.w.org\/{rel}","templated":true}]}}