{"id":206,"date":"2020-10-29T16:20:29","date_gmt":"2020-10-29T16:20:29","guid":{"rendered":"https:\/\/darwinia.standardof.net\/?page_id=206"},"modified":"2020-10-29T16:20:36","modified_gmt":"2020-10-29T16:20:36","slug":"virii","status":"publish","type":"page","link":"https:\/\/darwinia.standardof.net\/pt\/guide\/inimigos\/virii\/","title":{"rendered":"Virii"},"content":{"rendered":"<figure class=\"wp-block-gallery columns-3 is-cropped wp-block-gallery-1 is-layout-flex wp-block-gallery-is-layout-flex\"><ul class=\"blocks-gallery-grid\"><li class=\"blocks-gallery-item\"><figure><a href=\"https:\/\/darwinia.standardof.net\/pt\/darwinia-enemies-virii-5\/\"><img decoding=\"async\" width=\"470\" height=\"294\" src=\"https:\/\/darwinia.standardof.net\/wp-content\/uploads\/sites\/7\/2020\/10\/Darwinia-Enemies-Virii-5.jpg\" alt=\"\" data-id=\"84\" data-full-url=\"https:\/\/darwinia.standardof.net\/wp-content\/uploads\/sites\/7\/2020\/10\/Darwinia-Enemies-Virii-5.jpg\" data-link=\"https:\/\/darwinia.standardof.net\/darwinia-enemies-virii-5\/\" class=\"wp-image-84\" srcset=\"https:\/\/darwinia.standardof.net\/wp-content\/uploads\/sites\/7\/2020\/10\/Darwinia-Enemies-Virii-5.jpg 470w, https:\/\/darwinia.standardof.net\/wp-content\/uploads\/sites\/7\/2020\/10\/Darwinia-Enemies-Virii-5-200x125.jpg 200w, https:\/\/darwinia.standardof.net\/wp-content\/uploads\/sites\/7\/2020\/10\/Darwinia-Enemies-Virii-5-16x10.jpg 16w\" sizes=\"(max-width: 470px) 100vw, 470px\" \/><\/a><\/figure><\/li><li class=\"blocks-gallery-item\"><figure><a href=\"https:\/\/darwinia.standardof.net\/pt\/darwinia-enemies-virii-4\/\"><img decoding=\"async\" width=\"470\" height=\"294\" src=\"https:\/\/darwinia.standardof.net\/wp-content\/uploads\/sites\/7\/2020\/10\/Darwinia-Enemies-Virii-4.jpg\" alt=\"\" data-id=\"83\" data-full-url=\"https:\/\/darwinia.standardof.net\/wp-content\/uploads\/sites\/7\/2020\/10\/Darwinia-Enemies-Virii-4.jpg\" data-link=\"https:\/\/darwinia.standardof.net\/darwinia-enemies-virii-4\/\" class=\"wp-image-83\" srcset=\"https:\/\/darwinia.standardof.net\/wp-content\/uploads\/sites\/7\/2020\/10\/Darwinia-Enemies-Virii-4.jpg 470w, https:\/\/darwinia.standardof.net\/wp-content\/uploads\/sites\/7\/2020\/10\/Darwinia-Enemies-Virii-4-200x125.jpg 200w, https:\/\/darwinia.standardof.net\/wp-content\/uploads\/sites\/7\/2020\/10\/Darwinia-Enemies-Virii-4-16x10.jpg 16w\" sizes=\"(max-width: 470px) 100vw, 470px\" \/><\/a><\/figure><\/li><li class=\"blocks-gallery-item\"><figure><a href=\"https:\/\/darwinia.standardof.net\/pt\/darwinia-enemies-virii-3\/\"><img decoding=\"async\" width=\"470\" height=\"294\" src=\"https:\/\/darwinia.standardof.net\/wp-content\/uploads\/sites\/7\/2020\/10\/Darwinia-Enemies-Virii-3.jpg\" alt=\"\" data-id=\"82\" data-full-url=\"https:\/\/darwinia.standardof.net\/wp-content\/uploads\/sites\/7\/2020\/10\/Darwinia-Enemies-Virii-3.jpg\" data-link=\"https:\/\/darwinia.standardof.net\/darwinia-enemies-virii-3\/\" class=\"wp-image-82\" srcset=\"https:\/\/darwinia.standardof.net\/wp-content\/uploads\/sites\/7\/2020\/10\/Darwinia-Enemies-Virii-3.jpg 470w, https:\/\/darwinia.standardof.net\/wp-content\/uploads\/sites\/7\/2020\/10\/Darwinia-Enemies-Virii-3-200x125.jpg 200w, https:\/\/darwinia.standardof.net\/wp-content\/uploads\/sites\/7\/2020\/10\/Darwinia-Enemies-Virii-3-16x10.jpg 16w\" sizes=\"(max-width: 470px) 100vw, 470px\" \/><\/a><\/figure><\/li><li class=\"blocks-gallery-item\"><figure><a href=\"https:\/\/darwinia.standardof.net\/pt\/darwinia-enemies-virii-2\/\"><img decoding=\"async\" width=\"470\" height=\"294\" src=\"https:\/\/darwinia.standardof.net\/wp-content\/uploads\/sites\/7\/2020\/10\/Darwinia-Enemies-Virii-2.jpg\" alt=\"\" data-id=\"81\" data-full-url=\"https:\/\/darwinia.standardof.net\/wp-content\/uploads\/sites\/7\/2020\/10\/Darwinia-Enemies-Virii-2.jpg\" data-link=\"https:\/\/darwinia.standardof.net\/darwinia-enemies-virii-2\/\" class=\"wp-image-81\" srcset=\"https:\/\/darwinia.standardof.net\/wp-content\/uploads\/sites\/7\/2020\/10\/Darwinia-Enemies-Virii-2.jpg 470w, https:\/\/darwinia.standardof.net\/wp-content\/uploads\/sites\/7\/2020\/10\/Darwinia-Enemies-Virii-2-200x125.jpg 200w, https:\/\/darwinia.standardof.net\/wp-content\/uploads\/sites\/7\/2020\/10\/Darwinia-Enemies-Virii-2-16x10.jpg 16w\" sizes=\"(max-width: 470px) 100vw, 470px\" \/><\/a><\/figure><\/li><li class=\"blocks-gallery-item\"><figure><a href=\"https:\/\/darwinia.standardof.net\/pt\/darwinia-enemies-virii-1\/\"><img decoding=\"async\" width=\"470\" height=\"294\" src=\"https:\/\/darwinia.standardof.net\/wp-content\/uploads\/sites\/7\/2020\/10\/Darwinia-Enemies-Virii-1.jpg\" alt=\"\" data-id=\"80\" data-full-url=\"https:\/\/darwinia.standardof.net\/wp-content\/uploads\/sites\/7\/2020\/10\/Darwinia-Enemies-Virii-1.jpg\" data-link=\"https:\/\/darwinia.standardof.net\/darwinia-enemies-virii-1\/\" class=\"wp-image-80\" srcset=\"https:\/\/darwinia.standardof.net\/wp-content\/uploads\/sites\/7\/2020\/10\/Darwinia-Enemies-Virii-1.jpg 470w, https:\/\/darwinia.standardof.net\/wp-content\/uploads\/sites\/7\/2020\/10\/Darwinia-Enemies-Virii-1-200x125.jpg 200w, https:\/\/darwinia.standardof.net\/wp-content\/uploads\/sites\/7\/2020\/10\/Darwinia-Enemies-Virii-1-16x10.jpg 16w\" sizes=\"(max-width: 470px) 100vw, 470px\" \/><\/a><\/figure><\/li><\/ul><\/figure>\n\n\n\n<p>Os Virii s\u00e3o as criaturas vermelhas de forma triangular frequentemente encontradas vagando por determinadas \u00e1reas em grupos compactados. Estes s\u00e3o os mais fracos dos tipos de inimigos e mais frequentemente vistos, e os primeiros vistos ao come\u00e7ar um novo jogo em <em>Darwinia<\/em>. Esses inimigos s\u00e3o gerados por outros v\u00edrus, como o <a href=\"https:\/\/darwinia.standardof.net\/pt\/guide\/inimigos\/trifide\/\" class=\"rank-math-link\"><strong>Ovos Triffid<\/strong><\/a> e <a href=\"https:\/\/darwinia.standardof.net\/pt\/guide\/inimigos\/gerador-de-esporos\/\" class=\"rank-math-link\"><strong>Spore Generator<\/strong><\/a> ovos, eles s\u00e3o \u201cfertilizados\u201d com uma alma inimiga ou amiga. Os Virii s\u00e3o inimigos bastante est\u00fapidos e ziguezaguear\u00e3o sem pensar em dire\u00e7\u00e3o \u00e0s suas unidades assim que elas se aproximarem o suficiente.<\/p>\n\n\n\n<p>Uma t\u00e1tica que funciona muito bem no Virii em <em>Darwinia<\/em> \u00e9 enviar um esquadr\u00e3o como isca, ordenado a caminhar diretamente por um grande grupo deles, controlando ent\u00e3o um segundo esquadr\u00e3o que segue o primeiro de perto. Desde o <strong>Esquadr\u00f5es <\/strong>s\u00e3o um pouco mais r\u00e1pidos do que os Virii, e os Virii precisam ficar sob seu alvo por um momento antes de causar danos, a unidade frontal geralmente ser\u00e1 capaz de fazer isso ilesa. O efeito resultante faz com que todos os Virii se acumulem em uma linha atr\u00e1s do primeiro esquadr\u00e3o, o que significa que o fogo de cobertura do laser colocado diretamente sobre o esquadr\u00e3o avan\u00e7ado pelo segundo, permitir\u00e1 que voc\u00ea elimine grandes lotes com facilidade, enquanto tamb\u00e9m torna mais f\u00e1cil para seu <strong>Engenheiros <\/strong>para coletar o campo resultante de almas.<\/p>\n\n\n\n<p>Os v\u00edrus tendem a trabalhar em conjunto com os Geradores de Esporos, pois os dois desempenham fun\u00e7\u00f5es essenciais para o outro. Os Geradores de Esporos geralmente colocam ovos vazios quando pairam perto do solo e, quando h\u00e1 esses ovos dispon\u00edveis, os Virii se movem em dire\u00e7\u00e3o \u00e0s almas flutuantes nas proximidades, pegam-nos, carregam-nos at\u00e9 o ovo e plantam-nos dentro. Os Virii s\u00f3 podem carregar uma \u00fanica alma por vez, mas com os grandes lotes t\u00edpicos deles, muitas vezes podem fertilizar um campo de ovos muito rapidamente. Esses ovos podem ser fertilizados com almas verdes ou vermelhas e, se forem, logo eclodir\u00e3o em mais Virii. Isso significa que perder uma batalha para os Virii e deixar para tr\u00e1s almas pode facilmente fazer com que seu n\u00famero seja restaurado ou ainda mais fortalecido se n\u00e3o for combatido por for\u00e7as adicionais rapidamente. Voc\u00ea encontrar\u00e1 Virii em todos os n\u00edveis de <em>Darwinia <\/em>exceto para o <strong>Biosfera <\/strong>n\u00edvel.<\/p>","protected":false},"excerpt":{"rendered":"<p>The Virii are the red triangular shaped creatures often found wandering given areas in tightly packed groups. These are the weakest of the enemy types and most often seen, and the first seen upon beginning a new game in Darwinia. These enemies are spawned from other viruses, such as the Triffid Eggs and Spore Generator [&hellip;]<\/p>","protected":false},"author":1,"featured_media":84,"parent":190,"menu_order":0,"comment_status":"open","ping_status":"closed","template":"","meta":{"_uag_custom_page_level_css":"","site-sidebar-layout":"default","site-content-layout":"default","ast-site-content-layout":"","site-content-style":"default","site-sidebar-style":"default","ast-global-header-display":"","ast-banner-title-visibility":"","ast-main-header-display":"","ast-hfb-above-header-display":"","ast-hfb-below-header-display":"","ast-hfb-mobile-header-display":"","site-post-title":"","ast-breadcrumbs-content":"","ast-featured-img":"","footer-sml-layout":"","theme-transparent-header-meta":"default","adv-header-id-meta":"","stick-header-meta":"","header-above-stick-meta":"","header-main-stick-meta":"","header-below-stick-meta":"","astra-migrate-meta-layouts":"default","ast-page-background-enabled":"default","ast-page-background-meta":{"desktop":{"background-color":"","background-image":"","background-repeat":"repeat","background-position":"center center","background-size":"auto","background-attachment":"scroll","background-type":"","background-media":"","overlay-type":"","overlay-color":"","overlay-gradient":""},"tablet":{"background-color":"","background-image":"","background-repeat":"repeat","background-position":"center center","background-size":"auto","background-attachment":"scroll","background-type":"","background-media":"","overlay-type":"","overlay-color":"","overlay-gradient":""},"mobile":{"background-color":"","background-image":"","background-repeat":"repeat","background-position":"center center","background-size":"auto","background-attachment":"scroll","background-type":"","background-media":"","overlay-type":"","overlay-color":"","overlay-gradient":""}},"ast-content-background-meta":{"desktop":{"background-color":"var(--ast-global-color-5)","background-image":"","background-repeat":"repeat","background-position":"center center","background-size":"auto","background-attachment":"scroll","background-type":"","background-media":"","overlay-type":"","overlay-color":"","overlay-gradient":""},"tablet":{"background-color":"var(--ast-global-color-5)","background-image":"","background-repeat":"repeat","background-position":"center center","background-size":"auto","background-attachment":"scroll","background-type":"","background-media":"","overlay-type":"","overlay-color":"","overlay-gradient":""},"mobile":{"background-color":"var(--ast-global-color-5)","background-image":"","background-repeat":"repeat","background-position":"center center","background-size":"auto","background-attachment":"scroll","background-type":"","background-media":"","overlay-type":"","overlay-color":"","overlay-gradient":""}},"footnotes":""},"uagb_featured_image_src":{"full":["https:\/\/darwinia.standardof.net\/wp-content\/uploads\/sites\/7\/2020\/10\/Darwinia-Enemies-Virii-5.jpg",470,294,false],"thumbnail":["https:\/\/darwinia.standardof.net\/wp-content\/uploads\/sites\/7\/2020\/10\/Darwinia-Enemies-Virii-5-200x125.jpg",200,125,true],"medium":["https:\/\/darwinia.standardof.net\/wp-content\/uploads\/sites\/7\/2020\/10\/Darwinia-Enemies-Virii-5.jpg",470,294,false],"medium_large":["https:\/\/darwinia.standardof.net\/wp-content\/uploads\/sites\/7\/2020\/10\/Darwinia-Enemies-Virii-5.jpg",470,294,false],"large":["https:\/\/darwinia.standardof.net\/wp-content\/uploads\/sites\/7\/2020\/10\/Darwinia-Enemies-Virii-5.jpg",470,294,false],"1536x1536":["https:\/\/darwinia.standardof.net\/wp-content\/uploads\/sites\/7\/2020\/10\/Darwinia-Enemies-Virii-5.jpg",470,294,false],"2048x2048":["https:\/\/darwinia.standardof.net\/wp-content\/uploads\/sites\/7\/2020\/10\/Darwinia-Enemies-Virii-5.jpg",470,294,false],"trp-custom-language-flag":["https:\/\/darwinia.standardof.net\/wp-content\/uploads\/sites\/7\/2020\/10\/Darwinia-Enemies-Virii-5-16x10.jpg",16,10,true]},"uagb_author_info":{"display_name":"SOE","author_link":"https:\/\/darwinia.standardof.net\/pt\/author\/k-tastic\/"},"uagb_comment_info":0,"uagb_excerpt":"The Virii are the red triangular shaped creatures often found wandering given areas in tightly packed groups. These are the weakest of the enemy types and most often seen, and the first seen upon beginning a new game in Darwinia. These enemies are spawned from other viruses, such as the Triffid Eggs and Spore Generator&hellip;","_links":{"self":[{"href":"https:\/\/darwinia.standardof.net\/pt\/wp-json\/wp\/v2\/pages\/206"}],"collection":[{"href":"https:\/\/darwinia.standardof.net\/pt\/wp-json\/wp\/v2\/pages"}],"about":[{"href":"https:\/\/darwinia.standardof.net\/pt\/wp-json\/wp\/v2\/types\/page"}],"author":[{"embeddable":true,"href":"https:\/\/darwinia.standardof.net\/pt\/wp-json\/wp\/v2\/users\/1"}],"replies":[{"embeddable":true,"href":"https:\/\/darwinia.standardof.net\/pt\/wp-json\/wp\/v2\/comments?post=206"}],"version-history":[{"count":0,"href":"https:\/\/darwinia.standardof.net\/pt\/wp-json\/wp\/v2\/pages\/206\/revisions"}],"up":[{"embeddable":true,"href":"https:\/\/darwinia.standardof.net\/pt\/wp-json\/wp\/v2\/pages\/190"}],"wp:featuredmedia":[{"embeddable":true,"href":"https:\/\/darwinia.standardof.net\/pt\/wp-json\/wp\/v2\/media\/84"}],"wp:attachment":[{"href":"https:\/\/darwinia.standardof.net\/pt\/wp-json\/wp\/v2\/media?parent=206"}],"curies":[{"name":"wp","href":"https:\/\/api.w.org\/{rel}","templated":true}]}}