{"id":201,"date":"2020-10-29T16:15:09","date_gmt":"2020-10-29T16:15:09","guid":{"rendered":"https:\/\/darwinia.standardof.net\/?page_id=201"},"modified":"2020-10-29T16:15:10","modified_gmt":"2020-10-29T16:15:10","slug":"spore-generator","status":"publish","type":"page","link":"https:\/\/darwinia.standardof.net\/pt\/guide\/inimigos\/gerador-de-esporos\/","title":{"rendered":"Spore Generator"},"content":{"rendered":"<figure class=\"wp-block-gallery columns-3 is-cropped wp-block-gallery-1 is-layout-flex wp-block-gallery-is-layout-flex\"><ul class=\"blocks-gallery-grid\"><li class=\"blocks-gallery-item\"><figure><a href=\"https:\/\/darwinia.standardof.net\/pt\/darwinia-enemies-spore-generator-5\/\"><img decoding=\"async\" width=\"470\" height=\"294\" src=\"https:\/\/darwinia.standardof.net\/wp-content\/uploads\/sites\/7\/2020\/10\/Darwinia-Enemies-Spore-Generator-5.jpg\" alt=\"\" data-id=\"74\" data-full-url=\"https:\/\/darwinia.standardof.net\/wp-content\/uploads\/sites\/7\/2020\/10\/Darwinia-Enemies-Spore-Generator-5.jpg\" data-link=\"https:\/\/darwinia.standardof.net\/darwinia-enemies-spore-generator-5\/\" class=\"wp-image-74\" srcset=\"https:\/\/darwinia.standardof.net\/wp-content\/uploads\/sites\/7\/2020\/10\/Darwinia-Enemies-Spore-Generator-5.jpg 470w, https:\/\/darwinia.standardof.net\/wp-content\/uploads\/sites\/7\/2020\/10\/Darwinia-Enemies-Spore-Generator-5-200x125.jpg 200w, https:\/\/darwinia.standardof.net\/wp-content\/uploads\/sites\/7\/2020\/10\/Darwinia-Enemies-Spore-Generator-5-16x10.jpg 16w\" sizes=\"(max-width: 470px) 100vw, 470px\" \/><\/a><\/figure><\/li><li class=\"blocks-gallery-item\"><figure><a href=\"https:\/\/darwinia.standardof.net\/pt\/darwinia-enemies-spore-generator-4\/\"><img decoding=\"async\" width=\"470\" height=\"294\" src=\"https:\/\/darwinia.standardof.net\/wp-content\/uploads\/sites\/7\/2020\/10\/Darwinia-Enemies-Spore-Generator-4.jpg\" alt=\"\" data-id=\"73\" data-full-url=\"https:\/\/darwinia.standardof.net\/wp-content\/uploads\/sites\/7\/2020\/10\/Darwinia-Enemies-Spore-Generator-4.jpg\" data-link=\"https:\/\/darwinia.standardof.net\/darwinia-enemies-spore-generator-4\/\" class=\"wp-image-73\" srcset=\"https:\/\/darwinia.standardof.net\/wp-content\/uploads\/sites\/7\/2020\/10\/Darwinia-Enemies-Spore-Generator-4.jpg 470w, https:\/\/darwinia.standardof.net\/wp-content\/uploads\/sites\/7\/2020\/10\/Darwinia-Enemies-Spore-Generator-4-200x125.jpg 200w, https:\/\/darwinia.standardof.net\/wp-content\/uploads\/sites\/7\/2020\/10\/Darwinia-Enemies-Spore-Generator-4-16x10.jpg 16w\" sizes=\"(max-width: 470px) 100vw, 470px\" \/><\/a><\/figure><\/li><li class=\"blocks-gallery-item\"><figure><a href=\"https:\/\/darwinia.standardof.net\/pt\/darwinia-enemies-spore-generator-3\/\"><img decoding=\"async\" width=\"470\" height=\"294\" src=\"https:\/\/darwinia.standardof.net\/wp-content\/uploads\/sites\/7\/2020\/10\/Darwinia-Enemies-Spore-Generator-3.jpg\" alt=\"\" data-id=\"72\" data-full-url=\"https:\/\/darwinia.standardof.net\/wp-content\/uploads\/sites\/7\/2020\/10\/Darwinia-Enemies-Spore-Generator-3.jpg\" data-link=\"https:\/\/darwinia.standardof.net\/darwinia-enemies-spore-generator-3\/\" class=\"wp-image-72\" srcset=\"https:\/\/darwinia.standardof.net\/wp-content\/uploads\/sites\/7\/2020\/10\/Darwinia-Enemies-Spore-Generator-3.jpg 470w, https:\/\/darwinia.standardof.net\/wp-content\/uploads\/sites\/7\/2020\/10\/Darwinia-Enemies-Spore-Generator-3-200x125.jpg 200w, https:\/\/darwinia.standardof.net\/wp-content\/uploads\/sites\/7\/2020\/10\/Darwinia-Enemies-Spore-Generator-3-16x10.jpg 16w\" sizes=\"(max-width: 470px) 100vw, 470px\" \/><\/a><\/figure><\/li><li class=\"blocks-gallery-item\"><figure><a href=\"https:\/\/darwinia.standardof.net\/pt\/darwinia-enemies-spore-generator-2\/\"><img decoding=\"async\" width=\"470\" height=\"294\" src=\"https:\/\/darwinia.standardof.net\/wp-content\/uploads\/sites\/7\/2020\/10\/Darwinia-Enemies-Spore-Generator-2.jpg\" alt=\"\" data-id=\"71\" data-full-url=\"https:\/\/darwinia.standardof.net\/wp-content\/uploads\/sites\/7\/2020\/10\/Darwinia-Enemies-Spore-Generator-2.jpg\" data-link=\"https:\/\/darwinia.standardof.net\/darwinia-enemies-spore-generator-2\/\" class=\"wp-image-71\" srcset=\"https:\/\/darwinia.standardof.net\/wp-content\/uploads\/sites\/7\/2020\/10\/Darwinia-Enemies-Spore-Generator-2.jpg 470w, https:\/\/darwinia.standardof.net\/wp-content\/uploads\/sites\/7\/2020\/10\/Darwinia-Enemies-Spore-Generator-2-200x125.jpg 200w, https:\/\/darwinia.standardof.net\/wp-content\/uploads\/sites\/7\/2020\/10\/Darwinia-Enemies-Spore-Generator-2-16x10.jpg 16w\" sizes=\"(max-width: 470px) 100vw, 470px\" \/><\/a><\/figure><\/li><li class=\"blocks-gallery-item\"><figure><a href=\"https:\/\/darwinia.standardof.net\/pt\/darwinia-enemies-spore-generator-1\/\"><img decoding=\"async\" width=\"470\" height=\"294\" src=\"https:\/\/darwinia.standardof.net\/wp-content\/uploads\/sites\/7\/2020\/10\/Darwinia-Enemies-Spore-Generator-1.jpg\" alt=\"\" data-id=\"70\" data-full-url=\"https:\/\/darwinia.standardof.net\/wp-content\/uploads\/sites\/7\/2020\/10\/Darwinia-Enemies-Spore-Generator-1.jpg\" data-link=\"https:\/\/darwinia.standardof.net\/darwinia-enemies-spore-generator-1\/\" class=\"wp-image-70\" srcset=\"https:\/\/darwinia.standardof.net\/wp-content\/uploads\/sites\/7\/2020\/10\/Darwinia-Enemies-Spore-Generator-1.jpg 470w, https:\/\/darwinia.standardof.net\/wp-content\/uploads\/sites\/7\/2020\/10\/Darwinia-Enemies-Spore-Generator-1-200x125.jpg 200w, https:\/\/darwinia.standardof.net\/wp-content\/uploads\/sites\/7\/2020\/10\/Darwinia-Enemies-Spore-Generator-1-16x10.jpg 16w\" sizes=\"(max-width: 470px) 100vw, 470px\" \/><\/a><\/figure><\/li><\/ul><\/figure>\n\n\n\n<p>O v\u00edrus Spore Generator em <em>Darwinia<\/em> assemelha-se a um grande polvo voador, pairando sobre a terra em n\u00edveis, geralmente entre <strong>Virii <\/strong>e outros inimigos. Estes s\u00e3o os \u00fanicos outros v\u00edrus voadores al\u00e9m do Soul Destroyer, entretanto o Spore Generator \u00e9 mais comum e mais f\u00e1cil de destruir.<\/p>\n\n\n\n<p>O Spore Generator em <em>Darwinia<\/em> assemelha-se a uma pequena amea\u00e7a por si s\u00f3, pois n\u00e3o possui recursos de ataque direto que possam causar danos \u00e0s suas unidades. Em vez disso, esta criatura ocasionalmente cai perto do solo para lan\u00e7ar ovos ou \u201cesporos\u201d no solo. Esses ovos come\u00e7am n\u00e3o fertilizados, parecendo ocos e transparentes. Quando os Virii est\u00e3o por perto, eles procuram almas flutuantes livres dentro de uma certa dist\u00e2ncia, pegando-as e colocando-as dentro de um ovo, fertilizando-o assim. Essas almas podem ser vermelhas ou verdes, o que significa que, quando combinado com os Virii, o Gerador de Esporos serve como uma instala\u00e7\u00e3o de respawn flutuante do v\u00edrus. Esses ovos eclodem logo ap\u00f3s a fertiliza\u00e7\u00e3o em outros v\u00edrus.<\/p>\n\n\n\n<p>A melhor t\u00e1tica para derrubar o Gerador de Esporos \u00e9 ter Darwinianos pr\u00f3ximos manejando um <strong>armaduras <\/strong>implantado como uma torre. Esta \u00e9 sempre a melhor aposta contra os v\u00edrus voadores, pois eles podem atingir diretamente os alvos, n\u00e3o importa o qu\u00e3o alto eles estejam. A segunda op\u00e7\u00e3o \u00e9 ter darwinianos com <strong>Granadas<\/strong>, ou um esquadr\u00e3o equipado com granadas ou <strong>Foguetes <\/strong>pronto para dispar\u00e1-los diretamente sob o Gerador de Esporos quando ele cair no ch\u00e3o para colocar mais ovos.<\/p>\n\n\n\n<p>Opcionalmente, eles podem ser ignorados se n\u00e3o houver nenhum Virii nas proximidades para ajudar o Gerador de Esporos a fertilizar os ovos, pois eles eventualmente se quebrar\u00e3o depois de ficarem sentados no ch\u00e3o sem uma alma dentro por algum tempo.<\/p>","protected":false},"excerpt":{"rendered":"<p>The Spore Generator virus in Darwinia resembles a large flying octopus, hovering above the land in levels, usually amongst Virii and other enemies. These are the only other flying virus other than the Soul Destroyer, however the Spore Generator is more common and easier to destroy. The Spore Generator in Darwinia resembles little threat on [&hellip;]<\/p>","protected":false},"author":1,"featured_media":73,"parent":190,"menu_order":0,"comment_status":"open","ping_status":"closed","template":"","meta":{"_uag_custom_page_level_css":"","site-sidebar-layout":"default","site-content-layout":"default","ast-site-content-layout":"","site-content-style":"default","site-sidebar-style":"default","ast-global-header-display":"","ast-banner-title-visibility":"","ast-main-header-display":"","ast-hfb-above-header-display":"","ast-hfb-below-header-display":"","ast-hfb-mobile-header-display":"","site-post-title":"","ast-breadcrumbs-content":"","ast-featured-img":"","footer-sml-layout":"","theme-transparent-header-meta":"default","adv-header-id-meta":"","stick-header-meta":"","header-above-stick-meta":"","header-main-stick-meta":"","header-below-stick-meta":"","astra-migrate-meta-layouts":"default","ast-page-background-enabled":"default","ast-page-background-meta":{"desktop":{"background-color":"","background-image":"","background-repeat":"repeat","background-position":"center center","background-size":"auto","background-attachment":"scroll","background-type":"","background-media":"","overlay-type":"","overlay-color":"","overlay-gradient":""},"tablet":{"background-color":"","background-image":"","background-repeat":"repeat","background-position":"center center","background-size":"auto","background-attachment":"scroll","background-type":"","background-media":"","overlay-type":"","overlay-color":"","overlay-gradient":""},"mobile":{"background-color":"","background-image":"","background-repeat":"repeat","background-position":"center center","background-size":"auto","background-attachment":"scroll","background-type":"","background-media":"","overlay-type":"","overlay-color":"","overlay-gradient":""}},"ast-content-background-meta":{"desktop":{"background-color":"var(--ast-global-color-5)","background-image":"","background-repeat":"repeat","background-position":"center center","background-size":"auto","background-attachment":"scroll","background-type":"","background-media":"","overlay-type":"","overlay-color":"","overlay-gradient":""},"tablet":{"background-color":"var(--ast-global-color-5)","background-image":"","background-repeat":"repeat","background-position":"center center","background-size":"auto","background-attachment":"scroll","background-type":"","background-media":"","overlay-type":"","overlay-color":"","overlay-gradient":""},"mobile":{"background-color":"var(--ast-global-color-5)","background-image":"","background-repeat":"repeat","background-position":"center center","background-size":"auto","background-attachment":"scroll","background-type":"","background-media":"","overlay-type":"","overlay-color":"","overlay-gradient":""}},"footnotes":""},"uagb_featured_image_src":{"full":["https:\/\/darwinia.standardof.net\/wp-content\/uploads\/sites\/7\/2020\/10\/Darwinia-Enemies-Spore-Generator-4.jpg",470,294,false],"thumbnail":["https:\/\/darwinia.standardof.net\/wp-content\/uploads\/sites\/7\/2020\/10\/Darwinia-Enemies-Spore-Generator-4-200x125.jpg",200,125,true],"medium":["https:\/\/darwinia.standardof.net\/wp-content\/uploads\/sites\/7\/2020\/10\/Darwinia-Enemies-Spore-Generator-4.jpg",470,294,false],"medium_large":["https:\/\/darwinia.standardof.net\/wp-content\/uploads\/sites\/7\/2020\/10\/Darwinia-Enemies-Spore-Generator-4.jpg",470,294,false],"large":["https:\/\/darwinia.standardof.net\/wp-content\/uploads\/sites\/7\/2020\/10\/Darwinia-Enemies-Spore-Generator-4.jpg",470,294,false],"1536x1536":["https:\/\/darwinia.standardof.net\/wp-content\/uploads\/sites\/7\/2020\/10\/Darwinia-Enemies-Spore-Generator-4.jpg",470,294,false],"2048x2048":["https:\/\/darwinia.standardof.net\/wp-content\/uploads\/sites\/7\/2020\/10\/Darwinia-Enemies-Spore-Generator-4.jpg",470,294,false],"trp-custom-language-flag":["https:\/\/darwinia.standardof.net\/wp-content\/uploads\/sites\/7\/2020\/10\/Darwinia-Enemies-Spore-Generator-4-16x10.jpg",16,10,true]},"uagb_author_info":{"display_name":"SOE","author_link":"https:\/\/darwinia.standardof.net\/pt\/author\/k-tastic\/"},"uagb_comment_info":0,"uagb_excerpt":"The Spore Generator virus in Darwinia resembles a large flying octopus, hovering above the land in levels, usually amongst Virii and other enemies. These are the only other flying virus other than the Soul Destroyer, however the Spore Generator is more common and easier to destroy. The Spore Generator in Darwinia resembles little threat on&hellip;","_links":{"self":[{"href":"https:\/\/darwinia.standardof.net\/pt\/wp-json\/wp\/v2\/pages\/201"}],"collection":[{"href":"https:\/\/darwinia.standardof.net\/pt\/wp-json\/wp\/v2\/pages"}],"about":[{"href":"https:\/\/darwinia.standardof.net\/pt\/wp-json\/wp\/v2\/types\/page"}],"author":[{"embeddable":true,"href":"https:\/\/darwinia.standardof.net\/pt\/wp-json\/wp\/v2\/users\/1"}],"replies":[{"embeddable":true,"href":"https:\/\/darwinia.standardof.net\/pt\/wp-json\/wp\/v2\/comments?post=201"}],"version-history":[{"count":0,"href":"https:\/\/darwinia.standardof.net\/pt\/wp-json\/wp\/v2\/pages\/201\/revisions"}],"up":[{"embeddable":true,"href":"https:\/\/darwinia.standardof.net\/pt\/wp-json\/wp\/v2\/pages\/190"}],"wp:featuredmedia":[{"embeddable":true,"href":"https:\/\/darwinia.standardof.net\/pt\/wp-json\/wp\/v2\/media\/73"}],"wp:attachment":[{"href":"https:\/\/darwinia.standardof.net\/pt\/wp-json\/wp\/v2\/media?parent=201"}],"curies":[{"name":"wp","href":"https:\/\/api.w.org\/{rel}","templated":true}]}}