{"id":199,"date":"2020-10-29T16:12:32","date_gmt":"2020-10-29T16:12:32","guid":{"rendered":"https:\/\/darwinia.standardof.net\/?page_id=199"},"modified":"2020-10-29T16:12:33","modified_gmt":"2020-10-29T16:12:33","slug":"spider","status":"publish","type":"page","link":"https:\/\/darwinia.standardof.net\/pt\/guide\/inimigos\/aranha\/","title":{"rendered":"Aranha"},"content":{"rendered":"<figure class=\"wp-block-gallery aligncenter columns-3 is-cropped wp-block-gallery-1 is-layout-flex wp-block-gallery-is-layout-flex\"><ul class=\"blocks-gallery-grid\"><li class=\"blocks-gallery-item\"><figure><a href=\"https:\/\/darwinia.standardof.net\/pt\/darwinia-enemies-spider-5\/\"><img decoding=\"async\" width=\"470\" height=\"294\" src=\"https:\/\/darwinia.standardof.net\/wp-content\/uploads\/sites\/7\/2020\/10\/Darwinia-Enemies-Spider-5.jpg\" alt=\"\" data-id=\"69\" data-full-url=\"https:\/\/darwinia.standardof.net\/wp-content\/uploads\/sites\/7\/2020\/10\/Darwinia-Enemies-Spider-5.jpg\" data-link=\"https:\/\/darwinia.standardof.net\/darwinia-enemies-spider-5\/\" class=\"wp-image-69\" srcset=\"https:\/\/darwinia.standardof.net\/wp-content\/uploads\/sites\/7\/2020\/10\/Darwinia-Enemies-Spider-5.jpg 470w, https:\/\/darwinia.standardof.net\/wp-content\/uploads\/sites\/7\/2020\/10\/Darwinia-Enemies-Spider-5-200x125.jpg 200w, https:\/\/darwinia.standardof.net\/wp-content\/uploads\/sites\/7\/2020\/10\/Darwinia-Enemies-Spider-5-16x10.jpg 16w\" sizes=\"(max-width: 470px) 100vw, 470px\" \/><\/a><\/figure><\/li><li class=\"blocks-gallery-item\"><figure><a href=\"https:\/\/darwinia.standardof.net\/pt\/darwinia-enemies-spider-4\/\"><img decoding=\"async\" width=\"470\" height=\"294\" src=\"https:\/\/darwinia.standardof.net\/wp-content\/uploads\/sites\/7\/2020\/10\/Darwinia-Enemies-Spider-4.jpg\" alt=\"\" data-id=\"68\" data-full-url=\"https:\/\/darwinia.standardof.net\/wp-content\/uploads\/sites\/7\/2020\/10\/Darwinia-Enemies-Spider-4.jpg\" data-link=\"https:\/\/darwinia.standardof.net\/darwinia-enemies-spider-4\/\" class=\"wp-image-68\" srcset=\"https:\/\/darwinia.standardof.net\/wp-content\/uploads\/sites\/7\/2020\/10\/Darwinia-Enemies-Spider-4.jpg 470w, https:\/\/darwinia.standardof.net\/wp-content\/uploads\/sites\/7\/2020\/10\/Darwinia-Enemies-Spider-4-200x125.jpg 200w, https:\/\/darwinia.standardof.net\/wp-content\/uploads\/sites\/7\/2020\/10\/Darwinia-Enemies-Spider-4-16x10.jpg 16w\" sizes=\"(max-width: 470px) 100vw, 470px\" \/><\/a><\/figure><\/li><li class=\"blocks-gallery-item\"><figure><a href=\"https:\/\/darwinia.standardof.net\/pt\/darwinia-enemies-spider-3\/\"><img decoding=\"async\" width=\"470\" height=\"294\" src=\"https:\/\/darwinia.standardof.net\/wp-content\/uploads\/sites\/7\/2020\/10\/Darwinia-Enemies-Spider-3.jpg\" alt=\"\" data-id=\"67\" data-full-url=\"https:\/\/darwinia.standardof.net\/wp-content\/uploads\/sites\/7\/2020\/10\/Darwinia-Enemies-Spider-3.jpg\" data-link=\"https:\/\/darwinia.standardof.net\/darwinia-enemies-spider-3\/\" class=\"wp-image-67\" srcset=\"https:\/\/darwinia.standardof.net\/wp-content\/uploads\/sites\/7\/2020\/10\/Darwinia-Enemies-Spider-3.jpg 470w, https:\/\/darwinia.standardof.net\/wp-content\/uploads\/sites\/7\/2020\/10\/Darwinia-Enemies-Spider-3-200x125.jpg 200w, https:\/\/darwinia.standardof.net\/wp-content\/uploads\/sites\/7\/2020\/10\/Darwinia-Enemies-Spider-3-16x10.jpg 16w\" sizes=\"(max-width: 470px) 100vw, 470px\" \/><\/a><\/figure><\/li><li class=\"blocks-gallery-item\"><figure><a href=\"https:\/\/darwinia.standardof.net\/pt\/darwinia-enemies-spider-2\/\"><img decoding=\"async\" width=\"470\" height=\"294\" src=\"https:\/\/darwinia.standardof.net\/wp-content\/uploads\/sites\/7\/2020\/10\/Darwinia-Enemies-Spider-2.jpg\" alt=\"\" data-id=\"66\" data-full-url=\"https:\/\/darwinia.standardof.net\/wp-content\/uploads\/sites\/7\/2020\/10\/Darwinia-Enemies-Spider-2.jpg\" data-link=\"https:\/\/darwinia.standardof.net\/darwinia-enemies-spider-2\/\" class=\"wp-image-66\" srcset=\"https:\/\/darwinia.standardof.net\/wp-content\/uploads\/sites\/7\/2020\/10\/Darwinia-Enemies-Spider-2.jpg 470w, https:\/\/darwinia.standardof.net\/wp-content\/uploads\/sites\/7\/2020\/10\/Darwinia-Enemies-Spider-2-200x125.jpg 200w, https:\/\/darwinia.standardof.net\/wp-content\/uploads\/sites\/7\/2020\/10\/Darwinia-Enemies-Spider-2-16x10.jpg 16w\" sizes=\"(max-width: 470px) 100vw, 470px\" \/><\/a><\/figure><\/li><li class=\"blocks-gallery-item\"><figure><a href=\"https:\/\/darwinia.standardof.net\/pt\/darwinia-enemies-spider-1\/\"><img decoding=\"async\" width=\"470\" height=\"294\" src=\"https:\/\/darwinia.standardof.net\/wp-content\/uploads\/sites\/7\/2020\/10\/Darwinia-Enemies-Spider-1.jpg\" alt=\"\" data-id=\"65\" data-full-url=\"https:\/\/darwinia.standardof.net\/wp-content\/uploads\/sites\/7\/2020\/10\/Darwinia-Enemies-Spider-1.jpg\" data-link=\"https:\/\/darwinia.standardof.net\/darwinia-enemies-spider-1\/\" class=\"wp-image-65\" srcset=\"https:\/\/darwinia.standardof.net\/wp-content\/uploads\/sites\/7\/2020\/10\/Darwinia-Enemies-Spider-1.jpg 470w, https:\/\/darwinia.standardof.net\/wp-content\/uploads\/sites\/7\/2020\/10\/Darwinia-Enemies-Spider-1-200x125.jpg 200w, https:\/\/darwinia.standardof.net\/wp-content\/uploads\/sites\/7\/2020\/10\/Darwinia-Enemies-Spider-1-16x10.jpg 16w\" sizes=\"(max-width: 470px) 100vw, 470px\" \/><\/a><\/figure><\/li><\/ul><\/figure>\n\n\n\n<p>Spiders s\u00e3o v\u00edrus muito fortes que, embora n\u00e3o sejam vistos com frequ\u00eancia, s\u00e3o uma das maiores amea\u00e7as que voc\u00ea enfrentar\u00e1 nos n\u00edveis de <em>Darwinia<\/em>. Esses v\u00edrus atacar\u00e3o suas unidades saltando sobre elas, o que matar\u00e1 qualquer unidade que a Aranha almeje. Voc\u00ea normalmente notar\u00e1 o in\u00edcio do ataque quando as Aranhas come\u00e7arem a girar no lugar, j\u00e1 que normalmente s\u00f3 fazem isso antes de pularem quando est\u00e3o enfrentando uma unidade sua.<\/p>\n\n\n\n<p>Ap\u00f3s o salto da Aranha, \u00e9 o melhor momento poss\u00edvel para atacar o v\u00edrus de volta. Como eles s\u00e3o imunes a lasers, voc\u00ea ter\u00e1 que mirar neles com algum tipo de arma explosiva, ou com o <strong>Torre de armadura<\/strong>. Se voc\u00ea vai usar <strong>granadas<\/strong>, dispare-os assim que a Aranha pousar ou enquanto estiver saltando, se voc\u00ea souber em qual unidade ela est\u00e1 tentando pousar. Uma segunda op\u00e7\u00e3o \u00e9 usar foguetes, que s\u00e3o mais eficazes ap\u00f3s a atualiza\u00e7\u00e3o inicial para a vers\u00e3o 2.0, gra\u00e7as ao seu tempo de disparo r\u00e1pido. Leva cerca de 5-6 ataques com essas armas para matar uma Aranha em <em>Darwinia<\/em>.<\/p>\n\n\n\n<p>Tentando usar <strong>Ataques a\u00e9reos<\/strong> contra eles \u00e9 desaconselh\u00e1vel, a menos que voc\u00ea os tenha em uma pequena \u00e1rea onde voc\u00ea possa disparar os far\u00f3is sem ser notado pelas Aranhas, ou se voc\u00ea planeja usar uma unidade como um cordeiro sacrificial para manter as Aranhas ocupadas enquanto os bombardeiros fazem seu caminho para a \u00e1rea alvo. Certifique-se de estabelecer uma ampla propaga\u00e7\u00e3o para ter melhores chances de elimin\u00e1-los.<\/p>\n\n\n\n<p>Aranhas raramente s\u00e3o geradas de <strong>Triffid <\/strong>ovos, que podem ser devastadores se lan\u00e7ados em uma \u00e1rea de <strong>Darwinianos <\/strong>que n\u00e3o t\u00eam o upgrade de granada ou torre de armadura. Al\u00e9m disso, certifique-se de ter um desses dispon\u00edveis antes de enviar darwinianos contra as aranhas.<\/p>","protected":false},"excerpt":{"rendered":"<p>Spiders are very strong viruses that while not often seen, are one of the bigger threats you will face within the levels of Darwinia. These viruses will attack your units by leaping onto them, which will kill whatever unit the Spider is targeting outright. You will usually notice the attack beginning when the Spiders begin [&hellip;]<\/p>","protected":false},"author":1,"featured_media":65,"parent":190,"menu_order":0,"comment_status":"open","ping_status":"closed","template":"","meta":{"_uag_custom_page_level_css":"","site-sidebar-layout":"default","site-content-layout":"default","ast-site-content-layout":"","site-content-style":"default","site-sidebar-style":"default","ast-global-header-display":"","ast-banner-title-visibility":"","ast-main-header-display":"","ast-hfb-above-header-display":"","ast-hfb-below-header-display":"","ast-hfb-mobile-header-display":"","site-post-title":"","ast-breadcrumbs-content":"","ast-featured-img":"","footer-sml-layout":"","theme-transparent-header-meta":"default","adv-header-id-meta":"","stick-header-meta":"","header-above-stick-meta":"","header-main-stick-meta":"","header-below-stick-meta":"","astra-migrate-meta-layouts":"default","ast-page-background-enabled":"default","ast-page-background-meta":{"desktop":{"background-color":"","background-image":"","background-repeat":"repeat","background-position":"center center","background-size":"auto","background-attachment":"scroll","background-type":"","background-media":"","overlay-type":"","overlay-color":"","overlay-gradient":""},"tablet":{"background-color":"","background-image":"","background-repeat":"repeat","background-position":"center center","background-size":"auto","background-attachment":"scroll","background-type":"","background-media":"","overlay-type":"","overlay-color":"","overlay-gradient":""},"mobile":{"background-color":"","background-image":"","background-repeat":"repeat","background-position":"center center","background-size":"auto","background-attachment":"scroll","background-type":"","background-media":"","overlay-type":"","overlay-color":"","overlay-gradient":""}},"ast-content-background-meta":{"desktop":{"background-color":"var(--ast-global-color-5)","background-image":"","background-repeat":"repeat","background-position":"center center","background-size":"auto","background-attachment":"scroll","background-type":"","background-media":"","overlay-type":"","overlay-color":"","overlay-gradient":""},"tablet":{"background-color":"var(--ast-global-color-5)","background-image":"","background-repeat":"repeat","background-position":"center center","background-size":"auto","background-attachment":"scroll","background-type":"","background-media":"","overlay-type":"","overlay-color":"","overlay-gradient":""},"mobile":{"background-color":"var(--ast-global-color-5)","background-image":"","background-repeat":"repeat","background-position":"center center","background-size":"auto","background-attachment":"scroll","background-type":"","background-media":"","overlay-type":"","overlay-color":"","overlay-gradient":""}},"footnotes":""},"uagb_featured_image_src":{"full":["https:\/\/darwinia.standardof.net\/wp-content\/uploads\/sites\/7\/2020\/10\/Darwinia-Enemies-Spider-1.jpg",470,294,false],"thumbnail":["https:\/\/darwinia.standardof.net\/wp-content\/uploads\/sites\/7\/2020\/10\/Darwinia-Enemies-Spider-1-200x125.jpg",200,125,true],"medium":["https:\/\/darwinia.standardof.net\/wp-content\/uploads\/sites\/7\/2020\/10\/Darwinia-Enemies-Spider-1.jpg",470,294,false],"medium_large":["https:\/\/darwinia.standardof.net\/wp-content\/uploads\/sites\/7\/2020\/10\/Darwinia-Enemies-Spider-1.jpg",470,294,false],"large":["https:\/\/darwinia.standardof.net\/wp-content\/uploads\/sites\/7\/2020\/10\/Darwinia-Enemies-Spider-1.jpg",470,294,false],"1536x1536":["https:\/\/darwinia.standardof.net\/wp-content\/uploads\/sites\/7\/2020\/10\/Darwinia-Enemies-Spider-1.jpg",470,294,false],"2048x2048":["https:\/\/darwinia.standardof.net\/wp-content\/uploads\/sites\/7\/2020\/10\/Darwinia-Enemies-Spider-1.jpg",470,294,false],"trp-custom-language-flag":["https:\/\/darwinia.standardof.net\/wp-content\/uploads\/sites\/7\/2020\/10\/Darwinia-Enemies-Spider-1-16x10.jpg",16,10,true]},"uagb_author_info":{"display_name":"SOE","author_link":"https:\/\/darwinia.standardof.net\/pt\/author\/k-tastic\/"},"uagb_comment_info":0,"uagb_excerpt":"Spiders are very strong viruses that while not often seen, are one of the bigger threats you will face within the levels of Darwinia. These viruses will attack your units by leaping onto them, which will kill whatever unit the Spider is targeting outright. You will usually notice the attack beginning when the Spiders begin&hellip;","_links":{"self":[{"href":"https:\/\/darwinia.standardof.net\/pt\/wp-json\/wp\/v2\/pages\/199"}],"collection":[{"href":"https:\/\/darwinia.standardof.net\/pt\/wp-json\/wp\/v2\/pages"}],"about":[{"href":"https:\/\/darwinia.standardof.net\/pt\/wp-json\/wp\/v2\/types\/page"}],"author":[{"embeddable":true,"href":"https:\/\/darwinia.standardof.net\/pt\/wp-json\/wp\/v2\/users\/1"}],"replies":[{"embeddable":true,"href":"https:\/\/darwinia.standardof.net\/pt\/wp-json\/wp\/v2\/comments?post=199"}],"version-history":[{"count":0,"href":"https:\/\/darwinia.standardof.net\/pt\/wp-json\/wp\/v2\/pages\/199\/revisions"}],"up":[{"embeddable":true,"href":"https:\/\/darwinia.standardof.net\/pt\/wp-json\/wp\/v2\/pages\/190"}],"wp:featuredmedia":[{"embeddable":true,"href":"https:\/\/darwinia.standardof.net\/pt\/wp-json\/wp\/v2\/media\/65"}],"wp:attachment":[{"href":"https:\/\/darwinia.standardof.net\/pt\/wp-json\/wp\/v2\/media?parent=199"}],"curies":[{"name":"wp","href":"https:\/\/api.w.org\/{rel}","templated":true}]}}