{"id":197,"date":"2020-10-29T16:10:23","date_gmt":"2020-10-29T16:10:23","guid":{"rendered":"https:\/\/darwinia.standardof.net\/?page_id=197"},"modified":"2020-10-29T16:10:23","modified_gmt":"2020-10-29T16:10:23","slug":"soul-destroyer","status":"publish","type":"page","link":"https:\/\/darwinia.standardof.net\/pt\/guide\/inimigos\/destruidor-de-almas\/","title":{"rendered":"Destruidor de almas"},"content":{"rendered":"<figure class=\"wp-block-gallery aligncenter columns-3 is-cropped wp-block-gallery-1 is-layout-flex wp-block-gallery-is-layout-flex\"><ul class=\"blocks-gallery-grid\"><li class=\"blocks-gallery-item\"><figure><a href=\"https:\/\/darwinia.standardof.net\/pt\/darwinia-enemies-soul-destroyer-5\/\"><img decoding=\"async\" width=\"470\" height=\"294\" src=\"https:\/\/darwinia.standardof.net\/wp-content\/uploads\/sites\/7\/2020\/10\/Darwinia-Enemies-Soul-Destroyer-5.jpg\" alt=\"\" data-id=\"64\" data-full-url=\"https:\/\/darwinia.standardof.net\/wp-content\/uploads\/sites\/7\/2020\/10\/Darwinia-Enemies-Soul-Destroyer-5.jpg\" data-link=\"https:\/\/darwinia.standardof.net\/darwinia-enemies-soul-destroyer-5\/\" class=\"wp-image-64\" srcset=\"https:\/\/darwinia.standardof.net\/wp-content\/uploads\/sites\/7\/2020\/10\/Darwinia-Enemies-Soul-Destroyer-5.jpg 470w, https:\/\/darwinia.standardof.net\/wp-content\/uploads\/sites\/7\/2020\/10\/Darwinia-Enemies-Soul-Destroyer-5-200x125.jpg 200w, https:\/\/darwinia.standardof.net\/wp-content\/uploads\/sites\/7\/2020\/10\/Darwinia-Enemies-Soul-Destroyer-5-16x10.jpg 16w\" sizes=\"(max-width: 470px) 100vw, 470px\" \/><\/a><\/figure><\/li><li class=\"blocks-gallery-item\"><figure><a href=\"https:\/\/darwinia.standardof.net\/pt\/darwinia-enemies-soul-destroyer-4\/\"><img decoding=\"async\" width=\"470\" height=\"294\" src=\"https:\/\/darwinia.standardof.net\/wp-content\/uploads\/sites\/7\/2020\/10\/Darwinia-Enemies-Soul-Destroyer-4.jpg\" alt=\"\" data-id=\"63\" data-full-url=\"https:\/\/darwinia.standardof.net\/wp-content\/uploads\/sites\/7\/2020\/10\/Darwinia-Enemies-Soul-Destroyer-4.jpg\" data-link=\"https:\/\/darwinia.standardof.net\/darwinia-enemies-soul-destroyer-4\/\" class=\"wp-image-63\" srcset=\"https:\/\/darwinia.standardof.net\/wp-content\/uploads\/sites\/7\/2020\/10\/Darwinia-Enemies-Soul-Destroyer-4.jpg 470w, https:\/\/darwinia.standardof.net\/wp-content\/uploads\/sites\/7\/2020\/10\/Darwinia-Enemies-Soul-Destroyer-4-200x125.jpg 200w, https:\/\/darwinia.standardof.net\/wp-content\/uploads\/sites\/7\/2020\/10\/Darwinia-Enemies-Soul-Destroyer-4-16x10.jpg 16w\" sizes=\"(max-width: 470px) 100vw, 470px\" \/><\/a><\/figure><\/li><li class=\"blocks-gallery-item\"><figure><a href=\"https:\/\/darwinia.standardof.net\/pt\/darwinia-enemies-soul-destroyer-3\/\"><img decoding=\"async\" width=\"470\" height=\"294\" src=\"https:\/\/darwinia.standardof.net\/wp-content\/uploads\/sites\/7\/2020\/10\/Darwinia-Enemies-Soul-Destroyer-3.jpg\" alt=\"\" data-id=\"62\" data-full-url=\"https:\/\/darwinia.standardof.net\/wp-content\/uploads\/sites\/7\/2020\/10\/Darwinia-Enemies-Soul-Destroyer-3.jpg\" data-link=\"https:\/\/darwinia.standardof.net\/darwinia-enemies-soul-destroyer-3\/\" class=\"wp-image-62\" srcset=\"https:\/\/darwinia.standardof.net\/wp-content\/uploads\/sites\/7\/2020\/10\/Darwinia-Enemies-Soul-Destroyer-3.jpg 470w, https:\/\/darwinia.standardof.net\/wp-content\/uploads\/sites\/7\/2020\/10\/Darwinia-Enemies-Soul-Destroyer-3-200x125.jpg 200w, https:\/\/darwinia.standardof.net\/wp-content\/uploads\/sites\/7\/2020\/10\/Darwinia-Enemies-Soul-Destroyer-3-16x10.jpg 16w\" sizes=\"(max-width: 470px) 100vw, 470px\" \/><\/a><\/figure><\/li><li class=\"blocks-gallery-item\"><figure><a href=\"https:\/\/darwinia.standardof.net\/pt\/darwinia-enemies-soul-destroyer-2\/\"><img decoding=\"async\" width=\"470\" height=\"294\" src=\"https:\/\/darwinia.standardof.net\/wp-content\/uploads\/sites\/7\/2020\/10\/Darwinia-Enemies-Soul-Destroyer-2.jpg\" alt=\"\" data-id=\"61\" data-full-url=\"https:\/\/darwinia.standardof.net\/wp-content\/uploads\/sites\/7\/2020\/10\/Darwinia-Enemies-Soul-Destroyer-2.jpg\" data-link=\"https:\/\/darwinia.standardof.net\/darwinia-enemies-soul-destroyer-2\/\" class=\"wp-image-61\" srcset=\"https:\/\/darwinia.standardof.net\/wp-content\/uploads\/sites\/7\/2020\/10\/Darwinia-Enemies-Soul-Destroyer-2.jpg 470w, https:\/\/darwinia.standardof.net\/wp-content\/uploads\/sites\/7\/2020\/10\/Darwinia-Enemies-Soul-Destroyer-2-200x125.jpg 200w, https:\/\/darwinia.standardof.net\/wp-content\/uploads\/sites\/7\/2020\/10\/Darwinia-Enemies-Soul-Destroyer-2-16x10.jpg 16w\" sizes=\"(max-width: 470px) 100vw, 470px\" \/><\/a><\/figure><\/li><li class=\"blocks-gallery-item\"><figure><a href=\"https:\/\/darwinia.standardof.net\/pt\/darwinia-enemies-soul-destroyer-1\/\"><img decoding=\"async\" width=\"470\" height=\"294\" src=\"https:\/\/darwinia.standardof.net\/wp-content\/uploads\/sites\/7\/2020\/10\/Darwinia-Enemies-Soul-Destroyer-1.jpg\" alt=\"\" data-id=\"60\" data-full-url=\"https:\/\/darwinia.standardof.net\/wp-content\/uploads\/sites\/7\/2020\/10\/Darwinia-Enemies-Soul-Destroyer-1.jpg\" data-link=\"https:\/\/darwinia.standardof.net\/darwinia-enemies-soul-destroyer-1\/\" class=\"wp-image-60\" srcset=\"https:\/\/darwinia.standardof.net\/wp-content\/uploads\/sites\/7\/2020\/10\/Darwinia-Enemies-Soul-Destroyer-1.jpg 470w, https:\/\/darwinia.standardof.net\/wp-content\/uploads\/sites\/7\/2020\/10\/Darwinia-Enemies-Soul-Destroyer-1-200x125.jpg 200w, https:\/\/darwinia.standardof.net\/wp-content\/uploads\/sites\/7\/2020\/10\/Darwinia-Enemies-Soul-Destroyer-1-16x10.jpg 16w\" sizes=\"(max-width: 470px) 100vw, 470px\" \/><\/a><\/figure><\/li><\/ul><\/figure>\n\n\n\n<p><a href=\"http:\/\/darwinia.standardof.net\/pt\/files\/2011\/09\/470_1517416.jpg\/\"><\/a>Soul Destroyers s\u00e3o o inimigo mais perigoso, sem d\u00favida dentro <em>Darwinia.<\/em> Essas monstruosidades voadoras se parecem muito com um <strong>Centop\u00e9ia<\/strong>, exceto v\u00e1rias vezes o tamanho e muito mais amea\u00e7ador. Esses tipos de v\u00edrus s\u00e3o os mais raros vistos, depois de <strong>Triffids<\/strong>, mas s\u00e3o os mais dif\u00edceis de derrubar. Essas criaturas semelhantes a drag\u00f5es voam pelo ar, curvando-se sobre uma determinada por\u00e7\u00e3o de terra da qual n\u00e3o se desviam, exceto para atacar e depois retornar para a destrui\u00e7\u00e3o do alvo.<\/p>\n\n\n\n<p><a href=\"http:\/\/darwinia.standardof.net\/pt\/files\/2011\/09\/470_1517418.jpg\/\"><\/a>A amea\u00e7a mais potente que os Soul Destroyers representam que nenhum outro inimigo pode igualar em <em>Darwinia<\/em>, \u00e9 quando eles matam um <strong>Darwiniano<\/strong>, nenhuma alma fica para tr\u00e1s, pois o esp\u00edrito digital que habitava o corpo \u00e9 vencido junto com a forma f\u00edsica, evitando a reencarna\u00e7\u00e3o. Este efeito causa uma grande perturba\u00e7\u00e3o dentro da comunidade darwiniana sobrevivente, pois eles nunca conheceram verdadeiramente a morte antes, pois sempre reencarnam de outra forma. Isso \u00e9 visto no jogo por \u201cfantasmas\u201d brancos em forma de Darwinianos que aparecem brevemente onde algu\u00e9m caiu diante de um destruidor de almas.<\/p>\n\n\n\n<p><a href=\"http:\/\/darwinia.standardof.net\/pt\/files\/2011\/09\/470_1517420.jpg\/\"><\/a>Devido \u00e0 natureza r\u00e1pida do Soul Destroyer e suas capacidades de v\u00f4o, \u00e9 incrivelmente dif\u00edcil derrubar com seu <strong>lasers <\/strong>ou armas secund\u00e1rias. O m\u00e9todo mais eficaz \u00e9 o <strong>armaduras <\/strong>torre, que pode ser operada por darwinianos ou controlada por voc\u00ea mesmo, para atirar no destruidor de almas diretamente enquanto ele voa pelo ar, em vez de esperar at\u00e9 que ele caia em dire\u00e7\u00e3o ao solo e esperar que voc\u00ea o pegue em uma onda de choque. O \u00faltimo ponto a ser notado, \u00e9 que embora tenha a mesma forma segmentada do Centipede, o Soul Destroyer existe e morre como uma \u00fanica entidade, ent\u00e3o ele n\u00e3o se dividir\u00e1 por segmentos de ataque.<\/p>","protected":false},"excerpt":{"rendered":"<p>Soul Destroyers are the most dangerous enemy without a doubt within Darwinia. These flying monstrosities look much like a Centipede, except several times the size and much more menacing looking. These virus types are the rarest type seen, second to Triffids, but they are the hardest to take down. These dragon like creatures fly through [&hellip;]<\/p>","protected":false},"author":1,"featured_media":63,"parent":190,"menu_order":0,"comment_status":"open","ping_status":"closed","template":"","meta":{"_uag_custom_page_level_css":"","site-sidebar-layout":"default","site-content-layout":"default","ast-site-content-layout":"","site-content-style":"default","site-sidebar-style":"default","ast-global-header-display":"","ast-banner-title-visibility":"","ast-main-header-display":"","ast-hfb-above-header-display":"","ast-hfb-below-header-display":"","ast-hfb-mobile-header-display":"","site-post-title":"","ast-breadcrumbs-content":"","ast-featured-img":"","footer-sml-layout":"","theme-transparent-header-meta":"default","adv-header-id-meta":"","stick-header-meta":"","header-above-stick-meta":"","header-main-stick-meta":"","header-below-stick-meta":"","astra-migrate-meta-layouts":"default","ast-page-background-enabled":"default","ast-page-background-meta":{"desktop":{"background-color":"","background-image":"","background-repeat":"repeat","background-position":"center center","background-size":"auto","background-attachment":"scroll","background-type":"","background-media":"","overlay-type":"","overlay-color":"","overlay-gradient":""},"tablet":{"background-color":"","background-image":"","background-repeat":"repeat","background-position":"center center","background-size":"auto","background-attachment":"scroll","background-type":"","background-media":"","overlay-type":"","overlay-color":"","overlay-gradient":""},"mobile":{"background-color":"","background-image":"","background-repeat":"repeat","background-position":"center center","background-size":"auto","background-attachment":"scroll","background-type":"","background-media":"","overlay-type":"","overlay-color":"","overlay-gradient":""}},"ast-content-background-meta":{"desktop":{"background-color":"var(--ast-global-color-5)","background-image":"","background-repeat":"repeat","background-position":"center center","background-size":"auto","background-attachment":"scroll","background-type":"","background-media":"","overlay-type":"","overlay-color":"","overlay-gradient":""},"tablet":{"background-color":"var(--ast-global-color-5)","background-image":"","background-repeat":"repeat","background-position":"center center","background-size":"auto","background-attachment":"scroll","background-type":"","background-media":"","overlay-type":"","overlay-color":"","overlay-gradient":""},"mobile":{"background-color":"var(--ast-global-color-5)","background-image":"","background-repeat":"repeat","background-position":"center center","background-size":"auto","background-attachment":"scroll","background-type":"","background-media":"","overlay-type":"","overlay-color":"","overlay-gradient":""}},"footnotes":""},"uagb_featured_image_src":{"full":["https:\/\/darwinia.standardof.net\/wp-content\/uploads\/sites\/7\/2020\/10\/Darwinia-Enemies-Soul-Destroyer-4.jpg",470,294,false],"thumbnail":["https:\/\/darwinia.standardof.net\/wp-content\/uploads\/sites\/7\/2020\/10\/Darwinia-Enemies-Soul-Destroyer-4-200x125.jpg",200,125,true],"medium":["https:\/\/darwinia.standardof.net\/wp-content\/uploads\/sites\/7\/2020\/10\/Darwinia-Enemies-Soul-Destroyer-4.jpg",470,294,false],"medium_large":["https:\/\/darwinia.standardof.net\/wp-content\/uploads\/sites\/7\/2020\/10\/Darwinia-Enemies-Soul-Destroyer-4.jpg",470,294,false],"large":["https:\/\/darwinia.standardof.net\/wp-content\/uploads\/sites\/7\/2020\/10\/Darwinia-Enemies-Soul-Destroyer-4.jpg",470,294,false],"1536x1536":["https:\/\/darwinia.standardof.net\/wp-content\/uploads\/sites\/7\/2020\/10\/Darwinia-Enemies-Soul-Destroyer-4.jpg",470,294,false],"2048x2048":["https:\/\/darwinia.standardof.net\/wp-content\/uploads\/sites\/7\/2020\/10\/Darwinia-Enemies-Soul-Destroyer-4.jpg",470,294,false],"trp-custom-language-flag":["https:\/\/darwinia.standardof.net\/wp-content\/uploads\/sites\/7\/2020\/10\/Darwinia-Enemies-Soul-Destroyer-4-16x10.jpg",16,10,true]},"uagb_author_info":{"display_name":"SOE","author_link":"https:\/\/darwinia.standardof.net\/pt\/author\/k-tastic\/"},"uagb_comment_info":0,"uagb_excerpt":"Soul Destroyers are the most dangerous enemy without a doubt within Darwinia. These flying monstrosities look much like a Centipede, except several times the size and much more menacing looking. These virus types are the rarest type seen, second to Triffids, but they are the hardest to take down. These dragon like creatures fly through&hellip;","_links":{"self":[{"href":"https:\/\/darwinia.standardof.net\/pt\/wp-json\/wp\/v2\/pages\/197"}],"collection":[{"href":"https:\/\/darwinia.standardof.net\/pt\/wp-json\/wp\/v2\/pages"}],"about":[{"href":"https:\/\/darwinia.standardof.net\/pt\/wp-json\/wp\/v2\/types\/page"}],"author":[{"embeddable":true,"href":"https:\/\/darwinia.standardof.net\/pt\/wp-json\/wp\/v2\/users\/1"}],"replies":[{"embeddable":true,"href":"https:\/\/darwinia.standardof.net\/pt\/wp-json\/wp\/v2\/comments?post=197"}],"version-history":[{"count":0,"href":"https:\/\/darwinia.standardof.net\/pt\/wp-json\/wp\/v2\/pages\/197\/revisions"}],"up":[{"embeddable":true,"href":"https:\/\/darwinia.standardof.net\/pt\/wp-json\/wp\/v2\/pages\/190"}],"wp:featuredmedia":[{"embeddable":true,"href":"https:\/\/darwinia.standardof.net\/pt\/wp-json\/wp\/v2\/media\/63"}],"wp:attachment":[{"href":"https:\/\/darwinia.standardof.net\/pt\/wp-json\/wp\/v2\/media?parent=197"}],"curies":[{"name":"wp","href":"https:\/\/api.w.org\/{rel}","templated":true}]}}