{"id":193,"date":"2020-10-28T23:09:11","date_gmt":"2020-10-28T23:09:11","guid":{"rendered":"https:\/\/darwinia.standardof.net\/?page_id=193"},"modified":"2020-10-28T23:09:12","modified_gmt":"2020-10-28T23:09:12","slug":"army-ant","status":"publish","type":"page","link":"https:\/\/darwinia.standardof.net\/pt\/guide\/inimigos\/formiga-militar\/","title":{"rendered":"Formiga de ex\u00e9rcito"},"content":{"rendered":"<figure class=\"wp-block-gallery columns-4 is-cropped wp-block-gallery-1 is-layout-flex wp-block-gallery-is-layout-flex\"><ul class=\"blocks-gallery-grid\"><li class=\"blocks-gallery-item\"><figure><a href=\"https:\/\/darwinia.standardof.net\/pt\/darwinia-enemies-army-ant-4\/\"><img decoding=\"async\" width=\"470\" height=\"321\" src=\"https:\/\/darwinia.standardof.net\/wp-content\/uploads\/sites\/7\/2020\/10\/Darwinia-Enemies-Army-Ant-4.jpg\" alt=\"\" data-id=\"54\" data-full-url=\"https:\/\/darwinia.standardof.net\/wp-content\/uploads\/sites\/7\/2020\/10\/Darwinia-Enemies-Army-Ant-4.jpg\" data-link=\"https:\/\/darwinia.standardof.net\/darwinia-enemies-army-ant-4\/\" class=\"wp-image-54\" srcset=\"https:\/\/darwinia.standardof.net\/wp-content\/uploads\/sites\/7\/2020\/10\/Darwinia-Enemies-Army-Ant-4.jpg 470w, https:\/\/darwinia.standardof.net\/wp-content\/uploads\/sites\/7\/2020\/10\/Darwinia-Enemies-Army-Ant-4-200x137.jpg 200w, https:\/\/darwinia.standardof.net\/wp-content\/uploads\/sites\/7\/2020\/10\/Darwinia-Enemies-Army-Ant-4-16x12.jpg 16w\" sizes=\"(max-width: 470px) 100vw, 470px\" \/><\/a><\/figure><\/li><li class=\"blocks-gallery-item\"><figure><a href=\"https:\/\/darwinia.standardof.net\/pt\/darwinia-enemies-army-ant-3\/\"><img decoding=\"async\" width=\"470\" height=\"325\" src=\"https:\/\/darwinia.standardof.net\/wp-content\/uploads\/sites\/7\/2020\/10\/Darwinia-Enemies-Army-Ant-3.jpg\" alt=\"\" data-id=\"53\" data-full-url=\"https:\/\/darwinia.standardof.net\/wp-content\/uploads\/sites\/7\/2020\/10\/Darwinia-Enemies-Army-Ant-3.jpg\" data-link=\"https:\/\/darwinia.standardof.net\/darwinia-enemies-army-ant-3\/\" class=\"wp-image-53\" srcset=\"https:\/\/darwinia.standardof.net\/wp-content\/uploads\/sites\/7\/2020\/10\/Darwinia-Enemies-Army-Ant-3.jpg 470w, https:\/\/darwinia.standardof.net\/wp-content\/uploads\/sites\/7\/2020\/10\/Darwinia-Enemies-Army-Ant-3-200x138.jpg 200w, https:\/\/darwinia.standardof.net\/wp-content\/uploads\/sites\/7\/2020\/10\/Darwinia-Enemies-Army-Ant-3-16x12.jpg 16w\" sizes=\"(max-width: 470px) 100vw, 470px\" \/><\/a><\/figure><\/li><li class=\"blocks-gallery-item\"><figure><a href=\"https:\/\/darwinia.standardof.net\/pt\/darwinia-enemies-army-ant-2\/\"><img decoding=\"async\" width=\"470\" height=\"308\" src=\"https:\/\/darwinia.standardof.net\/wp-content\/uploads\/sites\/7\/2020\/10\/Darwinia-Enemies-Army-Ant-2.jpg\" alt=\"\" data-id=\"52\" data-full-url=\"https:\/\/darwinia.standardof.net\/wp-content\/uploads\/sites\/7\/2020\/10\/Darwinia-Enemies-Army-Ant-2.jpg\" data-link=\"https:\/\/darwinia.standardof.net\/darwinia-enemies-army-ant-2\/\" class=\"wp-image-52\" srcset=\"https:\/\/darwinia.standardof.net\/wp-content\/uploads\/sites\/7\/2020\/10\/Darwinia-Enemies-Army-Ant-2.jpg 470w, https:\/\/darwinia.standardof.net\/wp-content\/uploads\/sites\/7\/2020\/10\/Darwinia-Enemies-Army-Ant-2-200x131.jpg 200w, https:\/\/darwinia.standardof.net\/wp-content\/uploads\/sites\/7\/2020\/10\/Darwinia-Enemies-Army-Ant-2-16x10.jpg 16w\" sizes=\"(max-width: 470px) 100vw, 470px\" \/><\/a><\/figure><\/li><li class=\"blocks-gallery-item\"><figure><a href=\"https:\/\/darwinia.standardof.net\/pt\/darwinia-enemies-army-ant-1\/\"><img decoding=\"async\" width=\"470\" height=\"291\" src=\"https:\/\/darwinia.standardof.net\/wp-content\/uploads\/sites\/7\/2020\/10\/Darwinia-Enemies-Army-Ant-1.jpg\" alt=\"\" data-id=\"51\" data-full-url=\"https:\/\/darwinia.standardof.net\/wp-content\/uploads\/sites\/7\/2020\/10\/Darwinia-Enemies-Army-Ant-1.jpg\" data-link=\"https:\/\/darwinia.standardof.net\/darwinia-enemies-army-ant-1\/\" class=\"wp-image-51\" srcset=\"https:\/\/darwinia.standardof.net\/wp-content\/uploads\/sites\/7\/2020\/10\/Darwinia-Enemies-Army-Ant-1.jpg 470w, https:\/\/darwinia.standardof.net\/wp-content\/uploads\/sites\/7\/2020\/10\/Darwinia-Enemies-Army-Ant-1-200x124.jpg 200w, https:\/\/darwinia.standardof.net\/wp-content\/uploads\/sites\/7\/2020\/10\/Darwinia-Enemies-Army-Ant-1-16x10.jpg 16w\" sizes=\"(max-width: 470px) 100vw, 470px\" \/><\/a><\/figure><\/li><\/ul><\/figure>\n\n\n\n<p>A formiga-militar existe em apenas alguns n\u00edveis em <em>Darwinia<\/em>, embora os n\u00edveis em que est\u00e3o, eles est\u00e3o l\u00e1 em espadas. As formigas-ex\u00e9rcito s\u00e3o, como o nome sugere, formigas que atacam em grandes hordas que se espalham de grandes formigueiros pontilhados em certos lugares de um mapa. Eles t\u00eam uma mentalidade como uma onda de inunda\u00e7\u00e3o e n\u00e3o s\u00e3o desencorajados por nenhum de seus ataques, embora sejam distra\u00eddos por almas ca\u00eddas. Seus ataques s\u00e3o de combate corpo a corpo e eles devem entrar em contato com uma unidade sua para causar danos, no entanto, eles sempre escolhem pegar almas em vez de atacar.<\/p>\n\n\n\n<p>Na verdade, as formigas do ex\u00e9rcito em <em>Darwinia<\/em> s\u00e3o altamente atra\u00eddos por almas, tanto que qualquer lote de almas certamente atrair\u00e1 uma mar\u00e9 horrenda de Formigas de Ex\u00e9rcito se estiver perto de seus ninhos. Isso pode manter as formigas de ex\u00e9rcito ocupadas e suas for\u00e7as livres de ataques enquanto as formigas coletam as almas, mas acabar\u00e1 produzindo formigas adicionais quando trazidas de volta para a colina.<\/p>\n\n\n\n<p>A chave para combater as formigas do ex\u00e9rcito com sucesso em <em>Darwinia<\/em> \u00e9 abrir uma faixa atrav\u00e9s deles com explosivos, enquanto se dirige direto para o Formigueiro. Assim que voc\u00ea tiver um <strong>Pelot\u00e3o <\/strong>dentro do alcance, ou uma torre tripulada que pode disparar sobre a colina, concentre-se em faz\u00ea-lo.<\/p>\n\n\n\n<p>As colinas precisam de v\u00e1rios disparos para descer, mas assim que o fazem, a fonte para o renascimento da formiga \u00e9 cortada. Isso normalmente faz com que hordas de formigas de colinas pr\u00f3ximas venham e coletem as massas de almas freq\u00fcentemente deixadas para tr\u00e1s por uma colina destru\u00edda. Continue tirando-os at\u00e9 que voc\u00ea destrua uma colina sem outras por perto, e re\u00fana uma massa de almas para refor\u00e7ar suas for\u00e7as.<\/p>","protected":false},"excerpt":{"rendered":"<p>The Army Ant exists in only a few levels in Darwinia, although the levels they are in, they are there in spades. Army Ants are as their name suggests, ants that attack in large hordes that spew forth from large ant hills dotted about certain places in a map. They have a flooding wave like [&hellip;]<\/p>","protected":false},"author":1,"featured_media":51,"parent":190,"menu_order":0,"comment_status":"open","ping_status":"closed","template":"","meta":{"_uag_custom_page_level_css":"","site-sidebar-layout":"default","site-content-layout":"default","ast-site-content-layout":"","site-content-style":"default","site-sidebar-style":"default","ast-global-header-display":"","ast-banner-title-visibility":"","ast-main-header-display":"","ast-hfb-above-header-display":"","ast-hfb-below-header-display":"","ast-hfb-mobile-header-display":"","site-post-title":"","ast-breadcrumbs-content":"","ast-featured-img":"","footer-sml-layout":"","theme-transparent-header-meta":"default","adv-header-id-meta":"","stick-header-meta":"","header-above-stick-meta":"","header-main-stick-meta":"","header-below-stick-meta":"","astra-migrate-meta-layouts":"default","ast-page-background-enabled":"default","ast-page-background-meta":{"desktop":{"background-color":"","background-image":"","background-repeat":"repeat","background-position":"center center","background-size":"auto","background-attachment":"scroll","background-type":"","background-media":"","overlay-type":"","overlay-color":"","overlay-gradient":""},"tablet":{"background-color":"","background-image":"","background-repeat":"repeat","background-position":"center center","background-size":"auto","background-attachment":"scroll","background-type":"","background-media":"","overlay-type":"","overlay-color":"","overlay-gradient":""},"mobile":{"background-color":"","background-image":"","background-repeat":"repeat","background-position":"center center","background-size":"auto","background-attachment":"scroll","background-type":"","background-media":"","overlay-type":"","overlay-color":"","overlay-gradient":""}},"ast-content-background-meta":{"desktop":{"background-color":"var(--ast-global-color-5)","background-image":"","background-repeat":"repeat","background-position":"center center","background-size":"auto","background-attachment":"scroll","background-type":"","background-media":"","overlay-type":"","overlay-color":"","overlay-gradient":""},"tablet":{"background-color":"var(--ast-global-color-5)","background-image":"","background-repeat":"repeat","background-position":"center center","background-size":"auto","background-attachment":"scroll","background-type":"","background-media":"","overlay-type":"","overlay-color":"","overlay-gradient":""},"mobile":{"background-color":"var(--ast-global-color-5)","background-image":"","background-repeat":"repeat","background-position":"center center","background-size":"auto","background-attachment":"scroll","background-type":"","background-media":"","overlay-type":"","overlay-color":"","overlay-gradient":""}},"footnotes":""},"uagb_featured_image_src":{"full":["https:\/\/darwinia.standardof.net\/wp-content\/uploads\/sites\/7\/2020\/10\/Darwinia-Enemies-Army-Ant-1.jpg",470,291,false],"thumbnail":["https:\/\/darwinia.standardof.net\/wp-content\/uploads\/sites\/7\/2020\/10\/Darwinia-Enemies-Army-Ant-1-200x124.jpg",200,124,true],"medium":["https:\/\/darwinia.standardof.net\/wp-content\/uploads\/sites\/7\/2020\/10\/Darwinia-Enemies-Army-Ant-1.jpg",470,291,false],"medium_large":["https:\/\/darwinia.standardof.net\/wp-content\/uploads\/sites\/7\/2020\/10\/Darwinia-Enemies-Army-Ant-1.jpg",470,291,false],"large":["https:\/\/darwinia.standardof.net\/wp-content\/uploads\/sites\/7\/2020\/10\/Darwinia-Enemies-Army-Ant-1.jpg",470,291,false],"1536x1536":["https:\/\/darwinia.standardof.net\/wp-content\/uploads\/sites\/7\/2020\/10\/Darwinia-Enemies-Army-Ant-1.jpg",470,291,false],"2048x2048":["https:\/\/darwinia.standardof.net\/wp-content\/uploads\/sites\/7\/2020\/10\/Darwinia-Enemies-Army-Ant-1.jpg",470,291,false],"trp-custom-language-flag":["https:\/\/darwinia.standardof.net\/wp-content\/uploads\/sites\/7\/2020\/10\/Darwinia-Enemies-Army-Ant-1-16x10.jpg",16,10,true]},"uagb_author_info":{"display_name":"SOE","author_link":"https:\/\/darwinia.standardof.net\/pt\/author\/k-tastic\/"},"uagb_comment_info":0,"uagb_excerpt":"The Army Ant exists in only a few levels in Darwinia, although the levels they are in, they are there in spades. Army Ants are as their name suggests, ants that attack in large hordes that spew forth from large ant hills dotted about certain places in a map. They have a flooding wave like&hellip;","_links":{"self":[{"href":"https:\/\/darwinia.standardof.net\/pt\/wp-json\/wp\/v2\/pages\/193"}],"collection":[{"href":"https:\/\/darwinia.standardof.net\/pt\/wp-json\/wp\/v2\/pages"}],"about":[{"href":"https:\/\/darwinia.standardof.net\/pt\/wp-json\/wp\/v2\/types\/page"}],"author":[{"embeddable":true,"href":"https:\/\/darwinia.standardof.net\/pt\/wp-json\/wp\/v2\/users\/1"}],"replies":[{"embeddable":true,"href":"https:\/\/darwinia.standardof.net\/pt\/wp-json\/wp\/v2\/comments?post=193"}],"version-history":[{"count":0,"href":"https:\/\/darwinia.standardof.net\/pt\/wp-json\/wp\/v2\/pages\/193\/revisions"}],"up":[{"embeddable":true,"href":"https:\/\/darwinia.standardof.net\/pt\/wp-json\/wp\/v2\/pages\/190"}],"wp:featuredmedia":[{"embeddable":true,"href":"https:\/\/darwinia.standardof.net\/pt\/wp-json\/wp\/v2\/media\/51"}],"wp:attachment":[{"href":"https:\/\/darwinia.standardof.net\/pt\/wp-json\/wp\/v2\/media?parent=193"}],"curies":[{"name":"wp","href":"https:\/\/api.w.org\/{rel}","templated":true}]}}