{"id":190,"date":"2020-10-28T23:04:06","date_gmt":"2020-10-28T23:04:06","guid":{"rendered":"https:\/\/darwinia.standardof.net\/?page_id=190"},"modified":"2020-10-30T18:16:50","modified_gmt":"2020-10-30T18:16:50","slug":"enemies","status":"publish","type":"page","link":"https:\/\/darwinia.standardof.net\/pt\/guide\/inimigos\/","title":{"rendered":"Inimigos"},"content":{"rendered":"<div class=\"wp-block-group\"><div class=\"wp-block-group__inner-container is-layout-flow wp-block-group-is-layout-flow\">\n<div class=\"wp-block-group\"><div class=\"wp-block-group__inner-container is-layout-flow wp-block-group-is-layout-flow\">\n<div style=\"height:20px\" aria-hidden=\"true\" class=\"wp-block-spacer\"><\/div>\n<\/div><\/div>\n\n\n\n<div class=\"wp-block-cover alignwide has-background-dim\" style=\"background-image:url(https:\/\/darwinia.standardof.net\/wp-content\/uploads\/sites\/7\/2020\/10\/Darwinia-Enemies-Army-Ant-1.jpg);background-position:30% 70%;min-height:112px;aspect-ratio:unset;\"><div class=\"wp-block-cover__inner-container is-layout-flow wp-block-cover-is-layout-flow\">\n<h2 class=\"has-text-align-center has-huge-font-size wp-block-heading\"><strong><a href=\"https:\/\/darwinia.standardof.net\/pt\/guide\/inimigos\/formiga-militar\/\" class=\"rank-math-link\">Formiga de ex\u00e9rcito<\/a><\/strong><\/h2>\n<\/div><\/div>\n\n\n\n<p>Apenas encontrados nas proximidades de Ant Hills, por\u00e9m sempre em n\u00fameros extraordin\u00e1rios esses inimigos atacam em enxames massivos. Eles s\u00e3o facilmente distra\u00eddos por almas flutuantes livres e correr\u00e3o para recolh\u00ea-los e traz\u00ea-los de volta para seus montes de formigas antes de atacar suas unidades, a fim de gerar mais formigas.<\/p>\n<\/div><\/div>\n\n\n\n<div class=\"wp-block-group\"><div class=\"wp-block-group__inner-container is-layout-flow wp-block-group-is-layout-flow\">\n<div class=\"wp-block-cover alignwide has-background-dim\" style=\"background-image:url(https:\/\/darwinia.standardof.net\/wp-content\/uploads\/sites\/7\/2020\/10\/Darwinia-Enemies-Centipede-1.jpg);background-position:54% 27%;min-height:112px;aspect-ratio:unset;\"><div class=\"wp-block-cover__inner-container is-layout-flow wp-block-cover-is-layout-flow\">\n<h2 class=\"has-text-align-center has-huge-font-size wp-block-heading\"><strong><a href=\"https:\/\/darwinia.standardof.net\/pt\/guide\/inimigos\/centopeia\/\" class=\"rank-math-link\">Centop\u00e9ia<\/a><\/strong><\/h2>\n<\/div><\/div>\n\n\n\n<p>Estas s\u00e3o consideradas vers\u00f5es atualizadas do Virii. Eles d\u00e3o v\u00e1rios tiros para matar e devem ser destru\u00eddos em segmentos. Destruir um segmento que conecta dois outros far\u00e1 com que o Centipede se divida em v\u00e1rios v\u00edrus onde o segmento foi destru\u00eddo.<\/p>\n<\/div><\/div>\n\n\n\n<div class=\"wp-block-group\"><div class=\"wp-block-group__inner-container is-layout-flow wp-block-group-is-layout-flow\">\n<div class=\"wp-block-cover alignwide has-background-dim\" style=\"background-image:url(https:\/\/darwinia.standardof.net\/wp-content\/uploads\/sites\/7\/2020\/10\/Darwinia-Enemies-Soul-Destroyer-1.jpg);background-position:39% 22%;min-height:112px;aspect-ratio:unset;\"><div class=\"wp-block-cover__inner-container is-layout-flow wp-block-cover-is-layout-flow\">\n<h2 class=\"has-text-align-center has-huge-font-size wp-block-heading\"><strong><a href=\"https:\/\/darwinia.standardof.net\/pt\/guide\/inimigos\/destruidor-de-almas\/\" class=\"rank-math-link\">Destruidor de almas<\/a><\/strong><\/h2>\n<\/div><\/div>\n\n\n\n<p>Esses s\u00e3o os inimigos mais perigosos do jogo. Essas criaturas voadoras s\u00e3o dif\u00edceis de acertar com qualquer coisa que n\u00e3o seja a Battle Turret (armadura implantada) e n\u00e3o deixam nenhuma alma para tr\u00e1s dos Darwinianos que matam.<\/p>\n<\/div><\/div>\n\n\n\n<div class=\"wp-block-group\"><div class=\"wp-block-group__inner-container is-layout-flow wp-block-group-is-layout-flow\">\n<div class=\"wp-block-cover alignwide has-background-dim\" style=\"background-image:url(https:\/\/darwinia.standardof.net\/wp-content\/uploads\/sites\/7\/2020\/10\/Darwinia-Enemies-Spider-1.jpg);min-height:112px;aspect-ratio:unset;\"><div class=\"wp-block-cover__inner-container is-layout-flow wp-block-cover-is-layout-flow\">\n<h2 class=\"has-text-align-center has-huge-font-size wp-block-heading\"><strong><a href=\"https:\/\/darwinia.standardof.net\/pt\/guide\/inimigos\/aranha\/\" class=\"rank-math-link\">Aranha<\/a><\/strong><\/h2>\n<\/div><\/div>\n\n\n\n<p>As aranhas s\u00e3o v\u00edrus consideravelmente perigosos que s\u00f3 podem ser feridos por explosivos. Eles s\u00e3o capazes de saltar sobre suas unidades para atac\u00e1-los, e n\u00e3o s\u00e3o desencorajados por seus ataques prejudiciais como alguns outros v\u00edrus como o Centipede e Spore Generator.<\/p>\n<\/div><\/div>\n\n\n\n<div class=\"wp-block-group\"><div class=\"wp-block-group__inner-container is-layout-flow wp-block-group-is-layout-flow\">\n<div class=\"wp-block-cover alignwide has-background-dim\" style=\"background-image:url(https:\/\/darwinia.standardof.net\/wp-content\/uploads\/sites\/7\/2020\/10\/Darwinia-Enemies-Spore-Generator-4.jpg);background-position:62% 30%;min-height:112px;aspect-ratio:unset;\"><div class=\"wp-block-cover__inner-container is-layout-flow wp-block-cover-is-layout-flow\">\n<h2 class=\"has-text-align-center has-huge-font-size wp-block-heading\"><strong><a href=\"https:\/\/darwinia.standardof.net\/pt\/guide\/inimigos\/gerador-de-esporos\/\" class=\"rank-math-link\">Spore Generator<\/a><\/strong><\/h2>\n<\/div><\/div>\n\n\n\n<p>Esta criatura pairando \u00e9 inofensiva por si s\u00f3, mas com Virii trabalhando junto com ela, torna-se uma base m\u00f3vel de respawn para a amea\u00e7a de v\u00edrus.<\/p>\n<\/div><\/div>\n\n\n\n<div class=\"wp-block-group\"><div class=\"wp-block-group__inner-container is-layout-flow wp-block-group-is-layout-flow\">\n<div class=\"wp-block-cover alignwide has-background-dim\" style=\"background-image:url(https:\/\/darwinia.standardof.net\/wp-content\/uploads\/sites\/7\/2020\/10\/Darwinia-Enemies-Triffid-5.jpg);background-position:38% 54%;min-height:112px;aspect-ratio:unset;\"><div class=\"wp-block-cover__inner-container is-layout-flow wp-block-cover-is-layout-flow\">\n<h2 class=\"has-text-align-center has-huge-font-size wp-block-heading\"><strong><a href=\"https:\/\/darwinia.standardof.net\/pt\/guide\/inimigos\/trifide\/\" class=\"rank-math-link\">Triffid<\/a><\/strong><\/h2>\n<\/div><\/div>\n\n\n\n<p>As trifides parecem plantas em forma de sino que n\u00e3o t\u00eam nenhum ataque pr\u00f3prio, mas em vez disso atiram ovos pelo mapa que podem gerar Virii, Centipedes ou Spiders. Normalmente encontrados em locais dif\u00edceis de alcan\u00e7ar, fora do caminho.<\/p>\n<\/div><\/div>\n\n\n\n<div class=\"wp-block-group\"><div class=\"wp-block-group__inner-container is-layout-flow wp-block-group-is-layout-flow\">\n<div class=\"wp-block-cover alignwide has-background-dim\" style=\"background-image:url(https:\/\/darwinia.standardof.net\/wp-content\/uploads\/sites\/7\/2020\/10\/Darwinia-Enemies-Virii-5.jpg);background-position:47% 21%;min-height:112px;aspect-ratio:unset;\"><div class=\"wp-block-cover__inner-container is-layout-flow wp-block-cover-is-layout-flow\">\n<h2 class=\"has-text-align-center has-huge-font-size wp-block-heading\"><strong><a href=\"https:\/\/darwinia.standardof.net\/pt\/guide\/inimigos\/virii\/\" class=\"rank-math-link\">Virii<\/a><\/strong><\/h2>\n<\/div><\/div>\n\n\n\n<p>Estes s\u00e3o os primeiros inimigos que voc\u00ea encontrar\u00e1 no jogo. Esses v\u00edrus se parecem com linhas em zigue-zague de tri\u00e2ngulos que deslizam pelos n\u00edveis com um ru\u00eddo revelador. F\u00e1cil de matar com lasers ou explosivos e representa amea\u00e7as apenas em n\u00fameros ou para darwinianos verdes desarmados.<\/p>\n<\/div><\/div>","protected":false},"excerpt":{"rendered":"<p>Only ever found in the vicinity of Ant Hills, however always in extraordinary numbers these enemies attack in massive swarms. They are easily distracted by free floating souls, and will rush to gather them up, and bring them back to their ant hills before attacking your units, in order to spawn more ants. These are [&hellip;]<\/p>","protected":false},"author":1,"featured_media":13,"parent":168,"menu_order":2,"comment_status":"open","ping_status":"closed","template":"","meta":{"_uag_custom_page_level_css":"","site-sidebar-layout":"default","site-content-layout":"default","ast-site-content-layout":"","site-content-style":"default","site-sidebar-style":"default","ast-global-header-display":"","ast-banner-title-visibility":"","ast-main-header-display":"","ast-hfb-above-header-display":"","ast-hfb-below-header-display":"","ast-hfb-mobile-header-display":"","site-post-title":"","ast-breadcrumbs-content":"","ast-featured-img":"","footer-sml-layout":"","theme-transparent-header-meta":"default","adv-header-id-meta":"","stick-header-meta":"","header-above-stick-meta":"","header-main-stick-meta":"","header-below-stick-meta":"","astra-migrate-meta-layouts":"default","ast-page-background-enabled":"default","ast-page-background-meta":{"desktop":{"background-color":"","background-image":"","background-repeat":"repeat","background-position":"center center","background-size":"auto","background-attachment":"scroll","background-type":"","background-media":"","overlay-type":"","overlay-color":"","overlay-gradient":""},"tablet":{"background-color":"","background-image":"","background-repeat":"repeat","background-position":"center center","background-size":"auto","background-attachment":"scroll","background-type":"","background-media":"","overlay-type":"","overlay-color":"","overlay-gradient":""},"mobile":{"background-color":"","background-image":"","background-repeat":"repeat","background-position":"center center","background-size":"auto","background-attachment":"scroll","background-type":"","background-media":"","overlay-type":"","overlay-color":"","overlay-gradient":""}},"ast-content-background-meta":{"desktop":{"background-color":"var(--ast-global-color-5)","background-image":"","background-repeat":"repeat","background-position":"center center","background-size":"auto","background-attachment":"scroll","background-type":"","background-media":"","overlay-type":"","overlay-color":"","overlay-gradient":""},"tablet":{"background-color":"var(--ast-global-color-5)","background-image":"","background-repeat":"repeat","background-position":"center center","background-size":"auto","background-attachment":"scroll","background-type":"","background-media":"","overlay-type":"","overlay-color":"","overlay-gradient":""},"mobile":{"background-color":"var(--ast-global-color-5)","background-image":"","background-repeat":"repeat","background-position":"center center","background-size":"auto","background-attachment":"scroll","background-type":"","background-media":"","overlay-type":"","overlay-color":"","overlay-gradient":""}},"footnotes":""},"uagb_featured_image_src":{"full":["https:\/\/darwinia.standardof.net\/wp-content\/uploads\/sites\/7\/2020\/10\/darwinia1.jpg",1100,369,false],"thumbnail":["https:\/\/darwinia.standardof.net\/wp-content\/uploads\/sites\/7\/2020\/10\/darwinia1-200x67.jpg",200,67,true],"medium":["https:\/\/darwinia.standardof.net\/wp-content\/uploads\/sites\/7\/2020\/10\/darwinia1-512x172.jpg",512,172,true],"medium_large":["https:\/\/darwinia.standardof.net\/wp-content\/uploads\/sites\/7\/2020\/10\/darwinia1-768x258.jpg",768,258,true],"large":["https:\/\/darwinia.standardof.net\/wp-content\/uploads\/sites\/7\/2020\/10\/darwinia1-800x268.jpg",800,268,true],"1536x1536":["https:\/\/darwinia.standardof.net\/wp-content\/uploads\/sites\/7\/2020\/10\/darwinia1.jpg",1100,369,false],"2048x2048":["https:\/\/darwinia.standardof.net\/wp-content\/uploads\/sites\/7\/2020\/10\/darwinia1.jpg",1100,369,false],"trp-custom-language-flag":["https:\/\/darwinia.standardof.net\/wp-content\/uploads\/sites\/7\/2020\/10\/darwinia1-16x5.jpg",16,5,true]},"uagb_author_info":{"display_name":"SOE","author_link":"https:\/\/darwinia.standardof.net\/pt\/author\/k-tastic\/"},"uagb_comment_info":0,"uagb_excerpt":"Only ever found in the vicinity of Ant Hills, however always in extraordinary numbers these enemies attack in massive swarms. They are easily distracted by free floating souls, and will rush to gather them up, and bring them back to their ant hills before attacking your units, in order to spawn more ants. These are&hellip;","_links":{"self":[{"href":"https:\/\/darwinia.standardof.net\/pt\/wp-json\/wp\/v2\/pages\/190"}],"collection":[{"href":"https:\/\/darwinia.standardof.net\/pt\/wp-json\/wp\/v2\/pages"}],"about":[{"href":"https:\/\/darwinia.standardof.net\/pt\/wp-json\/wp\/v2\/types\/page"}],"author":[{"embeddable":true,"href":"https:\/\/darwinia.standardof.net\/pt\/wp-json\/wp\/v2\/users\/1"}],"replies":[{"embeddable":true,"href":"https:\/\/darwinia.standardof.net\/pt\/wp-json\/wp\/v2\/comments?post=190"}],"version-history":[{"count":0,"href":"https:\/\/darwinia.standardof.net\/pt\/wp-json\/wp\/v2\/pages\/190\/revisions"}],"up":[{"embeddable":true,"href":"https:\/\/darwinia.standardof.net\/pt\/wp-json\/wp\/v2\/pages\/168"}],"wp:featuredmedia":[{"embeddable":true,"href":"https:\/\/darwinia.standardof.net\/pt\/wp-json\/wp\/v2\/media\/13"}],"wp:attachment":[{"href":"https:\/\/darwinia.standardof.net\/pt\/wp-json\/wp\/v2\/media?parent=190"}],"curies":[{"name":"wp","href":"https:\/\/api.w.org\/{rel}","templated":true}]}}