{"id":181,"date":"2020-10-28T20:20:01","date_gmt":"2020-10-28T20:20:01","guid":{"rendered":"https:\/\/darwinia.standardof.net\/?page_id=181"},"modified":"2020-10-30T18:17:10","modified_gmt":"2020-10-30T18:17:10","slug":"cheats","status":"publish","type":"page","link":"https:\/\/darwinia.standardof.net\/pt\/guide\/trapacas\/","title":{"rendered":"Trapa\u00e7as, segredos e ovos de P\u00e1scoa"},"content":{"rendered":"<p>Esta parte do guia cobre truques ou segredos especiais que fazem parte de Darwinia.<\/p>\n\n\n\n<h2 class=\"wp-block-heading\">Desbloquear tudo<\/h2>\n\n\n\n<p>Crie um novo perfil chamado \u201c<strong>Acessar todas as \u00e1reas<\/strong>. \u201d Carreg\u00e1-lo faz com que a introdu\u00e7\u00e3o bagun\u00e7a, mas depois tudo ser\u00e1 desbloqueado.<\/p>\n\n\n\n<h2 class=\"wp-block-heading\">Mods e editor de mapas<\/h2>\n\n\n\n<p>Existe um editor de mapa b\u00e1sico e um sistema de mod no Darwinia que \u00e9 desbloqueado depois de terminar o jogo normalmente. Se voc\u00ea quiser pular, encontre seu arquivo de prefer\u00eancias na pasta raiz do Darwinia e coloque \u201cModSystemEnabled = 1\u201d no arquivo em sua pr\u00f3pria linha.<\/p>\n\n\n\n<h2 class=\"wp-block-heading\">Natal Darwiniano<\/h2>\n\n\n\n<p>Se voc\u00ea estiver executando o jogo em qualquer momento durante 25 de dezembro de qualquer ano, voc\u00ea ser\u00e1 presenteado com uma reformula\u00e7\u00e3o especial do jogo com um terreno azul &quot;coberto de neve&quot;, as \u00e1rvores passar\u00e3o de verde para vermelho e a neve come\u00e7ar\u00e1 cair do c\u00e9u. Por \u00faltimo, mas o melhor de tudo, todos os darwinianos recebem chap\u00e9us de Papai Noel! Se n\u00e3o for Natal de verdade onde voc\u00ea est\u00e1, apenas altere o rel\u00f3gio do sistema para falsific\u00e1-lo e o jogo o reconhecer\u00e1.<\/p>\n\n\n\n<figure class=\"wp-block-embed-youtube wp-block-embed is-type-video is-provider-youtube wp-embed-aspect-4-3 wp-has-aspect-ratio\"><div class=\"wp-block-embed__wrapper\">\n<div class=\"ast-oembed-container\" style=\"height: 100%;\"><iframe title=\"Chap\u00e9us de Natal Darwinia\" width=\"500\" height=\"281\" src=\"https:\/\/www.youtube.com\/embed\/Xv9ZHbjdVwI?feature=oembed\" frameborder=\"0\" allow=\"accelerometer; autoplay; clipboard-write; encrypted-media; gyroscope; picture-in-picture; web-share\" referrerpolicy=\"strict-origin-when-cross-origin\" allowfullscreen><\/iframe><\/div>\n<\/div><figcaption>Fonte: tkellaway<\/figcaption><\/figure>","protected":false},"excerpt":{"rendered":"<p>This portion of the guide covers special cheats or secrets that are part of Darwinia. Unlock Everything Create a new profile named &#8220;AccessAllAreas.&#8221; Loading it causes the intro to mess up, but afterwards everything will be unlocked. Mods &amp; Map Editor There is a basic map editor and mod system in Darwinia that is unlocked [&hellip;]<\/p>","protected":false},"author":1,"featured_media":13,"parent":168,"menu_order":6,"comment_status":"open","ping_status":"closed","template":"","meta":{"_uag_custom_page_level_css":"","site-sidebar-layout":"default","site-content-layout":"default","ast-site-content-layout":"","site-content-style":"default","site-sidebar-style":"default","ast-global-header-display":"","ast-banner-title-visibility":"","ast-main-header-display":"","ast-hfb-above-header-display":"","ast-hfb-below-header-display":"","ast-hfb-mobile-header-display":"","site-post-title":"","ast-breadcrumbs-content":"","ast-featured-img":"","footer-sml-layout":"","theme-transparent-header-meta":"default","adv-header-id-meta":"","stick-header-meta":"","header-above-stick-meta":"","header-main-stick-meta":"","header-below-stick-meta":"","astra-migrate-meta-layouts":"default","ast-page-background-enabled":"default","ast-page-background-meta":{"desktop":{"background-color":"","background-image":"","background-repeat":"repeat","background-position":"center center","background-size":"auto","background-attachment":"scroll","background-type":"","background-media":"","overlay-type":"","overlay-color":"","overlay-gradient":""},"tablet":{"background-color":"","background-image":"","background-repeat":"repeat","background-position":"center center","background-size":"auto","background-attachment":"scroll","background-type":"","background-media":"","overlay-type":"","overlay-color":"","overlay-gradient":""},"mobile":{"background-color":"","background-image":"","background-repeat":"repeat","background-position":"center center","background-size":"auto","background-attachment":"scroll","background-type":"","background-media":"","overlay-type":"","overlay-color":"","overlay-gradient":""}},"ast-content-background-meta":{"desktop":{"background-color":"var(--ast-global-color-5)","background-image":"","background-repeat":"repeat","background-position":"center center","background-size":"auto","background-attachment":"scroll","background-type":"","background-media":"","overlay-type":"","overlay-color":"","overlay-gradient":""},"tablet":{"background-color":"var(--ast-global-color-5)","background-image":"","background-repeat":"repeat","background-position":"center center","background-size":"auto","background-attachment":"scroll","background-type":"","background-media":"","overlay-type":"","overlay-color":"","overlay-gradient":""},"mobile":{"background-color":"var(--ast-global-color-5)","background-image":"","background-repeat":"repeat","background-position":"center center","background-size":"auto","background-attachment":"scroll","background-type":"","background-media":"","overlay-type":"","overlay-color":"","overlay-gradient":""}},"footnotes":""},"uagb_featured_image_src":{"full":["https:\/\/darwinia.standardof.net\/wp-content\/uploads\/sites\/7\/2020\/10\/darwinia1.jpg",1100,369,false],"thumbnail":["https:\/\/darwinia.standardof.net\/wp-content\/uploads\/sites\/7\/2020\/10\/darwinia1-200x67.jpg",200,67,true],"medium":["https:\/\/darwinia.standardof.net\/wp-content\/uploads\/sites\/7\/2020\/10\/darwinia1-512x172.jpg",512,172,true],"medium_large":["https:\/\/darwinia.standardof.net\/wp-content\/uploads\/sites\/7\/2020\/10\/darwinia1-768x258.jpg",768,258,true],"large":["https:\/\/darwinia.standardof.net\/wp-content\/uploads\/sites\/7\/2020\/10\/darwinia1-800x268.jpg",800,268,true],"1536x1536":["https:\/\/darwinia.standardof.net\/wp-content\/uploads\/sites\/7\/2020\/10\/darwinia1.jpg",1100,369,false],"2048x2048":["https:\/\/darwinia.standardof.net\/wp-content\/uploads\/sites\/7\/2020\/10\/darwinia1.jpg",1100,369,false],"trp-custom-language-flag":["https:\/\/darwinia.standardof.net\/wp-content\/uploads\/sites\/7\/2020\/10\/darwinia1-16x5.jpg",16,5,true]},"uagb_author_info":{"display_name":"SOE","author_link":"https:\/\/darwinia.standardof.net\/pt\/author\/k-tastic\/"},"uagb_comment_info":0,"uagb_excerpt":"This portion of the guide covers special cheats or secrets that are part of Darwinia. Unlock Everything Create a new profile named &#8220;AccessAllAreas.&#8221; Loading it causes the intro to mess up, but afterwards everything will be unlocked. Mods &amp; Map Editor There is a basic map editor and mod system in Darwinia that is unlocked&hellip;","_links":{"self":[{"href":"https:\/\/darwinia.standardof.net\/pt\/wp-json\/wp\/v2\/pages\/181"}],"collection":[{"href":"https:\/\/darwinia.standardof.net\/pt\/wp-json\/wp\/v2\/pages"}],"about":[{"href":"https:\/\/darwinia.standardof.net\/pt\/wp-json\/wp\/v2\/types\/page"}],"author":[{"embeddable":true,"href":"https:\/\/darwinia.standardof.net\/pt\/wp-json\/wp\/v2\/users\/1"}],"replies":[{"embeddable":true,"href":"https:\/\/darwinia.standardof.net\/pt\/wp-json\/wp\/v2\/comments?post=181"}],"version-history":[{"count":0,"href":"https:\/\/darwinia.standardof.net\/pt\/wp-json\/wp\/v2\/pages\/181\/revisions"}],"up":[{"embeddable":true,"href":"https:\/\/darwinia.standardof.net\/pt\/wp-json\/wp\/v2\/pages\/168"}],"wp:featuredmedia":[{"embeddable":true,"href":"https:\/\/darwinia.standardof.net\/pt\/wp-json\/wp\/v2\/media\/13"}],"wp:attachment":[{"href":"https:\/\/darwinia.standardof.net\/pt\/wp-json\/wp\/v2\/media?parent=181"}],"curies":[{"name":"wp","href":"https:\/\/api.w.org\/{rel}","templated":true}]}}