{"id":168,"date":"2020-10-27T22:37:36","date_gmt":"2020-10-27T22:37:36","guid":{"rendered":"https:\/\/darwinia.standardof.net\/?page_id=168"},"modified":"2020-10-29T16:45:17","modified_gmt":"2020-10-29T16:45:17","slug":"guide","status":"publish","type":"page","link":"https:\/\/darwinia.standardof.net\/pt\/","title":{"rendered":"\u00cdndice do Guia de Estrat\u00e9gia de Darwinia"},"content":{"rendered":"<p>Estas p\u00e1ginas servem como guia e \u00edndice de recursos passo a passo para o jogo de PC <em>Darwinia<\/em>, por Introversion Software. Dentro de voc\u00ea encontrar\u00e1 se\u00e7\u00f5es que cobrem como vencer todos os n\u00edveis, com informa\u00e7\u00f5es especiais sobre todas as unidades do jogo, armas, edif\u00edcios e inimigos. Sinta-se \u00e0 vontade para deixar coment\u00e1rios ou sugest\u00f5es sobre esses guias ou sobre o que gostaria de ver abaixo.<\/p>\n\n\n\n<div class=\"wp-block-cover alignwide has-background-dim\" style=\"background-image:url(https:\/\/darwinia.standardof.net\/wp-content\/uploads\/sites\/7\/2020\/10\/Darwinia-Level-03-Containment-2.jpg);min-height:112px;aspect-ratio:unset;\"><div class=\"wp-block-cover__inner-container is-layout-flow wp-block-cover-is-layout-flow\">\n<h2 class=\"has-text-align-center has-huge-font-size wp-block-heading\" id=\"4---level-walkthroughs--\"><strong><a href=\"https:\/\/darwinia.standardof.net\/pt\/guide\/passo-a-passo-de-nivel\/\" class=\"rank-math-link\">Passo a passo de n\u00edvel<\/a><\/strong><\/h2>\n<\/div><\/div>\n\n\n\n<p>Clique no link acima para prosseguir para o \u00edndice principal de todos os guias de n\u00edveis do jogo. Cada guia \u00e9 detalhado, cobrindo a progress\u00e3o de cada n\u00edvel e todos os aspectos exclusivos espec\u00edficos de cada n\u00edvel.<\/p>\n\n\n\n<div class=\"wp-block-cover alignwide has-background-dim\" style=\"background-image:url(https:\/\/darwinia.standardof.net\/wp-content\/uploads\/sites\/7\/2020\/10\/Darwinia-Units-Darwinians-1.jpg);min-height:112px;aspect-ratio:unset;\"><div class=\"wp-block-cover__inner-container is-layout-flow wp-block-cover-is-layout-flow\">\n<h2 class=\"has-text-align-center has-huge-font-size wp-block-heading\" id=\"5---units\"><strong><a href=\"https:\/\/darwinia.standardof.net\/pt\/guide\/unidades\/\" class=\"rank-math-link\">Unidades<\/a><\/strong><\/h2>\n<\/div><\/div>\n\n\n\n<p>Esta p\u00e1gina cont\u00e9m os guias que cobrem as v\u00e1rias unidades que os jogadores podem utilizar no jogo. A maioria deles s\u00e3o programas executados por meio do gerenciador de tarefas; no entanto, alguns, como os darwinianos, s\u00e3o criados por outros meios.<\/p>\n\n\n\n<div class=\"wp-block-cover alignwide has-background-dim\" style=\"background-image:url(https:\/\/darwinia.standardof.net\/wp-content\/uploads\/sites\/7\/2020\/10\/Control-Tower-2.jpg);min-height:112px;aspect-ratio:unset;\"><div class=\"wp-block-cover__inner-container is-layout-flow wp-block-cover-is-layout-flow\">\n<h2 class=\"has-text-align-center has-huge-font-size wp-block-heading\" id=\"6---buildings--\"><strong><a href=\"https:\/\/darwinia.standardof.net\/pt\/guide\/edificios\/\" class=\"rank-math-link\">Edif\u00edcios<\/a><\/strong><\/h2>\n<\/div><\/div>\n\n\n\n<p>Esta p\u00e1gina cont\u00e9m v\u00e1rias informa\u00e7\u00f5es sobre as estruturas control\u00e1veis dentro do jogo. As estruturas normalmente fornecem benef\u00edcios que n\u00e3o s\u00e3o poss\u00edveis com as unidades sozinhas e capturar muitos deles \u00e9 uma parte essencial de cada n\u00edvel. Conhecer os benef\u00edcios que cada edif\u00edcio concede ajudar\u00e1 a priorizar suas tarefas dentro dos n\u00edveis.<\/p>\n\n\n\n<div class=\"wp-block-cover alignwide has-background-dim\" style=\"background-image:url(https:\/\/darwinia.standardof.net\/wp-content\/uploads\/sites\/7\/2020\/10\/Darwinia-Enemies-Spore-Generator-3.jpg);min-height:112px;aspect-ratio:unset;\"><div class=\"wp-block-cover__inner-container is-layout-flow wp-block-cover-is-layout-flow\">\n<h2 class=\"has-text-align-center has-huge-font-size wp-block-heading\" id=\"7---enemies--\"><strong><a href=\"https:\/\/darwinia.standardof.net\/pt\/guide\/inimigos\/\" class=\"rank-math-link\">Inimigos<\/a><\/strong><\/h2>\n<\/div><\/div>\n\n\n\n<p>Aqui voc\u00ea pode encontrar um \u00edndice de todos os v\u00e1rios guias que cobrem os diferentes inimigos que voc\u00ea encontrar\u00e1 no jogo. Alguns requerem t\u00e1ticas ou armas especiais para destruir com efic\u00e1cia, enquanto outros representam amea\u00e7as significativas que devem ser priorizadas dentro de um n\u00edvel.<\/p>\n\n\n\n<div class=\"wp-block-cover alignwide has-background-dim\" style=\"background-image:url(https:\/\/darwinia.standardof.net\/wp-content\/uploads\/sites\/7\/2020\/10\/Darwinia-Weapons-Grenades-5.jpg);min-height:112px;aspect-ratio:unset;\"><div class=\"wp-block-cover__inner-container is-layout-flow wp-block-cover-is-layout-flow\">\n<h2 class=\"has-text-align-center has-huge-font-size wp-block-heading\" id=\"8---weapons--\"><strong><a href=\"https:\/\/darwinia.standardof.net\/pt\/guide\/armas\/\" class=\"rank-math-link\">Armas<\/a><\/strong><\/h2>\n<\/div><\/div>\n\n\n\n<p>Esta p\u00e1gina de \u00edndice cobre as armas que voc\u00ea encontrar\u00e1 e ser\u00e1 capaz de utilizar dentro <em>Darwinia. <\/em>Cada arma tem suas fun\u00e7\u00f5es e benef\u00edcios exclusivos, dependendo da situa\u00e7\u00e3o. O Laser \u00e9 a \u00fanica arma concedida a voc\u00ea no in\u00edcio, enquanto as tr\u00eas restantes devem ser encontradas como projetos de pesquisa para download dentro dos n\u00edveis do jogo.<\/p>\n\n\n\n<div class=\"wp-block-cover alignwide has-background-dim\" style=\"background-image:url(https:\/\/darwinia.standardof.net\/wp-content\/uploads\/sites\/7\/2020\/10\/Darwinia-Santa-Hats.jpg);min-height:112px;aspect-ratio:unset;\"><div class=\"wp-block-cover__inner-container is-layout-flow wp-block-cover-is-layout-flow\">\n<h2 class=\"has-text-align-center has-huge-font-size wp-block-heading\" id=\"9---cheats-amp-secrets--\"><strong><a href=\"https:\/\/darwinia.standardof.net\/pt\/guide\/trapacas\/\" class=\"rank-math-link\">Trapa\u00e7as e segredos<\/a><\/strong><\/h2>\n<\/div><\/div>\n\n\n\n<div style=\"height:20px\" aria-hidden=\"true\" class=\"wp-block-spacer\"><\/div>\n\n\n\n<div class=\"wp-block-cover alignwide has-background-dim\" style=\"background-image:url(https:\/\/darwinia.standardof.net\/wp-content\/uploads\/sites\/7\/2020\/10\/darwinia1.jpg);min-height:112px;aspect-ratio:unset;\"><div class=\"wp-block-cover__inner-container is-layout-flow wp-block-cover-is-layout-flow\">\n<h2 class=\"has-text-align-center wp-block-heading\">Links Adicionais<\/h2>\n\n\n\n<div class=\"wp-block-buttons aligncenter is-layout-flex wp-block-buttons-is-layout-flex\">\n<div class=\"wp-block-button\"><a class=\"wp-block-button__link\" href=\"https:\/\/darwinia.standardof.net\/pt\/guide\/creditos\/\">Cr\u00e9ditos<\/a><\/div>\n\n\n\n<div class=\"wp-block-button\"><a class=\"wp-block-button__link\" href=\"http:\/\/thenextgame.co.uk\/mods.php\" target=\"_blank\" rel=\"noreferrer noopener\">Darwinia Mods<\/a><\/div>\n<\/div>\n<\/div><\/div>\n\n\n\n<p><\/p>","protected":false},"excerpt":{"rendered":"<p>These pages serve as the guide and walkthrough resource index for the PC game Darwinia, by Introversion Software. Within you will find sections covering how to beat all the levels, with special info on all the game&#8217;s units, weapons, building and enemies. Feel free to leave any comments or suggestions on these guides or what [&hellip;]<\/p>","protected":false},"author":1,"featured_media":13,"parent":0,"menu_order":0,"comment_status":"open","ping_status":"closed","template":"","meta":{"_uag_custom_page_level_css":"","site-sidebar-layout":"default","site-content-layout":"default","ast-site-content-layout":"","site-content-style":"default","site-sidebar-style":"default","ast-global-header-display":"","ast-banner-title-visibility":"","ast-main-header-display":"","ast-hfb-above-header-display":"","ast-hfb-below-header-display":"","ast-hfb-mobile-header-display":"","site-post-title":"","ast-breadcrumbs-content":"","ast-featured-img":"","footer-sml-layout":"","theme-transparent-header-meta":"default","adv-header-id-meta":"","stick-header-meta":"","header-above-stick-meta":"","header-main-stick-meta":"","header-below-stick-meta":"","astra-migrate-meta-layouts":"default","ast-page-background-enabled":"default","ast-page-background-meta":{"desktop":{"background-color":"","background-image":"","background-repeat":"repeat","background-position":"center center","background-size":"auto","background-attachment":"scroll","background-type":"","background-media":"","overlay-type":"","overlay-color":"","overlay-gradient":""},"tablet":{"background-color":"","background-image":"","background-repeat":"repeat","background-position":"center center","background-size":"auto","background-attachment":"scroll","background-type":"","background-media":"","overlay-type":"","overlay-color":"","overlay-gradient":""},"mobile":{"background-color":"","background-image":"","background-repeat":"repeat","background-position":"center center","background-size":"auto","background-attachment":"scroll","background-type":"","background-media":"","overlay-type":"","overlay-color":"","overlay-gradient":""}},"ast-content-background-meta":{"desktop":{"background-color":"var(--ast-global-color-5)","background-image":"","background-repeat":"repeat","background-position":"center center","background-size":"auto","background-attachment":"scroll","background-type":"","background-media":"","overlay-type":"","overlay-color":"","overlay-gradient":""},"tablet":{"background-color":"var(--ast-global-color-5)","background-image":"","background-repeat":"repeat","background-position":"center center","background-size":"auto","background-attachment":"scroll","background-type":"","background-media":"","overlay-type":"","overlay-color":"","overlay-gradient":""},"mobile":{"background-color":"var(--ast-global-color-5)","background-image":"","background-repeat":"repeat","background-position":"center center","background-size":"auto","background-attachment":"scroll","background-type":"","background-media":"","overlay-type":"","overlay-color":"","overlay-gradient":""}},"footnotes":""},"uagb_featured_image_src":{"full":["https:\/\/darwinia.standardof.net\/wp-content\/uploads\/sites\/7\/2020\/10\/darwinia1.jpg",1100,369,false],"thumbnail":["https:\/\/darwinia.standardof.net\/wp-content\/uploads\/sites\/7\/2020\/10\/darwinia1-200x67.jpg",200,67,true],"medium":["https:\/\/darwinia.standardof.net\/wp-content\/uploads\/sites\/7\/2020\/10\/darwinia1-512x172.jpg",512,172,true],"medium_large":["https:\/\/darwinia.standardof.net\/wp-content\/uploads\/sites\/7\/2020\/10\/darwinia1-768x258.jpg",768,258,true],"large":["https:\/\/darwinia.standardof.net\/wp-content\/uploads\/sites\/7\/2020\/10\/darwinia1-800x268.jpg",800,268,true],"1536x1536":["https:\/\/darwinia.standardof.net\/wp-content\/uploads\/sites\/7\/2020\/10\/darwinia1.jpg",1100,369,false],"2048x2048":["https:\/\/darwinia.standardof.net\/wp-content\/uploads\/sites\/7\/2020\/10\/darwinia1.jpg",1100,369,false],"trp-custom-language-flag":["https:\/\/darwinia.standardof.net\/wp-content\/uploads\/sites\/7\/2020\/10\/darwinia1-16x5.jpg",16,5,true]},"uagb_author_info":{"display_name":"SOE","author_link":"https:\/\/darwinia.standardof.net\/pt\/author\/k-tastic\/"},"uagb_comment_info":2,"uagb_excerpt":"These pages serve as the guide and walkthrough resource index for the PC game Darwinia, by Introversion Software. Within you will find sections covering how to beat all the levels, with special info on all the game&#8217;s units, weapons, building and enemies. Feel free to leave any comments or suggestions on these guides or what&hellip;","_links":{"self":[{"href":"https:\/\/darwinia.standardof.net\/pt\/wp-json\/wp\/v2\/pages\/168"}],"collection":[{"href":"https:\/\/darwinia.standardof.net\/pt\/wp-json\/wp\/v2\/pages"}],"about":[{"href":"https:\/\/darwinia.standardof.net\/pt\/wp-json\/wp\/v2\/types\/page"}],"author":[{"embeddable":true,"href":"https:\/\/darwinia.standardof.net\/pt\/wp-json\/wp\/v2\/users\/1"}],"replies":[{"embeddable":true,"href":"https:\/\/darwinia.standardof.net\/pt\/wp-json\/wp\/v2\/comments?post=168"}],"version-history":[{"count":0,"href":"https:\/\/darwinia.standardof.net\/pt\/wp-json\/wp\/v2\/pages\/168\/revisions"}],"wp:featuredmedia":[{"embeddable":true,"href":"https:\/\/darwinia.standardof.net\/pt\/wp-json\/wp\/v2\/media\/13"}],"wp:attachment":[{"href":"https:\/\/darwinia.standardof.net\/pt\/wp-json\/wp\/v2\/media?parent=168"}],"curies":[{"name":"wp","href":"https:\/\/api.w.org\/{rel}","templated":true}]}}