{"id":281,"date":"2020-10-30T19:34:33","date_gmt":"2020-10-30T19:34:33","guid":{"rendered":"https:\/\/darwinia.standardof.net\/?page_id=281"},"modified":"2020-10-30T20:05:46","modified_gmt":"2020-10-30T20:05:46","slug":"about-darwinia","status":"publish","type":"page","link":"https:\/\/darwinia.standardof.net\/fr\/about-darwinia\/","title":{"rendered":"\u00c0 propos de Darwinia"},"content":{"rendered":"<div class=\"wp-block-image is-style-default\"><figure class=\"aligncenter size-large\"><img decoding=\"async\" width=\"800\" height=\"600\" src=\"https:\/\/darwinia.standardof.net\/wp-content\/uploads\/sites\/7\/2020\/10\/Darwinia-Combat-800x600.jpg\" alt=\"\" class=\"wp-image-15\" srcset=\"https:\/\/darwinia.standardof.net\/wp-content\/uploads\/sites\/7\/2020\/10\/Darwinia-Combat-800x600.jpg 800w, https:\/\/darwinia.standardof.net\/wp-content\/uploads\/sites\/7\/2020\/10\/Darwinia-Combat-512x384.jpg 512w, https:\/\/darwinia.standardof.net\/wp-content\/uploads\/sites\/7\/2020\/10\/Darwinia-Combat-200x150.jpg 200w, https:\/\/darwinia.standardof.net\/wp-content\/uploads\/sites\/7\/2020\/10\/Darwinia-Combat-768x576.jpg 768w, https:\/\/darwinia.standardof.net\/wp-content\/uploads\/sites\/7\/2020\/10\/Darwinia-Combat-16x12.jpg 16w, https:\/\/darwinia.standardof.net\/wp-content\/uploads\/sites\/7\/2020\/10\/Darwinia-Combat.jpg 1024w\" sizes=\"(max-width: 800px) 100vw, 800px\" \/><figcaption>Les darwiniens sont \u00e9quip\u00e9s d&#039;une tourelle pour tirer sur les virus ennemis<\/figcaption><\/figure><\/div>\n\n\n\n<h4 class=\"wp-block-heading\" id=\"1-description\">Description officielle:<\/h4>\n\n\n\n<p><em>Combinant une action rapide et une planification de bataille strat\u00e9gique, Darwinia propose un m\u00e9canisme de contr\u00f4le novateur et intuitif, un style graphique extrait des classiques r\u00e9tro des ann\u00e9es 80 comme Tron et Defender, et une histoire concernant une tribu de sprites nomades pi\u00e9g\u00e9s dans un monde 3D moderne.<\/em><\/p>\n\n\n\n<div class=\"wp-block-columns is-layout-flex wp-container-core-columns-is-layout-1 wp-block-columns-is-layout-flex\">\n<div class=\"wp-block-column is-layout-flow wp-block-column-is-layout-flow\" style=\"flex-basis:100%\">\n<div class=\"wp-block-image\"><figure class=\"alignleft size-large is-resized\"><img decoding=\"async\" src=\"https:\/\/darwinia.standardof.net\/wp-content\/uploads\/sites\/7\/2020\/10\/Win-Mac-Linux-Xbox-1.png\" alt=\"\" class=\"wp-image-286\" width=\"256\" height=\"64\" srcset=\"https:\/\/darwinia.standardof.net\/wp-content\/uploads\/sites\/7\/2020\/10\/Win-Mac-Linux-Xbox-1.png 512w, https:\/\/darwinia.standardof.net\/wp-content\/uploads\/sites\/7\/2020\/10\/Win-Mac-Linux-Xbox-1-200x50.png 200w, https:\/\/darwinia.standardof.net\/wp-content\/uploads\/sites\/7\/2020\/10\/Win-Mac-Linux-Xbox-1-16x4.png 16w\" sizes=\"(max-width: 256px) 100vw, 256px\" \/><\/figure><\/div>\n<\/div>\n<\/div>\n\n\n\n<ul><li>Ind\u00e9pendant, hybride de strat\u00e9gie divin \/ temps r\u00e9el<\/li><li>Histoire solo (11 niveaux)<\/li><li>D\u00e9velopp\u00e9 par Introversion Software<\/li><li>Date de sortie: 14 juil.2005<\/li><li>Plateformes: Windows, Linux, Mac, Xbox 360<\/li><li><a href=\"http:\/\/www.introversion.co.uk\/darwinia\/\" target=\"_blank\" rel=\"noopener\">Site officiel.<\/a><\/li><\/ul>\n\n\n\n<h4 class=\"wp-block-heading\" id=\"2-our-comments\">Nos commentaires:<\/h4>\n\n\n\n<p>L&#039;un des meilleurs jeux ind\u00e9pendants. D\u00e9j\u00e0. Si vous ne savez rien \u00e0 propos de ce jeu, assurez-vous de regarder les vid\u00e9os car les mots auraient du mal \u00e0 dire que c&#039;est g\u00e9nial.<\/p>\n\n\n\n<hr class=\"wp-block-separator\"\/>\n\n\n\n<h3 class=\"has-text-align-center wp-block-heading\" id=\"3--where-to-buy--wargame-european-escalation--\"><strong>O\u00f9 acheter <em><em><em>Darwinia<\/em><\/em><\/em><\/strong><\/h3>\n\n\n\n<p class=\"has-text-align-center\">Si vous \u00eates tomb\u00e9 sur ce guide mais que vous ne poss\u00e9dez pas encore d&#039;exemplaire de l&#039;un des jeux couverts ici et que vous souhaitez en acheter un, cette page vous aidera \u00e0 trouver des copies du jeu dans divers points de vente qui le proposent. Les liens marqu\u00e9s d&#039;un ast\u00e9risque (*) sont des liens d&#039;affiliation et aident \u00e0 soutenir le site.<\/p>\n\n\n\n<section class=\"wp-block-uagb-columns uagb-columns__wrap uagb-columns__background-undefined uagb-columns__stack-mobile uagb-columns__valign-undefined uagb-columns__gap-10 alignundefined uagb-block-bb7387be\"><div class=\"uagb-columns__overlay\"><\/div><div class=\"uagb-columns__inner-wrap uagb-columns__columns-3\">\n<div class=\"wp-block-uagb-column uagb-column__wrap uagb-column__background-undefined uagb-block-79c528ed\"><div class=\"uagb-column__overlay\"><\/div><div class=\"uagb-column__inner-wrap\">\n<div class=\"wp-block-image\"><figure class=\"aligncenter size-large is-resized\"><a href=\"https:\/\/www.introversion.co.uk\/introversion\/#games\" target=\"_blank\" rel=\"noopener\"><img decoding=\"async\" src=\"https:\/\/darwinia.standardof.net\/wp-content\/uploads\/sites\/7\/2020\/10\/IntroversionLogo-256px.png\" alt=\"Logo du magasin d&#039;introversion\" class=\"wp-image-292\" width=\"192\" height=\"192\" srcset=\"https:\/\/darwinia.standardof.net\/wp-content\/uploads\/sites\/7\/2020\/10\/IntroversionLogo-256px.png 256w, https:\/\/darwinia.standardof.net\/wp-content\/uploads\/sites\/7\/2020\/10\/IntroversionLogo-256px-200x200.png 200w, https:\/\/darwinia.standardof.net\/wp-content\/uploads\/sites\/7\/2020\/10\/IntroversionLogo-256px-12x12.png 12w\" sizes=\"(max-width: 192px) 100vw, 192px\" \/><\/a><figcaption>Magasin d&#039;introversion<\/figcaption><\/figure><\/div>\n\n\n\n<div class=\"wp-block-image\"><figure class=\"aligncenter size-large is-resized\"><img decoding=\"async\" src=\"https:\/\/darwinia.standardof.net\/wp-content\/uploads\/sites\/7\/2020\/10\/Win-Mac-Linux.png\" alt=\"\" class=\"wp-image-287\" width=\"96\" height=\"32\" srcset=\"https:\/\/darwinia.standardof.net\/wp-content\/uploads\/sites\/7\/2020\/10\/Win-Mac-Linux.png 384w, https:\/\/darwinia.standardof.net\/wp-content\/uploads\/sites\/7\/2020\/10\/Win-Mac-Linux-200x67.png 200w, https:\/\/darwinia.standardof.net\/wp-content\/uploads\/sites\/7\/2020\/10\/Win-Mac-Linux-16x5.png 16w\" sizes=\"(max-width: 96px) 100vw, 96px\" \/><\/figure><\/div>\n<\/div><\/div>\n\n\n\n<div class=\"wp-block-uagb-column uagb-column__wrap uagb-column__background-undefined uagb-block-b4211a54\"><div class=\"uagb-column__overlay\"><\/div><div class=\"uagb-column__inner-wrap\">\n<div class=\"wp-block-image\"><figure class=\"aligncenter size-large is-resized\"><a href=\"https:\/\/www.gog.com\/game\/darwinia\" target=\"_blank\" rel=\"noopener\"><img decoding=\"async\" src=\"https:\/\/darwinia.standardof.net\/wp-content\/uploads\/sites\/7\/2020\/10\/GOG-256px.png\" alt=\"Bons vieux jeux\" class=\"wp-image-291\" width=\"192\" height=\"192\" srcset=\"https:\/\/darwinia.standardof.net\/wp-content\/uploads\/sites\/7\/2020\/10\/GOG-256px.png 256w, https:\/\/darwinia.standardof.net\/wp-content\/uploads\/sites\/7\/2020\/10\/GOG-256px-200x200.png 200w, https:\/\/darwinia.standardof.net\/wp-content\/uploads\/sites\/7\/2020\/10\/GOG-256px-12x12.png 12w\" sizes=\"(max-width: 192px) 100vw, 192px\" \/><\/a><figcaption>Bons vieux jeux<\/figcaption><\/figure><\/div>\n\n\n\n<div class=\"wp-block-image\"><figure class=\"aligncenter size-large is-resized\"><img decoding=\"async\" src=\"https:\/\/darwinia.standardof.net\/wp-content\/uploads\/sites\/7\/2020\/10\/Win-Mac-Linux.png\" alt=\"\" class=\"wp-image-287\" width=\"96\" height=\"32\" srcset=\"https:\/\/darwinia.standardof.net\/wp-content\/uploads\/sites\/7\/2020\/10\/Win-Mac-Linux.png 384w, https:\/\/darwinia.standardof.net\/wp-content\/uploads\/sites\/7\/2020\/10\/Win-Mac-Linux-200x67.png 200w, https:\/\/darwinia.standardof.net\/wp-content\/uploads\/sites\/7\/2020\/10\/Win-Mac-Linux-16x5.png 16w\" sizes=\"(max-width: 96px) 100vw, 96px\" \/><\/figure><\/div>\n<\/div><\/div>\n\n\n\n<div class=\"wp-block-uagb-column uagb-column__wrap uagb-column__background-undefined uagb-block-08f687df\"><div class=\"uagb-column__overlay\"><\/div><div class=\"uagb-column__inner-wrap\">\n<div class=\"wp-block-image\"><figure class=\"aligncenter size-large is-resized\"><a href=\"https:\/\/store.steampowered.com\/app\/1500\/Darwinia\/\" target=\"_blank\" rel=\"noopener\"><img decoding=\"async\" src=\"https:\/\/darwinia.standardof.net\/wp-content\/uploads\/sites\/7\/2020\/10\/Steam-Logo-256px.png\" alt=\"Vapeur\" class=\"wp-image-293\" width=\"192\" height=\"192\" srcset=\"https:\/\/darwinia.standardof.net\/wp-content\/uploads\/sites\/7\/2020\/10\/Steam-Logo-256px.png 256w, https:\/\/darwinia.standardof.net\/wp-content\/uploads\/sites\/7\/2020\/10\/Steam-Logo-256px-200x200.png 200w, https:\/\/darwinia.standardof.net\/wp-content\/uploads\/sites\/7\/2020\/10\/Steam-Logo-256px-12x12.png 12w\" sizes=\"(max-width: 192px) 100vw, 192px\" \/><\/a><figcaption>Vapeur<\/figcaption><\/figure><\/div>\n\n\n\n<div class=\"wp-block-image\"><figure class=\"aligncenter size-large is-resized\"><img decoding=\"async\" src=\"https:\/\/darwinia.standardof.net\/wp-content\/uploads\/sites\/7\/2020\/10\/Win-Mac-Linux.png\" alt=\"\" class=\"wp-image-287\" width=\"96\" height=\"32\" srcset=\"https:\/\/darwinia.standardof.net\/wp-content\/uploads\/sites\/7\/2020\/10\/Win-Mac-Linux.png 384w, https:\/\/darwinia.standardof.net\/wp-content\/uploads\/sites\/7\/2020\/10\/Win-Mac-Linux-200x67.png 200w, https:\/\/darwinia.standardof.net\/wp-content\/uploads\/sites\/7\/2020\/10\/Win-Mac-Linux-16x5.png 16w\" sizes=\"(max-width: 96px) 100vw, 96px\" \/><\/figure><\/div>\n<\/div><\/div>\n<\/div><\/section>\n\n\n\n<section class=\"wp-block-uagb-columns uagb-columns__wrap uagb-columns__background-undefined uagb-columns__stack-mobile uagb-columns__valign-undefined uagb-columns__gap-10 alignundefined uagb-block-0dae1b8b\"><div class=\"uagb-columns__overlay\"><\/div><div class=\"uagb-columns__inner-wrap uagb-columns__columns-3\">\n<div class=\"wp-block-uagb-column uagb-column__wrap uagb-column__background-undefined uagb-block-d1d93d1c\"><div class=\"uagb-column__overlay\"><\/div><div class=\"uagb-column__inner-wrap\">\n<div class=\"wp-block-image\"><figure class=\"aligncenter size-large is-resized\"><a href=\"https:\/\/amzn.to\/3bGPSqd\" target=\"_blank\" rel=\"noopener\"><img decoding=\"async\" src=\"https:\/\/darwinia.standardof.net\/wp-content\/uploads\/sites\/7\/2020\/10\/amazon-square-icon-256px.png\" alt=\"Amazone\" class=\"wp-image-289\" width=\"192\" height=\"192\" srcset=\"https:\/\/darwinia.standardof.net\/wp-content\/uploads\/sites\/7\/2020\/10\/amazon-square-icon-256px.png 256w, https:\/\/darwinia.standardof.net\/wp-content\/uploads\/sites\/7\/2020\/10\/amazon-square-icon-256px-200x200.png 200w, https:\/\/darwinia.standardof.net\/wp-content\/uploads\/sites\/7\/2020\/10\/amazon-square-icon-256px-12x12.png 12w\" sizes=\"(max-width: 192px) 100vw, 192px\" \/><\/a><figcaption>Amazone*<\/figcaption><\/figure><\/div>\n\n\n\n<div class=\"wp-block-image\"><figure class=\"aligncenter size-large is-resized\"><img decoding=\"async\" src=\"https:\/\/darwinia.standardof.net\/wp-content\/uploads\/sites\/7\/2020\/10\/Win-Mac-Linux.png\" alt=\"\" class=\"wp-image-287\" width=\"96\" height=\"32\" srcset=\"https:\/\/darwinia.standardof.net\/wp-content\/uploads\/sites\/7\/2020\/10\/Win-Mac-Linux.png 384w, https:\/\/darwinia.standardof.net\/wp-content\/uploads\/sites\/7\/2020\/10\/Win-Mac-Linux-200x67.png 200w, https:\/\/darwinia.standardof.net\/wp-content\/uploads\/sites\/7\/2020\/10\/Win-Mac-Linux-16x5.png 16w\" sizes=\"(max-width: 96px) 100vw, 96px\" \/><\/figure><\/div>\n<\/div><\/div>\n\n\n\n<div class=\"wp-block-uagb-column uagb-column__wrap uagb-column__background-undefined uagb-block-e5f4a191\"><div class=\"uagb-column__overlay\"><\/div><div class=\"uagb-column__inner-wrap\">\n<div class=\"wp-block-image\"><figure class=\"aligncenter size-large is-resized\"><a href=\"https:\/\/bit.ly\/35kdIY0\" target=\"_blank\" rel=\"noopener\"><img decoding=\"async\" src=\"https:\/\/darwinia.standardof.net\/wp-content\/uploads\/sites\/7\/2020\/10\/GMG-Icon-256px.png\" alt=\"Jeu de l&#039;homme vert\" class=\"wp-image-290\" width=\"192\" height=\"192\" srcset=\"https:\/\/darwinia.standardof.net\/wp-content\/uploads\/sites\/7\/2020\/10\/GMG-Icon-256px.png 256w, https:\/\/darwinia.standardof.net\/wp-content\/uploads\/sites\/7\/2020\/10\/GMG-Icon-256px-200x200.png 200w, https:\/\/darwinia.standardof.net\/wp-content\/uploads\/sites\/7\/2020\/10\/GMG-Icon-256px-12x12.png 12w\" sizes=\"(max-width: 192px) 100vw, 192px\" \/><\/a><figcaption>Jeu Green Man *<\/figcaption><\/figure><\/div>\n\n\n\n<div class=\"wp-block-image\"><figure class=\"aligncenter size-large is-resized\"><img decoding=\"async\" src=\"https:\/\/darwinia.standardof.net\/wp-content\/uploads\/sites\/7\/2020\/10\/Win-Mac-Linux.png\" alt=\"\" class=\"wp-image-287\" width=\"96\" height=\"32\" srcset=\"https:\/\/darwinia.standardof.net\/wp-content\/uploads\/sites\/7\/2020\/10\/Win-Mac-Linux.png 384w, https:\/\/darwinia.standardof.net\/wp-content\/uploads\/sites\/7\/2020\/10\/Win-Mac-Linux-200x67.png 200w, https:\/\/darwinia.standardof.net\/wp-content\/uploads\/sites\/7\/2020\/10\/Win-Mac-Linux-16x5.png 16w\" sizes=\"(max-width: 96px) 100vw, 96px\" \/><\/figure><\/div>\n<\/div><\/div>\n\n\n\n<div class=\"wp-block-uagb-column uagb-column__wrap uagb-column__background-undefined uagb-block-3c219719\"><div class=\"uagb-column__overlay\"><\/div><div class=\"uagb-column__inner-wrap\">\n<div class=\"wp-block-image\"><figure class=\"aligncenter size-large is-resized\"><a href=\"https:\/\/marketplace.xbox.com\/en-US\/Product\/Darwinia\/66acd000-77fe-1000-9115-d80258410822#\" target=\"_blank\" rel=\"noopener\"><img decoding=\"async\" src=\"https:\/\/darwinia.standardof.net\/wp-content\/uploads\/sites\/7\/2020\/10\/Xbox-256px.png\" alt=\"Boutique Xbox\" class=\"wp-image-294\" width=\"192\" height=\"192\" srcset=\"https:\/\/darwinia.standardof.net\/wp-content\/uploads\/sites\/7\/2020\/10\/Xbox-256px.png 256w, https:\/\/darwinia.standardof.net\/wp-content\/uploads\/sites\/7\/2020\/10\/Xbox-256px-200x200.png 200w, https:\/\/darwinia.standardof.net\/wp-content\/uploads\/sites\/7\/2020\/10\/Xbox-256px-12x12.png 12w\" sizes=\"(max-width: 192px) 100vw, 192px\" \/><\/a><figcaption>Boutique Xbox<\/figcaption><\/figure><\/div>\n\n\n\n<div class=\"wp-block-image\"><figure class=\"aligncenter size-large is-resized\"><img decoding=\"async\" src=\"https:\/\/darwinia.standardof.net\/wp-content\/uploads\/sites\/7\/2020\/10\/xbox.png\" alt=\"\" class=\"wp-image-297\" width=\"32\" height=\"32\" srcset=\"https:\/\/darwinia.standardof.net\/wp-content\/uploads\/sites\/7\/2020\/10\/xbox.png 128w, https:\/\/darwinia.standardof.net\/wp-content\/uploads\/sites\/7\/2020\/10\/xbox-12x12.png 12w\" sizes=\"(max-width: 32px) 100vw, 32px\" \/><\/figure><\/div>\n<\/div><\/div>\n<\/div><\/section>\n\n\n\n<p><\/p>","protected":false},"excerpt":{"rendered":"<p>Official Description: Combining fast-paced action with strategic battle planning, Darwinia features a novel and intuitive control mechanism, a graphical style ripped from 80&#8217;s retro classics like Tron and Defender, and a story concerning a tribe of nomadic sprites trapped in a modern 3D world. Indie, god-like\/real time strategy hybrid Single Player Story (11 Levels) Developed [&hellip;]<\/p>","protected":false},"author":1,"featured_media":13,"parent":0,"menu_order":0,"comment_status":"open","ping_status":"closed","template":"","meta":{"_uag_custom_page_level_css":"","site-sidebar-layout":"default","site-content-layout":"default","ast-site-content-layout":"","site-content-style":"default","site-sidebar-style":"default","ast-global-header-display":"","ast-banner-title-visibility":"","ast-main-header-display":"","ast-hfb-above-header-display":"","ast-hfb-below-header-display":"","ast-hfb-mobile-header-display":"","site-post-title":"","ast-breadcrumbs-content":"","ast-featured-img":"","footer-sml-layout":"","theme-transparent-header-meta":"default","adv-header-id-meta":"","stick-header-meta":"","header-above-stick-meta":"","header-main-stick-meta":"","header-below-stick-meta":"","astra-migrate-meta-layouts":"default","ast-page-background-enabled":"default","ast-page-background-meta":{"desktop":{"background-color":"","background-image":"","background-repeat":"repeat","background-position":"center center","background-size":"auto","background-attachment":"scroll","background-type":"","background-media":"","overlay-type":"","overlay-color":"","overlay-gradient":""},"tablet":{"background-color":"","background-image":"","background-repeat":"repeat","background-position":"center center","background-size":"auto","background-attachment":"scroll","background-type":"","background-media":"","overlay-type":"","overlay-color":"","overlay-gradient":""},"mobile":{"background-color":"","background-image":"","background-repeat":"repeat","background-position":"center center","background-size":"auto","background-attachment":"scroll","background-type":"","background-media":"","overlay-type":"","overlay-color":"","overlay-gradient":""}},"ast-content-background-meta":{"desktop":{"background-color":"var(--ast-global-color-5)","background-image":"","background-repeat":"repeat","background-position":"center center","background-size":"auto","background-attachment":"scroll","background-type":"","background-media":"","overlay-type":"","overlay-color":"","overlay-gradient":""},"tablet":{"background-color":"var(--ast-global-color-5)","background-image":"","background-repeat":"repeat","background-position":"center center","background-size":"auto","background-attachment":"scroll","background-type":"","background-media":"","overlay-type":"","overlay-color":"","overlay-gradient":""},"mobile":{"background-color":"var(--ast-global-color-5)","background-image":"","background-repeat":"repeat","background-position":"center center","background-size":"auto","background-attachment":"scroll","background-type":"","background-media":"","overlay-type":"","overlay-color":"","overlay-gradient":""}},"footnotes":""},"uagb_featured_image_src":{"full":["https:\/\/darwinia.standardof.net\/wp-content\/uploads\/sites\/7\/2020\/10\/darwinia1.jpg",1100,369,false],"thumbnail":["https:\/\/darwinia.standardof.net\/wp-content\/uploads\/sites\/7\/2020\/10\/darwinia1-200x67.jpg",200,67,true],"medium":["https:\/\/darwinia.standardof.net\/wp-content\/uploads\/sites\/7\/2020\/10\/darwinia1-512x172.jpg",512,172,true],"medium_large":["https:\/\/darwinia.standardof.net\/wp-content\/uploads\/sites\/7\/2020\/10\/darwinia1-768x258.jpg",768,258,true],"large":["https:\/\/darwinia.standardof.net\/wp-content\/uploads\/sites\/7\/2020\/10\/darwinia1-800x268.jpg",800,268,true],"1536x1536":["https:\/\/darwinia.standardof.net\/wp-content\/uploads\/sites\/7\/2020\/10\/darwinia1.jpg",1100,369,false],"2048x2048":["https:\/\/darwinia.standardof.net\/wp-content\/uploads\/sites\/7\/2020\/10\/darwinia1.jpg",1100,369,false],"trp-custom-language-flag":["https:\/\/darwinia.standardof.net\/wp-content\/uploads\/sites\/7\/2020\/10\/darwinia1-16x5.jpg",16,5,true]},"uagb_author_info":{"display_name":"SOE","author_link":"https:\/\/darwinia.standardof.net\/fr\/author\/k-tastic\/"},"uagb_comment_info":0,"uagb_excerpt":"Official Description: Combining fast-paced action with strategic battle planning, Darwinia features a novel and intuitive control mechanism, a graphical style ripped from 80&#8217;s retro classics like Tron and Defender, and a story concerning a tribe of nomadic sprites trapped in a modern 3D world. Indie, god-like\/real time strategy hybrid Single Player Story (11 Levels) Developed&hellip;","_links":{"self":[{"href":"https:\/\/darwinia.standardof.net\/fr\/wp-json\/wp\/v2\/pages\/281"}],"collection":[{"href":"https:\/\/darwinia.standardof.net\/fr\/wp-json\/wp\/v2\/pages"}],"about":[{"href":"https:\/\/darwinia.standardof.net\/fr\/wp-json\/wp\/v2\/types\/page"}],"author":[{"embeddable":true,"href":"https:\/\/darwinia.standardof.net\/fr\/wp-json\/wp\/v2\/users\/1"}],"replies":[{"embeddable":true,"href":"https:\/\/darwinia.standardof.net\/fr\/wp-json\/wp\/v2\/comments?post=281"}],"version-history":[{"count":0,"href":"https:\/\/darwinia.standardof.net\/fr\/wp-json\/wp\/v2\/pages\/281\/revisions"}],"wp:featuredmedia":[{"embeddable":true,"href":"https:\/\/darwinia.standardof.net\/fr\/wp-json\/wp\/v2\/media\/13"}],"wp:attachment":[{"href":"https:\/\/darwinia.standardof.net\/fr\/wp-json\/wp\/v2\/media?parent=281"}],"curies":[{"name":"wp","href":"https:\/\/api.w.org\/{rel}","templated":true}]}}