{"id":250,"date":"2020-10-30T17:59:53","date_gmt":"2020-10-30T17:59:53","guid":{"rendered":"https:\/\/darwinia.standardof.net\/?page_id=250"},"modified":"2020-10-30T19:29:18","modified_gmt":"2020-10-30T19:29:18","slug":"temple","status":"publish","type":"page","link":"https:\/\/darwinia.standardof.net\/fr\/guide\/procedures-de-niveau\/temple\/","title":{"rendered":"Temple"},"content":{"rendered":"<div class=\"wp-block-group\"><div class=\"wp-block-group__inner-container is-layout-flow wp-block-group-is-layout-flow\">\n<div style=\"height:20px\" aria-hidden=\"true\" class=\"wp-block-spacer\"><\/div>\n<\/div><\/div>\n\n\n\n<div class=\"wp-block-columns is-layout-flex wp-container-core-columns-is-layout-1 wp-block-columns-is-layout-flex\">\n<div class=\"wp-block-column is-layout-flow wp-block-column-is-layout-flow\">\n<p>Le Temple est le dernier niveau de l&#039;histoire principale de <em>Darwinia. <\/em>C&#039;est ici que la v\u00e9rit\u00e9 derri\u00e8re l&#039;infection virale est d\u00e9couverte. En fin de compte, le <strong><a href=\"https:\/\/darwinia.standardof.net\/fr\/guide\/unites\/darwinians\/\" class=\"rank-math-link\">Darwiniens<\/a> <\/strong>a r\u00e9ussi \u00e0 r\u00e9aligner le port de coffre ici \u00e0 ce qu&#039;ils pensaient \u00eatre le paradis, mais \u00e9tait en fait l&#039;ordinateur de travail du docteur Sepulveda. Ce qui s&#039;est pass\u00e9 ensuite a eu un impact sur leur soci\u00e9t\u00e9 pour toujours, ayant t\u00e9l\u00e9charg\u00e9 les donn\u00e9es de recherche du m\u00e9decin qui contenaient toutes les informations sur l&#039;existence des Darwiniens et comment ils ont \u00e9t\u00e9 cr\u00e9\u00e9s. Dans le processus, ils ont r\u00e9ussi \u00e0 t\u00e9l\u00e9charger 3 e-mails de spam contenant des virus m\u00e9chants, qui se sont mat\u00e9rialis\u00e9s dans le monde de <em>Darwinia<\/em> dans le virus que vous avez combattu depuis le d\u00e9but.<\/p>\n<\/div>\n\n\n\n<div class=\"wp-block-column is-layout-flow wp-block-column-is-layout-flow\">\n<figure class=\"wp-block-image size-large\"><a href=\"https:\/\/darwinia.standardof.net\/fr\/guide\/procedures-de-niveau\/temple\/darwinia-level-11-temple-1\/\"><img decoding=\"async\" width=\"470\" height=\"294\" src=\"https:\/\/darwinia.standardof.net\/wp-content\/uploads\/sites\/7\/2020\/10\/Darwinia-Level-11-Temple-1.jpg\" alt=\"\" class=\"wp-image-158\" srcset=\"https:\/\/darwinia.standardof.net\/wp-content\/uploads\/sites\/7\/2020\/10\/Darwinia-Level-11-Temple-1.jpg 470w, https:\/\/darwinia.standardof.net\/wp-content\/uploads\/sites\/7\/2020\/10\/Darwinia-Level-11-Temple-1-200x125.jpg 200w, https:\/\/darwinia.standardof.net\/wp-content\/uploads\/sites\/7\/2020\/10\/Darwinia-Level-11-Temple-1-16x10.jpg 16w\" sizes=\"(max-width: 470px) 100vw, 470px\" \/><\/a><\/figure>\n<\/div>\n<\/div>\n\n\n\n<div class=\"wp-block-columns is-layout-flex wp-container-core-columns-is-layout-2 wp-block-columns-is-layout-flex\">\n<div class=\"wp-block-column is-layout-flow wp-block-column-is-layout-flow\">\n<p>Ces 3 <strong><a href=\"https:\/\/darwinia.standardof.net\/fr\/guide\/ennemis\/\" class=\"rank-math-link\">virus<\/a> <\/strong>les e-mails infect\u00e9s sont l&#039;objectif principal du niveau du Temple, et les 3 doivent \u00eatre d\u00e9truits pour enfin se d\u00e9barrasser <em>Darwinia<\/em> de l&#039;infection. Chaque courrier se trouve sur une \u00eele et lib\u00e8re une attaque de virus de temps en temps qui tuera les Darwiniens et vos programmes tout en engendrant des virus suppl\u00e9mentaires. Il n&#039;y a aucun moyen d&#039;\u00e9viter cela, alors attendez-vous \u00e0 ce que cela arrive \u00e0 un rythme r\u00e9gulier.<\/p>\n<\/div>\n\n\n\n<div class=\"wp-block-column is-layout-flow wp-block-column-is-layout-flow\">\n<figure class=\"wp-block-image size-large\"><a href=\"https:\/\/darwinia.standardof.net\/fr\/guide\/procedures-de-niveau\/temple\/darwinia-level-11-temple-2\/\"><img decoding=\"async\" width=\"470\" height=\"294\" src=\"https:\/\/darwinia.standardof.net\/wp-content\/uploads\/sites\/7\/2020\/10\/Darwinia-Level-11-Temple-2.jpg\" alt=\"\" class=\"wp-image-159\" srcset=\"https:\/\/darwinia.standardof.net\/wp-content\/uploads\/sites\/7\/2020\/10\/Darwinia-Level-11-Temple-2.jpg 470w, https:\/\/darwinia.standardof.net\/wp-content\/uploads\/sites\/7\/2020\/10\/Darwinia-Level-11-Temple-2-200x125.jpg 200w, https:\/\/darwinia.standardof.net\/wp-content\/uploads\/sites\/7\/2020\/10\/Darwinia-Level-11-Temple-2-16x10.jpg 16w\" sizes=\"(max-width: 470px) 100vw, 470px\" \/><\/a><\/figure>\n<\/div>\n<\/div>\n\n\n\n<div class=\"wp-block-columns is-layout-flex wp-container-core-columns-is-layout-3 wp-block-columns-is-layout-flex\">\n<div class=\"wp-block-column is-layout-flow wp-block-column-is-layout-flow\">\n<p>L&#039;un des avantages du Temple par rapport aux autres niveaux est que vous pouvez capturer furtivement presque tous les <a href=\"https:\/\/darwinia.standardof.net\/fr\/guide\/batiments\/\" class=\"rank-math-link\"><strong>Tours de contr\u00f4le<\/strong><\/a> ici, y compris de nombreux <a href=\"https:\/\/darwinia.standardof.net\/fr\/guide\/batiments\/\" class=\"rank-math-link\"><strong>Plats radar<\/strong> <\/a>et le <a href=\"https:\/\/darwinia.standardof.net\/fr\/guide\/batiments\/\" class=\"rank-math-link\"><strong>Incubateurs<\/strong><\/a>. Faites-le d&#039;abord avec les ing\u00e9nieurs pour vous donner de nombreuses options d&#039;attaque. Les tours de contr\u00f4le d\u00e9fendues par <strong><a href=\"https:\/\/darwinia.standardof.net\/fr\/guide\/ennemis\/araignee\/\" class=\"rank-math-link\">Araign\u00e9es<\/a> <\/strong>sont faciles \u00e0 capturer si vous en avez plusieurs <strong><a href=\"https:\/\/darwinia.standardof.net\/fr\/guide\/unites\/ingenieur\/\" class=\"rank-math-link\">Ing\u00e9nieurs<\/a> <\/strong>avec un ou deux se d\u00e9pla\u00e7ant comme distractions. Vous pouvez retirer l&#039;e-mail Side situ\u00e9 sur l&#039;\u00eele principalement st\u00e9rile en plafonnant furtivement l&#039;antenne radar et en faisant utiliser les escouades. <strong><a href=\"https:\/\/darwinia.standardof.net\/fr\/guide\/armes\/\" class=\"rank-math-link\">Frappes a\u00e9riennes<\/a> <\/strong>ou d&#039;autres explosifs. Les deux autres e-mails de spam sont le darwinien sur l&#039;\u00eele avec des rouges et l&#039;e-mail du temple o\u00f9 se trouve le port du tronc r\u00e9align\u00e9.<\/p>\n<\/div>\n\n\n\n<div class=\"wp-block-column is-layout-flow wp-block-column-is-layout-flow\">\n<figure class=\"wp-block-image size-large\"><a href=\"https:\/\/darwinia.standardof.net\/fr\/guide\/procedures-de-niveau\/temple\/darwinia-level-11-temple-3\/\"><img decoding=\"async\" width=\"470\" height=\"294\" src=\"https:\/\/darwinia.standardof.net\/wp-content\/uploads\/sites\/7\/2020\/10\/Darwinia-Level-11-Temple-3.jpg\" alt=\"\" class=\"wp-image-160\" srcset=\"https:\/\/darwinia.standardof.net\/wp-content\/uploads\/sites\/7\/2020\/10\/Darwinia-Level-11-Temple-3.jpg 470w, https:\/\/darwinia.standardof.net\/wp-content\/uploads\/sites\/7\/2020\/10\/Darwinia-Level-11-Temple-3-200x125.jpg 200w, https:\/\/darwinia.standardof.net\/wp-content\/uploads\/sites\/7\/2020\/10\/Darwinia-Level-11-Temple-3-16x10.jpg 16w\" sizes=\"(max-width: 470px) 100vw, 470px\" \/><\/a><\/figure>\n<\/div>\n<\/div>\n\n\n\n<p>Utilisez les incubateurs pour engendrer des verts afin d&#039;\u00e9lever les Spawners sur l&#039;\u00eele initiale pour constituer votre arm\u00e9e. Cr\u00e9ez un groupe de tourelles et d\u00e9ployez-les avec les Darwiniens sur les bords de l&#039;\u00eele du Temple pour contr\u00f4ler l&#039;infection virale l\u00e0-bas, puis faites un suivi avec des escouades pour se pr\u00e9cipiter et d\u00e9poser des balises de frappe a\u00e9rienne sur l&#039;e-mail ici pour le supprimer.<\/p>\n\n\n\n<div class=\"wp-block-columns is-layout-flex wp-container-core-columns-is-layout-4 wp-block-columns-is-layout-flex\">\n<div class=\"wp-block-column is-layout-flow wp-block-column-is-layout-flow\">\n<p>Enfin, vous voudrez vous d\u00e9placer contre l&#039;\u00eele darwinienne rouge pour retirer le dernier e-mail ici. Vous pouvez soit utiliser une invasion massive de verts pour couvrir un groupe d&#039;insurg\u00e9s d&#039;escouades pour entrer par effraction et d\u00e9poser des balises de frappe a\u00e9rienne sur l&#039;e-mail. Essayez d&#039;\u00e9viter ou de retirer la tourelle ici en faisant cela, car elle d\u00e9chirera vos unit\u00e9s si elle n&#039;est pas trait\u00e9e rapidement. Essayez d&#039;\u00e9viter d&#039;utiliser vous-m\u00eame des tourelles sur cette \u00eele \u00e0 moins que vous ne cherchiez \u00e0 capturer les Spawners, car les rouges peuvent les prendre et les utiliser contre vous. Une fois que les 3 e-mails sont partis, vous serez trait\u00e9 pour un peu de R&amp;R pour vos efforts pour sauver le projet de recherche sur la vie simul\u00e9e de Darwin.<\/p>\n<\/div>\n\n\n\n<div class=\"wp-block-column is-layout-flow wp-block-column-is-layout-flow\">\n<figure class=\"wp-block-image size-large\"><a href=\"https:\/\/darwinia.standardof.net\/fr\/guide\/procedures-de-niveau\/temple\/darwinia-level-11-temple-4\/\"><img decoding=\"async\" width=\"470\" height=\"294\" src=\"https:\/\/darwinia.standardof.net\/wp-content\/uploads\/sites\/7\/2020\/10\/Darwinia-Level-11-Temple-4.jpg\" alt=\"\" class=\"wp-image-161\" srcset=\"https:\/\/darwinia.standardof.net\/wp-content\/uploads\/sites\/7\/2020\/10\/Darwinia-Level-11-Temple-4.jpg 470w, https:\/\/darwinia.standardof.net\/wp-content\/uploads\/sites\/7\/2020\/10\/Darwinia-Level-11-Temple-4-200x125.jpg 200w, https:\/\/darwinia.standardof.net\/wp-content\/uploads\/sites\/7\/2020\/10\/Darwinia-Level-11-Temple-4-16x10.jpg 16w\" sizes=\"(max-width: 470px) 100vw, 470px\" \/><\/a><\/figure>\n<\/div>\n<\/div>\n\n\n\n<h3 class=\"wp-block-heading\">Pr\u00e9sentation vid\u00e9o du Temple - Darwinia<\/h3>\n\n\n\n<figure class=\"wp-block-embed-youtube wp-block-embed is-type-video is-provider-youtube wp-embed-aspect-16-9 wp-has-aspect-ratio\"><div class=\"wp-block-embed__wrapper\">\n<div class=\"ast-oembed-container\" style=\"height: 100%;\"><iframe title=\"Darwinia - Temple - Proc\u00e9dure pas \u00e0 pas compl\u00e8te\" width=\"500\" height=\"281\" src=\"https:\/\/www.youtube.com\/embed\/spLZMzykvWo?feature=oembed\" frameborder=\"0\" allow=\"accelerometer; autoplay; clipboard-write; encrypted-media; gyroscope; picture-in-picture; web-share\" referrerpolicy=\"strict-origin-when-cross-origin\" allowfullscreen><\/iframe><\/div>\n<\/div><\/figure>\n\n\n\n<div class=\"wp-block-buttons is-layout-flex wp-block-buttons-is-layout-flex\">\n<div class=\"wp-block-button is-style-outline\"><a class=\"wp-block-button__link\" href=\"https:\/\/darwinia.standardof.net\/fr\/guide\/procedures-de-niveau\/biosphere\/\">Niveau pr\u00e9c\u00e9dent: Biosph\u00e8re<\/a><\/div>\n<\/div>","protected":false},"excerpt":{"rendered":"<p>The Temple is the final level in the main story line of Darwinia. It is here that the truth behind the virus infection is uncovered. As it turns out, the Darwinians managed to realign the Trunk Port here to what they thought was Heaven, but was actually Doctor Sepulveda&#8217;s work computer. What happened next impacted [&hellip;]<\/p>","protected":false},"author":1,"featured_media":159,"parent":229,"menu_order":11,"comment_status":"open","ping_status":"closed","template":"","meta":{"_uag_custom_page_level_css":"","site-sidebar-layout":"default","site-content-layout":"default","ast-site-content-layout":"","site-content-style":"default","site-sidebar-style":"default","ast-global-header-display":"","ast-banner-title-visibility":"","ast-main-header-display":"","ast-hfb-above-header-display":"","ast-hfb-below-header-display":"","ast-hfb-mobile-header-display":"","site-post-title":"","ast-breadcrumbs-content":"","ast-featured-img":"","footer-sml-layout":"","theme-transparent-header-meta":"default","adv-header-id-meta":"","stick-header-meta":"","header-above-stick-meta":"","header-main-stick-meta":"","header-below-stick-meta":"","astra-migrate-meta-layouts":"default","ast-page-background-enabled":"default","ast-page-background-meta":{"desktop":{"background-color":"","background-image":"","background-repeat":"repeat","background-position":"center center","background-size":"auto","background-attachment":"scroll","background-type":"","background-media":"","overlay-type":"","overlay-color":"","overlay-gradient":""},"tablet":{"background-color":"","background-image":"","background-repeat":"repeat","background-position":"center center","background-size":"auto","background-attachment":"scroll","background-type":"","background-media":"","overlay-type":"","overlay-color":"","overlay-gradient":""},"mobile":{"background-color":"","background-image":"","background-repeat":"repeat","background-position":"center center","background-size":"auto","background-attachment":"scroll","background-type":"","background-media":"","overlay-type":"","overlay-color":"","overlay-gradient":""}},"ast-content-background-meta":{"desktop":{"background-color":"var(--ast-global-color-5)","background-image":"","background-repeat":"repeat","background-position":"center center","background-size":"auto","background-attachment":"scroll","background-type":"","background-media":"","overlay-type":"","overlay-color":"","overlay-gradient":""},"tablet":{"background-color":"var(--ast-global-color-5)","background-image":"","background-repeat":"repeat","background-position":"center center","background-size":"auto","background-attachment":"scroll","background-type":"","background-media":"","overlay-type":"","overlay-color":"","overlay-gradient":""},"mobile":{"background-color":"var(--ast-global-color-5)","background-image":"","background-repeat":"repeat","background-position":"center center","background-size":"auto","background-attachment":"scroll","background-type":"","background-media":"","overlay-type":"","overlay-color":"","overlay-gradient":""}},"footnotes":""},"uagb_featured_image_src":{"full":["https:\/\/darwinia.standardof.net\/wp-content\/uploads\/sites\/7\/2020\/10\/Darwinia-Level-11-Temple-2.jpg",470,294,false],"thumbnail":["https:\/\/darwinia.standardof.net\/wp-content\/uploads\/sites\/7\/2020\/10\/Darwinia-Level-11-Temple-2-200x125.jpg",200,125,true],"medium":["https:\/\/darwinia.standardof.net\/wp-content\/uploads\/sites\/7\/2020\/10\/Darwinia-Level-11-Temple-2.jpg",470,294,false],"medium_large":["https:\/\/darwinia.standardof.net\/wp-content\/uploads\/sites\/7\/2020\/10\/Darwinia-Level-11-Temple-2.jpg",470,294,false],"large":["https:\/\/darwinia.standardof.net\/wp-content\/uploads\/sites\/7\/2020\/10\/Darwinia-Level-11-Temple-2.jpg",470,294,false],"1536x1536":["https:\/\/darwinia.standardof.net\/wp-content\/uploads\/sites\/7\/2020\/10\/Darwinia-Level-11-Temple-2.jpg",470,294,false],"2048x2048":["https:\/\/darwinia.standardof.net\/wp-content\/uploads\/sites\/7\/2020\/10\/Darwinia-Level-11-Temple-2.jpg",470,294,false],"trp-custom-language-flag":["https:\/\/darwinia.standardof.net\/wp-content\/uploads\/sites\/7\/2020\/10\/Darwinia-Level-11-Temple-2-16x10.jpg",16,10,true]},"uagb_author_info":{"display_name":"SOE","author_link":"https:\/\/darwinia.standardof.net\/fr\/author\/k-tastic\/"},"uagb_comment_info":0,"uagb_excerpt":"The Temple is the final level in the main story line of Darwinia. It is here that the truth behind the virus infection is uncovered. As it turns out, the Darwinians managed to realign the Trunk Port here to what they thought was Heaven, but was actually Doctor Sepulveda&#8217;s work computer. What happened next impacted&hellip;","_links":{"self":[{"href":"https:\/\/darwinia.standardof.net\/fr\/wp-json\/wp\/v2\/pages\/250"}],"collection":[{"href":"https:\/\/darwinia.standardof.net\/fr\/wp-json\/wp\/v2\/pages"}],"about":[{"href":"https:\/\/darwinia.standardof.net\/fr\/wp-json\/wp\/v2\/types\/page"}],"author":[{"embeddable":true,"href":"https:\/\/darwinia.standardof.net\/fr\/wp-json\/wp\/v2\/users\/1"}],"replies":[{"embeddable":true,"href":"https:\/\/darwinia.standardof.net\/fr\/wp-json\/wp\/v2\/comments?post=250"}],"version-history":[{"count":0,"href":"https:\/\/darwinia.standardof.net\/fr\/wp-json\/wp\/v2\/pages\/250\/revisions"}],"up":[{"embeddable":true,"href":"https:\/\/darwinia.standardof.net\/fr\/wp-json\/wp\/v2\/pages\/229"}],"wp:featuredmedia":[{"embeddable":true,"href":"https:\/\/darwinia.standardof.net\/fr\/wp-json\/wp\/v2\/media\/159"}],"wp:attachment":[{"href":"https:\/\/darwinia.standardof.net\/fr\/wp-json\/wp\/v2\/media?parent=250"}],"curies":[{"name":"wp","href":"https:\/\/api.w.org\/{rel}","templated":true}]}}