{"id":249,"date":"2020-10-30T17:59:35","date_gmt":"2020-10-30T17:59:35","guid":{"rendered":"https:\/\/darwinia.standardof.net\/?page_id=249"},"modified":"2020-10-30T19:07:57","modified_gmt":"2020-10-30T19:07:57","slug":"biosphere","status":"publish","type":"page","link":"https:\/\/darwinia.standardof.net\/fr\/guide\/procedures-de-niveau\/biosphere\/","title":{"rendered":"Biosph\u00e8re"},"content":{"rendered":"<div class=\"wp-block-group\"><div class=\"wp-block-group__inner-container is-layout-flow wp-block-group-is-layout-flow\">\n<div style=\"height:20px\" aria-hidden=\"true\" class=\"wp-block-spacer\"><\/div>\n<\/div><\/div>\n\n\n\n<div class=\"wp-block-columns is-layout-flex wp-container-core-columns-is-layout-1 wp-block-columns-is-layout-flex\">\n<div class=\"wp-block-column is-layout-flow wp-block-column-is-layout-flow\">\n<p>Le niveau Biosph\u00e8re est l&#039;avant-dernier niveau <em>Darwinia<\/em>. C&#039;est l&#039;installation o\u00f9 les \u00e2mes du <strong><a href=\"https:\/\/darwinia.standardof.net\/fr\/guide\/procedures-de-niveau\/receveur\/\" class=\"rank-math-link\">Receveur<\/a> <\/strong>et les donn\u00e9es r\u00e9gissant la forme physique de base des Darwiniens sont combin\u00e9es pour engendrer de nouveaux Darwiniens aux diff\u00e9rents points d&#039;apparition situ\u00e9s tout au long de ce niveau. Ces b\u00e2timents remplacent les incubateurs en donnant un flux constant de nouvelles unit\u00e9s sans avoir besoin d&#039;ing\u00e9nieurs pour collecter les \u00e2mes. Vos seuls objectifs dans la biosph\u00e8re <em>Darwinia<\/em> niveau est d&#039;\u00e9liminer l&#039;arm\u00e9e rouge et d&#039;activer le port de coffre <a href=\"https:\/\/darwinia.standardof.net\/fr\/guide\/procedures-de-niveau\/temple\/\" class=\"rank-math-link\">Temple<\/a> niveau.<\/p>\n<\/div>\n\n\n\n<div class=\"wp-block-column is-layout-flow wp-block-column-is-layout-flow\">\n<figure class=\"wp-block-image size-large\"><a href=\"https:\/\/darwinia.standardof.net\/fr\/guide\/procedures-de-niveau\/biosphere\/darwinia-level-10-biosphere-1\/\"><img decoding=\"async\" width=\"470\" height=\"294\" src=\"https:\/\/darwinia.standardof.net\/wp-content\/uploads\/sites\/7\/2020\/10\/Darwinia-Level-10-Biosphere-1.jpg\" alt=\"\" class=\"wp-image-153\" srcset=\"https:\/\/darwinia.standardof.net\/wp-content\/uploads\/sites\/7\/2020\/10\/Darwinia-Level-10-Biosphere-1.jpg 470w, https:\/\/darwinia.standardof.net\/wp-content\/uploads\/sites\/7\/2020\/10\/Darwinia-Level-10-Biosphere-1-200x125.jpg 200w, https:\/\/darwinia.standardof.net\/wp-content\/uploads\/sites\/7\/2020\/10\/Darwinia-Level-10-Biosphere-1-16x10.jpg 16w\" sizes=\"(max-width: 470px) 100vw, 470px\" \/><\/a><\/figure>\n<\/div>\n<\/div>\n\n\n\n<div class=\"wp-block-columns is-layout-flex wp-container-core-columns-is-layout-2 wp-block-columns-is-layout-flex\">\n<div class=\"wp-block-column is-layout-flow wp-block-column-is-layout-flow\">\n<p>Vous commencerez la biosph\u00e8re en <em>Darwinia <\/em>sur l&#039;\u00eele avec le port de tronc de tampon de motif et un petit groupe de <a href=\"https:\/\/darwinia.standardof.net\/fr\/guide\/unites\/darwinians\/\" class=\"rank-math-link\"><strong>Darwiniens<\/strong><\/a>. Puisqu&#039;il n&#039;y a pas d&#039;incubateurs ici pour rassembler les \u00e2mes pour la r\u00e9apparition, vous devez garder ces gars en s\u00e9curit\u00e9 jusqu&#039;\u00e0 ce qu&#039;ils puissent g\u00e9rer l&#039;un des Spawners. Cr\u00e9ez des escouades et utilisez vos meilleurs explosifs pour \u00e9liminer les rouges de l&#039;un des g\u00e9niteurs, ou si vous vous sentez \u00e0 la hauteur, vous pouvez d&#039;abord essayer de nettoyer toute l&#039;\u00eele. Quoi qu&#039;il en soit, assurez-vous qu&#039;il ne reste plus de Darwiniens rouges \u00e0 c\u00f4t\u00e9 du g\u00e9niteur et envoyez vos verts pour le capturer pendant que vous avez un <strong><a href=\"https:\/\/darwinia.standardof.net\/fr\/guide\/unites\/equipe\/\" class=\"rank-math-link\">\u00c9quipe<\/a> <\/strong>Gardez \u00e0 distance tout groupe de contre-attaquants de rouges, car ils essaieront de le reprendre. Si vous perdez \u00e0 plusieurs verts, vous devrez red\u00e9marrer ce niveau.<\/p>\n<\/div>\n\n\n\n<div class=\"wp-block-column is-layout-flow wp-block-column-is-layout-flow\">\n<figure class=\"wp-block-image size-large\"><a href=\"https:\/\/darwinia.standardof.net\/fr\/guide\/procedures-de-niveau\/biosphere\/darwinia-level-10-biosphere-2\/\"><img decoding=\"async\" width=\"470\" height=\"294\" src=\"https:\/\/darwinia.standardof.net\/wp-content\/uploads\/sites\/7\/2020\/10\/Darwinia-Level-10-Biosphere-2.jpg\" alt=\"\" class=\"wp-image-154\" srcset=\"https:\/\/darwinia.standardof.net\/wp-content\/uploads\/sites\/7\/2020\/10\/Darwinia-Level-10-Biosphere-2.jpg 470w, https:\/\/darwinia.standardof.net\/wp-content\/uploads\/sites\/7\/2020\/10\/Darwinia-Level-10-Biosphere-2-200x125.jpg 200w, https:\/\/darwinia.standardof.net\/wp-content\/uploads\/sites\/7\/2020\/10\/Darwinia-Level-10-Biosphere-2-16x10.jpg 16w\" sizes=\"(max-width: 470px) 100vw, 470px\" \/><\/a><\/figure>\n<\/div>\n<\/div>\n\n\n\n<p>Une fois que vous avez captur\u00e9 un g\u00e9niteur, construisez votre arm\u00e9e verte pendant que vous \u00e9liminez le reste des g\u00e9niteurs avec vos escouades. Faites un suivi avec des verts pour g\u00e9rer les installations pendant que leurs rouges sont effac\u00e9s jusqu&#039;\u00e0 ce que toute l&#039;\u00eele soit sous votre contr\u00f4le. Une fois que vous avez \u00e9tabli cette base, le reste de la biosph\u00e8re devient beaucoup plus facile.<\/p>\n\n\n\n<div class=\"wp-block-columns is-layout-flex wp-container-core-columns-is-layout-3 wp-block-columns-is-layout-flex\">\n<div class=\"wp-block-column is-layout-flow wp-block-column-is-layout-flow\">\n<p>Il reste deux \u00e9tapes principales pour r\u00e9ussir \u00e0 ce niveau. Le premier et le plus long est de commencer \u00e0 envoyer tous vos greens sans \u00e9quiper les Spawners \u00e0 travers une antenne radar pour attaquer les \u00eeles voisines. Cela vous permet \u00e9galement de g\u00e9n\u00e9rer plus de verts, puisque le nombre que vous pouvez avoir \u00e0 la fois est dict\u00e9 par le nombre de verts sur chaque \u00eele, ainsi d\u00e9placer les verts de la premi\u00e8re \u00eele vous permet de cr\u00e9er plus de verts et d&#039;inonder les \u00eeles ennemies.<\/p>\n<\/div>\n\n\n\n<div class=\"wp-block-column is-layout-flow wp-block-column-is-layout-flow\">\n<figure class=\"wp-block-image size-large\"><a href=\"https:\/\/darwinia.standardof.net\/fr\/guide\/procedures-de-niveau\/biosphere\/darwinia-level-10-biosphere-3\/\"><img decoding=\"async\" width=\"470\" height=\"294\" src=\"https:\/\/darwinia.standardof.net\/wp-content\/uploads\/sites\/7\/2020\/10\/Darwinia-Level-10-Biosphere-3.jpg\" alt=\"\" class=\"wp-image-155\" srcset=\"https:\/\/darwinia.standardof.net\/wp-content\/uploads\/sites\/7\/2020\/10\/Darwinia-Level-10-Biosphere-3.jpg 470w, https:\/\/darwinia.standardof.net\/wp-content\/uploads\/sites\/7\/2020\/10\/Darwinia-Level-10-Biosphere-3-200x125.jpg 200w, https:\/\/darwinia.standardof.net\/wp-content\/uploads\/sites\/7\/2020\/10\/Darwinia-Level-10-Biosphere-3-16x10.jpg 16w\" sizes=\"(max-width: 470px) 100vw, 470px\" \/><\/a><\/figure>\n<\/div>\n<\/div>\n\n\n\n<div class=\"wp-block-columns is-layout-flex wp-container-core-columns-is-layout-4 wp-block-columns-is-layout-flex\">\n<div class=\"wp-block-column is-layout-flow wp-block-column-is-layout-flow\">\n<p>Attaquez chaque g\u00e9niteur un par un avec le soutien de vos escouades et utilisez d\u00e9ploy\u00e9 <strong><a href=\"https:\/\/darwinia.standardof.net\/fr\/guide\/unites\/armure\/\" class=\"rank-math-link\">tourelles<\/a> <\/strong>pour d\u00e9fendre vos positions. \u00c9vitez de d\u00e9ployer des tourelles trop pr\u00e8s de grands groupes de rouges, car elles pourraient envahir la tourelle et la retourner contre vous. Lorsque vous voyez des groupes de rouges envoy\u00e9s pour renforcer ou reprendre une position, envoyez des escouades ou un autre groupe de verts pour les intercepter. Utilisez des mouvements de pincement et <strong><a href=\"https:\/\/darwinia.standardof.net\/fr\/guide\/armes\/\" class=\"rank-math-link\">grenades<\/a> <\/strong>autant que possible pour les faire disperser et briser leurs formations.<\/p>\n<\/div>\n\n\n\n<div class=\"wp-block-column is-layout-flow wp-block-column-is-layout-flow\">\n<figure class=\"wp-block-image size-large\"><a href=\"https:\/\/darwinia.standardof.net\/fr\/guide\/procedures-de-niveau\/biosphere\/darwinia-level-10-biosphere-4\/\"><img decoding=\"async\" width=\"470\" height=\"294\" src=\"https:\/\/darwinia.standardof.net\/wp-content\/uploads\/sites\/7\/2020\/10\/Darwinia-Level-10-Biosphere-4.jpg\" alt=\"\" class=\"wp-image-156\" srcset=\"https:\/\/darwinia.standardof.net\/wp-content\/uploads\/sites\/7\/2020\/10\/Darwinia-Level-10-Biosphere-4.jpg 470w, https:\/\/darwinia.standardof.net\/wp-content\/uploads\/sites\/7\/2020\/10\/Darwinia-Level-10-Biosphere-4-200x125.jpg 200w, https:\/\/darwinia.standardof.net\/wp-content\/uploads\/sites\/7\/2020\/10\/Darwinia-Level-10-Biosphere-4-16x10.jpg 16w\" sizes=\"(max-width: 470px) 100vw, 470px\" \/><\/a><\/figure>\n<\/div>\n<\/div>\n\n\n\n<div class=\"wp-block-columns is-layout-flex wp-container-core-columns-is-layout-5 wp-block-columns-is-layout-flex\">\n<div class=\"wp-block-column is-layout-flow wp-block-column-is-layout-flow\">\n<p>Une fois que vous avez \u00e9limin\u00e9 les rouges, envoyez 2-3 tourelles remplies de Darwiniens sur l&#039;\u00eele centrale pour y \u00e9liminer les virus, en particulier les <a href=\"https:\/\/darwinia.standardof.net\/fr\/guide\/ennemis\/destructeur-dames\/\" class=\"rank-math-link\"><strong>Destructeur d&#039;\u00e2mes<\/strong><\/a>. Faites un suivi avec un ing\u00e9nieur pour capturer le port du tronc du temple et le niveau de biosph\u00e8re est une enveloppe.<\/p>\n<\/div>\n\n\n\n<div class=\"wp-block-column is-layout-flow wp-block-column-is-layout-flow\">\n<figure class=\"wp-block-image size-large\"><a href=\"https:\/\/darwinia.standardof.net\/fr\/guide\/procedures-de-niveau\/biosphere\/darwinia-level-10-biosphere-5\/\"><img decoding=\"async\" width=\"470\" height=\"294\" src=\"https:\/\/darwinia.standardof.net\/wp-content\/uploads\/sites\/7\/2020\/10\/Darwinia-Level-10-Biosphere-5.jpg\" alt=\"\" class=\"wp-image-157\" srcset=\"https:\/\/darwinia.standardof.net\/wp-content\/uploads\/sites\/7\/2020\/10\/Darwinia-Level-10-Biosphere-5.jpg 470w, https:\/\/darwinia.standardof.net\/wp-content\/uploads\/sites\/7\/2020\/10\/Darwinia-Level-10-Biosphere-5-200x125.jpg 200w, https:\/\/darwinia.standardof.net\/wp-content\/uploads\/sites\/7\/2020\/10\/Darwinia-Level-10-Biosphere-5-16x10.jpg 16w\" sizes=\"(max-width: 470px) 100vw, 470px\" \/><\/a><\/figure>\n<\/div>\n<\/div>\n\n\n\n<h3 class=\"wp-block-heading\">Biosph\u00e8re - Proc\u00e9dure vid\u00e9o de Darwinia<\/h3>\n\n\n\n<figure class=\"wp-block-embed-youtube wp-block-embed is-type-video is-provider-youtube wp-embed-aspect-16-9 wp-has-aspect-ratio\"><div class=\"wp-block-embed__wrapper\">\n<div class=\"ast-oembed-container\" style=\"height: 100%;\"><iframe title=\"Darwinia - Biosphere - Proc\u00e9dure pas \u00e0 pas compl\u00e8te\" width=\"500\" height=\"281\" src=\"https:\/\/www.youtube.com\/embed\/MP97Y78oRi8?feature=oembed\" frameborder=\"0\" allow=\"accelerometer; autoplay; clipboard-write; encrypted-media; gyroscope; picture-in-picture; web-share\" referrerpolicy=\"strict-origin-when-cross-origin\" allowfullscreen><\/iframe><\/div>\n<\/div><\/figure>\n\n\n\n<div class=\"wp-block-buttons aligncenter is-layout-flex wp-block-buttons-is-layout-flex\">\n<div class=\"wp-block-button is-style-outline\"><a class=\"wp-block-button__link\" href=\"https:\/\/darwinia.standardof.net\/fr\/guide\/procedures-de-niveau\/tampon-de-motif\/\">Niveau pr\u00e9c\u00e9dent: Tampon de motif<\/a><\/div>\n\n\n\n<div class=\"wp-block-button\"><a class=\"wp-block-button__link\" href=\"https:\/\/darwinia.standardof.net\/fr\/guide\/procedures-de-niveau\/temple\/\">Niveau suivant: Temple<\/a><\/div>\n<\/div>","protected":false},"excerpt":{"rendered":"<p>The Biosphere level is the second to last level in Darwinia. This is the facility where souls from the Receiver and the data governing the basic physical form of the Darwinians are combined to spawn new Darwinians at the various spawn points located throughout this level. These buildings replace the Incubators by giving a steady [&hellip;]<\/p>","protected":false},"author":1,"featured_media":156,"parent":229,"menu_order":10,"comment_status":"open","ping_status":"closed","template":"","meta":{"_uag_custom_page_level_css":"","site-sidebar-layout":"default","site-content-layout":"default","ast-site-content-layout":"","site-content-style":"default","site-sidebar-style":"default","ast-global-header-display":"","ast-banner-title-visibility":"","ast-main-header-display":"","ast-hfb-above-header-display":"","ast-hfb-below-header-display":"","ast-hfb-mobile-header-display":"","site-post-title":"","ast-breadcrumbs-content":"","ast-featured-img":"","footer-sml-layout":"","theme-transparent-header-meta":"default","adv-header-id-meta":"","stick-header-meta":"","header-above-stick-meta":"","header-main-stick-meta":"","header-below-stick-meta":"","astra-migrate-meta-layouts":"default","ast-page-background-enabled":"default","ast-page-background-meta":{"desktop":{"background-color":"","background-image":"","background-repeat":"repeat","background-position":"center center","background-size":"auto","background-attachment":"scroll","background-type":"","background-media":"","overlay-type":"","overlay-color":"","overlay-gradient":""},"tablet":{"background-color":"","background-image":"","background-repeat":"repeat","background-position":"center center","background-size":"auto","background-attachment":"scroll","background-type":"","background-media":"","overlay-type":"","overlay-color":"","overlay-gradient":""},"mobile":{"background-color":"","background-image":"","background-repeat":"repeat","background-position":"center center","background-size":"auto","background-attachment":"scroll","background-type":"","background-media":"","overlay-type":"","overlay-color":"","overlay-gradient":""}},"ast-content-background-meta":{"desktop":{"background-color":"var(--ast-global-color-5)","background-image":"","background-repeat":"repeat","background-position":"center center","background-size":"auto","background-attachment":"scroll","background-type":"","background-media":"","overlay-type":"","overlay-color":"","overlay-gradient":""},"tablet":{"background-color":"var(--ast-global-color-5)","background-image":"","background-repeat":"repeat","background-position":"center center","background-size":"auto","background-attachment":"scroll","background-type":"","background-media":"","overlay-type":"","overlay-color":"","overlay-gradient":""},"mobile":{"background-color":"var(--ast-global-color-5)","background-image":"","background-repeat":"repeat","background-position":"center center","background-size":"auto","background-attachment":"scroll","background-type":"","background-media":"","overlay-type":"","overlay-color":"","overlay-gradient":""}},"footnotes":""},"uagb_featured_image_src":{"full":["https:\/\/darwinia.standardof.net\/wp-content\/uploads\/sites\/7\/2020\/10\/Darwinia-Level-10-Biosphere-4.jpg",470,294,false],"thumbnail":["https:\/\/darwinia.standardof.net\/wp-content\/uploads\/sites\/7\/2020\/10\/Darwinia-Level-10-Biosphere-4-200x125.jpg",200,125,true],"medium":["https:\/\/darwinia.standardof.net\/wp-content\/uploads\/sites\/7\/2020\/10\/Darwinia-Level-10-Biosphere-4.jpg",470,294,false],"medium_large":["https:\/\/darwinia.standardof.net\/wp-content\/uploads\/sites\/7\/2020\/10\/Darwinia-Level-10-Biosphere-4.jpg",470,294,false],"large":["https:\/\/darwinia.standardof.net\/wp-content\/uploads\/sites\/7\/2020\/10\/Darwinia-Level-10-Biosphere-4.jpg",470,294,false],"1536x1536":["https:\/\/darwinia.standardof.net\/wp-content\/uploads\/sites\/7\/2020\/10\/Darwinia-Level-10-Biosphere-4.jpg",470,294,false],"2048x2048":["https:\/\/darwinia.standardof.net\/wp-content\/uploads\/sites\/7\/2020\/10\/Darwinia-Level-10-Biosphere-4.jpg",470,294,false],"trp-custom-language-flag":["https:\/\/darwinia.standardof.net\/wp-content\/uploads\/sites\/7\/2020\/10\/Darwinia-Level-10-Biosphere-4-16x10.jpg",16,10,true]},"uagb_author_info":{"display_name":"SOE","author_link":"https:\/\/darwinia.standardof.net\/fr\/author\/k-tastic\/"},"uagb_comment_info":0,"uagb_excerpt":"The Biosphere level is the second to last level in Darwinia. This is the facility where souls from the Receiver and the data governing the basic physical form of the Darwinians are combined to spawn new Darwinians at the various spawn points located throughout this level. These buildings replace the Incubators by giving a steady&hellip;","_links":{"self":[{"href":"https:\/\/darwinia.standardof.net\/fr\/wp-json\/wp\/v2\/pages\/249"}],"collection":[{"href":"https:\/\/darwinia.standardof.net\/fr\/wp-json\/wp\/v2\/pages"}],"about":[{"href":"https:\/\/darwinia.standardof.net\/fr\/wp-json\/wp\/v2\/types\/page"}],"author":[{"embeddable":true,"href":"https:\/\/darwinia.standardof.net\/fr\/wp-json\/wp\/v2\/users\/1"}],"replies":[{"embeddable":true,"href":"https:\/\/darwinia.standardof.net\/fr\/wp-json\/wp\/v2\/comments?post=249"}],"version-history":[{"count":0,"href":"https:\/\/darwinia.standardof.net\/fr\/wp-json\/wp\/v2\/pages\/249\/revisions"}],"up":[{"embeddable":true,"href":"https:\/\/darwinia.standardof.net\/fr\/wp-json\/wp\/v2\/pages\/229"}],"wp:featuredmedia":[{"embeddable":true,"href":"https:\/\/darwinia.standardof.net\/fr\/wp-json\/wp\/v2\/media\/156"}],"wp:attachment":[{"href":"https:\/\/darwinia.standardof.net\/fr\/wp-json\/wp\/v2\/media?parent=249"}],"curies":[{"name":"wp","href":"https:\/\/api.w.org\/{rel}","templated":true}]}}