{"id":248,"date":"2020-10-30T17:59:17","date_gmt":"2020-10-30T17:59:17","guid":{"rendered":"https:\/\/darwinia.standardof.net\/?page_id=248"},"modified":"2020-10-30T19:02:35","modified_gmt":"2020-10-30T19:02:35","slug":"pattern-buffer","status":"publish","type":"page","link":"https:\/\/darwinia.standardof.net\/fr\/guide\/procedures-de-niveau\/tampon-de-motif\/","title":{"rendered":"Tampon de motif"},"content":{"rendered":"<div class=\"wp-block-group\"><div class=\"wp-block-group__inner-container is-layout-flow wp-block-group-is-layout-flow\">\n<div style=\"height:20px\" aria-hidden=\"true\" class=\"wp-block-spacer\"><\/div>\n<\/div><\/div>\n\n\n\n<div class=\"wp-block-columns is-layout-flex wp-container-core-columns-is-layout-1 wp-block-columns-is-layout-flex\">\n<div class=\"wp-block-column is-layout-flow wp-block-column-is-layout-flow\">\n<p>Le tampon de motif avec le <strong><a href=\"https:\/\/darwinia.standardof.net\/fr\/guide\/procedures-de-niveau\/receveur\/\" class=\"rank-math-link\">Receveur<\/a> <\/strong>forment les deux parties int\u00e9grantes du processus de renaissance des darwiniens qui culmine dans le <a href=\"https:\/\/darwinia.standardof.net\/fr\/guide\/procedures-de-niveau\/biosphere\/\" class=\"rank-math-link\"><strong>Biosph\u00e8re<\/strong><\/a>. Le tampon de motif dans <em>Darwinia<\/em> C&#039;est l\u00e0 que les donn\u00e9es r\u00e9gissant la forme physique de base de chaque darwinien sont stock\u00e9es et utilis\u00e9es pour abriter les esprits qui sont collect\u00e9s par le r\u00e9cepteur. L&#039;objectif principal de cette <em>Darwinia<\/em> niveau est d&#039;\u00e9liminer l&#039;infection de mod\u00e8le en capturant 4 installations situ\u00e9es sur la carte. Enfin, avant de partir, vous devez activer le port du tronc de la biosph\u00e8re \u00e0 partir de cet emplacement.<\/p>\n<\/div>\n\n\n\n<div class=\"wp-block-column is-layout-flow wp-block-column-is-layout-flow\">\n<figure class=\"wp-block-image size-large\"><a href=\"https:\/\/darwinia.standardof.net\/fr\/guide\/procedures-de-niveau\/tampon-de-motif\/darwinia-level-09-pattern-buffer-1\/\"><img decoding=\"async\" width=\"470\" height=\"294\" src=\"https:\/\/darwinia.standardof.net\/wp-content\/uploads\/sites\/7\/2020\/10\/Darwinia-Level-09-Pattern-Buffer-1.jpg\" alt=\"\" class=\"wp-image-148\" srcset=\"https:\/\/darwinia.standardof.net\/wp-content\/uploads\/sites\/7\/2020\/10\/Darwinia-Level-09-Pattern-Buffer-1.jpg 470w, https:\/\/darwinia.standardof.net\/wp-content\/uploads\/sites\/7\/2020\/10\/Darwinia-Level-09-Pattern-Buffer-1-200x125.jpg 200w, https:\/\/darwinia.standardof.net\/wp-content\/uploads\/sites\/7\/2020\/10\/Darwinia-Level-09-Pattern-Buffer-1-16x10.jpg 16w\" sizes=\"(max-width: 470px) 100vw, 470px\" \/><\/a><\/figure>\n<\/div>\n<\/div>\n\n\n\n<div class=\"wp-block-columns is-layout-flex wp-container-core-columns-is-layout-2 wp-block-columns-is-layout-flex\">\n<div class=\"wp-block-column is-layout-flow wp-block-column-is-layout-flow\">\n<p>D\u00e9marrez le niveau de tampon de motif en apparaissant <strong><a href=\"https:\/\/darwinia.standardof.net\/fr\/guide\/unites\/equipe\/\" class=\"rank-math-link\">Equipes<\/a> <\/strong>par le <strong><a href=\"https:\/\/darwinia.standardof.net\/fr\/guide\/procedures-de-niveau\/cour\/\" class=\"rank-math-link\">Cour<\/a> <\/strong>Port de coffre. Tracez un chemin vers les incubateurs et capturez-les imm\u00e9diatement pour commencer \u00e0 constituer une grande r\u00e9serve de vert <a href=\"https:\/\/darwinia.standardof.net\/fr\/guide\/unites\/darwinians\/\" class=\"rank-math-link\"><strong>Darwiniens<\/strong><\/a>. Continuez \u00e0 \u00e9liminer l&#039;infection virale sur cette \u00eele pour permettre aux Darwiniens de g\u00e9rer les installations n\u00e9cessaires pour \u00e9liminer l&#039;infection du sch\u00e9ma.<\/p>\n<\/div>\n\n\n\n<div class=\"wp-block-column is-layout-flow wp-block-column-is-layout-flow\">\n<figure class=\"wp-block-image size-large\"><a href=\"https:\/\/darwinia.standardof.net\/fr\/guide\/procedures-de-niveau\/tampon-de-motif\/darwinia-level-09-pattern-buffer-2\/\"><img decoding=\"async\" width=\"470\" height=\"294\" src=\"https:\/\/darwinia.standardof.net\/wp-content\/uploads\/sites\/7\/2020\/10\/Darwinia-Level-09-Pattern-Buffer-2.jpg\" alt=\"\" class=\"wp-image-149\" srcset=\"https:\/\/darwinia.standardof.net\/wp-content\/uploads\/sites\/7\/2020\/10\/Darwinia-Level-09-Pattern-Buffer-2.jpg 470w, https:\/\/darwinia.standardof.net\/wp-content\/uploads\/sites\/7\/2020\/10\/Darwinia-Level-09-Pattern-Buffer-2-200x125.jpg 200w, https:\/\/darwinia.standardof.net\/wp-content\/uploads\/sites\/7\/2020\/10\/Darwinia-Level-09-Pattern-Buffer-2-16x10.jpg 16w\" sizes=\"(max-width: 470px) 100vw, 470px\" \/><\/a><\/figure>\n<\/div>\n<\/div>\n\n\n\n<div class=\"wp-block-columns is-layout-flex wp-container-core-columns-is-layout-3 wp-block-columns-is-layout-flex\">\n<div class=\"wp-block-column is-layout-flow wp-block-column-is-layout-flow\">\n<p>Pendant que vous faites cela, assurez-vous \u00e9galement de mettre en place des tourelles d\u00e9ploy\u00e9es \u00e0 port\u00e9e du port principal avec des Darwiniens pour les diriger correctement. Il y aura bient\u00f4t un flot constant de Darwiniens rouges qui sortent de chaque port de tronc, et vous voulez des tourelles disponibles pour les abattre, mais suffisamment loin du port pour \u00e9viter d&#039;\u00eatre envahi et repris par l&#039;ennemi.<\/p>\n<\/div>\n\n\n\n<div class=\"wp-block-column is-layout-flow wp-block-column-is-layout-flow\">\n<figure class=\"wp-block-image size-large\"><a href=\"https:\/\/darwinia.standardof.net\/fr\/guide\/procedures-de-niveau\/tampon-de-motif\/darwinia-level-09-pattern-buffer-3\/\"><img decoding=\"async\" width=\"470\" height=\"264\" src=\"https:\/\/darwinia.standardof.net\/wp-content\/uploads\/sites\/7\/2020\/10\/Darwinia-Level-09-Pattern-Buffer-3.jpg\" alt=\"\" class=\"wp-image-150\" srcset=\"https:\/\/darwinia.standardof.net\/wp-content\/uploads\/sites\/7\/2020\/10\/Darwinia-Level-09-Pattern-Buffer-3.jpg 470w, https:\/\/darwinia.standardof.net\/wp-content\/uploads\/sites\/7\/2020\/10\/Darwinia-Level-09-Pattern-Buffer-3-200x112.jpg 200w, https:\/\/darwinia.standardof.net\/wp-content\/uploads\/sites\/7\/2020\/10\/Darwinia-Level-09-Pattern-Buffer-3-16x9.jpg 16w\" sizes=\"(max-width: 470px) 100vw, 470px\" \/><\/a><\/figure>\n<\/div>\n<\/div>\n\n\n\n<div class=\"wp-block-columns is-layout-flex wp-container-core-columns-is-layout-4 wp-block-columns-is-layout-flex\">\n<div class=\"wp-block-column is-layout-flow wp-block-column-is-layout-flow\">\n<p>Une fois que vous avez d\u00e9gag\u00e9 cette premi\u00e8re \u00eele et mis en place les tourelles pour garder l&#039;afflux de Darwiniens rouges \u00e0 distance \u00e0 la <a href=\"https:\/\/darwinia.standardof.net\/fr\/guide\/batiments\/\" class=\"rank-math-link\"><strong>Port de coffre<\/strong><\/a>, commencez \u00e0 envoyer des forces sur la deuxi\u00e8me \u00eele. Suivez la m\u00eame tactique ici que vous l&#039;avez fait sur la premi\u00e8re \u00eele, mais dans une plus grande mesure, compte tenu de l&#039;infection virale plus lourde et de la plus grande superficie \u00e0 couvrir. Une fois que vous avez captur\u00e9 les 4 installations, vous devez les conserver pendant un certain temps pour effacer l&#039;infection que vous pouvez v\u00e9rifier dans votre \u00e9cran d&#039;objectifs. Si vous perdez le contr\u00f4le de l&#039;une des installations, l&#039;infection cessera de dispara\u00eetre et recommencera \u00e0 se renforcer. Une fois termin\u00e9 ici, il est temps de se diriger vers la biosph\u00e8re.<\/p>\n<\/div>\n\n\n\n<div class=\"wp-block-column is-layout-flow wp-block-column-is-layout-flow\">\n<figure class=\"wp-block-image size-large\"><a href=\"https:\/\/darwinia.standardof.net\/fr\/guide\/procedures-de-niveau\/tampon-de-motif\/darwinia-level-09-pattern-buffer-4\/\"><img decoding=\"async\" width=\"470\" height=\"264\" src=\"https:\/\/darwinia.standardof.net\/wp-content\/uploads\/sites\/7\/2020\/10\/Darwinia-Level-09-Pattern-Buffer-4.jpg\" alt=\"\" class=\"wp-image-151\" srcset=\"https:\/\/darwinia.standardof.net\/wp-content\/uploads\/sites\/7\/2020\/10\/Darwinia-Level-09-Pattern-Buffer-4.jpg 470w, https:\/\/darwinia.standardof.net\/wp-content\/uploads\/sites\/7\/2020\/10\/Darwinia-Level-09-Pattern-Buffer-4-200x112.jpg 200w, https:\/\/darwinia.standardof.net\/wp-content\/uploads\/sites\/7\/2020\/10\/Darwinia-Level-09-Pattern-Buffer-4-16x9.jpg 16w\" sizes=\"(max-width: 470px) 100vw, 470px\" \/><\/a><\/figure>\n\n\n\n<figure class=\"wp-block-image size-large\"><a href=\"https:\/\/darwinia.standardof.net\/fr\/guide\/procedures-de-niveau\/tampon-de-motif\/darwinia-level-09-pattern-buffer-5\/\"><img decoding=\"async\" width=\"470\" height=\"264\" src=\"https:\/\/darwinia.standardof.net\/wp-content\/uploads\/sites\/7\/2020\/10\/Darwinia-Level-09-Pattern-Buffer-5.jpg\" alt=\"\" class=\"wp-image-152\" srcset=\"https:\/\/darwinia.standardof.net\/wp-content\/uploads\/sites\/7\/2020\/10\/Darwinia-Level-09-Pattern-Buffer-5.jpg 470w, https:\/\/darwinia.standardof.net\/wp-content\/uploads\/sites\/7\/2020\/10\/Darwinia-Level-09-Pattern-Buffer-5-200x112.jpg 200w, https:\/\/darwinia.standardof.net\/wp-content\/uploads\/sites\/7\/2020\/10\/Darwinia-Level-09-Pattern-Buffer-5-16x9.jpg 16w\" sizes=\"(max-width: 470px) 100vw, 470px\" \/><\/a><\/figure>\n<\/div>\n<\/div>\n\n\n\n<h3 class=\"wp-block-heading\">Pattern Buffer - Proc\u00e9dure vid\u00e9o de Darwinia<\/h3>\n\n\n\n<figure class=\"wp-block-embed-youtube wp-block-embed is-type-video is-provider-youtube wp-embed-aspect-16-9 wp-has-aspect-ratio\"><div class=\"wp-block-embed__wrapper\">\n<div class=\"ast-oembed-container\" style=\"height: 100%;\"><iframe title=\"Darwinia - Pattern Buffer - Proc\u00e9dure pas \u00e0 pas compl\u00e8te\" width=\"500\" height=\"281\" src=\"https:\/\/www.youtube.com\/embed\/SCBfbS6Pbwo?feature=oembed\" frameborder=\"0\" allow=\"accelerometer; autoplay; clipboard-write; encrypted-media; gyroscope; picture-in-picture; web-share\" referrerpolicy=\"strict-origin-when-cross-origin\" allowfullscreen><\/iframe><\/div>\n<\/div><\/figure>\n\n\n\n<div class=\"wp-block-buttons aligncenter is-layout-flex wp-block-buttons-is-layout-flex\">\n<div class=\"wp-block-button is-style-outline\"><a class=\"wp-block-button__link\" href=\"https:\/\/darwinia.standardof.net\/fr\/guide\/procedures-de-niveau\/receveur\/\">Niveau pr\u00e9c\u00e9dent: r\u00e9cepteur<\/a><\/div>\n\n\n\n<div class=\"wp-block-button\"><a class=\"wp-block-button__link\" href=\"https:\/\/darwinia.standardof.net\/fr\/guide\/procedures-de-niveau\/biosphere\/\">Niveau suivant: biosph\u00e8re<\/a><\/div>\n<\/div>","protected":false},"excerpt":{"rendered":"<p>The Pattern Buffer along with the Receiver form the two integral parts to the rebirth process for the Darwinians that culminates within the Biosphere. The Pattern Buffer in Darwinia is where the data governing the basic physical form of every Darwinian is stored and used to house the spirits that are collected by the Receiver. [&hellip;]<\/p>","protected":false},"author":1,"featured_media":149,"parent":229,"menu_order":9,"comment_status":"open","ping_status":"closed","template":"","meta":{"_uag_custom_page_level_css":"","site-sidebar-layout":"default","site-content-layout":"default","ast-site-content-layout":"","site-content-style":"default","site-sidebar-style":"default","ast-global-header-display":"","ast-banner-title-visibility":"","ast-main-header-display":"","ast-hfb-above-header-display":"","ast-hfb-below-header-display":"","ast-hfb-mobile-header-display":"","site-post-title":"","ast-breadcrumbs-content":"","ast-featured-img":"","footer-sml-layout":"","theme-transparent-header-meta":"default","adv-header-id-meta":"","stick-header-meta":"","header-above-stick-meta":"","header-main-stick-meta":"","header-below-stick-meta":"","astra-migrate-meta-layouts":"default","ast-page-background-enabled":"default","ast-page-background-meta":{"desktop":{"background-color":"","background-image":"","background-repeat":"repeat","background-position":"center center","background-size":"auto","background-attachment":"scroll","background-type":"","background-media":"","overlay-type":"","overlay-color":"","overlay-gradient":""},"tablet":{"background-color":"","background-image":"","background-repeat":"repeat","background-position":"center center","background-size":"auto","background-attachment":"scroll","background-type":"","background-media":"","overlay-type":"","overlay-color":"","overlay-gradient":""},"mobile":{"background-color":"","background-image":"","background-repeat":"repeat","background-position":"center center","background-size":"auto","background-attachment":"scroll","background-type":"","background-media":"","overlay-type":"","overlay-color":"","overlay-gradient":""}},"ast-content-background-meta":{"desktop":{"background-color":"var(--ast-global-color-5)","background-image":"","background-repeat":"repeat","background-position":"center center","background-size":"auto","background-attachment":"scroll","background-type":"","background-media":"","overlay-type":"","overlay-color":"","overlay-gradient":""},"tablet":{"background-color":"var(--ast-global-color-5)","background-image":"","background-repeat":"repeat","background-position":"center center","background-size":"auto","background-attachment":"scroll","background-type":"","background-media":"","overlay-type":"","overlay-color":"","overlay-gradient":""},"mobile":{"background-color":"var(--ast-global-color-5)","background-image":"","background-repeat":"repeat","background-position":"center center","background-size":"auto","background-attachment":"scroll","background-type":"","background-media":"","overlay-type":"","overlay-color":"","overlay-gradient":""}},"footnotes":""},"uagb_featured_image_src":{"full":["https:\/\/darwinia.standardof.net\/wp-content\/uploads\/sites\/7\/2020\/10\/Darwinia-Level-09-Pattern-Buffer-2.jpg",470,294,false],"thumbnail":["https:\/\/darwinia.standardof.net\/wp-content\/uploads\/sites\/7\/2020\/10\/Darwinia-Level-09-Pattern-Buffer-2-200x125.jpg",200,125,true],"medium":["https:\/\/darwinia.standardof.net\/wp-content\/uploads\/sites\/7\/2020\/10\/Darwinia-Level-09-Pattern-Buffer-2.jpg",470,294,false],"medium_large":["https:\/\/darwinia.standardof.net\/wp-content\/uploads\/sites\/7\/2020\/10\/Darwinia-Level-09-Pattern-Buffer-2.jpg",470,294,false],"large":["https:\/\/darwinia.standardof.net\/wp-content\/uploads\/sites\/7\/2020\/10\/Darwinia-Level-09-Pattern-Buffer-2.jpg",470,294,false],"1536x1536":["https:\/\/darwinia.standardof.net\/wp-content\/uploads\/sites\/7\/2020\/10\/Darwinia-Level-09-Pattern-Buffer-2.jpg",470,294,false],"2048x2048":["https:\/\/darwinia.standardof.net\/wp-content\/uploads\/sites\/7\/2020\/10\/Darwinia-Level-09-Pattern-Buffer-2.jpg",470,294,false],"trp-custom-language-flag":["https:\/\/darwinia.standardof.net\/wp-content\/uploads\/sites\/7\/2020\/10\/Darwinia-Level-09-Pattern-Buffer-2-16x10.jpg",16,10,true]},"uagb_author_info":{"display_name":"SOE","author_link":"https:\/\/darwinia.standardof.net\/fr\/author\/k-tastic\/"},"uagb_comment_info":0,"uagb_excerpt":"The Pattern Buffer along with the Receiver form the two integral parts to the rebirth process for the Darwinians that culminates within the Biosphere. The Pattern Buffer in Darwinia is where the data governing the basic physical form of every Darwinian is stored and used to house the spirits that are collected by the Receiver.&hellip;","_links":{"self":[{"href":"https:\/\/darwinia.standardof.net\/fr\/wp-json\/wp\/v2\/pages\/248"}],"collection":[{"href":"https:\/\/darwinia.standardof.net\/fr\/wp-json\/wp\/v2\/pages"}],"about":[{"href":"https:\/\/darwinia.standardof.net\/fr\/wp-json\/wp\/v2\/types\/page"}],"author":[{"embeddable":true,"href":"https:\/\/darwinia.standardof.net\/fr\/wp-json\/wp\/v2\/users\/1"}],"replies":[{"embeddable":true,"href":"https:\/\/darwinia.standardof.net\/fr\/wp-json\/wp\/v2\/comments?post=248"}],"version-history":[{"count":0,"href":"https:\/\/darwinia.standardof.net\/fr\/wp-json\/wp\/v2\/pages\/248\/revisions"}],"up":[{"embeddable":true,"href":"https:\/\/darwinia.standardof.net\/fr\/wp-json\/wp\/v2\/pages\/229"}],"wp:featuredmedia":[{"embeddable":true,"href":"https:\/\/darwinia.standardof.net\/fr\/wp-json\/wp\/v2\/media\/149"}],"wp:attachment":[{"href":"https:\/\/darwinia.standardof.net\/fr\/wp-json\/wp\/v2\/media?parent=248"}],"curies":[{"name":"wp","href":"https:\/\/api.w.org\/{rel}","templated":true}]}}