{"id":247,"date":"2020-10-30T17:58:55","date_gmt":"2020-10-30T17:58:55","guid":{"rendered":"https:\/\/darwinia.standardof.net\/?page_id=247"},"modified":"2020-10-30T18:35:28","modified_gmt":"2020-10-30T18:35:28","slug":"receiver","status":"publish","type":"page","link":"https:\/\/darwinia.standardof.net\/fr\/guide\/procedures-de-niveau\/receveur\/","title":{"rendered":"Receveur"},"content":{"rendered":"<div class=\"wp-block-group\"><div class=\"wp-block-group__inner-container is-layout-flow wp-block-group-is-layout-flow\">\n<div style=\"height:20px\" aria-hidden=\"true\" class=\"wp-block-spacer\"><\/div>\n<\/div><\/div>\n\n\n\n<div class=\"wp-block-columns is-layout-flex wp-container-core-columns-is-layout-1 wp-block-columns-is-layout-flex\">\n<div class=\"wp-block-column is-layout-flow wp-block-column-is-layout-flow\">\n<p>Le niveau du r\u00e9cepteur dans <em>Darwinia<\/em> C&#039;est l\u00e0 que les \u00e2mes des Darwiniens retombent au sol, pour \u00eatre rassembl\u00e9es par des tours g\u00e9antes qui envoient les \u00e2mes vers le <strong><a href=\"https:\/\/darwinia.standardof.net\/fr\/guide\/procedures-de-niveau\/tampon-de-motif\/\" class=\"rank-math-link\">Tampon de motif<\/a> <\/strong>pour la r\u00e9incarnation. En raison de cet objectif, le niveau du r\u00e9cepteur est consid\u00e9r\u00e9 comme une terre sainte pour les darwiniens. Vous avez deux objectifs principaux ici, d&#039;abord d&#039;\u00e9quiper suffisamment de tours de r\u00e9ception avec des Darwiniens pour collecter 50 \u00e2mes par minute et seconde, pour permettre le <strong><a href=\"https:\/\/darwinia.standardof.net\/fr\/guide\/procedures-de-niveau\/biosphere\/\" class=\"rank-math-link\">Biosph\u00e8re<\/a> <\/strong>Trunk Port pour les \u00e2mes \u00e0 traverser.<\/p>\n<\/div>\n\n\n\n<div class=\"wp-block-column is-layout-flow wp-block-column-is-layout-flow\">\n<figure class=\"wp-block-image size-large\"><a href=\"https:\/\/darwinia.standardof.net\/fr\/guide\/procedures-de-niveau\/receveur\/darwinia-level-08-receiver-1\/\"><img decoding=\"async\" width=\"470\" height=\"264\" src=\"https:\/\/darwinia.standardof.net\/wp-content\/uploads\/sites\/7\/2020\/10\/Darwinia-Level-08-Receiver-1.jpg\" alt=\"\" class=\"wp-image-143\" srcset=\"https:\/\/darwinia.standardof.net\/wp-content\/uploads\/sites\/7\/2020\/10\/Darwinia-Level-08-Receiver-1.jpg 470w, https:\/\/darwinia.standardof.net\/wp-content\/uploads\/sites\/7\/2020\/10\/Darwinia-Level-08-Receiver-1-200x112.jpg 200w, https:\/\/darwinia.standardof.net\/wp-content\/uploads\/sites\/7\/2020\/10\/Darwinia-Level-08-Receiver-1-16x9.jpg 16w\" sizes=\"(max-width: 470px) 100vw, 470px\" \/><\/a><\/figure>\n<\/div>\n<\/div>\n\n\n\n<div class=\"wp-block-columns is-layout-flex wp-container-core-columns-is-layout-2 wp-block-columns-is-layout-flex\">\n<div class=\"wp-block-column is-layout-flow wp-block-column-is-layout-flow\">\n<p>Commencer ce niveau de <em>Darwinia<\/em> en nettoyant la premi\u00e8re \u00eele sur laquelle est construit le Yard Trunk Port. Capturez le <strong><a href=\"https:\/\/darwinia.standardof.net\/fr\/guide\/batiments\/\" class=\"rank-math-link\">Incubateur<\/a> <\/strong>d\u00e8s que possible afin que vous puissiez commencer \u00e0 amasser des Darwiniens. De l\u00e0, vous pouvez vous d\u00e9placer vers l&#039;\u00eele voisine avec des tours de r\u00e9ception via le<strong> <a href=\"https:\/\/darwinia.standardof.net\/fr\/guide\/batiments\/\" class=\"rank-math-link\">Antenne radar<\/a><\/strong>. Allez ici ensuite et nettoyez la zone de l&#039;infection virale tout en collectant \u00e0 nouveau toutes les \u00e2mes que vous pouvez. Vous pouvez commencer \u00e0 envoyer vos Darwiniens \u00e0 travers l&#039;antenne radar pour les aider au combat et commencer \u00e0 diriger les tours pour collecter des \u00e2mes.<\/p>\n<\/div>\n\n\n\n<div class=\"wp-block-column is-layout-flow wp-block-column-is-layout-flow\">\n<figure class=\"wp-block-image size-large\"><a href=\"https:\/\/darwinia.standardof.net\/fr\/guide\/procedures-de-niveau\/receveur\/darwinia-level-08-receiver-2\/\"><img decoding=\"async\" width=\"470\" height=\"264\" src=\"https:\/\/darwinia.standardof.net\/wp-content\/uploads\/sites\/7\/2020\/10\/Darwinia-Level-08-Receiver-2.jpg\" alt=\"\" class=\"wp-image-144\" srcset=\"https:\/\/darwinia.standardof.net\/wp-content\/uploads\/sites\/7\/2020\/10\/Darwinia-Level-08-Receiver-2.jpg 470w, https:\/\/darwinia.standardof.net\/wp-content\/uploads\/sites\/7\/2020\/10\/Darwinia-Level-08-Receiver-2-200x112.jpg 200w, https:\/\/darwinia.standardof.net\/wp-content\/uploads\/sites\/7\/2020\/10\/Darwinia-Level-08-Receiver-2-16x9.jpg 16w\" sizes=\"(max-width: 470px) 100vw, 470px\" \/><\/a><\/figure>\n<\/div>\n<\/div>\n\n\n\n<div class=\"wp-block-columns is-layout-flex wp-container-core-columns-is-layout-3 wp-block-columns-is-layout-flex\">\n<div class=\"wp-block-column is-layout-flow wp-block-column-is-layout-flow\">\n<p>Une fois que vous avez ces deux \u00eeles sous votre contr\u00f4le, cr\u00e9ez des armures et chargez-les avec des Darwiniens. Assurez-vous d&#039;apporter au moins 20 <strong><a href=\"https:\/\/darwinia.standardof.net\/fr\/guide\/unites\/darwinians\/\" class=\"rank-math-link\">Darwiniens<\/a> <\/strong>et 2 <strong><a href=\"https:\/\/darwinia.standardof.net\/fr\/guide\/unites\/armure\/\" class=\"rank-math-link\">Tourelles<\/a> <\/strong>\u00e0 l&#039;\u00eele centrale o\u00f9 se trouvent les Soul Destroyers, et installez-les pr\u00e8s les uns des autres, assez pr\u00e8s des araign\u00e9es et <a href=\"https:\/\/darwinia.standardof.net\/fr\/guide\/ennemis\/destructeur-dames\/\" class=\"rank-math-link\"><strong>Destroyers d&#039;\u00e2mes<\/strong><\/a> ici pour tirer sur eux, mais pas assez pr\u00e8s pour qu&#039;ils puissent tuer vos Darwiniens avant qu&#039;ils ne puissent tenir la tourelle.<\/p>\n<\/div>\n\n\n\n<div class=\"wp-block-column is-layout-flow wp-block-column-is-layout-flow\">\n<figure class=\"wp-block-image size-large\"><a href=\"https:\/\/darwinia.standardof.net\/fr\/guide\/procedures-de-niveau\/receveur\/darwinia-level-08-receiver-3\/\"><img decoding=\"async\" width=\"470\" height=\"264\" src=\"https:\/\/darwinia.standardof.net\/wp-content\/uploads\/sites\/7\/2020\/10\/Darwinia-Level-08-Receiver-3.jpg\" alt=\"\" class=\"wp-image-145\" srcset=\"https:\/\/darwinia.standardof.net\/wp-content\/uploads\/sites\/7\/2020\/10\/Darwinia-Level-08-Receiver-3.jpg 470w, https:\/\/darwinia.standardof.net\/wp-content\/uploads\/sites\/7\/2020\/10\/Darwinia-Level-08-Receiver-3-200x112.jpg 200w, https:\/\/darwinia.standardof.net\/wp-content\/uploads\/sites\/7\/2020\/10\/Darwinia-Level-08-Receiver-3-16x9.jpg 16w\" sizes=\"(max-width: 470px) 100vw, 470px\" \/><\/a><\/figure>\n<\/div>\n<\/div>\n\n\n\n<div class=\"wp-block-columns is-layout-flex wp-container-core-columns-is-layout-4 wp-block-columns-is-layout-flex\">\n<div class=\"wp-block-column is-layout-flow wp-block-column-is-layout-flow\">\n<p>Une fois cette \u00eele centrale d\u00e9gag\u00e9e, vous pouvez capturer le port du tronc de la biosph\u00e8re avant de vous diriger vers les deux derni\u00e8res \u00eeles pour capturer plus de tours de r\u00e9ception. Je sugg\u00e8re de prendre l&#039;\u00eele avec le <a href=\"https:\/\/darwinia.standardof.net\/fr\/guide\/ennemis\/fourmi-armee\/\" class=\"rank-math-link\"><strong>Fourmi de l&#039;arm\u00e9e<\/strong><\/a> infestation d&#039;abord, l&#039;envoi d&#039;une arm\u00e9e de Darwiniens avec des tourelles blind\u00e9es d\u00e9ploy\u00e9es afin de capturer non seulement les r\u00e9cepteurs, mais aussi le port de coffre vers le tampon de motifs, vous donnant une deuxi\u00e8me route d&#039;attaque lorsque vous commencez ce niveau. Continuez simplement \u00e0 \u00e9liminer l&#039;infestation et \u00e0 occuper plus de tours jusqu&#039;\u00e0 ce que l&#039;objectif soit termin\u00e9 et que vous soyez libre de passer au tampon de motifs.<\/p>\n<\/div>\n\n\n\n<div class=\"wp-block-column is-layout-flow wp-block-column-is-layout-flow\">\n<figure class=\"wp-block-image size-large\"><a href=\"https:\/\/darwinia.standardof.net\/fr\/guide\/procedures-de-niveau\/receveur\/darwinia-level-08-receiver-4\/\"><img decoding=\"async\" width=\"470\" height=\"264\" src=\"https:\/\/darwinia.standardof.net\/wp-content\/uploads\/sites\/7\/2020\/10\/Darwinia-Level-08-Receiver-4.jpg\" alt=\"\" class=\"wp-image-146\" srcset=\"https:\/\/darwinia.standardof.net\/wp-content\/uploads\/sites\/7\/2020\/10\/Darwinia-Level-08-Receiver-4.jpg 470w, https:\/\/darwinia.standardof.net\/wp-content\/uploads\/sites\/7\/2020\/10\/Darwinia-Level-08-Receiver-4-200x112.jpg 200w, https:\/\/darwinia.standardof.net\/wp-content\/uploads\/sites\/7\/2020\/10\/Darwinia-Level-08-Receiver-4-16x9.jpg 16w\" sizes=\"(max-width: 470px) 100vw, 470px\" \/><\/a><\/figure>\n\n\n\n<figure class=\"wp-block-image size-large\"><a href=\"https:\/\/darwinia.standardof.net\/fr\/guide\/procedures-de-niveau\/receveur\/darwinia-level-08-receiver-5\/\"><img decoding=\"async\" width=\"470\" height=\"264\" src=\"https:\/\/darwinia.standardof.net\/wp-content\/uploads\/sites\/7\/2020\/10\/Darwinia-Level-08-Receiver-5.jpg\" alt=\"\" class=\"wp-image-147\" srcset=\"https:\/\/darwinia.standardof.net\/wp-content\/uploads\/sites\/7\/2020\/10\/Darwinia-Level-08-Receiver-5.jpg 470w, https:\/\/darwinia.standardof.net\/wp-content\/uploads\/sites\/7\/2020\/10\/Darwinia-Level-08-Receiver-5-200x112.jpg 200w, https:\/\/darwinia.standardof.net\/wp-content\/uploads\/sites\/7\/2020\/10\/Darwinia-Level-08-Receiver-5-16x9.jpg 16w\" sizes=\"(max-width: 470px) 100vw, 470px\" \/><\/a><\/figure>\n<\/div>\n<\/div>\n\n\n\n<h3 class=\"wp-block-heading\">Receiver - Proc\u00e9dure pas \u00e0 pas vid\u00e9o de Darwinia<\/h3>\n\n\n\n<figure class=\"wp-block-embed-youtube wp-block-embed is-type-video is-provider-youtube wp-embed-aspect-16-9 wp-has-aspect-ratio\"><div class=\"wp-block-embed__wrapper\">\n<div class=\"ast-oembed-container\" style=\"height: 100%;\"><iframe title=\"Darwinia - Receiver - Proc\u00e9dure pas \u00e0 pas compl\u00e8te\" width=\"500\" height=\"281\" src=\"https:\/\/www.youtube.com\/embed\/KhS19ADQuJg?feature=oembed\" frameborder=\"0\" allow=\"accelerometer; autoplay; clipboard-write; encrypted-media; gyroscope; picture-in-picture; web-share\" referrerpolicy=\"strict-origin-when-cross-origin\" allowfullscreen><\/iframe><\/div>\n<\/div><\/figure>\n\n\n\n<div class=\"wp-block-buttons aligncenter is-layout-flex wp-block-buttons-is-layout-flex\">\n<div class=\"wp-block-button is-style-outline\"><a class=\"wp-block-button__link\" href=\"https:\/\/darwinia.standardof.net\/fr\/guide\/procedures-de-niveau\/cour\/\">Niveau pr\u00e9c\u00e9dent: Yard<\/a><\/div>\n\n\n\n<div class=\"wp-block-button\"><a class=\"wp-block-button__link\" href=\"https:\/\/darwinia.standardof.net\/fr\/guide\/procedures-de-niveau\/tampon-de-motif\/\">Niveau suivant: Tampon de motif<\/a><\/div>\n<\/div>","protected":false},"excerpt":{"rendered":"<p>The Receiver level in Darwinia is where the souls of the Darwinians fall back down to the ground, to be collected by giant towers that send the souls to the Pattern Buffer for reincarnation. Because of this purpose, the Receiver level is considered holy ground to the Darwinians. You have two primary objectives here, first [&hellip;]<\/p>","protected":false},"author":1,"featured_media":146,"parent":229,"menu_order":8,"comment_status":"open","ping_status":"closed","template":"","meta":{"_uag_custom_page_level_css":"","site-sidebar-layout":"default","site-content-layout":"default","ast-site-content-layout":"","site-content-style":"default","site-sidebar-style":"default","ast-global-header-display":"","ast-banner-title-visibility":"","ast-main-header-display":"","ast-hfb-above-header-display":"","ast-hfb-below-header-display":"","ast-hfb-mobile-header-display":"","site-post-title":"","ast-breadcrumbs-content":"","ast-featured-img":"","footer-sml-layout":"","theme-transparent-header-meta":"default","adv-header-id-meta":"","stick-header-meta":"","header-above-stick-meta":"","header-main-stick-meta":"","header-below-stick-meta":"","astra-migrate-meta-layouts":"default","ast-page-background-enabled":"default","ast-page-background-meta":{"desktop":{"background-color":"","background-image":"","background-repeat":"repeat","background-position":"center center","background-size":"auto","background-attachment":"scroll","background-type":"","background-media":"","overlay-type":"","overlay-color":"","overlay-gradient":""},"tablet":{"background-color":"","background-image":"","background-repeat":"repeat","background-position":"center center","background-size":"auto","background-attachment":"scroll","background-type":"","background-media":"","overlay-type":"","overlay-color":"","overlay-gradient":""},"mobile":{"background-color":"","background-image":"","background-repeat":"repeat","background-position":"center center","background-size":"auto","background-attachment":"scroll","background-type":"","background-media":"","overlay-type":"","overlay-color":"","overlay-gradient":""}},"ast-content-background-meta":{"desktop":{"background-color":"var(--ast-global-color-5)","background-image":"","background-repeat":"repeat","background-position":"center center","background-size":"auto","background-attachment":"scroll","background-type":"","background-media":"","overlay-type":"","overlay-color":"","overlay-gradient":""},"tablet":{"background-color":"var(--ast-global-color-5)","background-image":"","background-repeat":"repeat","background-position":"center center","background-size":"auto","background-attachment":"scroll","background-type":"","background-media":"","overlay-type":"","overlay-color":"","overlay-gradient":""},"mobile":{"background-color":"var(--ast-global-color-5)","background-image":"","background-repeat":"repeat","background-position":"center center","background-size":"auto","background-attachment":"scroll","background-type":"","background-media":"","overlay-type":"","overlay-color":"","overlay-gradient":""}},"footnotes":""},"uagb_featured_image_src":{"full":["https:\/\/darwinia.standardof.net\/wp-content\/uploads\/sites\/7\/2020\/10\/Darwinia-Level-08-Receiver-4.jpg",470,264,false],"thumbnail":["https:\/\/darwinia.standardof.net\/wp-content\/uploads\/sites\/7\/2020\/10\/Darwinia-Level-08-Receiver-4-200x112.jpg",200,112,true],"medium":["https:\/\/darwinia.standardof.net\/wp-content\/uploads\/sites\/7\/2020\/10\/Darwinia-Level-08-Receiver-4.jpg",470,264,false],"medium_large":["https:\/\/darwinia.standardof.net\/wp-content\/uploads\/sites\/7\/2020\/10\/Darwinia-Level-08-Receiver-4.jpg",470,264,false],"large":["https:\/\/darwinia.standardof.net\/wp-content\/uploads\/sites\/7\/2020\/10\/Darwinia-Level-08-Receiver-4.jpg",470,264,false],"1536x1536":["https:\/\/darwinia.standardof.net\/wp-content\/uploads\/sites\/7\/2020\/10\/Darwinia-Level-08-Receiver-4.jpg",470,264,false],"2048x2048":["https:\/\/darwinia.standardof.net\/wp-content\/uploads\/sites\/7\/2020\/10\/Darwinia-Level-08-Receiver-4.jpg",470,264,false],"trp-custom-language-flag":["https:\/\/darwinia.standardof.net\/wp-content\/uploads\/sites\/7\/2020\/10\/Darwinia-Level-08-Receiver-4-16x9.jpg",16,9,true]},"uagb_author_info":{"display_name":"SOE","author_link":"https:\/\/darwinia.standardof.net\/fr\/author\/k-tastic\/"},"uagb_comment_info":19,"uagb_excerpt":"The Receiver level in Darwinia is where the souls of the Darwinians fall back down to the ground, to be collected by giant towers that send the souls to the Pattern Buffer for reincarnation. Because of this purpose, the Receiver level is considered holy ground to the Darwinians. You have two primary objectives here, first&hellip;","_links":{"self":[{"href":"https:\/\/darwinia.standardof.net\/fr\/wp-json\/wp\/v2\/pages\/247"}],"collection":[{"href":"https:\/\/darwinia.standardof.net\/fr\/wp-json\/wp\/v2\/pages"}],"about":[{"href":"https:\/\/darwinia.standardof.net\/fr\/wp-json\/wp\/v2\/types\/page"}],"author":[{"embeddable":true,"href":"https:\/\/darwinia.standardof.net\/fr\/wp-json\/wp\/v2\/users\/1"}],"replies":[{"embeddable":true,"href":"https:\/\/darwinia.standardof.net\/fr\/wp-json\/wp\/v2\/comments?post=247"}],"version-history":[{"count":0,"href":"https:\/\/darwinia.standardof.net\/fr\/wp-json\/wp\/v2\/pages\/247\/revisions"}],"up":[{"embeddable":true,"href":"https:\/\/darwinia.standardof.net\/fr\/wp-json\/wp\/v2\/pages\/229"}],"wp:featuredmedia":[{"embeddable":true,"href":"https:\/\/darwinia.standardof.net\/fr\/wp-json\/wp\/v2\/media\/146"}],"wp:attachment":[{"href":"https:\/\/darwinia.standardof.net\/fr\/wp-json\/wp\/v2\/media?parent=247"}],"curies":[{"name":"wp","href":"https:\/\/api.w.org\/{rel}","templated":true}]}}