{"id":246,"date":"2020-10-30T17:58:35","date_gmt":"2020-10-30T17:58:35","guid":{"rendered":"https:\/\/darwinia.standardof.net\/?page_id=246"},"modified":"2020-10-30T18:31:33","modified_gmt":"2020-10-30T18:31:33","slug":"yard","status":"publish","type":"page","link":"https:\/\/darwinia.standardof.net\/fr\/guide\/procedures-de-niveau\/cour\/","title":{"rendered":"Cour"},"content":{"rendered":"<div class=\"wp-block-group\"><div class=\"wp-block-group__inner-container is-layout-flow wp-block-group-is-layout-flow\">\n<div style=\"height:20px\" aria-hidden=\"true\" class=\"wp-block-spacer\"><\/div>\n<\/div><\/div>\n\n\n\n<div class=\"wp-block-columns is-layout-flex wp-container-core-columns-is-layout-1 wp-block-columns-is-layout-flex\">\n<div class=\"wp-block-column is-layout-flow wp-block-column-is-layout-flow\">\n<p>Le niveau de la cour est la derni\u00e8re \u00e9tape du processus d&#039;assemblage du syst\u00e8me de fabrication Darwinians en <em>Darwinia<\/em>. C&#039;est ici que les primitifs raffin\u00e9s de la <a href=\"https:\/\/darwinia.standardof.net\/fr\/guide\/procedures-de-niveau\/mien\/\" class=\"rank-math-link\"><strong>Mien<\/strong><\/a>, et la puissance du g\u00e9n\u00e9rateur est utilis\u00e9e pour cr\u00e9er le transport de troupes blind\u00e9 et la tourelle. Vos objectifs dans ce <em>Darwinia <\/em>niveau est d&#039;abord, activer le <strong><a href=\"https:\/\/darwinia.standardof.net\/fr\/guide\/procedures-de-niveau\/generateur\/\" class=\"rank-math-link\">G\u00e9n\u00e9rateur<\/a> <\/strong>Trunk Port, commencez \u00e0 produire des armures en occupant le chantier de construction avec des Darwiniens, d\u00e9truisez l&#039;infection de fourmis et capturez les trois ports de tronc qui se trouvent dans la m\u00eame zone que les Ant Hills.<\/p>\n<\/div>\n\n\n\n<div class=\"wp-block-column is-layout-flow wp-block-column-is-layout-flow\">\n<figure class=\"wp-block-image size-large\"><a href=\"https:\/\/darwinia.standardof.net\/fr\/guide\/procedures-de-niveau\/cour\/darwinia-level-07-yard-1\/\"><img decoding=\"async\" width=\"470\" height=\"294\" src=\"https:\/\/darwinia.standardof.net\/wp-content\/uploads\/sites\/7\/2020\/10\/Darwinia-Level-07-Yard-1.jpg\" alt=\"\" class=\"wp-image-138\" srcset=\"https:\/\/darwinia.standardof.net\/wp-content\/uploads\/sites\/7\/2020\/10\/Darwinia-Level-07-Yard-1.jpg 470w, https:\/\/darwinia.standardof.net\/wp-content\/uploads\/sites\/7\/2020\/10\/Darwinia-Level-07-Yard-1-200x125.jpg 200w, https:\/\/darwinia.standardof.net\/wp-content\/uploads\/sites\/7\/2020\/10\/Darwinia-Level-07-Yard-1-16x10.jpg 16w\" sizes=\"(max-width: 470px) 100vw, 470px\" \/><\/a><\/figure>\n<\/div>\n<\/div>\n\n\n\n<div class=\"wp-block-columns is-layout-flex wp-container-core-columns-is-layout-2 wp-block-columns-is-layout-flex\">\n<div class=\"wp-block-column is-layout-flow wp-block-column-is-layout-flow\">\n<p>Commencez cette mission en engendrant des <strong><a href=\"https:\/\/darwinia.standardof.net\/fr\/guide\/unites\/ingenieur\/\" class=\"rank-math-link\">Ing\u00e9nieurs<\/a> <\/strong>par le <a href=\"https:\/\/darwinia.standardof.net\/fr\/guide\/procedures-de-niveau\/endiguement\/\" class=\"rank-math-link\"><strong>Endiguement <\/strong><\/a>Port de coffre. \u00c9loignez-les de l&#039;\u00eele et \u00e9loignez-les du virus ici pour capturer la tour de contr\u00f4le qui alimente l&#039;antenne radar situ\u00e9e \u00e0 l&#039;extr\u00e9mit\u00e9 de l&#039;\u00eele centrale qui contient l&#039;usine de fabrication. C&#039;est une tactique sugg\u00e9r\u00e9e car elle vous permet de ne pas \u00e9liminer le virus sur cette \u00eele, jusqu&#039;\u00e0 ce que vous ayez captur\u00e9 un incubateur, et que vous puissiez cr\u00e9er une force \u00e0 partir des \u00e2mes largu\u00e9es ici, au lieu de les laisser se perdre.<\/p>\n<\/div>\n\n\n\n<div class=\"wp-block-column is-layout-flow wp-block-column-is-layout-flow\">\n<figure class=\"wp-block-image size-large\"><a href=\"https:\/\/darwinia.standardof.net\/fr\/guide\/procedures-de-niveau\/cour\/darwinia-level-07-yard-2\/\"><img decoding=\"async\" width=\"470\" height=\"294\" src=\"https:\/\/darwinia.standardof.net\/wp-content\/uploads\/sites\/7\/2020\/10\/Darwinia-Level-07-Yard-2.jpg\" alt=\"\" class=\"wp-image-139\" srcset=\"https:\/\/darwinia.standardof.net\/wp-content\/uploads\/sites\/7\/2020\/10\/Darwinia-Level-07-Yard-2.jpg 470w, https:\/\/darwinia.standardof.net\/wp-content\/uploads\/sites\/7\/2020\/10\/Darwinia-Level-07-Yard-2-200x125.jpg 200w, https:\/\/darwinia.standardof.net\/wp-content\/uploads\/sites\/7\/2020\/10\/Darwinia-Level-07-Yard-2-16x10.jpg 16w\" sizes=\"(max-width: 470px) 100vw, 470px\" \/><\/a><\/figure>\n<\/div>\n<\/div>\n\n\n\n<p>Apr\u00e8s avoir effectu\u00e9 cette capture furtive, faites <strong><a class=\"rank-math-link\" href=\"https:\/\/standardof.net\/games\/darwinia-guide\/units\/squad\/\" target=\"_blank\" rel=\"noopener\">Equipes<\/a> <\/strong>pour d\u00e9gager le chemin vers le chantier de construction et les incubateurs qui se trouvent \u00e0 c\u00f4t\u00e9. Vaporisez tous les <strong><a href=\"https:\/\/darwinia.standardof.net\/fr\/guide\/ennemis\/virii\/\" class=\"rank-math-link\">Virii<\/a> <\/strong>qui se dressent sur votre chemin, et assurez-vous d&#039;amener plusieurs escouades \u00e0 la fois, car en perdre une signifie un long voyage vers les incubateurs. Une fois que ces incubateurs sont \u00e0 vous, commencez \u00e0 collecter toutes les \u00e2mes proches restantes du chemin que vous avez d\u00e9gag\u00e9 vers elles, puis retournez sur l&#039;\u00eele de d\u00e9part pour l&#039;essuyer, les ing\u00e9nieurs r\u00e9cup\u00e9rant toutes les jolies petites lumi\u00e8res qui resteront.<\/p>\n\n\n\n<p>Une fois que l&#039;\u00eele de d\u00e9part est \u00e0 vous, dirigez-vous vers l&#039;\u00eele avec le port du coffre du g\u00e9n\u00e9rateur pour la d\u00e9barrasser des virus sinueux et des Triffides ici. Encore une fois, rassemblez toutes les \u00e2mes que vous pouvez pour votre prochain combat. Une fois que le port de coffre du g\u00e9n\u00e9rateur est \u00e0 vous, l&#039;alimentation et les primitives pourront passer par les ports de coffre une fois que la cour est occup\u00e9e, ce que vous devriez avoir <strong><a href=\"https:\/\/darwinia.standardof.net\/fr\/guide\/unites\/darwinians\/\" class=\"rank-math-link\">Darwiniens<\/a> <\/strong>faites-le maintenant si ce n&#039;est d\u00e9j\u00e0 fait.<\/p>\n\n\n\n<div class=\"wp-block-columns is-layout-flex wp-container-core-columns-is-layout-3 wp-block-columns-is-layout-flex\">\n<div class=\"wp-block-column is-layout-flow wp-block-column-is-layout-flow\">\n<p>Il faut environ 9 primitives pour cr\u00e9er une seule unit\u00e9 d&#039;armure sur le chantier de construction, que vous pouvez compter lorsqu&#039;elles sont d\u00e9pos\u00e9es dans l&#039;installation si vous \u00eates impatient d&#039;utiliser votre premi\u00e8re unit\u00e9. Une fois les 9 primitives livr\u00e9es, il y a un d\u00e9lai de 10 secondes avant que l&#039;armure ne sorte de la ligne, et l&#039;ensemble du processus est recommenc\u00e9. C&#039;est la seule mission o\u00f9 vous pouvez acqu\u00e9rir une armure sans utiliser l&#039;un de vos emplacements de gestionnaire de t\u00e2ches.<\/p>\n<\/div>\n\n\n\n<div class=\"wp-block-column is-layout-flow wp-block-column-is-layout-flow\">\n<figure class=\"wp-block-image size-large\"><a href=\"https:\/\/darwinia.standardof.net\/fr\/guide\/procedures-de-niveau\/cour\/darwinia-level-07-yard-3\/\"><img decoding=\"async\" width=\"470\" height=\"294\" src=\"https:\/\/darwinia.standardof.net\/wp-content\/uploads\/sites\/7\/2020\/10\/Darwinia-Level-07-Yard-3.jpg\" alt=\"\" class=\"wp-image-140\" srcset=\"https:\/\/darwinia.standardof.net\/wp-content\/uploads\/sites\/7\/2020\/10\/Darwinia-Level-07-Yard-3.jpg 470w, https:\/\/darwinia.standardof.net\/wp-content\/uploads\/sites\/7\/2020\/10\/Darwinia-Level-07-Yard-3-200x125.jpg 200w, https:\/\/darwinia.standardof.net\/wp-content\/uploads\/sites\/7\/2020\/10\/Darwinia-Level-07-Yard-3-16x10.jpg 16w\" sizes=\"(max-width: 470px) 100vw, 470px\" \/><\/a><\/figure>\n<\/div>\n<\/div>\n\n\n\n<div class=\"wp-block-columns is-layout-flex wp-container-core-columns-is-layout-4 wp-block-columns-is-layout-flex\">\n<div class=\"wp-block-column is-layout-flow wp-block-column-is-layout-flow\">\n<p>Envoyez des armures sans Darwiniens \u00e0 l&#039;int\u00e9rieur pour installer des tourelles tout autour dans le <a href=\"https:\/\/darwinia.standardof.net\/fr\/guide\/ennemis\/fourmi-armee\/\" class=\"rank-math-link\"><strong>Infection des fourmis<\/strong><\/a>. \u00c0 l&#039;exception des darwiniens rouges, le virus ne peut pas g\u00e9rer les tourelles ou les utiliser contre vous, donc lorsque vous combattez un ennemi en plus des petits hommes rouges, vous pouvez d\u00e9ployer des tourelles au milieu d&#039;eux, pour attendre une arm\u00e9e darwinienne en charge. Ceci est souvent pr\u00e9f\u00e9rable au chargement des Darwiniens dans le <strong><a href=\"https:\/\/darwinia.standardof.net\/fr\/guide\/unites\/armure\/\" class=\"rank-math-link\">Armure<\/a> <\/strong>de man\u0153uvrer la tourelle lorsqu&#039;elle se d\u00e9ploie puisque le petit groupe de Darwiniens peut \u00eatre massacr\u00e9 sans une grande force de soutien ou d&#039;autres tourelles d\u00e9j\u00e0 habit\u00e9es \u00e0 proximit\u00e9. Le chargement des Darwiniens \u00e0 l&#039;int\u00e9rieur pour man\u0153uvrer la tourelle quand elle arrive, est plus pr\u00e9f\u00e9rable dans les situations o\u00f9 la tourelle sera install\u00e9e plus loin d&#039;une infection virale.<\/p>\n<\/div>\n\n\n\n<div class=\"wp-block-column is-layout-flow wp-block-column-is-layout-flow\">\n<figure class=\"wp-block-image size-large\"><a href=\"https:\/\/darwinia.standardof.net\/fr\/guide\/procedures-de-niveau\/cour\/darwinia-level-07-yard-4\/\"><img decoding=\"async\" width=\"470\" height=\"264\" src=\"https:\/\/darwinia.standardof.net\/wp-content\/uploads\/sites\/7\/2020\/10\/Darwinia-Level-07-Yard-4.jpg\" alt=\"\" class=\"wp-image-141\" srcset=\"https:\/\/darwinia.standardof.net\/wp-content\/uploads\/sites\/7\/2020\/10\/Darwinia-Level-07-Yard-4.jpg 470w, https:\/\/darwinia.standardof.net\/wp-content\/uploads\/sites\/7\/2020\/10\/Darwinia-Level-07-Yard-4-200x112.jpg 200w, https:\/\/darwinia.standardof.net\/wp-content\/uploads\/sites\/7\/2020\/10\/Darwinia-Level-07-Yard-4-16x9.jpg 16w\" sizes=\"(max-width: 470px) 100vw, 470px\" \/><\/a><\/figure>\n<\/div>\n<\/div>\n\n\n\n<div class=\"wp-block-columns is-layout-flex wp-container-core-columns-is-layout-5 wp-block-columns-is-layout-flex\">\n<div class=\"wp-block-column is-layout-flow wp-block-column-is-layout-flow\">\n<p>D\u00e9ployez un rack de tourelles sans pilote tout au long de l&#039;infestation, avec elles espac\u00e9es afin que certaines soient habit\u00e9es lorsque vous vous approchez de l&#039;infection pour la premi\u00e8re fois, avec plus de tourelles disponibles pour l&#039;homme pendant que les Darwiniens avancent. Si vous n&#039;avez pas encore recherch\u00e9 d&#039;armes pour eux, je vous sugg\u00e8re de trouver un moyen d&#039;obtenir des lasers, car vous ne pouvez pas contr\u00f4ler suffisamment d&#039;escouades \u00e0 la fois pour endiguer efficacement la mar\u00e9e de fourmis sans grande difficult\u00e9. Avoir les darwiniens qui les soutiennent fait toute la diff\u00e9rence, car ils peuvent tr\u00e8s bien labourer les fourmis, et les fourmis sont g\u00e9n\u00e9ralement trop pr\u00e9occup\u00e9es de rassembler les \u00e2mes de leurs morts pour attaquer. Une fois l&#039;infestation \u00e9limin\u00e9e, optez pour les tours de contr\u00f4le qui alimentent les ports de coffre pour ouvrir le niveau suivant <a href=\"https:\/\/darwinia.standardof.net\/fr\/guide\/procedures-de-niveau\/receveur\/\" class=\"rank-math-link\"><strong>Receveur<\/strong><\/a>.<\/p>\n<\/div>\n\n\n\n<div class=\"wp-block-column is-layout-flow wp-block-column-is-layout-flow\">\n<figure class=\"wp-block-image size-large\"><a href=\"https:\/\/darwinia.standardof.net\/fr\/guide\/procedures-de-niveau\/cour\/darwinia-level-07-yard-5\/\"><img decoding=\"async\" width=\"470\" height=\"264\" src=\"https:\/\/darwinia.standardof.net\/wp-content\/uploads\/sites\/7\/2020\/10\/Darwinia-Level-07-Yard-5.jpg\" alt=\"\" class=\"wp-image-142\" srcset=\"https:\/\/darwinia.standardof.net\/wp-content\/uploads\/sites\/7\/2020\/10\/Darwinia-Level-07-Yard-5.jpg 470w, https:\/\/darwinia.standardof.net\/wp-content\/uploads\/sites\/7\/2020\/10\/Darwinia-Level-07-Yard-5-200x112.jpg 200w, https:\/\/darwinia.standardof.net\/wp-content\/uploads\/sites\/7\/2020\/10\/Darwinia-Level-07-Yard-5-16x9.jpg 16w\" sizes=\"(max-width: 470px) 100vw, 470px\" \/><\/a><\/figure>\n<\/div>\n<\/div>\n\n\n\n<h3 class=\"wp-block-heading\">Yard - Proc\u00e9dure vid\u00e9o de Darwinia<\/h3>\n\n\n\n<figure class=\"wp-block-embed-youtube wp-block-embed is-type-video is-provider-youtube wp-embed-aspect-16-9 wp-has-aspect-ratio\"><div class=\"wp-block-embed__wrapper\">\n<div class=\"ast-oembed-container\" style=\"height: 100%;\"><iframe title=\"Darwinia - Yard - Proc\u00e9dure pas \u00e0 pas compl\u00e8te\" width=\"500\" height=\"281\" src=\"https:\/\/www.youtube.com\/embed\/JdwDqCGdYZI?feature=oembed\" frameborder=\"0\" allow=\"accelerometer; autoplay; clipboard-write; encrypted-media; gyroscope; picture-in-picture; web-share\" referrerpolicy=\"strict-origin-when-cross-origin\" allowfullscreen><\/iframe><\/div>\n<\/div><\/figure>\n\n\n\n<div class=\"wp-block-buttons aligncenter is-layout-flex wp-block-buttons-is-layout-flex\">\n<div class=\"wp-block-button is-style-outline\"><a class=\"wp-block-button__link\" href=\"https:\/\/darwinia.standardof.net\/fr\/guide\/procedures-de-niveau\/escorte\/\">Niveau pr\u00e9c\u00e9dent: Escorte<\/a><\/div>\n\n\n\n<div class=\"wp-block-button is-style-fill\"><a class=\"wp-block-button__link\" href=\"https:\/\/darwinia.standardof.net\/fr\/guide\/procedures-de-niveau\/receveur\/\">Niveau suivant: r\u00e9cepteur<\/a><\/div>\n<\/div>","protected":false},"excerpt":{"rendered":"<p>The Yard level is the final step in the assembly process of the Darwinians manufacturing system in Darwinia. It is here that the refined primitives from the Mine, and the power from the Generator is utilized to create the Armor personnel carrier and turret. Your objectives in this Darwinia level is to first, enable the [&hellip;]<\/p>","protected":false},"author":1,"featured_media":140,"parent":229,"menu_order":7,"comment_status":"open","ping_status":"closed","template":"","meta":{"_uag_custom_page_level_css":"","site-sidebar-layout":"default","site-content-layout":"default","ast-site-content-layout":"","site-content-style":"default","site-sidebar-style":"default","ast-global-header-display":"","ast-banner-title-visibility":"","ast-main-header-display":"","ast-hfb-above-header-display":"","ast-hfb-below-header-display":"","ast-hfb-mobile-header-display":"","site-post-title":"","ast-breadcrumbs-content":"","ast-featured-img":"","footer-sml-layout":"","theme-transparent-header-meta":"default","adv-header-id-meta":"","stick-header-meta":"","header-above-stick-meta":"","header-main-stick-meta":"","header-below-stick-meta":"","astra-migrate-meta-layouts":"default","ast-page-background-enabled":"default","ast-page-background-meta":{"desktop":{"background-color":"","background-image":"","background-repeat":"repeat","background-position":"center center","background-size":"auto","background-attachment":"scroll","background-type":"","background-media":"","overlay-type":"","overlay-color":"","overlay-gradient":""},"tablet":{"background-color":"","background-image":"","background-repeat":"repeat","background-position":"center center","background-size":"auto","background-attachment":"scroll","background-type":"","background-media":"","overlay-type":"","overlay-color":"","overlay-gradient":""},"mobile":{"background-color":"","background-image":"","background-repeat":"repeat","background-position":"center center","background-size":"auto","background-attachment":"scroll","background-type":"","background-media":"","overlay-type":"","overlay-color":"","overlay-gradient":""}},"ast-content-background-meta":{"desktop":{"background-color":"var(--ast-global-color-5)","background-image":"","background-repeat":"repeat","background-position":"center center","background-size":"auto","background-attachment":"scroll","background-type":"","background-media":"","overlay-type":"","overlay-color":"","overlay-gradient":""},"tablet":{"background-color":"var(--ast-global-color-5)","background-image":"","background-repeat":"repeat","background-position":"center center","background-size":"auto","background-attachment":"scroll","background-type":"","background-media":"","overlay-type":"","overlay-color":"","overlay-gradient":""},"mobile":{"background-color":"var(--ast-global-color-5)","background-image":"","background-repeat":"repeat","background-position":"center center","background-size":"auto","background-attachment":"scroll","background-type":"","background-media":"","overlay-type":"","overlay-color":"","overlay-gradient":""}},"footnotes":""},"uagb_featured_image_src":{"full":["https:\/\/darwinia.standardof.net\/wp-content\/uploads\/sites\/7\/2020\/10\/Darwinia-Level-07-Yard-3.jpg",470,294,false],"thumbnail":["https:\/\/darwinia.standardof.net\/wp-content\/uploads\/sites\/7\/2020\/10\/Darwinia-Level-07-Yard-3-200x125.jpg",200,125,true],"medium":["https:\/\/darwinia.standardof.net\/wp-content\/uploads\/sites\/7\/2020\/10\/Darwinia-Level-07-Yard-3.jpg",470,294,false],"medium_large":["https:\/\/darwinia.standardof.net\/wp-content\/uploads\/sites\/7\/2020\/10\/Darwinia-Level-07-Yard-3.jpg",470,294,false],"large":["https:\/\/darwinia.standardof.net\/wp-content\/uploads\/sites\/7\/2020\/10\/Darwinia-Level-07-Yard-3.jpg",470,294,false],"1536x1536":["https:\/\/darwinia.standardof.net\/wp-content\/uploads\/sites\/7\/2020\/10\/Darwinia-Level-07-Yard-3.jpg",470,294,false],"2048x2048":["https:\/\/darwinia.standardof.net\/wp-content\/uploads\/sites\/7\/2020\/10\/Darwinia-Level-07-Yard-3.jpg",470,294,false],"trp-custom-language-flag":["https:\/\/darwinia.standardof.net\/wp-content\/uploads\/sites\/7\/2020\/10\/Darwinia-Level-07-Yard-3-16x10.jpg",16,10,true]},"uagb_author_info":{"display_name":"SOE","author_link":"https:\/\/darwinia.standardof.net\/fr\/author\/k-tastic\/"},"uagb_comment_info":0,"uagb_excerpt":"The Yard level is the final step in the assembly process of the Darwinians manufacturing system in Darwinia. It is here that the refined primitives from the Mine, and the power from the Generator is utilized to create the Armor personnel carrier and turret. Your objectives in this Darwinia level is to first, enable the&hellip;","_links":{"self":[{"href":"https:\/\/darwinia.standardof.net\/fr\/wp-json\/wp\/v2\/pages\/246"}],"collection":[{"href":"https:\/\/darwinia.standardof.net\/fr\/wp-json\/wp\/v2\/pages"}],"about":[{"href":"https:\/\/darwinia.standardof.net\/fr\/wp-json\/wp\/v2\/types\/page"}],"author":[{"embeddable":true,"href":"https:\/\/darwinia.standardof.net\/fr\/wp-json\/wp\/v2\/users\/1"}],"replies":[{"embeddable":true,"href":"https:\/\/darwinia.standardof.net\/fr\/wp-json\/wp\/v2\/comments?post=246"}],"version-history":[{"count":0,"href":"https:\/\/darwinia.standardof.net\/fr\/wp-json\/wp\/v2\/pages\/246\/revisions"}],"up":[{"embeddable":true,"href":"https:\/\/darwinia.standardof.net\/fr\/wp-json\/wp\/v2\/pages\/229"}],"wp:featuredmedia":[{"embeddable":true,"href":"https:\/\/darwinia.standardof.net\/fr\/wp-json\/wp\/v2\/media\/140"}],"wp:attachment":[{"href":"https:\/\/darwinia.standardof.net\/fr\/wp-json\/wp\/v2\/media?parent=246"}],"curies":[{"name":"wp","href":"https:\/\/api.w.org\/{rel}","templated":true}]}}