{"id":245,"date":"2020-10-30T17:58:05","date_gmt":"2020-10-30T17:58:05","guid":{"rendered":"https:\/\/darwinia.standardof.net\/?page_id=245"},"modified":"2020-10-30T18:26:52","modified_gmt":"2020-10-30T18:26:52","slug":"escort","status":"publish","type":"page","link":"https:\/\/darwinia.standardof.net\/fr\/guide\/procedures-de-niveau\/escorte\/","title":{"rendered":"Escorte"},"content":{"rendered":"<div class=\"wp-block-group\"><div class=\"wp-block-group__inner-container is-layout-flow wp-block-group-is-layout-flow\">\n<div style=\"height:20px\" aria-hidden=\"true\" class=\"wp-block-spacer\"><\/div>\n<\/div><\/div>\n\n\n\n<div class=\"wp-block-columns is-layout-flex wp-container-core-columns-is-layout-1 wp-block-columns-is-layout-flex\">\n<div class=\"wp-block-column is-layout-flow wp-block-column-is-layout-flow\">\n<p>Le niveau d&#039;escorte est <em>Darwinia<\/em> seul niveau cach\u00e9. L&#039;acc\u00e8s au niveau est accord\u00e9 en capturant la tour de contr\u00f4le alimentant le port du coffre d&#039;escorte dans le <strong><a href=\"https:\/\/darwinia.standardof.net\/fr\/guide\/procedures-de-niveau\/generateur\/\" class=\"rank-math-link\">G\u00e9n\u00e9rateur<\/a> <\/strong>niveau non marqu\u00e9 dans les objectifs et non mentionn\u00e9 par le docteur Sepulveda. Battre le niveau Escort ne fait pas partie int\u00e9grante de l&#039;histoire principale ou de la progression de <em>Darwinia<\/em>, mais il est tr\u00e8s certainement amusant \u00e0 jouer et vous rapportera plus de recherches sur les tours de contr\u00f4le captur\u00e9es.<\/p>\n<\/div>\n\n\n\n<div class=\"wp-block-column is-layout-flow wp-block-column-is-layout-flow\">\n<figure class=\"wp-block-image size-large\"><a href=\"https:\/\/darwinia.standardof.net\/fr\/guide\/procedures-de-niveau\/escorte\/darwinia-level-06-escort-1\/\"><img decoding=\"async\" width=\"470\" height=\"294\" src=\"https:\/\/darwinia.standardof.net\/wp-content\/uploads\/sites\/7\/2020\/10\/Darwinia-Level-06-Escort-1.jpg\" alt=\"\" class=\"wp-image-133\" srcset=\"https:\/\/darwinia.standardof.net\/wp-content\/uploads\/sites\/7\/2020\/10\/Darwinia-Level-06-Escort-1.jpg 470w, https:\/\/darwinia.standardof.net\/wp-content\/uploads\/sites\/7\/2020\/10\/Darwinia-Level-06-Escort-1-200x125.jpg 200w, https:\/\/darwinia.standardof.net\/wp-content\/uploads\/sites\/7\/2020\/10\/Darwinia-Level-06-Escort-1-16x10.jpg 16w\" sizes=\"(max-width: 470px) 100vw, 470px\" \/><\/a><\/figure>\n<\/div>\n<\/div>\n\n\n\n<div class=\"wp-block-columns is-layout-flex wp-container-core-columns-is-layout-2 wp-block-columns-is-layout-flex\">\n<div class=\"wp-block-column is-layout-flow wp-block-column-is-layout-flow\">\n<p>Le niveau d&#039;escorte en <em>Darwinia<\/em> a un objectif pas si simple. Sauvetage 100 <strong>Darwiniens <\/strong>\u00e9chou\u00e9s sur les deux petites \u00eeles ici, en les escortant \u00e0 travers l&#039;\u00eele centrale avec une infection virale massive, de l&#039;autre c\u00f4t\u00e9 et l&#039;\u00eele miniature avec le<strong> <a href=\"https:\/\/darwinia.standardof.net\/fr\/guide\/batiments\/\" class=\"rank-math-link\">Port de coffre<\/a><\/strong> et un arbre dessus. Cette mission est presque essentielle que vous ayez les Darwiniens mis \u00e0 niveau vers au moins la version 3.0, bien que les avoir \u00e0 4.0 soit encore plus pr\u00e9f\u00e9rable, car ils seront eux-m\u00eames capables de lutter contre une grande partie de la menace virale avec vous dans ce cas.<\/p>\n<\/div>\n\n\n\n<div class=\"wp-block-column is-layout-flow wp-block-column-is-layout-flow\">\n<figure class=\"wp-block-image size-large\"><a href=\"https:\/\/darwinia.standardof.net\/fr\/guide\/procedures-de-niveau\/escorte\/darwinia-level-06-escort-2\/\"><img decoding=\"async\" width=\"470\" height=\"264\" src=\"https:\/\/darwinia.standardof.net\/wp-content\/uploads\/sites\/7\/2020\/10\/Darwinia-Level-06-Escort-2.jpg\" alt=\"\" class=\"wp-image-134\" srcset=\"https:\/\/darwinia.standardof.net\/wp-content\/uploads\/sites\/7\/2020\/10\/Darwinia-Level-06-Escort-2.jpg 470w, https:\/\/darwinia.standardof.net\/wp-content\/uploads\/sites\/7\/2020\/10\/Darwinia-Level-06-Escort-2-200x112.jpg 200w, https:\/\/darwinia.standardof.net\/wp-content\/uploads\/sites\/7\/2020\/10\/Darwinia-Level-06-Escort-2-16x9.jpg 16w\" sizes=\"(max-width: 470px) 100vw, 470px\" \/><\/a><\/figure>\n<\/div>\n<\/div>\n\n\n\n<p>Avoir le <strong><a href=\"https:\/\/darwinia.standardof.net\/fr\/guide\/unites\/armure\/\" class=\"rank-math-link\">Canon de combat d&#039;armure<\/a> <\/strong>les tourelles du niveau Yard rendront ce niveau dix fois plus facile, mais je le couvrirai bien que ce ne soit pas encore disponible, car c&#039;est ainsi que je l&#039;ai termin\u00e9.<\/p>\n\n\n\n<div class=\"wp-block-columns is-layout-flex wp-container-core-columns-is-layout-3 wp-block-columns-is-layout-flex\">\n<div class=\"wp-block-column is-layout-flow wp-block-column-is-layout-flow\">\n<p>D\u00e9marrez le niveau Escort en capturant l&#039;oppos\u00e9 <strong><a href=\"https:\/\/darwinia.standardof.net\/fr\/guide\/batiments\/\" class=\"rank-math-link\">Plats radar<\/a><\/strong> des \u00eeles darwiniennes. Faites appara\u00eetre des escouades et utilisez-les pour commencer \u00e0 \u00e9liminer la menace virale, en cr\u00e9ant <strong><a href=\"https:\/\/darwinia.standardof.net\/fr\/guide\/unites\/ingenieur\/\" class=\"rank-math-link\">Ing\u00e9nieurs<\/a> <\/strong>pour ramasser les \u00e2mes pour produire plus de Darwiniens. En m\u00eame temps, cr\u00e9ez des officiers et commencez \u00e0 envoyer la petite arm\u00e9e verte \u00e0 travers les vaisseaux radar.<\/p>\n<\/div>\n\n\n\n<div class=\"wp-block-column is-layout-flow wp-block-column-is-layout-flow\">\n<figure class=\"wp-block-image size-large\"><a href=\"https:\/\/darwinia.standardof.net\/fr\/guide\/procedures-de-niveau\/escorte\/darwinia-level-06-escort-3\/\"><img decoding=\"async\" width=\"470\" height=\"264\" src=\"https:\/\/darwinia.standardof.net\/wp-content\/uploads\/sites\/7\/2020\/10\/Darwinia-Level-06-Escort-3.jpg\" alt=\"\" class=\"wp-image-135\" srcset=\"https:\/\/darwinia.standardof.net\/wp-content\/uploads\/sites\/7\/2020\/10\/Darwinia-Level-06-Escort-3.jpg 470w, https:\/\/darwinia.standardof.net\/wp-content\/uploads\/sites\/7\/2020\/10\/Darwinia-Level-06-Escort-3-200x112.jpg 200w, https:\/\/darwinia.standardof.net\/wp-content\/uploads\/sites\/7\/2020\/10\/Darwinia-Level-06-Escort-3-16x9.jpg 16w\" sizes=\"(max-width: 470px) 100vw, 470px\" \/><\/a><\/figure>\n<\/div>\n<\/div>\n\n\n\n<div class=\"wp-block-columns is-layout-flex wp-container-core-columns-is-layout-4 wp-block-columns-is-layout-flex\">\n<div class=\"wp-block-column is-layout-flow wp-block-column-is-layout-flow\">\n<p>Prenez votre temps dans cette mission et utilisez vos escouades pour soutenir vos Darwiniens pendant la <strong><a href=\"https:\/\/darwinia.standardof.net\/fr\/guide\/ennemis\/araignee\/\" class=\"rank-math-link\">Araign\u00e9e<\/a> <\/strong>combats, ou en utilisant leur <a href=\"https:\/\/darwinia.standardof.net\/fr\/guide\/armes\/\" class=\"rank-math-link\"><strong>grenades<\/strong><\/a> pour sortir de gros lots de Virii. Si vous progressez avec prudence, en prenant le temps d&#039;amasser une force massive de Darwiniens, vous devriez avoir peu de difficult\u00e9 \u00e0 couper une bande \u00e0 travers le virus avec une pouss\u00e9e massive pour amener au moins 100 Darwiniens de l&#039;autre c\u00f4t\u00e9.<\/p>\n<\/div>\n\n\n\n<div class=\"wp-block-column is-layout-flow wp-block-column-is-layout-flow\">\n<figure class=\"wp-block-image size-large\"><a href=\"https:\/\/darwinia.standardof.net\/fr\/guide\/procedures-de-niveau\/escorte\/darwinia-level-06-escort-4\/\"><img decoding=\"async\" width=\"470\" height=\"264\" src=\"https:\/\/darwinia.standardof.net\/wp-content\/uploads\/sites\/7\/2020\/10\/Darwinia-Level-06-Escort-4.jpg\" alt=\"\" class=\"wp-image-136\" srcset=\"https:\/\/darwinia.standardof.net\/wp-content\/uploads\/sites\/7\/2020\/10\/Darwinia-Level-06-Escort-4.jpg 470w, https:\/\/darwinia.standardof.net\/wp-content\/uploads\/sites\/7\/2020\/10\/Darwinia-Level-06-Escort-4-200x112.jpg 200w, https:\/\/darwinia.standardof.net\/wp-content\/uploads\/sites\/7\/2020\/10\/Darwinia-Level-06-Escort-4-16x9.jpg 16w\" sizes=\"(max-width: 470px) 100vw, 470px\" \/><\/a><\/figure>\n<\/div>\n<\/div>\n\n\n\n<div class=\"wp-block-columns is-layout-flex wp-container-core-columns-is-layout-5 wp-block-columns-is-layout-flex\">\n<div class=\"wp-block-column is-layout-flow wp-block-column-is-layout-flow\">\n<p>le <strong><a href=\"https:\/\/darwinia.standardof.net\/fr\/guide\/ennemis\/triffide\/\" class=\"rank-math-link\">Triffides<\/a> <\/strong>sur cette carte peut sembler une mal\u00e9diction au d\u00e9but, mais consid\u00e9rez qu&#039;ils fournissent un flux infini de virus pour que vous vous transformiez en \u00e2mes avec vos escouades pour cr\u00e9er plus de Darwiniens. Tant que vous avez une grande force accumul\u00e9e, les renforts apport\u00e9s par les \u0153ufs seront sans int\u00e9r\u00eat pour vous emp\u00eacher d&#039;atteindre l&#039;objectif final ici.<\/p>\n<\/div>\n\n\n\n<div class=\"wp-block-column is-layout-flow wp-block-column-is-layout-flow\">\n<figure class=\"wp-block-image size-large\"><a href=\"https:\/\/darwinia.standardof.net\/fr\/guide\/procedures-de-niveau\/escorte\/darwinia-level-06-escort-5\/\"><img decoding=\"async\" width=\"470\" height=\"264\" src=\"https:\/\/darwinia.standardof.net\/wp-content\/uploads\/sites\/7\/2020\/10\/Darwinia-Level-06-Escort-5.jpg\" alt=\"\" class=\"wp-image-137\" srcset=\"https:\/\/darwinia.standardof.net\/wp-content\/uploads\/sites\/7\/2020\/10\/Darwinia-Level-06-Escort-5.jpg 470w, https:\/\/darwinia.standardof.net\/wp-content\/uploads\/sites\/7\/2020\/10\/Darwinia-Level-06-Escort-5-200x112.jpg 200w, https:\/\/darwinia.standardof.net\/wp-content\/uploads\/sites\/7\/2020\/10\/Darwinia-Level-06-Escort-5-16x9.jpg 16w\" sizes=\"(max-width: 470px) 100vw, 470px\" \/><\/a><\/figure>\n<\/div>\n<\/div>\n\n\n\n<h3 class=\"wp-block-heading\">Escort - Proc\u00e9dure pas \u00e0 pas vid\u00e9o de Darwinia<\/h3>\n\n\n\n<figure class=\"wp-block-embed-youtube wp-block-embed is-type-video is-provider-youtube wp-embed-aspect-16-9 wp-has-aspect-ratio\"><div class=\"wp-block-embed__wrapper\">\n<div class=\"ast-oembed-container\" style=\"height: 100%;\"><iframe title=\"Darwinia - Escort - Proc\u00e9dure pas \u00e0 pas compl\u00e8te\" width=\"500\" height=\"281\" src=\"https:\/\/www.youtube.com\/embed\/fFgU1uZl_qo?feature=oembed\" frameborder=\"0\" allow=\"accelerometer; autoplay; clipboard-write; encrypted-media; gyroscope; picture-in-picture; web-share\" referrerpolicy=\"strict-origin-when-cross-origin\" allowfullscreen><\/iframe><\/div>\n<\/div><\/figure>\n\n\n\n<div class=\"wp-block-buttons aligncenter is-layout-flex wp-block-buttons-is-layout-flex\">\n<div class=\"wp-block-button is-style-outline\"><a class=\"wp-block-button__link\" href=\"https:\/\/darwinia.standardof.net\/fr\/guide\/procedures-de-niveau\/generateur\/\">Niveau pr\u00e9c\u00e9dent: G\u00e9n\u00e9rateur<\/a><\/div>\n\n\n\n<div class=\"wp-block-button is-style-fill\"><a class=\"wp-block-button__link\" href=\"https:\/\/darwinia.standardof.net\/fr\/guide\/procedures-de-niveau\/cour\/\">Niveau suivant: Yard<\/a><\/div>\n<\/div>\n\n\n\n<p><\/p>","protected":false},"excerpt":{"rendered":"<p>The Escort level is Darwinia&#8217;s only hidden level. Access to the level is granted by capturing the Control Tower powering the Escort Trunk Port in the Generator level that is unmarked in the objectives and goes unmentioned by Doctor Sepulveda. Beating the Escort level is not integral to the main story line or progression of [&hellip;]<\/p>","protected":false},"author":1,"featured_media":133,"parent":229,"menu_order":6,"comment_status":"open","ping_status":"closed","template":"","meta":{"_uag_custom_page_level_css":"","site-sidebar-layout":"default","site-content-layout":"default","ast-site-content-layout":"","site-content-style":"default","site-sidebar-style":"default","ast-global-header-display":"","ast-banner-title-visibility":"","ast-main-header-display":"","ast-hfb-above-header-display":"","ast-hfb-below-header-display":"","ast-hfb-mobile-header-display":"","site-post-title":"","ast-breadcrumbs-content":"","ast-featured-img":"","footer-sml-layout":"","theme-transparent-header-meta":"default","adv-header-id-meta":"","stick-header-meta":"","header-above-stick-meta":"","header-main-stick-meta":"","header-below-stick-meta":"","astra-migrate-meta-layouts":"default","ast-page-background-enabled":"default","ast-page-background-meta":{"desktop":{"background-color":"","background-image":"","background-repeat":"repeat","background-position":"center center","background-size":"auto","background-attachment":"scroll","background-type":"","background-media":"","overlay-type":"","overlay-color":"","overlay-gradient":""},"tablet":{"background-color":"","background-image":"","background-repeat":"repeat","background-position":"center center","background-size":"auto","background-attachment":"scroll","background-type":"","background-media":"","overlay-type":"","overlay-color":"","overlay-gradient":""},"mobile":{"background-color":"","background-image":"","background-repeat":"repeat","background-position":"center center","background-size":"auto","background-attachment":"scroll","background-type":"","background-media":"","overlay-type":"","overlay-color":"","overlay-gradient":""}},"ast-content-background-meta":{"desktop":{"background-color":"var(--ast-global-color-5)","background-image":"","background-repeat":"repeat","background-position":"center center","background-size":"auto","background-attachment":"scroll","background-type":"","background-media":"","overlay-type":"","overlay-color":"","overlay-gradient":""},"tablet":{"background-color":"var(--ast-global-color-5)","background-image":"","background-repeat":"repeat","background-position":"center center","background-size":"auto","background-attachment":"scroll","background-type":"","background-media":"","overlay-type":"","overlay-color":"","overlay-gradient":""},"mobile":{"background-color":"var(--ast-global-color-5)","background-image":"","background-repeat":"repeat","background-position":"center center","background-size":"auto","background-attachment":"scroll","background-type":"","background-media":"","overlay-type":"","overlay-color":"","overlay-gradient":""}},"footnotes":""},"uagb_featured_image_src":{"full":["https:\/\/darwinia.standardof.net\/wp-content\/uploads\/sites\/7\/2020\/10\/Darwinia-Level-06-Escort-1.jpg",470,294,false],"thumbnail":["https:\/\/darwinia.standardof.net\/wp-content\/uploads\/sites\/7\/2020\/10\/Darwinia-Level-06-Escort-1-200x125.jpg",200,125,true],"medium":["https:\/\/darwinia.standardof.net\/wp-content\/uploads\/sites\/7\/2020\/10\/Darwinia-Level-06-Escort-1.jpg",470,294,false],"medium_large":["https:\/\/darwinia.standardof.net\/wp-content\/uploads\/sites\/7\/2020\/10\/Darwinia-Level-06-Escort-1.jpg",470,294,false],"large":["https:\/\/darwinia.standardof.net\/wp-content\/uploads\/sites\/7\/2020\/10\/Darwinia-Level-06-Escort-1.jpg",470,294,false],"1536x1536":["https:\/\/darwinia.standardof.net\/wp-content\/uploads\/sites\/7\/2020\/10\/Darwinia-Level-06-Escort-1.jpg",470,294,false],"2048x2048":["https:\/\/darwinia.standardof.net\/wp-content\/uploads\/sites\/7\/2020\/10\/Darwinia-Level-06-Escort-1.jpg",470,294,false],"trp-custom-language-flag":["https:\/\/darwinia.standardof.net\/wp-content\/uploads\/sites\/7\/2020\/10\/Darwinia-Level-06-Escort-1-16x10.jpg",16,10,true]},"uagb_author_info":{"display_name":"SOE","author_link":"https:\/\/darwinia.standardof.net\/fr\/author\/k-tastic\/"},"uagb_comment_info":0,"uagb_excerpt":"The Escort level is Darwinia&#8217;s only hidden level. Access to the level is granted by capturing the Control Tower powering the Escort Trunk Port in the Generator level that is unmarked in the objectives and goes unmentioned by Doctor Sepulveda. Beating the Escort level is not integral to the main story line or progression of&hellip;","_links":{"self":[{"href":"https:\/\/darwinia.standardof.net\/fr\/wp-json\/wp\/v2\/pages\/245"}],"collection":[{"href":"https:\/\/darwinia.standardof.net\/fr\/wp-json\/wp\/v2\/pages"}],"about":[{"href":"https:\/\/darwinia.standardof.net\/fr\/wp-json\/wp\/v2\/types\/page"}],"author":[{"embeddable":true,"href":"https:\/\/darwinia.standardof.net\/fr\/wp-json\/wp\/v2\/users\/1"}],"replies":[{"embeddable":true,"href":"https:\/\/darwinia.standardof.net\/fr\/wp-json\/wp\/v2\/comments?post=245"}],"version-history":[{"count":0,"href":"https:\/\/darwinia.standardof.net\/fr\/wp-json\/wp\/v2\/pages\/245\/revisions"}],"up":[{"embeddable":true,"href":"https:\/\/darwinia.standardof.net\/fr\/wp-json\/wp\/v2\/pages\/229"}],"wp:featuredmedia":[{"embeddable":true,"href":"https:\/\/darwinia.standardof.net\/fr\/wp-json\/wp\/v2\/media\/133"}],"wp:attachment":[{"href":"https:\/\/darwinia.standardof.net\/fr\/wp-json\/wp\/v2\/media?parent=245"}],"curies":[{"name":"wp","href":"https:\/\/api.w.org\/{rel}","templated":true}]}}