{"id":235,"date":"2020-10-29T16:57:38","date_gmt":"2020-10-29T16:57:38","guid":{"rendered":"https:\/\/darwinia.standardof.net\/?page_id=235"},"modified":"2020-10-30T18:09:49","modified_gmt":"2020-10-30T18:09:49","slug":"containment","status":"publish","type":"page","link":"https:\/\/darwinia.standardof.net\/fr\/guide\/procedures-de-niveau\/endiguement\/","title":{"rendered":"Endiguement"},"content":{"rendered":"<div class=\"wp-block-group\"><div class=\"wp-block-group__inner-container is-layout-flow wp-block-group-is-layout-flow\">\n<div style=\"height:20px\" aria-hidden=\"true\" class=\"wp-block-spacer\"><\/div>\n<\/div><\/div>\n\n\n\n<div class=\"wp-block-columns is-layout-flex wp-container-core-columns-is-layout-1 wp-block-columns-is-layout-flex\">\n<div class=\"wp-block-column is-layout-flow wp-block-column-is-layout-flow\">\n<p>Le confinement est le niveau et la zone du projet o\u00f9 le docteur Sepulveda a pu contenir le virus gr\u00e2ce \u00e0 l&#039;utilisation de champs de force g\u00e9ants qu&#039;il a programm\u00e9s dans le terrain ici. Vous aurez 3 objectifs dans ce niveau, le premier est de sauver 150 Darwiniens en les amenant sous l&#039;arbre assis dans la partie contenue de la carte. Deuxi\u00e8mement, vous devez t\u00e9l\u00e9charger les donn\u00e9es de recherche situ\u00e9es sur cette carte. Enfin, vous devrez activer les trois ports de jonction situ\u00e9s dans Confinement dans <em>Darwinia.<\/em><\/p>\n<\/div>\n\n\n\n<div class=\"wp-block-column is-layout-flow wp-block-column-is-layout-flow\">\n<figure class=\"wp-block-image size-large\"><a href=\"https:\/\/darwinia.standardof.net\/fr\/guide\/procedures-de-niveau\/endiguement\/darwinia-level-03-containment-1\/\"><img decoding=\"async\" width=\"470\" height=\"294\" src=\"https:\/\/darwinia.standardof.net\/wp-content\/uploads\/sites\/7\/2020\/10\/Darwinia-Level-03-Containment-1.jpg\" alt=\"\" class=\"wp-image-118\" srcset=\"https:\/\/darwinia.standardof.net\/wp-content\/uploads\/sites\/7\/2020\/10\/Darwinia-Level-03-Containment-1.jpg 470w, https:\/\/darwinia.standardof.net\/wp-content\/uploads\/sites\/7\/2020\/10\/Darwinia-Level-03-Containment-1-200x125.jpg 200w, https:\/\/darwinia.standardof.net\/wp-content\/uploads\/sites\/7\/2020\/10\/Darwinia-Level-03-Containment-1-16x10.jpg 16w\" sizes=\"(max-width: 470px) 100vw, 470px\" \/><\/a><\/figure>\n<\/div>\n<\/div>\n\n\n\n<div class=\"wp-block-columns is-layout-flex wp-container-core-columns-is-layout-2 wp-block-columns-is-layout-flex\">\n<div class=\"wp-block-column is-layout-flow wp-block-column-is-layout-flow\">\n<p>Commencer le confinement dans <em>Darwinia<\/em> en engendrant une escouade dans la partie contenue de la carte, par le port du tronc de jardin. Vous devrez nettoyer une large bande de Virii en utilisant votre <strong><a href=\"https:\/\/darwinia.standardof.net\/fr\/guide\/armes\/\" class=\"rank-math-link\">lasers<\/a> <\/strong>et grenades. \u00c0 cette \u00e9poque, vous devriez finir vos recherches sur Squads v2.0, commencez \u00e0 travailler sur Engineers v2.0 ensuite pour augmenter les capacit\u00e9s de collecte d&#039;\u00e2mes de ces unit\u00e9s lorsque cela se produit.<\/p>\n<\/div>\n\n\n\n<div class=\"wp-block-column is-layout-flow wp-block-column-is-layout-flow\">\n<figure class=\"wp-block-image size-large\"><a href=\"https:\/\/darwinia.standardof.net\/fr\/guide\/procedures-de-niveau\/endiguement\/darwinia-level-03-containment-2\/\"><img decoding=\"async\" width=\"470\" height=\"294\" src=\"https:\/\/darwinia.standardof.net\/wp-content\/uploads\/sites\/7\/2020\/10\/Darwinia-Level-03-Containment-2.jpg\" alt=\"\" class=\"wp-image-119\" srcset=\"https:\/\/darwinia.standardof.net\/wp-content\/uploads\/sites\/7\/2020\/10\/Darwinia-Level-03-Containment-2.jpg 470w, https:\/\/darwinia.standardof.net\/wp-content\/uploads\/sites\/7\/2020\/10\/Darwinia-Level-03-Containment-2-200x125.jpg 200w, https:\/\/darwinia.standardof.net\/wp-content\/uploads\/sites\/7\/2020\/10\/Darwinia-Level-03-Containment-2-16x10.jpg 16w\" sizes=\"(max-width: 470px) 100vw, 470px\" \/><\/a><\/figure>\n<\/div>\n<\/div>\n\n\n\n<div class=\"wp-block-columns is-layout-flex wp-container-core-columns-is-layout-3 wp-block-columns-is-layout-flex\">\n<div class=\"wp-block-column is-layout-flow wp-block-column-is-layout-flow\">\n<p>Continuez vers le <a href=\"https:\/\/darwinia.standardof.net\/fr\/guide\/batiments\/\" class=\"rank-math-link\"><strong>Incubateur<\/strong><\/a>, \u00e9liminant la lourde infestation de Virii et de mille-pattes ici. Une fois qu&#039;il est sous votre contr\u00f4le, vous pouvez faire appara\u00eetre des ing\u00e9nieurs pour collecter des \u00e2mes pour que l&#039;incubateur commence \u00e0 engendrer des tas de Darwiniens. D\u00e9gagez le reste de cette \u00eele de toute infestation virale tout en collectant autant d&#039;\u00e2mes que possible, car vous devez vous assurer qu&#039;il ne reste plus rien pour nuire aux darwiniens actuellement sans d\u00e9fense. C&#039;est \u00e9galement une bonne id\u00e9e de capturer \u00e0 la fois l&#039;antenne radar et les tours de contr\u00f4le sur cette \u00eele d\u00e8s que possible pour ajouter plus de points \u00e0 votre pool de recherche.<\/p>\n<\/div>\n\n\n\n<div class=\"wp-block-column is-layout-flow wp-block-column-is-layout-flow\">\n<figure class=\"wp-block-image size-large\"><a href=\"https:\/\/darwinia.standardof.net\/fr\/guide\/procedures-de-niveau\/endiguement\/darwinia-level-03-containment-3\/\"><img decoding=\"async\" width=\"470\" height=\"294\" src=\"https:\/\/darwinia.standardof.net\/wp-content\/uploads\/sites\/7\/2020\/10\/Darwinia-Level-03-Containment-3.jpg\" alt=\"\" class=\"wp-image-120\" srcset=\"https:\/\/darwinia.standardof.net\/wp-content\/uploads\/sites\/7\/2020\/10\/Darwinia-Level-03-Containment-3.jpg 470w, https:\/\/darwinia.standardof.net\/wp-content\/uploads\/sites\/7\/2020\/10\/Darwinia-Level-03-Containment-3-200x125.jpg 200w, https:\/\/darwinia.standardof.net\/wp-content\/uploads\/sites\/7\/2020\/10\/Darwinia-Level-03-Containment-3-16x10.jpg 16w\" sizes=\"(max-width: 470px) 100vw, 470px\" \/><\/a><\/figure>\n<\/div>\n<\/div>\n\n\n\n<div class=\"wp-block-columns is-layout-flex wp-container-core-columns-is-layout-4 wp-block-columns-is-layout-flex\">\n<div class=\"wp-block-column is-layout-flow wp-block-column-is-layout-flow\">\n<p>Ensuite, vous pouvez commencer \u00e0 vous diriger vers l&#039;\u00eele avec le port de la mine. Envoyez votre escouade et capturez la tour de contr\u00f4le de l&#039;autre c\u00f4t\u00e9 avec un ing\u00e9nieur et progressez dans la <a href=\"https:\/\/darwinia.standardof.net\/fr\/guide\/ennemis\/mille-pattes\/\" class=\"rank-math-link\"><strong>Mille-pattes<\/strong><\/a>, <strong><a class=\"rank-math-link\" href=\"https:\/\/standardof.net\/games\/darwinia-guide\/enemies\/spore-generator\/\" target=\"_blank\" rel=\"noopener\">G\u00e9n\u00e9rateur de spores<\/a> <\/strong>et <strong><a href=\"https:\/\/darwinia.standardof.net\/fr\/guide\/ennemis\/virii\/\" class=\"rank-math-link\">Virii<\/a> <\/strong>ici. Une fois que vous avez \u00e9limin\u00e9 l&#039;incubateur d&#039;infestation, faites la m\u00eame chose que vous l&#039;avez fait sur la premi\u00e8re \u00eele, en \u00e9liminant le reste du virus pendant que vos ing\u00e9nieurs r\u00e9cup\u00e8rent les \u00e2mes. Assurez-vous de capturer ici aussi le port de tronc de la mine.<\/p>\n<\/div>\n\n\n\n<div class=\"wp-block-column is-layout-flow wp-block-column-is-layout-flow\">\n<figure class=\"wp-block-image size-large\"><a href=\"https:\/\/darwinia.standardof.net\/fr\/guide\/procedures-de-niveau\/endiguement\/darwinia-level-03-containment-4\/\"><img decoding=\"async\" width=\"470\" height=\"264\" src=\"https:\/\/darwinia.standardof.net\/wp-content\/uploads\/sites\/7\/2020\/10\/Darwinia-Level-03-Containment-4.jpg\" alt=\"\" class=\"wp-image-121\" srcset=\"https:\/\/darwinia.standardof.net\/wp-content\/uploads\/sites\/7\/2020\/10\/Darwinia-Level-03-Containment-4.jpg 470w, https:\/\/darwinia.standardof.net\/wp-content\/uploads\/sites\/7\/2020\/10\/Darwinia-Level-03-Containment-4-200x112.jpg 200w, https:\/\/darwinia.standardof.net\/wp-content\/uploads\/sites\/7\/2020\/10\/Darwinia-Level-03-Containment-4-16x9.jpg 16w\" sizes=\"(max-width: 470px) 100vw, 470px\" \/><\/a><\/figure>\n<\/div>\n<\/div>\n\n\n\n<div class=\"wp-block-columns is-layout-flex wp-container-core-columns-is-layout-5 wp-block-columns-is-layout-flex\">\n<div class=\"wp-block-column is-layout-flow wp-block-column-is-layout-flow\">\n<p>L&#039;\u00e9tape suivante consiste \u00e0 se diriger vers les donn\u00e9es de recherche du m\u00e9decin situ\u00e9es sur l&#039;\u00eele avec deux mille-pattes et aucun autre virus. Le t\u00e9l\u00e9chargement de ces donn\u00e9es vous donnera acc\u00e8s au programme Officier, qui vous permet d\u00e9sormais de transformer les Darwiniens en unit\u00e9s capables de commander d&#039;autres <strong><a href=\"https:\/\/darwinia.standardof.net\/fr\/guide\/unites\/darwinians\/\" class=\"rank-math-link\">Darwiniens<\/a> <\/strong>pour voyager sur des chemins trac\u00e9s. Cr\u00e9ez-en <strong><a href=\"https:\/\/darwinia.standardof.net\/fr\/guide\/unites\/officier\/\" class=\"rank-math-link\">Officiers<\/a> <\/strong>pr\u00e8s des incubateurs captur\u00e9s et commencez \u00e0 mettre en place des itin\u00e9raires \u00e0 suivre dans le champ de confinement. Vous devrez faire plusieurs officiers pour faire un itin\u00e9raire de type connect-the-dot, car chacun ne peut donner qu&#039;une simple commande de d\u00e9placement lin\u00e9aire. Assurez-vous que le chemin menant \u00e0 la zone de confinement ne traverse pas les bords du champ de force, car le toucher tuera les Darwiniens, et ils peuvent si on leur dit de le traverser.<\/p>\n<\/div>\n\n\n\n<div class=\"wp-block-column is-layout-flow wp-block-column-is-layout-flow\">\n<figure class=\"wp-block-image size-large\"><a href=\"https:\/\/darwinia.standardof.net\/fr\/guide\/procedures-de-niveau\/endiguement\/darwinia-level-03-containment-5\/\"><img decoding=\"async\" width=\"470\" height=\"264\" src=\"https:\/\/darwinia.standardof.net\/wp-content\/uploads\/sites\/7\/2020\/10\/Darwinia-Level-03-Containment-5.jpg\" alt=\"\" class=\"wp-image-122\" srcset=\"https:\/\/darwinia.standardof.net\/wp-content\/uploads\/sites\/7\/2020\/10\/Darwinia-Level-03-Containment-5.jpg 470w, https:\/\/darwinia.standardof.net\/wp-content\/uploads\/sites\/7\/2020\/10\/Darwinia-Level-03-Containment-5-200x112.jpg 200w, https:\/\/darwinia.standardof.net\/wp-content\/uploads\/sites\/7\/2020\/10\/Darwinia-Level-03-Containment-5-16x9.jpg 16w\" sizes=\"(max-width: 470px) 100vw, 470px\" \/><\/a><\/figure>\n<\/div>\n<\/div>\n\n\n\n<p>Apr\u00e8s avoir t\u00e9l\u00e9charg\u00e9 les donn\u00e9es, vous pouvez effacer l&#039;\u00eele finale pour plus d&#039;\u00e2mes si vous avez besoin de g\u00e9n\u00e9rer des Darwiniens suppl\u00e9mentaires, mais vous voudrez principalement venir ici pour activer le port de tronc vers le <a href=\"https:\/\/darwinia.standardof.net\/fr\/guide\/procedures-de-niveau\/generateur\/\" class=\"rank-math-link\"><strong>G\u00e9n\u00e9rateur<\/strong><\/a>. Une fois que vous avez atteint les objectifs, il est temps de passer \u00e0 la <a href=\"https:\/\/darwinia.standardof.net\/fr\/guide\/procedures-de-niveau\/mien\/\" class=\"rank-math-link\"><strong>Mien<\/strong><\/a>.<\/p>\n\n\n\n<h3 class=\"wp-block-heading\">Confinement - Vid\u00e9o pas \u00e0 pas du niveau Darwinia<\/h3>\n\n\n\n<figure class=\"wp-block-embed-youtube wp-block-embed is-type-video is-provider-youtube wp-embed-aspect-16-9 wp-has-aspect-ratio\"><div class=\"wp-block-embed__wrapper\">\n<div class=\"ast-oembed-container\" style=\"height: 100%;\"><iframe title=\"Darwinia - Confinement - Proc\u00e9dure pas \u00e0 pas compl\u00e8te\" width=\"500\" height=\"281\" src=\"https:\/\/www.youtube.com\/embed\/0lJegklL2xU?feature=oembed\" frameborder=\"0\" allow=\"accelerometer; autoplay; clipboard-write; encrypted-media; gyroscope; picture-in-picture; web-share\" referrerpolicy=\"strict-origin-when-cross-origin\" allowfullscreen><\/iframe><\/div>\n<\/div><\/figure>\n\n\n\n<div class=\"wp-block-buttons aligncenter is-layout-flex wp-block-buttons-is-layout-flex\">\n<div class=\"wp-block-button is-style-outline\"><a class=\"wp-block-button__link\" href=\"https:\/\/darwinia.standardof.net\/fr\/guide\/procedures-de-niveau\/jardin\/\">Niveau pr\u00e9c\u00e9dent: Jardin<\/a><\/div>\n\n\n\n<div class=\"wp-block-button is-style-fill\"><a class=\"wp-block-button__link\" href=\"https:\/\/darwinia.standardof.net\/fr\/guide\/procedures-de-niveau\/mien\/\">Niveau suivant: Mine<\/a><\/div>\n<\/div>\n\n\n\n<p><\/p>","protected":false},"excerpt":{"rendered":"<p>Containment is the level and area of the project where Doctor Sepulveda was able to contain the virus through the use of giant force fields he programmed into the terrain here. You will have 3 objectives in this level, first is to rescue 150 Darwinians by bringing them underneath the tree sitting in the contained [&hellip;]<\/p>","protected":false},"author":1,"featured_media":122,"parent":229,"menu_order":3,"comment_status":"open","ping_status":"closed","template":"","meta":{"_uag_custom_page_level_css":"","site-sidebar-layout":"default","site-content-layout":"default","ast-site-content-layout":"","site-content-style":"default","site-sidebar-style":"default","ast-global-header-display":"","ast-banner-title-visibility":"","ast-main-header-display":"","ast-hfb-above-header-display":"","ast-hfb-below-header-display":"","ast-hfb-mobile-header-display":"","site-post-title":"","ast-breadcrumbs-content":"","ast-featured-img":"","footer-sml-layout":"","theme-transparent-header-meta":"default","adv-header-id-meta":"","stick-header-meta":"","header-above-stick-meta":"","header-main-stick-meta":"","header-below-stick-meta":"","astra-migrate-meta-layouts":"default","ast-page-background-enabled":"default","ast-page-background-meta":{"desktop":{"background-color":"","background-image":"","background-repeat":"repeat","background-position":"center center","background-size":"auto","background-attachment":"scroll","background-type":"","background-media":"","overlay-type":"","overlay-color":"","overlay-gradient":""},"tablet":{"background-color":"","background-image":"","background-repeat":"repeat","background-position":"center center","background-size":"auto","background-attachment":"scroll","background-type":"","background-media":"","overlay-type":"","overlay-color":"","overlay-gradient":""},"mobile":{"background-color":"","background-image":"","background-repeat":"repeat","background-position":"center center","background-size":"auto","background-attachment":"scroll","background-type":"","background-media":"","overlay-type":"","overlay-color":"","overlay-gradient":""}},"ast-content-background-meta":{"desktop":{"background-color":"var(--ast-global-color-5)","background-image":"","background-repeat":"repeat","background-position":"center center","background-size":"auto","background-attachment":"scroll","background-type":"","background-media":"","overlay-type":"","overlay-color":"","overlay-gradient":""},"tablet":{"background-color":"var(--ast-global-color-5)","background-image":"","background-repeat":"repeat","background-position":"center center","background-size":"auto","background-attachment":"scroll","background-type":"","background-media":"","overlay-type":"","overlay-color":"","overlay-gradient":""},"mobile":{"background-color":"var(--ast-global-color-5)","background-image":"","background-repeat":"repeat","background-position":"center center","background-size":"auto","background-attachment":"scroll","background-type":"","background-media":"","overlay-type":"","overlay-color":"","overlay-gradient":""}},"footnotes":""},"uagb_featured_image_src":{"full":["https:\/\/darwinia.standardof.net\/wp-content\/uploads\/sites\/7\/2020\/10\/Darwinia-Level-03-Containment-5.jpg",470,264,false],"thumbnail":["https:\/\/darwinia.standardof.net\/wp-content\/uploads\/sites\/7\/2020\/10\/Darwinia-Level-03-Containment-5-200x112.jpg",200,112,true],"medium":["https:\/\/darwinia.standardof.net\/wp-content\/uploads\/sites\/7\/2020\/10\/Darwinia-Level-03-Containment-5.jpg",470,264,false],"medium_large":["https:\/\/darwinia.standardof.net\/wp-content\/uploads\/sites\/7\/2020\/10\/Darwinia-Level-03-Containment-5.jpg",470,264,false],"large":["https:\/\/darwinia.standardof.net\/wp-content\/uploads\/sites\/7\/2020\/10\/Darwinia-Level-03-Containment-5.jpg",470,264,false],"1536x1536":["https:\/\/darwinia.standardof.net\/wp-content\/uploads\/sites\/7\/2020\/10\/Darwinia-Level-03-Containment-5.jpg",470,264,false],"2048x2048":["https:\/\/darwinia.standardof.net\/wp-content\/uploads\/sites\/7\/2020\/10\/Darwinia-Level-03-Containment-5.jpg",470,264,false],"trp-custom-language-flag":["https:\/\/darwinia.standardof.net\/wp-content\/uploads\/sites\/7\/2020\/10\/Darwinia-Level-03-Containment-5-16x9.jpg",16,9,true]},"uagb_author_info":{"display_name":"SOE","author_link":"https:\/\/darwinia.standardof.net\/fr\/author\/k-tastic\/"},"uagb_comment_info":3,"uagb_excerpt":"Containment is the level and area of the project where Doctor Sepulveda was able to contain the virus through the use of giant force fields he programmed into the terrain here. You will have 3 objectives in this level, first is to rescue 150 Darwinians by bringing them underneath the tree sitting in the contained&hellip;","_links":{"self":[{"href":"https:\/\/darwinia.standardof.net\/fr\/wp-json\/wp\/v2\/pages\/235"}],"collection":[{"href":"https:\/\/darwinia.standardof.net\/fr\/wp-json\/wp\/v2\/pages"}],"about":[{"href":"https:\/\/darwinia.standardof.net\/fr\/wp-json\/wp\/v2\/types\/page"}],"author":[{"embeddable":true,"href":"https:\/\/darwinia.standardof.net\/fr\/wp-json\/wp\/v2\/users\/1"}],"replies":[{"embeddable":true,"href":"https:\/\/darwinia.standardof.net\/fr\/wp-json\/wp\/v2\/comments?post=235"}],"version-history":[{"count":0,"href":"https:\/\/darwinia.standardof.net\/fr\/wp-json\/wp\/v2\/pages\/235\/revisions"}],"up":[{"embeddable":true,"href":"https:\/\/darwinia.standardof.net\/fr\/wp-json\/wp\/v2\/pages\/229"}],"wp:featuredmedia":[{"embeddable":true,"href":"https:\/\/darwinia.standardof.net\/fr\/wp-json\/wp\/v2\/media\/122"}],"wp:attachment":[{"href":"https:\/\/darwinia.standardof.net\/fr\/wp-json\/wp\/v2\/media?parent=235"}],"curies":[{"name":"wp","href":"https:\/\/api.w.org\/{rel}","templated":true}]}}