{"id":234,"date":"2020-10-29T16:57:14","date_gmt":"2020-10-29T16:57:14","guid":{"rendered":"https:\/\/darwinia.standardof.net\/?page_id=234"},"modified":"2020-10-29T17:06:36","modified_gmt":"2020-10-29T17:06:36","slug":"garden","status":"publish","type":"page","link":"https:\/\/darwinia.standardof.net\/fr\/guide\/procedures-de-niveau\/jardin\/","title":{"rendered":"Jardin"},"content":{"rendered":"<div style=\"height:20px\" aria-hidden=\"true\" class=\"wp-block-spacer\"><\/div>\n\n\n\n<div class=\"wp-block-columns is-layout-flex wp-container-core-columns-is-layout-1 wp-block-columns-is-layout-flex\">\n<div class=\"wp-block-column is-layout-flow wp-block-column-is-layout-flow\">\n<p>Le jardin est le premier niveau disponible apr\u00e8s le d\u00e9but d&#039;un nouveau jeu en <em>Darwinia<\/em>. Vous serez pr\u00e9sent\u00e9 au m\u00e9decin alors qu&#039;il exprimera sa perplexit\u00e9 sur la fa\u00e7on dont vous avez pu vous connecter au monde num\u00e9rique, car il a verrouill\u00e9 les connexions ext\u00e9rieures en raison d&#039;une infection virale rampante qui s\u00e9vit dans le projet. Garden est con\u00e7u comme une introduction sur la fa\u00e7on de d\u00e9marrer et d&#039;ex\u00e9cuter des programmes, et de contr\u00f4ler l&#039;\u00e9quipe pour lutter contre la menace virale.<\/p>\n<\/div>\n\n\n\n<div class=\"wp-block-column is-layout-flow wp-block-column-is-layout-flow\">\n<figure class=\"wp-block-image size-large\"><a href=\"https:\/\/darwinia.standardof.net\/fr\/guide\/procedures-de-niveau\/jardin\/darwinia-level-02-garden-1\/\"><img decoding=\"async\" width=\"470\" height=\"264\" src=\"https:\/\/darwinia.standardof.net\/wp-content\/uploads\/sites\/7\/2020\/10\/Darwinia-Level-02-Garden-1.jpg\" alt=\"\" class=\"wp-image-114\" srcset=\"https:\/\/darwinia.standardof.net\/wp-content\/uploads\/sites\/7\/2020\/10\/Darwinia-Level-02-Garden-1.jpg 470w, https:\/\/darwinia.standardof.net\/wp-content\/uploads\/sites\/7\/2020\/10\/Darwinia-Level-02-Garden-1-200x112.jpg 200w, https:\/\/darwinia.standardof.net\/wp-content\/uploads\/sites\/7\/2020\/10\/Darwinia-Level-02-Garden-1-16x9.jpg 16w\" sizes=\"(max-width: 470px) 100vw, 470px\" \/><\/a><\/figure>\n<\/div>\n<\/div>\n\n\n\n<div class=\"wp-block-columns is-layout-flex wp-container-core-columns-is-layout-2 wp-block-columns-is-layout-flex\">\n<div class=\"wp-block-column is-layout-flow wp-block-column-is-layout-flow\">\n<p>Commencez par engendrer un <strong><a href=\"https:\/\/darwinia.standardof.net\/fr\/guide\/unites\/equipe\/\" class=\"rank-math-link\">\u00c9quipe<\/a> <\/strong>ou deux et utilisez-les pour effacer les taches Virii de l&#039;\u00eele de d\u00e9part avec le petit groupe de Darwiniens verts. Une fois que vous atteignez la fin de cette \u00eele en forme de S, il y aura une bo\u00eete bleue flottante. C&#039;est l&#039;un des objets de recherche du docteur Sepulveda, dont vous aurez besoin pour cr\u00e9er un <strong><a href=\"https:\/\/darwinia.standardof.net\/fr\/guide\/unites\/ingenieur\/\" class=\"rank-math-link\">Ing\u00e9nieur<\/a> <\/strong>\u00e0 c\u00f4t\u00e9 de votre \u00e9quipe \u00e0 t\u00e9l\u00e9charger. Une fois les donn\u00e9es t\u00e9l\u00e9charg\u00e9es, vous aurez acc\u00e8s \u00e0 la Grenade, qui est accord\u00e9e \u00e0 vos escouades.<\/p>\n<\/div>\n\n\n\n<div class=\"wp-block-column is-layout-flow wp-block-column-is-layout-flow\">\n<figure class=\"wp-block-image size-large\"><a href=\"https:\/\/darwinia.standardof.net\/fr\/guide\/procedures-de-niveau\/jardin\/darwinia-level-02-garden-2\/\"><img decoding=\"async\" width=\"470\" height=\"264\" src=\"https:\/\/darwinia.standardof.net\/wp-content\/uploads\/sites\/7\/2020\/10\/Darwinia-Level-02-Garden-2.jpg\" alt=\"\" class=\"wp-image-115\" srcset=\"https:\/\/darwinia.standardof.net\/wp-content\/uploads\/sites\/7\/2020\/10\/Darwinia-Level-02-Garden-2.jpg 470w, https:\/\/darwinia.standardof.net\/wp-content\/uploads\/sites\/7\/2020\/10\/Darwinia-Level-02-Garden-2-200x112.jpg 200w, https:\/\/darwinia.standardof.net\/wp-content\/uploads\/sites\/7\/2020\/10\/Darwinia-Level-02-Garden-2-16x9.jpg 16w\" sizes=\"(max-width: 470px) 100vw, 470px\" \/><\/a><\/figure>\n<\/div>\n<\/div>\n\n\n\n<div class=\"wp-block-columns is-layout-flex wp-container-core-columns-is-layout-3 wp-block-columns-is-layout-flex\">\n<div class=\"wp-block-column is-layout-flow wp-block-column-is-layout-flow\">\n<p>Apr\u00e8s avoir t\u00e9l\u00e9charg\u00e9 le <strong><a href=\"https:\/\/darwinia.standardof.net\/fr\/guide\/armes\/\" class=\"rank-math-link\">Grenade<\/a> <\/strong>rechercher des donn\u00e9es dans Garden, capturer la tour de contr\u00f4le \u00e0 proximit\u00e9 pour prendre le contr\u00f4le de la <a href=\"https:\/\/darwinia.standardof.net\/fr\/guide\/batiments\/\" class=\"rank-math-link\"><strong>Antenne radar<\/strong><\/a>. En utilisant cela, vous pouvez la pointer vers l&#039;antenne radar directement sur l&#039;eau, envoyer votre \u00e9quipe \u00e0 travers et faire appara\u00eetre un ing\u00e9nieur \u00e0 c\u00f4t\u00e9 d&#039;eux alors qu&#039;elles sortent pour capturer l&#039;autre c\u00f4t\u00e9, et commencer \u00e0 rechercher des projets avec les points de recherche accord\u00e9s par la capture de la tour de contr\u00f4le. .<\/p>\n<\/div>\n\n\n\n<div class=\"wp-block-column is-layout-flow wp-block-column-is-layout-flow\">\n<figure class=\"wp-block-image size-large\"><a href=\"https:\/\/darwinia.standardof.net\/fr\/guide\/procedures-de-niveau\/jardin\/darwinia-level-02-garden-3\/\"><img decoding=\"async\" width=\"470\" height=\"264\" src=\"https:\/\/darwinia.standardof.net\/wp-content\/uploads\/sites\/7\/2020\/10\/Darwinia-Level-02-Garden-3.jpg\" alt=\"\" class=\"wp-image-116\" srcset=\"https:\/\/darwinia.standardof.net\/wp-content\/uploads\/sites\/7\/2020\/10\/Darwinia-Level-02-Garden-3.jpg 470w, https:\/\/darwinia.standardof.net\/wp-content\/uploads\/sites\/7\/2020\/10\/Darwinia-Level-02-Garden-3-200x112.jpg 200w, https:\/\/darwinia.standardof.net\/wp-content\/uploads\/sites\/7\/2020\/10\/Darwinia-Level-02-Garden-3-16x9.jpg 16w\" sizes=\"(max-width: 470px) 100vw, 470px\" \/><\/a><\/figure>\n<\/div>\n<\/div>\n\n\n\n<div class=\"wp-block-columns is-layout-flex wp-container-core-columns-is-layout-4 wp-block-columns-is-layout-flex\">\n<div class=\"wp-block-column is-layout-flow wp-block-column-is-layout-flow\">\n<p>Il y a un autre grand patch de <strong><a href=\"https:\/\/darwinia.standardof.net\/fr\/guide\/ennemis\/virii\/\" class=\"rank-math-link\">Virii<\/a> <\/strong>juste plus loin que ce plat d&#039;accompagnement de sortie. Utilisez vos nouvelles grenades pour en faire un court travail, avant de vous diriger vers l&#039;autre extr\u00e9mit\u00e9 de cette \u00eele o\u00f9 se trouve un port de coffre d\u00e9sactiv\u00e9. Faites appara\u00eetre un ing\u00e9nieur (vous pouvez en supprimer un qui est loin et le relancer pour r\u00e9duire le temps de trajet) pour capturer la tour de contr\u00f4le alimentant le port de coffre tout en utilisant une escouade pour effacer le dernier patch de virii pour terminer le niveau du jardin et ouvrir <a href=\"https:\/\/darwinia.standardof.net\/fr\/guide\/procedures-de-niveau\/endiguement\/\" class=\"rank-math-link\"><strong>Endiguement<\/strong><\/a>.<\/p>\n<\/div>\n\n\n\n<div class=\"wp-block-column is-layout-flow wp-block-column-is-layout-flow\">\n<figure class=\"wp-block-image size-large\"><a href=\"https:\/\/darwinia.standardof.net\/fr\/guide\/procedures-de-niveau\/jardin\/darwinia-level-02-garden-4\/\"><img decoding=\"async\" width=\"470\" height=\"294\" src=\"https:\/\/darwinia.standardof.net\/wp-content\/uploads\/sites\/7\/2020\/10\/Darwinia-Level-02-Garden-4.jpg\" alt=\"\" class=\"wp-image-117\" srcset=\"https:\/\/darwinia.standardof.net\/wp-content\/uploads\/sites\/7\/2020\/10\/Darwinia-Level-02-Garden-4.jpg 470w, https:\/\/darwinia.standardof.net\/wp-content\/uploads\/sites\/7\/2020\/10\/Darwinia-Level-02-Garden-4-200x125.jpg 200w, https:\/\/darwinia.standardof.net\/wp-content\/uploads\/sites\/7\/2020\/10\/Darwinia-Level-02-Garden-4-16x10.jpg 16w\" sizes=\"(max-width: 470px) 100vw, 470px\" \/><\/a><\/figure>\n<\/div>\n<\/div>\n\n\n\n<h3 class=\"wp-block-heading\">Garden - Proc\u00e9dure vid\u00e9o de Darwinia<\/h3>\n\n\n\n<figure class=\"wp-block-embed-youtube wp-block-embed is-type-video is-provider-youtube wp-embed-aspect-16-9 wp-has-aspect-ratio\"><div class=\"wp-block-embed__wrapper\">\n<div class=\"ast-oembed-container\" style=\"height: 100%;\"><iframe title=\"Darwinia - Jardin - Proc\u00e9dure pas \u00e0 pas compl\u00e8te\" width=\"500\" height=\"281\" src=\"https:\/\/www.youtube.com\/embed\/vg1Qo-uF8U4?feature=oembed\" frameborder=\"0\" allow=\"accelerometer; autoplay; clipboard-write; encrypted-media; gyroscope; picture-in-picture; web-share\" referrerpolicy=\"strict-origin-when-cross-origin\" allowfullscreen><\/iframe><\/div>\n<\/div><\/figure>\n\n\n\n<div class=\"wp-block-buttons aligncenter is-layout-flex wp-block-buttons-is-layout-flex\">\n<div class=\"wp-block-button is-style-outline\"><a class=\"wp-block-button__link\" href=\"https:\/\/darwinia.standardof.net\/fr\/guide\/procedures-de-niveau\/launchpad-prologue\/\">Niveau pr\u00e9c\u00e9dent: Prologue<\/a><\/div>\n\n\n\n<div class=\"wp-block-button is-style-fill\"><a class=\"wp-block-button__link\" href=\"https:\/\/darwinia.standardof.net\/fr\/guide\/procedures-de-niveau\/endiguement\/\">Niveau suivant: confinement<\/a><\/div>\n<\/div>\n\n\n\n<p><\/p>","protected":false},"excerpt":{"rendered":"<p>The Garden is the first level available after beginning a new game in Darwinia. You will be introduced to the doctor as he expresses befuddlement as to how you were able to connect to the digital world, as he has locked down outside connections due to a rampant virus infection plaguing the project. Garden is [&hellip;]<\/p>","protected":false},"author":1,"featured_media":0,"parent":229,"menu_order":2,"comment_status":"open","ping_status":"closed","template":"","meta":{"_uag_custom_page_level_css":"","site-sidebar-layout":"default","site-content-layout":"default","ast-site-content-layout":"","site-content-style":"default","site-sidebar-style":"default","ast-global-header-display":"","ast-banner-title-visibility":"","ast-main-header-display":"","ast-hfb-above-header-display":"","ast-hfb-below-header-display":"","ast-hfb-mobile-header-display":"","site-post-title":"","ast-breadcrumbs-content":"","ast-featured-img":"","footer-sml-layout":"","theme-transparent-header-meta":"default","adv-header-id-meta":"","stick-header-meta":"","header-above-stick-meta":"","header-main-stick-meta":"","header-below-stick-meta":"","astra-migrate-meta-layouts":"default","ast-page-background-enabled":"default","ast-page-background-meta":{"desktop":{"background-color":"","background-image":"","background-repeat":"repeat","background-position":"center center","background-size":"auto","background-attachment":"scroll","background-type":"","background-media":"","overlay-type":"","overlay-color":"","overlay-gradient":""},"tablet":{"background-color":"","background-image":"","background-repeat":"repeat","background-position":"center center","background-size":"auto","background-attachment":"scroll","background-type":"","background-media":"","overlay-type":"","overlay-color":"","overlay-gradient":""},"mobile":{"background-color":"","background-image":"","background-repeat":"repeat","background-position":"center center","background-size":"auto","background-attachment":"scroll","background-type":"","background-media":"","overlay-type":"","overlay-color":"","overlay-gradient":""}},"ast-content-background-meta":{"desktop":{"background-color":"var(--ast-global-color-5)","background-image":"","background-repeat":"repeat","background-position":"center center","background-size":"auto","background-attachment":"scroll","background-type":"","background-media":"","overlay-type":"","overlay-color":"","overlay-gradient":""},"tablet":{"background-color":"var(--ast-global-color-5)","background-image":"","background-repeat":"repeat","background-position":"center center","background-size":"auto","background-attachment":"scroll","background-type":"","background-media":"","overlay-type":"","overlay-color":"","overlay-gradient":""},"mobile":{"background-color":"var(--ast-global-color-5)","background-image":"","background-repeat":"repeat","background-position":"center center","background-size":"auto","background-attachment":"scroll","background-type":"","background-media":"","overlay-type":"","overlay-color":"","overlay-gradient":""}},"footnotes":""},"uagb_featured_image_src":{"full":false,"thumbnail":false,"medium":false,"medium_large":false,"large":false,"1536x1536":false,"2048x2048":false,"trp-custom-language-flag":false},"uagb_author_info":{"display_name":"SOE","author_link":"https:\/\/darwinia.standardof.net\/fr\/author\/k-tastic\/"},"uagb_comment_info":0,"uagb_excerpt":"The Garden is the first level available after beginning a new game in Darwinia. You will be introduced to the doctor as he expresses befuddlement as to how you were able to connect to the digital world, as he has locked down outside connections due to a rampant virus infection plaguing the project. Garden is&hellip;","_links":{"self":[{"href":"https:\/\/darwinia.standardof.net\/fr\/wp-json\/wp\/v2\/pages\/234"}],"collection":[{"href":"https:\/\/darwinia.standardof.net\/fr\/wp-json\/wp\/v2\/pages"}],"about":[{"href":"https:\/\/darwinia.standardof.net\/fr\/wp-json\/wp\/v2\/types\/page"}],"author":[{"embeddable":true,"href":"https:\/\/darwinia.standardof.net\/fr\/wp-json\/wp\/v2\/users\/1"}],"replies":[{"embeddable":true,"href":"https:\/\/darwinia.standardof.net\/fr\/wp-json\/wp\/v2\/comments?post=234"}],"version-history":[{"count":0,"href":"https:\/\/darwinia.standardof.net\/fr\/wp-json\/wp\/v2\/pages\/234\/revisions"}],"up":[{"embeddable":true,"href":"https:\/\/darwinia.standardof.net\/fr\/wp-json\/wp\/v2\/pages\/229"}],"wp:attachment":[{"href":"https:\/\/darwinia.standardof.net\/fr\/wp-json\/wp\/v2\/media?parent=234"}],"curies":[{"name":"wp","href":"https:\/\/api.w.org\/{rel}","templated":true}]}}