{"id":233,"date":"2020-10-29T16:56:48","date_gmt":"2020-10-29T16:56:48","guid":{"rendered":"https:\/\/darwinia.standardof.net\/?page_id=233"},"modified":"2020-10-29T17:03:00","modified_gmt":"2020-10-29T17:03:00","slug":"launchpad-prologue","status":"publish","type":"page","link":"https:\/\/darwinia.standardof.net\/fr\/guide\/procedures-de-niveau\/launchpad-prologue\/","title":{"rendered":"Launchpad - Prologue"},"content":{"rendered":"<div class=\"wp-block-group\"><div class=\"wp-block-group__inner-container is-layout-flow wp-block-group-is-layout-flow\">\n<div style=\"height:20px\" aria-hidden=\"true\" class=\"wp-block-spacer\"><\/div>\n<\/div><\/div>\n\n\n\n<div class=\"wp-block-columns is-layout-flex wp-container-core-columns-is-layout-1 wp-block-columns-is-layout-flex\">\n<div class=\"wp-block-column is-layout-flow wp-block-column-is-layout-flow\">\n<p>Le niveau du Launchpad dans <em>Darwinia<\/em> est une mission bonus sp\u00e9ciale semi-tutoriel slash qui est accessible \u00e0 tout moment dans le jeu en faisant appara\u00eetre le menu dans l&#039;\u00e9cran de s\u00e9lection de niveau et en s\u00e9lectionnant le bouton de lecture du prologue. Le niveau du Launchpad dans <em>Darwinia<\/em> se d\u00e9roule en fait apr\u00e8s les \u00e9v\u00e9nements de l&#039;histoire principale, o\u00f9 le long combat et les horreurs t\u00e9moins de l&#039;infection virale ont mis en conflit le projet de recherche sur la vie simul\u00e9e de Darwin.<\/p>\n<\/div>\n\n\n\n<div class=\"wp-block-column is-layout-flow wp-block-column-is-layout-flow\">\n<figure class=\"wp-block-image size-large\"><a href=\"https:\/\/darwinia.standardof.net\/fr\/guide\/procedures-de-niveau\/launchpad-prologue\/darwinia-level-01-prologue-1\/\"><img decoding=\"async\" width=\"470\" height=\"294\" src=\"https:\/\/darwinia.standardof.net\/wp-content\/uploads\/sites\/7\/2020\/10\/Darwinia-Level-01-Prologue-1.jpg\" alt=\"\" class=\"wp-image-110\" srcset=\"https:\/\/darwinia.standardof.net\/wp-content\/uploads\/sites\/7\/2020\/10\/Darwinia-Level-01-Prologue-1.jpg 470w, https:\/\/darwinia.standardof.net\/wp-content\/uploads\/sites\/7\/2020\/10\/Darwinia-Level-01-Prologue-1-200x125.jpg 200w, https:\/\/darwinia.standardof.net\/wp-content\/uploads\/sites\/7\/2020\/10\/Darwinia-Level-01-Prologue-1-16x10.jpg 16w\" sizes=\"(max-width: 470px) 100vw, 470px\" \/><\/a><\/figure>\n<\/div>\n<\/div>\n\n\n\n<div class=\"wp-block-columns is-layout-flex wp-container-core-columns-is-layout-2 wp-block-columns-is-layout-flex\">\n<div class=\"wp-block-column is-layout-flow wp-block-column-is-layout-flow\">\n<p>Le niveau commence par une \u00e9norme fus\u00e9e que les Darwiniens verts ont construite afin d&#039;explorer plus avant leur univers, est attaqu\u00e9e par des groupes de Darwiniens rouges qui jaillissent des ports du tronc sur l&#039;\u00eele centrale des fus\u00e9es. Commencez ce niveau en cr\u00e9ant une escouade pour commencer \u00e0 nettoyer la premi\u00e8re \u00eele de <a href=\"https:\/\/standardof.net\/games\/darwinia-guide\/enemies\/virii\/\" target=\"_blank\" rel=\"noopener\">Virii<\/a> et collecter les donn\u00e9es de recherche sur les grenades. D\u00e9placez-vous sur l&#039;\u00eele suivante apr\u00e8s avoir captur\u00e9 l&#039;antenne radar pour terminer la recherche sur l&#039;incubateur et l&#039;officier ici. Une fois que vous avez des verts engendr\u00e9s, ex\u00e9cutez l&#039;officier pour leur ordonner de g\u00e9rer les panneaux solaires.<\/p>\n<\/div>\n\n\n\n<div class=\"wp-block-column is-layout-flow wp-block-column-is-layout-flow\">\n<figure class=\"wp-block-image size-large\"><a href=\"https:\/\/darwinia.standardof.net\/fr\/guide\/procedures-de-niveau\/launchpad-prologue\/darwinia-level-01-prologue-2\/\"><img decoding=\"async\" width=\"470\" height=\"294\" src=\"https:\/\/darwinia.standardof.net\/wp-content\/uploads\/sites\/7\/2020\/10\/Darwinia-Level-01-Prologue-2.jpg\" alt=\"\" class=\"wp-image-111\" srcset=\"https:\/\/darwinia.standardof.net\/wp-content\/uploads\/sites\/7\/2020\/10\/Darwinia-Level-01-Prologue-2.jpg 470w, https:\/\/darwinia.standardof.net\/wp-content\/uploads\/sites\/7\/2020\/10\/Darwinia-Level-01-Prologue-2-200x125.jpg 200w, https:\/\/darwinia.standardof.net\/wp-content\/uploads\/sites\/7\/2020\/10\/Darwinia-Level-01-Prologue-2-16x10.jpg 16w\" sizes=\"(max-width: 470px) 100vw, 470px\" \/><\/a><\/figure>\n<\/div>\n<\/div>\n\n\n\n<div class=\"wp-block-columns is-layout-flex wp-container-core-columns-is-layout-3 wp-block-columns-is-layout-flex\">\n<div class=\"wp-block-column is-layout-flow wp-block-column-is-layout-flow\">\n<p>La prochaine \u00eele o\u00f9 vous vous d\u00e9placez avec les deux <a href=\"https:\/\/standardof.net\/games\/darwinia-guide\/enemies\/centipede\/\" target=\"_blank\" rel=\"noopener\">mille-pattes<\/a> vous attribuera la recherche de grenade pour les Darwiniens, leur permettant d&#039;utiliser le <a href=\"https:\/\/standardof.net\/games\/darwinia-guide\/weapons\/\" target=\"_blank\" rel=\"noopener\">Grenades<\/a> se. La troisi\u00e8me \u00eele, vous voudrez capturer l&#039;incubateur d\u00e8s que possible pour pomper les Darwiniens pour y installer les panneaux solaires et pour aider \u00e0 reprendre l&#039;\u00eele centrale. Tuez tous les virus et gardez les ing\u00e9nieurs \u00e0 port\u00e9e de main pour r\u00e9cup\u00e9rer les \u00e2mes.<\/p>\n<\/div>\n\n\n\n<div class=\"wp-block-column is-layout-flow wp-block-column-is-layout-flow\">\n<figure class=\"wp-block-image size-large\"><a href=\"https:\/\/darwinia.standardof.net\/fr\/guide\/procedures-de-niveau\/launchpad-prologue\/darwinia-level-01-prologue-3\/\"><img decoding=\"async\" width=\"470\" height=\"294\" src=\"https:\/\/darwinia.standardof.net\/wp-content\/uploads\/sites\/7\/2020\/10\/Darwinia-Level-01-Prologue-3.jpg\" alt=\"\" class=\"wp-image-112\" srcset=\"https:\/\/darwinia.standardof.net\/wp-content\/uploads\/sites\/7\/2020\/10\/Darwinia-Level-01-Prologue-3.jpg 470w, https:\/\/darwinia.standardof.net\/wp-content\/uploads\/sites\/7\/2020\/10\/Darwinia-Level-01-Prologue-3-200x125.jpg 200w, https:\/\/darwinia.standardof.net\/wp-content\/uploads\/sites\/7\/2020\/10\/Darwinia-Level-01-Prologue-3-16x10.jpg 16w\" sizes=\"(max-width: 470px) 100vw, 470px\" \/><\/a><\/figure>\n<\/div>\n<\/div>\n\n\n\n<div class=\"wp-block-columns is-layout-flex wp-container-core-columns-is-layout-4 wp-block-columns-is-layout-flex\">\n<div class=\"wp-block-column is-layout-flow wp-block-column-is-layout-flow\">\n<p>Une fois que vous avez captur\u00e9 les \u00eeles \u00e9loign\u00e9es, il est temps d&#039;envoyer des escouades sur l&#039;\u00eele centrale. Utilisez-les pour effacer l&#039;un des g\u00e9niteurs et l&#039;utiliser par vous-m\u00eame <a href=\"https:\/\/standardof.net\/games\/darwinia-guide\/units\/darwinians\/\" target=\"_blank\" rel=\"noopener\">Darwiniens<\/a> pour reconstituer leurs effectifs. \u00c9liminez tous les Spawners un par un, puis faites le suivi des verts pour les garder jusqu&#039;\u00e0 ce que vous ayez captur\u00e9 tous les Spawners et tu\u00e9 les rouges ici. Une fois que cela est fait, vous pouvez commencer \u00e0 charger des verts dans la fus\u00e9e, \u00e0 la charger et \u00e0 terminer le niveau Prologue.<\/p>\n<\/div>\n\n\n\n<div class=\"wp-block-column is-layout-flow wp-block-column-is-layout-flow\">\n<figure class=\"wp-block-image size-large\"><a href=\"https:\/\/darwinia.standardof.net\/fr\/guide\/procedures-de-niveau\/launchpad-prologue\/darwinia-level-01-prologue-4\/\"><img decoding=\"async\" width=\"470\" height=\"294\" src=\"https:\/\/darwinia.standardof.net\/wp-content\/uploads\/sites\/7\/2020\/10\/Darwinia-Level-01-Prologue-4.jpg\" alt=\"\" class=\"wp-image-113\" srcset=\"https:\/\/darwinia.standardof.net\/wp-content\/uploads\/sites\/7\/2020\/10\/Darwinia-Level-01-Prologue-4.jpg 470w, https:\/\/darwinia.standardof.net\/wp-content\/uploads\/sites\/7\/2020\/10\/Darwinia-Level-01-Prologue-4-200x125.jpg 200w, https:\/\/darwinia.standardof.net\/wp-content\/uploads\/sites\/7\/2020\/10\/Darwinia-Level-01-Prologue-4-16x10.jpg 16w\" sizes=\"(max-width: 470px) 100vw, 470px\" \/><\/a><\/figure>\n<\/div>\n<\/div>\n\n\n\n<h3 class=\"wp-block-heading\">Launchpad Prologue - Proc\u00e9dure pas \u00e0 pas vid\u00e9o de Darwinia<\/h3>\n\n\n\n<figure class=\"wp-block-embed-youtube wp-block-embed is-type-video is-provider-youtube wp-embed-aspect-16-9 wp-has-aspect-ratio\"><div class=\"wp-block-embed__wrapper\">\n<div class=\"ast-oembed-container\" style=\"height: 100%;\"><iframe title=\"Darwinia - Prologue - Proc\u00e9dure pas \u00e0 pas\" width=\"500\" height=\"281\" src=\"https:\/\/www.youtube.com\/embed\/Sas4XvsScdA?feature=oembed\" frameborder=\"0\" allow=\"accelerometer; autoplay; clipboard-write; encrypted-media; gyroscope; picture-in-picture; web-share\" referrerpolicy=\"strict-origin-when-cross-origin\" allowfullscreen><\/iframe><\/div>\n<\/div><\/figure>\n\n\n\n<div class=\"wp-block-buttons alignright is-layout-flex wp-block-buttons-is-layout-flex\">\n<div class=\"wp-block-button is-style-fill\"><a class=\"wp-block-button__link\" href=\"https:\/\/darwinia.standardof.net\/fr\/guide\/procedures-de-niveau\/jardin\/\" rel=\"http:\/\/darwinia.standardof.net\/darwinia\/level-walkthrough-guides\/garden\/\">Niveau suivant: Jardin<\/a><\/div>\n<\/div>\n\n\n\n<p><\/p>","protected":false},"excerpt":{"rendered":"<p>The Launchpad level in Darwinia is a special semi tutorial slash bonus mission that is accessible at any time in the game by bringing up the menu while in the level select screen and selecting the play prologue button. The Launchpad level in Darwinia actually takes place after the events of the main story line, [&hellip;]<\/p>","protected":false},"author":1,"featured_media":111,"parent":229,"menu_order":1,"comment_status":"open","ping_status":"closed","template":"","meta":{"_uag_custom_page_level_css":"","site-sidebar-layout":"default","site-content-layout":"default","ast-site-content-layout":"","site-content-style":"default","site-sidebar-style":"default","ast-global-header-display":"","ast-banner-title-visibility":"","ast-main-header-display":"","ast-hfb-above-header-display":"","ast-hfb-below-header-display":"","ast-hfb-mobile-header-display":"","site-post-title":"","ast-breadcrumbs-content":"","ast-featured-img":"","footer-sml-layout":"","theme-transparent-header-meta":"default","adv-header-id-meta":"","stick-header-meta":"","header-above-stick-meta":"","header-main-stick-meta":"","header-below-stick-meta":"","astra-migrate-meta-layouts":"default","ast-page-background-enabled":"default","ast-page-background-meta":{"desktop":{"background-color":"","background-image":"","background-repeat":"repeat","background-position":"center center","background-size":"auto","background-attachment":"scroll","background-type":"","background-media":"","overlay-type":"","overlay-color":"","overlay-gradient":""},"tablet":{"background-color":"","background-image":"","background-repeat":"repeat","background-position":"center center","background-size":"auto","background-attachment":"scroll","background-type":"","background-media":"","overlay-type":"","overlay-color":"","overlay-gradient":""},"mobile":{"background-color":"","background-image":"","background-repeat":"repeat","background-position":"center center","background-size":"auto","background-attachment":"scroll","background-type":"","background-media":"","overlay-type":"","overlay-color":"","overlay-gradient":""}},"ast-content-background-meta":{"desktop":{"background-color":"var(--ast-global-color-5)","background-image":"","background-repeat":"repeat","background-position":"center center","background-size":"auto","background-attachment":"scroll","background-type":"","background-media":"","overlay-type":"","overlay-color":"","overlay-gradient":""},"tablet":{"background-color":"var(--ast-global-color-5)","background-image":"","background-repeat":"repeat","background-position":"center center","background-size":"auto","background-attachment":"scroll","background-type":"","background-media":"","overlay-type":"","overlay-color":"","overlay-gradient":""},"mobile":{"background-color":"var(--ast-global-color-5)","background-image":"","background-repeat":"repeat","background-position":"center center","background-size":"auto","background-attachment":"scroll","background-type":"","background-media":"","overlay-type":"","overlay-color":"","overlay-gradient":""}},"footnotes":""},"uagb_featured_image_src":{"full":["https:\/\/darwinia.standardof.net\/wp-content\/uploads\/sites\/7\/2020\/10\/Darwinia-Level-01-Prologue-2.jpg",470,294,false],"thumbnail":["https:\/\/darwinia.standardof.net\/wp-content\/uploads\/sites\/7\/2020\/10\/Darwinia-Level-01-Prologue-2-200x125.jpg",200,125,true],"medium":["https:\/\/darwinia.standardof.net\/wp-content\/uploads\/sites\/7\/2020\/10\/Darwinia-Level-01-Prologue-2.jpg",470,294,false],"medium_large":["https:\/\/darwinia.standardof.net\/wp-content\/uploads\/sites\/7\/2020\/10\/Darwinia-Level-01-Prologue-2.jpg",470,294,false],"large":["https:\/\/darwinia.standardof.net\/wp-content\/uploads\/sites\/7\/2020\/10\/Darwinia-Level-01-Prologue-2.jpg",470,294,false],"1536x1536":["https:\/\/darwinia.standardof.net\/wp-content\/uploads\/sites\/7\/2020\/10\/Darwinia-Level-01-Prologue-2.jpg",470,294,false],"2048x2048":["https:\/\/darwinia.standardof.net\/wp-content\/uploads\/sites\/7\/2020\/10\/Darwinia-Level-01-Prologue-2.jpg",470,294,false],"trp-custom-language-flag":["https:\/\/darwinia.standardof.net\/wp-content\/uploads\/sites\/7\/2020\/10\/Darwinia-Level-01-Prologue-2-16x10.jpg",16,10,true]},"uagb_author_info":{"display_name":"SOE","author_link":"https:\/\/darwinia.standardof.net\/fr\/author\/k-tastic\/"},"uagb_comment_info":0,"uagb_excerpt":"The Launchpad level in Darwinia is a special semi tutorial slash bonus mission that is accessible at any time in the game by bringing up the menu while in the level select screen and selecting the play prologue button. The Launchpad level in Darwinia actually takes place after the events of the main story line,&hellip;","_links":{"self":[{"href":"https:\/\/darwinia.standardof.net\/fr\/wp-json\/wp\/v2\/pages\/233"}],"collection":[{"href":"https:\/\/darwinia.standardof.net\/fr\/wp-json\/wp\/v2\/pages"}],"about":[{"href":"https:\/\/darwinia.standardof.net\/fr\/wp-json\/wp\/v2\/types\/page"}],"author":[{"embeddable":true,"href":"https:\/\/darwinia.standardof.net\/fr\/wp-json\/wp\/v2\/users\/1"}],"replies":[{"embeddable":true,"href":"https:\/\/darwinia.standardof.net\/fr\/wp-json\/wp\/v2\/comments?post=233"}],"version-history":[{"count":0,"href":"https:\/\/darwinia.standardof.net\/fr\/wp-json\/wp\/v2\/pages\/233\/revisions"}],"up":[{"embeddable":true,"href":"https:\/\/darwinia.standardof.net\/fr\/wp-json\/wp\/v2\/pages\/229"}],"wp:featuredmedia":[{"embeddable":true,"href":"https:\/\/darwinia.standardof.net\/fr\/wp-json\/wp\/v2\/media\/111"}],"wp:attachment":[{"href":"https:\/\/darwinia.standardof.net\/fr\/wp-json\/wp\/v2\/media?parent=233"}],"curies":[{"name":"wp","href":"https:\/\/api.w.org\/{rel}","templated":true}]}}