{"id":217,"date":"2020-10-29T16:28:35","date_gmt":"2020-10-29T16:28:35","guid":{"rendered":"https:\/\/darwinia.standardof.net\/?page_id=217"},"modified":"2020-10-29T16:42:08","modified_gmt":"2020-10-29T16:42:08","slug":"squad","status":"publish","type":"page","link":"https:\/\/darwinia.standardof.net\/fr\/guide\/unites\/equipe\/","title":{"rendered":"\u00c9quipe"},"content":{"rendered":"<figure class=\"wp-block-gallery columns-3 is-cropped wp-block-gallery-1 is-layout-flex wp-block-gallery-is-layout-flex\"><ul class=\"blocks-gallery-grid\"><li class=\"blocks-gallery-item\"><figure><a href=\"https:\/\/darwinia.standardof.net\/fr\/guide\/unites\/equipe\/darwinia-units-squad-5\/\"><img decoding=\"async\" width=\"470\" height=\"294\" src=\"https:\/\/darwinia.standardof.net\/wp-content\/uploads\/sites\/7\/2020\/10\/Darwinia-Units-Squad-5.jpg\" alt=\"\" data-id=\"109\" data-full-url=\"https:\/\/darwinia.standardof.net\/wp-content\/uploads\/sites\/7\/2020\/10\/Darwinia-Units-Squad-5.jpg\" data-link=\"https:\/\/darwinia.standardof.net\/guide\/units\/squad\/darwinia-units-squad-5\/\" class=\"wp-image-109\" srcset=\"https:\/\/darwinia.standardof.net\/wp-content\/uploads\/sites\/7\/2020\/10\/Darwinia-Units-Squad-5.jpg 470w, https:\/\/darwinia.standardof.net\/wp-content\/uploads\/sites\/7\/2020\/10\/Darwinia-Units-Squad-5-200x125.jpg 200w, https:\/\/darwinia.standardof.net\/wp-content\/uploads\/sites\/7\/2020\/10\/Darwinia-Units-Squad-5-16x10.jpg 16w\" sizes=\"(max-width: 470px) 100vw, 470px\" \/><\/a><\/figure><\/li><li class=\"blocks-gallery-item\"><figure><a href=\"https:\/\/darwinia.standardof.net\/fr\/guide\/unites\/equipe\/darwinia-units-squad-4\/\"><img decoding=\"async\" width=\"470\" height=\"294\" src=\"https:\/\/darwinia.standardof.net\/wp-content\/uploads\/sites\/7\/2020\/10\/Darwinia-Units-Squad-4.jpg\" alt=\"\" data-id=\"108\" data-full-url=\"https:\/\/darwinia.standardof.net\/wp-content\/uploads\/sites\/7\/2020\/10\/Darwinia-Units-Squad-4.jpg\" data-link=\"https:\/\/darwinia.standardof.net\/guide\/units\/squad\/darwinia-units-squad-4\/\" class=\"wp-image-108\" srcset=\"https:\/\/darwinia.standardof.net\/wp-content\/uploads\/sites\/7\/2020\/10\/Darwinia-Units-Squad-4.jpg 470w, https:\/\/darwinia.standardof.net\/wp-content\/uploads\/sites\/7\/2020\/10\/Darwinia-Units-Squad-4-200x125.jpg 200w, https:\/\/darwinia.standardof.net\/wp-content\/uploads\/sites\/7\/2020\/10\/Darwinia-Units-Squad-4-16x10.jpg 16w\" sizes=\"(max-width: 470px) 100vw, 470px\" \/><\/a><\/figure><\/li><li class=\"blocks-gallery-item\"><figure><a href=\"https:\/\/darwinia.standardof.net\/fr\/guide\/unites\/equipe\/darwinia-units-squad-3\/\"><img decoding=\"async\" width=\"470\" height=\"294\" src=\"https:\/\/darwinia.standardof.net\/wp-content\/uploads\/sites\/7\/2020\/10\/Darwinia-Units-Squad-3.jpg\" alt=\"\" data-id=\"107\" data-full-url=\"https:\/\/darwinia.standardof.net\/wp-content\/uploads\/sites\/7\/2020\/10\/Darwinia-Units-Squad-3.jpg\" data-link=\"https:\/\/darwinia.standardof.net\/guide\/units\/squad\/darwinia-units-squad-3\/\" class=\"wp-image-107\" srcset=\"https:\/\/darwinia.standardof.net\/wp-content\/uploads\/sites\/7\/2020\/10\/Darwinia-Units-Squad-3.jpg 470w, https:\/\/darwinia.standardof.net\/wp-content\/uploads\/sites\/7\/2020\/10\/Darwinia-Units-Squad-3-200x125.jpg 200w, https:\/\/darwinia.standardof.net\/wp-content\/uploads\/sites\/7\/2020\/10\/Darwinia-Units-Squad-3-16x10.jpg 16w\" sizes=\"(max-width: 470px) 100vw, 470px\" \/><\/a><\/figure><\/li><li class=\"blocks-gallery-item\"><figure><a href=\"https:\/\/darwinia.standardof.net\/fr\/guide\/unites\/equipe\/darwinia-units-squad-2\/\"><img decoding=\"async\" width=\"470\" height=\"294\" src=\"https:\/\/darwinia.standardof.net\/wp-content\/uploads\/sites\/7\/2020\/10\/Darwinia-Units-Squad-2.jpg\" alt=\"\" data-id=\"106\" data-full-url=\"https:\/\/darwinia.standardof.net\/wp-content\/uploads\/sites\/7\/2020\/10\/Darwinia-Units-Squad-2.jpg\" data-link=\"https:\/\/darwinia.standardof.net\/guide\/units\/squad\/darwinia-units-squad-2\/\" class=\"wp-image-106\" srcset=\"https:\/\/darwinia.standardof.net\/wp-content\/uploads\/sites\/7\/2020\/10\/Darwinia-Units-Squad-2.jpg 470w, https:\/\/darwinia.standardof.net\/wp-content\/uploads\/sites\/7\/2020\/10\/Darwinia-Units-Squad-2-200x125.jpg 200w, https:\/\/darwinia.standardof.net\/wp-content\/uploads\/sites\/7\/2020\/10\/Darwinia-Units-Squad-2-16x10.jpg 16w\" sizes=\"(max-width: 470px) 100vw, 470px\" \/><\/a><\/figure><\/li><li class=\"blocks-gallery-item\"><figure><a href=\"https:\/\/darwinia.standardof.net\/fr\/guide\/unites\/equipe\/darwinia-units-squad-1\/\"><img decoding=\"async\" width=\"470\" height=\"294\" src=\"https:\/\/darwinia.standardof.net\/wp-content\/uploads\/sites\/7\/2020\/10\/Darwinia-Units-Squad-1.jpg\" alt=\"\" data-id=\"105\" data-full-url=\"https:\/\/darwinia.standardof.net\/wp-content\/uploads\/sites\/7\/2020\/10\/Darwinia-Units-Squad-1.jpg\" data-link=\"https:\/\/darwinia.standardof.net\/guide\/units\/squad\/darwinia-units-squad-1\/\" class=\"wp-image-105\" srcset=\"https:\/\/darwinia.standardof.net\/wp-content\/uploads\/sites\/7\/2020\/10\/Darwinia-Units-Squad-1.jpg 470w, https:\/\/darwinia.standardof.net\/wp-content\/uploads\/sites\/7\/2020\/10\/Darwinia-Units-Squad-1-200x125.jpg 200w, https:\/\/darwinia.standardof.net\/wp-content\/uploads\/sites\/7\/2020\/10\/Darwinia-Units-Squad-1-16x10.jpg 16w\" sizes=\"(max-width: 470px) 100vw, 470px\" \/><\/a><\/figure><\/li><\/ul><\/figure>\n\n\n\n<p>C&#039;est l&#039;unit\u00e9 que vous contr\u00f4lerez le plus, en particulier dans la moiti\u00e9 de d\u00e9but de la partie. Ceci est votre programme cr\u00e9\u00e9 pour combattre directement le <a href=\"https:\/\/darwinia.standardof.net\/fr\/guide\/ennemis\/\" class=\"rank-math-link\"><strong>menace virale<\/strong><\/a>, \u00e9quip\u00e9 au d\u00e9part du laser mais pouvant ensuite utiliser diverses armes secondaires.<\/p>\n\n\n\n<p>L&#039;escouade est l&#039;une des unit\u00e9s de type programme que vous pouvez ex\u00e9cuter en tant que joueur \u00e0 tout moment pr\u00e8s d&#039;une tour de contr\u00f4le contr\u00f4l\u00e9e. C&#039;est le programme le plus utilis\u00e9 tout au long du jeu, et aussi celui que vous contr\u00f4lez le plus directement. L&#039;utilisation du clic droit ou du bouton d&#039;action de l&#039;unit\u00e9 permet \u00e0 l&#039;escouade de tirer des lasers dans un flux constant, tout en maintenant les deux boutons de la souris enfonc\u00e9s, l&#039;arme secondaire est actuellement s\u00e9lectionn\u00e9e. Vous devrez trouver les objets de recherche avant de d\u00e9bloquer les armes secondaires correspondantes.<\/p>\n\n\n\n<p>Le Squad est d&#039;abord utilis\u00e9 dans le premier niveau <strong>Jardin<\/strong>, et est utilisable dans chaque mission. Tant qu&#039;ils sont sous votre contr\u00f4le, ils n&#039;effectueront aucune action que vous ne leur ordonnez pas directement, mais si vous d\u00e9s\u00e9lectionnez une escouade, elle tirera automatiquement ses lasers sur les virus proches, bien qu&#039;\u00e0 un rythme plus lent que si vous les contr\u00f4liez directement.<\/p>\n\n\n\n<p>Une tactique que j&#039;ai trouv\u00e9e utile est de commander \u00e0 une escouade de charger \u00e0 travers un groupe d&#039;ennemis pour attirer leur feu et leur attention tout en les laissant d\u00e9s\u00e9lectionn\u00e9s pour les amener \u00e0 tirer sur ces agresseurs. Suivez de pr\u00e8s cette premi\u00e8re escouade avec une deuxi\u00e8me escouade et lancez vos lasers en permanence directement sur l&#039;\u00e9quipe avant. Cela fonctionne comme une m\u00e9thode d&#039;app\u00e2t, vous permettant de regrouper les ennemis au-dessus de l&#039;\u00e9quipe avanc\u00e9e tout en \u00e9liminant beaucoup avec des coups uniques. Cela fonctionne particuli\u00e8rement bien sur le <a href=\"https:\/\/darwinia.standardof.net\/fr\/guide\/ennemis\/virii\/\" class=\"rank-math-link\"><strong>Virii<\/strong><\/a>.<\/p>\n\n\n\n<p>Une capacit\u00e9 importante de l&#039;\u00e9quipe est de servir de lieu d&#039;apparition mobile pour <a href=\"https:\/\/darwinia.standardof.net\/fr\/guide\/unites\/ingenieur\/\" class=\"rank-math-link\"><strong>Ing\u00e9nieurs<\/strong><\/a>, car ils offrent la possibilit\u00e9 de le faire dans un rayon de leur emplacement. Cela sert \u00e0 de nombreuses utilisations, dont une permettant la collecte rapide de l&#039;\u00e2me et la capture de structures r\u00e9cemment lib\u00e9r\u00e9es du contr\u00f4le des infections. Ils semblent \u00e9galement \u00eatre capables de subir des d\u00e9g\u00e2ts mod\u00e9r\u00e9s avant de mourir.<\/p>\n\n\n\n<h3 class=\"wp-block-heading\"><strong>Recherche d&#039;escouade<\/strong><\/h3>\n\n\n\n<p>L&#039;escouade commence \u00e0 la version 1.0, et chaque version ult\u00e9rieure recherch\u00e9e jusqu&#039;\u00e0 4.0 accorde un membre d&#039;escouade suppl\u00e9mentaire \u00e0 une escouade cr\u00e9\u00e9e. La version 1.0 accorde 3 membres, 2.0 est 4 membres, 3.0 est 5 membres et la version finale 4.0 limite \u00e0 6 \u00e9quipes de membres. Il n&#039;y a pas d&#039;avantages suppl\u00e9mentaires, et cette recherche est moins utile plus tard dans le jeu lorsque les darwiniens prennent le relais en tant que principale force de combat.<\/p>","protected":false},"excerpt":{"rendered":"<p>This is the unit you will find yourself controlling the most, especially in the beginning half of the game. This is your program created to directly battle the virus threat, outfitted initially with the Laser but can later utilize various secondary weapons. The Squad is one of the Program type of units that you as [&hellip;]<\/p>","protected":false},"author":1,"featured_media":105,"parent":210,"menu_order":5,"comment_status":"open","ping_status":"closed","template":"","meta":{"_uag_custom_page_level_css":"","site-sidebar-layout":"default","site-content-layout":"default","ast-site-content-layout":"","site-content-style":"default","site-sidebar-style":"default","ast-global-header-display":"","ast-banner-title-visibility":"","ast-main-header-display":"","ast-hfb-above-header-display":"","ast-hfb-below-header-display":"","ast-hfb-mobile-header-display":"","site-post-title":"","ast-breadcrumbs-content":"","ast-featured-img":"","footer-sml-layout":"","theme-transparent-header-meta":"default","adv-header-id-meta":"","stick-header-meta":"","header-above-stick-meta":"","header-main-stick-meta":"","header-below-stick-meta":"","astra-migrate-meta-layouts":"default","ast-page-background-enabled":"default","ast-page-background-meta":{"desktop":{"background-color":"","background-image":"","background-repeat":"repeat","background-position":"center center","background-size":"auto","background-attachment":"scroll","background-type":"","background-media":"","overlay-type":"","overlay-color":"","overlay-gradient":""},"tablet":{"background-color":"","background-image":"","background-repeat":"repeat","background-position":"center center","background-size":"auto","background-attachment":"scroll","background-type":"","background-media":"","overlay-type":"","overlay-color":"","overlay-gradient":""},"mobile":{"background-color":"","background-image":"","background-repeat":"repeat","background-position":"center center","background-size":"auto","background-attachment":"scroll","background-type":"","background-media":"","overlay-type":"","overlay-color":"","overlay-gradient":""}},"ast-content-background-meta":{"desktop":{"background-color":"var(--ast-global-color-5)","background-image":"","background-repeat":"repeat","background-position":"center center","background-size":"auto","background-attachment":"scroll","background-type":"","background-media":"","overlay-type":"","overlay-color":"","overlay-gradient":""},"tablet":{"background-color":"var(--ast-global-color-5)","background-image":"","background-repeat":"repeat","background-position":"center center","background-size":"auto","background-attachment":"scroll","background-type":"","background-media":"","overlay-type":"","overlay-color":"","overlay-gradient":""},"mobile":{"background-color":"var(--ast-global-color-5)","background-image":"","background-repeat":"repeat","background-position":"center center","background-size":"auto","background-attachment":"scroll","background-type":"","background-media":"","overlay-type":"","overlay-color":"","overlay-gradient":""}},"footnotes":""},"uagb_featured_image_src":{"full":["https:\/\/darwinia.standardof.net\/wp-content\/uploads\/sites\/7\/2020\/10\/Darwinia-Units-Squad-1.jpg",470,294,false],"thumbnail":["https:\/\/darwinia.standardof.net\/wp-content\/uploads\/sites\/7\/2020\/10\/Darwinia-Units-Squad-1-200x125.jpg",200,125,true],"medium":["https:\/\/darwinia.standardof.net\/wp-content\/uploads\/sites\/7\/2020\/10\/Darwinia-Units-Squad-1.jpg",470,294,false],"medium_large":["https:\/\/darwinia.standardof.net\/wp-content\/uploads\/sites\/7\/2020\/10\/Darwinia-Units-Squad-1.jpg",470,294,false],"large":["https:\/\/darwinia.standardof.net\/wp-content\/uploads\/sites\/7\/2020\/10\/Darwinia-Units-Squad-1.jpg",470,294,false],"1536x1536":["https:\/\/darwinia.standardof.net\/wp-content\/uploads\/sites\/7\/2020\/10\/Darwinia-Units-Squad-1.jpg",470,294,false],"2048x2048":["https:\/\/darwinia.standardof.net\/wp-content\/uploads\/sites\/7\/2020\/10\/Darwinia-Units-Squad-1.jpg",470,294,false],"trp-custom-language-flag":["https:\/\/darwinia.standardof.net\/wp-content\/uploads\/sites\/7\/2020\/10\/Darwinia-Units-Squad-1-16x10.jpg",16,10,true]},"uagb_author_info":{"display_name":"SOE","author_link":"https:\/\/darwinia.standardof.net\/fr\/author\/k-tastic\/"},"uagb_comment_info":0,"uagb_excerpt":"This is the unit you will find yourself controlling the most, especially in the beginning half of the game. This is your program created to directly battle the virus threat, outfitted initially with the Laser but can later utilize various secondary weapons. The Squad is one of the Program type of units that you as&hellip;","_links":{"self":[{"href":"https:\/\/darwinia.standardof.net\/fr\/wp-json\/wp\/v2\/pages\/217"}],"collection":[{"href":"https:\/\/darwinia.standardof.net\/fr\/wp-json\/wp\/v2\/pages"}],"about":[{"href":"https:\/\/darwinia.standardof.net\/fr\/wp-json\/wp\/v2\/types\/page"}],"author":[{"embeddable":true,"href":"https:\/\/darwinia.standardof.net\/fr\/wp-json\/wp\/v2\/users\/1"}],"replies":[{"embeddable":true,"href":"https:\/\/darwinia.standardof.net\/fr\/wp-json\/wp\/v2\/comments?post=217"}],"version-history":[{"count":0,"href":"https:\/\/darwinia.standardof.net\/fr\/wp-json\/wp\/v2\/pages\/217\/revisions"}],"up":[{"embeddable":true,"href":"https:\/\/darwinia.standardof.net\/fr\/wp-json\/wp\/v2\/pages\/210"}],"wp:featuredmedia":[{"embeddable":true,"href":"https:\/\/darwinia.standardof.net\/fr\/wp-json\/wp\/v2\/media\/105"}],"wp:attachment":[{"href":"https:\/\/darwinia.standardof.net\/fr\/wp-json\/wp\/v2\/media?parent=217"}],"curies":[{"name":"wp","href":"https:\/\/api.w.org\/{rel}","templated":true}]}}