{"id":216,"date":"2020-10-29T16:28:20","date_gmt":"2020-10-29T16:28:20","guid":{"rendered":"https:\/\/darwinia.standardof.net\/?page_id=216"},"modified":"2020-10-29T16:40:17","modified_gmt":"2020-10-29T16:40:17","slug":"officer","status":"publish","type":"page","link":"https:\/\/darwinia.standardof.net\/fr\/guide\/unites\/officier\/","title":{"rendered":"Officier"},"content":{"rendered":"<figure class=\"wp-block-gallery columns-3 is-cropped wp-block-gallery-1 is-layout-flex wp-block-gallery-is-layout-flex\"><ul class=\"blocks-gallery-grid\"><li class=\"blocks-gallery-item\"><figure><a href=\"https:\/\/darwinia.standardof.net\/fr\/guide\/unites\/officier\/darwinia-units-officer-5\/\"><img decoding=\"async\" width=\"470\" height=\"294\" src=\"https:\/\/darwinia.standardof.net\/wp-content\/uploads\/sites\/7\/2020\/10\/Darwinia-Units-Officer-5.jpg\" alt=\"\" data-id=\"104\" data-full-url=\"https:\/\/darwinia.standardof.net\/wp-content\/uploads\/sites\/7\/2020\/10\/Darwinia-Units-Officer-5.jpg\" data-link=\"https:\/\/darwinia.standardof.net\/guide\/units\/officer\/darwinia-units-officer-5\/\" class=\"wp-image-104\" srcset=\"https:\/\/darwinia.standardof.net\/wp-content\/uploads\/sites\/7\/2020\/10\/Darwinia-Units-Officer-5.jpg 470w, https:\/\/darwinia.standardof.net\/wp-content\/uploads\/sites\/7\/2020\/10\/Darwinia-Units-Officer-5-200x125.jpg 200w, https:\/\/darwinia.standardof.net\/wp-content\/uploads\/sites\/7\/2020\/10\/Darwinia-Units-Officer-5-16x10.jpg 16w\" sizes=\"(max-width: 470px) 100vw, 470px\" \/><\/a><\/figure><\/li><li class=\"blocks-gallery-item\"><figure><a href=\"https:\/\/darwinia.standardof.net\/fr\/guide\/unites\/officier\/darwinia-units-officer-4\/\"><img decoding=\"async\" width=\"470\" height=\"294\" src=\"https:\/\/darwinia.standardof.net\/wp-content\/uploads\/sites\/7\/2020\/10\/Darwinia-Units-Officer-4.jpg\" alt=\"\" data-id=\"103\" data-full-url=\"https:\/\/darwinia.standardof.net\/wp-content\/uploads\/sites\/7\/2020\/10\/Darwinia-Units-Officer-4.jpg\" data-link=\"https:\/\/darwinia.standardof.net\/guide\/units\/officer\/darwinia-units-officer-4\/\" class=\"wp-image-103\" srcset=\"https:\/\/darwinia.standardof.net\/wp-content\/uploads\/sites\/7\/2020\/10\/Darwinia-Units-Officer-4.jpg 470w, https:\/\/darwinia.standardof.net\/wp-content\/uploads\/sites\/7\/2020\/10\/Darwinia-Units-Officer-4-200x125.jpg 200w, https:\/\/darwinia.standardof.net\/wp-content\/uploads\/sites\/7\/2020\/10\/Darwinia-Units-Officer-4-16x10.jpg 16w\" sizes=\"(max-width: 470px) 100vw, 470px\" \/><\/a><\/figure><\/li><li class=\"blocks-gallery-item\"><figure><a href=\"https:\/\/darwinia.standardof.net\/fr\/guide\/unites\/officier\/darwinia-units-officer-3\/\"><img decoding=\"async\" width=\"470\" height=\"294\" src=\"https:\/\/darwinia.standardof.net\/wp-content\/uploads\/sites\/7\/2020\/10\/Darwinia-Units-Officer-3.jpg\" alt=\"\" data-id=\"102\" data-full-url=\"https:\/\/darwinia.standardof.net\/wp-content\/uploads\/sites\/7\/2020\/10\/Darwinia-Units-Officer-3.jpg\" data-link=\"https:\/\/darwinia.standardof.net\/guide\/units\/officer\/darwinia-units-officer-3\/\" class=\"wp-image-102\" srcset=\"https:\/\/darwinia.standardof.net\/wp-content\/uploads\/sites\/7\/2020\/10\/Darwinia-Units-Officer-3.jpg 470w, https:\/\/darwinia.standardof.net\/wp-content\/uploads\/sites\/7\/2020\/10\/Darwinia-Units-Officer-3-200x125.jpg 200w, https:\/\/darwinia.standardof.net\/wp-content\/uploads\/sites\/7\/2020\/10\/Darwinia-Units-Officer-3-16x10.jpg 16w\" sizes=\"(max-width: 470px) 100vw, 470px\" \/><\/a><\/figure><\/li><li class=\"blocks-gallery-item\"><figure><a href=\"https:\/\/darwinia.standardof.net\/fr\/guide\/unites\/officier\/darwinia-units-officer-2\/\"><img decoding=\"async\" width=\"470\" height=\"294\" src=\"https:\/\/darwinia.standardof.net\/wp-content\/uploads\/sites\/7\/2020\/10\/Darwinia-Units-Officer-2.jpg\" alt=\"\" data-id=\"101\" data-full-url=\"https:\/\/darwinia.standardof.net\/wp-content\/uploads\/sites\/7\/2020\/10\/Darwinia-Units-Officer-2.jpg\" data-link=\"https:\/\/darwinia.standardof.net\/guide\/units\/officer\/darwinia-units-officer-2\/\" class=\"wp-image-101\" srcset=\"https:\/\/darwinia.standardof.net\/wp-content\/uploads\/sites\/7\/2020\/10\/Darwinia-Units-Officer-2.jpg 470w, https:\/\/darwinia.standardof.net\/wp-content\/uploads\/sites\/7\/2020\/10\/Darwinia-Units-Officer-2-200x125.jpg 200w, https:\/\/darwinia.standardof.net\/wp-content\/uploads\/sites\/7\/2020\/10\/Darwinia-Units-Officer-2-16x10.jpg 16w\" sizes=\"(max-width: 470px) 100vw, 470px\" \/><\/a><\/figure><\/li><li class=\"blocks-gallery-item\"><figure><a href=\"https:\/\/darwinia.standardof.net\/fr\/guide\/unites\/officier\/darwinia-units-officer-1\/\"><img decoding=\"async\" width=\"470\" height=\"294\" src=\"https:\/\/darwinia.standardof.net\/wp-content\/uploads\/sites\/7\/2020\/10\/Darwinia-Units-Officer-1.jpg\" alt=\"\" data-id=\"100\" data-full-url=\"https:\/\/darwinia.standardof.net\/wp-content\/uploads\/sites\/7\/2020\/10\/Darwinia-Units-Officer-1.jpg\" data-link=\"https:\/\/darwinia.standardof.net\/guide\/units\/officer\/darwinia-units-officer-1\/\" class=\"wp-image-100\" srcset=\"https:\/\/darwinia.standardof.net\/wp-content\/uploads\/sites\/7\/2020\/10\/Darwinia-Units-Officer-1.jpg 470w, https:\/\/darwinia.standardof.net\/wp-content\/uploads\/sites\/7\/2020\/10\/Darwinia-Units-Officer-1-200x125.jpg 200w, https:\/\/darwinia.standardof.net\/wp-content\/uploads\/sites\/7\/2020\/10\/Darwinia-Units-Officer-1-16x10.jpg 16w\" sizes=\"(max-width: 470px) 100vw, 470px\" \/><\/a><\/figure><\/li><\/ul><\/figure>\n\n\n\n<p>Cette unit\u00e9 peut \u00eatre cr\u00e9\u00e9e en ex\u00e9cutant le programme Officier sur l&#039;un des darwiniens verts d&#039;un niveau. L&#039;officier est utilis\u00e9 pour donner des ordres au <a class=\"rank-math-link\" href=\"https:\/\/www.standardof.net\/games\/darwinia-guide\/units\/darwinians\/\" target=\"_blank\" rel=\"noopener\"><strong>Darwiniens<\/strong><\/a>, que vous ne pouvez pas contr\u00f4ler directement vous-m\u00eame.<\/p>\n\n\n\n<p>Le programme Officier est un autre ex\u00e9cutable disponible pour le joueur, d&#039;abord trouv\u00e9 comme un \u00e9l\u00e9ment de recherche qui doit \u00eatre t\u00e9l\u00e9charg\u00e9 dans le niveau <strong>Endiguement<\/strong>. L&#039;officier est cens\u00e9 servir le but d&#039;\u00eatre votre liaison entre vous et les darwiniens, vous donnant un moyen d&#039;influencer leurs actions et de les d\u00e9placer sur les cartes.<\/p>\n\n\n\n<p>Le programme est ex\u00e9cut\u00e9 en transformant n&#039;importe quel Darwinien n&#039;importe o\u00f9 sur la carte en officier. Une fois qu&#039;elle s&#039;est transform\u00e9e en officier, l&#039;unit\u00e9 deviendra enti\u00e8rement contr\u00f4lable comme les autres programmes, mais perdra les armes laser et grenades des Darwiniens. De plus, les officiers ne peuvent pas \u00eatre utilis\u00e9s pour faire fonctionner les diverses structures destin\u00e9es \u00e0 \u00eatre utilis\u00e9es par les Darwiniens.<\/p>\n\n\n\n<p>L&#039;officier commence par l&#039;ordre de d\u00e9placement qui ordonne aux Darwiniens proches de se rendre \u00e0 un point sp\u00e9cifique en ligne droite depuis l&#039;officier. Chaque officier est limit\u00e9 \u00e0 la complexit\u00e9 de son ordre de d\u00e9placement individuel, ce qui signifie que vous devrez en utiliser plusieurs pour amener les Darwiniens \u00e0 se d\u00e9placer sur de grandes distances.<\/p>\n\n\n\n<h3 class=\"wp-block-heading\"><strong>Officier de recherche<\/strong><\/h3>\n\n\n\n<p>L&#039;officier commence \u00e0 la version 2.0 avec l&#039;ordre de d\u00e9placement, et chaque version ult\u00e9rieure recherch\u00e9e donne des ordres suppl\u00e9mentaires que l&#039;officier peut utiliser pour influencer les darwiniens. Dans la version 3.0, la commande follow est d\u00e9verrouill\u00e9e, ce qui permet \u00e0 un officier de regrouper les Darwiniens autour d&#039;elle et de les conduire \u00e0 un point sp\u00e9cifique en d\u00e9pla\u00e7ant l&#039;officier lui-m\u00eame. Cet ordre peut \u00e9galement \u00eatre utilis\u00e9 pour les emp\u00eacher de s&#039;\u00e9taler trop loin pendant leur fraisage normal. Avant d&#039;engager l&#039;ennemi, vous devez soit d\u00e9sactiver cet ordre, soit donner un ordre de d\u00e9placement sur le chemin de l&#039;ennemi pour envoyer les Darwiniens au combat, car ils ont tendance \u00e0 ne pas se battre sous l&#039;influence du commandement suivant.<\/p>\n\n\n\n<p>La version 4.0 est la derni\u00e8re mise \u00e0 jour qui peut \u00eatre recherch\u00e9e et accorde la capacit\u00e9 d&#039;absorption. Cette commande oblige l&#039;officier \u00e0 y attacher les Darwiniens proches comme bouclier personnel. Cela fait subir des d\u00e9g\u00e2ts aux unit\u00e9s attaquantes, mais peut aussi \u00eatre un gros gaspillage d&#039;unit\u00e9s. Semble \u00eatre d&#039;une utilisation pratique limit\u00e9e et ne vaut la peine que dans les missions ult\u00e9rieures o\u00f9 vous obtenez des apparitions darwiniennes perp\u00e9tuelles.<\/p>","protected":false},"excerpt":{"rendered":"<p>This unit can be created by running the Officer program on one of the green Darwinians in a level. The Officer is used to give commands to the Darwinians, which you cannot directly control yourself. The Officer program is another executable available to the player, first found as a research item that must be downloaded [&hellip;]<\/p>","protected":false},"author":1,"featured_media":100,"parent":210,"menu_order":4,"comment_status":"open","ping_status":"closed","template":"","meta":{"_uag_custom_page_level_css":"","site-sidebar-layout":"default","site-content-layout":"default","ast-site-content-layout":"","site-content-style":"default","site-sidebar-style":"default","ast-global-header-display":"","ast-banner-title-visibility":"","ast-main-header-display":"","ast-hfb-above-header-display":"","ast-hfb-below-header-display":"","ast-hfb-mobile-header-display":"","site-post-title":"","ast-breadcrumbs-content":"","ast-featured-img":"","footer-sml-layout":"","theme-transparent-header-meta":"default","adv-header-id-meta":"","stick-header-meta":"","header-above-stick-meta":"","header-main-stick-meta":"","header-below-stick-meta":"","astra-migrate-meta-layouts":"default","ast-page-background-enabled":"default","ast-page-background-meta":{"desktop":{"background-color":"","background-image":"","background-repeat":"repeat","background-position":"center center","background-size":"auto","background-attachment":"scroll","background-type":"","background-media":"","overlay-type":"","overlay-color":"","overlay-gradient":""},"tablet":{"background-color":"","background-image":"","background-repeat":"repeat","background-position":"center center","background-size":"auto","background-attachment":"scroll","background-type":"","background-media":"","overlay-type":"","overlay-color":"","overlay-gradient":""},"mobile":{"background-color":"","background-image":"","background-repeat":"repeat","background-position":"center center","background-size":"auto","background-attachment":"scroll","background-type":"","background-media":"","overlay-type":"","overlay-color":"","overlay-gradient":""}},"ast-content-background-meta":{"desktop":{"background-color":"var(--ast-global-color-5)","background-image":"","background-repeat":"repeat","background-position":"center center","background-size":"auto","background-attachment":"scroll","background-type":"","background-media":"","overlay-type":"","overlay-color":"","overlay-gradient":""},"tablet":{"background-color":"var(--ast-global-color-5)","background-image":"","background-repeat":"repeat","background-position":"center center","background-size":"auto","background-attachment":"scroll","background-type":"","background-media":"","overlay-type":"","overlay-color":"","overlay-gradient":""},"mobile":{"background-color":"var(--ast-global-color-5)","background-image":"","background-repeat":"repeat","background-position":"center center","background-size":"auto","background-attachment":"scroll","background-type":"","background-media":"","overlay-type":"","overlay-color":"","overlay-gradient":""}},"footnotes":""},"uagb_featured_image_src":{"full":["https:\/\/darwinia.standardof.net\/wp-content\/uploads\/sites\/7\/2020\/10\/Darwinia-Units-Officer-1.jpg",470,294,false],"thumbnail":["https:\/\/darwinia.standardof.net\/wp-content\/uploads\/sites\/7\/2020\/10\/Darwinia-Units-Officer-1-200x125.jpg",200,125,true],"medium":["https:\/\/darwinia.standardof.net\/wp-content\/uploads\/sites\/7\/2020\/10\/Darwinia-Units-Officer-1.jpg",470,294,false],"medium_large":["https:\/\/darwinia.standardof.net\/wp-content\/uploads\/sites\/7\/2020\/10\/Darwinia-Units-Officer-1.jpg",470,294,false],"large":["https:\/\/darwinia.standardof.net\/wp-content\/uploads\/sites\/7\/2020\/10\/Darwinia-Units-Officer-1.jpg",470,294,false],"1536x1536":["https:\/\/darwinia.standardof.net\/wp-content\/uploads\/sites\/7\/2020\/10\/Darwinia-Units-Officer-1.jpg",470,294,false],"2048x2048":["https:\/\/darwinia.standardof.net\/wp-content\/uploads\/sites\/7\/2020\/10\/Darwinia-Units-Officer-1.jpg",470,294,false],"trp-custom-language-flag":["https:\/\/darwinia.standardof.net\/wp-content\/uploads\/sites\/7\/2020\/10\/Darwinia-Units-Officer-1-16x10.jpg",16,10,true]},"uagb_author_info":{"display_name":"SOE","author_link":"https:\/\/darwinia.standardof.net\/fr\/author\/k-tastic\/"},"uagb_comment_info":0,"uagb_excerpt":"This unit can be created by running the Officer program on one of the green Darwinians in a level. The Officer is used to give commands to the Darwinians, which you cannot directly control yourself. The Officer program is another executable available to the player, first found as a research item that must be downloaded&hellip;","_links":{"self":[{"href":"https:\/\/darwinia.standardof.net\/fr\/wp-json\/wp\/v2\/pages\/216"}],"collection":[{"href":"https:\/\/darwinia.standardof.net\/fr\/wp-json\/wp\/v2\/pages"}],"about":[{"href":"https:\/\/darwinia.standardof.net\/fr\/wp-json\/wp\/v2\/types\/page"}],"author":[{"embeddable":true,"href":"https:\/\/darwinia.standardof.net\/fr\/wp-json\/wp\/v2\/users\/1"}],"replies":[{"embeddable":true,"href":"https:\/\/darwinia.standardof.net\/fr\/wp-json\/wp\/v2\/comments?post=216"}],"version-history":[{"count":0,"href":"https:\/\/darwinia.standardof.net\/fr\/wp-json\/wp\/v2\/pages\/216\/revisions"}],"up":[{"embeddable":true,"href":"https:\/\/darwinia.standardof.net\/fr\/wp-json\/wp\/v2\/pages\/210"}],"wp:featuredmedia":[{"embeddable":true,"href":"https:\/\/darwinia.standardof.net\/fr\/wp-json\/wp\/v2\/media\/100"}],"wp:attachment":[{"href":"https:\/\/darwinia.standardof.net\/fr\/wp-json\/wp\/v2\/media?parent=216"}],"curies":[{"name":"wp","href":"https:\/\/api.w.org\/{rel}","templated":true}]}}