{"id":215,"date":"2020-10-29T16:27:54","date_gmt":"2020-10-29T16:27:54","guid":{"rendered":"https:\/\/darwinia.standardof.net\/?page_id=215"},"modified":"2020-10-29T16:33:03","modified_gmt":"2020-10-29T16:33:03","slug":"armor","status":"publish","type":"page","link":"https:\/\/darwinia.standardof.net\/fr\/guide\/unites\/armure\/","title":{"rendered":"Armure"},"content":{"rendered":"<figure class=\"wp-block-gallery columns-3 is-cropped wp-block-gallery-1 is-layout-flex wp-block-gallery-is-layout-flex\"><ul class=\"blocks-gallery-grid\"><li class=\"blocks-gallery-item\"><figure><a href=\"https:\/\/darwinia.standardof.net\/fr\/guide\/unites\/armure\/darwinia-units-armor-5\/\"><img decoding=\"async\" width=\"470\" height=\"294\" src=\"https:\/\/darwinia.standardof.net\/wp-content\/uploads\/sites\/7\/2020\/10\/Darwinia-Units-Armor-5.jpg\" alt=\"\" data-id=\"89\" data-full-url=\"https:\/\/darwinia.standardof.net\/wp-content\/uploads\/sites\/7\/2020\/10\/Darwinia-Units-Armor-5.jpg\" data-link=\"https:\/\/darwinia.standardof.net\/guide\/units\/armor\/darwinia-units-armor-5\/\" class=\"wp-image-89\" srcset=\"https:\/\/darwinia.standardof.net\/wp-content\/uploads\/sites\/7\/2020\/10\/Darwinia-Units-Armor-5.jpg 470w, https:\/\/darwinia.standardof.net\/wp-content\/uploads\/sites\/7\/2020\/10\/Darwinia-Units-Armor-5-200x125.jpg 200w, https:\/\/darwinia.standardof.net\/wp-content\/uploads\/sites\/7\/2020\/10\/Darwinia-Units-Armor-5-16x10.jpg 16w\" sizes=\"(max-width: 470px) 100vw, 470px\" \/><\/a><\/figure><\/li><li class=\"blocks-gallery-item\"><figure><a href=\"https:\/\/darwinia.standardof.net\/fr\/guide\/unites\/armure\/darwinia-units-armor-4\/\"><img decoding=\"async\" width=\"470\" height=\"294\" src=\"https:\/\/darwinia.standardof.net\/wp-content\/uploads\/sites\/7\/2020\/10\/Darwinia-Units-Armor-4.jpg\" alt=\"\" data-id=\"88\" data-full-url=\"https:\/\/darwinia.standardof.net\/wp-content\/uploads\/sites\/7\/2020\/10\/Darwinia-Units-Armor-4.jpg\" data-link=\"https:\/\/darwinia.standardof.net\/guide\/units\/armor\/darwinia-units-armor-4\/\" class=\"wp-image-88\" srcset=\"https:\/\/darwinia.standardof.net\/wp-content\/uploads\/sites\/7\/2020\/10\/Darwinia-Units-Armor-4.jpg 470w, https:\/\/darwinia.standardof.net\/wp-content\/uploads\/sites\/7\/2020\/10\/Darwinia-Units-Armor-4-200x125.jpg 200w, https:\/\/darwinia.standardof.net\/wp-content\/uploads\/sites\/7\/2020\/10\/Darwinia-Units-Armor-4-16x10.jpg 16w\" sizes=\"(max-width: 470px) 100vw, 470px\" \/><\/a><\/figure><\/li><li class=\"blocks-gallery-item\"><figure><a href=\"https:\/\/darwinia.standardof.net\/fr\/guide\/unites\/armure\/darwinia-units-armor-3\/\"><img decoding=\"async\" width=\"470\" height=\"294\" src=\"https:\/\/darwinia.standardof.net\/wp-content\/uploads\/sites\/7\/2020\/10\/Darwinia-Units-Armor-3.jpg\" alt=\"\" data-id=\"87\" data-full-url=\"https:\/\/darwinia.standardof.net\/wp-content\/uploads\/sites\/7\/2020\/10\/Darwinia-Units-Armor-3.jpg\" data-link=\"https:\/\/darwinia.standardof.net\/guide\/units\/armor\/darwinia-units-armor-3\/\" class=\"wp-image-87\" srcset=\"https:\/\/darwinia.standardof.net\/wp-content\/uploads\/sites\/7\/2020\/10\/Darwinia-Units-Armor-3.jpg 470w, https:\/\/darwinia.standardof.net\/wp-content\/uploads\/sites\/7\/2020\/10\/Darwinia-Units-Armor-3-200x125.jpg 200w, https:\/\/darwinia.standardof.net\/wp-content\/uploads\/sites\/7\/2020\/10\/Darwinia-Units-Armor-3-16x10.jpg 16w\" sizes=\"(max-width: 470px) 100vw, 470px\" \/><\/a><\/figure><\/li><li class=\"blocks-gallery-item\"><figure><a href=\"https:\/\/darwinia.standardof.net\/fr\/guide\/unites\/armure\/darwinia-units-armor-2\/\"><img decoding=\"async\" width=\"470\" height=\"294\" src=\"https:\/\/darwinia.standardof.net\/wp-content\/uploads\/sites\/7\/2020\/10\/Darwinia-Units-Armor-2.jpg\" alt=\"\" data-id=\"86\" data-full-url=\"https:\/\/darwinia.standardof.net\/wp-content\/uploads\/sites\/7\/2020\/10\/Darwinia-Units-Armor-2.jpg\" data-link=\"https:\/\/darwinia.standardof.net\/guide\/units\/armor\/darwinia-units-armor-2\/\" class=\"wp-image-86\" srcset=\"https:\/\/darwinia.standardof.net\/wp-content\/uploads\/sites\/7\/2020\/10\/Darwinia-Units-Armor-2.jpg 470w, https:\/\/darwinia.standardof.net\/wp-content\/uploads\/sites\/7\/2020\/10\/Darwinia-Units-Armor-2-200x125.jpg 200w, https:\/\/darwinia.standardof.net\/wp-content\/uploads\/sites\/7\/2020\/10\/Darwinia-Units-Armor-2-16x10.jpg 16w\" sizes=\"(max-width: 470px) 100vw, 470px\" \/><\/a><\/figure><\/li><li class=\"blocks-gallery-item\"><figure><a href=\"https:\/\/darwinia.standardof.net\/fr\/guide\/unites\/armure\/darwinia-units-armor-1\/\"><img decoding=\"async\" width=\"470\" height=\"294\" src=\"https:\/\/darwinia.standardof.net\/wp-content\/uploads\/sites\/7\/2020\/10\/Darwinia-Units-Armor-1.jpg\" alt=\"\" data-id=\"85\" data-full-url=\"https:\/\/darwinia.standardof.net\/wp-content\/uploads\/sites\/7\/2020\/10\/Darwinia-Units-Armor-1.jpg\" data-link=\"https:\/\/darwinia.standardof.net\/guide\/units\/armor\/darwinia-units-armor-1\/\" class=\"wp-image-85\" srcset=\"https:\/\/darwinia.standardof.net\/wp-content\/uploads\/sites\/7\/2020\/10\/Darwinia-Units-Armor-1.jpg 470w, https:\/\/darwinia.standardof.net\/wp-content\/uploads\/sites\/7\/2020\/10\/Darwinia-Units-Armor-1-200x125.jpg 200w, https:\/\/darwinia.standardof.net\/wp-content\/uploads\/sites\/7\/2020\/10\/Darwinia-Units-Armor-1-16x10.jpg 16w\" sizes=\"(max-width: 470px) 100vw, 470px\" \/><\/a><\/figure><\/li><\/ul><\/figure>\n\n\n\n<p>L&#039;unit\u00e9 blind\u00e9e en <em>Darwinia <\/em>est d&#039;abord rendu disponible apr\u00e8s l&#039;activation du <strong>Terrain de construction<\/strong>, apr\u00e8s avoir aliment\u00e9 le <strong>Mien <\/strong>et le <strong>G\u00e9n\u00e9rateur<\/strong>. Ces 3 installations fournissent ensemble les mati\u00e8res premi\u00e8res, la puissance et la capacit\u00e9 de fabrication pour produire l&#039;unit\u00e9 Armor \u00e0 l&#039;usage de l&#039;arm\u00e9e darwinienne. Pendant le niveau, vous serez limit\u00e9 aux unit\u00e9s d&#039;armure sortant des lignes de production. Apr\u00e8s avoir termin\u00e9 le niveau de la cour, vous serez autoris\u00e9 \u00e0 g\u00e9n\u00e9rer une armure en tant que programme ex\u00e9cutable, mais seulement \u00e0 proximit\u00e9 d&#039;un <strong>Port de coffre<\/strong>.<\/p>\n\n\n\n<p>L&#039;armure a un double objectif, d&#039;abord \u00eatre un transport blind\u00e9 pour les Darwiniens, qui peut charger jusqu&#039;\u00e0 10 <a href=\"https:\/\/darwinia.standardof.net\/fr\/guide\/unites\/darwinians\/\" class=\"rank-math-link\"><strong>Darwiniens<\/strong> <\/a>et d\u00e9ployez-les dans un emplacement diff\u00e9rent. La capacit\u00e9 des unit\u00e9s \u00e0 traverser n&#039;importe quel terrain, similaire \u00e0 l&#039;ing\u00e9nieur bien qu&#039;\u00e0 des vitesses beaucoup plus rapides, vous permet de placer les Darwiniens \u00e0 peu pr\u00e8s n&#039;importe o\u00f9. Faites un clic droit sur l&#039;armure elle-m\u00eame pour d\u00e9clencher sa commande de chargement, et les darwiniens proches monteront automatiquement \u00e0 bord jusqu&#039;\u00e0 ce qu&#039;elle soit remplie.<\/p>\n\n\n\n<p>Deuxi\u00e8mement, et le plus utile, l&#039;Armure peut se d\u00e9ployer dans une tourelle stationnaire capable d&#039;\u00eatre tenue par jusqu&#039;\u00e0 4 Darwiniens, sur \u00e0 peu pr\u00e8s n&#039;importe quelle petite parcelle de terrain plat. Cliquez avec le bouton droit de la souris sur la zone dans laquelle vous souhaitez installer l&#039;armure, et elle acc\u00e9l\u00e9rera et se d\u00e9ploiera instantan\u00e9ment. De plus, vous pouvez amener des Darwiniens \u00e0 diriger la tourelle lors de son d\u00e9ploiement, et il les larguera dans les airs avant de se retourner et de se d\u00e9ployer dans ce cas. D\u00e8s que la tourelle sera lev\u00e9e, les darwiniens \u00e0 proximit\u00e9 se pr\u00e9cipiteront et la man\u0153uvreront. La vitesse de l&#039;armure lui permet de passer facilement \u00e0 travers de grandes <a href=\"https:\/\/darwinia.standardof.net\/fr\/guide\/ennemis\/\" class=\"rank-math-link\">virus <\/a>infestations indemnes. En option, vous pouvez commander \u00e0 une tourelle habit\u00e9e de diriger son tir si vous trouvez des cibles plus pressantes sur lesquelles vous concentrer.<\/p>\n\n\n\n<p>Vous n&#039;\u00eates pas limit\u00e9 au nombre d&#039;armures que vous pouvez cr\u00e9er, bien que seul un certain nombre de tourelles puissent se d\u00e9ployer dans une zone donn\u00e9e, et tant qu&#039;elles sont encore des armures, elles occuperont un emplacement de programme. La tourelle est \u00e9galement l&#039;arme la plus puissante disponible pour vos forces, en particulier apr\u00e8s avoir am\u00e9lior\u00e9 sa port\u00e9e gr\u00e2ce \u00e0 la recherche, car elle permet aux Darwiniens d&#039;attaquer et de tuer avec succ\u00e8s tous les types de virus, bien qu&#039;une seule tourelle puisse \u00eatre envahie par une grande force, et ils peuvent \u00eatre d\u00e9truit par des grenades ennemies ou amies.<\/p>\n\n\n\n<p>Enfin, il est extr\u00eamement important de r\u00e9aliser que si vos darwiniens verts peuvent g\u00e9rer ces tourelles, les darwiniens rouges ennemis peuvent le faire s&#039;ils atteignent une tourelle sans pilote ou envahissent l&#039;une des v\u00f4tres. Si cela se produit, la tourelle sera allum\u00e9e sur vos forces et peut vraiment tondre de grands groupes assez rapidement. Si cela se produit, l&#039;un de vos meilleurs paris est d&#039;envoyer plusieurs escouades d&#039;app\u00e2ts pour attirer le feu, et de faire un suivi avec une sous votre contr\u00f4le, et soit la grenade, soit la frappe a\u00e9rienne.<\/p>\n\n\n\n<p><strong>Recherche<br><\/strong>L&#039;armure commence \u00e0 la v1.0, permettant \u00e0 10 Darwiniens de monter \u00e0 bord de l&#039;unit\u00e9 jusqu&#039;\u00e0 ce qu&#039;elle soit \u00e0 pleine capacit\u00e9. La recherche vers la v2.0 accorde une port\u00e9e suppl\u00e9mentaire et une capacit\u00e9 maximale de transport \u00e0 20, la v3.0 permet 30 Darwinians et une tr\u00e8s longue port\u00e9e, tandis que finalement la v4.0 accorde une capacit\u00e9 de 40 et une port\u00e9e suffisante pour \u00e9liminer les virus de port\u00e9e extr\u00eame, qui, si elle est combin\u00e9e \u00e0 un excellent point de vue, signifie qu&#039;aucun virus ne s&#039;approche de cette tourelle.<\/p>","protected":false},"excerpt":{"rendered":"<p>The Armor unit in Darwinia is first made available after activating the Construction Yard, after powering both the Mine and the Generator. These 3 facilities together provide the raw materials, power, and manufacturing capability to produce the Armor unit for use by the Darwinian army. During the level you will be limited to the Armor [&hellip;]<\/p>","protected":false},"author":1,"featured_media":88,"parent":210,"menu_order":3,"comment_status":"open","ping_status":"closed","template":"","meta":{"_uag_custom_page_level_css":"","site-sidebar-layout":"default","site-content-layout":"default","ast-site-content-layout":"","site-content-style":"default","site-sidebar-style":"default","ast-global-header-display":"","ast-banner-title-visibility":"","ast-main-header-display":"","ast-hfb-above-header-display":"","ast-hfb-below-header-display":"","ast-hfb-mobile-header-display":"","site-post-title":"","ast-breadcrumbs-content":"","ast-featured-img":"","footer-sml-layout":"","theme-transparent-header-meta":"default","adv-header-id-meta":"","stick-header-meta":"","header-above-stick-meta":"","header-main-stick-meta":"","header-below-stick-meta":"","astra-migrate-meta-layouts":"default","ast-page-background-enabled":"default","ast-page-background-meta":{"desktop":{"background-color":"","background-image":"","background-repeat":"repeat","background-position":"center center","background-size":"auto","background-attachment":"scroll","background-type":"","background-media":"","overlay-type":"","overlay-color":"","overlay-gradient":""},"tablet":{"background-color":"","background-image":"","background-repeat":"repeat","background-position":"center center","background-size":"auto","background-attachment":"scroll","background-type":"","background-media":"","overlay-type":"","overlay-color":"","overlay-gradient":""},"mobile":{"background-color":"","background-image":"","background-repeat":"repeat","background-position":"center center","background-size":"auto","background-attachment":"scroll","background-type":"","background-media":"","overlay-type":"","overlay-color":"","overlay-gradient":""}},"ast-content-background-meta":{"desktop":{"background-color":"var(--ast-global-color-5)","background-image":"","background-repeat":"repeat","background-position":"center center","background-size":"auto","background-attachment":"scroll","background-type":"","background-media":"","overlay-type":"","overlay-color":"","overlay-gradient":""},"tablet":{"background-color":"var(--ast-global-color-5)","background-image":"","background-repeat":"repeat","background-position":"center center","background-size":"auto","background-attachment":"scroll","background-type":"","background-media":"","overlay-type":"","overlay-color":"","overlay-gradient":""},"mobile":{"background-color":"var(--ast-global-color-5)","background-image":"","background-repeat":"repeat","background-position":"center center","background-size":"auto","background-attachment":"scroll","background-type":"","background-media":"","overlay-type":"","overlay-color":"","overlay-gradient":""}},"footnotes":""},"uagb_featured_image_src":{"full":["https:\/\/darwinia.standardof.net\/wp-content\/uploads\/sites\/7\/2020\/10\/Darwinia-Units-Armor-4.jpg",470,294,false],"thumbnail":["https:\/\/darwinia.standardof.net\/wp-content\/uploads\/sites\/7\/2020\/10\/Darwinia-Units-Armor-4-200x125.jpg",200,125,true],"medium":["https:\/\/darwinia.standardof.net\/wp-content\/uploads\/sites\/7\/2020\/10\/Darwinia-Units-Armor-4.jpg",470,294,false],"medium_large":["https:\/\/darwinia.standardof.net\/wp-content\/uploads\/sites\/7\/2020\/10\/Darwinia-Units-Armor-4.jpg",470,294,false],"large":["https:\/\/darwinia.standardof.net\/wp-content\/uploads\/sites\/7\/2020\/10\/Darwinia-Units-Armor-4.jpg",470,294,false],"1536x1536":["https:\/\/darwinia.standardof.net\/wp-content\/uploads\/sites\/7\/2020\/10\/Darwinia-Units-Armor-4.jpg",470,294,false],"2048x2048":["https:\/\/darwinia.standardof.net\/wp-content\/uploads\/sites\/7\/2020\/10\/Darwinia-Units-Armor-4.jpg",470,294,false],"trp-custom-language-flag":["https:\/\/darwinia.standardof.net\/wp-content\/uploads\/sites\/7\/2020\/10\/Darwinia-Units-Armor-4-16x10.jpg",16,10,true]},"uagb_author_info":{"display_name":"SOE","author_link":"https:\/\/darwinia.standardof.net\/fr\/author\/k-tastic\/"},"uagb_comment_info":0,"uagb_excerpt":"The Armor unit in Darwinia is first made available after activating the Construction Yard, after powering both the Mine and the Generator. These 3 facilities together provide the raw materials, power, and manufacturing capability to produce the Armor unit for use by the Darwinian army. During the level you will be limited to the Armor&hellip;","_links":{"self":[{"href":"https:\/\/darwinia.standardof.net\/fr\/wp-json\/wp\/v2\/pages\/215"}],"collection":[{"href":"https:\/\/darwinia.standardof.net\/fr\/wp-json\/wp\/v2\/pages"}],"about":[{"href":"https:\/\/darwinia.standardof.net\/fr\/wp-json\/wp\/v2\/types\/page"}],"author":[{"embeddable":true,"href":"https:\/\/darwinia.standardof.net\/fr\/wp-json\/wp\/v2\/users\/1"}],"replies":[{"embeddable":true,"href":"https:\/\/darwinia.standardof.net\/fr\/wp-json\/wp\/v2\/comments?post=215"}],"version-history":[{"count":0,"href":"https:\/\/darwinia.standardof.net\/fr\/wp-json\/wp\/v2\/pages\/215\/revisions"}],"up":[{"embeddable":true,"href":"https:\/\/darwinia.standardof.net\/fr\/wp-json\/wp\/v2\/pages\/210"}],"wp:featuredmedia":[{"embeddable":true,"href":"https:\/\/darwinia.standardof.net\/fr\/wp-json\/wp\/v2\/media\/88"}],"wp:attachment":[{"href":"https:\/\/darwinia.standardof.net\/fr\/wp-json\/wp\/v2\/media?parent=215"}],"curies":[{"name":"wp","href":"https:\/\/api.w.org\/{rel}","templated":true}]}}