{"id":214,"date":"2020-10-29T16:27:37","date_gmt":"2020-10-29T16:27:37","guid":{"rendered":"https:\/\/darwinia.standardof.net\/?page_id=214"},"modified":"2020-10-29T16:37:57","modified_gmt":"2020-10-29T16:37:57","slug":"engineer","status":"publish","type":"page","link":"https:\/\/darwinia.standardof.net\/fr\/guide\/unites\/ingenieur\/","title":{"rendered":"Ing\u00e9nieur"},"content":{"rendered":"<figure class=\"wp-block-gallery columns-3 is-cropped wp-block-gallery-1 is-layout-flex wp-block-gallery-is-layout-flex\"><ul class=\"blocks-gallery-grid\"><li class=\"blocks-gallery-item\"><figure><a href=\"https:\/\/darwinia.standardof.net\/fr\/guide\/unites\/ingenieur\/darwinia-units-engineer-4\/\"><img decoding=\"async\" width=\"470\" height=\"294\" src=\"https:\/\/darwinia.standardof.net\/wp-content\/uploads\/sites\/7\/2020\/10\/Darwinia-Units-Engineer-4.jpg\" alt=\"\" data-id=\"98\" data-full-url=\"https:\/\/darwinia.standardof.net\/wp-content\/uploads\/sites\/7\/2020\/10\/Darwinia-Units-Engineer-4.jpg\" data-link=\"https:\/\/darwinia.standardof.net\/guide\/units\/engineer\/darwinia-units-engineer-4\/\" class=\"wp-image-98\" srcset=\"https:\/\/darwinia.standardof.net\/wp-content\/uploads\/sites\/7\/2020\/10\/Darwinia-Units-Engineer-4.jpg 470w, https:\/\/darwinia.standardof.net\/wp-content\/uploads\/sites\/7\/2020\/10\/Darwinia-Units-Engineer-4-200x125.jpg 200w, https:\/\/darwinia.standardof.net\/wp-content\/uploads\/sites\/7\/2020\/10\/Darwinia-Units-Engineer-4-16x10.jpg 16w\" sizes=\"(max-width: 470px) 100vw, 470px\" \/><\/a><\/figure><\/li><li class=\"blocks-gallery-item\"><figure><a href=\"https:\/\/darwinia.standardof.net\/fr\/guide\/unites\/ingenieur\/darwinia-units-engineer-5\/\"><img decoding=\"async\" width=\"470\" height=\"264\" src=\"https:\/\/darwinia.standardof.net\/wp-content\/uploads\/sites\/7\/2020\/10\/Darwinia-Units-Engineer-5.jpg\" alt=\"\" data-id=\"99\" data-full-url=\"https:\/\/darwinia.standardof.net\/wp-content\/uploads\/sites\/7\/2020\/10\/Darwinia-Units-Engineer-5.jpg\" data-link=\"https:\/\/darwinia.standardof.net\/guide\/units\/engineer\/darwinia-units-engineer-5\/\" class=\"wp-image-99\" srcset=\"https:\/\/darwinia.standardof.net\/wp-content\/uploads\/sites\/7\/2020\/10\/Darwinia-Units-Engineer-5.jpg 470w, https:\/\/darwinia.standardof.net\/wp-content\/uploads\/sites\/7\/2020\/10\/Darwinia-Units-Engineer-5-200x112.jpg 200w, https:\/\/darwinia.standardof.net\/wp-content\/uploads\/sites\/7\/2020\/10\/Darwinia-Units-Engineer-5-16x9.jpg 16w\" sizes=\"(max-width: 470px) 100vw, 470px\" \/><\/a><\/figure><\/li><li class=\"blocks-gallery-item\"><figure><a href=\"https:\/\/darwinia.standardof.net\/fr\/guide\/unites\/ingenieur\/darwinia-units-engineer-3\/\"><img decoding=\"async\" width=\"470\" height=\"294\" src=\"https:\/\/darwinia.standardof.net\/wp-content\/uploads\/sites\/7\/2020\/10\/Darwinia-Units-Engineer-3.jpg\" alt=\"\" data-id=\"97\" data-full-url=\"https:\/\/darwinia.standardof.net\/wp-content\/uploads\/sites\/7\/2020\/10\/Darwinia-Units-Engineer-3.jpg\" data-link=\"https:\/\/darwinia.standardof.net\/guide\/units\/engineer\/darwinia-units-engineer-3\/\" class=\"wp-image-97\" srcset=\"https:\/\/darwinia.standardof.net\/wp-content\/uploads\/sites\/7\/2020\/10\/Darwinia-Units-Engineer-3.jpg 470w, https:\/\/darwinia.standardof.net\/wp-content\/uploads\/sites\/7\/2020\/10\/Darwinia-Units-Engineer-3-200x125.jpg 200w, https:\/\/darwinia.standardof.net\/wp-content\/uploads\/sites\/7\/2020\/10\/Darwinia-Units-Engineer-3-16x10.jpg 16w\" sizes=\"(max-width: 470px) 100vw, 470px\" \/><\/a><\/figure><\/li><li class=\"blocks-gallery-item\"><figure><a href=\"https:\/\/darwinia.standardof.net\/fr\/guide\/unites\/ingenieur\/darwinia-units-engineer-2\/\"><img decoding=\"async\" width=\"470\" height=\"294\" src=\"https:\/\/darwinia.standardof.net\/wp-content\/uploads\/sites\/7\/2020\/10\/Darwinia-Units-Engineer-2.jpg\" alt=\"\" data-id=\"96\" data-full-url=\"https:\/\/darwinia.standardof.net\/wp-content\/uploads\/sites\/7\/2020\/10\/Darwinia-Units-Engineer-2.jpg\" data-link=\"https:\/\/darwinia.standardof.net\/guide\/units\/engineer\/darwinia-units-engineer-2\/\" class=\"wp-image-96\" srcset=\"https:\/\/darwinia.standardof.net\/wp-content\/uploads\/sites\/7\/2020\/10\/Darwinia-Units-Engineer-2.jpg 470w, https:\/\/darwinia.standardof.net\/wp-content\/uploads\/sites\/7\/2020\/10\/Darwinia-Units-Engineer-2-200x125.jpg 200w, https:\/\/darwinia.standardof.net\/wp-content\/uploads\/sites\/7\/2020\/10\/Darwinia-Units-Engineer-2-16x10.jpg 16w\" sizes=\"(max-width: 470px) 100vw, 470px\" \/><\/a><\/figure><\/li><li class=\"blocks-gallery-item\"><figure><a href=\"https:\/\/darwinia.standardof.net\/fr\/guide\/unites\/ingenieur\/darwinia-units-engineer-1\/\"><img decoding=\"async\" width=\"470\" height=\"294\" src=\"https:\/\/darwinia.standardof.net\/wp-content\/uploads\/sites\/7\/2020\/10\/Darwinia-Units-Engineer-1.jpg\" alt=\"\" data-id=\"95\" data-full-url=\"https:\/\/darwinia.standardof.net\/wp-content\/uploads\/sites\/7\/2020\/10\/Darwinia-Units-Engineer-1.jpg\" data-link=\"https:\/\/darwinia.standardof.net\/guide\/units\/engineer\/darwinia-units-engineer-1\/\" class=\"wp-image-95\" srcset=\"https:\/\/darwinia.standardof.net\/wp-content\/uploads\/sites\/7\/2020\/10\/Darwinia-Units-Engineer-1.jpg 470w, https:\/\/darwinia.standardof.net\/wp-content\/uploads\/sites\/7\/2020\/10\/Darwinia-Units-Engineer-1-200x125.jpg 200w, https:\/\/darwinia.standardof.net\/wp-content\/uploads\/sites\/7\/2020\/10\/Darwinia-Units-Engineer-1-16x10.jpg 16w\" sizes=\"(max-width: 470px) 100vw, 470px\" \/><\/a><\/figure><\/li><\/ul><\/figure>\n\n\n\n<p>Cette unit\u00e9 est cr\u00e9\u00e9e en ex\u00e9cutant le programme Ing\u00e9nieur \u00e0 proximit\u00e9 de l&#039;un de vos <a href=\"https:\/\/darwinia.standardof.net\/fr\/guide\/unites\/equipe\/\" class=\"rank-math-link\"><strong>Equipes<\/strong> <\/a>ou captur\u00e9 <strong>Tours de contr\u00f4le<\/strong>. L&#039;ing\u00e9nieur est utilis\u00e9 pour collecter des \u00e2mes pour engendrer plus de Darwiniens, reprogrammer et capturer des b\u00e2timents et enfin pour t\u00e9l\u00e9charger des donn\u00e9es de recherche.<\/p>\n\n\n\n<p>L&#039;ing\u00e9nieur porte bien son nom compte tenu de son objectif principal. Cette unit\u00e9 est un programme ex\u00e9cutable disponible d\u00e8s le d\u00e9but de la premi\u00e8re mission \u00bb<strong>Jardin<\/strong>\u00bbEt au-del\u00e0 tout au long du jeu de <em>Darwinia<\/em>. L&#039;ing\u00e9nieur sert d&#039;unit\u00e9 maniable, collectant des \u00e2mes pour engendrer plus de Darwiniens verts, t\u00e9l\u00e9chargeant de nouveaux objets de recherche que vous avez trouv\u00e9s dans les missions, ou reprogrammant les structures infect\u00e9es pour les remettre sous votre contr\u00f4le et celui des Darwiniens.<\/p>\n\n\n\n<p>L&#039;ing\u00e9nieur est capable de subir des d\u00e9g\u00e2ts l\u00e9gers, mais a souvent besoin d&#039;\u00eatre prot\u00e9g\u00e9 pendant le processus de collecte d&#039;\u00e2mes et parfois de reprogrammation si des ennemis sont pr\u00e9sents \u00e0 proximit\u00e9. Ils n&#039;\u00e9prouvent aucune sorte d&#039;h\u00e9sitation \u00e0 se placer directement sur le chemin d&#039;une flop\u00e9e de <strong><a href=\"https:\/\/darwinia.standardof.net\/fr\/guide\/ennemis\/\" class=\"rank-math-link\">virus<\/a><\/strong>, juste pour ramasser une seule \u00e2me \u00e0 proximit\u00e9. Soyez pr\u00e9venu que vous devez garder un \u0153il sur eux pendant cette t\u00e2che, surtout si vous avez d\u00e9sesp\u00e9r\u00e9ment besoin de petits amis verts pour une t\u00e2che sp\u00e9cifique \u00e0 accomplir.<\/p>\n\n\n\n<p>Contrairement \u00e0 l&#039;escouade, les ing\u00e9nieurs sont capables de planer au-dessus de l&#039;eau, ce qui vous permet de les utiliser comme insurg\u00e9s, de traverser les eaux et d&#039;\u00e9viter de lourdes infestations pour reprogrammer les structures derri\u00e8re les lignes ennemies. Ils sont limit\u00e9s \u00e0 la pente raide qu&#039;ils peuvent gravir. Un dernier point \u00e0 noter est la possibilit\u00e9 de faire appara\u00eetre des ing\u00e9nieurs \u00e0 une petite distance des escouades.<\/p>\n\n\n\n<h3 class=\"wp-block-heading\"><strong>Recherche d&#039;ing\u00e9nieur<\/strong><\/h3>\n\n\n\n<p>L&#039;ing\u00e9nieur commence \u00e0 la version 1.0, et chaque version ult\u00e9rieure recherch\u00e9e jusqu&#039;\u00e0 4.0 lui donne la capacit\u00e9 de transporter plus d&#039;\u00e2mes avant de devoir revenir et de les d\u00e9poser dans un incubateur.<\/p>\n\n\n\n<p>Gardez \u00e0 l&#039;esprit que cette recherche comporte des hauts et des bas. Plus d&#039;\u00e2mes transport\u00e9es signifie que vous allez pouvoir engendrer plus de Darwiniens, mais cela signifie aussi plus de temps avant que l&#039;ing\u00e9nieur ne revienne d\u00e9poser sa collection, et compte tenu de leur avidit\u00e9 sans entrave dans la collection d&#039;\u00e2mes, peut souvent finir par se faire ganker avec un grand charge d&#039;\u00e2mes en remorque. Les ing\u00e9nieurs de la version 1.0 peuvent transporter 10 \u00e2mes, 2.0 peut contenir 15 \u00e2mes, 3.0 peut contenir 25 \u00e2mes et 4.0 peut en contenir 30.<\/p>","protected":false},"excerpt":{"rendered":"<p>This unit is created by running the Engineer program near one of your Squads or captured Control Towers. The Engineer is used to collect souls for spawning more Darwinians, reprogramming and capturing buildings and finally to download research data. The Engineer is aptly named considering its primary purpose. This unit is an executable program available [&hellip;]<\/p>","protected":false},"author":1,"featured_media":98,"parent":210,"menu_order":2,"comment_status":"open","ping_status":"closed","template":"","meta":{"_uag_custom_page_level_css":"","site-sidebar-layout":"default","site-content-layout":"default","ast-site-content-layout":"","site-content-style":"default","site-sidebar-style":"default","ast-global-header-display":"","ast-banner-title-visibility":"","ast-main-header-display":"","ast-hfb-above-header-display":"","ast-hfb-below-header-display":"","ast-hfb-mobile-header-display":"","site-post-title":"","ast-breadcrumbs-content":"","ast-featured-img":"","footer-sml-layout":"","theme-transparent-header-meta":"default","adv-header-id-meta":"","stick-header-meta":"","header-above-stick-meta":"","header-main-stick-meta":"","header-below-stick-meta":"","astra-migrate-meta-layouts":"default","ast-page-background-enabled":"default","ast-page-background-meta":{"desktop":{"background-color":"","background-image":"","background-repeat":"repeat","background-position":"center center","background-size":"auto","background-attachment":"scroll","background-type":"","background-media":"","overlay-type":"","overlay-color":"","overlay-gradient":""},"tablet":{"background-color":"","background-image":"","background-repeat":"repeat","background-position":"center center","background-size":"auto","background-attachment":"scroll","background-type":"","background-media":"","overlay-type":"","overlay-color":"","overlay-gradient":""},"mobile":{"background-color":"","background-image":"","background-repeat":"repeat","background-position":"center center","background-size":"auto","background-attachment":"scroll","background-type":"","background-media":"","overlay-type":"","overlay-color":"","overlay-gradient":""}},"ast-content-background-meta":{"desktop":{"background-color":"var(--ast-global-color-5)","background-image":"","background-repeat":"repeat","background-position":"center center","background-size":"auto","background-attachment":"scroll","background-type":"","background-media":"","overlay-type":"","overlay-color":"","overlay-gradient":""},"tablet":{"background-color":"var(--ast-global-color-5)","background-image":"","background-repeat":"repeat","background-position":"center center","background-size":"auto","background-attachment":"scroll","background-type":"","background-media":"","overlay-type":"","overlay-color":"","overlay-gradient":""},"mobile":{"background-color":"var(--ast-global-color-5)","background-image":"","background-repeat":"repeat","background-position":"center center","background-size":"auto","background-attachment":"scroll","background-type":"","background-media":"","overlay-type":"","overlay-color":"","overlay-gradient":""}},"footnotes":""},"uagb_featured_image_src":{"full":["https:\/\/darwinia.standardof.net\/wp-content\/uploads\/sites\/7\/2020\/10\/Darwinia-Units-Engineer-4.jpg",470,294,false],"thumbnail":["https:\/\/darwinia.standardof.net\/wp-content\/uploads\/sites\/7\/2020\/10\/Darwinia-Units-Engineer-4-200x125.jpg",200,125,true],"medium":["https:\/\/darwinia.standardof.net\/wp-content\/uploads\/sites\/7\/2020\/10\/Darwinia-Units-Engineer-4.jpg",470,294,false],"medium_large":["https:\/\/darwinia.standardof.net\/wp-content\/uploads\/sites\/7\/2020\/10\/Darwinia-Units-Engineer-4.jpg",470,294,false],"large":["https:\/\/darwinia.standardof.net\/wp-content\/uploads\/sites\/7\/2020\/10\/Darwinia-Units-Engineer-4.jpg",470,294,false],"1536x1536":["https:\/\/darwinia.standardof.net\/wp-content\/uploads\/sites\/7\/2020\/10\/Darwinia-Units-Engineer-4.jpg",470,294,false],"2048x2048":["https:\/\/darwinia.standardof.net\/wp-content\/uploads\/sites\/7\/2020\/10\/Darwinia-Units-Engineer-4.jpg",470,294,false],"trp-custom-language-flag":["https:\/\/darwinia.standardof.net\/wp-content\/uploads\/sites\/7\/2020\/10\/Darwinia-Units-Engineer-4-16x10.jpg",16,10,true]},"uagb_author_info":{"display_name":"SOE","author_link":"https:\/\/darwinia.standardof.net\/fr\/author\/k-tastic\/"},"uagb_comment_info":0,"uagb_excerpt":"This unit is created by running the Engineer program near one of your Squads or captured Control Towers. The Engineer is used to collect souls for spawning more Darwinians, reprogramming and capturing buildings and finally to download research data. The Engineer is aptly named considering its primary purpose. This unit is an executable program available&hellip;","_links":{"self":[{"href":"https:\/\/darwinia.standardof.net\/fr\/wp-json\/wp\/v2\/pages\/214"}],"collection":[{"href":"https:\/\/darwinia.standardof.net\/fr\/wp-json\/wp\/v2\/pages"}],"about":[{"href":"https:\/\/darwinia.standardof.net\/fr\/wp-json\/wp\/v2\/types\/page"}],"author":[{"embeddable":true,"href":"https:\/\/darwinia.standardof.net\/fr\/wp-json\/wp\/v2\/users\/1"}],"replies":[{"embeddable":true,"href":"https:\/\/darwinia.standardof.net\/fr\/wp-json\/wp\/v2\/comments?post=214"}],"version-history":[{"count":0,"href":"https:\/\/darwinia.standardof.net\/fr\/wp-json\/wp\/v2\/pages\/214\/revisions"}],"up":[{"embeddable":true,"href":"https:\/\/darwinia.standardof.net\/fr\/wp-json\/wp\/v2\/pages\/210"}],"wp:featuredmedia":[{"embeddable":true,"href":"https:\/\/darwinia.standardof.net\/fr\/wp-json\/wp\/v2\/media\/98"}],"wp:attachment":[{"href":"https:\/\/darwinia.standardof.net\/fr\/wp-json\/wp\/v2\/media?parent=214"}],"curies":[{"name":"wp","href":"https:\/\/api.w.org\/{rel}","templated":true}]}}