{"id":213,"date":"2020-10-29T16:27:14","date_gmt":"2020-10-29T16:27:14","guid":{"rendered":"https:\/\/darwinia.standardof.net\/?page_id=213"},"modified":"2020-10-29T16:36:12","modified_gmt":"2020-10-29T16:36:12","slug":"darwinians","status":"publish","type":"page","link":"https:\/\/darwinia.standardof.net\/fr\/guide\/unites\/darwinians\/","title":{"rendered":"Darwiniens"},"content":{"rendered":"<figure class=\"wp-block-gallery columns-3 is-cropped wp-block-gallery-1 is-layout-flex wp-block-gallery-is-layout-flex\"><ul class=\"blocks-gallery-grid\"><li class=\"blocks-gallery-item\"><figure><a href=\"https:\/\/darwinia.standardof.net\/fr\/guide\/unites\/darwinians\/darwinia-units-darwinians-5\/\"><img decoding=\"async\" width=\"470\" height=\"278\" src=\"https:\/\/darwinia.standardof.net\/wp-content\/uploads\/sites\/7\/2020\/10\/Darwinia-Units-Darwinians-5.jpg\" alt=\"\" data-id=\"94\" data-full-url=\"https:\/\/darwinia.standardof.net\/wp-content\/uploads\/sites\/7\/2020\/10\/Darwinia-Units-Darwinians-5.jpg\" data-link=\"https:\/\/darwinia.standardof.net\/guide\/units\/darwinians\/darwinia-units-darwinians-5\/\" class=\"wp-image-94\" srcset=\"https:\/\/darwinia.standardof.net\/wp-content\/uploads\/sites\/7\/2020\/10\/Darwinia-Units-Darwinians-5.jpg 470w, https:\/\/darwinia.standardof.net\/wp-content\/uploads\/sites\/7\/2020\/10\/Darwinia-Units-Darwinians-5-200x118.jpg 200w, https:\/\/darwinia.standardof.net\/wp-content\/uploads\/sites\/7\/2020\/10\/Darwinia-Units-Darwinians-5-16x9.jpg 16w\" sizes=\"(max-width: 470px) 100vw, 470px\" \/><\/a><\/figure><\/li><li class=\"blocks-gallery-item\"><figure><a href=\"https:\/\/darwinia.standardof.net\/fr\/guide\/unites\/darwinians\/darwinia-units-darwinians-4\/\"><img decoding=\"async\" width=\"470\" height=\"294\" src=\"https:\/\/darwinia.standardof.net\/wp-content\/uploads\/sites\/7\/2020\/10\/Darwinia-Units-Darwinians-4.jpg\" alt=\"\" data-id=\"93\" data-full-url=\"https:\/\/darwinia.standardof.net\/wp-content\/uploads\/sites\/7\/2020\/10\/Darwinia-Units-Darwinians-4.jpg\" data-link=\"https:\/\/darwinia.standardof.net\/guide\/units\/darwinians\/darwinia-units-darwinians-4\/\" class=\"wp-image-93\" srcset=\"https:\/\/darwinia.standardof.net\/wp-content\/uploads\/sites\/7\/2020\/10\/Darwinia-Units-Darwinians-4.jpg 470w, https:\/\/darwinia.standardof.net\/wp-content\/uploads\/sites\/7\/2020\/10\/Darwinia-Units-Darwinians-4-200x125.jpg 200w, https:\/\/darwinia.standardof.net\/wp-content\/uploads\/sites\/7\/2020\/10\/Darwinia-Units-Darwinians-4-16x10.jpg 16w\" sizes=\"(max-width: 470px) 100vw, 470px\" \/><\/a><\/figure><\/li><li class=\"blocks-gallery-item\"><figure><a href=\"https:\/\/darwinia.standardof.net\/fr\/guide\/unites\/darwinians\/darwinia-units-darwinians-3\/\"><img decoding=\"async\" width=\"470\" height=\"400\" src=\"https:\/\/darwinia.standardof.net\/wp-content\/uploads\/sites\/7\/2020\/10\/Darwinia-Units-Darwinians-3.jpg\" alt=\"\" data-id=\"92\" data-full-url=\"https:\/\/darwinia.standardof.net\/wp-content\/uploads\/sites\/7\/2020\/10\/Darwinia-Units-Darwinians-3.jpg\" data-link=\"https:\/\/darwinia.standardof.net\/guide\/units\/darwinians\/darwinia-units-darwinians-3\/\" class=\"wp-image-92\" srcset=\"https:\/\/darwinia.standardof.net\/wp-content\/uploads\/sites\/7\/2020\/10\/Darwinia-Units-Darwinians-3.jpg 470w, https:\/\/darwinia.standardof.net\/wp-content\/uploads\/sites\/7\/2020\/10\/Darwinia-Units-Darwinians-3-200x170.jpg 200w, https:\/\/darwinia.standardof.net\/wp-content\/uploads\/sites\/7\/2020\/10\/Darwinia-Units-Darwinians-3-14x12.jpg 14w\" sizes=\"(max-width: 470px) 100vw, 470px\" \/><\/a><\/figure><\/li><li class=\"blocks-gallery-item\"><figure><a href=\"https:\/\/darwinia.standardof.net\/fr\/guide\/unites\/darwinians\/darwinia-units-darwinians-2\/\"><img decoding=\"async\" width=\"470\" height=\"294\" src=\"https:\/\/darwinia.standardof.net\/wp-content\/uploads\/sites\/7\/2020\/10\/Darwinia-Units-Darwinians-2.jpg\" alt=\"\" data-id=\"91\" data-full-url=\"https:\/\/darwinia.standardof.net\/wp-content\/uploads\/sites\/7\/2020\/10\/Darwinia-Units-Darwinians-2.jpg\" data-link=\"https:\/\/darwinia.standardof.net\/guide\/units\/darwinians\/darwinia-units-darwinians-2\/\" class=\"wp-image-91\" srcset=\"https:\/\/darwinia.standardof.net\/wp-content\/uploads\/sites\/7\/2020\/10\/Darwinia-Units-Darwinians-2.jpg 470w, https:\/\/darwinia.standardof.net\/wp-content\/uploads\/sites\/7\/2020\/10\/Darwinia-Units-Darwinians-2-200x125.jpg 200w, https:\/\/darwinia.standardof.net\/wp-content\/uploads\/sites\/7\/2020\/10\/Darwinia-Units-Darwinians-2-16x10.jpg 16w\" sizes=\"(max-width: 470px) 100vw, 470px\" \/><\/a><\/figure><\/li><li class=\"blocks-gallery-item\"><figure><a href=\"https:\/\/darwinia.standardof.net\/fr\/guide\/unites\/darwinians\/darwinia-units-darwinians-1\/\"><img decoding=\"async\" width=\"470\" height=\"351\" src=\"https:\/\/darwinia.standardof.net\/wp-content\/uploads\/sites\/7\/2020\/10\/Darwinia-Units-Darwinians-1.jpg\" alt=\"\" data-id=\"90\" data-full-url=\"https:\/\/darwinia.standardof.net\/wp-content\/uploads\/sites\/7\/2020\/10\/Darwinia-Units-Darwinians-1.jpg\" data-link=\"https:\/\/darwinia.standardof.net\/guide\/units\/darwinians\/darwinia-units-darwinians-1\/\" class=\"wp-image-90\" srcset=\"https:\/\/darwinia.standardof.net\/wp-content\/uploads\/sites\/7\/2020\/10\/Darwinia-Units-Darwinians-1.jpg 470w, https:\/\/darwinia.standardof.net\/wp-content\/uploads\/sites\/7\/2020\/10\/Darwinia-Units-Darwinians-1-200x149.jpg 200w, https:\/\/darwinia.standardof.net\/wp-content\/uploads\/sites\/7\/2020\/10\/Darwinia-Units-Darwinians-1-16x12.jpg 16w\" sizes=\"(max-width: 470px) 100vw, 470px\" \/><\/a><\/figure><\/li><\/ul><\/figure>\n\n\n\n<p>Ces petites cr\u00e9atures pixelis\u00e9es vertes sont la figure centrale de l&#039;histoire du jeu. Ce sont les habitants naturels du monde num\u00e9rique qui existe sous le nom de Darwin Simulated Life Research Project. Celles-ci ne sont pas directement contr\u00f4lables et doivent \u00eatre influenc\u00e9es par <strong><a href=\"https:\/\/darwinia.standardof.net\/fr\/guide\/unites\/officier\/\" class=\"rank-math-link\">Officier<\/a><\/strong>.<\/p>\n\n\n\n<p><strong>Darwiniens <\/strong>sont les petits habitants verts de ce num\u00e9rique connu sous le nom de Darwin Simulated Life Research Project. Ils sont le fruit des efforts du docteur Sepulveda au cours de la derni\u00e8re d\u00e9cennie, car il a travaill\u00e9 isol\u00e9ment pour les faire passer d&#039;une soci\u00e9t\u00e9 primitive d&#039;intelligence artificielle \u00e0 une culture florissante et cr\u00e9ative. Avant l&#039;invasion de la <strong><a href=\"https:\/\/darwinia.standardof.net\/fr\/guide\/ennemis\/\" class=\"rank-math-link\">virus<\/a><\/strong>, ils \u00e9taient innocemment et parfaitement ignorants de leur v\u00e9ritable existence ou des horreurs de la violence. Ces r\u00e9v\u00e9lations ont un impact \u00e0 jamais sur la soci\u00e9t\u00e9 darwinienne, apportant des conflits et des troubles dans leur monde.<\/p>\n\n\n\n<p>Les darwiniens ne sont pas directement contr\u00f4lables par le joueur dans le jeu, mais ils peuvent \u00eatre consid\u00e9rablement influenc\u00e9s pour faire votre ench\u00e8re par diverses m\u00e9thodes. Principalement, ils peuvent \u00eatre dirig\u00e9s via l&#039;utilisation du programme Officier, avec des commandes telles que suivre, qui est utilis\u00e9 pour cr\u00e9er des chemins pour envoyer les Darwiniens \u00e0 travers les diff\u00e9rentes cartes, ou les envoyer via des antennes radar. En plus de cela, ils se d\u00e9placeront automatiquement vers et utiliseront des objets qu&#039;ils ont la capacit\u00e9 de faire fonctionner, tels que les installations mini\u00e8res du niveau Mine. Enfin, l&#039;armure peut \u00eatre utilis\u00e9e pour charger les Darwiniens dans le transport et les d\u00e9placer sur la carte, ou d\u00e9ployer et g\u00e9rer la tourelle stationnaire.<\/p>\n\n\n\n<p>Les darwiniens ont l&#039;intelligence de fuir les grenades, tirent automatiquement sur les ennemis avec des lasers ou des grenades (une fois recherch\u00e9s) et ont tendance \u00e0 rester ensemble ou \u00e0 travailler en groupe. Ils fuiront sous de lourdes pertes et \u00e9mettront des cris num\u00e9ris\u00e9s lorsqu&#039;ils seront attaqu\u00e9s. Apr\u00e8s avoir termin\u00e9 tous les objectifs d&#039;une mission, vous trouverez souvent les Darwiniens danser ou sauter en l&#039;air, ou se balancer d&#039;un c\u00f4t\u00e9 \u00e0 l&#039;autre lorsqu&#039;ils sont hypnotis\u00e9s par un objet. Parfois, vous pouvez voir des bo\u00eetes jaunes brillantes flottant dans les airs parmi les \u00e2mes rouges et le plus souvent vertes, ce sont des \u00abcerfs-volants comm\u00e9moratifs\u00bb lib\u00e9r\u00e9s par les Darwiniens survivants pour pleurer la perte de leurs compagnons apr\u00e8s une chute au combat.<\/p>\n\n\n\n<h3 class=\"wp-block-heading\"><strong>Articles de recherche darwiniens<\/strong><\/h3>\n\n\n\n<p>Les Darwiniens commencent \u00e0 la version 2.0 dans leur progression de recherche, et vous pouvez commencer \u00e0 rechercher le niveau suivant imm\u00e9diatement apr\u00e8s avoir commenc\u00e9 le jeu. Dans la version 3.0, les Darwiniens sont d&#039;abord arm\u00e9s de lasers, ce qui leur donne une capacit\u00e9 de combat. C&#039;est l&#039;un des \u00e9l\u00e9ments de recherche les plus imp\u00e9ratifs, car la capacit\u00e9 de se d\u00e9fendre leur donne une chance de survie beaucoup plus \u00e9lev\u00e9e, tout en leur permettant de fonctionner comme une force de combat qui est plus n\u00e9cessaire dans les missions ult\u00e9rieures.<\/p>\n\n\n\n<p>La version 4.0 d\u00e9verrouille leur capacit\u00e9 \u00e0 utiliser des grenades. Cette capacit\u00e9 est malheureusement un peu maudite, puisque leur utilisation de grenades permettra aux Darwiniens d&#039;endommager efficacement tous les types de virus, leur port\u00e9e est limit\u00e9e. M\u00eame si les Darwiniens fuient leurs grenades lanc\u00e9es, ils seront souvent pris dans les explosions de tirs amis, ce qui entra\u00eenera des pertes plus \u00e9lev\u00e9es dans des groupes de Darwiniens \u00e9troitement group\u00e9s.<\/p>","protected":false},"excerpt":{"rendered":"<p>These little green pixelated creatures are the central figure in the story-line of the game. These are the natural inhabitants of the digital world that exists as the Darwin Simulated Life Research Project. These are not directly controllable, and must be influenced by the Officer. Darwinians are the small green inhabitants of this digital known [&hellip;]<\/p>","protected":false},"author":1,"featured_media":90,"parent":210,"menu_order":1,"comment_status":"open","ping_status":"closed","template":"","meta":{"_uag_custom_page_level_css":"","site-sidebar-layout":"default","site-content-layout":"default","ast-site-content-layout":"","site-content-style":"default","site-sidebar-style":"default","ast-global-header-display":"","ast-banner-title-visibility":"","ast-main-header-display":"","ast-hfb-above-header-display":"","ast-hfb-below-header-display":"","ast-hfb-mobile-header-display":"","site-post-title":"","ast-breadcrumbs-content":"","ast-featured-img":"","footer-sml-layout":"","theme-transparent-header-meta":"default","adv-header-id-meta":"","stick-header-meta":"","header-above-stick-meta":"","header-main-stick-meta":"","header-below-stick-meta":"","astra-migrate-meta-layouts":"default","ast-page-background-enabled":"default","ast-page-background-meta":{"desktop":{"background-color":"","background-image":"","background-repeat":"repeat","background-position":"center center","background-size":"auto","background-attachment":"scroll","background-type":"","background-media":"","overlay-type":"","overlay-color":"","overlay-gradient":""},"tablet":{"background-color":"","background-image":"","background-repeat":"repeat","background-position":"center center","background-size":"auto","background-attachment":"scroll","background-type":"","background-media":"","overlay-type":"","overlay-color":"","overlay-gradient":""},"mobile":{"background-color":"","background-image":"","background-repeat":"repeat","background-position":"center center","background-size":"auto","background-attachment":"scroll","background-type":"","background-media":"","overlay-type":"","overlay-color":"","overlay-gradient":""}},"ast-content-background-meta":{"desktop":{"background-color":"var(--ast-global-color-5)","background-image":"","background-repeat":"repeat","background-position":"center center","background-size":"auto","background-attachment":"scroll","background-type":"","background-media":"","overlay-type":"","overlay-color":"","overlay-gradient":""},"tablet":{"background-color":"var(--ast-global-color-5)","background-image":"","background-repeat":"repeat","background-position":"center center","background-size":"auto","background-attachment":"scroll","background-type":"","background-media":"","overlay-type":"","overlay-color":"","overlay-gradient":""},"mobile":{"background-color":"var(--ast-global-color-5)","background-image":"","background-repeat":"repeat","background-position":"center center","background-size":"auto","background-attachment":"scroll","background-type":"","background-media":"","overlay-type":"","overlay-color":"","overlay-gradient":""}},"footnotes":""},"uagb_featured_image_src":{"full":["https:\/\/darwinia.standardof.net\/wp-content\/uploads\/sites\/7\/2020\/10\/Darwinia-Units-Darwinians-1.jpg",470,351,false],"thumbnail":["https:\/\/darwinia.standardof.net\/wp-content\/uploads\/sites\/7\/2020\/10\/Darwinia-Units-Darwinians-1-200x149.jpg",200,149,true],"medium":["https:\/\/darwinia.standardof.net\/wp-content\/uploads\/sites\/7\/2020\/10\/Darwinia-Units-Darwinians-1.jpg",470,351,false],"medium_large":["https:\/\/darwinia.standardof.net\/wp-content\/uploads\/sites\/7\/2020\/10\/Darwinia-Units-Darwinians-1.jpg",470,351,false],"large":["https:\/\/darwinia.standardof.net\/wp-content\/uploads\/sites\/7\/2020\/10\/Darwinia-Units-Darwinians-1.jpg",470,351,false],"1536x1536":["https:\/\/darwinia.standardof.net\/wp-content\/uploads\/sites\/7\/2020\/10\/Darwinia-Units-Darwinians-1.jpg",470,351,false],"2048x2048":["https:\/\/darwinia.standardof.net\/wp-content\/uploads\/sites\/7\/2020\/10\/Darwinia-Units-Darwinians-1.jpg",470,351,false],"trp-custom-language-flag":["https:\/\/darwinia.standardof.net\/wp-content\/uploads\/sites\/7\/2020\/10\/Darwinia-Units-Darwinians-1-16x12.jpg",16,12,true]},"uagb_author_info":{"display_name":"SOE","author_link":"https:\/\/darwinia.standardof.net\/fr\/author\/k-tastic\/"},"uagb_comment_info":0,"uagb_excerpt":"These little green pixelated creatures are the central figure in the story-line of the game. These are the natural inhabitants of the digital world that exists as the Darwin Simulated Life Research Project. These are not directly controllable, and must be influenced by the Officer. Darwinians are the small green inhabitants of this digital known&hellip;","_links":{"self":[{"href":"https:\/\/darwinia.standardof.net\/fr\/wp-json\/wp\/v2\/pages\/213"}],"collection":[{"href":"https:\/\/darwinia.standardof.net\/fr\/wp-json\/wp\/v2\/pages"}],"about":[{"href":"https:\/\/darwinia.standardof.net\/fr\/wp-json\/wp\/v2\/types\/page"}],"author":[{"embeddable":true,"href":"https:\/\/darwinia.standardof.net\/fr\/wp-json\/wp\/v2\/users\/1"}],"replies":[{"embeddable":true,"href":"https:\/\/darwinia.standardof.net\/fr\/wp-json\/wp\/v2\/comments?post=213"}],"version-history":[{"count":0,"href":"https:\/\/darwinia.standardof.net\/fr\/wp-json\/wp\/v2\/pages\/213\/revisions"}],"up":[{"embeddable":true,"href":"https:\/\/darwinia.standardof.net\/fr\/wp-json\/wp\/v2\/pages\/210"}],"wp:featuredmedia":[{"embeddable":true,"href":"https:\/\/darwinia.standardof.net\/fr\/wp-json\/wp\/v2\/media\/90"}],"wp:attachment":[{"href":"https:\/\/darwinia.standardof.net\/fr\/wp-json\/wp\/v2\/media?parent=213"}],"curies":[{"name":"wp","href":"https:\/\/api.w.org\/{rel}","templated":true}]}}