{"id":210,"date":"2020-10-29T16:26:02","date_gmt":"2020-10-29T16:26:02","guid":{"rendered":"https:\/\/darwinia.standardof.net\/?page_id=210"},"modified":"2020-10-30T18:16:53","modified_gmt":"2020-10-30T18:16:53","slug":"units","status":"publish","type":"page","link":"https:\/\/darwinia.standardof.net\/fr\/guide\/unites\/","title":{"rendered":"Unit\u00e9s"},"content":{"rendered":"<div class=\"wp-block-group\"><div class=\"wp-block-group__inner-container is-layout-flow wp-block-group-is-layout-flow\">\n<div class=\"wp-block-group\"><div class=\"wp-block-group__inner-container is-layout-flow wp-block-group-is-layout-flow\">\n<div style=\"height:20px\" aria-hidden=\"true\" class=\"wp-block-spacer\"><\/div>\n<\/div><\/div>\n\n\n\n<div class=\"wp-block-cover alignwide has-background-dim\" style=\"background-image:url(https:\/\/darwinia.standardof.net\/wp-content\/uploads\/sites\/7\/2020\/10\/Darwinia-Units-Darwinians-1.jpg);background-position:40% 60%;min-height:112px;aspect-ratio:unset;\"><div class=\"wp-block-cover__inner-container is-layout-flow wp-block-cover-is-layout-flow\">\n<h2 class=\"has-text-align-center has-huge-font-size wp-block-heading\"><strong><a href=\"https:\/\/darwinia.standardof.net\/fr\/guide\/unites\/darwinians\/\" class=\"rank-math-link\">Darwiniens<\/a><\/strong><\/h2>\n<\/div><\/div>\n\n\n\n<p>Ces petites cr\u00e9atures pix\u00e9lis\u00e9es vertes sont la figure centrale du sc\u00e9nario du jeu. Ce sont les habitants naturels du monde num\u00e9rique qui existe sous le nom de Darwin Simulated Life Research Project. Celles-ci ne sont pas directement contr\u00f4lables et doivent \u00eatre influenc\u00e9es par l&#039;agent.<\/p>\n<\/div><\/div>\n\n\n\n<div class=\"wp-block-group\"><div class=\"wp-block-group__inner-container is-layout-flow wp-block-group-is-layout-flow\">\n<div class=\"wp-block-cover alignwide has-background-dim\" style=\"background-image:url(https:\/\/darwinia.standardof.net\/wp-content\/uploads\/sites\/7\/2020\/10\/Darwinia-Units-Engineer-4.jpg);background-position:37% 74%;min-height:112px;aspect-ratio:unset;\"><div class=\"wp-block-cover__inner-container is-layout-flow wp-block-cover-is-layout-flow\">\n<h2 class=\"has-text-align-center has-huge-font-size wp-block-heading\"><strong><a href=\"https:\/\/darwinia.standardof.net\/fr\/guide\/unites\/ingenieur\/\" class=\"rank-math-link\">Ing\u00e9nieur<\/a><\/strong><\/h2>\n<\/div><\/div>\n\n\n\n<p>Cette unit\u00e9 est cr\u00e9\u00e9e en ex\u00e9cutant le programme Ing\u00e9nieur \u00e0 proximit\u00e9 d&#039;une de vos escouades ou de tours de contr\u00f4le captur\u00e9es. L&#039;ing\u00e9nieur est utilis\u00e9 pour collecter des \u00e2mes pour engendrer plus de Darwiniens, reprogrammer et capturer des b\u00e2timents et enfin pour t\u00e9l\u00e9charger des donn\u00e9es de recherche.<\/p>\n<\/div><\/div>\n\n\n\n<div class=\"wp-block-group\"><div class=\"wp-block-group__inner-container is-layout-flow wp-block-group-is-layout-flow\">\n<div class=\"wp-block-cover alignwide has-background-dim\" style=\"background-image:url(https:\/\/darwinia.standardof.net\/wp-content\/uploads\/sites\/7\/2020\/10\/Darwinia-Units-Armor-2.jpg);background-position:39% 37%;min-height:112px;aspect-ratio:unset;\"><div class=\"wp-block-cover__inner-container is-layout-flow wp-block-cover-is-layout-flow\">\n<h2 class=\"has-text-align-center has-huge-font-size wp-block-heading\"><strong><a href=\"https:\/\/darwinia.standardof.net\/fr\/guide\/unites\/armure\/\" class=\"rank-math-link\">Armure<\/a><\/strong><\/h2>\n<\/div><\/div>\n\n\n\n<p>V\u00e9hicules utilis\u00e9s comme transports de troupes blind\u00e9s et tourelles d\u00e9ployables \u00e0 l&#039;usage des Darwiniens. Disponible pour la premi\u00e8re fois au niveau de la cour. Outil incroyablement utile pour permettre aux Darwiniens de vaincre les ennemis les plus puissants du jeu. Peut \u00eatre repris et utilis\u00e9 contre vous par les darwiniens rouges.<\/p>\n<\/div><\/div>\n\n\n\n<div class=\"wp-block-group\"><div class=\"wp-block-group__inner-container is-layout-flow wp-block-group-is-layout-flow\">\n<div class=\"wp-block-cover alignwide has-background-dim\" style=\"background-image:url(https:\/\/darwinia.standardof.net\/wp-content\/uploads\/sites\/7\/2020\/10\/Darwinia-Units-Officer-1.jpg);background-position:42% 24%;min-height:112px;aspect-ratio:unset;\"><div class=\"wp-block-cover__inner-container is-layout-flow wp-block-cover-is-layout-flow\">\n<h2 class=\"has-text-align-center has-huge-font-size wp-block-heading\"><strong><a href=\"https:\/\/darwinia.standardof.net\/fr\/guide\/unites\/officier\/\" class=\"rank-math-link\">Officier<\/a><\/strong><\/h2>\n<\/div><\/div>\n\n\n\n<p>Cette unit\u00e9 peut \u00eatre cr\u00e9\u00e9e en ex\u00e9cutant le programme Officier sur l&#039;un des darwiniens verts d&#039;un niveau. L&#039;officier est utilis\u00e9 pour donner des ordres aux Darwiniens, que vous ne pouvez pas contr\u00f4ler directement vous-m\u00eame.<\/p>\n<\/div><\/div>\n\n\n\n<div class=\"wp-block-group\"><div class=\"wp-block-group__inner-container is-layout-flow wp-block-group-is-layout-flow\">\n<div class=\"wp-block-cover alignwide has-background-dim\" style=\"background-image:url(https:\/\/darwinia.standardof.net\/wp-content\/uploads\/sites\/7\/2020\/10\/Darwinia-Units-Squad-1.jpg);background-position:53% 21%;min-height:112px;aspect-ratio:unset;\"><div class=\"wp-block-cover__inner-container is-layout-flow wp-block-cover-is-layout-flow\">\n<h2 class=\"has-text-align-center has-huge-font-size wp-block-heading\"><strong><a href=\"https:\/\/darwinia.standardof.net\/fr\/guide\/unites\/equipe\/\" class=\"rank-math-link\">\u00c9quipe<\/a><\/strong><\/h2>\n<\/div><\/div>\n\n\n\n<p>C&#039;est l&#039;unit\u00e9 que vous contr\u00f4lerez le plus, en particulier dans la moiti\u00e9 de d\u00e9but de la partie. Il s&#039;agit de votre programme cr\u00e9\u00e9 pour combattre directement la menace virale, \u00e9quip\u00e9 au d\u00e9part du laser, mais pouvant ensuite utiliser diverses armes secondaires.<\/p>\n<\/div><\/div>","protected":false},"excerpt":{"rendered":"<p>These little green pixilated creatures are the central figure in the storyline of the game. These are the natural inhabitants of the digital world that exists as the Darwin Simulated Life Research Project. These are not directly controllable, and must be influenced by the officer. This unit is created by running the Engineer program near [&hellip;]<\/p>","protected":false},"author":1,"featured_media":13,"parent":168,"menu_order":3,"comment_status":"open","ping_status":"closed","template":"","meta":{"_uag_custom_page_level_css":"","site-sidebar-layout":"default","site-content-layout":"default","ast-site-content-layout":"","site-content-style":"default","site-sidebar-style":"default","ast-global-header-display":"","ast-banner-title-visibility":"","ast-main-header-display":"","ast-hfb-above-header-display":"","ast-hfb-below-header-display":"","ast-hfb-mobile-header-display":"","site-post-title":"","ast-breadcrumbs-content":"","ast-featured-img":"","footer-sml-layout":"","theme-transparent-header-meta":"default","adv-header-id-meta":"","stick-header-meta":"","header-above-stick-meta":"","header-main-stick-meta":"","header-below-stick-meta":"","astra-migrate-meta-layouts":"default","ast-page-background-enabled":"default","ast-page-background-meta":{"desktop":{"background-color":"","background-image":"","background-repeat":"repeat","background-position":"center center","background-size":"auto","background-attachment":"scroll","background-type":"","background-media":"","overlay-type":"","overlay-color":"","overlay-gradient":""},"tablet":{"background-color":"","background-image":"","background-repeat":"repeat","background-position":"center center","background-size":"auto","background-attachment":"scroll","background-type":"","background-media":"","overlay-type":"","overlay-color":"","overlay-gradient":""},"mobile":{"background-color":"","background-image":"","background-repeat":"repeat","background-position":"center center","background-size":"auto","background-attachment":"scroll","background-type":"","background-media":"","overlay-type":"","overlay-color":"","overlay-gradient":""}},"ast-content-background-meta":{"desktop":{"background-color":"var(--ast-global-color-5)","background-image":"","background-repeat":"repeat","background-position":"center center","background-size":"auto","background-attachment":"scroll","background-type":"","background-media":"","overlay-type":"","overlay-color":"","overlay-gradient":""},"tablet":{"background-color":"var(--ast-global-color-5)","background-image":"","background-repeat":"repeat","background-position":"center center","background-size":"auto","background-attachment":"scroll","background-type":"","background-media":"","overlay-type":"","overlay-color":"","overlay-gradient":""},"mobile":{"background-color":"var(--ast-global-color-5)","background-image":"","background-repeat":"repeat","background-position":"center center","background-size":"auto","background-attachment":"scroll","background-type":"","background-media":"","overlay-type":"","overlay-color":"","overlay-gradient":""}},"footnotes":""},"uagb_featured_image_src":{"full":["https:\/\/darwinia.standardof.net\/wp-content\/uploads\/sites\/7\/2020\/10\/darwinia1.jpg",1100,369,false],"thumbnail":["https:\/\/darwinia.standardof.net\/wp-content\/uploads\/sites\/7\/2020\/10\/darwinia1-200x67.jpg",200,67,true],"medium":["https:\/\/darwinia.standardof.net\/wp-content\/uploads\/sites\/7\/2020\/10\/darwinia1-512x172.jpg",512,172,true],"medium_large":["https:\/\/darwinia.standardof.net\/wp-content\/uploads\/sites\/7\/2020\/10\/darwinia1-768x258.jpg",768,258,true],"large":["https:\/\/darwinia.standardof.net\/wp-content\/uploads\/sites\/7\/2020\/10\/darwinia1-800x268.jpg",800,268,true],"1536x1536":["https:\/\/darwinia.standardof.net\/wp-content\/uploads\/sites\/7\/2020\/10\/darwinia1.jpg",1100,369,false],"2048x2048":["https:\/\/darwinia.standardof.net\/wp-content\/uploads\/sites\/7\/2020\/10\/darwinia1.jpg",1100,369,false],"trp-custom-language-flag":["https:\/\/darwinia.standardof.net\/wp-content\/uploads\/sites\/7\/2020\/10\/darwinia1-16x5.jpg",16,5,true]},"uagb_author_info":{"display_name":"SOE","author_link":"https:\/\/darwinia.standardof.net\/fr\/author\/k-tastic\/"},"uagb_comment_info":0,"uagb_excerpt":"These little green pixilated creatures are the central figure in the storyline of the game. These are the natural inhabitants of the digital world that exists as the Darwin Simulated Life Research Project. These are not directly controllable, and must be influenced by the officer. This unit is created by running the Engineer program near&hellip;","_links":{"self":[{"href":"https:\/\/darwinia.standardof.net\/fr\/wp-json\/wp\/v2\/pages\/210"}],"collection":[{"href":"https:\/\/darwinia.standardof.net\/fr\/wp-json\/wp\/v2\/pages"}],"about":[{"href":"https:\/\/darwinia.standardof.net\/fr\/wp-json\/wp\/v2\/types\/page"}],"author":[{"embeddable":true,"href":"https:\/\/darwinia.standardof.net\/fr\/wp-json\/wp\/v2\/users\/1"}],"replies":[{"embeddable":true,"href":"https:\/\/darwinia.standardof.net\/fr\/wp-json\/wp\/v2\/comments?post=210"}],"version-history":[{"count":0,"href":"https:\/\/darwinia.standardof.net\/fr\/wp-json\/wp\/v2\/pages\/210\/revisions"}],"up":[{"embeddable":true,"href":"https:\/\/darwinia.standardof.net\/fr\/wp-json\/wp\/v2\/pages\/168"}],"wp:featuredmedia":[{"embeddable":true,"href":"https:\/\/darwinia.standardof.net\/fr\/wp-json\/wp\/v2\/media\/13"}],"wp:attachment":[{"href":"https:\/\/darwinia.standardof.net\/fr\/wp-json\/wp\/v2\/media?parent=210"}],"curies":[{"name":"wp","href":"https:\/\/api.w.org\/{rel}","templated":true}]}}