{"id":206,"date":"2020-10-29T16:20:29","date_gmt":"2020-10-29T16:20:29","guid":{"rendered":"https:\/\/darwinia.standardof.net\/?page_id=206"},"modified":"2020-10-29T16:20:36","modified_gmt":"2020-10-29T16:20:36","slug":"virii","status":"publish","type":"page","link":"https:\/\/darwinia.standardof.net\/fr\/guide\/ennemis\/virii\/","title":{"rendered":"Virii"},"content":{"rendered":"<figure class=\"wp-block-gallery columns-3 is-cropped wp-block-gallery-1 is-layout-flex wp-block-gallery-is-layout-flex\"><ul class=\"blocks-gallery-grid\"><li class=\"blocks-gallery-item\"><figure><a href=\"https:\/\/darwinia.standardof.net\/fr\/darwinia-enemies-virii-5\/\"><img decoding=\"async\" width=\"470\" height=\"294\" src=\"https:\/\/darwinia.standardof.net\/wp-content\/uploads\/sites\/7\/2020\/10\/Darwinia-Enemies-Virii-5.jpg\" alt=\"\" data-id=\"84\" data-full-url=\"https:\/\/darwinia.standardof.net\/wp-content\/uploads\/sites\/7\/2020\/10\/Darwinia-Enemies-Virii-5.jpg\" data-link=\"https:\/\/darwinia.standardof.net\/darwinia-enemies-virii-5\/\" class=\"wp-image-84\" srcset=\"https:\/\/darwinia.standardof.net\/wp-content\/uploads\/sites\/7\/2020\/10\/Darwinia-Enemies-Virii-5.jpg 470w, https:\/\/darwinia.standardof.net\/wp-content\/uploads\/sites\/7\/2020\/10\/Darwinia-Enemies-Virii-5-200x125.jpg 200w, https:\/\/darwinia.standardof.net\/wp-content\/uploads\/sites\/7\/2020\/10\/Darwinia-Enemies-Virii-5-16x10.jpg 16w\" sizes=\"(max-width: 470px) 100vw, 470px\" \/><\/a><\/figure><\/li><li class=\"blocks-gallery-item\"><figure><a href=\"https:\/\/darwinia.standardof.net\/fr\/darwinia-enemies-virii-4\/\"><img decoding=\"async\" width=\"470\" height=\"294\" src=\"https:\/\/darwinia.standardof.net\/wp-content\/uploads\/sites\/7\/2020\/10\/Darwinia-Enemies-Virii-4.jpg\" alt=\"\" data-id=\"83\" data-full-url=\"https:\/\/darwinia.standardof.net\/wp-content\/uploads\/sites\/7\/2020\/10\/Darwinia-Enemies-Virii-4.jpg\" data-link=\"https:\/\/darwinia.standardof.net\/darwinia-enemies-virii-4\/\" class=\"wp-image-83\" srcset=\"https:\/\/darwinia.standardof.net\/wp-content\/uploads\/sites\/7\/2020\/10\/Darwinia-Enemies-Virii-4.jpg 470w, https:\/\/darwinia.standardof.net\/wp-content\/uploads\/sites\/7\/2020\/10\/Darwinia-Enemies-Virii-4-200x125.jpg 200w, https:\/\/darwinia.standardof.net\/wp-content\/uploads\/sites\/7\/2020\/10\/Darwinia-Enemies-Virii-4-16x10.jpg 16w\" sizes=\"(max-width: 470px) 100vw, 470px\" \/><\/a><\/figure><\/li><li class=\"blocks-gallery-item\"><figure><a href=\"https:\/\/darwinia.standardof.net\/fr\/darwinia-enemies-virii-3\/\"><img decoding=\"async\" width=\"470\" height=\"294\" src=\"https:\/\/darwinia.standardof.net\/wp-content\/uploads\/sites\/7\/2020\/10\/Darwinia-Enemies-Virii-3.jpg\" alt=\"\" data-id=\"82\" data-full-url=\"https:\/\/darwinia.standardof.net\/wp-content\/uploads\/sites\/7\/2020\/10\/Darwinia-Enemies-Virii-3.jpg\" data-link=\"https:\/\/darwinia.standardof.net\/darwinia-enemies-virii-3\/\" class=\"wp-image-82\" srcset=\"https:\/\/darwinia.standardof.net\/wp-content\/uploads\/sites\/7\/2020\/10\/Darwinia-Enemies-Virii-3.jpg 470w, https:\/\/darwinia.standardof.net\/wp-content\/uploads\/sites\/7\/2020\/10\/Darwinia-Enemies-Virii-3-200x125.jpg 200w, https:\/\/darwinia.standardof.net\/wp-content\/uploads\/sites\/7\/2020\/10\/Darwinia-Enemies-Virii-3-16x10.jpg 16w\" sizes=\"(max-width: 470px) 100vw, 470px\" \/><\/a><\/figure><\/li><li class=\"blocks-gallery-item\"><figure><a href=\"https:\/\/darwinia.standardof.net\/fr\/darwinia-enemies-virii-2\/\"><img decoding=\"async\" width=\"470\" height=\"294\" src=\"https:\/\/darwinia.standardof.net\/wp-content\/uploads\/sites\/7\/2020\/10\/Darwinia-Enemies-Virii-2.jpg\" alt=\"\" data-id=\"81\" data-full-url=\"https:\/\/darwinia.standardof.net\/wp-content\/uploads\/sites\/7\/2020\/10\/Darwinia-Enemies-Virii-2.jpg\" data-link=\"https:\/\/darwinia.standardof.net\/darwinia-enemies-virii-2\/\" class=\"wp-image-81\" srcset=\"https:\/\/darwinia.standardof.net\/wp-content\/uploads\/sites\/7\/2020\/10\/Darwinia-Enemies-Virii-2.jpg 470w, https:\/\/darwinia.standardof.net\/wp-content\/uploads\/sites\/7\/2020\/10\/Darwinia-Enemies-Virii-2-200x125.jpg 200w, https:\/\/darwinia.standardof.net\/wp-content\/uploads\/sites\/7\/2020\/10\/Darwinia-Enemies-Virii-2-16x10.jpg 16w\" sizes=\"(max-width: 470px) 100vw, 470px\" \/><\/a><\/figure><\/li><li class=\"blocks-gallery-item\"><figure><a href=\"https:\/\/darwinia.standardof.net\/fr\/darwinia-enemies-virii-1\/\"><img decoding=\"async\" width=\"470\" height=\"294\" src=\"https:\/\/darwinia.standardof.net\/wp-content\/uploads\/sites\/7\/2020\/10\/Darwinia-Enemies-Virii-1.jpg\" alt=\"\" data-id=\"80\" data-full-url=\"https:\/\/darwinia.standardof.net\/wp-content\/uploads\/sites\/7\/2020\/10\/Darwinia-Enemies-Virii-1.jpg\" data-link=\"https:\/\/darwinia.standardof.net\/darwinia-enemies-virii-1\/\" class=\"wp-image-80\" srcset=\"https:\/\/darwinia.standardof.net\/wp-content\/uploads\/sites\/7\/2020\/10\/Darwinia-Enemies-Virii-1.jpg 470w, https:\/\/darwinia.standardof.net\/wp-content\/uploads\/sites\/7\/2020\/10\/Darwinia-Enemies-Virii-1-200x125.jpg 200w, https:\/\/darwinia.standardof.net\/wp-content\/uploads\/sites\/7\/2020\/10\/Darwinia-Enemies-Virii-1-16x10.jpg 16w\" sizes=\"(max-width: 470px) 100vw, 470px\" \/><\/a><\/figure><\/li><\/ul><\/figure>\n\n\n\n<p>Les Virii sont les cr\u00e9atures de forme triangulaire rouge souvent trouv\u00e9es errant dans des zones donn\u00e9es en groupes serr\u00e9s. Ce sont les types d&#039;ennemis les plus faibles et les plus souvent vus, et les premiers vus au d\u00e9but d&#039;une nouvelle partie en <em>Darwinia<\/em>. Ces ennemis sont engendr\u00e9s par d&#039;autres virus, tels que le <a href=\"https:\/\/darwinia.standardof.net\/fr\/guide\/ennemis\/triffide\/\" class=\"rank-math-link\"><strong>\u0152ufs triffides<\/strong><\/a> et <a href=\"https:\/\/darwinia.standardof.net\/fr\/guide\/ennemis\/generateur-de-spores\/\" class=\"rank-math-link\"><strong>G\u00e9n\u00e9rateur de spores<\/strong><\/a> oeufs un ils sont \u00abf\u00e9cond\u00e9s\u00bb avec une \u00e2me ennemie ou amie. Les Virii sont des ennemis plut\u00f4t stupides, et zigzagueront sans r\u00e9fl\u00e9chir vers vos unit\u00e9s une fois qu&#039;ils seront suffisamment proches.<\/p>\n\n\n\n<p>Une tactique qui fonctionne tr\u00e8s bien sur Virii en <em>Darwinia<\/em> consiste \u00e0 envoyer une escouade comme app\u00e2t, charg\u00e9e de marcher directement \u00e0 travers un grand groupe d&#039;entre eux, puis de contr\u00f4ler une deuxi\u00e8me escouade qui suit de pr\u00e8s la premi\u00e8re. Depuis le <strong>Equipes <\/strong>sont l\u00e9g\u00e8rement plus rapides que les Virii, et les Virii doivent \u00eatre sous leur cible pendant un moment avant de causer des d\u00e9g\u00e2ts, l&#039;unit\u00e9 avant sera souvent en mesure de le faire indemne. L&#039;effet r\u00e9sultant fait que tous les Virii s&#039;empilent les uns sur les autres dans une ligne \u00e0 la fin de la premi\u00e8re \u00e9quipe, ce qui signifie que le feu de couverture laser plac\u00e9 directement sur l&#039;\u00e9quipe avanc\u00e9e par la seconde, vous permettra de nettoyer facilement de gros lots, tout en facilitant la t\u00e2che votre <strong>Ing\u00e9nieurs <\/strong>pour recueillir le champ r\u00e9sultant des \u00e2mes.<\/p>\n\n\n\n<p>Les virii ont tendance \u00e0 fonctionner en tandem avec les g\u00e9n\u00e9rateurs de spores, car les deux remplissent des fonctions essentielles pour l&#039;autre. Les g\u00e9n\u00e9rateurs de spores pondent souvent des \u0153ufs vides lorsqu&#039;ils planent pr\u00e8s du sol, et quand ces \u0153ufs sont disponibles, les Virii se d\u00e9placent vers les \u00e2mes flottantes \u00e0 proximit\u00e9, les ramassent, les transportent vers l&#039;\u0153uf et les plantent \u00e0 l&#039;int\u00e9rieur. Les Virii ne peuvent porter qu&#039;une seule \u00e2me \u00e0 la fois, mais avec les grands lots typiques d&#039;entre eux, peuvent souvent fertiliser un champ d&#039;\u0153ufs tr\u00e8s rapidement. Ces \u0153ufs peuvent \u00eatre f\u00e9cond\u00e9s avec des \u00e2mes vertes ou rouges, et s&#039;ils le sont, ils \u00e9closeront bient\u00f4t en plus de Virii. Cela signifie perdre une bataille contre Virii et laisser des \u00e2mes derri\u00e8re eux peut facilement conduire \u00e0 la restauration ou m\u00eame au renforcement de leur nombre s&#039;ils ne sont pas trait\u00e9s rapidement par des forces suppl\u00e9mentaires. Vous trouverez des Virii \u00e0 tous les niveaux de <em>Darwinia <\/em>sauf pour le <strong>Biosph\u00e8re <\/strong>niveau.<\/p>","protected":false},"excerpt":{"rendered":"<p>The Virii are the red triangular shaped creatures often found wandering given areas in tightly packed groups. These are the weakest of the enemy types and most often seen, and the first seen upon beginning a new game in Darwinia. These enemies are spawned from other viruses, such as the Triffid Eggs and Spore Generator [&hellip;]<\/p>","protected":false},"author":1,"featured_media":84,"parent":190,"menu_order":0,"comment_status":"open","ping_status":"closed","template":"","meta":{"_uag_custom_page_level_css":"","site-sidebar-layout":"default","site-content-layout":"default","ast-site-content-layout":"","site-content-style":"default","site-sidebar-style":"default","ast-global-header-display":"","ast-banner-title-visibility":"","ast-main-header-display":"","ast-hfb-above-header-display":"","ast-hfb-below-header-display":"","ast-hfb-mobile-header-display":"","site-post-title":"","ast-breadcrumbs-content":"","ast-featured-img":"","footer-sml-layout":"","theme-transparent-header-meta":"default","adv-header-id-meta":"","stick-header-meta":"","header-above-stick-meta":"","header-main-stick-meta":"","header-below-stick-meta":"","astra-migrate-meta-layouts":"default","ast-page-background-enabled":"default","ast-page-background-meta":{"desktop":{"background-color":"","background-image":"","background-repeat":"repeat","background-position":"center center","background-size":"auto","background-attachment":"scroll","background-type":"","background-media":"","overlay-type":"","overlay-color":"","overlay-gradient":""},"tablet":{"background-color":"","background-image":"","background-repeat":"repeat","background-position":"center center","background-size":"auto","background-attachment":"scroll","background-type":"","background-media":"","overlay-type":"","overlay-color":"","overlay-gradient":""},"mobile":{"background-color":"","background-image":"","background-repeat":"repeat","background-position":"center center","background-size":"auto","background-attachment":"scroll","background-type":"","background-media":"","overlay-type":"","overlay-color":"","overlay-gradient":""}},"ast-content-background-meta":{"desktop":{"background-color":"var(--ast-global-color-5)","background-image":"","background-repeat":"repeat","background-position":"center center","background-size":"auto","background-attachment":"scroll","background-type":"","background-media":"","overlay-type":"","overlay-color":"","overlay-gradient":""},"tablet":{"background-color":"var(--ast-global-color-5)","background-image":"","background-repeat":"repeat","background-position":"center center","background-size":"auto","background-attachment":"scroll","background-type":"","background-media":"","overlay-type":"","overlay-color":"","overlay-gradient":""},"mobile":{"background-color":"var(--ast-global-color-5)","background-image":"","background-repeat":"repeat","background-position":"center center","background-size":"auto","background-attachment":"scroll","background-type":"","background-media":"","overlay-type":"","overlay-color":"","overlay-gradient":""}},"footnotes":""},"uagb_featured_image_src":{"full":["https:\/\/darwinia.standardof.net\/wp-content\/uploads\/sites\/7\/2020\/10\/Darwinia-Enemies-Virii-5.jpg",470,294,false],"thumbnail":["https:\/\/darwinia.standardof.net\/wp-content\/uploads\/sites\/7\/2020\/10\/Darwinia-Enemies-Virii-5-200x125.jpg",200,125,true],"medium":["https:\/\/darwinia.standardof.net\/wp-content\/uploads\/sites\/7\/2020\/10\/Darwinia-Enemies-Virii-5.jpg",470,294,false],"medium_large":["https:\/\/darwinia.standardof.net\/wp-content\/uploads\/sites\/7\/2020\/10\/Darwinia-Enemies-Virii-5.jpg",470,294,false],"large":["https:\/\/darwinia.standardof.net\/wp-content\/uploads\/sites\/7\/2020\/10\/Darwinia-Enemies-Virii-5.jpg",470,294,false],"1536x1536":["https:\/\/darwinia.standardof.net\/wp-content\/uploads\/sites\/7\/2020\/10\/Darwinia-Enemies-Virii-5.jpg",470,294,false],"2048x2048":["https:\/\/darwinia.standardof.net\/wp-content\/uploads\/sites\/7\/2020\/10\/Darwinia-Enemies-Virii-5.jpg",470,294,false],"trp-custom-language-flag":["https:\/\/darwinia.standardof.net\/wp-content\/uploads\/sites\/7\/2020\/10\/Darwinia-Enemies-Virii-5-16x10.jpg",16,10,true]},"uagb_author_info":{"display_name":"SOE","author_link":"https:\/\/darwinia.standardof.net\/fr\/author\/k-tastic\/"},"uagb_comment_info":0,"uagb_excerpt":"The Virii are the red triangular shaped creatures often found wandering given areas in tightly packed groups. These are the weakest of the enemy types and most often seen, and the first seen upon beginning a new game in Darwinia. These enemies are spawned from other viruses, such as the Triffid Eggs and Spore Generator&hellip;","_links":{"self":[{"href":"https:\/\/darwinia.standardof.net\/fr\/wp-json\/wp\/v2\/pages\/206"}],"collection":[{"href":"https:\/\/darwinia.standardof.net\/fr\/wp-json\/wp\/v2\/pages"}],"about":[{"href":"https:\/\/darwinia.standardof.net\/fr\/wp-json\/wp\/v2\/types\/page"}],"author":[{"embeddable":true,"href":"https:\/\/darwinia.standardof.net\/fr\/wp-json\/wp\/v2\/users\/1"}],"replies":[{"embeddable":true,"href":"https:\/\/darwinia.standardof.net\/fr\/wp-json\/wp\/v2\/comments?post=206"}],"version-history":[{"count":0,"href":"https:\/\/darwinia.standardof.net\/fr\/wp-json\/wp\/v2\/pages\/206\/revisions"}],"up":[{"embeddable":true,"href":"https:\/\/darwinia.standardof.net\/fr\/wp-json\/wp\/v2\/pages\/190"}],"wp:featuredmedia":[{"embeddable":true,"href":"https:\/\/darwinia.standardof.net\/fr\/wp-json\/wp\/v2\/media\/84"}],"wp:attachment":[{"href":"https:\/\/darwinia.standardof.net\/fr\/wp-json\/wp\/v2\/media?parent=206"}],"curies":[{"name":"wp","href":"https:\/\/api.w.org\/{rel}","templated":true}]}}