{"id":203,"date":"2020-10-29T16:17:10","date_gmt":"2020-10-29T16:17:10","guid":{"rendered":"https:\/\/darwinia.standardof.net\/?page_id=203"},"modified":"2020-10-29T16:17:31","modified_gmt":"2020-10-29T16:17:31","slug":"triffid","status":"publish","type":"page","link":"https:\/\/darwinia.standardof.net\/fr\/guide\/ennemis\/triffide\/","title":{"rendered":"Triffide"},"content":{"rendered":"<figure class=\"wp-block-gallery columns-3 is-cropped wp-block-gallery-1 is-layout-flex wp-block-gallery-is-layout-flex\"><ul class=\"blocks-gallery-grid\"><li class=\"blocks-gallery-item\"><figure><a href=\"https:\/\/darwinia.standardof.net\/fr\/darwinia-enemies-triffid-5\/\"><img decoding=\"async\" width=\"470\" height=\"264\" src=\"https:\/\/darwinia.standardof.net\/wp-content\/uploads\/sites\/7\/2020\/10\/Darwinia-Enemies-Triffid-5.jpg\" alt=\"\" data-id=\"79\" data-full-url=\"https:\/\/darwinia.standardof.net\/wp-content\/uploads\/sites\/7\/2020\/10\/Darwinia-Enemies-Triffid-5.jpg\" data-link=\"https:\/\/darwinia.standardof.net\/darwinia-enemies-triffid-5\/\" class=\"wp-image-79\" srcset=\"https:\/\/darwinia.standardof.net\/wp-content\/uploads\/sites\/7\/2020\/10\/Darwinia-Enemies-Triffid-5.jpg 470w, https:\/\/darwinia.standardof.net\/wp-content\/uploads\/sites\/7\/2020\/10\/Darwinia-Enemies-Triffid-5-200x112.jpg 200w, https:\/\/darwinia.standardof.net\/wp-content\/uploads\/sites\/7\/2020\/10\/Darwinia-Enemies-Triffid-5-16x9.jpg 16w\" sizes=\"(max-width: 470px) 100vw, 470px\" \/><\/a><\/figure><\/li><li class=\"blocks-gallery-item\"><figure><a href=\"https:\/\/darwinia.standardof.net\/fr\/darwinia-enemies-triffid-4\/\"><img decoding=\"async\" width=\"470\" height=\"297\" src=\"https:\/\/darwinia.standardof.net\/wp-content\/uploads\/sites\/7\/2020\/10\/Darwinia-Enemies-Triffid-4.jpg\" alt=\"\" data-id=\"78\" data-full-url=\"https:\/\/darwinia.standardof.net\/wp-content\/uploads\/sites\/7\/2020\/10\/Darwinia-Enemies-Triffid-4.jpg\" data-link=\"https:\/\/darwinia.standardof.net\/darwinia-enemies-triffid-4\/\" class=\"wp-image-78\" srcset=\"https:\/\/darwinia.standardof.net\/wp-content\/uploads\/sites\/7\/2020\/10\/Darwinia-Enemies-Triffid-4.jpg 470w, https:\/\/darwinia.standardof.net\/wp-content\/uploads\/sites\/7\/2020\/10\/Darwinia-Enemies-Triffid-4-200x126.jpg 200w, https:\/\/darwinia.standardof.net\/wp-content\/uploads\/sites\/7\/2020\/10\/Darwinia-Enemies-Triffid-4-16x10.jpg 16w\" sizes=\"(max-width: 470px) 100vw, 470px\" \/><\/a><\/figure><\/li><li class=\"blocks-gallery-item\"><figure><a href=\"https:\/\/darwinia.standardof.net\/fr\/darwinia-enemies-triffid-3\/\"><img decoding=\"async\" width=\"470\" height=\"307\" src=\"https:\/\/darwinia.standardof.net\/wp-content\/uploads\/sites\/7\/2020\/10\/Darwinia-Enemies-Triffid-3.jpg\" alt=\"\" data-id=\"77\" data-full-url=\"https:\/\/darwinia.standardof.net\/wp-content\/uploads\/sites\/7\/2020\/10\/Darwinia-Enemies-Triffid-3.jpg\" data-link=\"https:\/\/darwinia.standardof.net\/darwinia-enemies-triffid-3\/\" class=\"wp-image-77\" srcset=\"https:\/\/darwinia.standardof.net\/wp-content\/uploads\/sites\/7\/2020\/10\/Darwinia-Enemies-Triffid-3.jpg 470w, https:\/\/darwinia.standardof.net\/wp-content\/uploads\/sites\/7\/2020\/10\/Darwinia-Enemies-Triffid-3-200x131.jpg 200w, https:\/\/darwinia.standardof.net\/wp-content\/uploads\/sites\/7\/2020\/10\/Darwinia-Enemies-Triffid-3-16x10.jpg 16w\" sizes=\"(max-width: 470px) 100vw, 470px\" \/><\/a><\/figure><\/li><li class=\"blocks-gallery-item\"><figure><a href=\"https:\/\/darwinia.standardof.net\/fr\/darwinia-enemies-triffid-2\/\"><img decoding=\"async\" width=\"470\" height=\"289\" src=\"https:\/\/darwinia.standardof.net\/wp-content\/uploads\/sites\/7\/2020\/10\/Darwinia-Enemies-Triffid-2.jpg\" alt=\"\" data-id=\"76\" data-full-url=\"https:\/\/darwinia.standardof.net\/wp-content\/uploads\/sites\/7\/2020\/10\/Darwinia-Enemies-Triffid-2.jpg\" data-link=\"https:\/\/darwinia.standardof.net\/darwinia-enemies-triffid-2\/\" class=\"wp-image-76\" srcset=\"https:\/\/darwinia.standardof.net\/wp-content\/uploads\/sites\/7\/2020\/10\/Darwinia-Enemies-Triffid-2.jpg 470w, https:\/\/darwinia.standardof.net\/wp-content\/uploads\/sites\/7\/2020\/10\/Darwinia-Enemies-Triffid-2-200x123.jpg 200w, https:\/\/darwinia.standardof.net\/wp-content\/uploads\/sites\/7\/2020\/10\/Darwinia-Enemies-Triffid-2-16x10.jpg 16w\" sizes=\"(max-width: 470px) 100vw, 470px\" \/><\/a><\/figure><\/li><li class=\"blocks-gallery-item\"><figure><a href=\"https:\/\/darwinia.standardof.net\/fr\/darwinia-enemies-triffid-1\/\"><img decoding=\"async\" width=\"470\" height=\"262\" src=\"https:\/\/darwinia.standardof.net\/wp-content\/uploads\/sites\/7\/2020\/10\/Darwinia-Enemies-Triffid-1.jpg\" alt=\"\" data-id=\"75\" data-full-url=\"https:\/\/darwinia.standardof.net\/wp-content\/uploads\/sites\/7\/2020\/10\/Darwinia-Enemies-Triffid-1.jpg\" data-link=\"https:\/\/darwinia.standardof.net\/darwinia-enemies-triffid-1\/\" class=\"wp-image-75\" srcset=\"https:\/\/darwinia.standardof.net\/wp-content\/uploads\/sites\/7\/2020\/10\/Darwinia-Enemies-Triffid-1.jpg 470w, https:\/\/darwinia.standardof.net\/wp-content\/uploads\/sites\/7\/2020\/10\/Darwinia-Enemies-Triffid-1-200x111.jpg 200w, https:\/\/darwinia.standardof.net\/wp-content\/uploads\/sites\/7\/2020\/10\/Darwinia-Enemies-Triffid-1-16x9.jpg 16w\" sizes=\"(max-width: 470px) 100vw, 470px\" \/><\/a><\/figure><\/li><\/ul><\/figure>\n\n\n\n<p>Les triffid\u00e9s sont un type de virus unique <em>Darwinia<\/em> en ce qu&#039;il n&#039;est ni capable de se d\u00e9placer, ni d&#039;attaquer directement vos unit\u00e9s. Ces virus en forme de fleur de cloche se trouvent g\u00e9n\u00e9ralement dans les zones difficiles d&#039;acc\u00e8s, o\u00f9 se balancent avec d\u00e9sinvolture dans le vent. Lorsqu&#039;ils d\u00e9tectent des intrus sur la carte, ils commencent \u00e0 vous causer des maux de t\u00eate en lan\u00e7ant des objets en forme d&#039;oeuf rouge, plus gros et rouge opaque par rapport aux \u0153ufs Spore Generator, qui volent sur la carte, g\u00e9n\u00e9ralement \u00e0 proximit\u00e9 de vos unit\u00e9s.<\/p>\n\n\n\n<p>Ces \u0153ufs tir\u00e9s par le Triffid pondent g\u00e9n\u00e9ralement sur la terre pendant quelques instants avant de se casser pour r\u00e9v\u00e9ler soit un lot de Virii, un <strong>Mille-Pattes <\/strong>ou un <strong>Araign\u00e9e<\/strong>. Cela peut s&#039;av\u00e9rer tr\u00e8s dangereux, en particulier lorsqu&#039;une araign\u00e9e est rel\u00e2ch\u00e9e, car elle peut \u00eatre envoy\u00e9e dans des zones importantes sous votre contr\u00f4le, mais l\u00e9g\u00e8rement d\u00e9fendues. Pour cette raison, il est extr\u00eamement important d&#039;\u00e9liminer les Triffides \u00e0 un niveau le plus t\u00f4t possible, par tous les moyens que vous pouvez trouver. Ils peuvent \u00eatre endommag\u00e9s par n&#039;importe quelle arme, mais il est g\u00e9n\u00e9ralement pr\u00e9f\u00e9rable de les atteindre soit par la grenade, soit par l&#039;actionnement manuel de la tourelle blind\u00e9e, car <strong>Darwiniens <\/strong>l&#039;utilisation de la tourelle ne tire pas sur les Triffides par eux-m\u00eames.<\/p>\n\n\n\n<p>Lors de la destruction d&#039;un Triffid, il commencera \u00e0 d\u00e9p\u00e9rir \u00e0 mesure qu&#039;il se tord et se tord, mais il lancera toujours un dernier \u0153uf juste pour vous contrarier, et il n&#039;atterrira probablement pas quelque part que vous le souhaitez. Les \u0153ufs semblent immunis\u00e9s contre <strong>lasers<\/strong>, mais peut \u00eatre d\u00e9truit avant que le virus \u00e0 l&#039;int\u00e9rieur n&#039;ait le temps d&#039;\u00e9clore et d&#039;attaquer vos forces par quelques explosions bien plac\u00e9es ou par le tir de l&#039;arme de la tourelle.<\/p>","protected":false},"excerpt":{"rendered":"<p>Triffids are a unique type of virus in Darwinia in that it neither is capable of moving, nor attacking your units directly. These bell flower shaped viruses typically are found in hard to reach high up areas, where the sway casually in the wind. When they detect intruders on the map, they begin to cause [&hellip;]<\/p>","protected":false},"author":1,"featured_media":79,"parent":190,"menu_order":0,"comment_status":"open","ping_status":"closed","template":"","meta":{"_uag_custom_page_level_css":"","site-sidebar-layout":"default","site-content-layout":"default","ast-site-content-layout":"","site-content-style":"default","site-sidebar-style":"default","ast-global-header-display":"","ast-banner-title-visibility":"","ast-main-header-display":"","ast-hfb-above-header-display":"","ast-hfb-below-header-display":"","ast-hfb-mobile-header-display":"","site-post-title":"","ast-breadcrumbs-content":"","ast-featured-img":"","footer-sml-layout":"","theme-transparent-header-meta":"default","adv-header-id-meta":"","stick-header-meta":"","header-above-stick-meta":"","header-main-stick-meta":"","header-below-stick-meta":"","astra-migrate-meta-layouts":"default","ast-page-background-enabled":"default","ast-page-background-meta":{"desktop":{"background-color":"","background-image":"","background-repeat":"repeat","background-position":"center center","background-size":"auto","background-attachment":"scroll","background-type":"","background-media":"","overlay-type":"","overlay-color":"","overlay-gradient":""},"tablet":{"background-color":"","background-image":"","background-repeat":"repeat","background-position":"center center","background-size":"auto","background-attachment":"scroll","background-type":"","background-media":"","overlay-type":"","overlay-color":"","overlay-gradient":""},"mobile":{"background-color":"","background-image":"","background-repeat":"repeat","background-position":"center center","background-size":"auto","background-attachment":"scroll","background-type":"","background-media":"","overlay-type":"","overlay-color":"","overlay-gradient":""}},"ast-content-background-meta":{"desktop":{"background-color":"var(--ast-global-color-5)","background-image":"","background-repeat":"repeat","background-position":"center center","background-size":"auto","background-attachment":"scroll","background-type":"","background-media":"","overlay-type":"","overlay-color":"","overlay-gradient":""},"tablet":{"background-color":"var(--ast-global-color-5)","background-image":"","background-repeat":"repeat","background-position":"center center","background-size":"auto","background-attachment":"scroll","background-type":"","background-media":"","overlay-type":"","overlay-color":"","overlay-gradient":""},"mobile":{"background-color":"var(--ast-global-color-5)","background-image":"","background-repeat":"repeat","background-position":"center center","background-size":"auto","background-attachment":"scroll","background-type":"","background-media":"","overlay-type":"","overlay-color":"","overlay-gradient":""}},"footnotes":""},"uagb_featured_image_src":{"full":["https:\/\/darwinia.standardof.net\/wp-content\/uploads\/sites\/7\/2020\/10\/Darwinia-Enemies-Triffid-5.jpg",470,264,false],"thumbnail":["https:\/\/darwinia.standardof.net\/wp-content\/uploads\/sites\/7\/2020\/10\/Darwinia-Enemies-Triffid-5-200x112.jpg",200,112,true],"medium":["https:\/\/darwinia.standardof.net\/wp-content\/uploads\/sites\/7\/2020\/10\/Darwinia-Enemies-Triffid-5.jpg",470,264,false],"medium_large":["https:\/\/darwinia.standardof.net\/wp-content\/uploads\/sites\/7\/2020\/10\/Darwinia-Enemies-Triffid-5.jpg",470,264,false],"large":["https:\/\/darwinia.standardof.net\/wp-content\/uploads\/sites\/7\/2020\/10\/Darwinia-Enemies-Triffid-5.jpg",470,264,false],"1536x1536":["https:\/\/darwinia.standardof.net\/wp-content\/uploads\/sites\/7\/2020\/10\/Darwinia-Enemies-Triffid-5.jpg",470,264,false],"2048x2048":["https:\/\/darwinia.standardof.net\/wp-content\/uploads\/sites\/7\/2020\/10\/Darwinia-Enemies-Triffid-5.jpg",470,264,false],"trp-custom-language-flag":["https:\/\/darwinia.standardof.net\/wp-content\/uploads\/sites\/7\/2020\/10\/Darwinia-Enemies-Triffid-5-16x9.jpg",16,9,true]},"uagb_author_info":{"display_name":"SOE","author_link":"https:\/\/darwinia.standardof.net\/fr\/author\/k-tastic\/"},"uagb_comment_info":0,"uagb_excerpt":"Triffids are a unique type of virus in Darwinia in that it neither is capable of moving, nor attacking your units directly. These bell flower shaped viruses typically are found in hard to reach high up areas, where the sway casually in the wind. When they detect intruders on the map, they begin to cause&hellip;","_links":{"self":[{"href":"https:\/\/darwinia.standardof.net\/fr\/wp-json\/wp\/v2\/pages\/203"}],"collection":[{"href":"https:\/\/darwinia.standardof.net\/fr\/wp-json\/wp\/v2\/pages"}],"about":[{"href":"https:\/\/darwinia.standardof.net\/fr\/wp-json\/wp\/v2\/types\/page"}],"author":[{"embeddable":true,"href":"https:\/\/darwinia.standardof.net\/fr\/wp-json\/wp\/v2\/users\/1"}],"replies":[{"embeddable":true,"href":"https:\/\/darwinia.standardof.net\/fr\/wp-json\/wp\/v2\/comments?post=203"}],"version-history":[{"count":0,"href":"https:\/\/darwinia.standardof.net\/fr\/wp-json\/wp\/v2\/pages\/203\/revisions"}],"up":[{"embeddable":true,"href":"https:\/\/darwinia.standardof.net\/fr\/wp-json\/wp\/v2\/pages\/190"}],"wp:featuredmedia":[{"embeddable":true,"href":"https:\/\/darwinia.standardof.net\/fr\/wp-json\/wp\/v2\/media\/79"}],"wp:attachment":[{"href":"https:\/\/darwinia.standardof.net\/fr\/wp-json\/wp\/v2\/media?parent=203"}],"curies":[{"name":"wp","href":"https:\/\/api.w.org\/{rel}","templated":true}]}}