{"id":197,"date":"2020-10-29T16:10:23","date_gmt":"2020-10-29T16:10:23","guid":{"rendered":"https:\/\/darwinia.standardof.net\/?page_id=197"},"modified":"2020-10-29T16:10:23","modified_gmt":"2020-10-29T16:10:23","slug":"soul-destroyer","status":"publish","type":"page","link":"https:\/\/darwinia.standardof.net\/fr\/guide\/ennemis\/destructeur-dames\/","title":{"rendered":"Destructeur d&#039;\u00e2mes"},"content":{"rendered":"<figure class=\"wp-block-gallery aligncenter columns-3 is-cropped wp-block-gallery-1 is-layout-flex wp-block-gallery-is-layout-flex\"><ul class=\"blocks-gallery-grid\"><li class=\"blocks-gallery-item\"><figure><a href=\"https:\/\/darwinia.standardof.net\/fr\/darwinia-enemies-soul-destroyer-5\/\"><img decoding=\"async\" width=\"470\" height=\"294\" src=\"https:\/\/darwinia.standardof.net\/wp-content\/uploads\/sites\/7\/2020\/10\/Darwinia-Enemies-Soul-Destroyer-5.jpg\" alt=\"\" data-id=\"64\" data-full-url=\"https:\/\/darwinia.standardof.net\/wp-content\/uploads\/sites\/7\/2020\/10\/Darwinia-Enemies-Soul-Destroyer-5.jpg\" data-link=\"https:\/\/darwinia.standardof.net\/darwinia-enemies-soul-destroyer-5\/\" class=\"wp-image-64\" srcset=\"https:\/\/darwinia.standardof.net\/wp-content\/uploads\/sites\/7\/2020\/10\/Darwinia-Enemies-Soul-Destroyer-5.jpg 470w, https:\/\/darwinia.standardof.net\/wp-content\/uploads\/sites\/7\/2020\/10\/Darwinia-Enemies-Soul-Destroyer-5-200x125.jpg 200w, https:\/\/darwinia.standardof.net\/wp-content\/uploads\/sites\/7\/2020\/10\/Darwinia-Enemies-Soul-Destroyer-5-16x10.jpg 16w\" sizes=\"(max-width: 470px) 100vw, 470px\" \/><\/a><\/figure><\/li><li class=\"blocks-gallery-item\"><figure><a href=\"https:\/\/darwinia.standardof.net\/fr\/darwinia-enemies-soul-destroyer-4\/\"><img decoding=\"async\" width=\"470\" height=\"294\" src=\"https:\/\/darwinia.standardof.net\/wp-content\/uploads\/sites\/7\/2020\/10\/Darwinia-Enemies-Soul-Destroyer-4.jpg\" alt=\"\" data-id=\"63\" data-full-url=\"https:\/\/darwinia.standardof.net\/wp-content\/uploads\/sites\/7\/2020\/10\/Darwinia-Enemies-Soul-Destroyer-4.jpg\" data-link=\"https:\/\/darwinia.standardof.net\/darwinia-enemies-soul-destroyer-4\/\" class=\"wp-image-63\" srcset=\"https:\/\/darwinia.standardof.net\/wp-content\/uploads\/sites\/7\/2020\/10\/Darwinia-Enemies-Soul-Destroyer-4.jpg 470w, https:\/\/darwinia.standardof.net\/wp-content\/uploads\/sites\/7\/2020\/10\/Darwinia-Enemies-Soul-Destroyer-4-200x125.jpg 200w, https:\/\/darwinia.standardof.net\/wp-content\/uploads\/sites\/7\/2020\/10\/Darwinia-Enemies-Soul-Destroyer-4-16x10.jpg 16w\" sizes=\"(max-width: 470px) 100vw, 470px\" \/><\/a><\/figure><\/li><li class=\"blocks-gallery-item\"><figure><a href=\"https:\/\/darwinia.standardof.net\/fr\/darwinia-enemies-soul-destroyer-3\/\"><img decoding=\"async\" width=\"470\" height=\"294\" src=\"https:\/\/darwinia.standardof.net\/wp-content\/uploads\/sites\/7\/2020\/10\/Darwinia-Enemies-Soul-Destroyer-3.jpg\" alt=\"\" data-id=\"62\" data-full-url=\"https:\/\/darwinia.standardof.net\/wp-content\/uploads\/sites\/7\/2020\/10\/Darwinia-Enemies-Soul-Destroyer-3.jpg\" data-link=\"https:\/\/darwinia.standardof.net\/darwinia-enemies-soul-destroyer-3\/\" class=\"wp-image-62\" srcset=\"https:\/\/darwinia.standardof.net\/wp-content\/uploads\/sites\/7\/2020\/10\/Darwinia-Enemies-Soul-Destroyer-3.jpg 470w, https:\/\/darwinia.standardof.net\/wp-content\/uploads\/sites\/7\/2020\/10\/Darwinia-Enemies-Soul-Destroyer-3-200x125.jpg 200w, https:\/\/darwinia.standardof.net\/wp-content\/uploads\/sites\/7\/2020\/10\/Darwinia-Enemies-Soul-Destroyer-3-16x10.jpg 16w\" sizes=\"(max-width: 470px) 100vw, 470px\" \/><\/a><\/figure><\/li><li class=\"blocks-gallery-item\"><figure><a href=\"https:\/\/darwinia.standardof.net\/fr\/darwinia-enemies-soul-destroyer-2\/\"><img decoding=\"async\" width=\"470\" height=\"294\" src=\"https:\/\/darwinia.standardof.net\/wp-content\/uploads\/sites\/7\/2020\/10\/Darwinia-Enemies-Soul-Destroyer-2.jpg\" alt=\"\" data-id=\"61\" data-full-url=\"https:\/\/darwinia.standardof.net\/wp-content\/uploads\/sites\/7\/2020\/10\/Darwinia-Enemies-Soul-Destroyer-2.jpg\" data-link=\"https:\/\/darwinia.standardof.net\/darwinia-enemies-soul-destroyer-2\/\" class=\"wp-image-61\" srcset=\"https:\/\/darwinia.standardof.net\/wp-content\/uploads\/sites\/7\/2020\/10\/Darwinia-Enemies-Soul-Destroyer-2.jpg 470w, https:\/\/darwinia.standardof.net\/wp-content\/uploads\/sites\/7\/2020\/10\/Darwinia-Enemies-Soul-Destroyer-2-200x125.jpg 200w, https:\/\/darwinia.standardof.net\/wp-content\/uploads\/sites\/7\/2020\/10\/Darwinia-Enemies-Soul-Destroyer-2-16x10.jpg 16w\" sizes=\"(max-width: 470px) 100vw, 470px\" \/><\/a><\/figure><\/li><li class=\"blocks-gallery-item\"><figure><a href=\"https:\/\/darwinia.standardof.net\/fr\/darwinia-enemies-soul-destroyer-1\/\"><img decoding=\"async\" width=\"470\" height=\"294\" src=\"https:\/\/darwinia.standardof.net\/wp-content\/uploads\/sites\/7\/2020\/10\/Darwinia-Enemies-Soul-Destroyer-1.jpg\" alt=\"\" data-id=\"60\" data-full-url=\"https:\/\/darwinia.standardof.net\/wp-content\/uploads\/sites\/7\/2020\/10\/Darwinia-Enemies-Soul-Destroyer-1.jpg\" data-link=\"https:\/\/darwinia.standardof.net\/darwinia-enemies-soul-destroyer-1\/\" class=\"wp-image-60\" srcset=\"https:\/\/darwinia.standardof.net\/wp-content\/uploads\/sites\/7\/2020\/10\/Darwinia-Enemies-Soul-Destroyer-1.jpg 470w, https:\/\/darwinia.standardof.net\/wp-content\/uploads\/sites\/7\/2020\/10\/Darwinia-Enemies-Soul-Destroyer-1-200x125.jpg 200w, https:\/\/darwinia.standardof.net\/wp-content\/uploads\/sites\/7\/2020\/10\/Darwinia-Enemies-Soul-Destroyer-1-16x10.jpg 16w\" sizes=\"(max-width: 470px) 100vw, 470px\" \/><\/a><\/figure><\/li><\/ul><\/figure>\n\n\n\n<p><a href=\"http:\/\/darwinia.standardof.net\/fr\/files\/2011\/09\/470_1517416.jpg\/\"><\/a>Les destructeurs d&#039;\u00e2mes sont sans aucun doute l&#039;ennemi le plus dangereux \u00e0 l&#039;int\u00e9rieur <em>Darwinia.<\/em> Ces monstruosit\u00e9s volantes ressemblent beaucoup \u00e0 un <strong>Mille-Pattes<\/strong>, sauf plusieurs fois la taille et un look beaucoup plus mena\u00e7ant. Ces types de virus sont le type le plus rare vu, apr\u00e8s <strong>Triffides<\/strong>, mais ce sont les plus difficiles \u00e0 \u00e9liminer. Ces cr\u00e9atures ressemblant \u00e0 des dragons volent dans les airs, s&#039;enroulant sur une portion de terre donn\u00e9e dont elles ne s&#039;\u00e9loignent pas, sauf pour attaquer puis revenir sur la destruction des cibles.<\/p>\n\n\n\n<p><a href=\"http:\/\/darwinia.standardof.net\/fr\/files\/2011\/09\/470_1517418.jpg\/\"><\/a>La menace la plus puissante des Soul Destroyers qu&#039;aucun autre ennemi ne peut \u00e9galer <em>Darwinia<\/em>, est-ce que quand ils tuent un <strong>darwinien<\/strong>, aucune \u00e2me n&#039;est laiss\u00e9e pour compte, car l&#039;esprit num\u00e9rique qui habitait le corps est vaincu avec la forme physique, emp\u00eachant la r\u00e9incarnation. Cet effet provoque une grande perturbation au sein de la communaut\u00e9 darwinienne survivante, car ils n&#039;ont jamais vraiment connu la mort auparavant, car ils se r\u00e9incarnent toujours autrement. Ceci est vu dans le jeu par des \u00abfant\u00f4mes\u00bb blancs en forme de Darwiniens qui apparaissent bri\u00e8vement l\u00e0 o\u00f9 on est tomb\u00e9 face \u00e0 un Soul Destroyer.<\/p>\n\n\n\n<p><a href=\"http:\/\/darwinia.standardof.net\/fr\/files\/2011\/09\/470_1517420.jpg\/\"><\/a>En raison de la nature rapide du Soul Destroyer et de ses capacit\u00e9s de vol, il est incroyablement difficile \u00e0 abattre avec votre <strong>lasers <\/strong>ou armes secondaires. La m\u00e9thode la plus efficace est la <strong>Armure <\/strong>tourelle, qui peut \u00eatre pilot\u00e9e par des Darwiniens ou contr\u00f4l\u00e9e par vous-m\u00eame si elle est habit\u00e9e, pour tirer directement sur le Soul Destroyer alors qu&#039;il vole dans les airs, au lieu d&#039;attendre qu&#039;il plonge vers le sol et d&#039;esp\u00e9rer que vous l&#039;attrapez dans une onde de souffle. Le dernier point \u00e0 noter, c&#039;est que bien qu&#039;il ait la m\u00eame forme segment\u00e9e que le Centipede, le Soul Destroyer existe et meurt en tant qu&#039;entit\u00e9 unique, donc il ne se divisera pas en attaquant des segments.<\/p>","protected":false},"excerpt":{"rendered":"<p>Soul Destroyers are the most dangerous enemy without a doubt within Darwinia. These flying monstrosities look much like a Centipede, except several times the size and much more menacing looking. These virus types are the rarest type seen, second to Triffids, but they are the hardest to take down. These dragon like creatures fly through [&hellip;]<\/p>","protected":false},"author":1,"featured_media":63,"parent":190,"menu_order":0,"comment_status":"open","ping_status":"closed","template":"","meta":{"_uag_custom_page_level_css":"","site-sidebar-layout":"default","site-content-layout":"default","ast-site-content-layout":"","site-content-style":"default","site-sidebar-style":"default","ast-global-header-display":"","ast-banner-title-visibility":"","ast-main-header-display":"","ast-hfb-above-header-display":"","ast-hfb-below-header-display":"","ast-hfb-mobile-header-display":"","site-post-title":"","ast-breadcrumbs-content":"","ast-featured-img":"","footer-sml-layout":"","theme-transparent-header-meta":"default","adv-header-id-meta":"","stick-header-meta":"","header-above-stick-meta":"","header-main-stick-meta":"","header-below-stick-meta":"","astra-migrate-meta-layouts":"default","ast-page-background-enabled":"default","ast-page-background-meta":{"desktop":{"background-color":"","background-image":"","background-repeat":"repeat","background-position":"center center","background-size":"auto","background-attachment":"scroll","background-type":"","background-media":"","overlay-type":"","overlay-color":"","overlay-gradient":""},"tablet":{"background-color":"","background-image":"","background-repeat":"repeat","background-position":"center center","background-size":"auto","background-attachment":"scroll","background-type":"","background-media":"","overlay-type":"","overlay-color":"","overlay-gradient":""},"mobile":{"background-color":"","background-image":"","background-repeat":"repeat","background-position":"center center","background-size":"auto","background-attachment":"scroll","background-type":"","background-media":"","overlay-type":"","overlay-color":"","overlay-gradient":""}},"ast-content-background-meta":{"desktop":{"background-color":"var(--ast-global-color-5)","background-image":"","background-repeat":"repeat","background-position":"center center","background-size":"auto","background-attachment":"scroll","background-type":"","background-media":"","overlay-type":"","overlay-color":"","overlay-gradient":""},"tablet":{"background-color":"var(--ast-global-color-5)","background-image":"","background-repeat":"repeat","background-position":"center center","background-size":"auto","background-attachment":"scroll","background-type":"","background-media":"","overlay-type":"","overlay-color":"","overlay-gradient":""},"mobile":{"background-color":"var(--ast-global-color-5)","background-image":"","background-repeat":"repeat","background-position":"center center","background-size":"auto","background-attachment":"scroll","background-type":"","background-media":"","overlay-type":"","overlay-color":"","overlay-gradient":""}},"footnotes":""},"uagb_featured_image_src":{"full":["https:\/\/darwinia.standardof.net\/wp-content\/uploads\/sites\/7\/2020\/10\/Darwinia-Enemies-Soul-Destroyer-4.jpg",470,294,false],"thumbnail":["https:\/\/darwinia.standardof.net\/wp-content\/uploads\/sites\/7\/2020\/10\/Darwinia-Enemies-Soul-Destroyer-4-200x125.jpg",200,125,true],"medium":["https:\/\/darwinia.standardof.net\/wp-content\/uploads\/sites\/7\/2020\/10\/Darwinia-Enemies-Soul-Destroyer-4.jpg",470,294,false],"medium_large":["https:\/\/darwinia.standardof.net\/wp-content\/uploads\/sites\/7\/2020\/10\/Darwinia-Enemies-Soul-Destroyer-4.jpg",470,294,false],"large":["https:\/\/darwinia.standardof.net\/wp-content\/uploads\/sites\/7\/2020\/10\/Darwinia-Enemies-Soul-Destroyer-4.jpg",470,294,false],"1536x1536":["https:\/\/darwinia.standardof.net\/wp-content\/uploads\/sites\/7\/2020\/10\/Darwinia-Enemies-Soul-Destroyer-4.jpg",470,294,false],"2048x2048":["https:\/\/darwinia.standardof.net\/wp-content\/uploads\/sites\/7\/2020\/10\/Darwinia-Enemies-Soul-Destroyer-4.jpg",470,294,false],"trp-custom-language-flag":["https:\/\/darwinia.standardof.net\/wp-content\/uploads\/sites\/7\/2020\/10\/Darwinia-Enemies-Soul-Destroyer-4-16x10.jpg",16,10,true]},"uagb_author_info":{"display_name":"SOE","author_link":"https:\/\/darwinia.standardof.net\/fr\/author\/k-tastic\/"},"uagb_comment_info":0,"uagb_excerpt":"Soul Destroyers are the most dangerous enemy without a doubt within Darwinia. These flying monstrosities look much like a Centipede, except several times the size and much more menacing looking. These virus types are the rarest type seen, second to Triffids, but they are the hardest to take down. These dragon like creatures fly through&hellip;","_links":{"self":[{"href":"https:\/\/darwinia.standardof.net\/fr\/wp-json\/wp\/v2\/pages\/197"}],"collection":[{"href":"https:\/\/darwinia.standardof.net\/fr\/wp-json\/wp\/v2\/pages"}],"about":[{"href":"https:\/\/darwinia.standardof.net\/fr\/wp-json\/wp\/v2\/types\/page"}],"author":[{"embeddable":true,"href":"https:\/\/darwinia.standardof.net\/fr\/wp-json\/wp\/v2\/users\/1"}],"replies":[{"embeddable":true,"href":"https:\/\/darwinia.standardof.net\/fr\/wp-json\/wp\/v2\/comments?post=197"}],"version-history":[{"count":0,"href":"https:\/\/darwinia.standardof.net\/fr\/wp-json\/wp\/v2\/pages\/197\/revisions"}],"up":[{"embeddable":true,"href":"https:\/\/darwinia.standardof.net\/fr\/wp-json\/wp\/v2\/pages\/190"}],"wp:featuredmedia":[{"embeddable":true,"href":"https:\/\/darwinia.standardof.net\/fr\/wp-json\/wp\/v2\/media\/63"}],"wp:attachment":[{"href":"https:\/\/darwinia.standardof.net\/fr\/wp-json\/wp\/v2\/media?parent=197"}],"curies":[{"name":"wp","href":"https:\/\/api.w.org\/{rel}","templated":true}]}}