{"id":193,"date":"2020-10-28T23:09:11","date_gmt":"2020-10-28T23:09:11","guid":{"rendered":"https:\/\/darwinia.standardof.net\/?page_id=193"},"modified":"2020-10-28T23:09:12","modified_gmt":"2020-10-28T23:09:12","slug":"army-ant","status":"publish","type":"page","link":"https:\/\/darwinia.standardof.net\/fr\/guide\/ennemis\/fourmi-armee\/","title":{"rendered":"Fourmi de l&#039;arm\u00e9e"},"content":{"rendered":"<figure class=\"wp-block-gallery columns-4 is-cropped wp-block-gallery-1 is-layout-flex wp-block-gallery-is-layout-flex\"><ul class=\"blocks-gallery-grid\"><li class=\"blocks-gallery-item\"><figure><a href=\"https:\/\/darwinia.standardof.net\/fr\/darwinia-enemies-army-ant-4\/\"><img decoding=\"async\" width=\"470\" height=\"321\" src=\"https:\/\/darwinia.standardof.net\/wp-content\/uploads\/sites\/7\/2020\/10\/Darwinia-Enemies-Army-Ant-4.jpg\" alt=\"\" data-id=\"54\" data-full-url=\"https:\/\/darwinia.standardof.net\/wp-content\/uploads\/sites\/7\/2020\/10\/Darwinia-Enemies-Army-Ant-4.jpg\" data-link=\"https:\/\/darwinia.standardof.net\/darwinia-enemies-army-ant-4\/\" class=\"wp-image-54\" srcset=\"https:\/\/darwinia.standardof.net\/wp-content\/uploads\/sites\/7\/2020\/10\/Darwinia-Enemies-Army-Ant-4.jpg 470w, https:\/\/darwinia.standardof.net\/wp-content\/uploads\/sites\/7\/2020\/10\/Darwinia-Enemies-Army-Ant-4-200x137.jpg 200w, https:\/\/darwinia.standardof.net\/wp-content\/uploads\/sites\/7\/2020\/10\/Darwinia-Enemies-Army-Ant-4-16x12.jpg 16w\" sizes=\"(max-width: 470px) 100vw, 470px\" \/><\/a><\/figure><\/li><li class=\"blocks-gallery-item\"><figure><a href=\"https:\/\/darwinia.standardof.net\/fr\/darwinia-enemies-army-ant-3\/\"><img decoding=\"async\" width=\"470\" height=\"325\" src=\"https:\/\/darwinia.standardof.net\/wp-content\/uploads\/sites\/7\/2020\/10\/Darwinia-Enemies-Army-Ant-3.jpg\" alt=\"\" data-id=\"53\" data-full-url=\"https:\/\/darwinia.standardof.net\/wp-content\/uploads\/sites\/7\/2020\/10\/Darwinia-Enemies-Army-Ant-3.jpg\" data-link=\"https:\/\/darwinia.standardof.net\/darwinia-enemies-army-ant-3\/\" class=\"wp-image-53\" srcset=\"https:\/\/darwinia.standardof.net\/wp-content\/uploads\/sites\/7\/2020\/10\/Darwinia-Enemies-Army-Ant-3.jpg 470w, https:\/\/darwinia.standardof.net\/wp-content\/uploads\/sites\/7\/2020\/10\/Darwinia-Enemies-Army-Ant-3-200x138.jpg 200w, https:\/\/darwinia.standardof.net\/wp-content\/uploads\/sites\/7\/2020\/10\/Darwinia-Enemies-Army-Ant-3-16x12.jpg 16w\" sizes=\"(max-width: 470px) 100vw, 470px\" \/><\/a><\/figure><\/li><li class=\"blocks-gallery-item\"><figure><a href=\"https:\/\/darwinia.standardof.net\/fr\/darwinia-enemies-army-ant-2\/\"><img decoding=\"async\" width=\"470\" height=\"308\" src=\"https:\/\/darwinia.standardof.net\/wp-content\/uploads\/sites\/7\/2020\/10\/Darwinia-Enemies-Army-Ant-2.jpg\" alt=\"\" data-id=\"52\" data-full-url=\"https:\/\/darwinia.standardof.net\/wp-content\/uploads\/sites\/7\/2020\/10\/Darwinia-Enemies-Army-Ant-2.jpg\" data-link=\"https:\/\/darwinia.standardof.net\/darwinia-enemies-army-ant-2\/\" class=\"wp-image-52\" srcset=\"https:\/\/darwinia.standardof.net\/wp-content\/uploads\/sites\/7\/2020\/10\/Darwinia-Enemies-Army-Ant-2.jpg 470w, https:\/\/darwinia.standardof.net\/wp-content\/uploads\/sites\/7\/2020\/10\/Darwinia-Enemies-Army-Ant-2-200x131.jpg 200w, https:\/\/darwinia.standardof.net\/wp-content\/uploads\/sites\/7\/2020\/10\/Darwinia-Enemies-Army-Ant-2-16x10.jpg 16w\" sizes=\"(max-width: 470px) 100vw, 470px\" \/><\/a><\/figure><\/li><li class=\"blocks-gallery-item\"><figure><a href=\"https:\/\/darwinia.standardof.net\/fr\/darwinia-enemies-army-ant-1\/\"><img decoding=\"async\" width=\"470\" height=\"291\" src=\"https:\/\/darwinia.standardof.net\/wp-content\/uploads\/sites\/7\/2020\/10\/Darwinia-Enemies-Army-Ant-1.jpg\" alt=\"\" data-id=\"51\" data-full-url=\"https:\/\/darwinia.standardof.net\/wp-content\/uploads\/sites\/7\/2020\/10\/Darwinia-Enemies-Army-Ant-1.jpg\" data-link=\"https:\/\/darwinia.standardof.net\/darwinia-enemies-army-ant-1\/\" class=\"wp-image-51\" srcset=\"https:\/\/darwinia.standardof.net\/wp-content\/uploads\/sites\/7\/2020\/10\/Darwinia-Enemies-Army-Ant-1.jpg 470w, https:\/\/darwinia.standardof.net\/wp-content\/uploads\/sites\/7\/2020\/10\/Darwinia-Enemies-Army-Ant-1-200x124.jpg 200w, https:\/\/darwinia.standardof.net\/wp-content\/uploads\/sites\/7\/2020\/10\/Darwinia-Enemies-Army-Ant-1-16x10.jpg 16w\" sizes=\"(max-width: 470px) 100vw, 470px\" \/><\/a><\/figure><\/li><\/ul><\/figure>\n\n\n\n<p>La fourmi de l&#039;arm\u00e9e n&#039;existe que dans quelques niveaux <em>Darwinia<\/em>, bien que les niveaux dans lesquels ils se trouvent, ils sont l\u00e0 \u00e0 la pelle. Les fourmis militaires sont, comme leur nom l&#039;indique, des fourmis qui attaquent en grandes hordes qui crachent de grandes fourmili\u00e8res diss\u00e9min\u00e9es \u00e0 certains endroits sur une carte. Ils ont une vague d&#039;inondation comme la mentalit\u00e9, et ne sont rebut\u00e9s par aucune de vos attaques, bien qu&#039;ils soient distraits par des \u00e2mes l\u00e2ch\u00e9es. Leurs attaques sont bas\u00e9es sur la m\u00eal\u00e9e et ils doivent entrer en contact avec l&#039;une de vos unit\u00e9s pour lui causer des d\u00e9g\u00e2ts, mais ils choisissent toujours de ramasser les \u00e2mes plut\u00f4t que d&#039;attaquer.<\/p>\n\n\n\n<p>En fait, les fourmis de l&#039;arm\u00e9e <em>Darwinia<\/em> sont tr\u00e8s attir\u00e9s par les \u00e2mes, \u00e0 tel point que n&#039;importe quel groupe d&#039;\u00e2mes est s\u00fbr d&#039;attirer une terrible mar\u00e9e de fourmis militaires si elles se trouvent \u00e0 proximit\u00e9 de leurs nids. Cela peut garder les fourmis de l&#039;arm\u00e9e occup\u00e9es et vos forces \u00e0 l&#039;abri des attaques pendant que les fourmis collectent les \u00e2mes, mais finira par produire des fourmis suppl\u00e9mentaires lorsqu&#039;elles seront ramen\u00e9es sur la colline.<\/p>\n\n\n\n<p>La cl\u00e9 pour combattre avec succ\u00e8s les fourmis de l&#039;arm\u00e9e <em>Darwinia<\/em> est de couper une bande \u00e0 travers eux avec des explosifs puissants, tout en se dirigeant directement vers Ant Hill. D\u00e8s que vous avez un <strong>\u00c9quipe <\/strong>\u00e0 port\u00e9e, ou une tourelle \u00e9quip\u00e9e qui peut tirer sur la colline, concentrez-vous sur le faire.<\/p>\n\n\n\n<p>Les collines prennent un certain nombre de coups pour descendre, mais une fois qu&#039;elles ont fait, la source de la r\u00e9apparition de la fourmi est coup\u00e9e. Cela am\u00e8ne g\u00e9n\u00e9ralement des hordes de fourmis des collines voisines \u00e0 venir rassembler les masses d&#039;\u00e2mes souvent laiss\u00e9es derri\u00e8re une colline d\u00e9truite. Continuez \u00e0 les \u00e9liminer jusqu&#039;\u00e0 ce que vous \u00e9liminiez une colline sans autre \u00e0 proximit\u00e9, et rassemblez-vous une masse d&#039;\u00e2mes pour renforcer vos forces.<\/p>","protected":false},"excerpt":{"rendered":"<p>The Army Ant exists in only a few levels in Darwinia, although the levels they are in, they are there in spades. Army Ants are as their name suggests, ants that attack in large hordes that spew forth from large ant hills dotted about certain places in a map. They have a flooding wave like [&hellip;]<\/p>","protected":false},"author":1,"featured_media":51,"parent":190,"menu_order":0,"comment_status":"open","ping_status":"closed","template":"","meta":{"_uag_custom_page_level_css":"","site-sidebar-layout":"default","site-content-layout":"default","ast-site-content-layout":"","site-content-style":"default","site-sidebar-style":"default","ast-global-header-display":"","ast-banner-title-visibility":"","ast-main-header-display":"","ast-hfb-above-header-display":"","ast-hfb-below-header-display":"","ast-hfb-mobile-header-display":"","site-post-title":"","ast-breadcrumbs-content":"","ast-featured-img":"","footer-sml-layout":"","theme-transparent-header-meta":"default","adv-header-id-meta":"","stick-header-meta":"","header-above-stick-meta":"","header-main-stick-meta":"","header-below-stick-meta":"","astra-migrate-meta-layouts":"default","ast-page-background-enabled":"default","ast-page-background-meta":{"desktop":{"background-color":"","background-image":"","background-repeat":"repeat","background-position":"center center","background-size":"auto","background-attachment":"scroll","background-type":"","background-media":"","overlay-type":"","overlay-color":"","overlay-gradient":""},"tablet":{"background-color":"","background-image":"","background-repeat":"repeat","background-position":"center center","background-size":"auto","background-attachment":"scroll","background-type":"","background-media":"","overlay-type":"","overlay-color":"","overlay-gradient":""},"mobile":{"background-color":"","background-image":"","background-repeat":"repeat","background-position":"center center","background-size":"auto","background-attachment":"scroll","background-type":"","background-media":"","overlay-type":"","overlay-color":"","overlay-gradient":""}},"ast-content-background-meta":{"desktop":{"background-color":"var(--ast-global-color-5)","background-image":"","background-repeat":"repeat","background-position":"center center","background-size":"auto","background-attachment":"scroll","background-type":"","background-media":"","overlay-type":"","overlay-color":"","overlay-gradient":""},"tablet":{"background-color":"var(--ast-global-color-5)","background-image":"","background-repeat":"repeat","background-position":"center center","background-size":"auto","background-attachment":"scroll","background-type":"","background-media":"","overlay-type":"","overlay-color":"","overlay-gradient":""},"mobile":{"background-color":"var(--ast-global-color-5)","background-image":"","background-repeat":"repeat","background-position":"center center","background-size":"auto","background-attachment":"scroll","background-type":"","background-media":"","overlay-type":"","overlay-color":"","overlay-gradient":""}},"footnotes":""},"uagb_featured_image_src":{"full":["https:\/\/darwinia.standardof.net\/wp-content\/uploads\/sites\/7\/2020\/10\/Darwinia-Enemies-Army-Ant-1.jpg",470,291,false],"thumbnail":["https:\/\/darwinia.standardof.net\/wp-content\/uploads\/sites\/7\/2020\/10\/Darwinia-Enemies-Army-Ant-1-200x124.jpg",200,124,true],"medium":["https:\/\/darwinia.standardof.net\/wp-content\/uploads\/sites\/7\/2020\/10\/Darwinia-Enemies-Army-Ant-1.jpg",470,291,false],"medium_large":["https:\/\/darwinia.standardof.net\/wp-content\/uploads\/sites\/7\/2020\/10\/Darwinia-Enemies-Army-Ant-1.jpg",470,291,false],"large":["https:\/\/darwinia.standardof.net\/wp-content\/uploads\/sites\/7\/2020\/10\/Darwinia-Enemies-Army-Ant-1.jpg",470,291,false],"1536x1536":["https:\/\/darwinia.standardof.net\/wp-content\/uploads\/sites\/7\/2020\/10\/Darwinia-Enemies-Army-Ant-1.jpg",470,291,false],"2048x2048":["https:\/\/darwinia.standardof.net\/wp-content\/uploads\/sites\/7\/2020\/10\/Darwinia-Enemies-Army-Ant-1.jpg",470,291,false],"trp-custom-language-flag":["https:\/\/darwinia.standardof.net\/wp-content\/uploads\/sites\/7\/2020\/10\/Darwinia-Enemies-Army-Ant-1-16x10.jpg",16,10,true]},"uagb_author_info":{"display_name":"SOE","author_link":"https:\/\/darwinia.standardof.net\/fr\/author\/k-tastic\/"},"uagb_comment_info":0,"uagb_excerpt":"The Army Ant exists in only a few levels in Darwinia, although the levels they are in, they are there in spades. Army Ants are as their name suggests, ants that attack in large hordes that spew forth from large ant hills dotted about certain places in a map. They have a flooding wave like&hellip;","_links":{"self":[{"href":"https:\/\/darwinia.standardof.net\/fr\/wp-json\/wp\/v2\/pages\/193"}],"collection":[{"href":"https:\/\/darwinia.standardof.net\/fr\/wp-json\/wp\/v2\/pages"}],"about":[{"href":"https:\/\/darwinia.standardof.net\/fr\/wp-json\/wp\/v2\/types\/page"}],"author":[{"embeddable":true,"href":"https:\/\/darwinia.standardof.net\/fr\/wp-json\/wp\/v2\/users\/1"}],"replies":[{"embeddable":true,"href":"https:\/\/darwinia.standardof.net\/fr\/wp-json\/wp\/v2\/comments?post=193"}],"version-history":[{"count":0,"href":"https:\/\/darwinia.standardof.net\/fr\/wp-json\/wp\/v2\/pages\/193\/revisions"}],"up":[{"embeddable":true,"href":"https:\/\/darwinia.standardof.net\/fr\/wp-json\/wp\/v2\/pages\/190"}],"wp:featuredmedia":[{"embeddable":true,"href":"https:\/\/darwinia.standardof.net\/fr\/wp-json\/wp\/v2\/media\/51"}],"wp:attachment":[{"href":"https:\/\/darwinia.standardof.net\/fr\/wp-json\/wp\/v2\/media?parent=193"}],"curies":[{"name":"wp","href":"https:\/\/api.w.org\/{rel}","templated":true}]}}