{"id":190,"date":"2020-10-28T23:04:06","date_gmt":"2020-10-28T23:04:06","guid":{"rendered":"https:\/\/darwinia.standardof.net\/?page_id=190"},"modified":"2020-10-30T18:16:50","modified_gmt":"2020-10-30T18:16:50","slug":"enemies","status":"publish","type":"page","link":"https:\/\/darwinia.standardof.net\/fr\/guide\/ennemis\/","title":{"rendered":"Ennemis"},"content":{"rendered":"<div class=\"wp-block-group\"><div class=\"wp-block-group__inner-container is-layout-flow wp-block-group-is-layout-flow\">\n<div class=\"wp-block-group\"><div class=\"wp-block-group__inner-container is-layout-flow wp-block-group-is-layout-flow\">\n<div style=\"height:20px\" aria-hidden=\"true\" class=\"wp-block-spacer\"><\/div>\n<\/div><\/div>\n\n\n\n<div class=\"wp-block-cover alignwide has-background-dim\" style=\"background-image:url(https:\/\/darwinia.standardof.net\/wp-content\/uploads\/sites\/7\/2020\/10\/Darwinia-Enemies-Army-Ant-1.jpg);background-position:30% 70%;min-height:112px;aspect-ratio:unset;\"><div class=\"wp-block-cover__inner-container is-layout-flow wp-block-cover-is-layout-flow\">\n<h2 class=\"has-text-align-center has-huge-font-size wp-block-heading\"><strong><a href=\"https:\/\/darwinia.standardof.net\/fr\/guide\/ennemis\/fourmi-armee\/\" class=\"rank-math-link\">Fourmi de l&#039;arm\u00e9e<\/a><\/strong><\/h2>\n<\/div><\/div>\n\n\n\n<p>Seulement jamais trouv\u00e9 dans les environs de Ant Hills, mais toujours en nombre extraordinaire, ces ennemis attaquent en essaims massifs. Ils sont facilement distraits par des \u00e2mes flottantes et se pr\u00e9cipiteront pour les rassembler et les ramener dans leurs fourmili\u00e8res avant d&#039;attaquer vos unit\u00e9s, afin de g\u00e9n\u00e9rer plus de fourmis.<\/p>\n<\/div><\/div>\n\n\n\n<div class=\"wp-block-group\"><div class=\"wp-block-group__inner-container is-layout-flow wp-block-group-is-layout-flow\">\n<div class=\"wp-block-cover alignwide has-background-dim\" style=\"background-image:url(https:\/\/darwinia.standardof.net\/wp-content\/uploads\/sites\/7\/2020\/10\/Darwinia-Enemies-Centipede-1.jpg);background-position:54% 27%;min-height:112px;aspect-ratio:unset;\"><div class=\"wp-block-cover__inner-container is-layout-flow wp-block-cover-is-layout-flow\">\n<h2 class=\"has-text-align-center has-huge-font-size wp-block-heading\"><strong><a href=\"https:\/\/darwinia.standardof.net\/fr\/guide\/ennemis\/mille-pattes\/\" class=\"rank-math-link\">Mille-Pattes<\/a><\/strong><\/h2>\n<\/div><\/div>\n\n\n\n<p>Celles-ci sont consid\u00e9r\u00e9es comme des versions am\u00e9lior\u00e9es du Virii. Ils prennent plusieurs coups pour tuer, et doivent \u00eatre d\u00e9truits par segments. La destruction d&#039;un segment connectant deux autres entra\u00eenera la scission du Centipede en plusieurs virus o\u00f9 le segment a \u00e9t\u00e9 d\u00e9truit.<\/p>\n<\/div><\/div>\n\n\n\n<div class=\"wp-block-group\"><div class=\"wp-block-group__inner-container is-layout-flow wp-block-group-is-layout-flow\">\n<div class=\"wp-block-cover alignwide has-background-dim\" style=\"background-image:url(https:\/\/darwinia.standardof.net\/wp-content\/uploads\/sites\/7\/2020\/10\/Darwinia-Enemies-Soul-Destroyer-1.jpg);background-position:39% 22%;min-height:112px;aspect-ratio:unset;\"><div class=\"wp-block-cover__inner-container is-layout-flow wp-block-cover-is-layout-flow\">\n<h2 class=\"has-text-align-center has-huge-font-size wp-block-heading\"><strong><a href=\"https:\/\/darwinia.standardof.net\/fr\/guide\/ennemis\/destructeur-dames\/\" class=\"rank-math-link\">Destructeur d&#039;\u00e2mes<\/a><\/strong><\/h2>\n<\/div><\/div>\n\n\n\n<p>Ce sont les ennemis les plus dangereux du jeu. Ces cr\u00e9atures volantes sont difficiles \u00e0 toucher avec autre chose que la tourelle de combat (armure d\u00e9ploy\u00e9e) et ne laissent aucune \u00e2me derri\u00e8re les Darwiniens qu&#039;ils tuent.<\/p>\n<\/div><\/div>\n\n\n\n<div class=\"wp-block-group\"><div class=\"wp-block-group__inner-container is-layout-flow wp-block-group-is-layout-flow\">\n<div class=\"wp-block-cover alignwide has-background-dim\" style=\"background-image:url(https:\/\/darwinia.standardof.net\/wp-content\/uploads\/sites\/7\/2020\/10\/Darwinia-Enemies-Spider-1.jpg);min-height:112px;aspect-ratio:unset;\"><div class=\"wp-block-cover__inner-container is-layout-flow wp-block-cover-is-layout-flow\">\n<h2 class=\"has-text-align-center has-huge-font-size wp-block-heading\"><strong><a href=\"https:\/\/darwinia.standardof.net\/fr\/guide\/ennemis\/araignee\/\" class=\"rank-math-link\">Araign\u00e9e<\/a><\/strong><\/h2>\n<\/div><\/div>\n\n\n\n<p>Les araign\u00e9es sont des virus extr\u00eamement dangereux qui ne peuvent \u00eatre bless\u00e9s que par des explosifs. Ils sont capables de sauter sur vos unit\u00e9s pour les attaquer, et ne sont pas rebut\u00e9s par vos attaques destructrices comme certains autres virus comme le Centipede et le Spore Generator.<\/p>\n<\/div><\/div>\n\n\n\n<div class=\"wp-block-group\"><div class=\"wp-block-group__inner-container is-layout-flow wp-block-group-is-layout-flow\">\n<div class=\"wp-block-cover alignwide has-background-dim\" style=\"background-image:url(https:\/\/darwinia.standardof.net\/wp-content\/uploads\/sites\/7\/2020\/10\/Darwinia-Enemies-Spore-Generator-4.jpg);background-position:62% 30%;min-height:112px;aspect-ratio:unset;\"><div class=\"wp-block-cover__inner-container is-layout-flow wp-block-cover-is-layout-flow\">\n<h2 class=\"has-text-align-center has-huge-font-size wp-block-heading\"><strong><a href=\"https:\/\/darwinia.standardof.net\/fr\/guide\/ennemis\/generateur-de-spores\/\" class=\"rank-math-link\">G\u00e9n\u00e9rateur de spores<\/a><\/strong><\/h2>\n<\/div><\/div>\n\n\n\n<p>Cette cr\u00e9ature planante est inoffensive en soi, mais avec Virii qui travaille avec elle, devient une base de r\u00e9apparition mobile pour la menace virale.<\/p>\n<\/div><\/div>\n\n\n\n<div class=\"wp-block-group\"><div class=\"wp-block-group__inner-container is-layout-flow wp-block-group-is-layout-flow\">\n<div class=\"wp-block-cover alignwide has-background-dim\" style=\"background-image:url(https:\/\/darwinia.standardof.net\/wp-content\/uploads\/sites\/7\/2020\/10\/Darwinia-Enemies-Triffid-5.jpg);background-position:38% 54%;min-height:112px;aspect-ratio:unset;\"><div class=\"wp-block-cover__inner-container is-layout-flow wp-block-cover-is-layout-flow\">\n<h2 class=\"has-text-align-center has-huge-font-size wp-block-heading\"><strong><a href=\"https:\/\/darwinia.standardof.net\/fr\/guide\/ennemis\/triffide\/\" class=\"rank-math-link\">Triffide<\/a><\/strong><\/h2>\n<\/div><\/div>\n\n\n\n<p>Les triffid\u00e9s ressemblent \u00e0 des plantes en forme de cloche qui n&#039;ont pas d&#039;attaque propre, mais qui tirent plut\u00f4t des \u0153ufs sur la carte qui peuvent se reproduire en virii, mille-pattes ou araign\u00e9es. Habituellement trouv\u00e9 dans des endroits difficiles \u00e0 atteindre, \u00e0 l&#039;\u00e9cart.<\/p>\n<\/div><\/div>\n\n\n\n<div class=\"wp-block-group\"><div class=\"wp-block-group__inner-container is-layout-flow wp-block-group-is-layout-flow\">\n<div class=\"wp-block-cover alignwide has-background-dim\" style=\"background-image:url(https:\/\/darwinia.standardof.net\/wp-content\/uploads\/sites\/7\/2020\/10\/Darwinia-Enemies-Virii-5.jpg);background-position:47% 21%;min-height:112px;aspect-ratio:unset;\"><div class=\"wp-block-cover__inner-container is-layout-flow wp-block-cover-is-layout-flow\">\n<h2 class=\"has-text-align-center has-huge-font-size wp-block-heading\"><strong><a href=\"https:\/\/darwinia.standardof.net\/fr\/guide\/ennemis\/virii\/\" class=\"rank-math-link\">Virii<\/a><\/strong><\/h2>\n<\/div><\/div>\n\n\n\n<p>Ce sont les premiers ennemis que vous rencontrerez dans le jeu. Ces virus ressemblent \u00e0 des lignes de triangles en zig-zag qui grouillent sur les niveaux avec un bruit r\u00e9v\u00e9lateur. Facile \u00e0 tuer avec des lasers ou des explosifs et pose des menaces uniquement en nombre ou pour les Darwiniens verts non arm\u00e9s.<\/p>\n<\/div><\/div>","protected":false},"excerpt":{"rendered":"<p>Only ever found in the vicinity of Ant Hills, however always in extraordinary numbers these enemies attack in massive swarms. They are easily distracted by free floating souls, and will rush to gather them up, and bring them back to their ant hills before attacking your units, in order to spawn more ants. These are [&hellip;]<\/p>","protected":false},"author":1,"featured_media":13,"parent":168,"menu_order":2,"comment_status":"open","ping_status":"closed","template":"","meta":{"_uag_custom_page_level_css":"","site-sidebar-layout":"default","site-content-layout":"default","ast-site-content-layout":"","site-content-style":"default","site-sidebar-style":"default","ast-global-header-display":"","ast-banner-title-visibility":"","ast-main-header-display":"","ast-hfb-above-header-display":"","ast-hfb-below-header-display":"","ast-hfb-mobile-header-display":"","site-post-title":"","ast-breadcrumbs-content":"","ast-featured-img":"","footer-sml-layout":"","theme-transparent-header-meta":"default","adv-header-id-meta":"","stick-header-meta":"","header-above-stick-meta":"","header-main-stick-meta":"","header-below-stick-meta":"","astra-migrate-meta-layouts":"default","ast-page-background-enabled":"default","ast-page-background-meta":{"desktop":{"background-color":"","background-image":"","background-repeat":"repeat","background-position":"center center","background-size":"auto","background-attachment":"scroll","background-type":"","background-media":"","overlay-type":"","overlay-color":"","overlay-gradient":""},"tablet":{"background-color":"","background-image":"","background-repeat":"repeat","background-position":"center center","background-size":"auto","background-attachment":"scroll","background-type":"","background-media":"","overlay-type":"","overlay-color":"","overlay-gradient":""},"mobile":{"background-color":"","background-image":"","background-repeat":"repeat","background-position":"center center","background-size":"auto","background-attachment":"scroll","background-type":"","background-media":"","overlay-type":"","overlay-color":"","overlay-gradient":""}},"ast-content-background-meta":{"desktop":{"background-color":"var(--ast-global-color-5)","background-image":"","background-repeat":"repeat","background-position":"center center","background-size":"auto","background-attachment":"scroll","background-type":"","background-media":"","overlay-type":"","overlay-color":"","overlay-gradient":""},"tablet":{"background-color":"var(--ast-global-color-5)","background-image":"","background-repeat":"repeat","background-position":"center center","background-size":"auto","background-attachment":"scroll","background-type":"","background-media":"","overlay-type":"","overlay-color":"","overlay-gradient":""},"mobile":{"background-color":"var(--ast-global-color-5)","background-image":"","background-repeat":"repeat","background-position":"center center","background-size":"auto","background-attachment":"scroll","background-type":"","background-media":"","overlay-type":"","overlay-color":"","overlay-gradient":""}},"footnotes":""},"uagb_featured_image_src":{"full":["https:\/\/darwinia.standardof.net\/wp-content\/uploads\/sites\/7\/2020\/10\/darwinia1.jpg",1100,369,false],"thumbnail":["https:\/\/darwinia.standardof.net\/wp-content\/uploads\/sites\/7\/2020\/10\/darwinia1-200x67.jpg",200,67,true],"medium":["https:\/\/darwinia.standardof.net\/wp-content\/uploads\/sites\/7\/2020\/10\/darwinia1-512x172.jpg",512,172,true],"medium_large":["https:\/\/darwinia.standardof.net\/wp-content\/uploads\/sites\/7\/2020\/10\/darwinia1-768x258.jpg",768,258,true],"large":["https:\/\/darwinia.standardof.net\/wp-content\/uploads\/sites\/7\/2020\/10\/darwinia1-800x268.jpg",800,268,true],"1536x1536":["https:\/\/darwinia.standardof.net\/wp-content\/uploads\/sites\/7\/2020\/10\/darwinia1.jpg",1100,369,false],"2048x2048":["https:\/\/darwinia.standardof.net\/wp-content\/uploads\/sites\/7\/2020\/10\/darwinia1.jpg",1100,369,false],"trp-custom-language-flag":["https:\/\/darwinia.standardof.net\/wp-content\/uploads\/sites\/7\/2020\/10\/darwinia1-16x5.jpg",16,5,true]},"uagb_author_info":{"display_name":"SOE","author_link":"https:\/\/darwinia.standardof.net\/fr\/author\/k-tastic\/"},"uagb_comment_info":0,"uagb_excerpt":"Only ever found in the vicinity of Ant Hills, however always in extraordinary numbers these enemies attack in massive swarms. They are easily distracted by free floating souls, and will rush to gather them up, and bring them back to their ant hills before attacking your units, in order to spawn more ants. These are&hellip;","_links":{"self":[{"href":"https:\/\/darwinia.standardof.net\/fr\/wp-json\/wp\/v2\/pages\/190"}],"collection":[{"href":"https:\/\/darwinia.standardof.net\/fr\/wp-json\/wp\/v2\/pages"}],"about":[{"href":"https:\/\/darwinia.standardof.net\/fr\/wp-json\/wp\/v2\/types\/page"}],"author":[{"embeddable":true,"href":"https:\/\/darwinia.standardof.net\/fr\/wp-json\/wp\/v2\/users\/1"}],"replies":[{"embeddable":true,"href":"https:\/\/darwinia.standardof.net\/fr\/wp-json\/wp\/v2\/comments?post=190"}],"version-history":[{"count":0,"href":"https:\/\/darwinia.standardof.net\/fr\/wp-json\/wp\/v2\/pages\/190\/revisions"}],"up":[{"embeddable":true,"href":"https:\/\/darwinia.standardof.net\/fr\/wp-json\/wp\/v2\/pages\/168"}],"wp:featuredmedia":[{"embeddable":true,"href":"https:\/\/darwinia.standardof.net\/fr\/wp-json\/wp\/v2\/media\/13"}],"wp:attachment":[{"href":"https:\/\/darwinia.standardof.net\/fr\/wp-json\/wp\/v2\/media?parent=190"}],"curies":[{"name":"wp","href":"https:\/\/api.w.org\/{rel}","templated":true}]}}