{"id":181,"date":"2020-10-28T20:20:01","date_gmt":"2020-10-28T20:20:01","guid":{"rendered":"https:\/\/darwinia.standardof.net\/?page_id=181"},"modified":"2020-10-30T18:17:10","modified_gmt":"2020-10-30T18:17:10","slug":"cheats","status":"publish","type":"page","link":"https:\/\/darwinia.standardof.net\/fr\/guide\/triche\/","title":{"rendered":"Astuces, secrets et \u0153ufs de P\u00e2ques"},"content":{"rendered":"<p>Cette partie du guide couvre des astuces ou des secrets sp\u00e9ciaux qui font partie de Darwinia.<\/p>\n\n\n\n<h2 class=\"wp-block-heading\">Tout d\u00e9bloquer<\/h2>\n\n\n\n<p>Cr\u00e9ez un nouveau profil nomm\u00e9 &quot;<strong>AccessAllAreas<\/strong>. \u00bb Le chargement provoque le d\u00e9sordre de l&#039;intro, mais ensuite tout sera d\u00e9verrouill\u00e9.<\/p>\n\n\n\n<h2 class=\"wp-block-heading\">Mods et \u00e9diteur de cartes<\/h2>\n\n\n\n<p>Il existe un \u00e9diteur de carte de base et un syst\u00e8me de mod dans Darwinia qui est d\u00e9verrouill\u00e9 apr\u00e8s avoir battu le jeu normalement. Si vous voulez avancer, trouvez votre fichier de pr\u00e9f\u00e9rences dans votre dossier racine Darwinia et mettez \u00abModSystemEnabled = 1\u00bb dans le fichier sur sa propre ligne.<\/p>\n\n\n\n<h2 class=\"wp-block-heading\">No\u00ebl darwinien<\/h2>\n\n\n\n<p>Si vous ex\u00e9cutez le jeu \u00e0 tout moment pendant le 25 d\u00e9cembre de chaque ann\u00e9e, vous aurez droit \u00e0 une nouvelle peau du jeu avec un sol bleu \u00abcouvert de neige\u00bb, les arbres passeront du vert au rouge et la neige commencera tomber du ciel. Le dernier mais le meilleur de tous, les Darwiniens ont tous des chapeaux de P\u00e8re No\u00ebl! Si ce n&#039;est pas vraiment No\u00ebl o\u00f9 vous \u00eates, changez simplement l&#039;horloge syst\u00e8me pour la simuler et le jeu la reconna\u00eetra.<\/p>\n\n\n\n<figure class=\"wp-block-embed-youtube wp-block-embed is-type-video is-provider-youtube wp-embed-aspect-4-3 wp-has-aspect-ratio\"><div class=\"wp-block-embed__wrapper\">\n<div class=\"ast-oembed-container\" style=\"height: 100%;\"><iframe title=\"Chapeaux de No\u00ebl Darwinia\" width=\"500\" height=\"281\" src=\"https:\/\/www.youtube.com\/embed\/Xv9ZHbjdVwI?feature=oembed\" frameborder=\"0\" allow=\"accelerometer; autoplay; clipboard-write; encrypted-media; gyroscope; picture-in-picture; web-share\" referrerpolicy=\"strict-origin-when-cross-origin\" allowfullscreen><\/iframe><\/div>\n<\/div><figcaption>Source: tkellaway<\/figcaption><\/figure>","protected":false},"excerpt":{"rendered":"<p>This portion of the guide covers special cheats or secrets that are part of Darwinia. Unlock Everything Create a new profile named &#8220;AccessAllAreas.&#8221; Loading it causes the intro to mess up, but afterwards everything will be unlocked. Mods &amp; Map Editor There is a basic map editor and mod system in Darwinia that is unlocked [&hellip;]<\/p>","protected":false},"author":1,"featured_media":13,"parent":168,"menu_order":6,"comment_status":"open","ping_status":"closed","template":"","meta":{"_uag_custom_page_level_css":"","site-sidebar-layout":"default","site-content-layout":"default","ast-site-content-layout":"","site-content-style":"default","site-sidebar-style":"default","ast-global-header-display":"","ast-banner-title-visibility":"","ast-main-header-display":"","ast-hfb-above-header-display":"","ast-hfb-below-header-display":"","ast-hfb-mobile-header-display":"","site-post-title":"","ast-breadcrumbs-content":"","ast-featured-img":"","footer-sml-layout":"","theme-transparent-header-meta":"default","adv-header-id-meta":"","stick-header-meta":"","header-above-stick-meta":"","header-main-stick-meta":"","header-below-stick-meta":"","astra-migrate-meta-layouts":"default","ast-page-background-enabled":"default","ast-page-background-meta":{"desktop":{"background-color":"","background-image":"","background-repeat":"repeat","background-position":"center center","background-size":"auto","background-attachment":"scroll","background-type":"","background-media":"","overlay-type":"","overlay-color":"","overlay-gradient":""},"tablet":{"background-color":"","background-image":"","background-repeat":"repeat","background-position":"center center","background-size":"auto","background-attachment":"scroll","background-type":"","background-media":"","overlay-type":"","overlay-color":"","overlay-gradient":""},"mobile":{"background-color":"","background-image":"","background-repeat":"repeat","background-position":"center center","background-size":"auto","background-attachment":"scroll","background-type":"","background-media":"","overlay-type":"","overlay-color":"","overlay-gradient":""}},"ast-content-background-meta":{"desktop":{"background-color":"var(--ast-global-color-5)","background-image":"","background-repeat":"repeat","background-position":"center center","background-size":"auto","background-attachment":"scroll","background-type":"","background-media":"","overlay-type":"","overlay-color":"","overlay-gradient":""},"tablet":{"background-color":"var(--ast-global-color-5)","background-image":"","background-repeat":"repeat","background-position":"center center","background-size":"auto","background-attachment":"scroll","background-type":"","background-media":"","overlay-type":"","overlay-color":"","overlay-gradient":""},"mobile":{"background-color":"var(--ast-global-color-5)","background-image":"","background-repeat":"repeat","background-position":"center center","background-size":"auto","background-attachment":"scroll","background-type":"","background-media":"","overlay-type":"","overlay-color":"","overlay-gradient":""}},"footnotes":""},"uagb_featured_image_src":{"full":["https:\/\/darwinia.standardof.net\/wp-content\/uploads\/sites\/7\/2020\/10\/darwinia1.jpg",1100,369,false],"thumbnail":["https:\/\/darwinia.standardof.net\/wp-content\/uploads\/sites\/7\/2020\/10\/darwinia1-200x67.jpg",200,67,true],"medium":["https:\/\/darwinia.standardof.net\/wp-content\/uploads\/sites\/7\/2020\/10\/darwinia1-512x172.jpg",512,172,true],"medium_large":["https:\/\/darwinia.standardof.net\/wp-content\/uploads\/sites\/7\/2020\/10\/darwinia1-768x258.jpg",768,258,true],"large":["https:\/\/darwinia.standardof.net\/wp-content\/uploads\/sites\/7\/2020\/10\/darwinia1-800x268.jpg",800,268,true],"1536x1536":["https:\/\/darwinia.standardof.net\/wp-content\/uploads\/sites\/7\/2020\/10\/darwinia1.jpg",1100,369,false],"2048x2048":["https:\/\/darwinia.standardof.net\/wp-content\/uploads\/sites\/7\/2020\/10\/darwinia1.jpg",1100,369,false],"trp-custom-language-flag":["https:\/\/darwinia.standardof.net\/wp-content\/uploads\/sites\/7\/2020\/10\/darwinia1-16x5.jpg",16,5,true]},"uagb_author_info":{"display_name":"SOE","author_link":"https:\/\/darwinia.standardof.net\/fr\/author\/k-tastic\/"},"uagb_comment_info":0,"uagb_excerpt":"This portion of the guide covers special cheats or secrets that are part of Darwinia. Unlock Everything Create a new profile named &#8220;AccessAllAreas.&#8221; Loading it causes the intro to mess up, but afterwards everything will be unlocked. Mods &amp; Map Editor There is a basic map editor and mod system in Darwinia that is unlocked&hellip;","_links":{"self":[{"href":"https:\/\/darwinia.standardof.net\/fr\/wp-json\/wp\/v2\/pages\/181"}],"collection":[{"href":"https:\/\/darwinia.standardof.net\/fr\/wp-json\/wp\/v2\/pages"}],"about":[{"href":"https:\/\/darwinia.standardof.net\/fr\/wp-json\/wp\/v2\/types\/page"}],"author":[{"embeddable":true,"href":"https:\/\/darwinia.standardof.net\/fr\/wp-json\/wp\/v2\/users\/1"}],"replies":[{"embeddable":true,"href":"https:\/\/darwinia.standardof.net\/fr\/wp-json\/wp\/v2\/comments?post=181"}],"version-history":[{"count":0,"href":"https:\/\/darwinia.standardof.net\/fr\/wp-json\/wp\/v2\/pages\/181\/revisions"}],"up":[{"embeddable":true,"href":"https:\/\/darwinia.standardof.net\/fr\/wp-json\/wp\/v2\/pages\/168"}],"wp:featuredmedia":[{"embeddable":true,"href":"https:\/\/darwinia.standardof.net\/fr\/wp-json\/wp\/v2\/media\/13"}],"wp:attachment":[{"href":"https:\/\/darwinia.standardof.net\/fr\/wp-json\/wp\/v2\/media?parent=181"}],"curies":[{"name":"wp","href":"https:\/\/api.w.org\/{rel}","templated":true}]}}