{"id":174,"date":"2020-10-28T19:27:55","date_gmt":"2020-10-28T19:27:55","guid":{"rendered":"https:\/\/darwinia.standardof.net\/?page_id=174"},"modified":"2020-10-30T18:17:13","modified_gmt":"2020-10-30T18:17:13","slug":"credits","status":"publish","type":"page","link":"https:\/\/darwinia.standardof.net\/fr\/guide\/credits\/","title":{"rendered":"Cr\u00e9dits et remerciements"},"content":{"rendered":"<p>Ce guide est cr\u00e9\u00e9, h\u00e9berg\u00e9 et maintenu dans son int\u00e9gralit\u00e9 par <a class=\"rank-math-link\" href=\"http:\/\/standardof.net\/about\/\" target=\"_blank\" rel=\"noopener\">Norme de divertissement<\/a> pour servir de s\u00e9rie de proc\u00e9dures pas \u00e0 pas et d&#039;instructions \u00e0 utiliser avec les jeux couverts.<\/p>\n\n\n\n<p>Darwinia est d\u00e9velopp\u00e9 et d\u00e9tenu par <a href=\"http:\/\/www.introversion.co.uk\/\" target=\"_blank\" rel=\"noopener\">Logiciel d&#039;introversion<\/a>.<br>Toutes les marques sont la propri\u00e9t\u00e9 de leurs propri\u00e9taires respectifs.<\/p>\n\n\n\n<p><a href=\"https:\/\/standardof.net\/games\/darwinia\/darwinia-icon\/\" target=\"_blank\" rel=\"noopener\">Ic\u00f4ne de Darwinia<\/a> est par <a href=\"https:\/\/commons.wikimedia.org\/wiki\/File:Antu_Darwinia.svg\" target=\"_blank\" rel=\"noopener\">Fabi\u00e1n Alexis<\/a> \/ <a href=\"https:\/\/creativecommons.org\/licenses\/by-sa\/3.0\" target=\"_blank\" rel=\"noopener\">CC BY-SA<\/a><\/p>\n\n\n\n<p>L&#039;image d&#039;en-t\u00eate de Darwinia est de Victor Engstr\u00f6m. Utilis\u00e9 avec permission.<\/p>","protected":false},"excerpt":{"rendered":"<p>This Guide is created, hosted and maintained in whole by Standard of Entertainment to serve as a series of walkthroughs and instruction to be used with the games covered. Darwinia is developed and owned by Introversion Software.All trademarks are the property of their respective owners. Darwinia icon is by Fabi\u00e1n Alexis \/ CC BY-SA Darwinia [&hellip;]<\/p>","protected":false},"author":1,"featured_media":13,"parent":168,"menu_order":7,"comment_status":"closed","ping_status":"closed","template":"","meta":{"_uag_custom_page_level_css":"","site-sidebar-layout":"default","site-content-layout":"default","ast-site-content-layout":"","site-content-style":"default","site-sidebar-style":"default","ast-global-header-display":"","ast-banner-title-visibility":"","ast-main-header-display":"","ast-hfb-above-header-display":"","ast-hfb-below-header-display":"","ast-hfb-mobile-header-display":"","site-post-title":"","ast-breadcrumbs-content":"","ast-featured-img":"","footer-sml-layout":"","theme-transparent-header-meta":"default","adv-header-id-meta":"","stick-header-meta":"","header-above-stick-meta":"","header-main-stick-meta":"","header-below-stick-meta":"","astra-migrate-meta-layouts":"default","ast-page-background-enabled":"default","ast-page-background-meta":{"desktop":{"background-color":"","background-image":"","background-repeat":"repeat","background-position":"center center","background-size":"auto","background-attachment":"scroll","background-type":"","background-media":"","overlay-type":"","overlay-color":"","overlay-gradient":""},"tablet":{"background-color":"","background-image":"","background-repeat":"repeat","background-position":"center center","background-size":"auto","background-attachment":"scroll","background-type":"","background-media":"","overlay-type":"","overlay-color":"","overlay-gradient":""},"mobile":{"background-color":"","background-image":"","background-repeat":"repeat","background-position":"center center","background-size":"auto","background-attachment":"scroll","background-type":"","background-media":"","overlay-type":"","overlay-color":"","overlay-gradient":""}},"ast-content-background-meta":{"desktop":{"background-color":"var(--ast-global-color-5)","background-image":"","background-repeat":"repeat","background-position":"center center","background-size":"auto","background-attachment":"scroll","background-type":"","background-media":"","overlay-type":"","overlay-color":"","overlay-gradient":""},"tablet":{"background-color":"var(--ast-global-color-5)","background-image":"","background-repeat":"repeat","background-position":"center center","background-size":"auto","background-attachment":"scroll","background-type":"","background-media":"","overlay-type":"","overlay-color":"","overlay-gradient":""},"mobile":{"background-color":"var(--ast-global-color-5)","background-image":"","background-repeat":"repeat","background-position":"center center","background-size":"auto","background-attachment":"scroll","background-type":"","background-media":"","overlay-type":"","overlay-color":"","overlay-gradient":""}},"footnotes":""},"uagb_featured_image_src":{"full":["https:\/\/darwinia.standardof.net\/wp-content\/uploads\/sites\/7\/2020\/10\/darwinia1.jpg",1100,369,false],"thumbnail":["https:\/\/darwinia.standardof.net\/wp-content\/uploads\/sites\/7\/2020\/10\/darwinia1-200x67.jpg",200,67,true],"medium":["https:\/\/darwinia.standardof.net\/wp-content\/uploads\/sites\/7\/2020\/10\/darwinia1-512x172.jpg",512,172,true],"medium_large":["https:\/\/darwinia.standardof.net\/wp-content\/uploads\/sites\/7\/2020\/10\/darwinia1-768x258.jpg",768,258,true],"large":["https:\/\/darwinia.standardof.net\/wp-content\/uploads\/sites\/7\/2020\/10\/darwinia1-800x268.jpg",800,268,true],"1536x1536":["https:\/\/darwinia.standardof.net\/wp-content\/uploads\/sites\/7\/2020\/10\/darwinia1.jpg",1100,369,false],"2048x2048":["https:\/\/darwinia.standardof.net\/wp-content\/uploads\/sites\/7\/2020\/10\/darwinia1.jpg",1100,369,false],"trp-custom-language-flag":["https:\/\/darwinia.standardof.net\/wp-content\/uploads\/sites\/7\/2020\/10\/darwinia1-16x5.jpg",16,5,true]},"uagb_author_info":{"display_name":"SOE","author_link":"https:\/\/darwinia.standardof.net\/fr\/author\/k-tastic\/"},"uagb_comment_info":0,"uagb_excerpt":"This Guide is created, hosted and maintained in whole by Standard of Entertainment to serve as a series of walkthroughs and instruction to be used with the games covered. Darwinia is developed and owned by Introversion Software.All trademarks are the property of their respective owners. Darwinia icon is by Fabi\u00e1n Alexis \/ CC BY-SA Darwinia&hellip;","_links":{"self":[{"href":"https:\/\/darwinia.standardof.net\/fr\/wp-json\/wp\/v2\/pages\/174"}],"collection":[{"href":"https:\/\/darwinia.standardof.net\/fr\/wp-json\/wp\/v2\/pages"}],"about":[{"href":"https:\/\/darwinia.standardof.net\/fr\/wp-json\/wp\/v2\/types\/page"}],"author":[{"embeddable":true,"href":"https:\/\/darwinia.standardof.net\/fr\/wp-json\/wp\/v2\/users\/1"}],"replies":[{"embeddable":true,"href":"https:\/\/darwinia.standardof.net\/fr\/wp-json\/wp\/v2\/comments?post=174"}],"version-history":[{"count":0,"href":"https:\/\/darwinia.standardof.net\/fr\/wp-json\/wp\/v2\/pages\/174\/revisions"}],"up":[{"embeddable":true,"href":"https:\/\/darwinia.standardof.net\/fr\/wp-json\/wp\/v2\/pages\/168"}],"wp:featuredmedia":[{"embeddable":true,"href":"https:\/\/darwinia.standardof.net\/fr\/wp-json\/wp\/v2\/media\/13"}],"wp:attachment":[{"href":"https:\/\/darwinia.standardof.net\/fr\/wp-json\/wp\/v2\/media?parent=174"}],"curies":[{"name":"wp","href":"https:\/\/api.w.org\/{rel}","templated":true}]}}