{"id":168,"date":"2020-10-27T22:37:36","date_gmt":"2020-10-27T22:37:36","guid":{"rendered":"https:\/\/darwinia.standardof.net\/?page_id=168"},"modified":"2020-10-29T16:45:17","modified_gmt":"2020-10-29T16:45:17","slug":"guide","status":"publish","type":"page","link":"https:\/\/darwinia.standardof.net\/fr\/","title":{"rendered":"Indice du guide strat\u00e9gique de Darwinia"},"content":{"rendered":"<p>Ces pages servent de guide et d&#039;index de ressources pas \u00e0 pas pour le jeu PC <em>Darwinia<\/em>, par Introversion Software. Vous y trouverez des sections couvrant la fa\u00e7on de battre tous les niveaux, avec des informations sp\u00e9ciales sur toutes les unit\u00e9s, armes, b\u00e2timents et ennemis du jeu. N&#039;h\u00e9sitez pas \u00e0 laisser vos commentaires ou suggestions sur ces guides ou ce que vous aimeriez voir ci-dessous.<\/p>\n\n\n\n<div class=\"wp-block-cover alignwide has-background-dim\" style=\"background-image:url(https:\/\/darwinia.standardof.net\/wp-content\/uploads\/sites\/7\/2020\/10\/Darwinia-Level-03-Containment-2.jpg);min-height:112px;aspect-ratio:unset;\"><div class=\"wp-block-cover__inner-container is-layout-flow wp-block-cover-is-layout-flow\">\n<h2 class=\"has-text-align-center has-huge-font-size wp-block-heading\" id=\"4---level-walkthroughs--\"><strong><a href=\"https:\/\/darwinia.standardof.net\/fr\/guide\/procedures-de-niveau\/\" class=\"rank-math-link\">Proc\u00e9dure pas \u00e0 pas de niveau<\/a><\/strong><\/h2>\n<\/div><\/div>\n\n\n\n<p>Cliquez sur le lien ci-dessus pour acc\u00e9der \u00e0 l&#039;index principal de tous les guides de niveau du jeu. Chaque guide va en profondeur couvrant la progression de chaque niveau et tous les aspects uniques sp\u00e9cifiques \u00e0 chaque niveau.<\/p>\n\n\n\n<div class=\"wp-block-cover alignwide has-background-dim\" style=\"background-image:url(https:\/\/darwinia.standardof.net\/wp-content\/uploads\/sites\/7\/2020\/10\/Darwinia-Units-Darwinians-1.jpg);min-height:112px;aspect-ratio:unset;\"><div class=\"wp-block-cover__inner-container is-layout-flow wp-block-cover-is-layout-flow\">\n<h2 class=\"has-text-align-center has-huge-font-size wp-block-heading\" id=\"5---units\"><strong><a href=\"https:\/\/darwinia.standardof.net\/fr\/guide\/unites\/\" class=\"rank-math-link\">Unit\u00e9s<\/a><\/strong><\/h2>\n<\/div><\/div>\n\n\n\n<p>Cette page contient les guides couvrant les diff\u00e9rentes unit\u00e9s que les joueurs peuvent utiliser dans le jeu. La plupart de ces programmes sont ex\u00e9cut\u00e9s via le gestionnaire de t\u00e2ches, mais certains comme les Darwiniens sont cr\u00e9\u00e9s par d&#039;autres moyens.<\/p>\n\n\n\n<div class=\"wp-block-cover alignwide has-background-dim\" style=\"background-image:url(https:\/\/darwinia.standardof.net\/wp-content\/uploads\/sites\/7\/2020\/10\/Control-Tower-2.jpg);min-height:112px;aspect-ratio:unset;\"><div class=\"wp-block-cover__inner-container is-layout-flow wp-block-cover-is-layout-flow\">\n<h2 class=\"has-text-align-center has-huge-font-size wp-block-heading\" id=\"6---buildings--\"><strong><a href=\"https:\/\/darwinia.standardof.net\/fr\/guide\/batiments\/\" class=\"rank-math-link\">Immeubles<\/a><\/strong><\/h2>\n<\/div><\/div>\n\n\n\n<p>Cette page contient diverses informations sur les structures contr\u00f4lables dans le jeu. Les structures offrent g\u00e9n\u00e9ralement des avantages qui ne sont pas possibles avec les unit\u00e9s seules et la capture d&#039;un grand nombre d&#039;entre elles est une partie essentielle de chaque niveau. Conna\u00eetre les avantages de chaque b\u00e2timent vous aidera \u00e0 hi\u00e9rarchiser vos t\u00e2ches au sein des niveaux.<\/p>\n\n\n\n<div class=\"wp-block-cover alignwide has-background-dim\" style=\"background-image:url(https:\/\/darwinia.standardof.net\/wp-content\/uploads\/sites\/7\/2020\/10\/Darwinia-Enemies-Spore-Generator-3.jpg);min-height:112px;aspect-ratio:unset;\"><div class=\"wp-block-cover__inner-container is-layout-flow wp-block-cover-is-layout-flow\">\n<h2 class=\"has-text-align-center has-huge-font-size wp-block-heading\" id=\"7---enemies--\"><strong><a href=\"https:\/\/darwinia.standardof.net\/fr\/guide\/ennemis\/\" class=\"rank-math-link\">Ennemis<\/a><\/strong><\/h2>\n<\/div><\/div>\n\n\n\n<p>Ici vous pouvez trouver un index de tous les diff\u00e9rents guides qui couvrent les diff\u00e9rents ennemis que vous rencontrerez dans le jeu. Certains n\u00e9cessitent des tactiques ou des armes sp\u00e9ciales pour d\u00e9truire efficacement, tandis que d&#039;autres posent des menaces importantes qui doivent \u00eatre hi\u00e9rarchis\u00e9es au sein d&#039;un niveau.<\/p>\n\n\n\n<div class=\"wp-block-cover alignwide has-background-dim\" style=\"background-image:url(https:\/\/darwinia.standardof.net\/wp-content\/uploads\/sites\/7\/2020\/10\/Darwinia-Weapons-Grenades-5.jpg);min-height:112px;aspect-ratio:unset;\"><div class=\"wp-block-cover__inner-container is-layout-flow wp-block-cover-is-layout-flow\">\n<h2 class=\"has-text-align-center has-huge-font-size wp-block-heading\" id=\"8---weapons--\"><strong><a href=\"https:\/\/darwinia.standardof.net\/fr\/guide\/armes\/\" class=\"rank-math-link\">Armes<\/a><\/strong><\/h2>\n<\/div><\/div>\n\n\n\n<p>Cette page d&#039;index couvre les armes que vous trouverez et que vous pourrez utiliser dans <em>Darwinia. <\/em>Chaque arme a ses fonctions et avantages uniques en fonction de la situation. Le Laser est la seule arme qui vous est accord\u00e9e au tout d\u00e9but, tandis que les trois autres doivent \u00eatre trouv\u00e9s sous forme de projets de recherche t\u00e9l\u00e9chargeables dans les niveaux du jeu.<\/p>\n\n\n\n<div class=\"wp-block-cover alignwide has-background-dim\" style=\"background-image:url(https:\/\/darwinia.standardof.net\/wp-content\/uploads\/sites\/7\/2020\/10\/Darwinia-Santa-Hats.jpg);min-height:112px;aspect-ratio:unset;\"><div class=\"wp-block-cover__inner-container is-layout-flow wp-block-cover-is-layout-flow\">\n<h2 class=\"has-text-align-center has-huge-font-size wp-block-heading\" id=\"9---cheats-amp-secrets--\"><strong><a href=\"https:\/\/darwinia.standardof.net\/fr\/guide\/triche\/\" class=\"rank-math-link\">Astuces et secrets<\/a><\/strong><\/h2>\n<\/div><\/div>\n\n\n\n<div style=\"height:20px\" aria-hidden=\"true\" class=\"wp-block-spacer\"><\/div>\n\n\n\n<div class=\"wp-block-cover alignwide has-background-dim\" style=\"background-image:url(https:\/\/darwinia.standardof.net\/wp-content\/uploads\/sites\/7\/2020\/10\/darwinia1.jpg);min-height:112px;aspect-ratio:unset;\"><div class=\"wp-block-cover__inner-container is-layout-flow wp-block-cover-is-layout-flow\">\n<h2 class=\"has-text-align-center wp-block-heading\">Liens suppl\u00e9mentaires<\/h2>\n\n\n\n<div class=\"wp-block-buttons aligncenter is-layout-flex wp-block-buttons-is-layout-flex\">\n<div class=\"wp-block-button\"><a class=\"wp-block-button__link\" href=\"https:\/\/darwinia.standardof.net\/fr\/guide\/credits\/\">Cr\u00e9dits<\/a><\/div>\n\n\n\n<div class=\"wp-block-button\"><a class=\"wp-block-button__link\" href=\"http:\/\/thenextgame.co.uk\/mods.php\" target=\"_blank\" rel=\"noreferrer noopener\">Mods Darwinia<\/a><\/div>\n<\/div>\n<\/div><\/div>\n\n\n\n<p><\/p>","protected":false},"excerpt":{"rendered":"<p>These pages serve as the guide and walkthrough resource index for the PC game Darwinia, by Introversion Software. Within you will find sections covering how to beat all the levels, with special info on all the game&#8217;s units, weapons, building and enemies. Feel free to leave any comments or suggestions on these guides or what [&hellip;]<\/p>","protected":false},"author":1,"featured_media":13,"parent":0,"menu_order":0,"comment_status":"open","ping_status":"closed","template":"","meta":{"_uag_custom_page_level_css":"","site-sidebar-layout":"default","site-content-layout":"default","ast-site-content-layout":"","site-content-style":"default","site-sidebar-style":"default","ast-global-header-display":"","ast-banner-title-visibility":"","ast-main-header-display":"","ast-hfb-above-header-display":"","ast-hfb-below-header-display":"","ast-hfb-mobile-header-display":"","site-post-title":"","ast-breadcrumbs-content":"","ast-featured-img":"","footer-sml-layout":"","theme-transparent-header-meta":"default","adv-header-id-meta":"","stick-header-meta":"","header-above-stick-meta":"","header-main-stick-meta":"","header-below-stick-meta":"","astra-migrate-meta-layouts":"default","ast-page-background-enabled":"default","ast-page-background-meta":{"desktop":{"background-color":"","background-image":"","background-repeat":"repeat","background-position":"center center","background-size":"auto","background-attachment":"scroll","background-type":"","background-media":"","overlay-type":"","overlay-color":"","overlay-gradient":""},"tablet":{"background-color":"","background-image":"","background-repeat":"repeat","background-position":"center center","background-size":"auto","background-attachment":"scroll","background-type":"","background-media":"","overlay-type":"","overlay-color":"","overlay-gradient":""},"mobile":{"background-color":"","background-image":"","background-repeat":"repeat","background-position":"center center","background-size":"auto","background-attachment":"scroll","background-type":"","background-media":"","overlay-type":"","overlay-color":"","overlay-gradient":""}},"ast-content-background-meta":{"desktop":{"background-color":"var(--ast-global-color-5)","background-image":"","background-repeat":"repeat","background-position":"center center","background-size":"auto","background-attachment":"scroll","background-type":"","background-media":"","overlay-type":"","overlay-color":"","overlay-gradient":""},"tablet":{"background-color":"var(--ast-global-color-5)","background-image":"","background-repeat":"repeat","background-position":"center center","background-size":"auto","background-attachment":"scroll","background-type":"","background-media":"","overlay-type":"","overlay-color":"","overlay-gradient":""},"mobile":{"background-color":"var(--ast-global-color-5)","background-image":"","background-repeat":"repeat","background-position":"center center","background-size":"auto","background-attachment":"scroll","background-type":"","background-media":"","overlay-type":"","overlay-color":"","overlay-gradient":""}},"footnotes":""},"uagb_featured_image_src":{"full":["https:\/\/darwinia.standardof.net\/wp-content\/uploads\/sites\/7\/2020\/10\/darwinia1.jpg",1100,369,false],"thumbnail":["https:\/\/darwinia.standardof.net\/wp-content\/uploads\/sites\/7\/2020\/10\/darwinia1-200x67.jpg",200,67,true],"medium":["https:\/\/darwinia.standardof.net\/wp-content\/uploads\/sites\/7\/2020\/10\/darwinia1-512x172.jpg",512,172,true],"medium_large":["https:\/\/darwinia.standardof.net\/wp-content\/uploads\/sites\/7\/2020\/10\/darwinia1-768x258.jpg",768,258,true],"large":["https:\/\/darwinia.standardof.net\/wp-content\/uploads\/sites\/7\/2020\/10\/darwinia1-800x268.jpg",800,268,true],"1536x1536":["https:\/\/darwinia.standardof.net\/wp-content\/uploads\/sites\/7\/2020\/10\/darwinia1.jpg",1100,369,false],"2048x2048":["https:\/\/darwinia.standardof.net\/wp-content\/uploads\/sites\/7\/2020\/10\/darwinia1.jpg",1100,369,false],"trp-custom-language-flag":["https:\/\/darwinia.standardof.net\/wp-content\/uploads\/sites\/7\/2020\/10\/darwinia1-16x5.jpg",16,5,true]},"uagb_author_info":{"display_name":"SOE","author_link":"https:\/\/darwinia.standardof.net\/fr\/author\/k-tastic\/"},"uagb_comment_info":2,"uagb_excerpt":"These pages serve as the guide and walkthrough resource index for the PC game Darwinia, by Introversion Software. Within you will find sections covering how to beat all the levels, with special info on all the game&#8217;s units, weapons, building and enemies. Feel free to leave any comments or suggestions on these guides or what&hellip;","_links":{"self":[{"href":"https:\/\/darwinia.standardof.net\/fr\/wp-json\/wp\/v2\/pages\/168"}],"collection":[{"href":"https:\/\/darwinia.standardof.net\/fr\/wp-json\/wp\/v2\/pages"}],"about":[{"href":"https:\/\/darwinia.standardof.net\/fr\/wp-json\/wp\/v2\/types\/page"}],"author":[{"embeddable":true,"href":"https:\/\/darwinia.standardof.net\/fr\/wp-json\/wp\/v2\/users\/1"}],"replies":[{"embeddable":true,"href":"https:\/\/darwinia.standardof.net\/fr\/wp-json\/wp\/v2\/comments?post=168"}],"version-history":[{"count":0,"href":"https:\/\/darwinia.standardof.net\/fr\/wp-json\/wp\/v2\/pages\/168\/revisions"}],"wp:featuredmedia":[{"embeddable":true,"href":"https:\/\/darwinia.standardof.net\/fr\/wp-json\/wp\/v2\/media\/13"}],"wp:attachment":[{"href":"https:\/\/darwinia.standardof.net\/fr\/wp-json\/wp\/v2\/media?parent=168"}],"curies":[{"name":"wp","href":"https:\/\/api.w.org\/{rel}","templated":true}]}}