{"id":250,"date":"2020-10-30T17:59:53","date_gmt":"2020-10-30T17:59:53","guid":{"rendered":"https:\/\/darwinia.standardof.net\/?page_id=250"},"modified":"2020-10-30T19:29:18","modified_gmt":"2020-10-30T19:29:18","slug":"temple","status":"publish","type":"page","link":"https:\/\/darwinia.standardof.net\/es\/guide\/tutoriales-de-nivel\/templo\/","title":{"rendered":"templo"},"content":{"rendered":"<div class=\"wp-block-group\"><div class=\"wp-block-group__inner-container is-layout-flow wp-block-group-is-layout-flow\">\n<div style=\"height:20px\" aria-hidden=\"true\" class=\"wp-block-spacer\"><\/div>\n<\/div><\/div>\n\n\n\n<div class=\"wp-block-columns is-layout-flex wp-container-core-columns-is-layout-1 wp-block-columns-is-layout-flex\">\n<div class=\"wp-block-column is-layout-flow wp-block-column-is-layout-flow\">\n<p>El Templo es el nivel final de la historia principal de <em>Darwinia. <\/em>Es aqu\u00ed donde se descubre la verdad detr\u00e1s de la infecci\u00f3n por virus. Resulta que el <strong><a href=\"https:\/\/darwinia.standardof.net\/es\/guide\/unidades\/darwinianos\/\" class=\"rank-math-link\">Darwinianos<\/a> <\/strong>logr\u00f3 realinear el puerto troncal aqu\u00ed a lo que pensaban que era el cielo, pero en realidad era la computadora de trabajo del doctor Sep\u00falveda. Lo que sucedi\u00f3 a continuaci\u00f3n impact\u00f3 a su sociedad para siempre, despu\u00e9s de haber descargado los datos de investigaci\u00f3n del m\u00e9dico que conten\u00edan toda la informaci\u00f3n sobre la existencia de los darwinianos y c\u00f3mo fueron creados. En el proceso lograron descargar 3 correos electr\u00f3nicos no deseados que conten\u00edan virus desagradables, que se materializaron en el mundo de <em>Darwinia<\/em> en el virus con el que ha estado luchando todo el tiempo.<\/p>\n<\/div>\n\n\n\n<div class=\"wp-block-column is-layout-flow wp-block-column-is-layout-flow\">\n<figure class=\"wp-block-image size-large\"><a href=\"https:\/\/darwinia.standardof.net\/es\/guide\/tutoriales-de-nivel\/templo\/darwinia-level-11-temple-1\/\"><img decoding=\"async\" width=\"470\" height=\"294\" src=\"https:\/\/darwinia.standardof.net\/wp-content\/uploads\/sites\/7\/2020\/10\/Darwinia-Level-11-Temple-1.jpg\" alt=\"\" class=\"wp-image-158\" srcset=\"https:\/\/darwinia.standardof.net\/wp-content\/uploads\/sites\/7\/2020\/10\/Darwinia-Level-11-Temple-1.jpg 470w, https:\/\/darwinia.standardof.net\/wp-content\/uploads\/sites\/7\/2020\/10\/Darwinia-Level-11-Temple-1-200x125.jpg 200w, https:\/\/darwinia.standardof.net\/wp-content\/uploads\/sites\/7\/2020\/10\/Darwinia-Level-11-Temple-1-16x10.jpg 16w\" sizes=\"(max-width: 470px) 100vw, 470px\" \/><\/a><\/figure>\n<\/div>\n<\/div>\n\n\n\n<div class=\"wp-block-columns is-layout-flex wp-container-core-columns-is-layout-2 wp-block-columns-is-layout-flex\">\n<div class=\"wp-block-column is-layout-flow wp-block-column-is-layout-flow\">\n<p>Estos 3 <strong><a href=\"https:\/\/darwinia.standardof.net\/es\/guide\/enemigos\/\" class=\"rank-math-link\">virus<\/a> <\/strong>Los correos electr\u00f3nicos infectados son el objetivo principal del nivel del Templo, y los 3 deben ser destruidos para finalmente deshacerse <em>Darwinia<\/em> de la infecci\u00f3n. Cada correo se encuentra en una isla y lanza un ataque de virus de vez en cuando que matar\u00e1 a los darwinianos y sus programas mientras genera virus adicionales. No hay forma de evitar esto, as\u00ed que espere que llegue a un ritmo regular.<\/p>\n<\/div>\n\n\n\n<div class=\"wp-block-column is-layout-flow wp-block-column-is-layout-flow\">\n<figure class=\"wp-block-image size-large\"><a href=\"https:\/\/darwinia.standardof.net\/es\/guide\/tutoriales-de-nivel\/templo\/darwinia-level-11-temple-2\/\"><img decoding=\"async\" width=\"470\" height=\"294\" src=\"https:\/\/darwinia.standardof.net\/wp-content\/uploads\/sites\/7\/2020\/10\/Darwinia-Level-11-Temple-2.jpg\" alt=\"\" class=\"wp-image-159\" srcset=\"https:\/\/darwinia.standardof.net\/wp-content\/uploads\/sites\/7\/2020\/10\/Darwinia-Level-11-Temple-2.jpg 470w, https:\/\/darwinia.standardof.net\/wp-content\/uploads\/sites\/7\/2020\/10\/Darwinia-Level-11-Temple-2-200x125.jpg 200w, https:\/\/darwinia.standardof.net\/wp-content\/uploads\/sites\/7\/2020\/10\/Darwinia-Level-11-Temple-2-16x10.jpg 16w\" sizes=\"(max-width: 470px) 100vw, 470px\" \/><\/a><\/figure>\n<\/div>\n<\/div>\n\n\n\n<div class=\"wp-block-columns is-layout-flex wp-container-core-columns-is-layout-3 wp-block-columns-is-layout-flex\">\n<div class=\"wp-block-column is-layout-flow wp-block-column-is-layout-flow\">\n<p>Un beneficio del Templo sobre otros niveles es que puedes capturar sigilosamente casi todos los <a href=\"https:\/\/darwinia.standardof.net\/es\/guide\/edificios\/\" class=\"rank-math-link\"><strong>Torres de control<\/strong><\/a> aqu\u00ed, incluidos muchos <a href=\"https:\/\/darwinia.standardof.net\/es\/guide\/edificios\/\" class=\"rank-math-link\"><strong>Platos de radar<\/strong> <\/a>y el <a href=\"https:\/\/darwinia.standardof.net\/es\/guide\/edificios\/\" class=\"rank-math-link\"><strong>Incubadoras<\/strong><\/a>. Haga esto primero con los ingenieros para tener muchas opciones de ataque. Las Torres de Control defendidas por <strong><a href=\"https:\/\/darwinia.standardof.net\/es\/guide\/enemigos\/arana\/\" class=\"rank-math-link\">Ara\u00f1as<\/a> <\/strong>son f\u00e1ciles de capturar si tiene varios <strong><a href=\"https:\/\/darwinia.standardof.net\/es\/guide\/unidades\/ingeniero\/\" class=\"rank-math-link\">Ingenieros<\/a> <\/strong>con uno o dos movi\u00e9ndose como distracciones. Puede eliminar el correo electr\u00f3nico lateral ubicado en la isla en su mayor\u00eda est\u00e9ril tapando sigilosamente el plato de radar y haciendo que los escuadrones usen <strong><a href=\"https:\/\/darwinia.standardof.net\/es\/guide\/armas\/\" class=\"rank-math-link\">Ataques a\u00e9reos<\/a> <\/strong>u otros explosivos. Los otros dos correos electr\u00f3nicos no deseados son el darwiniano en la isla con rojos y el correo electr\u00f3nico del templo donde est\u00e1 el puerto troncal realineado.<\/p>\n<\/div>\n\n\n\n<div class=\"wp-block-column is-layout-flow wp-block-column-is-layout-flow\">\n<figure class=\"wp-block-image size-large\"><a href=\"https:\/\/darwinia.standardof.net\/es\/guide\/tutoriales-de-nivel\/templo\/darwinia-level-11-temple-3\/\"><img decoding=\"async\" width=\"470\" height=\"294\" src=\"https:\/\/darwinia.standardof.net\/wp-content\/uploads\/sites\/7\/2020\/10\/Darwinia-Level-11-Temple-3.jpg\" alt=\"\" class=\"wp-image-160\" srcset=\"https:\/\/darwinia.standardof.net\/wp-content\/uploads\/sites\/7\/2020\/10\/Darwinia-Level-11-Temple-3.jpg 470w, https:\/\/darwinia.standardof.net\/wp-content\/uploads\/sites\/7\/2020\/10\/Darwinia-Level-11-Temple-3-200x125.jpg 200w, https:\/\/darwinia.standardof.net\/wp-content\/uploads\/sites\/7\/2020\/10\/Darwinia-Level-11-Temple-3-16x10.jpg 16w\" sizes=\"(max-width: 470px) 100vw, 470px\" \/><\/a><\/figure>\n<\/div>\n<\/div>\n\n\n\n<p>Usa las incubadoras para generar verdes que sirvan a los Spawners en la isla inicial para construir tu ej\u00e9rcito. Crea un grupo de torretas y despli\u00e9galas con los darwinianos alrededor de los bordes de la isla Temple para controlar la infecci\u00f3n viral all\u00ed, luego haz un seguimiento con los escuadrones para apresurarse y colocar balizas de Airstrike en el correo electr\u00f3nico aqu\u00ed para eliminarlo.<\/p>\n\n\n\n<div class=\"wp-block-columns is-layout-flex wp-container-core-columns-is-layout-4 wp-block-columns-is-layout-flex\">\n<div class=\"wp-block-column is-layout-flow wp-block-column-is-layout-flow\">\n<p>Finalmente querr\u00e1s moverte contra la isla darwiniana roja para sacar el \u00faltimo correo electr\u00f3nico aqu\u00ed. Puede utilizar una invasi\u00f3n masiva de greens para cubrir un grupo insurgente de escuadrones para irrumpir y colocar balizas de ataque a\u00e9reo en el correo electr\u00f3nico. Intente evitar o eliminar la torreta aqu\u00ed cuando haga esto, ya que destrozar\u00e1 sus unidades si no se maneja r\u00e1pidamente. Intenta evitar el uso de torretas en esta isla a menos que quieras capturar a los Generadores, ya que los rojos pueden tomarla y usarla en tu contra. Una vez que los 3 correos electr\u00f3nicos hayan desaparecido, recibir\u00e1 un poco de R&amp;R por sus esfuerzos para salvar el Proyecto de investigaci\u00f3n de vida simulada de Darwin.<\/p>\n<\/div>\n\n\n\n<div class=\"wp-block-column is-layout-flow wp-block-column-is-layout-flow\">\n<figure class=\"wp-block-image size-large\"><a href=\"https:\/\/darwinia.standardof.net\/es\/guide\/tutoriales-de-nivel\/templo\/darwinia-level-11-temple-4\/\"><img decoding=\"async\" width=\"470\" height=\"294\" src=\"https:\/\/darwinia.standardof.net\/wp-content\/uploads\/sites\/7\/2020\/10\/Darwinia-Level-11-Temple-4.jpg\" alt=\"\" class=\"wp-image-161\" srcset=\"https:\/\/darwinia.standardof.net\/wp-content\/uploads\/sites\/7\/2020\/10\/Darwinia-Level-11-Temple-4.jpg 470w, https:\/\/darwinia.standardof.net\/wp-content\/uploads\/sites\/7\/2020\/10\/Darwinia-Level-11-Temple-4-200x125.jpg 200w, https:\/\/darwinia.standardof.net\/wp-content\/uploads\/sites\/7\/2020\/10\/Darwinia-Level-11-Temple-4-16x10.jpg 16w\" sizes=\"(max-width: 470px) 100vw, 470px\" \/><\/a><\/figure>\n<\/div>\n<\/div>\n\n\n\n<h3 class=\"wp-block-heading\">Temple - Darwinia Video gu\u00eda<\/h3>\n\n\n\n<figure class=\"wp-block-embed-youtube wp-block-embed is-type-video is-provider-youtube wp-embed-aspect-16-9 wp-has-aspect-ratio\"><div class=\"wp-block-embed__wrapper\">\n<div class=\"ast-oembed-container\" style=\"height: 100%;\"><iframe title=\"Darwinia - Templo - Tutorial de nivel completo\" width=\"500\" height=\"281\" src=\"https:\/\/www.youtube.com\/embed\/spLZMzykvWo?feature=oembed\" frameborder=\"0\" allow=\"accelerometer; autoplay; clipboard-write; encrypted-media; gyroscope; picture-in-picture; web-share\" referrerpolicy=\"strict-origin-when-cross-origin\" allowfullscreen><\/iframe><\/div>\n<\/div><\/figure>\n\n\n\n<div class=\"wp-block-buttons is-layout-flex wp-block-buttons-is-layout-flex\">\n<div class=\"wp-block-button is-style-outline\"><a class=\"wp-block-button__link\" href=\"https:\/\/darwinia.standardof.net\/es\/guide\/tutoriales-de-nivel\/biosfera\/\">Nivel anterior: Biosfera<\/a><\/div>\n<\/div>","protected":false},"excerpt":{"rendered":"<p>The Temple is the final level in the main story line of Darwinia. It is here that the truth behind the virus infection is uncovered. As it turns out, the Darwinians managed to realign the Trunk Port here to what they thought was Heaven, but was actually Doctor Sepulveda&#8217;s work computer. What happened next impacted [&hellip;]<\/p>","protected":false},"author":1,"featured_media":159,"parent":229,"menu_order":11,"comment_status":"open","ping_status":"closed","template":"","meta":{"_uag_custom_page_level_css":"","site-sidebar-layout":"default","site-content-layout":"default","ast-site-content-layout":"","site-content-style":"default","site-sidebar-style":"default","ast-global-header-display":"","ast-banner-title-visibility":"","ast-main-header-display":"","ast-hfb-above-header-display":"","ast-hfb-below-header-display":"","ast-hfb-mobile-header-display":"","site-post-title":"","ast-breadcrumbs-content":"","ast-featured-img":"","footer-sml-layout":"","theme-transparent-header-meta":"default","adv-header-id-meta":"","stick-header-meta":"","header-above-stick-meta":"","header-main-stick-meta":"","header-below-stick-meta":"","astra-migrate-meta-layouts":"default","ast-page-background-enabled":"default","ast-page-background-meta":{"desktop":{"background-color":"","background-image":"","background-repeat":"repeat","background-position":"center center","background-size":"auto","background-attachment":"scroll","background-type":"","background-media":"","overlay-type":"","overlay-color":"","overlay-gradient":""},"tablet":{"background-color":"","background-image":"","background-repeat":"repeat","background-position":"center center","background-size":"auto","background-attachment":"scroll","background-type":"","background-media":"","overlay-type":"","overlay-color":"","overlay-gradient":""},"mobile":{"background-color":"","background-image":"","background-repeat":"repeat","background-position":"center center","background-size":"auto","background-attachment":"scroll","background-type":"","background-media":"","overlay-type":"","overlay-color":"","overlay-gradient":""}},"ast-content-background-meta":{"desktop":{"background-color":"var(--ast-global-color-5)","background-image":"","background-repeat":"repeat","background-position":"center center","background-size":"auto","background-attachment":"scroll","background-type":"","background-media":"","overlay-type":"","overlay-color":"","overlay-gradient":""},"tablet":{"background-color":"var(--ast-global-color-5)","background-image":"","background-repeat":"repeat","background-position":"center center","background-size":"auto","background-attachment":"scroll","background-type":"","background-media":"","overlay-type":"","overlay-color":"","overlay-gradient":""},"mobile":{"background-color":"var(--ast-global-color-5)","background-image":"","background-repeat":"repeat","background-position":"center center","background-size":"auto","background-attachment":"scroll","background-type":"","background-media":"","overlay-type":"","overlay-color":"","overlay-gradient":""}},"footnotes":""},"uagb_featured_image_src":{"full":["https:\/\/darwinia.standardof.net\/wp-content\/uploads\/sites\/7\/2020\/10\/Darwinia-Level-11-Temple-2.jpg",470,294,false],"thumbnail":["https:\/\/darwinia.standardof.net\/wp-content\/uploads\/sites\/7\/2020\/10\/Darwinia-Level-11-Temple-2-200x125.jpg",200,125,true],"medium":["https:\/\/darwinia.standardof.net\/wp-content\/uploads\/sites\/7\/2020\/10\/Darwinia-Level-11-Temple-2.jpg",470,294,false],"medium_large":["https:\/\/darwinia.standardof.net\/wp-content\/uploads\/sites\/7\/2020\/10\/Darwinia-Level-11-Temple-2.jpg",470,294,false],"large":["https:\/\/darwinia.standardof.net\/wp-content\/uploads\/sites\/7\/2020\/10\/Darwinia-Level-11-Temple-2.jpg",470,294,false],"1536x1536":["https:\/\/darwinia.standardof.net\/wp-content\/uploads\/sites\/7\/2020\/10\/Darwinia-Level-11-Temple-2.jpg",470,294,false],"2048x2048":["https:\/\/darwinia.standardof.net\/wp-content\/uploads\/sites\/7\/2020\/10\/Darwinia-Level-11-Temple-2.jpg",470,294,false],"trp-custom-language-flag":["https:\/\/darwinia.standardof.net\/wp-content\/uploads\/sites\/7\/2020\/10\/Darwinia-Level-11-Temple-2-16x10.jpg",16,10,true]},"uagb_author_info":{"display_name":"SOE","author_link":"https:\/\/darwinia.standardof.net\/es\/author\/k-tastic\/"},"uagb_comment_info":0,"uagb_excerpt":"The Temple is the final level in the main story line of Darwinia. It is here that the truth behind the virus infection is uncovered. As it turns out, the Darwinians managed to realign the Trunk Port here to what they thought was Heaven, but was actually Doctor Sepulveda&#8217;s work computer. What happened next impacted&hellip;","_links":{"self":[{"href":"https:\/\/darwinia.standardof.net\/es\/wp-json\/wp\/v2\/pages\/250"}],"collection":[{"href":"https:\/\/darwinia.standardof.net\/es\/wp-json\/wp\/v2\/pages"}],"about":[{"href":"https:\/\/darwinia.standardof.net\/es\/wp-json\/wp\/v2\/types\/page"}],"author":[{"embeddable":true,"href":"https:\/\/darwinia.standardof.net\/es\/wp-json\/wp\/v2\/users\/1"}],"replies":[{"embeddable":true,"href":"https:\/\/darwinia.standardof.net\/es\/wp-json\/wp\/v2\/comments?post=250"}],"version-history":[{"count":0,"href":"https:\/\/darwinia.standardof.net\/es\/wp-json\/wp\/v2\/pages\/250\/revisions"}],"up":[{"embeddable":true,"href":"https:\/\/darwinia.standardof.net\/es\/wp-json\/wp\/v2\/pages\/229"}],"wp:featuredmedia":[{"embeddable":true,"href":"https:\/\/darwinia.standardof.net\/es\/wp-json\/wp\/v2\/media\/159"}],"wp:attachment":[{"href":"https:\/\/darwinia.standardof.net\/es\/wp-json\/wp\/v2\/media?parent=250"}],"curies":[{"name":"wp","href":"https:\/\/api.w.org\/{rel}","templated":true}]}}