{"id":247,"date":"2020-10-30T17:58:55","date_gmt":"2020-10-30T17:58:55","guid":{"rendered":"https:\/\/darwinia.standardof.net\/?page_id=247"},"modified":"2020-10-30T18:35:28","modified_gmt":"2020-10-30T18:35:28","slug":"receiver","status":"publish","type":"page","link":"https:\/\/darwinia.standardof.net\/es\/guide\/tutoriales-de-nivel\/receptor\/","title":{"rendered":"Receptor"},"content":{"rendered":"<div class=\"wp-block-group\"><div class=\"wp-block-group__inner-container is-layout-flow wp-block-group-is-layout-flow\">\n<div style=\"height:20px\" aria-hidden=\"true\" class=\"wp-block-spacer\"><\/div>\n<\/div><\/div>\n\n\n\n<div class=\"wp-block-columns is-layout-flex wp-container-core-columns-is-layout-1 wp-block-columns-is-layout-flex\">\n<div class=\"wp-block-column is-layout-flow wp-block-column-is-layout-flow\">\n<p>El nivel del receptor en <em>Darwinia<\/em> es donde las almas de los darwinianos vuelven a caer al suelo, para ser recogidas por torres gigantes que env\u00edan las almas al <strong><a href=\"https:\/\/darwinia.standardof.net\/es\/guide\/tutoriales-de-nivel\/bufer-de-patron\/\" class=\"rank-math-link\">B\u00fafer de patr\u00f3n<\/a> <\/strong>para la reencarnaci\u00f3n. Debido a este prop\u00f3sito, el nivel del Receptor se considera terreno sagrado para los darwinianos. Tienes dos objetivos principales aqu\u00ed, primero, manejar suficientes torres receptoras con darwinianos para recolectar 50 almas por minuto y, segundo, habilitar el <strong><a href=\"https:\/\/darwinia.standardof.net\/es\/guide\/tutoriales-de-nivel\/biosfera\/\" class=\"rank-math-link\">Biosfera<\/a> <\/strong>Puerto troncal para el env\u00edo de las almas.<\/p>\n<\/div>\n\n\n\n<div class=\"wp-block-column is-layout-flow wp-block-column-is-layout-flow\">\n<figure class=\"wp-block-image size-large\"><a href=\"https:\/\/darwinia.standardof.net\/es\/guide\/tutoriales-de-nivel\/receptor\/darwinia-level-08-receiver-1\/\"><img decoding=\"async\" width=\"470\" height=\"264\" src=\"https:\/\/darwinia.standardof.net\/wp-content\/uploads\/sites\/7\/2020\/10\/Darwinia-Level-08-Receiver-1.jpg\" alt=\"\" class=\"wp-image-143\" srcset=\"https:\/\/darwinia.standardof.net\/wp-content\/uploads\/sites\/7\/2020\/10\/Darwinia-Level-08-Receiver-1.jpg 470w, https:\/\/darwinia.standardof.net\/wp-content\/uploads\/sites\/7\/2020\/10\/Darwinia-Level-08-Receiver-1-200x112.jpg 200w, https:\/\/darwinia.standardof.net\/wp-content\/uploads\/sites\/7\/2020\/10\/Darwinia-Level-08-Receiver-1-16x9.jpg 16w\" sizes=\"(max-width: 470px) 100vw, 470px\" \/><\/a><\/figure>\n<\/div>\n<\/div>\n\n\n\n<div class=\"wp-block-columns is-layout-flex wp-container-core-columns-is-layout-2 wp-block-columns-is-layout-flex\">\n<div class=\"wp-block-column is-layout-flow wp-block-column-is-layout-flow\">\n<p>Comience este nivel de <em>Darwinia<\/em> limpiando la primera isla donde se construye el Yard Trunk Port. Captura el <strong><a href=\"https:\/\/darwinia.standardof.net\/es\/guide\/edificios\/\" class=\"rank-math-link\">Incubadora<\/a> <\/strong>tan pronto como sea posible para que pueda comenzar a acumular algunos darwinianos. Desde aqu\u00ed puede trasladarse a la isla cercana con torres receptoras a trav\u00e9s del<strong> <a href=\"https:\/\/darwinia.standardof.net\/es\/guide\/edificios\/\" class=\"rank-math-link\">Plato de radar<\/a><\/strong>. Vaya aqu\u00ed a continuaci\u00f3n y limpie el \u00e1rea de la infecci\u00f3n del virus mientras vuelve a recolectar todas las almas que pueda. Puedes comenzar a enviar a tus darwinianos a trav\u00e9s del plato de radar para ayudar en la lucha y comenzar a manejar las torres para recolectar almas.<\/p>\n<\/div>\n\n\n\n<div class=\"wp-block-column is-layout-flow wp-block-column-is-layout-flow\">\n<figure class=\"wp-block-image size-large\"><a href=\"https:\/\/darwinia.standardof.net\/es\/guide\/tutoriales-de-nivel\/receptor\/darwinia-level-08-receiver-2\/\"><img decoding=\"async\" width=\"470\" height=\"264\" src=\"https:\/\/darwinia.standardof.net\/wp-content\/uploads\/sites\/7\/2020\/10\/Darwinia-Level-08-Receiver-2.jpg\" alt=\"\" class=\"wp-image-144\" srcset=\"https:\/\/darwinia.standardof.net\/wp-content\/uploads\/sites\/7\/2020\/10\/Darwinia-Level-08-Receiver-2.jpg 470w, https:\/\/darwinia.standardof.net\/wp-content\/uploads\/sites\/7\/2020\/10\/Darwinia-Level-08-Receiver-2-200x112.jpg 200w, https:\/\/darwinia.standardof.net\/wp-content\/uploads\/sites\/7\/2020\/10\/Darwinia-Level-08-Receiver-2-16x9.jpg 16w\" sizes=\"(max-width: 470px) 100vw, 470px\" \/><\/a><\/figure>\n<\/div>\n<\/div>\n\n\n\n<div class=\"wp-block-columns is-layout-flex wp-container-core-columns-is-layout-3 wp-block-columns-is-layout-flex\">\n<div class=\"wp-block-column is-layout-flow wp-block-column-is-layout-flow\">\n<p>Una vez que tengas estas dos islas bajo tu control, crea un poco de armadura y c\u00e1rgalas con darwinianos. Aseg\u00farate de traer al menos 20 <strong><a href=\"https:\/\/darwinia.standardof.net\/es\/guide\/unidades\/darwinianos\/\" class=\"rank-math-link\">Darwinianos<\/a> <\/strong>y 2 <strong><a href=\"https:\/\/darwinia.standardof.net\/es\/guide\/unidades\/armadura\/\" class=\"rank-math-link\">Torretas<\/a> <\/strong>a la isla central donde est\u00e1n los Destructores de Almas, y col\u00f3quelos cerca unos de otros, lo suficientemente cerca de las Ara\u00f1as y <a href=\"https:\/\/darwinia.standardof.net\/es\/guide\/enemigos\/destructor-de-almas\/\" class=\"rank-math-link\"><strong>Destructores de almas<\/strong><\/a> aqu\u00ed para dispararles, pero no lo suficientemente cerca como para que puedan matar a tus darwinianos antes de que puedan controlar la torreta.<\/p>\n<\/div>\n\n\n\n<div class=\"wp-block-column is-layout-flow wp-block-column-is-layout-flow\">\n<figure class=\"wp-block-image size-large\"><a href=\"https:\/\/darwinia.standardof.net\/es\/guide\/tutoriales-de-nivel\/receptor\/darwinia-level-08-receiver-3\/\"><img decoding=\"async\" width=\"470\" height=\"264\" src=\"https:\/\/darwinia.standardof.net\/wp-content\/uploads\/sites\/7\/2020\/10\/Darwinia-Level-08-Receiver-3.jpg\" alt=\"\" class=\"wp-image-145\" srcset=\"https:\/\/darwinia.standardof.net\/wp-content\/uploads\/sites\/7\/2020\/10\/Darwinia-Level-08-Receiver-3.jpg 470w, https:\/\/darwinia.standardof.net\/wp-content\/uploads\/sites\/7\/2020\/10\/Darwinia-Level-08-Receiver-3-200x112.jpg 200w, https:\/\/darwinia.standardof.net\/wp-content\/uploads\/sites\/7\/2020\/10\/Darwinia-Level-08-Receiver-3-16x9.jpg 16w\" sizes=\"(max-width: 470px) 100vw, 470px\" \/><\/a><\/figure>\n<\/div>\n<\/div>\n\n\n\n<div class=\"wp-block-columns is-layout-flex wp-container-core-columns-is-layout-4 wp-block-columns-is-layout-flex\">\n<div class=\"wp-block-column is-layout-flow wp-block-column-is-layout-flow\">\n<p>Una vez que esta isla central est\u00e9 despejada, puede capturar el puerto troncal de la biosfera antes de dirigirse a las dos \u00faltimas islas para capturar m\u00e1s torres receptoras. Sugiero tomar la isla con el <a href=\"https:\/\/darwinia.standardof.net\/es\/guide\/enemigos\/hormiga-militar\/\" class=\"rank-math-link\"><strong>Hormiga del ej\u00e9rcito<\/strong><\/a> infestaci\u00f3n primero, enviando un ej\u00e9rcito de darwinianos con torretas blindadas desplegadas para no solo capturar los receptores, sino tambi\u00e9n el puerto troncal al b\u00fafer de patrones, lo que le brinda una segunda ruta de ataque cuando comienza ese nivel. Solo sigue limpiando la infestaci\u00f3n y manejando m\u00e1s torres hasta que el objetivo marque como completado y puedas pasar al Patr\u00f3n Buffer.<\/p>\n<\/div>\n\n\n\n<div class=\"wp-block-column is-layout-flow wp-block-column-is-layout-flow\">\n<figure class=\"wp-block-image size-large\"><a href=\"https:\/\/darwinia.standardof.net\/es\/guide\/tutoriales-de-nivel\/receptor\/darwinia-level-08-receiver-4\/\"><img decoding=\"async\" width=\"470\" height=\"264\" src=\"https:\/\/darwinia.standardof.net\/wp-content\/uploads\/sites\/7\/2020\/10\/Darwinia-Level-08-Receiver-4.jpg\" alt=\"\" class=\"wp-image-146\" srcset=\"https:\/\/darwinia.standardof.net\/wp-content\/uploads\/sites\/7\/2020\/10\/Darwinia-Level-08-Receiver-4.jpg 470w, https:\/\/darwinia.standardof.net\/wp-content\/uploads\/sites\/7\/2020\/10\/Darwinia-Level-08-Receiver-4-200x112.jpg 200w, https:\/\/darwinia.standardof.net\/wp-content\/uploads\/sites\/7\/2020\/10\/Darwinia-Level-08-Receiver-4-16x9.jpg 16w\" sizes=\"(max-width: 470px) 100vw, 470px\" \/><\/a><\/figure>\n\n\n\n<figure class=\"wp-block-image size-large\"><a href=\"https:\/\/darwinia.standardof.net\/es\/guide\/tutoriales-de-nivel\/receptor\/darwinia-level-08-receiver-5\/\"><img decoding=\"async\" width=\"470\" height=\"264\" src=\"https:\/\/darwinia.standardof.net\/wp-content\/uploads\/sites\/7\/2020\/10\/Darwinia-Level-08-Receiver-5.jpg\" alt=\"\" class=\"wp-image-147\" srcset=\"https:\/\/darwinia.standardof.net\/wp-content\/uploads\/sites\/7\/2020\/10\/Darwinia-Level-08-Receiver-5.jpg 470w, https:\/\/darwinia.standardof.net\/wp-content\/uploads\/sites\/7\/2020\/10\/Darwinia-Level-08-Receiver-5-200x112.jpg 200w, https:\/\/darwinia.standardof.net\/wp-content\/uploads\/sites\/7\/2020\/10\/Darwinia-Level-08-Receiver-5-16x9.jpg 16w\" sizes=\"(max-width: 470px) 100vw, 470px\" \/><\/a><\/figure>\n<\/div>\n<\/div>\n\n\n\n<h3 class=\"wp-block-heading\">Receptor - Tutorial en v\u00eddeo de Darwinia<\/h3>\n\n\n\n<figure class=\"wp-block-embed-youtube wp-block-embed is-type-video is-provider-youtube wp-embed-aspect-16-9 wp-has-aspect-ratio\"><div class=\"wp-block-embed__wrapper\">\n<div class=\"ast-oembed-container\" style=\"height: 100%;\"><iframe title=\"Darwinia - Receptor - Tutorial de nivel completo\" width=\"500\" height=\"281\" src=\"https:\/\/www.youtube.com\/embed\/KhS19ADQuJg?feature=oembed\" frameborder=\"0\" allow=\"accelerometer; autoplay; clipboard-write; encrypted-media; gyroscope; picture-in-picture; web-share\" referrerpolicy=\"strict-origin-when-cross-origin\" allowfullscreen><\/iframe><\/div>\n<\/div><\/figure>\n\n\n\n<div class=\"wp-block-buttons aligncenter is-layout-flex wp-block-buttons-is-layout-flex\">\n<div class=\"wp-block-button is-style-outline\"><a class=\"wp-block-button__link\" href=\"https:\/\/darwinia.standardof.net\/es\/guide\/tutoriales-de-nivel\/yarda\/\">Nivel anterior: Patio<\/a><\/div>\n\n\n\n<div class=\"wp-block-button\"><a class=\"wp-block-button__link\" href=\"https:\/\/darwinia.standardof.net\/es\/guide\/tutoriales-de-nivel\/bufer-de-patron\/\">Siguiente nivel: b\u00fafer de patrones<\/a><\/div>\n<\/div>","protected":false},"excerpt":{"rendered":"<p>The Receiver level in Darwinia is where the souls of the Darwinians fall back down to the ground, to be collected by giant towers that send the souls to the Pattern Buffer for reincarnation. Because of this purpose, the Receiver level is considered holy ground to the Darwinians. You have two primary objectives here, first [&hellip;]<\/p>","protected":false},"author":1,"featured_media":146,"parent":229,"menu_order":8,"comment_status":"open","ping_status":"closed","template":"","meta":{"_uag_custom_page_level_css":"","site-sidebar-layout":"default","site-content-layout":"default","ast-site-content-layout":"","site-content-style":"default","site-sidebar-style":"default","ast-global-header-display":"","ast-banner-title-visibility":"","ast-main-header-display":"","ast-hfb-above-header-display":"","ast-hfb-below-header-display":"","ast-hfb-mobile-header-display":"","site-post-title":"","ast-breadcrumbs-content":"","ast-featured-img":"","footer-sml-layout":"","theme-transparent-header-meta":"default","adv-header-id-meta":"","stick-header-meta":"","header-above-stick-meta":"","header-main-stick-meta":"","header-below-stick-meta":"","astra-migrate-meta-layouts":"default","ast-page-background-enabled":"default","ast-page-background-meta":{"desktop":{"background-color":"","background-image":"","background-repeat":"repeat","background-position":"center center","background-size":"auto","background-attachment":"scroll","background-type":"","background-media":"","overlay-type":"","overlay-color":"","overlay-gradient":""},"tablet":{"background-color":"","background-image":"","background-repeat":"repeat","background-position":"center center","background-size":"auto","background-attachment":"scroll","background-type":"","background-media":"","overlay-type":"","overlay-color":"","overlay-gradient":""},"mobile":{"background-color":"","background-image":"","background-repeat":"repeat","background-position":"center center","background-size":"auto","background-attachment":"scroll","background-type":"","background-media":"","overlay-type":"","overlay-color":"","overlay-gradient":""}},"ast-content-background-meta":{"desktop":{"background-color":"var(--ast-global-color-5)","background-image":"","background-repeat":"repeat","background-position":"center center","background-size":"auto","background-attachment":"scroll","background-type":"","background-media":"","overlay-type":"","overlay-color":"","overlay-gradient":""},"tablet":{"background-color":"var(--ast-global-color-5)","background-image":"","background-repeat":"repeat","background-position":"center center","background-size":"auto","background-attachment":"scroll","background-type":"","background-media":"","overlay-type":"","overlay-color":"","overlay-gradient":""},"mobile":{"background-color":"var(--ast-global-color-5)","background-image":"","background-repeat":"repeat","background-position":"center center","background-size":"auto","background-attachment":"scroll","background-type":"","background-media":"","overlay-type":"","overlay-color":"","overlay-gradient":""}},"footnotes":""},"uagb_featured_image_src":{"full":["https:\/\/darwinia.standardof.net\/wp-content\/uploads\/sites\/7\/2020\/10\/Darwinia-Level-08-Receiver-4.jpg",470,264,false],"thumbnail":["https:\/\/darwinia.standardof.net\/wp-content\/uploads\/sites\/7\/2020\/10\/Darwinia-Level-08-Receiver-4-200x112.jpg",200,112,true],"medium":["https:\/\/darwinia.standardof.net\/wp-content\/uploads\/sites\/7\/2020\/10\/Darwinia-Level-08-Receiver-4.jpg",470,264,false],"medium_large":["https:\/\/darwinia.standardof.net\/wp-content\/uploads\/sites\/7\/2020\/10\/Darwinia-Level-08-Receiver-4.jpg",470,264,false],"large":["https:\/\/darwinia.standardof.net\/wp-content\/uploads\/sites\/7\/2020\/10\/Darwinia-Level-08-Receiver-4.jpg",470,264,false],"1536x1536":["https:\/\/darwinia.standardof.net\/wp-content\/uploads\/sites\/7\/2020\/10\/Darwinia-Level-08-Receiver-4.jpg",470,264,false],"2048x2048":["https:\/\/darwinia.standardof.net\/wp-content\/uploads\/sites\/7\/2020\/10\/Darwinia-Level-08-Receiver-4.jpg",470,264,false],"trp-custom-language-flag":["https:\/\/darwinia.standardof.net\/wp-content\/uploads\/sites\/7\/2020\/10\/Darwinia-Level-08-Receiver-4-16x9.jpg",16,9,true]},"uagb_author_info":{"display_name":"SOE","author_link":"https:\/\/darwinia.standardof.net\/es\/author\/k-tastic\/"},"uagb_comment_info":17,"uagb_excerpt":"The Receiver level in Darwinia is where the souls of the Darwinians fall back down to the ground, to be collected by giant towers that send the souls to the Pattern Buffer for reincarnation. Because of this purpose, the Receiver level is considered holy ground to the Darwinians. You have two primary objectives here, first&hellip;","_links":{"self":[{"href":"https:\/\/darwinia.standardof.net\/es\/wp-json\/wp\/v2\/pages\/247"}],"collection":[{"href":"https:\/\/darwinia.standardof.net\/es\/wp-json\/wp\/v2\/pages"}],"about":[{"href":"https:\/\/darwinia.standardof.net\/es\/wp-json\/wp\/v2\/types\/page"}],"author":[{"embeddable":true,"href":"https:\/\/darwinia.standardof.net\/es\/wp-json\/wp\/v2\/users\/1"}],"replies":[{"embeddable":true,"href":"https:\/\/darwinia.standardof.net\/es\/wp-json\/wp\/v2\/comments?post=247"}],"version-history":[{"count":0,"href":"https:\/\/darwinia.standardof.net\/es\/wp-json\/wp\/v2\/pages\/247\/revisions"}],"up":[{"embeddable":true,"href":"https:\/\/darwinia.standardof.net\/es\/wp-json\/wp\/v2\/pages\/229"}],"wp:featuredmedia":[{"embeddable":true,"href":"https:\/\/darwinia.standardof.net\/es\/wp-json\/wp\/v2\/media\/146"}],"wp:attachment":[{"href":"https:\/\/darwinia.standardof.net\/es\/wp-json\/wp\/v2\/media?parent=247"}],"curies":[{"name":"wp","href":"https:\/\/api.w.org\/{rel}","templated":true}]}}