{"id":246,"date":"2020-10-30T17:58:35","date_gmt":"2020-10-30T17:58:35","guid":{"rendered":"https:\/\/darwinia.standardof.net\/?page_id=246"},"modified":"2020-10-30T18:31:33","modified_gmt":"2020-10-30T18:31:33","slug":"yard","status":"publish","type":"page","link":"https:\/\/darwinia.standardof.net\/es\/guide\/tutoriales-de-nivel\/yarda\/","title":{"rendered":"Yarda"},"content":{"rendered":"<div class=\"wp-block-group\"><div class=\"wp-block-group__inner-container is-layout-flow wp-block-group-is-layout-flow\">\n<div style=\"height:20px\" aria-hidden=\"true\" class=\"wp-block-spacer\"><\/div>\n<\/div><\/div>\n\n\n\n<div class=\"wp-block-columns is-layout-flex wp-container-core-columns-is-layout-1 wp-block-columns-is-layout-flex\">\n<div class=\"wp-block-column is-layout-flow wp-block-column-is-layout-flow\">\n<p>El nivel Yard es el paso final en el proceso de ensamblaje del sistema de fabricaci\u00f3n darwiniano en <em>Darwinia<\/em>. Es aqu\u00ed donde las primitivas refinadas del <a href=\"https:\/\/darwinia.standardof.net\/es\/guide\/tutoriales-de-nivel\/mia\/\" class=\"rank-math-link\"><strong>M\u00eda<\/strong><\/a>, y el poder del Generador se utiliza para crear el veh\u00edculo blindado y la torreta. Tus objetivos en este <em>Darwinia <\/em>nivel es primero, habilite el <strong><a href=\"https:\/\/darwinia.standardof.net\/es\/guide\/tutoriales-de-nivel\/generador\/\" class=\"rank-math-link\">Generador<\/a> <\/strong>Trunk Port, comience a producir Armor manejando el patio de construcci\u00f3n con darwinianos, destruya la Infecci\u00f3n de hormigas y capture los tres puertos de troncales que est\u00e1n en la misma \u00e1rea que Ant Hills.<\/p>\n<\/div>\n\n\n\n<div class=\"wp-block-column is-layout-flow wp-block-column-is-layout-flow\">\n<figure class=\"wp-block-image size-large\"><a href=\"https:\/\/darwinia.standardof.net\/es\/guide\/tutoriales-de-nivel\/yarda\/darwinia-level-07-yard-1\/\"><img decoding=\"async\" width=\"470\" height=\"294\" src=\"https:\/\/darwinia.standardof.net\/wp-content\/uploads\/sites\/7\/2020\/10\/Darwinia-Level-07-Yard-1.jpg\" alt=\"\" class=\"wp-image-138\" srcset=\"https:\/\/darwinia.standardof.net\/wp-content\/uploads\/sites\/7\/2020\/10\/Darwinia-Level-07-Yard-1.jpg 470w, https:\/\/darwinia.standardof.net\/wp-content\/uploads\/sites\/7\/2020\/10\/Darwinia-Level-07-Yard-1-200x125.jpg 200w, https:\/\/darwinia.standardof.net\/wp-content\/uploads\/sites\/7\/2020\/10\/Darwinia-Level-07-Yard-1-16x10.jpg 16w\" sizes=\"(max-width: 470px) 100vw, 470px\" \/><\/a><\/figure>\n<\/div>\n<\/div>\n\n\n\n<div class=\"wp-block-columns is-layout-flex wp-container-core-columns-is-layout-2 wp-block-columns-is-layout-flex\">\n<div class=\"wp-block-column is-layout-flow wp-block-column-is-layout-flow\">\n<p>Comienza esta misi\u00f3n generando algunos <strong><a href=\"https:\/\/darwinia.standardof.net\/es\/guide\/unidades\/ingeniero\/\" class=\"rank-math-link\">Ingenieros<\/a> <\/strong>por el <a href=\"https:\/\/darwinia.standardof.net\/es\/guide\/tutoriales-de-nivel\/contencion\/\" class=\"rank-math-link\"><strong>Contenci\u00f3n <\/strong><\/a>Puerto troncal. S\u00e1quelos de la isla y al\u00e9jese del virus aqu\u00ed para capturar la Torre de control que alimenta el Plato de radar ubicado en el extremo m\u00e1s alejado de la isla central que contiene la instalaci\u00f3n de fabricaci\u00f3n. Esta es una t\u00e1ctica sugerida, ya que le permite omitir la eliminaci\u00f3n del virus en esta isla, hasta que haya capturado una Incubadora, y pueda crear una fuerza a partir de las almas arrojadas aqu\u00ed, en lugar de dejar que se desperdicien.<\/p>\n<\/div>\n\n\n\n<div class=\"wp-block-column is-layout-flow wp-block-column-is-layout-flow\">\n<figure class=\"wp-block-image size-large\"><a href=\"https:\/\/darwinia.standardof.net\/es\/guide\/tutoriales-de-nivel\/yarda\/darwinia-level-07-yard-2\/\"><img decoding=\"async\" width=\"470\" height=\"294\" src=\"https:\/\/darwinia.standardof.net\/wp-content\/uploads\/sites\/7\/2020\/10\/Darwinia-Level-07-Yard-2.jpg\" alt=\"\" class=\"wp-image-139\" srcset=\"https:\/\/darwinia.standardof.net\/wp-content\/uploads\/sites\/7\/2020\/10\/Darwinia-Level-07-Yard-2.jpg 470w, https:\/\/darwinia.standardof.net\/wp-content\/uploads\/sites\/7\/2020\/10\/Darwinia-Level-07-Yard-2-200x125.jpg 200w, https:\/\/darwinia.standardof.net\/wp-content\/uploads\/sites\/7\/2020\/10\/Darwinia-Level-07-Yard-2-16x10.jpg 16w\" sizes=\"(max-width: 470px) 100vw, 470px\" \/><\/a><\/figure>\n<\/div>\n<\/div>\n\n\n\n<p>Despu\u00e9s de realizar esta captura sigilosa, haz <strong><a class=\"rank-math-link\" href=\"https:\/\/standardof.net\/games\/darwinia-guide\/units\/squad\/\" target=\"_blank\" rel=\"noopener\">escuadrones<\/a> <\/strong>para despejar el camino hasta el patio de construcci\u00f3n y las incubadoras que estaban al lado. Vaporizar todo el <strong><a href=\"https:\/\/darwinia.standardof.net\/es\/guide\/enemigos\/virii\/\" class=\"rank-math-link\">Virii<\/a> <\/strong>que se interpongan en tu camino, y aseg\u00farate de traer varios escuadrones a la vez, ya que perder uno significa un largo viaje de regreso a las incubadoras. Una vez que estas incubadoras sean suyas, comience a recolectar las almas cercanas que sobraron del camino que despej\u00f3 hacia ellas, luego regrese a la isla de inicio para limpiarla, con los ingenieros recogiendo todas las lindas luces que quedar\u00e1n.<\/p>\n\n\n\n<p>Una vez que la isla de inicio sea tuya, dir\u00edgete a la isla con el puerto Generator Trunk para eliminar los virus serpenteantes y los Triffids aqu\u00ed. Nuevamente, recolecta todas las almas que puedas para tu pr\u00f3xima pelea. Una vez que el puerto troncal del generador sea suyo, tanto la energ\u00eda como las primitivas podr\u00e1n atravesar los puertos troncales una vez que el patio est\u00e9 dotado, que deber\u00eda tener su <strong><a href=\"https:\/\/darwinia.standardof.net\/es\/guide\/unidades\/darwinianos\/\" class=\"rank-math-link\">Darwinianos<\/a> <\/strong>h\u00e1galo ahora, si a\u00fan no.<\/p>\n\n\n\n<div class=\"wp-block-columns is-layout-flex wp-container-core-columns-is-layout-3 wp-block-columns-is-layout-flex\">\n<div class=\"wp-block-column is-layout-flow wp-block-column-is-layout-flow\">\n<p>Se necesitan aproximadamente 9 primitivas para crear una sola unidad de armadura en el patio de construcci\u00f3n, que puede contar a medida que se depositan en la instalaci\u00f3n si est\u00e1 ansioso por usar la primera. Despu\u00e9s de que se entregan las 9 primitivas, hay un retraso de 10 segundos antes de que la Armadura salga de la l\u00ednea, y todo el proceso se inicia nuevamente. Esta es la \u00fanica misi\u00f3n en la que puedes adquirir Armor sin usar uno de los espacios del Administrador de tareas.<\/p>\n<\/div>\n\n\n\n<div class=\"wp-block-column is-layout-flow wp-block-column-is-layout-flow\">\n<figure class=\"wp-block-image size-large\"><a href=\"https:\/\/darwinia.standardof.net\/es\/guide\/tutoriales-de-nivel\/yarda\/darwinia-level-07-yard-3\/\"><img decoding=\"async\" width=\"470\" height=\"294\" src=\"https:\/\/darwinia.standardof.net\/wp-content\/uploads\/sites\/7\/2020\/10\/Darwinia-Level-07-Yard-3.jpg\" alt=\"\" class=\"wp-image-140\" srcset=\"https:\/\/darwinia.standardof.net\/wp-content\/uploads\/sites\/7\/2020\/10\/Darwinia-Level-07-Yard-3.jpg 470w, https:\/\/darwinia.standardof.net\/wp-content\/uploads\/sites\/7\/2020\/10\/Darwinia-Level-07-Yard-3-200x125.jpg 200w, https:\/\/darwinia.standardof.net\/wp-content\/uploads\/sites\/7\/2020\/10\/Darwinia-Level-07-Yard-3-16x10.jpg 16w\" sizes=\"(max-width: 470px) 100vw, 470px\" \/><\/a><\/figure>\n<\/div>\n<\/div>\n\n\n\n<div class=\"wp-block-columns is-layout-flex wp-container-core-columns-is-layout-4 wp-block-columns-is-layout-flex\">\n<div class=\"wp-block-column is-layout-flow wp-block-column-is-layout-flow\">\n<p>Env\u00ede un poco de armadura sin darwinianos dentro de ellos para instalar torretas por todas partes dentro del <a href=\"https:\/\/darwinia.standardof.net\/es\/guide\/enemigos\/hormiga-militar\/\" class=\"rank-math-link\"><strong>Infecci\u00f3n por hormigas<\/strong><\/a>. A excepci\u00f3n de los darwinianos rojos, el virus no puede controlar las torretas o usarlas contra ti, por lo tanto, cuando luches contra cualquier enemigo adem\u00e1s de los hombrecitos rojos, puedes desplegar torretas justo en medio de ellos, para esperar un ej\u00e9rcito darwiniano que cargue. Esto es preferible a menudo a simplemente cargar a los darwinianos en el <strong><a href=\"https:\/\/darwinia.standardof.net\/es\/guide\/unidades\/armadura\/\" class=\"rank-math-link\">Armadura<\/a> <\/strong>para controlar la torreta cuando se despliega, ya que el peque\u00f1o grupo de darwinianos puede ser masacrado sin una gran fuerza de apoyo u otras torretas ya tripuladas cerca. Es preferible cargar a los darwinianos adentro para que controlen la torre cuando llegue, en situaciones en las que la torre se instalar\u00e1 m\u00e1s lejos de una infecci\u00f3n viral.<\/p>\n<\/div>\n\n\n\n<div class=\"wp-block-column is-layout-flow wp-block-column-is-layout-flow\">\n<figure class=\"wp-block-image size-large\"><a href=\"https:\/\/darwinia.standardof.net\/es\/guide\/tutoriales-de-nivel\/yarda\/darwinia-level-07-yard-4\/\"><img decoding=\"async\" width=\"470\" height=\"264\" src=\"https:\/\/darwinia.standardof.net\/wp-content\/uploads\/sites\/7\/2020\/10\/Darwinia-Level-07-Yard-4.jpg\" alt=\"\" class=\"wp-image-141\" srcset=\"https:\/\/darwinia.standardof.net\/wp-content\/uploads\/sites\/7\/2020\/10\/Darwinia-Level-07-Yard-4.jpg 470w, https:\/\/darwinia.standardof.net\/wp-content\/uploads\/sites\/7\/2020\/10\/Darwinia-Level-07-Yard-4-200x112.jpg 200w, https:\/\/darwinia.standardof.net\/wp-content\/uploads\/sites\/7\/2020\/10\/Darwinia-Level-07-Yard-4-16x9.jpg 16w\" sizes=\"(max-width: 470px) 100vw, 470px\" \/><\/a><\/figure>\n<\/div>\n<\/div>\n\n\n\n<div class=\"wp-block-columns is-layout-flex wp-container-core-columns-is-layout-5 wp-block-columns-is-layout-flex\">\n<div class=\"wp-block-column is-layout-flow wp-block-column-is-layout-flow\">\n<p>Despliegue un bastidor de torretas sin tripulaci\u00f3n durante toda la infestaci\u00f3n, con ellas espaciadas para que algunas est\u00e9n tripuladas cuando llegue por primera vez hacia la infecci\u00f3n, con m\u00e1s torretas disponibles para el hombre a medida que avanzan los darwinianos. Si a\u00fan no has investigado las armas para ellos, te sugiero que encuentres una manera de colocarles l\u00e1seres, ya que no puedes controlar suficientes escuadrones a la vez para detener efectivamente la marea de hormigas sin gran dificultad. Tener a los darwinianos de apoyo hace una gran diferencia, ya que pueden atravesar las hormigas muy bien, y las hormigas suelen estar demasiado preocupadas por reunir las almas de sus ca\u00eddos para atacar. Una vez que haya aclarado la infestaci\u00f3n, vaya a las torres de control que alimentan los puertos troncales para abrir el siguiente nivel <a href=\"https:\/\/darwinia.standardof.net\/es\/guide\/tutoriales-de-nivel\/receptor\/\" class=\"rank-math-link\"><strong>Receptor<\/strong><\/a>.<\/p>\n<\/div>\n\n\n\n<div class=\"wp-block-column is-layout-flow wp-block-column-is-layout-flow\">\n<figure class=\"wp-block-image size-large\"><a href=\"https:\/\/darwinia.standardof.net\/es\/guide\/tutoriales-de-nivel\/yarda\/darwinia-level-07-yard-5\/\"><img decoding=\"async\" width=\"470\" height=\"264\" src=\"https:\/\/darwinia.standardof.net\/wp-content\/uploads\/sites\/7\/2020\/10\/Darwinia-Level-07-Yard-5.jpg\" alt=\"\" class=\"wp-image-142\" srcset=\"https:\/\/darwinia.standardof.net\/wp-content\/uploads\/sites\/7\/2020\/10\/Darwinia-Level-07-Yard-5.jpg 470w, https:\/\/darwinia.standardof.net\/wp-content\/uploads\/sites\/7\/2020\/10\/Darwinia-Level-07-Yard-5-200x112.jpg 200w, https:\/\/darwinia.standardof.net\/wp-content\/uploads\/sites\/7\/2020\/10\/Darwinia-Level-07-Yard-5-16x9.jpg 16w\" sizes=\"(max-width: 470px) 100vw, 470px\" \/><\/a><\/figure>\n<\/div>\n<\/div>\n\n\n\n<h3 class=\"wp-block-heading\">Yard - Darwinia Video gu\u00eda<\/h3>\n\n\n\n<figure class=\"wp-block-embed-youtube wp-block-embed is-type-video is-provider-youtube wp-embed-aspect-16-9 wp-has-aspect-ratio\"><div class=\"wp-block-embed__wrapper\">\n<div class=\"ast-oembed-container\" style=\"height: 100%;\"><iframe title=\"Darwinia - Patio - Tutorial de nivel completo\" width=\"500\" height=\"281\" src=\"https:\/\/www.youtube.com\/embed\/JdwDqCGdYZI?feature=oembed\" frameborder=\"0\" allow=\"accelerometer; autoplay; clipboard-write; encrypted-media; gyroscope; picture-in-picture; web-share\" referrerpolicy=\"strict-origin-when-cross-origin\" allowfullscreen><\/iframe><\/div>\n<\/div><\/figure>\n\n\n\n<div class=\"wp-block-buttons aligncenter is-layout-flex wp-block-buttons-is-layout-flex\">\n<div class=\"wp-block-button is-style-outline\"><a class=\"wp-block-button__link\" href=\"https:\/\/darwinia.standardof.net\/es\/guide\/tutoriales-de-nivel\/escolta\/\">Nivel anterior: Escort<\/a><\/div>\n\n\n\n<div class=\"wp-block-button is-style-fill\"><a class=\"wp-block-button__link\" href=\"https:\/\/darwinia.standardof.net\/es\/guide\/tutoriales-de-nivel\/receptor\/\">Siguiente nivel: receptor<\/a><\/div>\n<\/div>","protected":false},"excerpt":{"rendered":"<p>The Yard level is the final step in the assembly process of the Darwinians manufacturing system in Darwinia. It is here that the refined primitives from the Mine, and the power from the Generator is utilized to create the Armor personnel carrier and turret. Your objectives in this Darwinia level is to first, enable the [&hellip;]<\/p>","protected":false},"author":1,"featured_media":140,"parent":229,"menu_order":7,"comment_status":"open","ping_status":"closed","template":"","meta":{"_uag_custom_page_level_css":"","site-sidebar-layout":"default","site-content-layout":"default","ast-site-content-layout":"","site-content-style":"default","site-sidebar-style":"default","ast-global-header-display":"","ast-banner-title-visibility":"","ast-main-header-display":"","ast-hfb-above-header-display":"","ast-hfb-below-header-display":"","ast-hfb-mobile-header-display":"","site-post-title":"","ast-breadcrumbs-content":"","ast-featured-img":"","footer-sml-layout":"","theme-transparent-header-meta":"default","adv-header-id-meta":"","stick-header-meta":"","header-above-stick-meta":"","header-main-stick-meta":"","header-below-stick-meta":"","astra-migrate-meta-layouts":"default","ast-page-background-enabled":"default","ast-page-background-meta":{"desktop":{"background-color":"","background-image":"","background-repeat":"repeat","background-position":"center center","background-size":"auto","background-attachment":"scroll","background-type":"","background-media":"","overlay-type":"","overlay-color":"","overlay-gradient":""},"tablet":{"background-color":"","background-image":"","background-repeat":"repeat","background-position":"center center","background-size":"auto","background-attachment":"scroll","background-type":"","background-media":"","overlay-type":"","overlay-color":"","overlay-gradient":""},"mobile":{"background-color":"","background-image":"","background-repeat":"repeat","background-position":"center center","background-size":"auto","background-attachment":"scroll","background-type":"","background-media":"","overlay-type":"","overlay-color":"","overlay-gradient":""}},"ast-content-background-meta":{"desktop":{"background-color":"var(--ast-global-color-5)","background-image":"","background-repeat":"repeat","background-position":"center center","background-size":"auto","background-attachment":"scroll","background-type":"","background-media":"","overlay-type":"","overlay-color":"","overlay-gradient":""},"tablet":{"background-color":"var(--ast-global-color-5)","background-image":"","background-repeat":"repeat","background-position":"center center","background-size":"auto","background-attachment":"scroll","background-type":"","background-media":"","overlay-type":"","overlay-color":"","overlay-gradient":""},"mobile":{"background-color":"var(--ast-global-color-5)","background-image":"","background-repeat":"repeat","background-position":"center center","background-size":"auto","background-attachment":"scroll","background-type":"","background-media":"","overlay-type":"","overlay-color":"","overlay-gradient":""}},"footnotes":""},"uagb_featured_image_src":{"full":["https:\/\/darwinia.standardof.net\/wp-content\/uploads\/sites\/7\/2020\/10\/Darwinia-Level-07-Yard-3.jpg",470,294,false],"thumbnail":["https:\/\/darwinia.standardof.net\/wp-content\/uploads\/sites\/7\/2020\/10\/Darwinia-Level-07-Yard-3-200x125.jpg",200,125,true],"medium":["https:\/\/darwinia.standardof.net\/wp-content\/uploads\/sites\/7\/2020\/10\/Darwinia-Level-07-Yard-3.jpg",470,294,false],"medium_large":["https:\/\/darwinia.standardof.net\/wp-content\/uploads\/sites\/7\/2020\/10\/Darwinia-Level-07-Yard-3.jpg",470,294,false],"large":["https:\/\/darwinia.standardof.net\/wp-content\/uploads\/sites\/7\/2020\/10\/Darwinia-Level-07-Yard-3.jpg",470,294,false],"1536x1536":["https:\/\/darwinia.standardof.net\/wp-content\/uploads\/sites\/7\/2020\/10\/Darwinia-Level-07-Yard-3.jpg",470,294,false],"2048x2048":["https:\/\/darwinia.standardof.net\/wp-content\/uploads\/sites\/7\/2020\/10\/Darwinia-Level-07-Yard-3.jpg",470,294,false],"trp-custom-language-flag":["https:\/\/darwinia.standardof.net\/wp-content\/uploads\/sites\/7\/2020\/10\/Darwinia-Level-07-Yard-3-16x10.jpg",16,10,true]},"uagb_author_info":{"display_name":"SOE","author_link":"https:\/\/darwinia.standardof.net\/es\/author\/k-tastic\/"},"uagb_comment_info":0,"uagb_excerpt":"The Yard level is the final step in the assembly process of the Darwinians manufacturing system in Darwinia. It is here that the refined primitives from the Mine, and the power from the Generator is utilized to create the Armor personnel carrier and turret. Your objectives in this Darwinia level is to first, enable the&hellip;","_links":{"self":[{"href":"https:\/\/darwinia.standardof.net\/es\/wp-json\/wp\/v2\/pages\/246"}],"collection":[{"href":"https:\/\/darwinia.standardof.net\/es\/wp-json\/wp\/v2\/pages"}],"about":[{"href":"https:\/\/darwinia.standardof.net\/es\/wp-json\/wp\/v2\/types\/page"}],"author":[{"embeddable":true,"href":"https:\/\/darwinia.standardof.net\/es\/wp-json\/wp\/v2\/users\/1"}],"replies":[{"embeddable":true,"href":"https:\/\/darwinia.standardof.net\/es\/wp-json\/wp\/v2\/comments?post=246"}],"version-history":[{"count":0,"href":"https:\/\/darwinia.standardof.net\/es\/wp-json\/wp\/v2\/pages\/246\/revisions"}],"up":[{"embeddable":true,"href":"https:\/\/darwinia.standardof.net\/es\/wp-json\/wp\/v2\/pages\/229"}],"wp:featuredmedia":[{"embeddable":true,"href":"https:\/\/darwinia.standardof.net\/es\/wp-json\/wp\/v2\/media\/140"}],"wp:attachment":[{"href":"https:\/\/darwinia.standardof.net\/es\/wp-json\/wp\/v2\/media?parent=246"}],"curies":[{"name":"wp","href":"https:\/\/api.w.org\/{rel}","templated":true}]}}