{"id":236,"date":"2020-10-29T16:58:04","date_gmt":"2020-10-29T16:58:04","guid":{"rendered":"https:\/\/darwinia.standardof.net\/?page_id=236"},"modified":"2020-10-30T18:19:12","modified_gmt":"2020-10-30T18:19:12","slug":"mine","status":"publish","type":"page","link":"https:\/\/darwinia.standardof.net\/es\/guide\/tutoriales-de-nivel\/mia\/","title":{"rendered":"M\u00eda"},"content":{"rendered":"<div class=\"wp-block-group\"><div class=\"wp-block-group__inner-container is-layout-flow wp-block-group-is-layout-flow\">\n<div style=\"height:20px\" aria-hidden=\"true\" class=\"wp-block-spacer\"><\/div>\n<\/div><\/div>\n\n\n\n<div class=\"wp-block-columns is-layout-flex wp-container-core-columns-is-layout-1 wp-block-columns-is-layout-flex\">\n<div class=\"wp-block-column is-layout-flow wp-block-column-is-layout-flow\">\n<p>The Mine es el siguiente paso despu\u00e9s de desbloquear los puertos troncales en <a href=\"https:\/\/darwinia.standardof.net\/es\/guide\/tutoriales-de-nivel\/contencion\/\" class=\"rank-math-link\"><strong>Contenci\u00f3n<\/strong><\/a>. Este nivel en <em>Darwinia <\/em>tiene lugar en la tierra donde los darwinianos operan instalaciones que extraen pol\u00edgonos en bruto de las laderas de las monta\u00f1as aqu\u00ed. Los pol\u00edgonos en bruto descienden de estas instalaciones mineras en carros, para ser procesados en la instalaci\u00f3n central en primitivas refinadas. Luego, las primitivas refinadas se pasan en los carros a trav\u00e9s del puerto troncal hasta el patio. <em>Darwinia<\/em> nivel. Es all\u00ed donde se ensamblar\u00e1n en <a href=\"https:\/\/darwinia.standardof.net\/es\/guide\/unidades\/armadura\/\" class=\"rank-math-link\"><strong>Armadura<\/strong><\/a>.<\/p>\n<\/div>\n\n\n\n<div class=\"wp-block-column is-layout-flow wp-block-column-is-layout-flow\">\n<figure class=\"wp-block-image size-large\"><a href=\"https:\/\/darwinia.standardof.net\/es\/guide\/tutoriales-de-nivel\/mia\/darwinia-level-04-mine-1\/\"><img decoding=\"async\" width=\"470\" height=\"294\" src=\"https:\/\/darwinia.standardof.net\/wp-content\/uploads\/sites\/7\/2020\/10\/Darwinia-Level-04-Mine-1.jpg\" alt=\"\" class=\"wp-image-123\" srcset=\"https:\/\/darwinia.standardof.net\/wp-content\/uploads\/sites\/7\/2020\/10\/Darwinia-Level-04-Mine-1.jpg 470w, https:\/\/darwinia.standardof.net\/wp-content\/uploads\/sites\/7\/2020\/10\/Darwinia-Level-04-Mine-1-200x125.jpg 200w, https:\/\/darwinia.standardof.net\/wp-content\/uploads\/sites\/7\/2020\/10\/Darwinia-Level-04-Mine-1-16x10.jpg 16w\" sizes=\"(max-width: 470px) 100vw, 470px\" \/><\/a><\/figure>\n<\/div>\n<\/div>\n\n\n\n<div class=\"wp-block-columns is-layout-flex wp-container-core-columns-is-layout-2 wp-block-columns-is-layout-flex\">\n<div class=\"wp-block-column is-layout-flow wp-block-column-is-layout-flow\">\n<p>Tienes 3 objetivos en el nivel Mine en <em>Darwinia<\/em>. Tu primer objetivo es conseguir <strong><a href=\"https:\/\/darwinia.standardof.net\/es\/guide\/unidades\/darwinianos\/\" class=\"rank-math-link\">Darwinianos<\/a> <\/strong>para operar las instalaciones mineras y para refinar 20 primitivas en total, creadas a partir de pol\u00edgonos en bruto que se producen a partir de las instalaciones tripuladas. El siguiente objetivo es habilitar Yard Trunk Port para que las primitivas refinadas puedan transferirse a ese nivel para su fabricaci\u00f3n. Tu tercer objetivo es recolectar el <a href=\"https:\/\/darwinia.standardof.net\/es\/guide\/armas\/\" class=\"rank-math-link\"><strong>Ataque a\u00e9reo<\/strong><\/a> proyecto de investigaci\u00f3n ubicado en este nivel. El objetivo final es habilitar el puerto troncal del generador.<\/p>\n<\/div>\n\n\n\n<div class=\"wp-block-column is-layout-flow wp-block-column-is-layout-flow\">\n<figure class=\"wp-block-image size-large\"><a href=\"https:\/\/darwinia.standardof.net\/es\/guide\/tutoriales-de-nivel\/mia\/darwinia-level-04-mine-2\/\"><img decoding=\"async\" width=\"470\" height=\"294\" src=\"https:\/\/darwinia.standardof.net\/wp-content\/uploads\/sites\/7\/2020\/10\/Darwinia-Level-04-Mine-2.jpg\" alt=\"\" class=\"wp-image-124\" srcset=\"https:\/\/darwinia.standardof.net\/wp-content\/uploads\/sites\/7\/2020\/10\/Darwinia-Level-04-Mine-2.jpg 470w, https:\/\/darwinia.standardof.net\/wp-content\/uploads\/sites\/7\/2020\/10\/Darwinia-Level-04-Mine-2-200x125.jpg 200w, https:\/\/darwinia.standardof.net\/wp-content\/uploads\/sites\/7\/2020\/10\/Darwinia-Level-04-Mine-2-16x10.jpg 16w\" sizes=\"(max-width: 470px) 100vw, 470px\" \/><\/a><\/figure>\n<\/div>\n<\/div>\n\n\n\n<p>Esta misi\u00f3n es un buen momento para entrenar a los darwinianos a la versi\u00f3n 3.0 con el fin de otorgarles l\u00e1seres para usar como armas. Sugiero hacerlo de inmediato si a\u00fan no lo ha hecho.<\/p>\n\n\n\n<div class=\"wp-block-columns is-layout-flex wp-container-core-columns-is-layout-3 wp-block-columns-is-layout-flex\">\n<div class=\"wp-block-column is-layout-flow wp-block-column-is-layout-flow\">\n<p>Comience en la mina despejando la isla principal con la instalaci\u00f3n de la refiner\u00eda. Capture las incubadoras de inmediato para comenzar a acumular darwinianos. A continuaci\u00f3n, agarre todas las torres de control que alimentan <a href=\"https:\/\/darwinia.standardof.net\/es\/guide\/edificios\/\" class=\"rank-math-link\"><strong>Platos de radar<\/strong><\/a> para agregar algunos puntos de investigaci\u00f3n a su grupo y abrir sus movimientos a las siguientes islas. Puedes empezar a enviar darwinianos para que se ocupen de la refiner\u00eda y, si tienen armas, pueden despejar la colina en la que se asienta por s\u00ed mismos bastante bien, aunque enviar a un ingeniero tras ellos para recoger las almas libres que puedan resultar es una buena idea.<\/p>\n<\/div>\n\n\n\n<div class=\"wp-block-column is-layout-flow wp-block-column-is-layout-flow\">\n<figure class=\"wp-block-image size-large\"><a href=\"https:\/\/darwinia.standardof.net\/es\/guide\/tutoriales-de-nivel\/mia\/darwinia-level-04-mine-3\/\"><img decoding=\"async\" width=\"470\" height=\"264\" src=\"https:\/\/darwinia.standardof.net\/wp-content\/uploads\/sites\/7\/2020\/10\/Darwinia-Level-04-Mine-3.jpg\" alt=\"\" class=\"wp-image-125\" srcset=\"https:\/\/darwinia.standardof.net\/wp-content\/uploads\/sites\/7\/2020\/10\/Darwinia-Level-04-Mine-3.jpg 470w, https:\/\/darwinia.standardof.net\/wp-content\/uploads\/sites\/7\/2020\/10\/Darwinia-Level-04-Mine-3-200x112.jpg 200w, https:\/\/darwinia.standardof.net\/wp-content\/uploads\/sites\/7\/2020\/10\/Darwinia-Level-04-Mine-3-16x9.jpg 16w\" sizes=\"(max-width: 470px) 100vw, 470px\" \/><\/a><\/figure>\n<\/div>\n<\/div>\n\n\n\n<p>Si tu <strong><a href=\"https:\/\/darwinia.standardof.net\/es\/guide\/unidades\/darwinianos\/\" class=\"rank-math-link\">Darwinianos<\/a> <\/strong>no est\u00e1n armados, es posible que desee concentrarse en la isla minera para destruir a los Triffids, ya que pueden representar una amenaza para los peque\u00f1os hombres verdes indefensos. Si est\u00e1n armados, saque la isla con el puerto troncal de Yard y capt\u00farelo, con <strong><a href=\"https:\/\/darwinia.standardof.net\/es\/guide\/unidades\/ingeniero\/\" class=\"rank-math-link\">Ingenieros<\/a> <\/strong>para recoger algunas almas.<\/p>\n\n\n\n<div class=\"wp-block-columns is-layout-flex wp-container-core-columns-is-layout-4 wp-block-columns-is-layout-flex\">\n<div class=\"wp-block-column is-layout-flow wp-block-column-is-layout-flow\">\n<p>Dirigirse a la isla llena de monta\u00f1as es la tarea final. Elimina la infecci\u00f3n del virus con tus escuadrones mientras captura la Torre de Control del lado opuesto. En realidad, es f\u00e1cil enviar un ingeniero a los datos de investigaci\u00f3n antes de eliminar la infecci\u00f3n aqu\u00ed, ya que est\u00e1 aislado del enemigo y los ingenieros pueden atravesar el agua. C\u00f3gelo ahora si a\u00fan no lo has hecho.<\/p>\n<\/div>\n\n\n\n<div class=\"wp-block-column is-layout-flow wp-block-column-is-layout-flow\">\n<figure class=\"wp-block-image size-large\"><a href=\"https:\/\/darwinia.standardof.net\/es\/guide\/tutoriales-de-nivel\/mia\/darwinia-level-04-mine-4\/\"><img decoding=\"async\" width=\"470\" height=\"264\" src=\"https:\/\/darwinia.standardof.net\/wp-content\/uploads\/sites\/7\/2020\/10\/Darwinia-Level-04-Mine-4.jpg\" alt=\"\" class=\"wp-image-126\" srcset=\"https:\/\/darwinia.standardof.net\/wp-content\/uploads\/sites\/7\/2020\/10\/Darwinia-Level-04-Mine-4.jpg 470w, https:\/\/darwinia.standardof.net\/wp-content\/uploads\/sites\/7\/2020\/10\/Darwinia-Level-04-Mine-4-200x112.jpg 200w, https:\/\/darwinia.standardof.net\/wp-content\/uploads\/sites\/7\/2020\/10\/Darwinia-Level-04-Mine-4-16x9.jpg 16w\" sizes=\"(max-width: 470px) 100vw, 470px\" \/><\/a><\/figure>\n<\/div>\n<\/div>\n\n\n\n<p>Priorizar la limpieza del <strong><a href=\"https:\/\/darwinia.standardof.net\/es\/guide\/enemigos\/arana\/\" class=\"rank-math-link\">Ara\u00f1as<\/a> <\/strong>y <strong><a href=\"https:\/\/darwinia.standardof.net\/es\/guide\/enemigos\/trifido\/\" class=\"rank-math-link\">Tr\u00edfidos<\/a> <\/strong>inicialmente, antes de limpiar los otros parches de Virii y Spore Generators, ya que los dos primeros representan la mayor amenaza para tus darwinianos en este momento. Si tienes darwinianos armados, puedes comenzar a enviarlos a la isla y a las instalaciones mineras mientras tus escuadrones contin\u00faan limpiando el <a href=\"https:\/\/darwinia.standardof.net\/es\/guide\/enemigos\/virii\/\" class=\"rank-math-link\"><strong>Virii<\/strong><\/a>. Aseg\u00farate de capturar la incubadora tambi\u00e9n en la isla minera.<\/p>\n\n\n\n<div class=\"wp-block-columns is-layout-flex wp-container-core-columns-is-layout-5 wp-block-columns-is-layout-flex\">\n<div class=\"wp-block-column is-layout-flow wp-block-column-is-layout-flow\">\n<p>A medida que se operen las instalaciones mineras, comenzar\u00e1n a depositar pol\u00edgonos dorados en bruto en los carros mineros que deber\u00edan moverse con la activaci\u00f3n de las refiner\u00edas. Mire el n\u00famero en la &quot;pantalla LCD&quot; adjunta al costado del edificio de la refiner\u00eda. Contar\u00e1 hasta 20 cuando estos pol\u00edgonos ingresen al edificio y salgan por el otro lado como cubos dorados. Una vez que llegue a 20, descargue los datos y active los puertos troncales aqu\u00ed, estar\u00e1 listo para dirigirse al <strong><a href=\"https:\/\/darwinia.standardof.net\/es\/guide\/tutoriales-de-nivel\/generador\/\" class=\"rank-math-link\">Generador<\/a> <\/strong>nivel.<\/p>\n<\/div>\n\n\n\n<div class=\"wp-block-column is-layout-flow wp-block-column-is-layout-flow\">\n<figure class=\"wp-block-image size-large\"><a href=\"https:\/\/darwinia.standardof.net\/es\/guide\/tutoriales-de-nivel\/mia\/darwinia-level-04-mine-5\/\"><img decoding=\"async\" width=\"470\" height=\"264\" src=\"https:\/\/darwinia.standardof.net\/wp-content\/uploads\/sites\/7\/2020\/10\/Darwinia-Level-04-Mine-5.jpg\" alt=\"\" class=\"wp-image-127\" srcset=\"https:\/\/darwinia.standardof.net\/wp-content\/uploads\/sites\/7\/2020\/10\/Darwinia-Level-04-Mine-5.jpg 470w, https:\/\/darwinia.standardof.net\/wp-content\/uploads\/sites\/7\/2020\/10\/Darwinia-Level-04-Mine-5-200x112.jpg 200w, https:\/\/darwinia.standardof.net\/wp-content\/uploads\/sites\/7\/2020\/10\/Darwinia-Level-04-Mine-5-16x9.jpg 16w\" sizes=\"(max-width: 470px) 100vw, 470px\" \/><\/a><\/figure>\n<\/div>\n<\/div>\n\n\n\n<h3 class=\"wp-block-heading\">Mine - Darwinia Video tutorial<\/h3>\n\n\n\n<figure class=\"wp-block-embed-youtube wp-block-embed is-type-video is-provider-youtube wp-embed-aspect-16-9 wp-has-aspect-ratio\"><div class=\"wp-block-embed__wrapper\">\n<div class=\"ast-oembed-container\" style=\"height: 100%;\"><iframe title=\"Darwinia - Mine - Tutorial de nivel completo\" width=\"500\" height=\"281\" src=\"https:\/\/www.youtube.com\/embed\/XoTfkiJm-io?feature=oembed\" frameborder=\"0\" allow=\"accelerometer; autoplay; clipboard-write; encrypted-media; gyroscope; picture-in-picture; web-share\" referrerpolicy=\"strict-origin-when-cross-origin\" allowfullscreen><\/iframe><\/div>\n<\/div><\/figure>\n\n\n\n<div class=\"wp-block-buttons aligncenter is-layout-flex wp-block-buttons-is-layout-flex\">\n<div class=\"wp-block-button is-style-outline\"><a class=\"wp-block-button__link\" href=\"https:\/\/darwinia.standardof.net\/es\/guide\/tutoriales-de-nivel\/contencion\/\">Nivel anterior: Contenci\u00f3n<\/a><\/div>\n\n\n\n<div class=\"wp-block-button is-style-fill\"><a class=\"wp-block-button__link\" href=\"https:\/\/darwinia.standardof.net\/es\/guide\/tutoriales-de-nivel\/generador\/\">Siguiente nivel: generador<\/a><\/div>\n<\/div>","protected":false},"excerpt":{"rendered":"<p>The Mine is the next step after unlocking the Trunk Ports in Containment. This level in Darwinia takes place in the land where the Darwinians operate facilities that mine raw polygons out of the mountainsides here. The raw polygons come down from these mining facilities in carts, to be processed at the central facility into [&hellip;]<\/p>","protected":false},"author":1,"featured_media":124,"parent":229,"menu_order":4,"comment_status":"open","ping_status":"closed","template":"","meta":{"_uag_custom_page_level_css":"","site-sidebar-layout":"default","site-content-layout":"default","ast-site-content-layout":"","site-content-style":"default","site-sidebar-style":"default","ast-global-header-display":"","ast-banner-title-visibility":"","ast-main-header-display":"","ast-hfb-above-header-display":"","ast-hfb-below-header-display":"","ast-hfb-mobile-header-display":"","site-post-title":"","ast-breadcrumbs-content":"","ast-featured-img":"","footer-sml-layout":"","theme-transparent-header-meta":"default","adv-header-id-meta":"","stick-header-meta":"","header-above-stick-meta":"","header-main-stick-meta":"","header-below-stick-meta":"","astra-migrate-meta-layouts":"default","ast-page-background-enabled":"default","ast-page-background-meta":{"desktop":{"background-color":"","background-image":"","background-repeat":"repeat","background-position":"center center","background-size":"auto","background-attachment":"scroll","background-type":"","background-media":"","overlay-type":"","overlay-color":"","overlay-gradient":""},"tablet":{"background-color":"","background-image":"","background-repeat":"repeat","background-position":"center center","background-size":"auto","background-attachment":"scroll","background-type":"","background-media":"","overlay-type":"","overlay-color":"","overlay-gradient":""},"mobile":{"background-color":"","background-image":"","background-repeat":"repeat","background-position":"center center","background-size":"auto","background-attachment":"scroll","background-type":"","background-media":"","overlay-type":"","overlay-color":"","overlay-gradient":""}},"ast-content-background-meta":{"desktop":{"background-color":"var(--ast-global-color-5)","background-image":"","background-repeat":"repeat","background-position":"center center","background-size":"auto","background-attachment":"scroll","background-type":"","background-media":"","overlay-type":"","overlay-color":"","overlay-gradient":""},"tablet":{"background-color":"var(--ast-global-color-5)","background-image":"","background-repeat":"repeat","background-position":"center center","background-size":"auto","background-attachment":"scroll","background-type":"","background-media":"","overlay-type":"","overlay-color":"","overlay-gradient":""},"mobile":{"background-color":"var(--ast-global-color-5)","background-image":"","background-repeat":"repeat","background-position":"center center","background-size":"auto","background-attachment":"scroll","background-type":"","background-media":"","overlay-type":"","overlay-color":"","overlay-gradient":""}},"footnotes":""},"uagb_featured_image_src":{"full":["https:\/\/darwinia.standardof.net\/wp-content\/uploads\/sites\/7\/2020\/10\/Darwinia-Level-04-Mine-2.jpg",470,294,false],"thumbnail":["https:\/\/darwinia.standardof.net\/wp-content\/uploads\/sites\/7\/2020\/10\/Darwinia-Level-04-Mine-2-200x125.jpg",200,125,true],"medium":["https:\/\/darwinia.standardof.net\/wp-content\/uploads\/sites\/7\/2020\/10\/Darwinia-Level-04-Mine-2.jpg",470,294,false],"medium_large":["https:\/\/darwinia.standardof.net\/wp-content\/uploads\/sites\/7\/2020\/10\/Darwinia-Level-04-Mine-2.jpg",470,294,false],"large":["https:\/\/darwinia.standardof.net\/wp-content\/uploads\/sites\/7\/2020\/10\/Darwinia-Level-04-Mine-2.jpg",470,294,false],"1536x1536":["https:\/\/darwinia.standardof.net\/wp-content\/uploads\/sites\/7\/2020\/10\/Darwinia-Level-04-Mine-2.jpg",470,294,false],"2048x2048":["https:\/\/darwinia.standardof.net\/wp-content\/uploads\/sites\/7\/2020\/10\/Darwinia-Level-04-Mine-2.jpg",470,294,false],"trp-custom-language-flag":["https:\/\/darwinia.standardof.net\/wp-content\/uploads\/sites\/7\/2020\/10\/Darwinia-Level-04-Mine-2-16x10.jpg",16,10,true]},"uagb_author_info":{"display_name":"SOE","author_link":"https:\/\/darwinia.standardof.net\/es\/author\/k-tastic\/"},"uagb_comment_info":0,"uagb_excerpt":"The Mine is the next step after unlocking the Trunk Ports in Containment. This level in Darwinia takes place in the land where the Darwinians operate facilities that mine raw polygons out of the mountainsides here. The raw polygons come down from these mining facilities in carts, to be processed at the central facility into&hellip;","_links":{"self":[{"href":"https:\/\/darwinia.standardof.net\/es\/wp-json\/wp\/v2\/pages\/236"}],"collection":[{"href":"https:\/\/darwinia.standardof.net\/es\/wp-json\/wp\/v2\/pages"}],"about":[{"href":"https:\/\/darwinia.standardof.net\/es\/wp-json\/wp\/v2\/types\/page"}],"author":[{"embeddable":true,"href":"https:\/\/darwinia.standardof.net\/es\/wp-json\/wp\/v2\/users\/1"}],"replies":[{"embeddable":true,"href":"https:\/\/darwinia.standardof.net\/es\/wp-json\/wp\/v2\/comments?post=236"}],"version-history":[{"count":0,"href":"https:\/\/darwinia.standardof.net\/es\/wp-json\/wp\/v2\/pages\/236\/revisions"}],"up":[{"embeddable":true,"href":"https:\/\/darwinia.standardof.net\/es\/wp-json\/wp\/v2\/pages\/229"}],"wp:featuredmedia":[{"embeddable":true,"href":"https:\/\/darwinia.standardof.net\/es\/wp-json\/wp\/v2\/media\/124"}],"wp:attachment":[{"href":"https:\/\/darwinia.standardof.net\/es\/wp-json\/wp\/v2\/media?parent=236"}],"curies":[{"name":"wp","href":"https:\/\/api.w.org\/{rel}","templated":true}]}}