{"id":235,"date":"2020-10-29T16:57:38","date_gmt":"2020-10-29T16:57:38","guid":{"rendered":"https:\/\/darwinia.standardof.net\/?page_id=235"},"modified":"2020-10-30T18:09:49","modified_gmt":"2020-10-30T18:09:49","slug":"containment","status":"publish","type":"page","link":"https:\/\/darwinia.standardof.net\/es\/guide\/tutoriales-de-nivel\/contencion\/","title":{"rendered":"Contenci\u00f3n"},"content":{"rendered":"<div class=\"wp-block-group\"><div class=\"wp-block-group__inner-container is-layout-flow wp-block-group-is-layout-flow\">\n<div style=\"height:20px\" aria-hidden=\"true\" class=\"wp-block-spacer\"><\/div>\n<\/div><\/div>\n\n\n\n<div class=\"wp-block-columns is-layout-flex wp-container-core-columns-is-layout-1 wp-block-columns-is-layout-flex\">\n<div class=\"wp-block-column is-layout-flow wp-block-column-is-layout-flow\">\n<p>La contenci\u00f3n es el nivel y el \u00e1rea del proyecto donde el Doctor Sep\u00falveda pudo contener el virus mediante el uso de campos de fuerza gigantes que program\u00f3 en el terreno aqu\u00ed. Tendr\u00e1s 3 objetivos en este nivel, el primero es rescatar a 150 darwinianos coloc\u00e1ndolos debajo del \u00e1rbol que se encuentra en la parte contenida del mapa. En segundo lugar, debe descargar los datos de investigaci\u00f3n ubicados en este mapa. Por \u00faltimo, deber\u00e1 habilitar los tres puertos troncales ubicados dentro de Contenci\u00f3n en <em>Darwinia.<\/em><\/p>\n<\/div>\n\n\n\n<div class=\"wp-block-column is-layout-flow wp-block-column-is-layout-flow\">\n<figure class=\"wp-block-image size-large\"><a href=\"https:\/\/darwinia.standardof.net\/es\/guide\/tutoriales-de-nivel\/contencion\/darwinia-level-03-containment-1\/\"><img decoding=\"async\" width=\"470\" height=\"294\" src=\"https:\/\/darwinia.standardof.net\/wp-content\/uploads\/sites\/7\/2020\/10\/Darwinia-Level-03-Containment-1.jpg\" alt=\"\" class=\"wp-image-118\" srcset=\"https:\/\/darwinia.standardof.net\/wp-content\/uploads\/sites\/7\/2020\/10\/Darwinia-Level-03-Containment-1.jpg 470w, https:\/\/darwinia.standardof.net\/wp-content\/uploads\/sites\/7\/2020\/10\/Darwinia-Level-03-Containment-1-200x125.jpg 200w, https:\/\/darwinia.standardof.net\/wp-content\/uploads\/sites\/7\/2020\/10\/Darwinia-Level-03-Containment-1-16x10.jpg 16w\" sizes=\"(max-width: 470px) 100vw, 470px\" \/><\/a><\/figure>\n<\/div>\n<\/div>\n\n\n\n<div class=\"wp-block-columns is-layout-flex wp-container-core-columns-is-layout-2 wp-block-columns-is-layout-flex\">\n<div class=\"wp-block-column is-layout-flow wp-block-column-is-layout-flow\">\n<p>Comience la contenci\u00f3n en <em>Darwinia<\/em> al generar un escuadr\u00f3n dentro de la parte contenida del mapa, por el Garden Trunk Port. Tendr\u00e1 que limpiar una gran franja de Virii con su <strong><a href=\"https:\/\/darwinia.standardof.net\/es\/guide\/armas\/\" class=\"rank-math-link\">l\u00e1seres<\/a> <\/strong>y granadas. Aproximadamente en este momento deber\u00edas terminar de investigar sobre Squads v2.0, comenzar a trabajar en Engineers v2.0 a continuaci\u00f3n para aumentar las capacidades de recolecci\u00f3n de almas de esas unidades cuando esto suceda.<\/p>\n<\/div>\n\n\n\n<div class=\"wp-block-column is-layout-flow wp-block-column-is-layout-flow\">\n<figure class=\"wp-block-image size-large\"><a href=\"https:\/\/darwinia.standardof.net\/es\/guide\/tutoriales-de-nivel\/contencion\/darwinia-level-03-containment-2\/\"><img decoding=\"async\" width=\"470\" height=\"294\" src=\"https:\/\/darwinia.standardof.net\/wp-content\/uploads\/sites\/7\/2020\/10\/Darwinia-Level-03-Containment-2.jpg\" alt=\"\" class=\"wp-image-119\" srcset=\"https:\/\/darwinia.standardof.net\/wp-content\/uploads\/sites\/7\/2020\/10\/Darwinia-Level-03-Containment-2.jpg 470w, https:\/\/darwinia.standardof.net\/wp-content\/uploads\/sites\/7\/2020\/10\/Darwinia-Level-03-Containment-2-200x125.jpg 200w, https:\/\/darwinia.standardof.net\/wp-content\/uploads\/sites\/7\/2020\/10\/Darwinia-Level-03-Containment-2-16x10.jpg 16w\" sizes=\"(max-width: 470px) 100vw, 470px\" \/><\/a><\/figure>\n<\/div>\n<\/div>\n\n\n\n<div class=\"wp-block-columns is-layout-flex wp-container-core-columns-is-layout-3 wp-block-columns-is-layout-flex\">\n<div class=\"wp-block-column is-layout-flow wp-block-column-is-layout-flow\">\n<p>Continuar con el <a href=\"https:\/\/darwinia.standardof.net\/es\/guide\/edificios\/\" class=\"rank-math-link\"><strong>Incubadora<\/strong><\/a>, eliminando la fuerte infestaci\u00f3n de Virii y Centipede aqu\u00ed. Una vez que est\u00e9 bajo su control, puede generar ingenieros para recolectar almas para que la incubadora comience a generar grupos de darwinianos. Limpia el resto de esta isla de cualquier infestaci\u00f3n viral mientras recolectas tantas almas como puedas, ya que debes asegurarte de que no quede nada que pueda da\u00f1ar a los darwinianos actualmente indefensos. Tambi\u00e9n es una buena idea capturar tanto el plato de radar como las torres de control en esta isla lo antes posible para agregar m\u00e1s puntos a su grupo de investigaci\u00f3n.<\/p>\n<\/div>\n\n\n\n<div class=\"wp-block-column is-layout-flow wp-block-column-is-layout-flow\">\n<figure class=\"wp-block-image size-large\"><a href=\"https:\/\/darwinia.standardof.net\/es\/guide\/tutoriales-de-nivel\/contencion\/darwinia-level-03-containment-3\/\"><img decoding=\"async\" width=\"470\" height=\"294\" src=\"https:\/\/darwinia.standardof.net\/wp-content\/uploads\/sites\/7\/2020\/10\/Darwinia-Level-03-Containment-3.jpg\" alt=\"\" class=\"wp-image-120\" srcset=\"https:\/\/darwinia.standardof.net\/wp-content\/uploads\/sites\/7\/2020\/10\/Darwinia-Level-03-Containment-3.jpg 470w, https:\/\/darwinia.standardof.net\/wp-content\/uploads\/sites\/7\/2020\/10\/Darwinia-Level-03-Containment-3-200x125.jpg 200w, https:\/\/darwinia.standardof.net\/wp-content\/uploads\/sites\/7\/2020\/10\/Darwinia-Level-03-Containment-3-16x10.jpg 16w\" sizes=\"(max-width: 470px) 100vw, 470px\" \/><\/a><\/figure>\n<\/div>\n<\/div>\n\n\n\n<div class=\"wp-block-columns is-layout-flex wp-container-core-columns-is-layout-4 wp-block-columns-is-layout-flex\">\n<div class=\"wp-block-column is-layout-flow wp-block-column-is-layout-flow\">\n<p>A continuaci\u00f3n, puede comenzar a dirigirse a la isla con el puerto Mine Trunk. Env\u00eda a tu escuadr\u00f3n y captura la torre de control del otro lado con un ingeniero y \u00e1brete camino por el <a href=\"https:\/\/darwinia.standardof.net\/es\/guide\/enemigos\/ciempies\/\" class=\"rank-math-link\"><strong>Ciempi\u00e9s<\/strong><\/a>, <strong><a class=\"rank-math-link\" href=\"https:\/\/standardof.net\/games\/darwinia-guide\/enemies\/spore-generator\/\" target=\"_blank\" rel=\"noopener\">Generador de esporas<\/a> <\/strong>y <strong><a href=\"https:\/\/darwinia.standardof.net\/es\/guide\/enemigos\/virii\/\" class=\"rank-math-link\">Virii<\/a> <\/strong>aqu\u00ed. Una vez que hayas eliminado la infestaci\u00f3n de la Incubadora, haz lo mismo que hiciste en la primera isla, eliminando el resto del virus mientras tus ingenieros recogen las almas. Aseg\u00farate de capturar el puerto troncal de la mina aqu\u00ed tambi\u00e9n.<\/p>\n<\/div>\n\n\n\n<div class=\"wp-block-column is-layout-flow wp-block-column-is-layout-flow\">\n<figure class=\"wp-block-image size-large\"><a href=\"https:\/\/darwinia.standardof.net\/es\/guide\/tutoriales-de-nivel\/contencion\/darwinia-level-03-containment-4\/\"><img decoding=\"async\" width=\"470\" height=\"264\" src=\"https:\/\/darwinia.standardof.net\/wp-content\/uploads\/sites\/7\/2020\/10\/Darwinia-Level-03-Containment-4.jpg\" alt=\"\" class=\"wp-image-121\" srcset=\"https:\/\/darwinia.standardof.net\/wp-content\/uploads\/sites\/7\/2020\/10\/Darwinia-Level-03-Containment-4.jpg 470w, https:\/\/darwinia.standardof.net\/wp-content\/uploads\/sites\/7\/2020\/10\/Darwinia-Level-03-Containment-4-200x112.jpg 200w, https:\/\/darwinia.standardof.net\/wp-content\/uploads\/sites\/7\/2020\/10\/Darwinia-Level-03-Containment-4-16x9.jpg 16w\" sizes=\"(max-width: 470px) 100vw, 470px\" \/><\/a><\/figure>\n<\/div>\n<\/div>\n\n\n\n<div class=\"wp-block-columns is-layout-flex wp-container-core-columns-is-layout-5 wp-block-columns-is-layout-flex\">\n<div class=\"wp-block-column is-layout-flow wp-block-column-is-layout-flow\">\n<p>El siguiente paso es dirigirse hacia los datos de investigaci\u00f3n del m\u00e9dico ubicados en la isla con dos ciempi\u00e9s y ning\u00fan otro virus. La descarga de estos datos te dar\u00e1 acceso al programa de oficiales, que ahora te permite convertir a los darwinianos en unidades capaces de comandar a otros <strong><a href=\"https:\/\/darwinia.standardof.net\/es\/guide\/unidades\/darwinianos\/\" class=\"rank-math-link\">Darwinianos<\/a> <\/strong>para recorrer caminos marcados. Crea algunos <strong><a href=\"https:\/\/darwinia.standardof.net\/es\/guide\/unidades\/oficial\/\" class=\"rank-math-link\">Oficiales<\/a> <\/strong>cerca de las incubadoras capturadas y comience a establecer rutas para que las sigan hacia el campo de contenci\u00f3n. Tendr\u00e1s que hacer varios oficiales para hacer una ruta del tipo conectar el punto, ya que cada uno solo puede dar un simple comando de desplazamiento lineal. Aseg\u00farese de que el camino hacia el \u00e1rea de contenci\u00f3n no cruce los bordes del campo de fuerza, ya que tocarlo matar\u00e1 a los darwinistas, y es posible que lo hagan si se les dice que lo atraviesen.<\/p>\n<\/div>\n\n\n\n<div class=\"wp-block-column is-layout-flow wp-block-column-is-layout-flow\">\n<figure class=\"wp-block-image size-large\"><a href=\"https:\/\/darwinia.standardof.net\/es\/guide\/tutoriales-de-nivel\/contencion\/darwinia-level-03-containment-5\/\"><img decoding=\"async\" width=\"470\" height=\"264\" src=\"https:\/\/darwinia.standardof.net\/wp-content\/uploads\/sites\/7\/2020\/10\/Darwinia-Level-03-Containment-5.jpg\" alt=\"\" class=\"wp-image-122\" srcset=\"https:\/\/darwinia.standardof.net\/wp-content\/uploads\/sites\/7\/2020\/10\/Darwinia-Level-03-Containment-5.jpg 470w, https:\/\/darwinia.standardof.net\/wp-content\/uploads\/sites\/7\/2020\/10\/Darwinia-Level-03-Containment-5-200x112.jpg 200w, https:\/\/darwinia.standardof.net\/wp-content\/uploads\/sites\/7\/2020\/10\/Darwinia-Level-03-Containment-5-16x9.jpg 16w\" sizes=\"(max-width: 470px) 100vw, 470px\" \/><\/a><\/figure>\n<\/div>\n<\/div>\n\n\n\n<p>Despu\u00e9s de descargar los datos, puede limpiar la isla final para obtener m\u00e1s almas si necesita generar darwinianos adicionales, pero principalmente querr\u00e1 venir aqu\u00ed para habilitar el puerto troncal al <a href=\"https:\/\/darwinia.standardof.net\/es\/guide\/tutoriales-de-nivel\/generador\/\" class=\"rank-math-link\"><strong>Generador<\/strong><\/a>. Una vez que haya cumplido los objetivos, es hora de dirigirse al <a href=\"https:\/\/darwinia.standardof.net\/es\/guide\/tutoriales-de-nivel\/mia\/\" class=\"rank-math-link\"><strong>M\u00eda<\/strong><\/a>.<\/p>\n\n\n\n<h3 class=\"wp-block-heading\">Contenci\u00f3n - Video tutorial del nivel Darwinia<\/h3>\n\n\n\n<figure class=\"wp-block-embed-youtube wp-block-embed is-type-video is-provider-youtube wp-embed-aspect-16-9 wp-has-aspect-ratio\"><div class=\"wp-block-embed__wrapper\">\n<div class=\"ast-oembed-container\" style=\"height: 100%;\"><iframe title=\"Darwinia - Contenci\u00f3n - Tutorial de nivel completo\" width=\"500\" height=\"281\" src=\"https:\/\/www.youtube.com\/embed\/0lJegklL2xU?feature=oembed\" frameborder=\"0\" allow=\"accelerometer; autoplay; clipboard-write; encrypted-media; gyroscope; picture-in-picture; web-share\" referrerpolicy=\"strict-origin-when-cross-origin\" allowfullscreen><\/iframe><\/div>\n<\/div><\/figure>\n\n\n\n<div class=\"wp-block-buttons aligncenter is-layout-flex wp-block-buttons-is-layout-flex\">\n<div class=\"wp-block-button is-style-outline\"><a class=\"wp-block-button__link\" href=\"https:\/\/darwinia.standardof.net\/es\/guide\/tutoriales-de-nivel\/jardin\/\">Nivel anterior: Jard\u00edn<\/a><\/div>\n\n\n\n<div class=\"wp-block-button is-style-fill\"><a class=\"wp-block-button__link\" href=\"https:\/\/darwinia.standardof.net\/es\/guide\/tutoriales-de-nivel\/mia\/\">Siguiente nivel: m\u00edo<\/a><\/div>\n<\/div>\n\n\n\n<p><\/p>","protected":false},"excerpt":{"rendered":"<p>Containment is the level and area of the project where Doctor Sepulveda was able to contain the virus through the use of giant force fields he programmed into the terrain here. You will have 3 objectives in this level, first is to rescue 150 Darwinians by bringing them underneath the tree sitting in the contained [&hellip;]<\/p>","protected":false},"author":1,"featured_media":122,"parent":229,"menu_order":3,"comment_status":"open","ping_status":"closed","template":"","meta":{"_uag_custom_page_level_css":"","site-sidebar-layout":"default","site-content-layout":"default","ast-site-content-layout":"","site-content-style":"default","site-sidebar-style":"default","ast-global-header-display":"","ast-banner-title-visibility":"","ast-main-header-display":"","ast-hfb-above-header-display":"","ast-hfb-below-header-display":"","ast-hfb-mobile-header-display":"","site-post-title":"","ast-breadcrumbs-content":"","ast-featured-img":"","footer-sml-layout":"","theme-transparent-header-meta":"default","adv-header-id-meta":"","stick-header-meta":"","header-above-stick-meta":"","header-main-stick-meta":"","header-below-stick-meta":"","astra-migrate-meta-layouts":"default","ast-page-background-enabled":"default","ast-page-background-meta":{"desktop":{"background-color":"","background-image":"","background-repeat":"repeat","background-position":"center center","background-size":"auto","background-attachment":"scroll","background-type":"","background-media":"","overlay-type":"","overlay-color":"","overlay-gradient":""},"tablet":{"background-color":"","background-image":"","background-repeat":"repeat","background-position":"center center","background-size":"auto","background-attachment":"scroll","background-type":"","background-media":"","overlay-type":"","overlay-color":"","overlay-gradient":""},"mobile":{"background-color":"","background-image":"","background-repeat":"repeat","background-position":"center center","background-size":"auto","background-attachment":"scroll","background-type":"","background-media":"","overlay-type":"","overlay-color":"","overlay-gradient":""}},"ast-content-background-meta":{"desktop":{"background-color":"var(--ast-global-color-5)","background-image":"","background-repeat":"repeat","background-position":"center center","background-size":"auto","background-attachment":"scroll","background-type":"","background-media":"","overlay-type":"","overlay-color":"","overlay-gradient":""},"tablet":{"background-color":"var(--ast-global-color-5)","background-image":"","background-repeat":"repeat","background-position":"center center","background-size":"auto","background-attachment":"scroll","background-type":"","background-media":"","overlay-type":"","overlay-color":"","overlay-gradient":""},"mobile":{"background-color":"var(--ast-global-color-5)","background-image":"","background-repeat":"repeat","background-position":"center center","background-size":"auto","background-attachment":"scroll","background-type":"","background-media":"","overlay-type":"","overlay-color":"","overlay-gradient":""}},"footnotes":""},"uagb_featured_image_src":{"full":["https:\/\/darwinia.standardof.net\/wp-content\/uploads\/sites\/7\/2020\/10\/Darwinia-Level-03-Containment-5.jpg",470,264,false],"thumbnail":["https:\/\/darwinia.standardof.net\/wp-content\/uploads\/sites\/7\/2020\/10\/Darwinia-Level-03-Containment-5-200x112.jpg",200,112,true],"medium":["https:\/\/darwinia.standardof.net\/wp-content\/uploads\/sites\/7\/2020\/10\/Darwinia-Level-03-Containment-5.jpg",470,264,false],"medium_large":["https:\/\/darwinia.standardof.net\/wp-content\/uploads\/sites\/7\/2020\/10\/Darwinia-Level-03-Containment-5.jpg",470,264,false],"large":["https:\/\/darwinia.standardof.net\/wp-content\/uploads\/sites\/7\/2020\/10\/Darwinia-Level-03-Containment-5.jpg",470,264,false],"1536x1536":["https:\/\/darwinia.standardof.net\/wp-content\/uploads\/sites\/7\/2020\/10\/Darwinia-Level-03-Containment-5.jpg",470,264,false],"2048x2048":["https:\/\/darwinia.standardof.net\/wp-content\/uploads\/sites\/7\/2020\/10\/Darwinia-Level-03-Containment-5.jpg",470,264,false],"trp-custom-language-flag":["https:\/\/darwinia.standardof.net\/wp-content\/uploads\/sites\/7\/2020\/10\/Darwinia-Level-03-Containment-5-16x9.jpg",16,9,true]},"uagb_author_info":{"display_name":"SOE","author_link":"https:\/\/darwinia.standardof.net\/es\/author\/k-tastic\/"},"uagb_comment_info":3,"uagb_excerpt":"Containment is the level and area of the project where Doctor Sepulveda was able to contain the virus through the use of giant force fields he programmed into the terrain here. You will have 3 objectives in this level, first is to rescue 150 Darwinians by bringing them underneath the tree sitting in the contained&hellip;","_links":{"self":[{"href":"https:\/\/darwinia.standardof.net\/es\/wp-json\/wp\/v2\/pages\/235"}],"collection":[{"href":"https:\/\/darwinia.standardof.net\/es\/wp-json\/wp\/v2\/pages"}],"about":[{"href":"https:\/\/darwinia.standardof.net\/es\/wp-json\/wp\/v2\/types\/page"}],"author":[{"embeddable":true,"href":"https:\/\/darwinia.standardof.net\/es\/wp-json\/wp\/v2\/users\/1"}],"replies":[{"embeddable":true,"href":"https:\/\/darwinia.standardof.net\/es\/wp-json\/wp\/v2\/comments?post=235"}],"version-history":[{"count":0,"href":"https:\/\/darwinia.standardof.net\/es\/wp-json\/wp\/v2\/pages\/235\/revisions"}],"up":[{"embeddable":true,"href":"https:\/\/darwinia.standardof.net\/es\/wp-json\/wp\/v2\/pages\/229"}],"wp:featuredmedia":[{"embeddable":true,"href":"https:\/\/darwinia.standardof.net\/es\/wp-json\/wp\/v2\/media\/122"}],"wp:attachment":[{"href":"https:\/\/darwinia.standardof.net\/es\/wp-json\/wp\/v2\/media?parent=235"}],"curies":[{"name":"wp","href":"https:\/\/api.w.org\/{rel}","templated":true}]}}