{"id":229,"date":"2020-10-29T16:44:09","date_gmt":"2020-10-29T16:44:09","guid":{"rendered":"https:\/\/darwinia.standardof.net\/?page_id=229"},"modified":"2020-10-30T18:16:29","modified_gmt":"2020-10-30T18:16:29","slug":"level-walkthroughs","status":"publish","type":"page","link":"https:\/\/darwinia.standardof.net\/es\/guide\/tutoriales-de-nivel\/","title":{"rendered":"Tutoriales de nivel"},"content":{"rendered":"<div style=\"height:20px\" aria-hidden=\"true\" class=\"wp-block-spacer\"><\/div>\n\n\n\n<div class=\"wp-block-group\"><div class=\"wp-block-group__inner-container is-layout-flow wp-block-group-is-layout-flow\">\n<div class=\"wp-block-cover alignwide has-background-dim\" style=\"background-image:url(https:\/\/www.standardof.net\/wp-content\/uploads\/2020\/08\/Darwinia-Level-01-Prologue-2.png);background-position:51% 11%;min-height:112px;aspect-ratio:unset;\"><div class=\"wp-block-cover__inner-container is-layout-flow wp-block-cover-is-layout-flow\">\n<h2 class=\"has-text-align-center has-huge-font-size wp-block-heading\"><a href=\"https:\/\/darwinia.standardof.net\/es\/guide\/tutoriales-de-nivel\/launchpad-prologue\/\" class=\"rank-math-link\">01 - Pr\u00f3logo<\/a><\/h2>\n<\/div><\/div>\n\n\n\n<p>Este nivel en realidad tiene lugar despu\u00e9s de los eventos establecidos en la historia principal. Originalmente el nivel de demostraci\u00f3n, hecho para servir como introducci\u00f3n al Proyecto de Investigaci\u00f3n de Vida Simulada de Darwin.<\/p>\n<\/div><\/div>\n\n\n\n<div class=\"wp-block-group\"><div class=\"wp-block-group__inner-container is-layout-flow wp-block-group-is-layout-flow\">\n<div class=\"wp-block-cover alignwide has-background-dim\" style=\"background-image:url(https:\/\/www.standardof.net\/wp-content\/uploads\/2020\/08\/Darwinia-Level-02-Garden-2.jpg);background-position:50% 41%;min-height:112px;aspect-ratio:unset;\"><div class=\"wp-block-cover__inner-container is-layout-flow wp-block-cover-is-layout-flow\">\n<h2 class=\"has-text-align-center has-huge-font-size wp-block-heading\"><a href=\"https:\/\/darwinia.standardof.net\/es\/guide\/tutoriales-de-nivel\/jardin\/\" class=\"rank-math-link\">02 - Jard\u00edn<\/a><\/h2>\n<\/div><\/div>\n\n\n\n<p>El primer nivel de la historia principal. Aprenda a crear escuadrones y los controles b\u00e1sicos del juego, mientras conoce el virus que asola el proyecto Darwin.<\/p>\n<\/div><\/div>\n\n\n\n<div class=\"wp-block-group\"><div class=\"wp-block-group__inner-container is-layout-flow wp-block-group-is-layout-flow\">\n<div class=\"wp-block-cover alignwide has-background-dim\" style=\"background-image:url(https:\/\/www.standardof.net\/wp-content\/uploads\/2020\/08\/Darwinia-Level-03-Containment-2.jpg);background-position:39% 44%;min-height:112px;aspect-ratio:unset;\"><div class=\"wp-block-cover__inner-container is-layout-flow wp-block-cover-is-layout-flow\">\n<h2 class=\"has-text-align-center has-huge-font-size wp-block-heading\"><a href=\"https:\/\/darwinia.standardof.net\/es\/guide\/tutoriales-de-nivel\/contencion\/\" class=\"rank-math-link\">03 - Contenci\u00f3n<\/a><\/h2>\n<\/div><\/div>\n\n\n\n<p>Salva a los dawinianos en la \u00fanica \u00e1rea en la que el Doctor pudo contener el virus.<\/p>\n<\/div><\/div>\n\n\n\n<div class=\"wp-block-group\"><div class=\"wp-block-group__inner-container is-layout-flow wp-block-group-is-layout-flow\">\n<div class=\"wp-block-cover alignwide has-background-dim\" style=\"background-image:url(https:\/\/www.standardof.net\/wp-content\/uploads\/2020\/08\/Darwinia-Level-04-Mine-2.jpg);background-position:52% 24%;min-height:112px;aspect-ratio:unset;\"><div class=\"wp-block-cover__inner-container is-layout-flow wp-block-cover-is-layout-flow\">\n<h2 class=\"has-text-align-center has-huge-font-size wp-block-heading\"><a href=\"https:\/\/darwinia.standardof.net\/es\/guide\/tutoriales-de-nivel\/mia\/\" class=\"rank-math-link\">04 - M\u00edo<\/a><\/h2>\n<\/div><\/div>\n\n\n\n<p>Libera la instalaci\u00f3n utilizada por los dawinianos para extraer componentes en bruto para estructuras de edificios.<\/p>\n<\/div><\/div>\n\n\n\n<div class=\"wp-block-group\"><div class=\"wp-block-group__inner-container is-layout-flow wp-block-group-is-layout-flow\">\n<div class=\"wp-block-cover alignwide has-background-dim\" style=\"background-image:url(https:\/\/www.standardof.net\/wp-content\/uploads\/2020\/08\/Darwinia-Level-05-Generator-2.jpg);background-position:50% 60%;min-height:112px;aspect-ratio:unset;\"><div class=\"wp-block-cover__inner-container is-layout-flow wp-block-cover-is-layout-flow\">\n<h2 class=\"has-text-align-center has-huge-font-size wp-block-heading\"><a href=\"https:\/\/darwinia.standardof.net\/es\/guide\/tutoriales-de-nivel\/generador\/\" class=\"rank-math-link\">05 - Generador<\/a><\/h2>\n<\/div><\/div>\n\n\n\n<p>Esta instalaci\u00f3n alimenta el patio de construcci\u00f3n. Tendr\u00e1 que restablecer el control aqu\u00ed.<\/p>\n<\/div><\/div>\n\n\n\n<div class=\"wp-block-group\"><div class=\"wp-block-group__inner-container is-layout-flow wp-block-group-is-layout-flow\">\n<div class=\"wp-block-cover alignwide has-background-dim\" style=\"background-image:url(https:\/\/www.standardof.net\/wp-content\/uploads\/2020\/08\/Darwinia-Level-06-Escort-1.jpg);background-position:54% 73%;min-height:112px;aspect-ratio:unset;\"><div class=\"wp-block-cover__inner-container is-layout-flow wp-block-cover-is-layout-flow\">\n<h2 class=\"has-text-align-center has-huge-font-size wp-block-heading\"><a href=\"https:\/\/darwinia.standardof.net\/es\/guide\/tutoriales-de-nivel\/escolta\/\" class=\"rank-math-link\">06 - Escolta<\/a><\/h2>\n<\/div><\/div>\n\n\n\n<p>Los darwinianos aislados necesitan tu ayuda para llegar al \u00e1rea segura al otro lado de una fuerte infestaci\u00f3n viral.<\/p>\n<\/div><\/div>\n\n\n\n<div class=\"wp-block-group\"><div class=\"wp-block-group__inner-container is-layout-flow wp-block-group-is-layout-flow\">\n<div class=\"wp-block-cover alignwide has-background-dim\" style=\"background-image:url(https:\/\/www.standardof.net\/wp-content\/uploads\/2020\/08\/Darwinia-Level-07-Yard-3.jpg);min-height:112px;aspect-ratio:unset;\"><div class=\"wp-block-cover__inner-container is-layout-flow wp-block-cover-is-layout-flow\">\n<h2 class=\"has-text-align-center has-huge-font-size wp-block-heading\"><a href=\"https:\/\/darwinia.standardof.net\/es\/guide\/tutoriales-de-nivel\/yarda\/\" class=\"rank-math-link\">07 - Patio<\/a><\/h2>\n<\/div><\/div>\n\n\n\n<p>Con el generador y la mina bajo control, es hora de encender el Yard para comenzar a producir armamento para los darwinianos.<\/p>\n<\/div><\/div>\n\n\n\n<div class=\"wp-block-group\"><div class=\"wp-block-group__inner-container is-layout-flow wp-block-group-is-layout-flow\">\n<div class=\"wp-block-cover alignwide has-background-dim\" style=\"background-image:url(https:\/\/www.standardof.net\/wp-content\/uploads\/2020\/08\/Darwinia-Level-08-Receiver-4.jpg);background-position:49% 9%;min-height:112px;aspect-ratio:unset;\"><div class=\"wp-block-cover__inner-container is-layout-flow wp-block-cover-is-layout-flow\">\n<h2 class=\"has-text-align-center has-huge-font-size wp-block-heading\"><a href=\"https:\/\/darwinia.standardof.net\/es\/guide\/tutoriales-de-nivel\/receptor\/\" class=\"rank-math-link\">08 - Receptor<\/a><\/h2>\n<\/div><\/div>\n\n\n\n<p>La tierra sagrada de Darwinia, donde las almas de los darwinianos caen para ser recolectadas y renacer en el mundo digital.<\/p>\n<\/div><\/div>\n\n\n\n<div class=\"wp-block-group\"><div class=\"wp-block-group__inner-container is-layout-flow wp-block-group-is-layout-flow\">\n<div class=\"wp-block-cover alignwide has-background-dim\" style=\"background-image:url(https:\/\/www.standardof.net\/wp-content\/uploads\/2020\/08\/Darwinia-Level-09-Pattern-Buffer-1.jpg);background-position:46% 33%;min-height:112px;aspect-ratio:unset;\"><div class=\"wp-block-cover__inner-container is-layout-flow wp-block-cover-is-layout-flow\">\n<h2 class=\"has-text-align-center has-huge-font-size wp-block-heading\"><a href=\"https:\/\/darwinia.standardof.net\/es\/guide\/tutoriales-de-nivel\/bufer-de-patron\/\" class=\"rank-math-link\">09 - B\u00fafer de patrones<\/a><\/h2>\n<\/div><\/div>\n\n\n\n<p>Esta instalaci\u00f3n proporciona el siguiente paso esencial del proceso de renacimiento de los darwinianos, proporcionando el patr\u00f3n corporal para las almas recolectadas en el Receptor.<\/p>\n<\/div><\/div>\n\n\n\n<div class=\"wp-block-group\"><div class=\"wp-block-group__inner-container is-layout-flow wp-block-group-is-layout-flow\">\n<div class=\"wp-block-cover alignwide has-background-dim\" style=\"background-image:url(https:\/\/www.standardof.net\/wp-content\/uploads\/2020\/08\/Darwinia-Level-10-Biosphere-4.jpg);background-position:66% 20%;min-height:112px;aspect-ratio:unset;\"><div class=\"wp-block-cover__inner-container is-layout-flow wp-block-cover-is-layout-flow\">\n<h2 class=\"has-text-align-center has-huge-font-size wp-block-heading\"><a href=\"https:\/\/darwinia.standardof.net\/es\/guide\/tutoriales-de-nivel\/biosfera\/\" class=\"rank-math-link\">10 - Biosfera<\/a><\/h2>\n<\/div><\/div>\n\n\n\n<p>El lugar de nacimiento de todos los darwinianos. Las almas del receptor y los datos de Pattern Buffer se combinan para crear nuevos habitantes del paisaje on\u00edrico digital.<\/p>\n<\/div><\/div>\n\n\n\n<div class=\"wp-block-group\"><div class=\"wp-block-group__inner-container is-layout-flow wp-block-group-is-layout-flow\">\n<div class=\"wp-block-cover alignwide has-background-dim\" style=\"background-image:url(https:\/\/www.standardof.net\/wp-content\/uploads\/2020\/08\/Darwinia-Level-11-Temple-1.jpg);background-position:47% 56%;min-height:112px;aspect-ratio:unset;\"><div class=\"wp-block-cover__inner-container is-layout-flow wp-block-cover-is-layout-flow\">\n<h2 class=\"has-text-align-center has-huge-font-size wp-block-heading\"><a href=\"https:\/\/darwinia.standardof.net\/es\/guide\/tutoriales-de-nivel\/templo\/\" class=\"rank-math-link\">11 - Templo<\/a><\/h2>\n<\/div><\/div>\n\n\n\n<p>El desaf\u00edo final le espera y se descubre la verdad detr\u00e1s de la infecci\u00f3n.<\/p>\n<\/div><\/div>","protected":false},"excerpt":{"rendered":"<p>This level actually takes place after the events set forth in the main story. Originally the demo level, made to serve as an introduction to the Darwin Simulated Life Research Project. The first level of the main storyline. Learn to create squads and the basic controls of the game, while being introduced to the Virus [&hellip;]<\/p>","protected":false},"author":1,"featured_media":13,"parent":168,"menu_order":1,"comment_status":"open","ping_status":"closed","template":"","meta":{"_uag_custom_page_level_css":"","site-sidebar-layout":"default","site-content-layout":"default","ast-site-content-layout":"","site-content-style":"default","site-sidebar-style":"default","ast-global-header-display":"","ast-banner-title-visibility":"","ast-main-header-display":"","ast-hfb-above-header-display":"","ast-hfb-below-header-display":"","ast-hfb-mobile-header-display":"","site-post-title":"","ast-breadcrumbs-content":"","ast-featured-img":"","footer-sml-layout":"","theme-transparent-header-meta":"default","adv-header-id-meta":"","stick-header-meta":"","header-above-stick-meta":"","header-main-stick-meta":"","header-below-stick-meta":"","astra-migrate-meta-layouts":"default","ast-page-background-enabled":"default","ast-page-background-meta":{"desktop":{"background-color":"","background-image":"","background-repeat":"repeat","background-position":"center center","background-size":"auto","background-attachment":"scroll","background-type":"","background-media":"","overlay-type":"","overlay-color":"","overlay-gradient":""},"tablet":{"background-color":"","background-image":"","background-repeat":"repeat","background-position":"center center","background-size":"auto","background-attachment":"scroll","background-type":"","background-media":"","overlay-type":"","overlay-color":"","overlay-gradient":""},"mobile":{"background-color":"","background-image":"","background-repeat":"repeat","background-position":"center center","background-size":"auto","background-attachment":"scroll","background-type":"","background-media":"","overlay-type":"","overlay-color":"","overlay-gradient":""}},"ast-content-background-meta":{"desktop":{"background-color":"var(--ast-global-color-5)","background-image":"","background-repeat":"repeat","background-position":"center center","background-size":"auto","background-attachment":"scroll","background-type":"","background-media":"","overlay-type":"","overlay-color":"","overlay-gradient":""},"tablet":{"background-color":"var(--ast-global-color-5)","background-image":"","background-repeat":"repeat","background-position":"center center","background-size":"auto","background-attachment":"scroll","background-type":"","background-media":"","overlay-type":"","overlay-color":"","overlay-gradient":""},"mobile":{"background-color":"var(--ast-global-color-5)","background-image":"","background-repeat":"repeat","background-position":"center center","background-size":"auto","background-attachment":"scroll","background-type":"","background-media":"","overlay-type":"","overlay-color":"","overlay-gradient":""}},"footnotes":""},"uagb_featured_image_src":{"full":["https:\/\/darwinia.standardof.net\/wp-content\/uploads\/sites\/7\/2020\/10\/darwinia1.jpg",1100,369,false],"thumbnail":["https:\/\/darwinia.standardof.net\/wp-content\/uploads\/sites\/7\/2020\/10\/darwinia1-200x67.jpg",200,67,true],"medium":["https:\/\/darwinia.standardof.net\/wp-content\/uploads\/sites\/7\/2020\/10\/darwinia1-512x172.jpg",512,172,true],"medium_large":["https:\/\/darwinia.standardof.net\/wp-content\/uploads\/sites\/7\/2020\/10\/darwinia1-768x258.jpg",768,258,true],"large":["https:\/\/darwinia.standardof.net\/wp-content\/uploads\/sites\/7\/2020\/10\/darwinia1-800x268.jpg",800,268,true],"1536x1536":["https:\/\/darwinia.standardof.net\/wp-content\/uploads\/sites\/7\/2020\/10\/darwinia1.jpg",1100,369,false],"2048x2048":["https:\/\/darwinia.standardof.net\/wp-content\/uploads\/sites\/7\/2020\/10\/darwinia1.jpg",1100,369,false],"trp-custom-language-flag":["https:\/\/darwinia.standardof.net\/wp-content\/uploads\/sites\/7\/2020\/10\/darwinia1-16x5.jpg",16,5,true]},"uagb_author_info":{"display_name":"SOE","author_link":"https:\/\/darwinia.standardof.net\/es\/author\/k-tastic\/"},"uagb_comment_info":0,"uagb_excerpt":"This level actually takes place after the events set forth in the main story. Originally the demo level, made to serve as an introduction to the Darwin Simulated Life Research Project. The first level of the main storyline. Learn to create squads and the basic controls of the game, while being introduced to the Virus&hellip;","_links":{"self":[{"href":"https:\/\/darwinia.standardof.net\/es\/wp-json\/wp\/v2\/pages\/229"}],"collection":[{"href":"https:\/\/darwinia.standardof.net\/es\/wp-json\/wp\/v2\/pages"}],"about":[{"href":"https:\/\/darwinia.standardof.net\/es\/wp-json\/wp\/v2\/types\/page"}],"author":[{"embeddable":true,"href":"https:\/\/darwinia.standardof.net\/es\/wp-json\/wp\/v2\/users\/1"}],"replies":[{"embeddable":true,"href":"https:\/\/darwinia.standardof.net\/es\/wp-json\/wp\/v2\/comments?post=229"}],"version-history":[{"count":0,"href":"https:\/\/darwinia.standardof.net\/es\/wp-json\/wp\/v2\/pages\/229\/revisions"}],"up":[{"embeddable":true,"href":"https:\/\/darwinia.standardof.net\/es\/wp-json\/wp\/v2\/pages\/168"}],"wp:featuredmedia":[{"embeddable":true,"href":"https:\/\/darwinia.standardof.net\/es\/wp-json\/wp\/v2\/media\/13"}],"wp:attachment":[{"href":"https:\/\/darwinia.standardof.net\/es\/wp-json\/wp\/v2\/media?parent=229"}],"curies":[{"name":"wp","href":"https:\/\/api.w.org\/{rel}","templated":true}]}}